
{"id":10479,"date":"2020-03-26T06:10:45","date_gmt":"2020-03-26T06:10:45","guid":{"rendered":"https:\/\/www.canadiancasinos.ca\/?page_id=10479"},"modified":"2024-01-03T07:33:35","modified_gmt":"2024-01-03T07:33:35","slug":"zeus-play-casinos","status":"publish","type":"page","link":"https:\/\/casinolion.ca\/fr\/zeus-play-casinos\/","title":{"rendered":"Casinos Zeus Play"},"content":{"rendered":"<h2>Revue du logiciel Zeus Play<\/h2>\n<p>Zeus Play est une soci\u00e9t\u00e9 qui d\u00e9veloppe des jeux de casino en ligne en utilisant une approche moderne et cr\u00e9ative. Elle est bas\u00e9e \u00e0 Thessalonique, en Gr\u00e8ce, ce qui explique qu'elle porte le nom de la mythologie grecque. Zeus Play a une mission, une vision et des valeurs clairement d\u00e9finies, toutes cr\u00e9\u00e9es dans l'intention d'ajouter du plaisir et de la couleur \u00e0 la soci\u00e9t\u00e9 de jeux en ligne existante.<\/p>\n<p>Cette revue vous fournira plus d'informations sur le logiciel et les produits qu'il offre, ainsi que sur les sites qui proposent les jeux de Zeus Play.<\/p>\n<h2>Casinos Zeus Play<\/h2>\n\n<h2>\u00c0 propos de Zeus Play<\/h2>\n<p>Bien que son si\u00e8ge soit situ\u00e9 en Gr\u00e8ce depuis 2012, l'id\u00e9e de la cr\u00e9ation de Zeus Play est n\u00e9e en Bulgarie en 2011. Il d\u00e9tient des certifications de Malte et de l'\u00eele de Man, ce qui lui permet d'op\u00e9rer en toute l\u00e9galit\u00e9.<\/p>\n<p>En termes d'int\u00e9grit\u00e9, Zeus Play a pass\u00e9 avec succ\u00e8s le test du g\u00e9n\u00e9rateur de nombres al\u00e9atoires r\u00e9alis\u00e9 par Gaming Laboratories International. GLI est une agence de test ind\u00e9pendante nord-am\u00e9ricaine charg\u00e9e de tester l'\u00e9quit\u00e9 de divers jeux bas\u00e9s sur le hasard. Leur certificat est une garantie que les jeux de Zeus Play sont \u00e9quitables et fiables.<\/p>\n<p>L'\u00e9quipe responsable du succ\u00e8s de Zeus Play a plus de 20 ans d'exp\u00e9rience dans l'industrie. L'id\u00e9e ma\u00eetresse de cette soci\u00e9t\u00e9 de d\u00e9veloppement de jeux de casino est la suivante : <em>\u201cd'\u00eatre l'un des d\u00e9veloppeurs de jeux de casino en ligne les plus cr\u00e9atifs et les plus fiables\u201d.\u201d<\/em><\/p>\n<p>Pour nous assurer que les gens de Zeus Play sont sinc\u00e8res, nous avons d\u00e9cid\u00e9 d'examiner de plus pr\u00e8s les jeux qu'ils proposent.<\/p>\n<h3>Zeus Play Partners<\/h3>\n<p>Bien qu'il soit encore en train de se faire un nom, Zeus Play choisit soigneusement ses partenaires. Pour l'instant, il s'est associ\u00e9 \u00e0 2 Win Bet, Star Casino et Goalbet. Il y a eu des rumeurs selon lesquelles Zeus Play s'associerait \u00e0 iSoftbet, mais il n'y a aucune preuve que l'accord ait \u00e9t\u00e9 conclu.<\/p>\n<p>Ils travaillent avec des fournisseurs tels que Vermantia, 1xbet, BetConstruct et Slotegrator. En ce qui concerne les partenaires m\u00e9dias, Zeus Play a choisi Casino News Daily, World Casino Directory, lcb, CasinoSlots, VegasSlotsOnline, GamblersPick, et bien d'autres.<\/p>\n<h2>Zeus Jouer \u00e0 des jeux<\/h2>\n<div class=\"flex-container row software-games\"><\/div>\n<p>Zeus Play adopte une approche \u00e0 360 degr\u00e9s lors de la cr\u00e9ation des jeux. \u00c0 l'heure actuelle, il propose plus de 50 jeux de casino sous licence et r\u00e9glement\u00e9s, utilis\u00e9s par plus de 300 casinos en ligne dans le monde.<\/p>\n<p>Bien que les d\u00e9veloppeurs aient tent\u00e9 leur chance avec le vid\u00e9o poker et la roulette, les principaux produits de Zeus Play sont les machines \u00e0 sous vid\u00e9o. Pour les amateurs de jeux \u00e0 5 rouleaux, les derni\u00e8res cr\u00e9ations de Zeus Play incluent la version 2020 du Cheval de Troie. Cette machine \u00e0 sous comporte 10 lignes de paiement fixes sur 3 rang\u00e9es. Bien entendu, le cheval de Troie est le symbole Wild, qui vous permet d'obtenir des tours gratuits. Une autre machine \u00e0 sous tr\u00e8s appr\u00e9ci\u00e9e de Zeus Play est leur premier jeu HTML5 - Infinium. Vous pouvez l'essayer si vous \u00eates int\u00e9ress\u00e9 par les machines \u00e0 sous modernes sur le th\u00e8me de la science-fiction.<\/p>\n<p>Zeus Play propose \u00e9galement des jeux \u00e0 3 rouleaux, \u00e0 l'ancienne mais jamais d\u00e9mod\u00e9s. Si vous aimez ce type de jeux, The Lost Temple est \u00e0 essayer. Cette machine \u00e0 sous vid\u00e9o \u00e0 3 rouleaux et 27 lignes de paiement, de volatilit\u00e9 moyenne, utilise des symboles li\u00e9s au Japon, avec la Cit\u00e9 interdite comme symbole Wild. Si vous avez la chance d'obtenir neuf symboles identiques, vos gains seront doubl\u00e9s.<\/p>\n<p>Pour ceux qui se lassent des machines \u00e0 sous simples, Zeus Play a cr\u00e9\u00e9 The Explorer's Quest, une machine \u00e0 sous vid\u00e9o \u00e0 9 rouleaux, 3 arr\u00eats et 10 lignes, et y a ajout\u00e9 une fonction qui change la donne, appel\u00e9e Shared Reel (rouleau partag\u00e9). Ce rouleau est situ\u00e9 au milieu et vous permet de gagner de gauche \u00e0 droite jusqu'au rouleau partag\u00e9 et vice versa. Il en va de m\u00eame pour les gains de droite \u00e0 gauche.<\/p>\n<p>Sur son site officiel, Zeus Play Software a annonc\u00e9 l'arriv\u00e9e prochaine d'une nouvelle machine \u00e0 sous, la <em>Le r\u00eave arabe et les lampes magiques. <\/em>Avant qu'il ne sorte, vous \u00eates invit\u00e9s \u00e0 ma\u00eetriser l'un de ceux qui existent d\u00e9j\u00e0. En attendant, passons \u00e0 Zeus Play Solutions.<\/p>\n<h3>Zeus Play Solutions<\/h3>\n<p>Outre le d\u00e9veloppement de jeux classiques tels que les machines \u00e0 sous, Zeus Play propose \u00e9galement diff\u00e9rents types de loterie, les soi-disant <em>des solutions cl\u00e9s en main,<\/em> et promet de vous aider \u00e0 faire \u00e9voluer votre entreprise. Ces solutions sont un type de syst\u00e8me qui peut \u00eatre facilement mis en \u0153uvre et pr\u00eat \u00e0 \u00eatre utilis\u00e9 imm\u00e9diatement.<\/p>\n<p>L'un de ces jeux est Lucky Picks. Dans ce jeu bas\u00e9 sur le tirage au sort, les joueurs choisissent des num\u00e9ros et des couleurs au hasard pendant le temps imparti. Ils peuvent choisir entre 6 et 10 boules. Le nombre total de boules est de 48 et, \u00e0 chaque tirage, 35 boules sont tir\u00e9es. Le syst\u00e8me utilise un g\u00e9n\u00e9rateur de nombres al\u00e9atoires afin que vous n'ayez pas \u00e0 vous soucier de l'\u00e9quit\u00e9 du tirage.<\/p>\n<p>Pour les amateurs de keno, il y a Balkan Keno V.2 qui propose 80 num\u00e9ros \u00e0 choisir. Dans un tirage de 22 boules, vous pouvez obtenir de 1 \u00e0 10 num\u00e9ros gagnants, plus 2 num\u00e9ros bonus.<\/p>\n<p>L'\u00e9quipe de Zeus Play propose \u00e9galement Pentacore Plus et ses paris r\u00e9guliers sur six num\u00e9ros. Le total de 49 boules est accompagn\u00e9 de gains avec un multiplicateur allant jusqu'\u00e0 4,5x, d'un syst\u00e8me de jackpot progressif, d'une fonction bonus de boules multiplicatrices, et bien d'autres choses encore.<\/p>\n<p>Enfin, nous devons mentionner les solutions de paiement propos\u00e9es par Zeus Play. Il s'agit de CasBot et E-Wally, dont l'objectif est de faire en sorte que tous les processus de paiement se d\u00e9roulent de la mani\u00e8re la plus fluide possible.<\/p>\n<p>Maintenant que nous sommes arriv\u00e9s \u00e0 la fin de l'histoire de Zeus Play, il ne reste plus qu'\u00e0 mentionner les meilleurs endroits pour essayer tous les jeux mentionn\u00e9s ci-dessus.<\/p>\n<h2>Quels sont les casinos qui proposent les jeux Zeus Play ?<\/h2>\n<p>L'\u00e9quipe de Zeus Play affirme que plus de 300 casinos en ligne proposent leurs jeux aux parieurs du monde entier. Apr\u00e8s une recherche approfondie, nous avons d\u00e9couvert deux casinos Zeus Play qui acceptent les joueurs am\u00e9ricains. Il s'agit du VeerBet Casino et du SLbet Casino. Au cas o\u00f9 vous ne trouveriez pas de jeux Zeus Play, n'h\u00e9sitez pas \u00e0 consulter leur site officiel et \u00e0 essayer tous ces titres gratuitement.<\/p>\n<h2>FAQ<\/h2>\n<p><strong>Les jeux de Zeus Play sont-ils adapt\u00e9s aux mobiles ? <\/strong><\/p>\n<p>Oui, tous les jeux d\u00e9velopp\u00e9s par Zeus Play sont adapt\u00e9s aux appareils Android et iOS.<\/p>\n<p><strong>Les jeux Zeus Play sont-ils \u00e9quitables ? <\/strong><\/p>\n<p>Zeus Play a pass\u00e9 le test du g\u00e9n\u00e9rateur de nombres al\u00e9atoires de Gaming Laboratories International, qui promet des jeux \u00e9quitables et fiables.<\/p>\n<p><strong>O\u00f9 puis-je jouer aux titres de Zeus Play ? <\/strong><\/p>\n<p>Vous pouvez jouer aux jeux de Zeus Play dans plus de 300 casinos, selon le site officiel de Zeus Play. Deux options sp\u00e9cifiques sont le VeerBet Casino et le SLbet Casino.<\/p>\n<p><strong>O\u00f9 se trouve le si\u00e8ge de Zeus Play ? <\/strong><\/p>\n<p>Le si\u00e8ge de Zeus Play se trouve \u00e0 Thessalonique, en Gr\u00e8ce.<\/p>\n<p><strong>Puis-je jouer aux titres Zeus Play depuis les \u00c9tats-Unis ? <\/strong><\/p>\n<p>Zeus Play travaille avec des casinos en ligne qui acceptent les joueurs am\u00e9ricains. Cependant, comme les lois am\u00e9ricaines sur les jeux d'argent diff\u00e8rent d'un \u00e9tat \u00e0 l'autre, il est pr\u00e9f\u00e9rable de v\u00e9rifier d'abord.<\/p>","protected":false},"excerpt":{"rendered":"<p>Revue du logiciel Zeus Play Zeus Play est une soci\u00e9t\u00e9 qui d\u00e9veloppe des jeux de casino en ligne en utilisant une approche moderne et cr\u00e9ative. Elle est bas\u00e9e \u00e0 Thessalonique, en Gr\u00e8ce, ce qui explique pourquoi elle porte le nom de la mythologie grecque. Zeus Play a une mission, une vision et des valeurs clairement d\u00e9finies, toutes cr\u00e9\u00e9es dans l'intention d'ajouter du plaisir et de la [...]<\/p>","protected":false},"author":1,"featured_media":0,"parent":0,"menu_order":25,"comment_status":"closed","ping_status":"closed","template":"software-review.php","meta":{"_acf_changed":false,"footnotes":""},"class_list":["post-10479","page","type-page","status-publish","hentry"],"acf":[],"yoast_head":"<!-- This site is optimized with the Yoast SEO plugin v26.1.1 - https:\/\/yoast.com\/wordpress\/plugins\/seo\/ -->\n<title>Top Zeus Play Casinos in 2026<\/title>\n<meta name=\"robots\" content=\"index, follow, max-snippet:-1, max-image-preview:large, max-video-preview:-1\" \/>\n<link rel=\"canonical\" href=\"https:\/\/casinolion.ca\/fr\/zeus-play-casinos\/\" \/>\n<meta property=\"og:locale\" content=\"fr_CA\" \/>\n<meta property=\"og:type\" content=\"article\" \/>\n<meta property=\"og:title\" content=\"Top Zeus Play Casinos in [year]\" \/>\n<meta property=\"og:description\" content=\"Zeus Play Software Review Zeus Play is a company that develops online casino games using a modern and creative approach. It is based in Thessaloniki, Greece, which explains why it carries the name from Greek Mythology. Zeus Play has a clearly defined mission, vision, and values, all created with the intention to add fun and [&hellip;]\" \/>\n<meta property=\"og:url\" content=\"https:\/\/casinolion.ca\/fr\/zeus-play-casinos\/\" \/>\n<meta property=\"article:modified_time\" content=\"2024-01-03T07:33:35+00:00\" \/>\n<meta name=\"twitter:card\" content=\"summary_large_image\" \/>\n<meta name=\"twitter:label1\" content=\"Estimation du temps de lecture\" \/>\n\t<meta name=\"twitter:data1\" content=\"5 minutes\" \/>\n<script type=\"application\/ld+json\" class=\"yoast-schema-graph\">{\"@context\":\"https:\/\/schema.org\",\"@graph\":[{\"@type\":\"WebPage\",\"@id\":\"https:\/\/casinolion.ca\/zeus-play-casinos\/\",\"url\":\"https:\/\/casinolion.ca\/zeus-play-casinos\/\",\"name\":\"Top Zeus Play Casinos in [year]\",\"isPartOf\":{\"@id\":\"https:\/\/casinolion.ca\/fr\/#website\"},\"datePublished\":\"2020-03-26T06:10:45+00:00\",\"dateModified\":\"2024-01-03T07:33:35+00:00\",\"breadcrumb\":{\"@id\":\"https:\/\/casinolion.ca\/zeus-play-casinos\/#breadcrumb\"},\"inLanguage\":\"fr-CA\",\"potentialAction\":[{\"@type\":\"ReadAction\",\"target\":[\"https:\/\/casinolion.ca\/zeus-play-casinos\/\"]}]},{\"@type\":\"BreadcrumbList\",\"@id\":\"https:\/\/casinolion.ca\/zeus-play-casinos\/#breadcrumb\",\"itemListElement\":[{\"@type\":\"ListItem\",\"position\":1,\"name\":\"Home\",\"item\":\"https:\/\/casinolion.ca\/\"},{\"@type\":\"ListItem\",\"position\":2,\"name\":\"Zeus Play Casinos\"}]},{\"@type\":\"WebSite\",\"@id\":\"https:\/\/casinolion.ca\/fr\/#website\",\"url\":\"https:\/\/casinolion.ca\/fr\/\",\"name\":\"\",\"description\":\"\",\"potentialAction\":[{\"@type\":\"SearchAction\",\"target\":{\"@type\":\"EntryPoint\",\"urlTemplate\":\"https:\/\/casinolion.ca\/fr\/?s={search_term_string}\"},\"query-input\":{\"@type\":\"PropertyValueSpecification\",\"valueRequired\":true,\"valueName\":\"search_term_string\"}}],\"inLanguage\":\"fr-CA\"}]}<\/script>\n<!-- \/ Yoast SEO plugin. -->","yoast_head_json":{"title":"Les meilleurs casinos Zeus Play en 2026","robots":{"index":"index","follow":"follow","max-snippet":"max-snippet:-1","max-image-preview":"max-image-preview:large","max-video-preview":"max-video-preview:-1"},"canonical":"https:\/\/casinolion.ca\/fr\/zeus-play-casinos\/","og_locale":"fr_CA","og_type":"article","og_title":"Top Zeus Play Casinos in [year]","og_description":"Zeus Play Software Review Zeus Play is a company that develops online casino games using a modern and creative approach. It is based in Thessaloniki, Greece, which explains why it carries the name from Greek Mythology. Zeus Play has a clearly defined mission, vision, and values, all created with the intention to add fun and [&hellip;]","og_url":"https:\/\/casinolion.ca\/fr\/zeus-play-casinos\/","article_modified_time":"2024-01-03T07:33:35+00:00","twitter_card":"summary_large_image","twitter_misc":{"Estimation du temps de lecture":"5 minutes"},"schema":{"@context":"https:\/\/schema.org","@graph":[{"@type":"WebPage","@id":"https:\/\/casinolion.ca\/zeus-play-casinos\/","url":"https:\/\/casinolion.ca\/zeus-play-casinos\/","name":"Les meilleurs casinos Zeus Play en [ann\u00e9e]","isPartOf":{"@id":"https:\/\/casinolion.ca\/fr\/#website"},"datePublished":"2020-03-26T06:10:45+00:00","dateModified":"2024-01-03T07:33:35+00:00","breadcrumb":{"@id":"https:\/\/casinolion.ca\/zeus-play-casinos\/#breadcrumb"},"inLanguage":"fr-CA","potentialAction":[{"@type":"ReadAction","target":["https:\/\/casinolion.ca\/zeus-play-casinos\/"]}]},{"@type":"BreadcrumbList","@id":"https:\/\/casinolion.ca\/zeus-play-casinos\/#breadcrumb","itemListElement":[{"@type":"ListItem","position":1,"name":"Home","item":"https:\/\/casinolion.ca\/"},{"@type":"ListItem","position":2,"name":"Zeus Play Casinos"}]},{"@type":"WebSite","@id":"https:\/\/casinolion.ca\/fr\/#website","url":"https:\/\/casinolion.ca\/fr\/","name":"","description":"","potentialAction":[{"@type":"SearchAction","target":{"@type":"EntryPoint","urlTemplate":"https:\/\/casinolion.ca\/fr\/?s={search_term_string}"},"query-input":{"@type":"PropertyValueSpecification","valueRequired":true,"valueName":"search_term_string"}}],"inLanguage":"fr-CA"}]}},"_links":{"self":[{"href":"https:\/\/casinolion.ca\/fr\/wp-json\/wp\/v2\/pages\/10479","targetHints":{"allow":["GET"]}}],"collection":[{"href":"https:\/\/casinolion.ca\/fr\/wp-json\/wp\/v2\/pages"}],"about":[{"href":"https:\/\/casinolion.ca\/fr\/wp-json\/wp\/v2\/types\/page"}],"author":[{"embeddable":true,"href":"https:\/\/casinolion.ca\/fr\/wp-json\/wp\/v2\/users\/1"}],"replies":[{"embeddable":true,"href":"https:\/\/casinolion.ca\/fr\/wp-json\/wp\/v2\/comments?post=10479"}],"version-history":[{"count":0,"href":"https:\/\/casinolion.ca\/fr\/wp-json\/wp\/v2\/pages\/10479\/revisions"}],"wp:attachment":[{"href":"https:\/\/casinolion.ca\/fr\/wp-json\/wp\/v2\/media?parent=10479"}],"curies":[{"name":"wp","href":"https:\/\/api.w.org\/{rel}","templated":true}]}}