
{"id":10640,"date":"2020-04-16T00:59:48","date_gmt":"2020-04-16T00:59:48","guid":{"rendered":"https:\/\/www.canadiancasinos.ca\/?page_id=10640"},"modified":"2023-08-17T12:25:07","modified_gmt":"2023-08-17T12:25:07","slug":"mega-moolah-slot","status":"publish","type":"page","link":"https:\/\/casinolion.ca\/fr\/online-slots\/mega-moolah-slot\/","title":{"rendered":"Machine \u00e0 sous Mega Moolah"},"content":{"rendered":"<p><h2 id=\"Mega-Moolah-data-and-features\">Donn\u00e9es et caract\u00e9ristiques de Mega Moolah<\/h2>\n                <table class=\"tablepress\">\n                    <tbody><tr><td><strong>Enrouleurs<\/strong><\/td><td>5<\/td><\/tr><tr><td><strong>Lignes de paiement<\/strong><\/td><td>25<\/td><\/tr><tr><td><strong>Pourcentage de paiement<\/strong><\/td><td>88.120<\/td><\/tr><tr><td><strong>Symbole Wild<\/strong><\/td><td>Oui<\/td><\/tr><tr><td><strong>Multiplicateur<\/strong><\/td><td>Oui<\/td><\/tr><tr><td><strong>Gamme de paris<\/strong><\/td><td>0.01 - 125<\/td><\/tr><tr><td><strong>Plage de mise des pi\u00e8ces<\/strong><\/td><td>0.01 - 0.05<\/td><\/tr><tr><td><strong>Pi\u00e8ces par ligne<\/strong><\/td><td>5<\/td><\/tr><tr><td><strong>Progressif<\/strong><\/td><td>Oui<\/td><\/tr><tr><td><strong>Max coins jackpot<\/strong><\/td><td>75000<\/td><\/tr><tr><td><strong>Pi\u00e8ces maximales<\/strong><\/td><td>0.05<\/td><\/tr><tr><td><strong>Symbole Scatter<\/strong><\/td><td>Oui<\/td><\/tr><tr><td><strong>Tours gratuits disponibles<\/strong><\/td><td>Oui<\/td><\/tr><tr><td><strong>Jeu bonus<\/strong><\/td><td>Oui<\/td><\/tr><tr><td><strong>Acheter la fonctionnalit\u00e9<\/strong><\/td><td>Non<\/td><\/tr><tr><td><strong>Volatilit\u00e9<\/strong><\/td><td>Faible<\/td><\/tr><\/tbody><\/table><br \/>\n<center><a class=\"btn primary\" href=\"https:\/\/casinolion.ca\/fr\/visit\/casilando\/\" target=\"_blank\" rel=\"nofollow noopener noreferrer\">Jouer \u00e0 la machine \u00e0 sous Mega Moolah pour de l'argent r\u00e9el<\/a><\/center><\/p>\n<h2>La machine \u00e0 sous Mega Moolah en quelques mots :<\/h2>\n<p><b>AVANTAGES :<\/b><\/p>\n<ul>\n<li>Le plus gros jackpot progressif du monde<\/li>\n<li>Un jeu simple<\/li>\n<li>Divers multiplicateurs et bonus<\/li>\n<li>Entre 6 et 12 jackpots pay\u00e9s par an<\/li>\n<\/ul>\n<p><b>CONS :<\/b><\/p>\n<ul>\n<li>Faible RTP<\/li>\n<li>Technologie bas\u00e9e sur la technologie Flash<\/li>\n<\/ul>\n<p>Mega Moolah de Microgaming est l'une des machines \u00e0 sous les plus populaires au monde depuis sa premi\u00e8re apparition en novembre 2006. Elle est connue sous le nom de \u2018Million Maker\u2019 en raison de son \u00e9norme jackpot progressif. Mega Moolah d\u00e9tient le record Guinness du plus gros jackpot, d'une valeur de 13,2 millions de livres sterling, qui a \u00e9t\u00e9 vers\u00e9 \u00e0 un soldat britannique en 2015. Outre le gros jackpot, les joueurs peuvent \u00e9galement profiter d'une vari\u00e9t\u00e9 d'offres de bonus et d'un th\u00e8me attrayant dans cette machine \u00e0 sous \u00e0 5 rouleaux.<\/p>\n<h2>Sujet et sc\u00e9nario de Mega Moolah<\/h2>\n<p>De nos jours, les machines \u00e0 sous se pr\u00e9sentent sous toutes les formes et tailles, avec une incroyable vari\u00e9t\u00e9 de th\u00e8mes. Mega Moolah est rempli de symboles et de personnages caricaturaux repr\u00e9sentant les animaux de la savane africaine. On peut dire que cette machine \u00e0 sous a une certaine ressemblance avec le c\u00e9l\u00e8bre dessin anim\u00e9 de Disney \u201cLe Roi Lion\u201d, \u00e9tant donn\u00e9 la fa\u00e7on dont ses personnages sont con\u00e7us.<\/p>\n<p>On y trouve un lion \u00e0 la crini\u00e8re envo\u00fbtante et une cr\u00e9ature simiesque ressemblant \u00e0 Rafiki avec une coiffe de type Massai. Nous signalons l'animal ressemblant \u00e0 un singe, car la qualit\u00e9 du design ne permet pas de d\u00e9terminer de quelle cr\u00e9ature il s'agit. \u00c9tant donn\u00e9 que l'aspect visuel du jeu est sans aucun doute m\u00e9diocre, c'est probablement pour \u00e9viter les probl\u00e8mes de violation des droits d'auteur avec la soci\u00e9t\u00e9 Disney.<\/p>\n<p>Parmi les autres symboles, on trouve des \u00e9l\u00e9phants, des girafes, des z\u00e8bres et d'autres animaux qui appartiennent au groupe des symboles \u00e0 haut rendement, tandis que les symboles \u00e0 faible rendement sont r\u00e9serv\u00e9s aux couleurs des cartes standard allant du 10 \u00e0 l'As.<\/p>\n<p>En revanche, les effets audio sont un peu meilleurs et apportent les sons de la savane et des grands espaces au m\u00e9lange. Les sons am\u00e9liorent l'atmosph\u00e8re et mettent en sc\u00e8ne le jeu, mais ne vous attendez pas \u00e0 plus qu'une cacophonie de gazouillis, de croassements et de rugissements.<\/p>\n<h2>Gameplay et Jackpots de Mega Moolah<\/h2>\n<p>Mega Moolah est l'une des machines \u00e0 sous les plus faciles \u00e0 ma\u00eetriser. Elle se compose de cinq rouleaux avec trois rang\u00e9es de symboles et 25 lignes de paiement. Le nombre de lignes de paiement est fixe. Les joueurs lancent le tour en commen\u00e7ant par d\u00e9finir la valeur de la pi\u00e8ce. Vous pouvez miser entre C$0,25 et C$6,25 par tour, de sorte que vous ne verrez pas un large \u00e9ventail de mises, mais cela n'est pas n\u00e9cessaire pour d\u00e9clencher l'un des quatre jackpots activ\u00e9s de mani\u00e8re al\u00e9atoire.<\/p>\n<p>Apr\u00e8s avoir choisi la valeur de votre mise, il ne vous reste plus qu'\u00e0 appuyer sur le bouton \"spin\". Vous pouvez m\u00eame utiliser le bouton Autoplay et demander \u00e0 la machine d'effectuer jusqu'\u00e0 50 tours automatiques \u00e0 votre place. Il existe \u00e9galement un mode Turbo qui acc\u00e9l\u00e8re les tours pour tous ceux qui sont moins patients.<\/p>\n<p>Mega Moolah a des jackpots progressifs Mini, Minor, Major et Mega, ce qui signifie que tous les paris effectu\u00e9s sur Mega Moolah dans tous les casinos qui le proposent contribuent \u00e0 la taille des pots du jackpot progressif. Le plus gros m\u00e9ga jackpot est souvent \u00e9valu\u00e9 \u00e0 des millions de dollars. Il est remis \u00e0 z\u00e9ro apr\u00e8s chaque gain et commence \u00e0 1 million de dollars, tandis que le jackpot majeur commence \u00e0 10 000 dollars, suivi par les jackpots mineur et mini qui commencent \u00e0 100 et 10 dollars, respectivement.<\/p>\n<p>L'avantage des jackpots Mega Moolah est qu'il n'est pas n\u00e9cessaire de miser beaucoup pour les d\u00e9clencher. Bien que la mise maximale augmente vos chances de d\u00e9clencher l'un des jackpots, elle ne le fait pas dans une large mesure et n'est donc pas n\u00e9cessaire pour gagner gros. En termes de pi\u00e8ces, vous pouvez gagner jusqu'\u00e0 225 000 pi\u00e8ces au Mega Jackpot, tandis que le jackpot maximum du jeu de base peut rapporter jusqu'\u00e0 75 000 pi\u00e8ces, soit 15 000 fois votre mise.<\/p>\n<p>En 2017, un nombre record de 12 jackpots a \u00e9t\u00e9 enregistr\u00e9, ce qui bat le pr\u00e9c\u00e9dent record de 6 jackpots par un double.<\/p>\n<h2>Symboles Mega Moolah et fonctions bonus<\/h2>\n<p>Outre la distinction habituelle entre les symboles standard \u00e0 faible et \u00e0 fort paiement d\u00e9crite pr\u00e9c\u00e9demment, Mega Moolah propose \u00e9galement des symboles bonus Wild et Scatter. Le symbole Wild se pr\u00e9sente sous la forme d'un lion et remplace tous les autres symboles, \u00e0 l'exception du Scatter, repr\u00e9sent\u00e9 par le symbole du singe, qui double les gains lorsqu'il fait partie d'un combo gagnant.<\/p>\n<p>Le Scatter, quant \u00e0 lui, est un symbole d\u00e9clencheur de bonus. Trois, quatre ou cinq Scatters d\u00e9clenchent le tour de bonus au cours duquel 15 tours gratuits sont attribu\u00e9s. Ces tours gratuits peuvent \u00eatre red\u00e9clench\u00e9s avec trois Scatters suppl\u00e9mentaires ou plus. Tous les gains r\u00e9alis\u00e9s pendant le tour bonus sont tripl\u00e9s et toutes les mises et lignes sont jou\u00e9es \u00e0 la m\u00eame valeur que lorsque le tour bonus a \u00e9t\u00e9 lanc\u00e9.<\/p>\n<p>Les jackpots progressifs ne peuvent \u00eatre remport\u00e9s que dans le cadre d'un jeu bonus suppl\u00e9mentaire. La roue de la fortune du jackpot bonus tourne et, au fur et \u00e0 mesure qu'elle tourne, vous verrez diff\u00e9rentes sections de la roue correspondant \u00e0 diff\u00e9rents jackpots. Ces sections sont de tailles diff\u00e9rentes et la plus petite est r\u00e9serv\u00e9e au m\u00e9ga jackpot. Selon l'endroit o\u00f9 la roue s'arr\u00eate, le jackpot correspondant est attribu\u00e9.<\/p>\n<h2>Mega Moolah RTP et variance<\/h2>\n<p>Le pourcentage de retour au joueur, ou <a href=\"https:\/\/casinolion.ca\/fr\/what-is-rtp-or-house-edge-in-online-slots\/\">RTP<\/a>, Le jackpot progressif de Mega Moolah n'est que de 88,12%, ce qui est bien inf\u00e9rieur \u00e0 la moyenne du secteur. Cependant, compte tenu de la taille du jackpot progressif, ils ont d\u00fb le r\u00e9duire \u00e0 88,12%. Mega Moolah est consid\u00e9r\u00e9e comme une machine \u00e0 sous \u00e0 variance moyenne, ce qui signifie que vous pouvez toujours gagner des prix d\u00e9cents sans que les p\u00e9riodes de s\u00e9cheresse soient trop nombreuses et trop fr\u00e9quentes.<\/p>\n<h2>Conclusion<\/h2>\n<p>Le plus grand attrait de Mega Moolah est sans aucun doute la taille de ses jackpots progressifs. Ces sommes qui changent la vie sont la principale raison pour laquelle les joueurs optent pour ce jeu, mais la taille du jackpot du jeu de base et la fonction bonus des tours gratuits ne doivent pas \u00eatre n\u00e9glig\u00e9es. L'esth\u00e9tique du jeu n'est pas tr\u00e8s int\u00e9ressante, mais il pr\u00e9sente un th\u00e8me cartoonesque et des symboles tr\u00e8s agr\u00e9ables \u00e0 l'\u0153il. Si vous \u00eates \u00e0 la recherche d'un jeu avec des gains massifs qui peuvent survenir \u00e0 tout moment et que vous ne vous souciez pas beaucoup des caract\u00e9ristiques de gamification et des aspects visuels de la machine \u00e0 sous, alors Mega Moolah est la machine \u00e0 sous qu'il vous faut.<\/p>","protected":false},"excerpt":{"rendered":"<p>Jouer \u00e0 la machine \u00e0 sous Mega Moolah pour de l'argent r\u00e9el La machine \u00e0 sous Mega Moolah en quelques mots : AVANTAGES : Le plus gros jackpot progressif au monde Simplicit\u00e9 de jeu Divers multiplicateurs et bonus Entre 6 et 12 jackpots pay\u00e9s par an CONSOLIDATION : Faible RTP Technologie Flash Mega Moolah de Microgaming est l'une des machines \u00e0 sous les plus populaires au monde depuis [...]<\/p>","protected":false},"author":1,"featured_media":0,"parent":455,"menu_order":0,"comment_status":"closed","ping_status":"closed","template":"","meta":{"_acf_changed":false,"footnotes":""},"class_list":["post-10640","page","type-page","status-publish","hentry"],"acf":[],"yoast_head":"<!-- This site is optimized with the Yoast SEO plugin v26.1.1 - https:\/\/yoast.com\/wordpress\/plugins\/seo\/ -->\n<title>Mega Moolah Slot Review | Play for Free or Real Money<\/title>\n<meta name=\"robots\" content=\"index, follow, max-snippet:-1, max-image-preview:large, max-video-preview:-1\" \/>\n<link rel=\"canonical\" href=\"https:\/\/casinolion.ca\/fr\/online-slots\/mega-moolah-slot\/\" \/>\n<meta property=\"og:locale\" content=\"fr_CA\" \/>\n<meta property=\"og:type\" content=\"article\" \/>\n<meta property=\"og:title\" content=\"Mega Moolah Slot Review | Play for Free or Real Money\" \/>\n<meta property=\"og:description\" content=\"Play Mega Moolah Slot for Real Money Mega Moolah Slot in a Nutshell: PROS: The biggest progressive jackpot in the world Simple gameplay Various Multipliers and Bonus Between 6 and 12 jackpots paid yearly CONS: Low RTP Flash-based technology Mega Moolah by Microgaming has been one of the world\u2019s most popular slot machines ever since [&hellip;]\" \/>\n<meta property=\"og:url\" content=\"https:\/\/casinolion.ca\/fr\/online-slots\/mega-moolah-slot\/\" \/>\n<meta property=\"article:modified_time\" content=\"2023-08-17T12:25:07+00:00\" \/>\n<meta name=\"twitter:card\" content=\"summary_large_image\" \/>\n<meta name=\"twitter:label1\" content=\"Estimation du temps de lecture\" \/>\n\t<meta name=\"twitter:data1\" content=\"5 minutes\" \/>\n<script type=\"application\/ld+json\" class=\"yoast-schema-graph\">{\"@context\":\"https:\/\/schema.org\",\"@graph\":[{\"@type\":\"WebPage\",\"@id\":\"https:\/\/casinolion.ca\/online-slots\/mega-moolah-slot\/\",\"url\":\"https:\/\/casinolion.ca\/online-slots\/mega-moolah-slot\/\",\"name\":\"Mega Moolah Slot Review | Play for Free or Real Money\",\"isPartOf\":{\"@id\":\"https:\/\/casinolion.ca\/fr\/#website\"},\"datePublished\":\"2020-04-16T00:59:48+00:00\",\"dateModified\":\"2023-08-17T12:25:07+00:00\",\"breadcrumb\":{\"@id\":\"https:\/\/casinolion.ca\/online-slots\/mega-moolah-slot\/#breadcrumb\"},\"inLanguage\":\"fr-CA\",\"potentialAction\":[{\"@type\":\"ReadAction\",\"target\":[\"https:\/\/casinolion.ca\/online-slots\/mega-moolah-slot\/\"]}]},{\"@type\":\"BreadcrumbList\",\"@id\":\"https:\/\/casinolion.ca\/online-slots\/mega-moolah-slot\/#breadcrumb\",\"itemListElement\":[{\"@type\":\"ListItem\",\"position\":1,\"name\":\"Home\",\"item\":\"https:\/\/casinolion.ca\/\"},{\"@type\":\"ListItem\",\"position\":2,\"name\":\"Recommended Canadian Slots Sites\",\"item\":\"https:\/\/casinolion.ca\/online-slots\/\"},{\"@type\":\"ListItem\",\"position\":3,\"name\":\"Mega Moolah Slot\"}]},{\"@type\":\"WebSite\",\"@id\":\"https:\/\/casinolion.ca\/fr\/#website\",\"url\":\"https:\/\/casinolion.ca\/fr\/\",\"name\":\"\",\"description\":\"\",\"potentialAction\":[{\"@type\":\"SearchAction\",\"target\":{\"@type\":\"EntryPoint\",\"urlTemplate\":\"https:\/\/casinolion.ca\/fr\/?s={search_term_string}\"},\"query-input\":{\"@type\":\"PropertyValueSpecification\",\"valueRequired\":true,\"valueName\":\"search_term_string\"}}],\"inLanguage\":\"fr-CA\"}]}<\/script>\n<!-- \/ Yoast SEO plugin. -->","yoast_head_json":{"title":"Mega Moolah Slot Review - Jouer gratuitement ou avec de l'argent r\u00e9el","robots":{"index":"index","follow":"follow","max-snippet":"max-snippet:-1","max-image-preview":"max-image-preview:large","max-video-preview":"max-video-preview:-1"},"canonical":"https:\/\/casinolion.ca\/fr\/online-slots\/mega-moolah-slot\/","og_locale":"fr_CA","og_type":"article","og_title":"Mega Moolah Slot Review | Play for Free or Real Money","og_description":"Play Mega Moolah Slot for Real Money Mega Moolah Slot in a Nutshell: PROS: The biggest progressive jackpot in the world Simple gameplay Various Multipliers and Bonus Between 6 and 12 jackpots paid yearly CONS: Low RTP Flash-based technology Mega Moolah by Microgaming has been one of the world\u2019s most popular slot machines ever since [&hellip;]","og_url":"https:\/\/casinolion.ca\/fr\/online-slots\/mega-moolah-slot\/","article_modified_time":"2023-08-17T12:25:07+00:00","twitter_card":"summary_large_image","twitter_misc":{"Estimation du temps de lecture":"5 minutes"},"schema":{"@context":"https:\/\/schema.org","@graph":[{"@type":"WebPage","@id":"https:\/\/casinolion.ca\/online-slots\/mega-moolah-slot\/","url":"https:\/\/casinolion.ca\/online-slots\/mega-moolah-slot\/","name":"Mega Moolah Slot Review - Jouer gratuitement ou avec de l'argent r\u00e9el","isPartOf":{"@id":"https:\/\/casinolion.ca\/fr\/#website"},"datePublished":"2020-04-16T00:59:48+00:00","dateModified":"2023-08-17T12:25:07+00:00","breadcrumb":{"@id":"https:\/\/casinolion.ca\/online-slots\/mega-moolah-slot\/#breadcrumb"},"inLanguage":"fr-CA","potentialAction":[{"@type":"ReadAction","target":["https:\/\/casinolion.ca\/online-slots\/mega-moolah-slot\/"]}]},{"@type":"BreadcrumbList","@id":"https:\/\/casinolion.ca\/online-slots\/mega-moolah-slot\/#breadcrumb","itemListElement":[{"@type":"ListItem","position":1,"name":"Home","item":"https:\/\/casinolion.ca\/"},{"@type":"ListItem","position":2,"name":"Recommended Canadian Slots Sites","item":"https:\/\/casinolion.ca\/online-slots\/"},{"@type":"ListItem","position":3,"name":"Mega Moolah Slot"}]},{"@type":"WebSite","@id":"https:\/\/casinolion.ca\/fr\/#website","url":"https:\/\/casinolion.ca\/fr\/","name":"","description":"","potentialAction":[{"@type":"SearchAction","target":{"@type":"EntryPoint","urlTemplate":"https:\/\/casinolion.ca\/fr\/?s={search_term_string}"},"query-input":{"@type":"PropertyValueSpecification","valueRequired":true,"valueName":"search_term_string"}}],"inLanguage":"fr-CA"}]}},"_links":{"self":[{"href":"https:\/\/casinolion.ca\/fr\/wp-json\/wp\/v2\/pages\/10640","targetHints":{"allow":["GET"]}}],"collection":[{"href":"https:\/\/casinolion.ca\/fr\/wp-json\/wp\/v2\/pages"}],"about":[{"href":"https:\/\/casinolion.ca\/fr\/wp-json\/wp\/v2\/types\/page"}],"author":[{"embeddable":true,"href":"https:\/\/casinolion.ca\/fr\/wp-json\/wp\/v2\/users\/1"}],"replies":[{"embeddable":true,"href":"https:\/\/casinolion.ca\/fr\/wp-json\/wp\/v2\/comments?post=10640"}],"version-history":[{"count":0,"href":"https:\/\/casinolion.ca\/fr\/wp-json\/wp\/v2\/pages\/10640\/revisions"}],"up":[{"embeddable":true,"href":"https:\/\/casinolion.ca\/fr\/wp-json\/wp\/v2\/pages\/455"}],"wp:attachment":[{"href":"https:\/\/casinolion.ca\/fr\/wp-json\/wp\/v2\/media?parent=10640"}],"curies":[{"name":"wp","href":"https:\/\/api.w.org\/{rel}","templated":true}]}}