
{"id":10647,"date":"2020-04-16T06:58:22","date_gmt":"2020-04-16T06:58:22","guid":{"rendered":"https:\/\/www.canadiancasinos.ca\/?page_id=10647"},"modified":"2023-08-17T12:29:32","modified_gmt":"2023-08-17T12:29:32","slug":"cleopatra-slot","status":"publish","type":"page","link":"https:\/\/casinolion.ca\/fr\/online-slots\/cleopatra-slot\/","title":{"rendered":"Machine \u00e0 sous Cl\u00e9op\u00e2tre"},"content":{"rendered":"<div id=\"PlayFreeGame\" class=\"game_box\" style=\"padding-bottom: 75%; margin-bottom: 30px; background-size:cover; background-repeat:no-repeat;background-color:  #d24d57; background-image: url('https:\/\/a1.lcb.org\/system\/modules\/game\/images\/attachments\/000\/384\/070\/original\/Cleopatra1.jpg?1626252913');\">\n                        <i class=\"fas fa-play-circle\"><\/i>\n                     <\/div>\n                     <script>\n                        let iframe = '<iframe loading=\"lazy\" src=\"https:\/\/slotslaunch.com\/iframe\/12848?token=rvgmcR4z0DADcCv3Hy0pVy9HQf7iaZ9tGNS9qWMaoIJPRjmw38\" width=\"930\" height=\"576\" frameborder=\"0\" allowTransparency=\"true\" bgcolor=\"#FFFFFF\" style=\"background-color: black;\"><\/iframe>';\n                        let holder = document.querySelector(\"#PlayFreeGame\");\n                        holder.addEventListener(\"click\", function(){\n                            holder.innerHTML = iframe;\n                        });\n                    <\/script><h2 id=\"Cleopatra-data-and-features\">Donn\u00e9es et caract\u00e9ristiques de Cl\u00e9op\u00e2tre<\/h2>\n                <table class=\"tablepress\">\n                    <tbody><tr><td><strong>Enrouleurs<\/strong><\/td><td>5<\/td><\/tr><tr><td><strong>Lignes de paiement<\/strong><\/td><td>20<\/td><\/tr><tr><td><strong>Jackpot maximum<\/strong><\/td><td>$20,000.00<\/td><\/tr><tr><td><strong>Pourcentage de paiement<\/strong><\/td><td>95.020<\/td><\/tr><tr><td><strong>Symbole Wild<\/strong><\/td><td>Oui<\/td><\/tr><tr><td><strong>Multiplicateur<\/strong><\/td><td>Oui<\/td><\/tr><tr><td><strong>Gamme de paris<\/strong><\/td><td>20 - 100<\/td><\/tr><tr><td><strong>Plage de mise des pi\u00e8ces<\/strong><\/td><td>1 - 1<\/td><\/tr><tr><td><strong>Pi\u00e8ces par ligne<\/strong><\/td><td>5<\/td><\/tr><tr><td><strong>Progressif<\/strong><\/td><td>Non<\/td><\/tr><tr><td><strong>Max coins jackpot<\/strong><\/td><td>20000<\/td><\/tr><tr><td><strong>Pi\u00e8ces maximales<\/strong><\/td><td>1<\/td><\/tr><tr><td><strong>Symbole Scatter<\/strong><\/td><td>Oui<\/td><\/tr><tr><td><strong>Tours gratuits disponibles<\/strong><\/td><td>Oui<\/td><\/tr><tr><td><strong>Jeu bonus<\/strong><\/td><td>Non<\/td><\/tr><tr><td><strong>Acheter la fonctionnalit\u00e9<\/strong><\/td><td>Non<\/td><\/tr><tr><td><strong>Th\u00e8me du jeu<\/strong><\/td><td>\u00c9gyptien<\/td><\/tr><tr><td><strong>Volatilit\u00e9<\/strong><\/td><td>Moyen<\/td><\/tr><\/tbody><\/table>\n<p><center><a class=\"btn primary\" href=\"https:\/\/casinolion.ca\/fr\/visit\/leo-vegas\/\" target=\"_blank\" rel=\"nofollow noopener noreferrer\">Jouer \u00e0 la machine \u00e0 sous Cleopatra pour de l'argent r\u00e9el<\/a><\/center>&nbsp;<\/p>\n<p><strong>Verdict rapide<\/strong>: <em>Cleopatra d'IGT jouit d'une grande popularit\u00e9 parmi les machines \u00e0 sous vid\u00e9o. Le jeu comporte 20 lignes de paiement ajustables et se joue sur un \u00e9cran 5\u00d73. Le th\u00e8me classique de l\u201c\u201dAncienne Egypte\" est pr\u00e9sent\u00e9 \u00e0 travers des visuels et des effets sonores d\u00e9cents, bien que l'on ne puisse s'emp\u00eacher de penser qu'il s'agit d'un th\u00e8me surutilis\u00e9 dans le genre des machines \u00e0 sous vid\u00e9o, ce qui pourrait donner l'impression d'un manque d'imagination pour certains. Le retour au joueur est inf\u00e9rieur \u00e0 la moyenne : 95,02%.<\/em><\/p>\n<h2>Histoire du jeu<\/h2>\n<p>\u201cFaites un voyage sur le Nil et percez les myst\u00e8res de l'\u00c9gypte ancienne ! - C'est ainsi qu'IGT d\u00e9crit l'une de ses cr\u00e9ations de machines \u00e0 sous vid\u00e9o les plus populaires, simplement intitul\u00e9e \u201d<strong>Cl\u00e9op\u00e2tre<\/strong>\u201d.<\/p>\n<p>Avoir un jeu sur le th\u00e8me de l'\u00c9gypte est devenu une sorte de clich\u00e9 dans l'univers des machines \u00e0 sous vid\u00e9o. Cependant, il y a une bonne raison pour laquelle les d\u00e9veloppeurs de logiciels reviennent sur ce th\u00e8me. Cela fonctionne et les joueurs l'adorent.<\/p>\n<p>Cleopatra n'a pas vraiment d'histoire, si ce n'est qu'il propose des symboles et une bande sonore sur le th\u00e8me de l'\u00c9gypte. N\u00e9anmoins, l'ambiance du jeu est assez agr\u00e9able et procure une exp\u00e9rience de jeu assez plaisante, bien que les choses puissent devenir monotones avec le temps.<\/p>\n<h2>Visuels et effets sonores<\/h2>\n<p>Le jeu est sorti pour la premi\u00e8re fois en 2012, et on peut dire que les graphismes sont plut\u00f4t bons pour l'\u00e9poque. M\u00eame si les machines \u00e0 sous plus modernes ont tendance \u00e0 jouer \u00e0 fond sur les graphismes, les visuels d\u00e9pass\u00e9s de Cleopatra d'IGT ne semblent pas d\u00e9ranger les joueurs, car il s'agit toujours de l'une des machines \u00e0 sous vid\u00e9o les plus populaires.<\/p>\n<p>Les tons dor\u00e9s dominent la pr\u00e9sentation, et chaque symbole est pr\u00e9sent\u00e9 sur un papyrus carr\u00e9 de couleur diff\u00e9rente, ce qui permet de les lire facilement et de comprendre comment vous avez gagn\u00e9.<\/p>\n<p>Plusieurs bandes sonores diff\u00e9rentes accompagnent le joueur pendant que les rouleaux tournent. Une fois que vous avez gagn\u00e9, vous recevez un <em>paillettes et poussi\u00e8re de f\u00e9e<\/em> tandis que certains gains jouent un air de fl\u00fbte \u00e9gyptienne apaisant.<\/p>\n<p>Comme pour la plupart des machines \u00e0 sous IGT, vous pouvez vous attendre \u00e0 des animations fluides et claires. Elles n'ont rien d'exceptionnel par rapport aux normes actuelles, mais il faut tenir compte du fait que ce jeu est sorti en 2012.<\/p>\n<h2>Gameplay g\u00e9n\u00e9ral<\/h2>\n<p>Cleopatra n'est rien d'autre qu'une machine \u00e0 sous 5\u00d73 standard. Le jeu se joue sur 20 lignes de paiement, mais vous pouvez en s\u00e9lectionner moins si vous le souhaitez (1, 5, 9 ou 15). Les lignes de paiement fonctionnent uniquement de gauche \u00e0 droite. Vous avez \u00e9galement la possibilit\u00e9 de modifier la taille de votre mise par ligne, mais nous en reparlerons un peu plus tard.<\/p>\n<p>Il n'y a qu'un seul jeu bonus (tours gratuits) qui se d\u00e9bloque apr\u00e8s avoir collect\u00e9 au moins trois symboles Scatter. Les Scatters et les Wilds peuvent vous r\u00e9compenser avec des multiplicateurs. La fonction Autoplay vous permet de choisir entre 10, 20, 30, 40 et 50 tours automatiques.<\/p>\n<p>Si vous souhaitez jouer \u00e0 une machine \u00e0 sous vid\u00e9o simple avec des r\u00e8gles directes, Cleopatra est le jeu qu'il vous faut. Cependant, les joueurs qui souhaitent quelque chose d'un peu plus complexe seront certainement un peu d\u00e9\u00e7us.<\/p>\n<h2>Wilds, multiplicateurs et tours bonus<\/h2>\n<p>Cl\u00e9op\u00e2tre est le symbole Wild du jeu (sans surprise). Il remplace tous les autres symboles dans une combinaison gagnante, \u00e0 l'exception du symbole Scatter. Gagner avec au moins un symbole Wild dans une combinaison double votre gain total, ce qui est une r\u00e8gle tr\u00e8s g\u00e9n\u00e9reuse que l'on ne trouve pas souvent dans d'autres machines \u00e0 sous vid\u00e9o. Le Wild est \u00e9galement le symbole qui rapporte le plus dans une partie. La connexion de cinq symboles Wild sur une ligne de paiement vous r\u00e9compensera \u00e0 hauteur de 10 000 fois votre mise sur la ligne.<\/p>\n<p>Si vous obtenez deux symboles Scatter, vous gagnerez deux fois votre mise totale. Trois, quatre ou cinq Scatters vous r\u00e9compensent respectivement de 5x, 20x et 100x votre mise totale. Cependant, si vous obtenez trois Scatters ou plus, cela d\u00e9clenchera \u00e9galement un jeu bonus avec 15 tours gratuits.<\/p>\n<p>Tous les gains obtenus pendant les tours gratuits sont tripl\u00e9s, sauf si vous obtenez cinq jokers sur une ligne de paiement. Vous pouvez gagner d'autres tours gratuits pendant le tour lui-m\u00eame si vous obtenez \u00e0 nouveau trois Scatters ou plus. Le nombre total de tours gratuits que vous pouvez gagner est plafonn\u00e9 \u00e0 180.<\/p>\n<p>Les tours gratuits sont le seul bonus de Cleopatra, ce qui est, une fois de plus, un peu d\u00e9cevant \u00e9tant donn\u00e9 que beaucoup d'autres machines \u00e0 sous en proposent davantage. Vous ne pouvez pas utiliser la fonction de jeu sur vos tours gagnants et le jackpot n'est pas progressif.<\/p>\n<h2>RTP, mise et variance<\/h2>\n<p>La machine \u00e0 sous Cl\u00e9op\u00e2tre est consid\u00e9r\u00e9e comme ayant une volatilit\u00e9 faible \u00e0 moyenne. En d'autres termes, les paiements sont fr\u00e9quents, mais ils n'offrent pas un rendement \u00e9lev\u00e9 pour votre investissement et votre risque. Si vous pr\u00e9f\u00e9rez une approche plus risqu\u00e9e avec des paiements plus \u00e9lev\u00e9s, il existe de nombreuses autres options plus int\u00e9ressantes.<\/p>\n<p>Le RTP de Cleopatra n'est que de 95,02%. Ce chiffre est consid\u00e9r\u00e9 comme assez bas par rapport aux normes actuelles, la moyenne de l'industrie se situant autour de 96%.<\/p>\n<p>Votre mise par ligne peut \u00eatre r\u00e9gl\u00e9e entre 1 et 500. Avec la possibilit\u00e9 de modifier le nombre de lignes de paiement actives, on peut dire que Cleopatra s'adresse aussi bien aux joueurs \u00e0 faible risque qu'aux gros parieurs.<\/p>\n<h2>Conclusion<\/h2>\n<p>Cleopatra d'IGT est une machine \u00e0 sous vid\u00e9o classique tr\u00e8s populaire qui peut \u00eatre consid\u00e9r\u00e9e comme partiellement responsable de la vague de titres sur le th\u00e8me de l'\u00c9gypte qui lui a succ\u00e9d\u00e9. Bien qu'elle soit sortie pour la premi\u00e8re fois en 2012, Cleopatra est un \u00e9l\u00e9ment indispensable de la biblioth\u00e8que de machines \u00e0 sous de tous les casinos, et beaucoup de gens aiment encore y jouer.<\/p>\n<p>N\u00e9anmoins, Cleopatra pr\u00e9sente de nombreux d\u00e9fauts et devient lentement obsol\u00e8te. Le jeu a un faible RTP de 95,02%, ainsi qu'une faible variance. Le gameplay est trop simple, il n'y a qu'un seul jeu bonus et peu d'autres choses \u00e0 c\u00f4t\u00e9.<\/p>","protected":false},"excerpt":{"rendered":"<p>Jouer \u00e0 la machine \u00e0 sous Cleopatra pour de l'argent r\u00e9el Verdict rapide : Cleopatra d'IGT jouit d'une grande popularit\u00e9 parmi les machines \u00e0 sous vid\u00e9o. Le jeu comporte 20 lignes de paiement ajustables et se joue sur un \u00e9cran 5\u00d73. Le th\u00e8me classique de l\u201c\u201dAncienne Egypte\" est pr\u00e9sent\u00e9 \u00e0 travers des visuels et des effets sonores d\u00e9cents, bien que l'on ne puisse s'emp\u00eacher de penser qu'il s'agit d'un th\u00e8me surutilis\u00e9 [...]<\/p>","protected":false},"author":1,"featured_media":0,"parent":455,"menu_order":0,"comment_status":"closed","ping_status":"closed","template":"","meta":{"_acf_changed":false,"footnotes":""},"class_list":["post-10647","page","type-page","status-publish","hentry"],"acf":[],"yoast_head":"<!-- This site is optimized with the Yoast SEO plugin v26.1.1 - https:\/\/yoast.com\/wordpress\/plugins\/seo\/ -->\n<title>Cleopatra Slot Review | Play Online for Free<\/title>\n<meta name=\"robots\" content=\"index, follow, max-snippet:-1, max-image-preview:large, max-video-preview:-1\" \/>\n<link rel=\"canonical\" href=\"https:\/\/casinolion.ca\/fr\/online-slots\/cleopatra-slot\/\" \/>\n<meta property=\"og:locale\" content=\"fr_CA\" \/>\n<meta property=\"og:type\" content=\"article\" \/>\n<meta property=\"og:title\" content=\"Cleopatra Slot Review | Play Online for Free\" \/>\n<meta property=\"og:description\" content=\"Play Cleopatra Slot for Real Money&nbsp; Quick verdict: Cleopatra from IGT enjoys high popularity among the video slot crowd. The game features 20 adjustable paylines and is played over a 5&#215;3 layout. The classic \u201cAncient Egypt\u201d theme is presented through decent visuals and sound effects, although one can\u2019t help but feel this is an overused [&hellip;]\" \/>\n<meta property=\"og:url\" content=\"https:\/\/casinolion.ca\/fr\/online-slots\/cleopatra-slot\/\" \/>\n<meta property=\"article:modified_time\" content=\"2023-08-17T12:29:32+00:00\" \/>\n<meta name=\"twitter:card\" content=\"summary_large_image\" \/>\n<meta name=\"twitter:label1\" content=\"Estimation du temps de lecture\" \/>\n\t<meta name=\"twitter:data1\" content=\"4 minutes\" \/>\n<script type=\"application\/ld+json\" class=\"yoast-schema-graph\">{\"@context\":\"https:\/\/schema.org\",\"@graph\":[{\"@type\":\"WebPage\",\"@id\":\"https:\/\/casinolion.ca\/online-slots\/cleopatra-slot\/\",\"url\":\"https:\/\/casinolion.ca\/online-slots\/cleopatra-slot\/\",\"name\":\"Cleopatra Slot Review | Play Online for Free\",\"isPartOf\":{\"@id\":\"https:\/\/casinolion.ca\/fr\/#website\"},\"datePublished\":\"2020-04-16T06:58:22+00:00\",\"dateModified\":\"2023-08-17T12:29:32+00:00\",\"breadcrumb\":{\"@id\":\"https:\/\/casinolion.ca\/online-slots\/cleopatra-slot\/#breadcrumb\"},\"inLanguage\":\"fr-CA\",\"potentialAction\":[{\"@type\":\"ReadAction\",\"target\":[\"https:\/\/casinolion.ca\/online-slots\/cleopatra-slot\/\"]}]},{\"@type\":\"BreadcrumbList\",\"@id\":\"https:\/\/casinolion.ca\/online-slots\/cleopatra-slot\/#breadcrumb\",\"itemListElement\":[{\"@type\":\"ListItem\",\"position\":1,\"name\":\"Home\",\"item\":\"https:\/\/casinolion.ca\/\"},{\"@type\":\"ListItem\",\"position\":2,\"name\":\"Recommended Canadian Slots Sites\",\"item\":\"https:\/\/casinolion.ca\/online-slots\/\"},{\"@type\":\"ListItem\",\"position\":3,\"name\":\"Cleopatra Slot\"}]},{\"@type\":\"WebSite\",\"@id\":\"https:\/\/casinolion.ca\/fr\/#website\",\"url\":\"https:\/\/casinolion.ca\/fr\/\",\"name\":\"\",\"description\":\"\",\"potentialAction\":[{\"@type\":\"SearchAction\",\"target\":{\"@type\":\"EntryPoint\",\"urlTemplate\":\"https:\/\/casinolion.ca\/fr\/?s={search_term_string}\"},\"query-input\":{\"@type\":\"PropertyValueSpecification\",\"valueRequired\":true,\"valueName\":\"search_term_string\"}}],\"inLanguage\":\"fr-CA\"}]}<\/script>\n<!-- \/ Yoast SEO plugin. -->","yoast_head_json":{"title":"Cleopatra Slot Review | Jouer en ligne gratuitement","robots":{"index":"index","follow":"follow","max-snippet":"max-snippet:-1","max-image-preview":"max-image-preview:large","max-video-preview":"max-video-preview:-1"},"canonical":"https:\/\/casinolion.ca\/fr\/online-slots\/cleopatra-slot\/","og_locale":"fr_CA","og_type":"article","og_title":"Cleopatra Slot Review | Play Online for Free","og_description":"Play Cleopatra Slot for Real Money&nbsp; Quick verdict: Cleopatra from IGT enjoys high popularity among the video slot crowd. The game features 20 adjustable paylines and is played over a 5&#215;3 layout. The classic \u201cAncient Egypt\u201d theme is presented through decent visuals and sound effects, although one can\u2019t help but feel this is an overused [&hellip;]","og_url":"https:\/\/casinolion.ca\/fr\/online-slots\/cleopatra-slot\/","article_modified_time":"2023-08-17T12:29:32+00:00","twitter_card":"summary_large_image","twitter_misc":{"Estimation du temps de lecture":"4 minutes"},"schema":{"@context":"https:\/\/schema.org","@graph":[{"@type":"WebPage","@id":"https:\/\/casinolion.ca\/online-slots\/cleopatra-slot\/","url":"https:\/\/casinolion.ca\/online-slots\/cleopatra-slot\/","name":"Cleopatra Slot Review | Jouer en ligne gratuitement","isPartOf":{"@id":"https:\/\/casinolion.ca\/fr\/#website"},"datePublished":"2020-04-16T06:58:22+00:00","dateModified":"2023-08-17T12:29:32+00:00","breadcrumb":{"@id":"https:\/\/casinolion.ca\/online-slots\/cleopatra-slot\/#breadcrumb"},"inLanguage":"fr-CA","potentialAction":[{"@type":"ReadAction","target":["https:\/\/casinolion.ca\/online-slots\/cleopatra-slot\/"]}]},{"@type":"BreadcrumbList","@id":"https:\/\/casinolion.ca\/online-slots\/cleopatra-slot\/#breadcrumb","itemListElement":[{"@type":"ListItem","position":1,"name":"Home","item":"https:\/\/casinolion.ca\/"},{"@type":"ListItem","position":2,"name":"Recommended Canadian Slots Sites","item":"https:\/\/casinolion.ca\/online-slots\/"},{"@type":"ListItem","position":3,"name":"Cleopatra Slot"}]},{"@type":"WebSite","@id":"https:\/\/casinolion.ca\/fr\/#website","url":"https:\/\/casinolion.ca\/fr\/","name":"","description":"","potentialAction":[{"@type":"SearchAction","target":{"@type":"EntryPoint","urlTemplate":"https:\/\/casinolion.ca\/fr\/?s={search_term_string}"},"query-input":{"@type":"PropertyValueSpecification","valueRequired":true,"valueName":"search_term_string"}}],"inLanguage":"fr-CA"}]}},"_links":{"self":[{"href":"https:\/\/casinolion.ca\/fr\/wp-json\/wp\/v2\/pages\/10647","targetHints":{"allow":["GET"]}}],"collection":[{"href":"https:\/\/casinolion.ca\/fr\/wp-json\/wp\/v2\/pages"}],"about":[{"href":"https:\/\/casinolion.ca\/fr\/wp-json\/wp\/v2\/types\/page"}],"author":[{"embeddable":true,"href":"https:\/\/casinolion.ca\/fr\/wp-json\/wp\/v2\/users\/1"}],"replies":[{"embeddable":true,"href":"https:\/\/casinolion.ca\/fr\/wp-json\/wp\/v2\/comments?post=10647"}],"version-history":[{"count":0,"href":"https:\/\/casinolion.ca\/fr\/wp-json\/wp\/v2\/pages\/10647\/revisions"}],"up":[{"embeddable":true,"href":"https:\/\/casinolion.ca\/fr\/wp-json\/wp\/v2\/pages\/455"}],"wp:attachment":[{"href":"https:\/\/casinolion.ca\/fr\/wp-json\/wp\/v2\/media?parent=10647"}],"curies":[{"name":"wp","href":"https:\/\/api.w.org\/{rel}","templated":true}]}}