
{"id":10719,"date":"2020-04-27T01:35:08","date_gmt":"2020-04-27T01:35:08","guid":{"rendered":"https:\/\/www.canadiancasinos.ca\/?page_id=10719"},"modified":"2020-04-27T01:35:08","modified_gmt":"2020-04-27T01:35:08","slug":"best-roulette-strategies","status":"publish","type":"page","link":"https:\/\/casinolion.ca\/fr\/online-roulette\/best-roulette-strategies\/","title":{"rendered":"Meilleures strat\u00e9gies de roulette"},"content":{"rendered":"<h2>Les meilleures strat\u00e9gies pour gagner \u00e0 la roulette en ligne<\/h2>\n<p>On peut dire que la roulette appartient au groupe de jeux de casino ayant le plus long pedigree dans le monde des jeux bas\u00e9s sur la chance. Parmi tous les jeux de casino, <strong>la roulette contient la plus grande part de chance<\/strong>, Tout d\u00e9pend de la roue et de l'endroit o\u00f9 la petite balle va atterrir.<\/p>\n<p>Si vous \u00eates novice au jeu de la roulette et que vous avez d\u00e9j\u00e0 r\u00e9ussi \u00e0 en ma\u00eetriser toutes les r\u00e8gles, vous vous \u00eates sans aucun doute tourn\u00e9 vers la recherche de strat\u00e9gies de paris sur la roulette pour vous aider \u00e0 \u00e9lever votre niveau de jeu. Cette notion n'est pas nouvelle, car les gens ont essay\u00e9 de d\u00e9velopper des strat\u00e9gies et des stratag\u00e8mes pour faire pencher la balance de la roulette en leur faveur depuis que le jeu a \u00e9t\u00e9 invent\u00e9 au Moyen-\u00c2ge.<\/p>\n<p>L'Internet offre une vari\u00e9t\u00e9 de pr\u00e9tendues \u201cstrat\u00e9gies\u201d qui vous garantissent de gagner. Mais.., <strong>ces strat\u00e9gies sont un canular et ne fonctionnent pas du tout<\/strong>, surtout \u00e0 long terme, et n'aboutirait qu'\u00e0 la perte de votre bankroll.<\/p>\n<p>Il y a une chose que tous les joueurs doivent garder \u00e0 l'esprit : les casinos ne plaisantent pas. <strong>S'il existait une strat\u00e9gie ou une astuce permettant de gagner \u00e0 chaque tour, ils se retrouveraient rapidement en faillite<\/strong>.<\/p>\n<p>Vous devez donc garder \u00e0 l'esprit qu'aucune strat\u00e9gie ne peut transformer la roulette en un distributeur automatique de billets et qu'aucune strat\u00e9gie de roulette ne peut \u00eatre consid\u00e9r\u00e9e comme une m\u00e9thode s\u00fbre pour gagner.<\/p>\n<p>En lisant cet article, vous d\u00e9couvrirez<\/p>\n<ul>\n<li>Des strat\u00e9gies qui vous aideront \u00e0 am\u00e9liorer vos chances de gagner et \u00e0 perfectionner vos comp\u00e9tences en mati\u00e8re de paris sur la roulette ;<\/li>\n<li>Pourquoi <a href=\"https:\/\/casinolion.ca\/fr\/slots-rtp-and-volatility\/\">RTP et volatilit\u00e9<\/a> sont essentiels dans le choix du type de jeu de roulette ;<\/li>\n<li>Comment savoir quelle strat\u00e9gie de roulette vous convient le mieux.<\/li>\n<\/ul>\n<p><img decoding=\"async\" class=\"alignnone wp-image-10720 size-full\" src=\"https:\/\/www.casinolion.ca\/wp-content\/uploads\/2020\/04\/30468.jpg\" alt=\"\" width=\"766\" height=\"554\" srcset=\"https:\/\/casinolion.ca\/wp-content\/uploads\/2020\/04\/30468.jpg 766w, https:\/\/casinolion.ca\/wp-content\/uploads\/2020\/04\/30468-280x203.jpg 280w, https:\/\/casinolion.ca\/wp-content\/uploads\/2020\/04\/30468-150x108.jpg 150w, https:\/\/casinolion.ca\/wp-content\/uploads\/2020\/04\/30468-50x36.jpg 50w, https:\/\/casinolion.ca\/wp-content\/uploads\/2020\/04\/30468-124x90.jpg 124w\" sizes=\"(max-width: 766px) 100vw, 766px\" \/><\/p>\n<h2>RTP et volatilit\u00e9 dans les machines de roulette aliment\u00e9es par un RNG<\/h2>\n<p>Les strat\u00e9gies de roulette d\u00e9pendent en grande partie de la fa\u00e7on de jouer de chaque parieur. Certains aiment se montrer un peu agressifs et tenter d'obtenir des gains importants, tandis que d'autres pr\u00e9f\u00e8rent conserver des gains faibles mais r\u00e9guliers. Mais avant de pouvoir \u00e9valuer l'une ou l'autre de ces strat\u00e9gies, il convient de se pencher sur certains points, \u00e0 savoir les pourcentages de paiement et les taux de volatilit\u00e9 des jeux de roulette aliment\u00e9s par le RNG.<\/p>\n<h3>Roulette RTP<\/h3>\n<p>En l'occurrence, dans les <a href=\"https:\/\/casinolion.ca\/fr\/casino-reviews\/\">casinos en ligne<\/a>, La plupart des jeux de casino sont aliment\u00e9s par un logiciel de g\u00e9n\u00e9ration de nombres al\u00e9atoires qui garantit que les tours sont effectivement al\u00e9atoires comme ils le seraient dans les casinos terrestres.<\/p>\n<p>Bas\u00e9s sur le RNG, les jeux de roulette ont des cotes math\u00e9matiques exactes illustr\u00e9es par le RTP et indiquent aux joueurs combien ils peuvent gagner. Le RTP, ou ratio de retour sur investissement, indique le pourcentage que vous pouvez esp\u00e9rer tirer de vos mises. Ce chiffre ne peut jamais \u00eatre 100%, car cela \u00f4terait tout le plaisir du jeu et le rendrait inutile.<\/p>\n<p>Par exemple, la roulette europ\u00e9enne a un RTP de 97,3%, ce qui signifie que l'avantage de la maison n'est que de 2,7%. La roulette am\u00e9ricaine a un RTP l\u00e9g\u00e8rement inf\u00e9rieur, \u00e0 94,74%. Toutefois, ces pourcentages sont calcul\u00e9s sur la base de milliers, voire de millions de tours, et ne peuvent \u00eatre consid\u00e9r\u00e9s comme acquis, surtout si l'on ne tient pas compte de la volatilit\u00e9.<\/p>\n<h3>Volatilit\u00e9<\/h3>\n<p>La volatilit\u00e9 d'un jeu de casino fait r\u00e9f\u00e9rence \u00e0 la fr\u00e9quence \u00e0 laquelle ce jeu est cens\u00e9 payer et \u00e0 l'importance des gains que vous pouvez esp\u00e9rer sur les paris individuels.<\/p>\n<p>Avec la roulette \u00e0 haute volatilit\u00e9, les paiements sont moins fr\u00e9quents mais plus substantiels afin de compenser le manque de fr\u00e9quence des gains. Les jeux de roulette \u00e0 faible volatilit\u00e9, au contraire, sont cens\u00e9s payer plus fr\u00e9quemment, mais les gains ne seront pas substantiels. Les jeux \u00e0 volatilit\u00e9 moyenne, comme leur nom l'indique, se situent entre les deux.<\/p>\n<p>Pour mettre en \u0153uvre efficacement une strat\u00e9gie de roulette, vous devez tenir compte de la volatilit\u00e9 et du RTP. Par exemple, le pari Straight Up (mise sur un seul num\u00e9ro) est un pari \u00e0 la volatilit\u00e9 la plus \u00e9lev\u00e9e, qui rapporte 36 fois votre mise. Pourtant, statistiquement parlant, tous les 37 tours seront victorieux.<\/p>\n<p>Avec des paris plus classiques comme noir\/rouge, pair\/impair et haut\/bas, vous pariez sur des paris \u00e0 faible volatilit\u00e9 avec 18 chances sur 37 de gagner.<\/p>\n<p>Les statistiques indiquent que les joueurs qui pr\u00e9f\u00e8rent les paris \u00e0 faible volatilit\u00e9 finiront par tourner autour du taux de redistribution et auront moins de chances de gagner de l'argent. En revanche, les mises \u00e0 forte volatilit\u00e9 sont celles qui contribuent \u00e0 briser cette tendance et permettent aux joueurs de repartir avec de l'argent en poche.<\/p>\n<h2>Strat\u00e9gies de roulette<\/h2>\n<p>L'efficacit\u00e9 d'une strat\u00e9gie de roulette ne se mesure pas uniquement \u00e0 l'aune des pourcentages math\u00e9matiques, des cotes et d'autres facteurs. L'efficacit\u00e9 d'une strat\u00e9gie se mesure \u00e9galement au style des joueurs qui l'utilisent. Certains joueurs aiment le risque et mettent C$1 000 sur le noir et peuvent \u00e9ventuellement repartir avec une pile de jetons d'une valeur de C$36 000, ou se retrouver les mains vides. D'un autre c\u00f4t\u00e9, certains joueurs choisissent les mises C$1 et pr\u00e9f\u00e8rent aller lentement, m\u00eame si ce mode de jeu n'apportera probablement pas de gains significatifs et pourrait m\u00eame entra\u00eener des pertes.<\/p>\n<p>Certains joueurs recherchent le frisson et les gains \u00e9normes, d'autres pr\u00e9f\u00e8rent un chemin plus s\u00fbr, tandis que d'autres encore veulent simplement tuer le temps \u00e0 la table de roulette. Les motivations des joueurs sont diff\u00e9rentes, et la conclusion est que la meilleure strat\u00e9gie est celle qui fonctionne le mieux pour vous et votre style de jeu.<\/p>\n<p>Vous ne devez pas vous attendre \u00e0 des miracles lorsque vous utilisez ces strat\u00e9gies, car aucune ne peut vous garantir des gains. Elles peuvent seulement vous aider \u00e0 adapter votre style de jeu \u00e0 celui qui a une chance de vous faire gagner.<\/p>\n<h2>Strat\u00e9gies de mise \u00e0 la roulette progressive<\/h2>\n<p>Tout d'abord, nous pouvons diviser tous les types de strat\u00e9gies de paris sur la roulette en strat\u00e9gies de paris progressifs et non progressifs. Les strat\u00e9gies de paris progressifs sont bas\u00e9es sur un concept ou une croyance selon laquelle vous devez augmenter la taille de votre mise apr\u00e8s qu'un tour a \u00e9t\u00e9 jou\u00e9. Les plus c\u00e9l\u00e8bres de ces strat\u00e9gies de paris progressifs \u00e0 la roulette sont la Martingale, la Martingale invers\u00e9e et le syst\u00e8me D'Alembert. Cependant, elles ne m\u00e9ritent pas toutes d'\u00eatre consid\u00e9r\u00e9es comme les meilleures. Le syst\u00e8me de Martingale invers\u00e9e s'est av\u00e9r\u00e9 plus s\u00fbr que les deux autres, c'est pourquoi nous commen\u00e7ons par lui.<\/p>\n<h3>Le syst\u00e8me de Martingale invers\u00e9e<\/h3>\n<p>Le syst\u00e8me Martingale invers\u00e9, ou syst\u00e8me Paroli, est la version oppos\u00e9e du syst\u00e8me Martingale. Le syst\u00e8me Martingale est une strat\u00e9gie dans laquelle les joueurs doublent le montant de leur mise \u00e0 chances \u00e9gales \u00e0 chaque fois qu'ils perdent. Le principe est qu'il suffit d'un seul gain pour couvrir toute la s\u00e9rie de pertes. Par exemple, un joueur place un C$10 et perd, puis mise $20 sur le tour suivant. Si la main est gagnante, le joueur aura r\u00e9cup\u00e9r\u00e9 la perte initiale de $10.<\/p>\n<p>La Martingale invers\u00e9e est tout le contraire. Avec le syst\u00e8me Paroli, vous augmentez la taille de votre mise chaque fois que vous gagnez et la diminuez lorsque vous perdez. L'id\u00e9e est de b\u00e9n\u00e9ficier d'une s\u00e9rie de gains et de capitaliser sur les coups de chance tout en gardant les coups durs sous le coude.<\/p>\n<p>Par exemple, un joueur mise toujours sur un pari pair et mise C$1. Le premier tour s'est av\u00e9r\u00e9 victorieux et le joueur a maintenant gagn\u00e9 C$2. Ensuite, le joueur mise \u00e0 nouveau C$2, cette fois sur le noir, et obtient un autre gain, ce qui porte son gain \u00e0 C$4. Le joueur poursuit cette strat\u00e9gie jusqu'\u00e0 ce qu'il perde, ce qui le ram\u00e8ne \u00e0 la case d\u00e9part et lui permet de repartir \u00e0 z\u00e9ro avec des mises de C$1.<\/p>\n<p>Ce syst\u00e8me est class\u00e9 comme un syst\u00e8me de progression raide qui fonctionne mieux avec des paris ext\u00e9rieurs comme les paris sur les couleurs, les nombres pairs\/impairs, bas\/hauts, et similaires. Ces paris ont une probabilit\u00e9 de succ\u00e8s raisonnable, proche de 50%, ce qui aide le syst\u00e8me et les joueurs \u00e0 atteindre l'\u00e9quilibre entre la valeur attendue, la chance de gagner gros et un temps de jeu excitant.<\/p>\n<h3>Le syst\u00e8me D'Alembert<\/h3>\n<p>Jean-le-Rond D'Alembert \u00e9tait un brillant math\u00e9maticien fran\u00e7ais qui a mis au point le syst\u00e8me de paris D'Alembert pour la roulette. Ce syst\u00e8me peut \u00eatre consid\u00e9r\u00e9 comme la version la plus mod\u00e9r\u00e9e du syst\u00e8me Martingale, car il implique d'augmenter progressivement vos mises apr\u00e8s une perte, et de les diminuer lorsque vous \u00eates sur une s\u00e9rie de gains. Cette strat\u00e9gie de pari fait partie des strat\u00e9gies de progression plate, car elle n'est pas aussi agressive que le doublement des mises que l'on observe dans les paris Martingale.<\/p>\n<p>Le principe de la strat\u00e9gie de D'Alembert est que les paris finissent par s'\u00e9quilibrer et que, s'il y a eu une longue s\u00e9rie de chiffres \u00e9lev\u00e9s, il doit s'ensuivre une longue s\u00e9rie de chiffres faibles.<\/p>\n<p>Le syst\u00e8me s'applique mieux aux paris pairs, comme rouge\/noir, pair\/impair, et 1-18\/19-36, car ils ont une probabilit\u00e9 de gain proche de 50%.<\/p>\n<p>La chose la plus importante \u00e0 propos de cette strat\u00e9gie est de choisir le montant de la mise que vous allez ajouter ou soustraire de votre pari, selon que vous \u00eates sur une s\u00e9rie gagnante ou perdante, et g\u00e9n\u00e9ralement, ce montant est C$1. Les experts affirment que le montant ne doit pas d\u00e9passer 1% du solde de votre casino et que le meilleur ratio est de 0,50% ou 0,33% du solde.<\/p>\n<h2>Strat\u00e9gies de paris non progressifs \u00e0 la roulette<\/h2>\n<p>Elles sont tout \u00e0 fait \u00e0 l'oppos\u00e9 des strat\u00e9gies de paris progressifs \u00e0 la roulette qui impliquent des augmentations ou des diminutions rapides du montant des mises. Les strat\u00e9gies de paris non progressifs vous conseillent de continuer \u00e0 miser la m\u00eame valeur tout au long du jeu ou de changer les mises ; choisissez comme bon vous semble.<\/p>\n<h3>La strat\u00e9gie de mise constante \u00e0 la roulette<\/h3>\n<p>La strat\u00e9gie du pari constant ne peut pas \u00eatre consid\u00e9r\u00e9e comme une strat\u00e9gie de pari tr\u00e8s innovante, car c'est probablement celle que la plupart des joueurs utilisent sans s'en rendre compte. En effet, cette strat\u00e9gie de pari implique de miser le m\u00eame montant tout le temps.<\/p>\n<p>Par exemple, un joueur disposant d'un solde de C$1 000 choisit de s'asseoir \u00e0 une table de roulette \u00e0 mise minimale de $10. Il d\u00e9cide de miser sur le noir et de placer $10 sur chaque tour. Le r\u00e9sultat final sera soit que le joueur aura pass\u00e9 une heure ou deux \u00e0 s'amuser pour finalement tout perdre, soit qu'il aura doubl\u00e9 sa mise pour r\u00e9aliser un profit de 100%.<\/p>\n<p>Ce type de strat\u00e9gie de pari est un choix parfait pour ceux qui veulent gagner gros mais ne sont pas pr\u00eats \u00e0 prendre trop de risques.<\/p>\n<h3>La strat\u00e9gie de James Bond<\/h3>\n<p>Le c\u00e9l\u00e8bre agent du MI6 James Bond, \u00e9galement connu sous le nom d'agent 007, a \u00e9t\u00e9 cr\u00e9\u00e9 par Ian Flemming, qui a \u00e9crit de nombreux livres relatant les aventures de l'intr\u00e9pide agent, qui est \u00e9galement un joueur inv\u00e9t\u00e9r\u00e9 et un v\u00e9ritable homme \u00e0 femmes. Dans le roman \u201cCasino Royale\u201d, Bond teste sa chance et son habilet\u00e9 \u00e0 la table de roulette avec un syst\u00e8me de paris et une strat\u00e9gie de roulette qu'il a lui-m\u00eame \u00e9labor\u00e9s.<\/p>\n<p>Cette strat\u00e9gie a pour objectif de faire pencher la balance en sa faveur et est consid\u00e9r\u00e9e comme un syst\u00e8me de pari plat et non progressif. \u00c0 chaque tour, Bond place les paris suivants : C$140 sur les num\u00e9ros \u00e9lev\u00e9s de 19 \u00e0 36 ; C$50 sur les num\u00e9ros de 13 \u00e0 18 ; et C$10 sur 0 \u00e0 des fins d'assurance. Au final, la strat\u00e9gie de pari comprend 25 num\u00e9ros qui vous permettront de r\u00e9aliser des b\u00e9n\u00e9fices et 12 num\u00e9ros sur lesquels vous perdrez.<\/p>\n<p>Si l'un des paris s'av\u00e8re fructueux, vous pourrez pr\u00e9tendre \u00e0 un prix \u00e9lev\u00e9, mais la strat\u00e9gie est loin d'\u00eatre parfaite. Il peut y avoir des p\u00e9riodes o\u00f9 la balle ne touche que les num\u00e9ros de 1 \u00e0 12, ce qui vous fait perdre beaucoup d'argent. Les calculs indiquent qu'\u00e0 long terme, vous risquez de perdre C$20 tous les 37 tours, ce qui ne semble pas \u00e9norme et, en fin de compte, couvrir presque la moiti\u00e9 de la table en mises peut \u00eatre une bonne d\u00e9cision. Tout d\u00e9pend de votre chance.<\/p>\n<h3>Pari All-In<\/h3>\n<p>L'une des strat\u00e9gies de roulette qui implique la plus grande volatilit\u00e9 est la strat\u00e9gie de roulette all-in. Comme vous pouvez le d\u00e9duire de son nom, cette strat\u00e9gie de pari vous sugg\u00e8re de miser la totalit\u00e9 du solde du casino en un seul tour et au moins une fois sur des paris sp\u00e9cifiques en fonction de la taille de votre pile de jetons.<\/p>\n<p>Si vous commencez votre aventure avec C$100 et que vous souhaitez gagner C$1 000 ou plus, vous devez parier sur un seul num\u00e9ro, dont le paiement est de 36:1, ce qui vous permet de gagner C$3 600. Si vous voulez pimenter encore plus les choses, vous devez alors prendre C$3,600 et les placer sur une colonne ou une douzaine de paris. Si vous r\u00e9ussissez, vous pourriez vous retrouver avec plus de $10,000 de gains et quitter la table avec le sourire.<\/p>\n<p>Bien entendu, la mise all-in est la plus risqu\u00e9e de toutes. Il y a beaucoup \u00e0 gagner et \u00e0 perdre, et tout d\u00e9pend de ce que vous \u00eates pr\u00eat \u00e0 risquer. Si vous \u00eates un joueur \u00e0 la recherche de gros gains et pr\u00eat \u00e0 risquer ce qu'il faut, alors vous pourriez tirer le meilleur parti de la mise all-in.<\/p>\n<h2>Conclusion<\/h2>\n<p>Il n'existe pas de strat\u00e9gie de pari \u00e0 la roulette qui convienne \u00e0 tous les types de joueurs et \u00e0 tous les portefeuilles. Comme aucune strat\u00e9gie ne peut garantir le succ\u00e8s, les questions les plus importantes que vous devez vous poser sont les suivantes : quel style de jeu me convient le mieux et qu'est-ce que j'esp\u00e8re obtenir ? Si vous \u00eates un joueur qui pr\u00e9f\u00e8re jouer en toute s\u00e9curit\u00e9, le pari constant peut \u00eatre votre meilleur choix. Si vous \u00eates un amateur de sensations fortes, optez pour les paris all-in et gagnez beaucoup d'argent. Cependant, les joueurs doivent garder \u00e0 l'esprit que <strong>l'avantage est toujours du c\u00f4t\u00e9 de la maison<\/strong>, Pour sortir victorieux de cette confrontation, vous devez trouver votre style de jeu, croire en votre strat\u00e9gie et esp\u00e9rer un peu de chance.<\/p>","protected":false},"excerpt":{"rendered":"<p>Les meilleures strat\u00e9gies de roulette pour gagner en ligne On peut dire que la roulette appartient au groupe de jeux de casino ayant le plus long pedigree dans le monde des jeux bas\u00e9s sur la chance. De tous les jeux de casino, c'est la roulette qui contient la plus grande part de chance, car tout d\u00e9pend d'une roue et de l'endroit o\u00f9 une petite boule [...]<\/p>","protected":false},"author":1,"featured_media":0,"parent":474,"menu_order":0,"comment_status":"closed","ping_status":"closed","template":"","meta":{"_acf_changed":false,"footnotes":""},"class_list":["post-10719","page","type-page","status-publish","hentry"],"acf":[],"yoast_head":"<!-- This site is optimized with the Yoast SEO plugin v26.1.1 - https:\/\/yoast.com\/wordpress\/plugins\/seo\/ -->\n<title>Best Roulette Strategies<\/title>\n<meta name=\"robots\" content=\"index, follow, max-snippet:-1, max-image-preview:large, max-video-preview:-1\" \/>\n<link rel=\"canonical\" href=\"https:\/\/casinolion.ca\/fr\/online-roulette\/best-roulette-strategies\/\" \/>\n<meta property=\"og:locale\" content=\"fr_CA\" \/>\n<meta property=\"og:type\" content=\"article\" \/>\n<meta property=\"og:title\" content=\"Best Roulette Strategies\" \/>\n<meta property=\"og:description\" content=\"Best Roulette Strategies to Win Online Roulette could be said to belong to the group of casino games with the longest pedigree in the world of games based on luck. Out of all casino games, roulette contains the biggest element of luck, as it all depends on a wheel and where a little ball will [&hellip;]\" \/>\n<meta property=\"og:url\" content=\"https:\/\/casinolion.ca\/fr\/online-roulette\/best-roulette-strategies\/\" \/>\n<meta property=\"og:image\" content=\"https:\/\/www.casinolion.ca\/wp-content\/uploads\/2020\/04\/30468.jpg\" \/>\n<meta name=\"twitter:card\" content=\"summary_large_image\" \/>\n<meta name=\"twitter:label1\" content=\"Estimation du temps de lecture\" \/>\n\t<meta name=\"twitter:data1\" content=\"11 minutes\" \/>\n<script type=\"application\/ld+json\" class=\"yoast-schema-graph\">{\"@context\":\"https:\/\/schema.org\",\"@graph\":[{\"@type\":\"WebPage\",\"@id\":\"https:\/\/casinolion.ca\/online-roulette\/best-roulette-strategies\/\",\"url\":\"https:\/\/casinolion.ca\/online-roulette\/best-roulette-strategies\/\",\"name\":\"Best Roulette Strategies\",\"isPartOf\":{\"@id\":\"https:\/\/casinolion.ca\/fr\/#website\"},\"primaryImageOfPage\":{\"@id\":\"https:\/\/casinolion.ca\/online-roulette\/best-roulette-strategies\/#primaryimage\"},\"image\":{\"@id\":\"https:\/\/casinolion.ca\/online-roulette\/best-roulette-strategies\/#primaryimage\"},\"thumbnailUrl\":\"https:\/\/www.casinolion.ca\/wp-content\/uploads\/2020\/04\/30468.jpg\",\"datePublished\":\"2020-04-27T01:35:08+00:00\",\"breadcrumb\":{\"@id\":\"https:\/\/casinolion.ca\/online-roulette\/best-roulette-strategies\/#breadcrumb\"},\"inLanguage\":\"fr-CA\",\"potentialAction\":[{\"@type\":\"ReadAction\",\"target\":[\"https:\/\/casinolion.ca\/online-roulette\/best-roulette-strategies\/\"]}]},{\"@type\":\"ImageObject\",\"inLanguage\":\"fr-CA\",\"@id\":\"https:\/\/casinolion.ca\/online-roulette\/best-roulette-strategies\/#primaryimage\",\"url\":\"https:\/\/www.casinolion.ca\/wp-content\/uploads\/2020\/04\/30468.jpg\",\"contentUrl\":\"https:\/\/www.casinolion.ca\/wp-content\/uploads\/2020\/04\/30468.jpg\"},{\"@type\":\"BreadcrumbList\",\"@id\":\"https:\/\/casinolion.ca\/online-roulette\/best-roulette-strategies\/#breadcrumb\",\"itemListElement\":[{\"@type\":\"ListItem\",\"position\":1,\"name\":\"Home\",\"item\":\"https:\/\/casinolion.ca\/\"},{\"@type\":\"ListItem\",\"position\":2,\"name\":\"Play\u00a0Online Roulette for Real Money\",\"item\":\"https:\/\/casinolion.ca\/online-roulette\/\"},{\"@type\":\"ListItem\",\"position\":3,\"name\":\"Best Roulette Strategies\"}]},{\"@type\":\"WebSite\",\"@id\":\"https:\/\/casinolion.ca\/fr\/#website\",\"url\":\"https:\/\/casinolion.ca\/fr\/\",\"name\":\"\",\"description\":\"\",\"potentialAction\":[{\"@type\":\"SearchAction\",\"target\":{\"@type\":\"EntryPoint\",\"urlTemplate\":\"https:\/\/casinolion.ca\/fr\/?s={search_term_string}\"},\"query-input\":{\"@type\":\"PropertyValueSpecification\",\"valueRequired\":true,\"valueName\":\"search_term_string\"}}],\"inLanguage\":\"fr-CA\"}]}<\/script>\n<!-- \/ Yoast SEO plugin. -->","yoast_head_json":{"title":"Meilleures strat\u00e9gies de roulette","robots":{"index":"index","follow":"follow","max-snippet":"max-snippet:-1","max-image-preview":"max-image-preview:large","max-video-preview":"max-video-preview:-1"},"canonical":"https:\/\/casinolion.ca\/fr\/online-roulette\/best-roulette-strategies\/","og_locale":"fr_CA","og_type":"article","og_title":"Best Roulette Strategies","og_description":"Best Roulette Strategies to Win Online Roulette could be said to belong to the group of casino games with the longest pedigree in the world of games based on luck. Out of all casino games, roulette contains the biggest element of luck, as it all depends on a wheel and where a little ball will [&hellip;]","og_url":"https:\/\/casinolion.ca\/fr\/online-roulette\/best-roulette-strategies\/","og_image":[{"url":"https:\/\/www.casinolion.ca\/wp-content\/uploads\/2020\/04\/30468.jpg","type":"","width":"","height":""}],"twitter_card":"summary_large_image","twitter_misc":{"Estimation du temps de lecture":"11 minutes"},"schema":{"@context":"https:\/\/schema.org","@graph":[{"@type":"WebPage","@id":"https:\/\/casinolion.ca\/online-roulette\/best-roulette-strategies\/","url":"https:\/\/casinolion.ca\/online-roulette\/best-roulette-strategies\/","name":"Meilleures strat\u00e9gies de roulette","isPartOf":{"@id":"https:\/\/casinolion.ca\/fr\/#website"},"primaryImageOfPage":{"@id":"https:\/\/casinolion.ca\/online-roulette\/best-roulette-strategies\/#primaryimage"},"image":{"@id":"https:\/\/casinolion.ca\/online-roulette\/best-roulette-strategies\/#primaryimage"},"thumbnailUrl":"https:\/\/www.casinolion.ca\/wp-content\/uploads\/2020\/04\/30468.jpg","datePublished":"2020-04-27T01:35:08+00:00","breadcrumb":{"@id":"https:\/\/casinolion.ca\/online-roulette\/best-roulette-strategies\/#breadcrumb"},"inLanguage":"fr-CA","potentialAction":[{"@type":"ReadAction","target":["https:\/\/casinolion.ca\/online-roulette\/best-roulette-strategies\/"]}]},{"@type":"ImageObject","inLanguage":"fr-CA","@id":"https:\/\/casinolion.ca\/online-roulette\/best-roulette-strategies\/#primaryimage","url":"https:\/\/www.casinolion.ca\/wp-content\/uploads\/2020\/04\/30468.jpg","contentUrl":"https:\/\/www.casinolion.ca\/wp-content\/uploads\/2020\/04\/30468.jpg"},{"@type":"BreadcrumbList","@id":"https:\/\/casinolion.ca\/online-roulette\/best-roulette-strategies\/#breadcrumb","itemListElement":[{"@type":"ListItem","position":1,"name":"Home","item":"https:\/\/casinolion.ca\/"},{"@type":"ListItem","position":2,"name":"Play\u00a0Online Roulette for Real Money","item":"https:\/\/casinolion.ca\/online-roulette\/"},{"@type":"ListItem","position":3,"name":"Best Roulette Strategies"}]},{"@type":"WebSite","@id":"https:\/\/casinolion.ca\/fr\/#website","url":"https:\/\/casinolion.ca\/fr\/","name":"","description":"","potentialAction":[{"@type":"SearchAction","target":{"@type":"EntryPoint","urlTemplate":"https:\/\/casinolion.ca\/fr\/?s={search_term_string}"},"query-input":{"@type":"PropertyValueSpecification","valueRequired":true,"valueName":"search_term_string"}}],"inLanguage":"fr-CA"}]}},"_links":{"self":[{"href":"https:\/\/casinolion.ca\/fr\/wp-json\/wp\/v2\/pages\/10719","targetHints":{"allow":["GET"]}}],"collection":[{"href":"https:\/\/casinolion.ca\/fr\/wp-json\/wp\/v2\/pages"}],"about":[{"href":"https:\/\/casinolion.ca\/fr\/wp-json\/wp\/v2\/types\/page"}],"author":[{"embeddable":true,"href":"https:\/\/casinolion.ca\/fr\/wp-json\/wp\/v2\/users\/1"}],"replies":[{"embeddable":true,"href":"https:\/\/casinolion.ca\/fr\/wp-json\/wp\/v2\/comments?post=10719"}],"version-history":[{"count":0,"href":"https:\/\/casinolion.ca\/fr\/wp-json\/wp\/v2\/pages\/10719\/revisions"}],"up":[{"embeddable":true,"href":"https:\/\/casinolion.ca\/fr\/wp-json\/wp\/v2\/pages\/474"}],"wp:attachment":[{"href":"https:\/\/casinolion.ca\/fr\/wp-json\/wp\/v2\/media?parent=10719"}],"curies":[{"name":"wp","href":"https:\/\/api.w.org\/{rel}","templated":true}]}}