
{"id":10786,"date":"2020-05-05T01:49:13","date_gmt":"2020-05-05T01:49:13","guid":{"rendered":"https:\/\/www.canadiancasinos.ca\/?page_id=10786"},"modified":"2020-05-05T01:49:13","modified_gmt":"2020-05-05T01:49:13","slug":"how-does-rng-work-in-online-casinos","status":"publish","type":"page","link":"https:\/\/casinolion.ca\/fr\/how-does-rng-work-in-online-casinos\/","title":{"rendered":"Comment fonctionne le RNG dans les casinos en ligne ?"},"content":{"rendered":"<p>\u00c0 l'\u00e9poque des machines \u00e0 sous m\u00e9caniques, les joueurs pensaient pouvoir influencer les gains en \u201calimentant\u201d la machine avec des pi\u00e8ces de monnaie. D'autre part, la rumeur a<\/p>\n<p><img decoding=\"async\" class=\"alignright wp-image-10787 size-medium\" src=\"https:\/\/www.casinolion.ca\/wp-content\/uploads\/2020\/05\/slotegratornews-generate-571170f510-280x190.jpg\" alt=\"\" width=\"280\" height=\"190\" srcset=\"https:\/\/casinolion.ca\/wp-content\/uploads\/2020\/05\/slotegratornews-generate-571170f510-280x190.jpg 280w, https:\/\/casinolion.ca\/wp-content\/uploads\/2020\/05\/slotegratornews-generate-571170f510-150x102.jpg 150w, https:\/\/casinolion.ca\/wp-content\/uploads\/2020\/05\/slotegratornews-generate-571170f510-53x36.jpg 53w, https:\/\/casinolion.ca\/wp-content\/uploads\/2020\/05\/slotegratornews-generate-571170f510-133x90.jpg 133w, https:\/\/casinolion.ca\/wp-content\/uploads\/2020\/05\/slotegratornews-generate-571170f510.jpg 650w\" sizes=\"(max-width: 280px) 100vw, 280px\" \/><\/p>\n<p>Il est connu que les casinos avaient l'habitude de contr\u00f4ler le nombre de pi\u00e8ces dans les machines pour \u00e9viter les retraits fr\u00e9quents. Toutefois, m\u00eame si cela \u00e9tait possible auparavant, ce n'est plus le cas aujourd'hui.<\/p>\n<p>Lorsque nous sommes entr\u00e9s dans l'\u00e8re du d\u00e9veloppement technologique et des casinos en ligne, ces th\u00e9ories sont tomb\u00e9es en poussi\u00e8re gr\u00e2ce \u00e0 l'invention du g\u00e9n\u00e9rateur de nombres al\u00e9atoires (Random Number Generator, RNG). Le RNG est un logiciel destin\u00e9 \u00e0 garantir l'\u00e9quit\u00e9 et le caract\u00e8re al\u00e9atoire des jeux de casino, et vous pouvez en savoir plus \u00e0 ce sujet dans le texte ci-dessous.<\/p>\n<h2>Qu'est-ce que le RNG et comment fonctionne-t-il ?<\/h2>\n<p>Le g\u00e9n\u00e9rateur de nombres al\u00e9atoires est un code de programme qui utilise l'algorithme MD5 int\u00e9gr\u00e9 au logiciel d'un casino. Son r\u00f4le est de g\u00e9n\u00e9rer des symboles ou des nombres al\u00e9atoires utilis\u00e9s dans divers jeux de casino et d'exclure totalement la possibilit\u00e9 d'en modifier les r\u00e9sultats.<\/p>\n<p>L'objectif est d'\u00e9viter la r\u00e9p\u00e9tition d'un mod\u00e8le particulier et de garantir des r\u00e9sultats diff\u00e9rents \u00e0 chaque fois, ce qui est possible gr\u00e2ce aux \u00e9quations et formules math\u00e9matiques qui constituent l'algorithme du RNG. Enfin, le caract\u00e8re al\u00e9atoire des jeux dans les casinos en ligne doit ressembler \u00e0 celui des \u00e9tablissements terrestres.<\/p>\n<p>Supposons que vous jouiez au poker dans un casino terrestre. Avant chaque partie, le croupier m\u00e9lange les cartes, garantissant ainsi le caract\u00e8re al\u00e9atoire du jeu. Ensuite, les cartes que vous obtiendrez seront les premi\u00e8res cartes sup\u00e9rieures du jeu qui sont absolument inconnues de quiconque.<\/p>\n<p>Cependant, dans les casinos en ligne, il n'y a pas de croupier pour m\u00e9langer le jeu de cartes, et c'est donc le logiciel du casino qui s'en charge. C'est \u00e0 ce moment-l\u00e0 que le RNG entre en jeu et fournit des nombres al\u00e9atoires qui d\u00e9terminent la carte que vous obtiendrez.<\/p>\n<h2>Types de RNG<\/h2>\n<p>Il existe deux types de g\u00e9n\u00e9rateurs de nombres al\u00e9atoires : les RNG mat\u00e9riels et les RNG pseudo-al\u00e9atoires. Bien que l'objectif soit le m\u00eame pour les deux, ils diff\u00e8rent \u00e0 certains \u00e9gards.<\/p>\n<h3>G\u00e9n\u00e9rateur de nombres al\u00e9atoires mat\u00e9riel<\/h3>\n<p>Le g\u00e9n\u00e9rateur de nombres al\u00e9atoires mat\u00e9riel est une sorte de gadget externe que les casinos connectent \u00e0 leur serveur via un port USB. Il s'agit d'une petite carte ou d'une puce int\u00e9gr\u00e9e dans un appareil qui produit une s\u00e9rie al\u00e9atoire de nombres d\u00e9clench\u00e9e par des ph\u00e9nom\u00e8nes atmosph\u00e9riques instables ou des processus physiques.<\/p>\n<p>Ce type de RNG est \u00e9galement appel\u00e9 g\u00e9n\u00e9rateur de nombres al\u00e9atoires (True Random Number Generator) et a \u00e9t\u00e9 utilis\u00e9 dans les casinos terrestres. Une fois connect\u00e9, le dispositif utilise des valeurs compos\u00e9es comme point de d\u00e9part pour d\u00e9velopper un r\u00e9sultat, par exemple, pour un jeu de roulette. Contrairement \u00e0 ce que beaucoup pensent, le RNG mat\u00e9riel ne peut pas \u00eatre truqu\u00e9, car il est plac\u00e9 \u00e0 l'int\u00e9rieur de la machine et correctement s\u00e9curis\u00e9.<\/p>\n<h3>G\u00e9n\u00e9rateur de nombres pseudo-al\u00e9atoires<\/h3>\n<p>Le g\u00e9n\u00e9rateur de nombres pseudo-al\u00e9atoires est un outil utilis\u00e9 pour garantir le caract\u00e8re al\u00e9atoire des jeux dans les casinos en ligne. Contrairement au RNG mat\u00e9riel, le g\u00e9n\u00e9rateur de nombres pseudo-al\u00e9atoires est un logiciel qui utilise un algorithme math\u00e9matique au lieu d'un dispositif physique. Ce code de programme est charg\u00e9 de g\u00e9n\u00e9rer des nombres al\u00e9atoires et de d\u00e9terminer le r\u00e9sultat des jeux.<\/p>\n<p>Le PRNG produit constamment de nouvelles s\u00e9quences de nombres al\u00e9atoires. Son point de d\u00e9part est le nombre avec des millions de chiffres apr\u00e8s la d\u00e9cimale. Ensuite, \u00e0 partir de ce nombre de d\u00e9part, de nombreuses op\u00e9rations math\u00e9matiques sont effectu\u00e9es pour calculer la valeur suppl\u00e9mentaire et g\u00e9n\u00e9rer le r\u00e9sultat d'un jeu. Outre les casinos en ligne qui utilisent le PRNG, les fournisseurs de jeux l'int\u00e8grent \u00e9galement dans la production des jeux afin de garantir l'\u00e9quit\u00e9 des titres.<\/p>\n<h2>Pourquoi le RNG est-il vital pour les casinos en ligne ?<\/h2>\n<p>Le RNG est un \u00e9l\u00e9ment essentiel de l'industrie des jeux en ligne, car il garantit des jeux \u00e9quitables et al\u00e9atoires. Si les casinos n'assurent pas le caract\u00e8re al\u00e9atoire des jeux, la jouabilit\u00e9 seule deviendrait rapidement pr\u00e9visible et peu attrayante pour les joueurs. En outre, s'il existait un mod\u00e8le li\u00e9 \u00e0 un jeu particulier, les joueurs le d\u00e9couvriraient facilement et l'utiliseraient \u00e0 leur avantage, ce qui conduirait le casino \u00e0 la faillite.<\/p>\n<h2>Comment savoir si un casino utilise le RNG ?<\/h2>\n<p>De nos jours, les casinos en ligne doivent se conformer \u00e0 des r\u00e8gles et r\u00e9glementations sp\u00e9cifiques impos\u00e9es par les organismes de r\u00e9gulation des jeux en ligne. Outre le fait d'op\u00e9rer sous une licence l\u00e9gale, les casinos doivent s'assurer que leurs jeux sont \u00e9quitables et al\u00e9atoires.<\/p>\n<p>Pour pouvoir prouver le caract\u00e8re al\u00e9atoire des jeux, les casinos en ligne font appel \u00e0 des soci\u00e9t\u00e9s d'audit ind\u00e9pendantes charg\u00e9es de tester le RNG d'un casino. Lorsqu'une telle agence d\u00e9termine que le r\u00e9sultat des jeux est totalement al\u00e9atoire, le casino re\u00e7oit un certificat de conformit\u00e9 RNG.<\/p>\n<p>Ce certificat sert \u00e0 garantir l'int\u00e9grit\u00e9 du casino et se trouve g\u00e9n\u00e9ralement sur la page d'accueil du site. Toutefois, afin de prot\u00e9ger les donn\u00e9es sensibles contenues dans le rapport original, les op\u00e9rateurs de casinos en ligne ne communiquent que le logo de l'auditeur qui a effectu\u00e9 le test et son sceau d'approbation.<\/p>\n<h2>Est-il possible de tricher avec le RNG ?<\/h2>\n<p>Bien que toute cette histoire sur les g\u00e9n\u00e9rateurs de nombres al\u00e9atoires qui rendent les jeux en ligne 100% \u00e9quitables et al\u00e9atoires soit plut\u00f4t digne de confiance, en th\u00e9orie, il est possible de contourner cette couche de protection. En effet, le RNG fait partie d'un logiciel informatique, et il est bien connu que tout ce qui touche aux ordinateurs peut \u00eatre pirat\u00e9.<\/p>\n<p>Cependant, pirater un logiciel de casino est plus facile \u00e0 dire qu'\u00e0 faire. En outre, si nous prenons l'exemple d'un joueur de casino moyen, il ne pourra jamais s'introduire dans le syst\u00e8me cr\u00e9\u00e9 par des milliers de math\u00e9maticiens. Et m\u00eame s'ils parvenaient \u00e0 tromper le logiciel et \u00e0 l'utiliser, ils seraient t\u00f4t ou tard d\u00e9couverts et poursuivis pour de telles actions.<\/p>\n<h2>Conclusion<\/h2>\n<p>En r\u00e9sum\u00e9, si vous envisagez de jouer \u00e0 des jeux dans des casinos en ligne, recherchez toujours un certificat de conformit\u00e9 RNG. Un tel signe signifie que les jeux de casino ont \u00e9t\u00e9 v\u00e9rifi\u00e9s par une soci\u00e9t\u00e9 d'audit ind\u00e9pendante et qu'ils sont officiellement \u00e9quitables et al\u00e9atoires. Enfin, m\u00eame s'il existe un faible risque de piratage du RNG, essayez d'\u00e9viter de telles actions et rappelez-vous qu'il est toujours pr\u00e9f\u00e9rable d'utiliser les jeux de casino en ligne uniquement comme une activit\u00e9 permettant de perdre du temps.<\/p>","protected":false},"excerpt":{"rendered":"<p>\u00c0 l'\u00e9poque des machines \u00e0 sous m\u00e9caniques, les joueurs pensaient pouvoir influencer les gains en \u201calimentant\u201d la machine en pi\u00e8ces de monnaie. D'autre part, la rumeur veut que les casinos aient pris le contr\u00f4le du nombre de pi\u00e8ces dans les machines afin d'\u00e9viter les retraits fr\u00e9quents. Cependant, m\u00eame si cela a \u00e9t\u00e9 possible [...]<\/p>","protected":false},"author":1,"featured_media":0,"parent":0,"menu_order":22,"comment_status":"closed","ping_status":"closed","template":"","meta":{"_acf_changed":false,"footnotes":""},"class_list":["post-10786","page","type-page","status-publish","hentry"],"acf":[],"yoast_head":"<!-- This site is optimized with the Yoast SEO plugin v26.1.1 - https:\/\/yoast.com\/wordpress\/plugins\/seo\/ -->\n<title>How Does RNG Work in Online Casinos?<\/title>\n<meta name=\"robots\" content=\"index, follow, max-snippet:-1, max-image-preview:large, max-video-preview:-1\" \/>\n<link rel=\"canonical\" href=\"https:\/\/casinolion.ca\/fr\/how-does-rng-work-in-online-casinos\/\" \/>\n<meta property=\"og:locale\" content=\"fr_CA\" \/>\n<meta property=\"og:type\" content=\"article\" \/>\n<meta property=\"og:title\" content=\"How Does RNG Work in Online Casinos?\" \/>\n<meta property=\"og:description\" content=\"Back in time when mechanical slot machines were the thing, players believed they could influence the payout by \u201cfeeding\u201d the machine with coins. On the other hand, rumor h as it that casinos used to take control of the number of coins in machines to prevent frequent cashouts. However, even if this has been possible [&hellip;]\" \/>\n<meta property=\"og:url\" content=\"https:\/\/casinolion.ca\/fr\/how-does-rng-work-in-online-casinos\/\" \/>\n<meta property=\"og:image\" content=\"https:\/\/www.casinolion.ca\/wp-content\/uploads\/2020\/05\/slotegratornews-generate-571170f510-280x190.jpg\" \/>\n<meta name=\"twitter:card\" content=\"summary_large_image\" \/>\n<meta name=\"twitter:label1\" content=\"Estimation du temps de lecture\" \/>\n\t<meta name=\"twitter:data1\" content=\"5 minutes\" \/>\n<script type=\"application\/ld+json\" class=\"yoast-schema-graph\">{\"@context\":\"https:\/\/schema.org\",\"@graph\":[{\"@type\":\"WebPage\",\"@id\":\"https:\/\/casinolion.ca\/how-does-rng-work-in-online-casinos\/\",\"url\":\"https:\/\/casinolion.ca\/how-does-rng-work-in-online-casinos\/\",\"name\":\"How Does RNG Work in Online Casinos?\",\"isPartOf\":{\"@id\":\"https:\/\/casinolion.ca\/fr\/#website\"},\"primaryImageOfPage\":{\"@id\":\"https:\/\/casinolion.ca\/how-does-rng-work-in-online-casinos\/#primaryimage\"},\"image\":{\"@id\":\"https:\/\/casinolion.ca\/how-does-rng-work-in-online-casinos\/#primaryimage\"},\"thumbnailUrl\":\"https:\/\/www.casinolion.ca\/wp-content\/uploads\/2020\/05\/slotegratornews-generate-571170f510-280x190.jpg\",\"datePublished\":\"2020-05-05T01:49:13+00:00\",\"breadcrumb\":{\"@id\":\"https:\/\/casinolion.ca\/how-does-rng-work-in-online-casinos\/#breadcrumb\"},\"inLanguage\":\"fr-CA\",\"potentialAction\":[{\"@type\":\"ReadAction\",\"target\":[\"https:\/\/casinolion.ca\/how-does-rng-work-in-online-casinos\/\"]}]},{\"@type\":\"ImageObject\",\"inLanguage\":\"fr-CA\",\"@id\":\"https:\/\/casinolion.ca\/how-does-rng-work-in-online-casinos\/#primaryimage\",\"url\":\"https:\/\/www.casinolion.ca\/wp-content\/uploads\/2020\/05\/slotegratornews-generate-571170f510-280x190.jpg\",\"contentUrl\":\"https:\/\/www.casinolion.ca\/wp-content\/uploads\/2020\/05\/slotegratornews-generate-571170f510-280x190.jpg\"},{\"@type\":\"BreadcrumbList\",\"@id\":\"https:\/\/casinolion.ca\/how-does-rng-work-in-online-casinos\/#breadcrumb\",\"itemListElement\":[{\"@type\":\"ListItem\",\"position\":1,\"name\":\"Home\",\"item\":\"https:\/\/casinolion.ca\/\"},{\"@type\":\"ListItem\",\"position\":2,\"name\":\"How Does RNG Work in Online Casinos?\"}]},{\"@type\":\"WebSite\",\"@id\":\"https:\/\/casinolion.ca\/fr\/#website\",\"url\":\"https:\/\/casinolion.ca\/fr\/\",\"name\":\"\",\"description\":\"\",\"potentialAction\":[{\"@type\":\"SearchAction\",\"target\":{\"@type\":\"EntryPoint\",\"urlTemplate\":\"https:\/\/casinolion.ca\/fr\/?s={search_term_string}\"},\"query-input\":{\"@type\":\"PropertyValueSpecification\",\"valueRequired\":true,\"valueName\":\"search_term_string\"}}],\"inLanguage\":\"fr-CA\"}]}<\/script>\n<!-- \/ Yoast SEO plugin. -->","yoast_head_json":{"title":"Comment fonctionne le RNG dans les casinos en ligne ?","robots":{"index":"index","follow":"follow","max-snippet":"max-snippet:-1","max-image-preview":"max-image-preview:large","max-video-preview":"max-video-preview:-1"},"canonical":"https:\/\/casinolion.ca\/fr\/how-does-rng-work-in-online-casinos\/","og_locale":"fr_CA","og_type":"article","og_title":"How Does RNG Work in Online Casinos?","og_description":"Back in time when mechanical slot machines were the thing, players believed they could influence the payout by \u201cfeeding\u201d the machine with coins. On the other hand, rumor h as it that casinos used to take control of the number of coins in machines to prevent frequent cashouts. However, even if this has been possible [&hellip;]","og_url":"https:\/\/casinolion.ca\/fr\/how-does-rng-work-in-online-casinos\/","og_image":[{"url":"https:\/\/www.casinolion.ca\/wp-content\/uploads\/2020\/05\/slotegratornews-generate-571170f510-280x190.jpg","type":"","width":"","height":""}],"twitter_card":"summary_large_image","twitter_misc":{"Estimation du temps de lecture":"5 minutes"},"schema":{"@context":"https:\/\/schema.org","@graph":[{"@type":"WebPage","@id":"https:\/\/casinolion.ca\/how-does-rng-work-in-online-casinos\/","url":"https:\/\/casinolion.ca\/how-does-rng-work-in-online-casinos\/","name":"Comment fonctionne le RNG dans les casinos en ligne ?","isPartOf":{"@id":"https:\/\/casinolion.ca\/fr\/#website"},"primaryImageOfPage":{"@id":"https:\/\/casinolion.ca\/how-does-rng-work-in-online-casinos\/#primaryimage"},"image":{"@id":"https:\/\/casinolion.ca\/how-does-rng-work-in-online-casinos\/#primaryimage"},"thumbnailUrl":"https:\/\/www.casinolion.ca\/wp-content\/uploads\/2020\/05\/slotegratornews-generate-571170f510-280x190.jpg","datePublished":"2020-05-05T01:49:13+00:00","breadcrumb":{"@id":"https:\/\/casinolion.ca\/how-does-rng-work-in-online-casinos\/#breadcrumb"},"inLanguage":"fr-CA","potentialAction":[{"@type":"ReadAction","target":["https:\/\/casinolion.ca\/how-does-rng-work-in-online-casinos\/"]}]},{"@type":"ImageObject","inLanguage":"fr-CA","@id":"https:\/\/casinolion.ca\/how-does-rng-work-in-online-casinos\/#primaryimage","url":"https:\/\/www.casinolion.ca\/wp-content\/uploads\/2020\/05\/slotegratornews-generate-571170f510-280x190.jpg","contentUrl":"https:\/\/www.casinolion.ca\/wp-content\/uploads\/2020\/05\/slotegratornews-generate-571170f510-280x190.jpg"},{"@type":"BreadcrumbList","@id":"https:\/\/casinolion.ca\/how-does-rng-work-in-online-casinos\/#breadcrumb","itemListElement":[{"@type":"ListItem","position":1,"name":"Home","item":"https:\/\/casinolion.ca\/"},{"@type":"ListItem","position":2,"name":"How Does RNG Work in Online Casinos?"}]},{"@type":"WebSite","@id":"https:\/\/casinolion.ca\/fr\/#website","url":"https:\/\/casinolion.ca\/fr\/","name":"","description":"","potentialAction":[{"@type":"SearchAction","target":{"@type":"EntryPoint","urlTemplate":"https:\/\/casinolion.ca\/fr\/?s={search_term_string}"},"query-input":{"@type":"PropertyValueSpecification","valueRequired":true,"valueName":"search_term_string"}}],"inLanguage":"fr-CA"}]}},"_links":{"self":[{"href":"https:\/\/casinolion.ca\/fr\/wp-json\/wp\/v2\/pages\/10786","targetHints":{"allow":["GET"]}}],"collection":[{"href":"https:\/\/casinolion.ca\/fr\/wp-json\/wp\/v2\/pages"}],"about":[{"href":"https:\/\/casinolion.ca\/fr\/wp-json\/wp\/v2\/types\/page"}],"author":[{"embeddable":true,"href":"https:\/\/casinolion.ca\/fr\/wp-json\/wp\/v2\/users\/1"}],"replies":[{"embeddable":true,"href":"https:\/\/casinolion.ca\/fr\/wp-json\/wp\/v2\/comments?post=10786"}],"version-history":[{"count":0,"href":"https:\/\/casinolion.ca\/fr\/wp-json\/wp\/v2\/pages\/10786\/revisions"}],"wp:attachment":[{"href":"https:\/\/casinolion.ca\/fr\/wp-json\/wp\/v2\/media?parent=10786"}],"curies":[{"name":"wp","href":"https:\/\/api.w.org\/{rel}","templated":true}]}}