
{"id":10896,"date":"2020-05-18T12:12:18","date_gmt":"2020-05-18T12:12:18","guid":{"rendered":"https:\/\/www.canadiancasinos.ca\/?page_id=10896"},"modified":"2023-08-17T12:32:51","modified_gmt":"2023-08-17T12:32:51","slug":"starburst","status":"publish","type":"page","link":"https:\/\/casinolion.ca\/fr\/online-slots\/starburst\/","title":{"rendered":"Combinaison d'\u00e9toiles"},"content":{"rendered":"<div id=\"PlayFreeGame\" class=\"game_box\" style=\"padding-bottom: 75%; margin-bottom: 30px; background-size:cover; background-repeat:no-repeat;background-color:  #d24d57; background-image: url('https:\/\/a1.lcb.org\/system\/modules\/game\/images\/attachments\/000\/420\/780\/original\/Starburst1.jpg?1650961820');\">\n                        <i class=\"fas fa-play-circle\"><\/i>\n                     <\/div>\n                     <script>\n                        let iframe = '<iframe loading=\"lazy\" src=\"https:\/\/slotslaunch.com\/iframe\/9759?token=rvgmcR4z0DADcCv3Hy0pVy9HQf7iaZ9tGNS9qWMaoIJPRjmw38\" width=\"930\" height=\"576\" frameborder=\"0\" allowTransparency=\"true\" bgcolor=\"#FFFFFF\" style=\"background-color: black;\"><\/iframe>';\n                        let holder = document.querySelector(\"#PlayFreeGame\");\n                        holder.addEventListener(\"click\", function(){\n                            holder.innerHTML = iframe;\n                        });\n                    <\/script><h2 id=\"Starburst-data-and-features\">Donn\u00e9es et caract\u00e9ristiques de Starburst<\/h2>\n                <table class=\"tablepress\">\n                    <tbody><tr><td><strong>Enrouleurs<\/strong><\/td><td>5<\/td><\/tr><tr><td><strong>Lignes de paiement<\/strong><\/td><td>10<\/td><\/tr><tr><td><strong>Jackpot maximum<\/strong><\/td><td>$2,500.00<\/td><\/tr><tr><td><strong>Pourcentage de paiement<\/strong><\/td><td>96.100<\/td><\/tr><tr><td><strong>Symbole Wild<\/strong><\/td><td>Oui<\/td><\/tr><tr><td><strong>Multiplicateur<\/strong><\/td><td>Non<\/td><\/tr><tr><td><strong>Gamme de paris<\/strong><\/td><td>0.1 - 100<\/td><\/tr><tr><td><strong>Plage de mise des pi\u00e8ces<\/strong><\/td><td>0.01 - 1<\/td><\/tr><tr><td><strong>Pi\u00e8ces par ligne<\/strong><\/td><td>10<\/td><\/tr><tr><td><strong>Progressif<\/strong><\/td><td>Non<\/td><\/tr><tr><td><strong>Max coins jackpot<\/strong><\/td><td>2500<\/td><\/tr><tr><td><strong>Pi\u00e8ces maximales<\/strong><\/td><td>1<\/td><\/tr><tr><td><strong>Symbole Scatter<\/strong><\/td><td>Oui<\/td><\/tr><tr><td><strong>Tours gratuits disponibles<\/strong><\/td><td>Non<\/td><\/tr><tr><td><strong>Jeu bonus<\/strong><\/td><td>Oui<\/td><\/tr><tr><td><strong>Acheter la fonctionnalit\u00e9<\/strong><\/td><td>Non<\/td><\/tr><tr><td><strong>Th\u00e8me du jeu<\/strong><\/td><td>Pierres pr\u00e9cieuses et bijoux<\/td><\/tr><tr><td><strong>Volatilit\u00e9<\/strong><\/td><td>Faible<\/td><\/tr><\/tbody><\/table>\n<p><center><a class=\"btn primary\" href=\"https:\/\/casinolion.ca\/fr\/visit\/leo-vegas\/\" target=\"_blank\" rel=\"nofollow noopener noreferrer\">Jouer \u00e0 Starburst avec de l'argent r\u00e9el<\/a><\/center>&nbsp;<\/p>\n<p><strong><em>Verdict rapide<\/em><\/strong><em>: Combinaison d'\u00e9toiles de <a href=\"https:\/\/casinolion.ca\/fr\/netent-casinos-canada\/\">NetEnt<\/a> est une machine \u00e0 sous vid\u00e9o tr\u00e8s recherch\u00e9e. C'est le jeu le plus populaire de NetEnt et il est pr\u00e9sent dans la majorit\u00e9 des casinos en ligne. Le jeu propose 10 lignes de paiement ajustables et se joue sur un \u00e9cran 5\u00d73. Starburst a une touche vintage, y compris les effets sonores et visuels. Le gameplay est simple et les bonus peuvent conduire \u00e0 des gains massifs, m\u00eame si le RTP a une valeur m\u00e9diane de 96,1%.<\/em><\/p>\n<h2>L'histoire de Starburst<\/h2>\n<p>Pour \u00eatre honn\u00eate, il n'y a pas vraiment de th\u00e8me r\u00e9current dans le jeu Starburst. Cependant, ce jeu se distingue des autres machines \u00e0 sous en ligne car il est l'un des premiers jeux de machines \u00e0 sous uniques \u00e0 \u00eatre apparus sur le march\u00e9. NetEnt s'est assur\u00e9 de proposer un jeu que personne n'avait jamais vu auparavant et c'est ainsi que Starburst est n\u00e9.<\/p>\n<p>Contrairement \u00e0 nombre de ses pr\u00e9d\u00e9cesseurs, cette machine \u00e0 sous ne se contente pas d'imiter les jeux de machines \u00e0 sous de style Vegas. Starburst a l'air d'une machine \u00e0 sous vintage, avec les symboles habituels d'une machine \u00e0 sous : sept porte-bonheur, barres et bijoux.<\/p>\n<p>L'ambiance g\u00e9n\u00e9rale du jeu est optimiste et l'arri\u00e8re-plan pr\u00e9sente un ciel nocturne \u00e9toil\u00e9. Au fur et \u00e0 mesure que le jeu progresse, les joueurs ont l'impression de se retrouver dans une atmosph\u00e8re spatiale semblable \u00e0 celle des jeux de machines \u00e0 sous vid\u00e9o traditionnels des casinos en dur.<\/p>\n<h2>Visuels et effets sonores<\/h2>\n<p>Starburst a \u00e9t\u00e9 lanc\u00e9 au d\u00e9but de l'ann\u00e9e 2012 et depuis, il offre une exp\u00e9rience sensorielle cosmique \u00e0 ses utilisateurs. Le ton g\u00e9n\u00e9ral de ce jeu de machines \u00e0 sous est plut\u00f4t joyeux, tandis que la musique \u00e9lectronique emm\u00e8ne les joueurs dans un voyage dans l'espace avec des visuels bleu fonc\u00e9 et violets.<\/p>\n<p>Bien que le jeu ait plus de huit ans, vous pouvez vous attendre \u00e0 une r\u00e9solution haute d\u00e9finition lorsqu'il s'agit de jouer \u00e0 ce jeu. Le logiciel \u00e9tant \u00e0 jour, il se peut que le jeu soit un peu lent si votre vitesse d'acc\u00e8s \u00e0 Internet n'est pas satisfaisante.<\/p>\n<p>Les cr\u00e9ateurs du jeu ont pr\u00eat\u00e9 attention aux moindres d\u00e9tails, et gr\u00e2ce \u00e0 leurs efforts, vous pouvez voir comment les bijoux refl\u00e8tent la lumi\u00e8re et brillent dans l'obscurit\u00e9. De plus, vous pouvez d\u00e9placer votre curseur sur les lignes de paiement pour les faire ressortir.<\/p>\n<p>Starburst place toujours la barre tr\u00e8s haut en ce qui concerne les machines \u00e0 sous en ligne. Ind\u00e9pendamment du nombre de nouveaux jeux pr\u00e9sent\u00e9s sur le march\u00e9, Starburst remporte la palme de la jouabilit\u00e9 et de la popularit\u00e9.<\/p>\n<h2>L'accent mis sur la jouabilit\u00e9<\/h2>\n<p>Comme la majorit\u00e9 des jeux sortis il y a des ann\u00e9es, Starburst est une machine \u00e0 sous standard 5\u00d73. Vous pouvez jouer \u00e0 ce jeu sur 10 lignes de paiement, mais il offre aux joueurs 20 fa\u00e7ons de gagner parce qu'il paie de gauche \u00e0 droite et de droite \u00e0 gauche. C'est cette caract\u00e9ristique qui permet \u00e0 Starburst de se d\u00e9marquer parmi les autres machines \u00e0 sous en ligne.<\/p>\n<p>En ce qui concerne la variance, Starburst se situe dans la cat\u00e9gorie faible \u00e0 moyenne, ce qui signifie que vous obtiendrez fr\u00e9quemment des gains moins importants. La fr\u00e9quence de r\u00e9ussite est de 22,65%, ce qui repr\u00e9sente le nombre de tours qui aboutissent \u00e0 une combinaison gagnante. Le gain maximum par tour ou par re-spin est de 500x la mise initiale.<\/p>\n<p>Starburst fournit \u00e9galement un <em>Jeu automatique <\/em>qui vous permet de choisir entre 10, 25, 50, 100, 250, 500, 750 ou 1 000 tours automatiques. Les cr\u00e9ateurs de Starburst voulaient que les joueurs appr\u00e9cient le jeu tout en jouant de fa\u00e7on responsable, c'est pourquoi vous avez la possibilit\u00e9 d'arr\u00eater l'Autoplay sur n'importe quel gain.<\/p>\n<p>Si vous \u00eates nouveau dans l'industrie du jeu en ligne, tous ces faits ne devraient pas vous intimider. Starburst est l'une des machines \u00e0 sous les moins difficiles \u00e0 jouer. Vous pouvez vous attendre \u00e0 un jeu facile \u00e0 naviguer avec des r\u00e8gles simples.<\/p>\n<h2>Wilds et bonus<\/h2>\n<p>Starburst n'offre pas de tours gratuits traditionnels, mais ses autres fonctions compensent l'absence de tours suppl\u00e9mentaires. La fonction la plus accrocheuse est le joker Starburst. Le symbole Wild appara\u00eet uniquement sur les rouleaux 2, 3 et 4 et se substitue \u00e0 tous les autres symboles. Lorsque l'un d'entre eux appara\u00eet sur l'un des trois rouleaux du milieu, il active la fonction Starburst Wilds.<\/p>\n<p>En d\u00e9clenchant cette fonction, le symbole Wild s'\u00e9tend sur l'ensemble du rouleau pour vous donner un rouleau Wild. La bobine sauvage reste bloqu\u00e9e en position et vous permet d'obtenir un tour suppl\u00e9mentaire. Vous pouvez r\u00e9p\u00e9ter ce processus plusieurs fois. Il y a une fin aux re-spins - vous recevrez un total de trois re-spins.<\/p>\n<p>Il y a un avantage suppl\u00e9mentaire \u00e0 faire tourner le symbole Wild trois fois. Si vous \u00eates assez chanceux, vous pouvez remplir les rouleaux avec le symbole de grande valeur <em>bar <\/em>symbole. En faisant cela, vous obtiendrez un gain de 500x la mise.<\/p>\n<p>Starburst n'a pas l\u00e9sin\u00e9 sur le nombre de fonctions bonus, c'est pourquoi vous serez satisfait de cette section de la machine \u00e0 sous. Cependant, les bonus ne prennent pas le dessus sur le jeu, ce qui vous permet de profiter des sensations du jeu sans vous concentrer sur l'obtention de nouvelles r\u00e9compenses.<\/p>\n<h2>Starburst RTP %<\/h2>\n<p>Comme nous l'avons d\u00e9j\u00e0 mentionn\u00e9, Starburst a un RTP moyen parmi les jeux de machines \u00e0 sous en ligne. Les gains sont fr\u00e9quents, mais ils ne sont pas aussi \u00e9lev\u00e9s que vous l'esp\u00e9rez. Le RTP de Starburst est de 96,1%. Par exemple, si vous misez C$100, la machine \u00e0 sous vous rapportera C$96.1.<\/p>\n<p>Le jeu n'est pas truqu\u00e9 si c'est ce qui vous inqui\u00e8te. Les tours de Starburst sont soumis au RNG - Random Number Generator (g\u00e9n\u00e9rateur de nombres al\u00e9atoires). Chaque tour est soumis \u00e0 la chance. Vous pouvez perdre la totalit\u00e9 de votre bankroll ou gagner d'\u00e9normes sommes d'argent \u00e0 chaque tour.<\/p>\n<p>Gardez \u00e0 l'esprit que le RTP % est une moyenne du nombre de spins de tous les joueurs sur une p\u00e9riode de temps pr\u00e9d\u00e9termin\u00e9e, g\u00e9n\u00e9ralement un an. Le RTP de Starburst augmente g\u00e9n\u00e9ralement, vous pouvez donc esp\u00e9rer un pourcentage de retour au joueur plus \u00e9lev\u00e9 au fil du temps.<\/p>\n<h2>R\u00e9flexions finales<\/h2>\n<p>La simplicit\u00e9 du jeu fait de Starburst l'une des machines \u00e0 sous en ligne les plus populaires du secteur. Si vous n'avez jamais jou\u00e9 aux machines \u00e0 sous, Starburst devrait \u00eatre votre point de d\u00e9part. Ce jeu vous donnera une id\u00e9e de ce \u00e0 quoi doit ressembler une machine \u00e0 sous en ligne.<\/p>\n<p>Les lignes de paiement bidirectionnelles rendent le jeu attrayant. D'un autre c\u00f4t\u00e9, le RTP moyen est plus adapt\u00e9 aux joueurs sporadiques. En r\u00e9sum\u00e9, si vous \u00eates plus int\u00e9ress\u00e9 par les jackpots massifs, Starburst n'est peut-\u00eatre pas le jeu qu'il vous faut.<\/p>\n<p>&nbsp;<\/p>","protected":false},"excerpt":{"rendered":"<p>Jouer \u00e0 Starburst avec de l'argent r\u00e9el Verdict rapide : Starburst de NetEnt est une machine \u00e0 sous vid\u00e9o tr\u00e8s recherch\u00e9e. C'est le jeu le plus populaire de NetEnt et il est pr\u00e9sent dans la majorit\u00e9 des casinos en ligne. Le jeu propose 10 lignes de paiement ajustables et se joue sur un \u00e9cran 5\u00d73. Starburst a une touche vintage, y compris les effets sonores et visuels. [...]<\/p>","protected":false},"author":1,"featured_media":0,"parent":455,"menu_order":0,"comment_status":"closed","ping_status":"closed","template":"","meta":{"_acf_changed":false,"footnotes":""},"class_list":["post-10896","page","type-page","status-publish","hentry"],"acf":[],"yoast_head":"<!-- This site is optimized with the Yoast SEO plugin v26.1.1 - https:\/\/yoast.com\/wordpress\/plugins\/seo\/ -->\n<title>Starburst Slot Review | Play for Free or Real Money<\/title>\n<meta name=\"robots\" content=\"index, follow, max-snippet:-1, max-image-preview:large, max-video-preview:-1\" \/>\n<link rel=\"canonical\" href=\"https:\/\/casinolion.ca\/fr\/online-slots\/starburst\/\" \/>\n<meta property=\"og:locale\" content=\"fr_CA\" \/>\n<meta property=\"og:type\" content=\"article\" \/>\n<meta property=\"og:title\" content=\"Starburst Slot Review | Play for Free or Real Money\" \/>\n<meta property=\"og:description\" content=\"Play Starburst for Real Money&nbsp; Quick verdict: Starburst from NetEnt is a highly sought-after video slot game. It\u2019s NetEnt\u2019s most popular game and present in the majority of online casinos. The game promotes 10 adjustable paylines and is played over a 5&#215;3 layout. Starburst has a vintage feel to it, including sound effects and visuals. [&hellip;]\" \/>\n<meta property=\"og:url\" content=\"https:\/\/casinolion.ca\/fr\/online-slots\/starburst\/\" \/>\n<meta property=\"article:modified_time\" content=\"2023-08-17T12:32:51+00:00\" \/>\n<meta name=\"twitter:card\" content=\"summary_large_image\" \/>\n<meta name=\"twitter:label1\" content=\"Estimation du temps de lecture\" \/>\n\t<meta name=\"twitter:data1\" content=\"5 minutes\" \/>\n<script type=\"application\/ld+json\" class=\"yoast-schema-graph\">{\"@context\":\"https:\/\/schema.org\",\"@graph\":[{\"@type\":\"WebPage\",\"@id\":\"https:\/\/casinolion.ca\/online-slots\/starburst\/\",\"url\":\"https:\/\/casinolion.ca\/online-slots\/starburst\/\",\"name\":\"Starburst Slot Review | Play for Free or Real Money\",\"isPartOf\":{\"@id\":\"https:\/\/casinolion.ca\/fr\/#website\"},\"datePublished\":\"2020-05-18T12:12:18+00:00\",\"dateModified\":\"2023-08-17T12:32:51+00:00\",\"breadcrumb\":{\"@id\":\"https:\/\/casinolion.ca\/online-slots\/starburst\/#breadcrumb\"},\"inLanguage\":\"fr-CA\",\"potentialAction\":[{\"@type\":\"ReadAction\",\"target\":[\"https:\/\/casinolion.ca\/online-slots\/starburst\/\"]}]},{\"@type\":\"BreadcrumbList\",\"@id\":\"https:\/\/casinolion.ca\/online-slots\/starburst\/#breadcrumb\",\"itemListElement\":[{\"@type\":\"ListItem\",\"position\":1,\"name\":\"Home\",\"item\":\"https:\/\/casinolion.ca\/\"},{\"@type\":\"ListItem\",\"position\":2,\"name\":\"Recommended Canadian Slots Sites\",\"item\":\"https:\/\/casinolion.ca\/online-slots\/\"},{\"@type\":\"ListItem\",\"position\":3,\"name\":\"Starburst\"}]},{\"@type\":\"WebSite\",\"@id\":\"https:\/\/casinolion.ca\/fr\/#website\",\"url\":\"https:\/\/casinolion.ca\/fr\/\",\"name\":\"\",\"description\":\"\",\"potentialAction\":[{\"@type\":\"SearchAction\",\"target\":{\"@type\":\"EntryPoint\",\"urlTemplate\":\"https:\/\/casinolion.ca\/fr\/?s={search_term_string}\"},\"query-input\":{\"@type\":\"PropertyValueSpecification\",\"valueRequired\":true,\"valueName\":\"search_term_string\"}}],\"inLanguage\":\"fr-CA\"}]}<\/script>\n<!-- \/ Yoast SEO plugin. -->","yoast_head_json":{"title":"Starburst Slot Review - Jouer gratuitement ou avec de l'argent r\u00e9el","robots":{"index":"index","follow":"follow","max-snippet":"max-snippet:-1","max-image-preview":"max-image-preview:large","max-video-preview":"max-video-preview:-1"},"canonical":"https:\/\/casinolion.ca\/fr\/online-slots\/starburst\/","og_locale":"fr_CA","og_type":"article","og_title":"Starburst Slot Review | Play for Free or Real Money","og_description":"Play Starburst for Real Money&nbsp; Quick verdict: Starburst from NetEnt is a highly sought-after video slot game. It\u2019s NetEnt\u2019s most popular game and present in the majority of online casinos. The game promotes 10 adjustable paylines and is played over a 5&#215;3 layout. Starburst has a vintage feel to it, including sound effects and visuals. [&hellip;]","og_url":"https:\/\/casinolion.ca\/fr\/online-slots\/starburst\/","article_modified_time":"2023-08-17T12:32:51+00:00","twitter_card":"summary_large_image","twitter_misc":{"Estimation du temps de lecture":"5 minutes"},"schema":{"@context":"https:\/\/schema.org","@graph":[{"@type":"WebPage","@id":"https:\/\/casinolion.ca\/online-slots\/starburst\/","url":"https:\/\/casinolion.ca\/online-slots\/starburst\/","name":"Starburst Slot Review - Jouer gratuitement ou avec de l'argent r\u00e9el","isPartOf":{"@id":"https:\/\/casinolion.ca\/fr\/#website"},"datePublished":"2020-05-18T12:12:18+00:00","dateModified":"2023-08-17T12:32:51+00:00","breadcrumb":{"@id":"https:\/\/casinolion.ca\/online-slots\/starburst\/#breadcrumb"},"inLanguage":"fr-CA","potentialAction":[{"@type":"ReadAction","target":["https:\/\/casinolion.ca\/online-slots\/starburst\/"]}]},{"@type":"BreadcrumbList","@id":"https:\/\/casinolion.ca\/online-slots\/starburst\/#breadcrumb","itemListElement":[{"@type":"ListItem","position":1,"name":"Home","item":"https:\/\/casinolion.ca\/"},{"@type":"ListItem","position":2,"name":"Recommended Canadian Slots Sites","item":"https:\/\/casinolion.ca\/online-slots\/"},{"@type":"ListItem","position":3,"name":"Starburst"}]},{"@type":"WebSite","@id":"https:\/\/casinolion.ca\/fr\/#website","url":"https:\/\/casinolion.ca\/fr\/","name":"","description":"","potentialAction":[{"@type":"SearchAction","target":{"@type":"EntryPoint","urlTemplate":"https:\/\/casinolion.ca\/fr\/?s={search_term_string}"},"query-input":{"@type":"PropertyValueSpecification","valueRequired":true,"valueName":"search_term_string"}}],"inLanguage":"fr-CA"}]}},"_links":{"self":[{"href":"https:\/\/casinolion.ca\/fr\/wp-json\/wp\/v2\/pages\/10896","targetHints":{"allow":["GET"]}}],"collection":[{"href":"https:\/\/casinolion.ca\/fr\/wp-json\/wp\/v2\/pages"}],"about":[{"href":"https:\/\/casinolion.ca\/fr\/wp-json\/wp\/v2\/types\/page"}],"author":[{"embeddable":true,"href":"https:\/\/casinolion.ca\/fr\/wp-json\/wp\/v2\/users\/1"}],"replies":[{"embeddable":true,"href":"https:\/\/casinolion.ca\/fr\/wp-json\/wp\/v2\/comments?post=10896"}],"version-history":[{"count":0,"href":"https:\/\/casinolion.ca\/fr\/wp-json\/wp\/v2\/pages\/10896\/revisions"}],"up":[{"embeddable":true,"href":"https:\/\/casinolion.ca\/fr\/wp-json\/wp\/v2\/pages\/455"}],"wp:attachment":[{"href":"https:\/\/casinolion.ca\/fr\/wp-json\/wp\/v2\/media?parent=10896"}],"curies":[{"name":"wp","href":"https:\/\/api.w.org\/{rel}","templated":true}]}}