
{"id":10945,"date":"2020-05-28T06:15:52","date_gmt":"2020-05-28T06:15:52","guid":{"rendered":"https:\/\/www.canadiancasinos.ca\/?page_id=10945"},"modified":"2023-08-17T12:33:44","modified_gmt":"2023-08-17T12:33:44","slug":"guns-n-roses-slot","status":"publish","type":"page","link":"https:\/\/casinolion.ca\/fr\/online-slots\/guns-n-roses-slot\/","title":{"rendered":"Machine \u00e0 sous Guns N\u2019 Roses"},"content":{"rendered":"<div id=\"PlayFreeGame\" class=\"game_box\" style=\"padding-bottom: 75%; margin-bottom: 30px; background-size:cover; background-repeat:no-repeat;background-color:  #d24d57; background-image: url('https:\/\/a1.lcb.org\/system\/modules\/game\/images\/attachments\/000\/668\/243\/original\/GunsNRoses.jpg?1767094056');\">\n                        <i class=\"fas fa-play-circle\"><\/i>\n                     <\/div>\n                     <script>\n                        let iframe = '<iframe loading=\"lazy\" src=\"https:\/\/ogs-gl-usnj.nyxop.net\/game\/?nogsoperatorid=107&nogsgameid=580022&nogsmode=demo&nogslang=EN_EN&nogscurrency=USD&clienttype=flash\" width=\"930\" height=\"576\" frameborder=\"0\" allowTransparency=\"true\" bgcolor=\"#FFFFFF\" style=\"background-color: black;\"><\/iframe>';\n                        let holder = document.querySelector(\"#PlayFreeGame\");\n                        holder.addEventListener(\"click\", function(){\n                            holder.innerHTML = iframe;\n                        });\n                    <\/script><h2 id=\"Guns-n-Roses-data-and-features\">Guns n' Roses Donn\u00e9es et caract\u00e9ristiques<\/h2>\n                <table class=\"tablepress\">\n                    <tbody><tr><td><strong>Enrouleurs<\/strong><\/td><td>5<\/td><\/tr><tr><td><strong>Lignes de paiement<\/strong><\/td><td>20<\/td><\/tr><tr><td><strong>Jackpot maximum<\/strong><\/td><td>$7,500.00<\/td><\/tr><tr><td><strong>Pourcentage de paiement<\/strong><\/td><td>96.980<\/td><\/tr><tr><td><strong>Symbole Wild<\/strong><\/td><td>Oui<\/td><\/tr><tr><td><strong>Multiplicateur<\/strong><\/td><td>Oui<\/td><\/tr><tr><td><strong>Gamme de paris<\/strong><\/td><td>0.2 - 200<\/td><\/tr><tr><td><strong>Plage de mise des pi\u00e8ces<\/strong><\/td><td>0.01 - 1<\/td><\/tr><tr><td><strong>Pi\u00e8ces par ligne<\/strong><\/td><td>10<\/td><\/tr><tr><td><strong>Progressif<\/strong><\/td><td>Non<\/td><\/tr><tr><td><strong>Max coins jackpot<\/strong><\/td><td>7500<\/td><\/tr><tr><td><strong>Pi\u00e8ces maximales<\/strong><\/td><td>1<\/td><\/tr><tr><td><strong>Symbole Scatter<\/strong><\/td><td>Oui<\/td><\/tr><tr><td><strong>Tours gratuits disponibles<\/strong><\/td><td>Oui<\/td><\/tr><tr><td><strong>Jeu bonus<\/strong><\/td><td>Oui<\/td><\/tr><tr><td><strong>Acheter la fonctionnalit\u00e9<\/strong><\/td><td>Non<\/td><\/tr><tr><td><strong>Th\u00e8me du jeu<\/strong><\/td><td>Musique<\/td><\/tr><tr><td><strong>Volatilit\u00e9<\/strong><\/td><td>Moyenne-basse<\/td><\/tr><\/tbody><\/table>\n<p><center><a class=\"btn primary\" href=\"https:\/\/casinolion.ca\/fr\/visit\/sloty\/\" target=\"_blank\" rel=\"nofollow noopener noreferrer\">Jouer \u00e0 la machine \u00e0 sous Guns N\u2019 Roses pour de l'argent r\u00e9el<\/a><\/center>&nbsp;<\/p>\n<p><em><strong>Verdict rapide : <\/strong>La machine \u00e0 sous Guns N\u2019 Roses est aussi c\u00e9l\u00e8bre que le groupe de hard rock de Los Angeles. Pr\u00e9sente dans presque tous les casinos en ligne du monde, cette machine \u00e0 sous propose 20 lignes de paiement fixes et une grille de 5\u00d73. Le jeu a une ambiance des ann\u00e9es 80, y compris le son et le design. Gr\u00e2ce \u00e0 un excellent ratio de retour au joueur, aux jokers lucratifs et aux multiplicateurs que vous pouvez trouver dans le jeu, jouer \u00e0 cette machine \u00e0 sous peut vous permettre de remporter des gains consid\u00e9rables.<\/em><\/p>\n<h2>L'histoire de la machine \u00e0 sous Guns N\u2019 Roses<\/h2>\n<p>S'inspirant du c\u00e9l\u00e8bre groupe de hard rock Guns N\u2019 Roses, cette machine \u00e0 sous vid\u00e9o en ligne vous place au c\u0153ur de l'action. M\u00eame aujourd'hui, apr\u00e8s 20 ans d'existence et 200 titres publi\u00e9s, Guns N\u2019 Roses reste l'un des joyaux de NetEnt.<\/p>\n<p>Tous les fans de hard rock appr\u00e9cieront les graphismes flashy de cette machine \u00e0 sous et sa bande-son compos\u00e9e de cinq des plus grandes chansons du groupe. En d'autres termes, vous n'entendrez pas le m\u00eame morceau pendant une demi-heure, car les longs solos de guitare font durer toutes les chansons de Guns N\u2019 Roses pendant au moins cinq minutes.<\/p>\n<p>Outre les classiques de Guns N\u2019 Roses qui rendent l'exp\u00e9rience unique, le th\u00e8me et les symboles de la machine \u00e0 sous rendent un hommage particulier au guitariste principal du groupe, Slash, et au leader Axl Rose.<\/p>\n<h2>Visuels de Guns N\u2019 Roses<\/h2>\n<p>Comme vous l'avez probablement d\u00e9j\u00e0 devin\u00e9, le th\u00e8me visuel g\u00e9n\u00e9ral est \u00e9galement bas\u00e9 sur le groupe mondialement populaire. Il s'agit d'un groupe de hard rock am\u00e9ricain qui a vendu plus de 100 millions de disques dans le monde. Bien que le groupe date des ann\u00e9es 80, la machine \u00e0 sous ne l'est certainement pas. Elle regorge d'animations \u00e9poustouflantes et de graphismes de premier ordre.<\/p>\n<p>Les rouleaux repr\u00e9sentent l'arri\u00e8re-plan d'une sc\u00e8ne de concert, tandis que les ic\u00f4nes des rouleaux repr\u00e9sentent des roses, des pics de guitare, Slash, Axl Rose et d'autres membres du groupe. En outre, les joueurs ont l'impression de danser lors d'un concert, les tubes de Guns N\u2019 Roses les ramenant au bon vieux temps.<\/p>\n<p>Les fans inconditionnels du groupe comme ceux qui n'ont jamais entendu parler de Guns N\u2019 Roses peuvent appr\u00e9cier le design de la machine \u00e0 sous, qui \u00e9voque les ann\u00e9es 80 tout en restant \u00e9l\u00e9gant et moderne. NetEnt, l'un des fournisseurs de logiciels de casino les plus r\u00e9put\u00e9s, s'est surpass\u00e9 pour cr\u00e9er un jeu digne de porter le nom du groupe.<\/p>\n<h2>Gameplay<\/h2>\n<p>Il s'agit d'une machine \u00e0 sous classique \u00e0 trois rang\u00e9es et cinq rouleaux. Vous pouvez obtenir tous les types de jokers possibles, ainsi que trois fonctions bonus int\u00e9ressantes. La machine \u00e0 sous comporte 20 lignes de paiement que vous pouvez gagner \u00e0 chaque tour. Les mises commencent \u00e0 20 cents et vous pouvez les augmenter jusqu'\u00e0 une mise maximale de C$200. Utilisez les boutons de niveau pour ajuster la valeur des pi\u00e8ces.<\/p>\n<p>Le maximum que vous pouvez gagner en un seul tour est de 1125 fois votre mise. Lorsque vous formez une combinaison gagnante, vous \u00eates accueilli par les applaudissements d'un public en attente.<\/p>\n<p>Regardez bien \u00e0 gauche pour rep\u00e9rer un <em>Liste de l'ensemble<\/em> qui vous permet de choisir parmi les cinq chansons les plus populaires de Guns N\u2019 Roses. La lecture automatique est \u00e9galement disponible.<\/p>\n<h2>Wilds et symboles<\/h2>\n<p>En ce qui concerne les symboles, le guitariste Slash est le deuxi\u00e8me symbole le plus payant, tandis que le leader Axl Rose est le premier. En plus de ces deux symboles, il y a huit autres symboles que vous pouvez associer pour obtenir un paiement, sans compter le jeu bonus et les jokers.<\/p>\n<p>Les autres membres du groupe vous rapporteront \u00e9galement beaucoup d'argent, tandis que les m\u00e9diators de guitare vous donneront le troisi\u00e8me plus gros gain. Les cartes \u00e0 jouer roses et dor\u00e9es (10, J, Q, K, A) sont celles qui rapportent le moins. Par exemple, cinq as rapportent jusqu'\u00e0 125 pi\u00e8ces.<\/p>\n<p>En ce qui concerne les jokers, <em>App\u00e9tit de destruction<\/em> est le meilleur qui soit. Il ressemble \u00e0 un joker superpos\u00e9 qui peut appara\u00eetre sur trois positions sur les rouleaux. En d'autres termes, il prend la forme d'une croix et, \u00e0 l'exception des symboles bonus, il peut remplacer n'importe quel autre symbole sur les rouleaux. Si vous obtenez ce joker, utilisez-le : il paie les combinaisons les plus probables sur les lignes de mise gagnantes. Vous pouvez \u00e9galement trouver deux autres types de jokers.<\/p>\n<p>Les wilds en expansion, qui apparaissent \u00e0 une fr\u00e9quence \u00e9lev\u00e9e pendant les premiers tours, et les wilds non en expansion qui apparaissent \u00e9galement pendant les premiers tours.<\/p>\n<p>En fin de compte, la machine \u00e0 sous Guns N\u2019 Roses propose des jokers et des multiplicateurs suppl\u00e9mentaires que vous pouvez obtenir dans le cadre du jeu principal. En d'autres termes, alors que d'autres machines \u00e0 sous vid\u00e9o les r\u00e9servent \u00e0 leurs niveaux de bonus, cette machine \u00e0 sous en ligne vous offre de nombreux moyens d'augmenter votre bankroll sans avoir \u00e0 compter sur le jeu de bonus.<\/p>\n<p>Ces multiplicateurs et caract\u00e9ristiques comprennent<\/p>\n<ul>\n<li>Multiplicateur Solo - vous permet de multiplier de quatre \u00e0 dix fois trois symboles correspondants sur une ligne de paiement.<\/li>\n<li>Legends Spins - vous permet d'obtenir trois respins sur des rouleaux sauvages empil\u00e9s.<\/li>\n<\/ul>\n<h2>Bonus<\/h2>\n<p>Si les primes vous int\u00e9ressent, recherchez <em>Disque bonus<\/em> ils d\u00e9bloquent trois grandes r\u00e9compenses. Si vous \u00eates assez chanceux, vous obtiendrez trois <em>Bonus Disque vinyle<\/em> sur le premier, le troisi\u00e8me et le cinqui\u00e8me rouleau, et vous aurez une chance de faire tourner la roue des bonus. Cela vous permettra de d\u00e9bloquer l'un des trois grands bonus. Celui-ci d\u00e9pend de l'endroit o\u00f9 l'aiguille s'arr\u00eate sur le disque.<\/p>\n<p>Si la roue de bonus s'arr\u00eate sur le <em>Plaisir des foules<\/em> Dans le jeu bonus, vous aurez la possibilit\u00e9 de passer par trois niveaux. Pour les franchir, s\u00e9lectionnez les bons symboles et cliquez dessus lorsque le jeu bonus appara\u00eet \u00e0 l'\u00e9cran. Lorsque vous aurez collect\u00e9 300 pi\u00e8ces au cours des deux premiers tours, vous pourrez activer et atteindre le troisi\u00e8me niveau et tenter votre chance pour remporter le grand prix de 800 pi\u00e8ces, ainsi qu'une chance de doubler tous vos gains du jeu bonus.<\/p>\n<p>Les autres bonus pr\u00e9sents dans ce jeu sont les suivants <em>Encore Free Spins<\/em> qui vous donnent 10 tours gratuits, et ceux que l'on appelle les <em>Gains de pi\u00e8ces<\/em> qui vous donnent un certain nombre de pi\u00e8ces. <em>Gains de pi\u00e8ces <\/em>Vous pouvez gagner entre 10 et 30 fois votre mise instantan\u00e9ment.<\/p>\n<h2>RTP de Guns N\u2019 Roses<\/h2>\n<p>Tout d'abord, certaines fonctions plus exclusives, telles que la <em>Appetite for Destruction Wild<\/em> et <em>Spins de l\u00e9gende<\/em>, n'apparaissent pas fr\u00e9quemment. La table de paiement de la machine \u00e0 sous est plut\u00f4t douce. Par exemple, le quintuple le plus bas ne vous rapportera que 50 pi\u00e8ces. La volatilit\u00e9 de la machine \u00e0 sous est faible \u00e0 moyenne, ce qui signifie que vous \u00eates susceptible d'obtenir de nombreux petits gains. N'oubliez pas que vous pouvez avoir l'impression de gagner plus qu'en r\u00e9alit\u00e9.<\/p>\n<p>Le RTP de Guns N\u2019 Roses est de 96,98%. En th\u00e9orie, cela signifie que pour chaque C$200 mis\u00e9e, la machine \u00e0 sous vous restitue C$194. Cependant, ce taux est calcul\u00e9 sur des millions de tours et ne signifie pas que vous r\u00e9cup\u00e9rerez effectivement ce montant.<\/p>\n<p>La machine \u00e0 sous utilise \u00e9galement le RNG (Random Number Generator), ce qui signifie que c'est la chance qui d\u00e9termine le r\u00e9sultat de chaque tour et que le jeu n'est pas truqu\u00e9.<\/p>\n<h2>Version mobile<\/h2>\n<p>Si vous souhaitez faire du rock sur votre smartphone, vous serez heureux d'apprendre que NetEnt a \u00e9galement cr\u00e9\u00e9 des versions iOS et Android du jeu. La machine \u00e0 sous pour smartphone Guns N\u2019 Roses vous emm\u00e8ne directement \u00e0 un concert de musique qui va vous faire vibrer. Malheureusement, la version pour smartphone ne contient qu'une seule chanson - et m\u00eame pas toute la piste, mais seulement le refrain de <em>Bienvenue dans la jungle<\/em>.<\/p>\n<p>Les applications sont \u00e9galement d\u00e9pourvues d'un certain nombre de fonctions que l'on trouve dans la version en ligne du jeu. Par exemple, dans la version en ligne, vous pouvez voir des vid\u00e9os de Guns N\u2019 Roses en plein concert lorsque vous gagnez gros, ce qui rend votre exp\u00e9rience encore plus excitante.<\/p>\n<p>Si cela ne vous d\u00e9range pas que ces d\u00e9tails soient absents des applications mobiles, vous appr\u00e9cierez toujours cette machine \u00e0 sous sur vos appareils portables. Le jeu fonctionne sans probl\u00e8me sur les tablettes, les ordinateurs de bureau et les smartphones, et ne vous laisse pas \u00e0 la merci d'une mise en m\u00e9moire tampon permanente.<\/p>\n<h2>R\u00e9flexions finales<\/h2>\n<p>Guns N\u2019 Roses est une machine \u00e0 sous attrayante avec des animations et des graphismes de premier ordre, ainsi qu'une bande-son g\u00e9niale. On pourrait la classer dans la cat\u00e9gorie des machines \u00e0 sous \u00e0 variance moyenne, les gros gains pouvant provenir de divers jokers, jeux bonus et multiplicateurs. Il existe \u00e9galement une version mobile, ce qui prouve que NetEnt a une fois de plus cr\u00e9\u00e9 une machine \u00e0 sous absolument g\u00e9niale.<\/p>","protected":false},"excerpt":{"rendered":"<p>Jouer \u00e0 la machine \u00e0 sous Guns N\u2019 Roses pour de l'argent r\u00e9el Verdict rapide : La machine \u00e0 sous Guns N\u2019 Roses est c\u00e9l\u00e8bre tout comme le groupe de hard rock de Los Angeles. Pr\u00e9sente dans presque tous les casinos en ligne du monde, la machine \u00e0 sous propose 20 lignes de paiement fixes et une grille 5\u00d73. Le jeu a une ambiance des ann\u00e9es 80, y compris les [...]<\/p>","protected":false},"author":1,"featured_media":0,"parent":455,"menu_order":0,"comment_status":"closed","ping_status":"closed","template":"","meta":{"_acf_changed":false,"footnotes":""},"class_list":["post-10945","page","type-page","status-publish","hentry"],"acf":[],"yoast_head":"<!-- This site is optimized with the Yoast SEO plugin v26.1.1 - https:\/\/yoast.com\/wordpress\/plugins\/seo\/ -->\n<title>Guns N&#039; Roses Slot Review | Play for Free or Real Money<\/title>\n<meta name=\"robots\" content=\"index, follow, max-snippet:-1, max-image-preview:large, max-video-preview:-1\" \/>\n<link rel=\"canonical\" href=\"https:\/\/casinolion.ca\/fr\/online-slots\/guns-n-roses-slot\/\" \/>\n<meta property=\"og:locale\" content=\"fr_CA\" \/>\n<meta property=\"og:type\" content=\"article\" \/>\n<meta property=\"og:title\" content=\"Guns N&#039; Roses Slot Review | Play for Free or Real Money\" \/>\n<meta property=\"og:description\" content=\"Play Guns N&#8217; Roses Slot for Real Money&nbsp; Quick verdict: The Guns N\u2019 Roses slot game is famous just like the hard rock band from LA. Present in almost all online casinos around the world, the slot offers 20 fixed paylines and a 5&#215;3 grid. The game has an 80s vibe around it, including the [&hellip;]\" \/>\n<meta property=\"og:url\" content=\"https:\/\/casinolion.ca\/fr\/online-slots\/guns-n-roses-slot\/\" \/>\n<meta property=\"article:modified_time\" content=\"2023-08-17T12:33:44+00:00\" \/>\n<meta name=\"twitter:card\" content=\"summary_large_image\" \/>\n<meta name=\"twitter:label1\" content=\"Estimation du temps de lecture\" \/>\n\t<meta name=\"twitter:data1\" content=\"6 minutes\" \/>\n<script type=\"application\/ld+json\" class=\"yoast-schema-graph\">{\"@context\":\"https:\/\/schema.org\",\"@graph\":[{\"@type\":\"WebPage\",\"@id\":\"https:\/\/casinolion.ca\/online-slots\/guns-n-roses-slot\/\",\"url\":\"https:\/\/casinolion.ca\/online-slots\/guns-n-roses-slot\/\",\"name\":\"Guns N' Roses Slot Review | Play for Free or Real Money\",\"isPartOf\":{\"@id\":\"https:\/\/casinolion.ca\/fr\/#website\"},\"datePublished\":\"2020-05-28T06:15:52+00:00\",\"dateModified\":\"2023-08-17T12:33:44+00:00\",\"breadcrumb\":{\"@id\":\"https:\/\/casinolion.ca\/online-slots\/guns-n-roses-slot\/#breadcrumb\"},\"inLanguage\":\"fr-CA\",\"potentialAction\":[{\"@type\":\"ReadAction\",\"target\":[\"https:\/\/casinolion.ca\/online-slots\/guns-n-roses-slot\/\"]}]},{\"@type\":\"BreadcrumbList\",\"@id\":\"https:\/\/casinolion.ca\/online-slots\/guns-n-roses-slot\/#breadcrumb\",\"itemListElement\":[{\"@type\":\"ListItem\",\"position\":1,\"name\":\"Home\",\"item\":\"https:\/\/casinolion.ca\/\"},{\"@type\":\"ListItem\",\"position\":2,\"name\":\"Recommended Canadian Slots Sites\",\"item\":\"https:\/\/casinolion.ca\/online-slots\/\"},{\"@type\":\"ListItem\",\"position\":3,\"name\":\"Guns N&#8217; Roses Slot\"}]},{\"@type\":\"WebSite\",\"@id\":\"https:\/\/casinolion.ca\/fr\/#website\",\"url\":\"https:\/\/casinolion.ca\/fr\/\",\"name\":\"\",\"description\":\"\",\"potentialAction\":[{\"@type\":\"SearchAction\",\"target\":{\"@type\":\"EntryPoint\",\"urlTemplate\":\"https:\/\/casinolion.ca\/fr\/?s={search_term_string}\"},\"query-input\":{\"@type\":\"PropertyValueSpecification\",\"valueRequired\":true,\"valueName\":\"search_term_string\"}}],\"inLanguage\":\"fr-CA\"}]}<\/script>\n<!-- \/ Yoast SEO plugin. -->","yoast_head_json":{"title":"Guns N' Roses Slot Review | Jouer gratuitement ou avec de l'argent r\u00e9el","robots":{"index":"index","follow":"follow","max-snippet":"max-snippet:-1","max-image-preview":"max-image-preview:large","max-video-preview":"max-video-preview:-1"},"canonical":"https:\/\/casinolion.ca\/fr\/online-slots\/guns-n-roses-slot\/","og_locale":"fr_CA","og_type":"article","og_title":"Guns N' Roses Slot Review | Play for Free or Real Money","og_description":"Play Guns N&#8217; Roses Slot for Real Money&nbsp; Quick verdict: The Guns N\u2019 Roses slot game is famous just like the hard rock band from LA. Present in almost all online casinos around the world, the slot offers 20 fixed paylines and a 5&#215;3 grid. The game has an 80s vibe around it, including the [&hellip;]","og_url":"https:\/\/casinolion.ca\/fr\/online-slots\/guns-n-roses-slot\/","article_modified_time":"2023-08-17T12:33:44+00:00","twitter_card":"summary_large_image","twitter_misc":{"Estimation du temps de lecture":"6 minutes"},"schema":{"@context":"https:\/\/schema.org","@graph":[{"@type":"WebPage","@id":"https:\/\/casinolion.ca\/online-slots\/guns-n-roses-slot\/","url":"https:\/\/casinolion.ca\/online-slots\/guns-n-roses-slot\/","name":"Guns N' Roses Slot Review | Jouer gratuitement ou avec de l'argent r\u00e9el","isPartOf":{"@id":"https:\/\/casinolion.ca\/fr\/#website"},"datePublished":"2020-05-28T06:15:52+00:00","dateModified":"2023-08-17T12:33:44+00:00","breadcrumb":{"@id":"https:\/\/casinolion.ca\/online-slots\/guns-n-roses-slot\/#breadcrumb"},"inLanguage":"fr-CA","potentialAction":[{"@type":"ReadAction","target":["https:\/\/casinolion.ca\/online-slots\/guns-n-roses-slot\/"]}]},{"@type":"BreadcrumbList","@id":"https:\/\/casinolion.ca\/online-slots\/guns-n-roses-slot\/#breadcrumb","itemListElement":[{"@type":"ListItem","position":1,"name":"Home","item":"https:\/\/casinolion.ca\/"},{"@type":"ListItem","position":2,"name":"Recommended Canadian Slots Sites","item":"https:\/\/casinolion.ca\/online-slots\/"},{"@type":"ListItem","position":3,"name":"Guns N&#8217; Roses Slot"}]},{"@type":"WebSite","@id":"https:\/\/casinolion.ca\/fr\/#website","url":"https:\/\/casinolion.ca\/fr\/","name":"","description":"","potentialAction":[{"@type":"SearchAction","target":{"@type":"EntryPoint","urlTemplate":"https:\/\/casinolion.ca\/fr\/?s={search_term_string}"},"query-input":{"@type":"PropertyValueSpecification","valueRequired":true,"valueName":"search_term_string"}}],"inLanguage":"fr-CA"}]}},"_links":{"self":[{"href":"https:\/\/casinolion.ca\/fr\/wp-json\/wp\/v2\/pages\/10945","targetHints":{"allow":["GET"]}}],"collection":[{"href":"https:\/\/casinolion.ca\/fr\/wp-json\/wp\/v2\/pages"}],"about":[{"href":"https:\/\/casinolion.ca\/fr\/wp-json\/wp\/v2\/types\/page"}],"author":[{"embeddable":true,"href":"https:\/\/casinolion.ca\/fr\/wp-json\/wp\/v2\/users\/1"}],"replies":[{"embeddable":true,"href":"https:\/\/casinolion.ca\/fr\/wp-json\/wp\/v2\/comments?post=10945"}],"version-history":[{"count":0,"href":"https:\/\/casinolion.ca\/fr\/wp-json\/wp\/v2\/pages\/10945\/revisions"}],"up":[{"embeddable":true,"href":"https:\/\/casinolion.ca\/fr\/wp-json\/wp\/v2\/pages\/455"}],"wp:attachment":[{"href":"https:\/\/casinolion.ca\/fr\/wp-json\/wp\/v2\/media?parent=10945"}],"curies":[{"name":"wp","href":"https:\/\/api.w.org\/{rel}","templated":true}]}}