
{"id":10946,"date":"2020-05-28T06:31:55","date_gmt":"2020-05-28T06:31:55","guid":{"rendered":"https:\/\/www.canadiancasinos.ca\/?page_id=10946"},"modified":"2024-06-22T08:21:10","modified_gmt":"2024-06-22T08:21:10","slug":"5-minimum-deposit-casinos","status":"publish","type":"page","link":"https:\/\/casinolion.ca\/fr\/casino-reviews\/5-minimum-deposit-casinos\/","title":{"rendered":"$5 Casinos avec d\u00e9p\u00f4t minimum"},"content":{"rendered":"<p>Gr\u00e2ce aux caract\u00e9ristiques uniques ajout\u00e9es aux machines \u00e0 sous et aux jeux de table en ligne, ces jeux n'ont jamais \u00e9t\u00e9 aussi attrayants et amusants \u00e0 jouer. Les scatters, les jokers et les jeux de bonus ont augment\u00e9 les possibilit\u00e9s de gains dans les jeux en ligne, ce qui les rend encore plus passionnants.<\/p>\n<p>Cela dit, les joueurs canadiens ne sont g\u00e9n\u00e9ralement pas dispos\u00e9s \u00e0 effectuer des d\u00e9p\u00f4ts massifs dans les casinos avant d'avoir eu l'occasion de se familiariser avec les jeux propos\u00e9s et la qualit\u00e9 du service disponible.<\/p>\n<p>C'est pourquoi les casinos \u00e0 d\u00e9p\u00f4t minimum C$5 sont de plus en plus populaires au Canada. Ces casinos permettent aux joueurs de profiter de tout le plaisir qu'ils ont \u00e0 offrir, sans d\u00e9passer leur budget ou risquer leurs \u00e9conomies.<\/p>\n<h2>Casinos avec un d\u00e9p\u00f4t minimum de $5<\/h2>\n<p><\/p>\n<h2>Pouvez-vous gagner gros avec un d\u00e9p\u00f4t C$5 ?<\/h2>\n<p>Il n'est certainement pas impossible de se retrouver avec des gains massifs \u00e0 partir d'un d\u00e9p\u00f4t aussi petit que C$5. Par exemple, le casino dans lequel vous avez choisi de jouer peut offrir un bonus de 100% sur votre premier d\u00e9p\u00f4t. Cela signifie que votre d\u00e9p\u00f4t de C$5 est jumel\u00e9, ce qui porte votre total \u00e0 C$10.<\/p>\n<p>Si vous prenez ce C$10 et que vous le mettez dans un jackpot progressif tel que <em>Mega Moolah<\/em>, vous obtiendrez jusqu'\u00e0 40 tours, \u00e0 C$0,25 par tour. Les jackpots d'un jeu comme <em>Mega Moolah<\/em> peut atteindre la somme stup\u00e9fiante de C$10 millions, ce qui signifie que vous pouvez en avoir pour votre argent si vous avez de la chance.<\/p>\n<h2>Promotions et bonus dans les casinos C$5<\/h2>\n<p>Les casinos \u00e0 d\u00e9p\u00f4t minimum C$5 ouvrent le monde des jeux en ligne aux joueurs occasionnels qui n'aiment pas les jeux \u00e0 enjeux \u00e9lev\u00e9s mais qui souhaitent tout de m\u00eame s'amuser. Tout comme les casinos qui exigent un d\u00e9p\u00f4t minimum plus \u00e9lev\u00e9, ces casinos ont tendance \u00e0 offrir des bonus et des promotions, ce qui vous permet d'en avoir plus pour votre argent.<\/p>\n<p>Le bonus de 100% que nous avons d\u00e9j\u00e0 mentionn\u00e9 dans notre exemple ci-dessus est le type de bonus de bienvenue le plus courant dans les casinos en ligne. Il consiste \u00e0 doubler instantan\u00e9ment votre argent jusqu'\u00e0 un certain montant. Cependant, cela ne signifie pas que vous pouvez simplement d\u00e9poser C$5 et retirer C$10 sans jouer.<\/p>\n<p>Ces bonus ont pour but de prolonger votre temps de jeu et d'augmenter vos chances de gagner - leur objectif n'est pas de vous donner de l'argent gratuit. Les casinos s'en assurent en assortissant ces bonus d'exigences de mise, ce qui signifie que vous n'\u00eates pas autoris\u00e9 \u00e0 retirer votre bonus tant que vous n'avez pas jou\u00e9 un certain nombre de fois.<\/p>\n<h3>Exigences de mise<\/h3>\n<p>Les conditions que vous devez remplir avant de pouvoir retirer votre argent bonus sont appel\u00e9es conditions de mise. Elles indiquent combien de fois vous devez miser le montant du bonus re\u00e7u avant de pouvoir le retirer. Ce nombre peut varier de 20 \u00e0 50 fois, voire plus.<\/p>\n<p>En d'autres termes, si vous recevez un bonus de C$5 sur votre d\u00e9p\u00f4t minimum et que les exigences de mise sont de 20x, vous devrez atteindre un montant total de mise de C$100 avant de pouvoir retirer votre bonus.<\/p>\n<h3>Bonus sans d\u00e9p\u00f4t<\/h3>\n<p>Les bonus de bienvenue incluent souvent des tours gratuits, parfois dans le cadre du bonus de premier d\u00e9p\u00f4t, parfois sous la forme d'un bonus autonome sans d\u00e9p\u00f4t. Un bonus sans d\u00e9p\u00f4t signifie qu'il vous suffit d'ouvrir un compte sur le site Web pour obtenir votre bonus.<\/p>\n<p>Il n'est pas n\u00e9cessaire de d\u00e9poser de l'argent pour pouvoir b\u00e9n\u00e9ficier de ce type d'offre d'inscription. Les bonus sans d\u00e9p\u00f4t sont g\u00e9n\u00e9ralement beaucoup moins g\u00e9n\u00e9reux que les bonus avec d\u00e9p\u00f4t, et consistent souvent en 10 \u00e0 20 tours gratuits ou jusqu'\u00e0 C$10 en argent bonus.<\/p>\n<h2>Spins gratuits<\/h2>\n<p>De nombreux casinos \u00e0 d\u00e9p\u00f4t minimum C$5 offrent des tours gratuits dans le cadre de leur bonus de bienvenue, ainsi que d'autres offres de bonus. Le casino vous permettra le plus souvent d'utiliser vos tours gratuits sur un jeu en particulier, bien que deux ou trois jeux puissent parfois \u00eatre propos\u00e9s.<\/p>\n<p>Tout ce que vous avez \u00e0 faire est d'effectuer un d\u00e9p\u00f4t minimum de C$5 et le casino vous offrira un bonus de bienvenue qui comprend souvent des tours gratuits. Une fois que vous aurez rempli les conditions de mise, qui diff\u00e8rent d'un casino \u00e0 l'autre, vous pourrez r\u00e9cup\u00e9rer l'argent que vous aurez gagn\u00e9 gr\u00e2ce \u00e0 ces tours.<\/p>\n<h2>Conditions g\u00e9n\u00e9rales d'utilisation<\/h2>\n<p>C'est toujours une bonne id\u00e9e de pr\u00eater attention aux termes et conditions que vous acceptez lors de votre inscription. Lire attentivement les r\u00e8gles n'est peut-\u00eatre pas la chose la plus excitante au monde, mais c'est certainement mieux que d'ignorer les petits caract\u00e8res.<\/p>\n<p>Les casinos en ligne r\u00e9put\u00e9s affichent g\u00e9n\u00e9ralement les r\u00e8gles de mani\u00e8re tr\u00e8s claire sur l'une des pages du site Web. Souvent, les termes et conditions sont accessibles par le biais de la page d'accueil du site. <em>S'inscrire<\/em> Les conditions de mise y sont souvent d\u00e9crites en d\u00e9tail. Elles d\u00e9crivent souvent les exigences de mise en d\u00e9tail, ce qui vous permet de vous faire une id\u00e9e plus pr\u00e9cise de la difficult\u00e9 qu'il y a \u00e0 les remplir.<\/p>\n<p>Obtenir 100 tours gratuits dans le cadre d'un bonus sans d\u00e9p\u00f4t ne signifie pas grand-chose si les exigences de mise sont telles que vous ne pourrez jamais toucher de gains. Pour \u00eatre honn\u00eate, les conditions sont rarement tr\u00e8s compliqu\u00e9es et la plupart des casinos connus ont des politiques \u00e9quitables en ce qui concerne le retrait de votre bonus, mais il n'y a pas de mal \u00e0 rester inform\u00e9.<\/p>\n<h2>Options de paiement<\/h2>\n<p>Les casinos \u00e0 d\u00e9p\u00f4t minimum C$5 ont tendance \u00e0 proposer de nombreuses m\u00e9thodes de paiement aux joueurs canadiens. En r\u00e8gle g\u00e9n\u00e9rale, plus le casino offre d'options de d\u00e9p\u00f4t et de retrait, plus il est r\u00e9put\u00e9 et digne de confiance. Cependant, ce n'est pas toujours le cas et vous devez toujours v\u00e9rifier si le site Web sur lequel vous pr\u00e9voyez de jouer vaut vraiment la peine que vous y consacriez du temps et de l'argent.<\/p>\n<p>Parmi les m\u00e9thodes de paiement les plus courantes disponibles dans les casinos C$5 avec d\u00e9p\u00f4t minimum au Canada, on trouve Visa, Mastercard, Skrill, PaySafeCard, Neteller et PayPal.<\/p>\n<h2>FAQ<\/h2>\n<p><strong>Pouvez-vous gagner de l'argent r\u00e9el dans les casinos \u00e0 d\u00e9p\u00f4t minimum C$5 ?<\/strong><\/p>\n<p>Bien s\u00fbr que vous pouvez ! Les casinos \u00e0 d\u00e9p\u00f4t minimum C$5 ne sont pas diff\u00e9rents des casinos avec des d\u00e9p\u00f4ts minimums plus \u00e9lev\u00e9s. Vous pourrez \u00e9galement encaisser vos gains de bonus tant que vous aurez rempli les conditions de mise.<\/p>\n<p><strong>Quels sont les meilleurs jeux auxquels on peut jouer avec C$5 ?<\/strong><\/p>\n<p>Le jeu que vous choisissez de jouer avec votre d\u00e9p\u00f4t minimum C$5 d\u00e9pend enti\u00e8rement de vos pr\u00e9f\u00e9rences. Vous pouvez jouer \u00e0 n'importe quel jeu avec cette somme d'argent, et il s'agit simplement de savoir ce que vous aimez le plus. N'oubliez pas que certains casinos offrent un bonus de tours gratuits qui peut \u00eatre utilis\u00e9 sur des machines \u00e0 sous particuli\u00e8res.<\/p>\n<p><strong>Les casinos avec d\u00e9p\u00f4t minimum C$5 offrent-ils des bonus ?<\/strong><\/p>\n<p>De nombreux casinos \u00e0 faible d\u00e9p\u00f4t minimum offrent des bonus aux joueurs canadiens. Ceux-ci peuvent prendre la forme de tours gratuits ou d'une correspondance de 100% sur votre d\u00e9p\u00f4t.<\/p>\n<p><strong>Les casinos avec d\u00e9p\u00f4t minimum C$5 sont-ils s\u00fbrs ?<\/strong><\/p>\n<p>La s\u00e9curit\u00e9 d'un casino ne d\u00e9pend pas du d\u00e9p\u00f4t minimum requis. Pour d\u00e9terminer si un casino en ligne est s\u00fbr, il est pr\u00e9f\u00e9rable de v\u00e9rifier sa licence et sa s\u00e9curit\u00e9 et de le comparer \u00e0 d'autres casinos.<\/p>\n<h2>Articles connexes<\/h2>\n<ul>\n<li><a href=\"https:\/\/casinolion.ca\/fr\/casino-reviews\/\">Revue des casinos en ligne<\/a><\/li>\n<li><a href=\"https:\/\/casinolion.ca\/fr\/casino-reviews\/1-minimum-deposit-casinos\/\">$1 casinos avec d\u00e9p\u00f4t minimum<\/a><\/li>\n<\/ul>","protected":false},"excerpt":{"rendered":"<p>Thanks to unique features added to online slots and table games, these games have never been more compelling and fun to play. Scatters, wilds, and bonus games have increased the winning possibilities in online games, leading to even greater excitement. That said, Canadian players are generally not willing to make massive deposits in casinos before [&hellip;]<\/p>","protected":false},"author":1,"featured_media":0,"parent":232,"menu_order":0,"comment_status":"closed","ping_status":"closed","template":"","meta":{"_acf_changed":false,"footnotes":""},"class_list":["post-10946","page","type-page","status-publish","hentry"],"acf":[],"yoast_head":"<!-- This site is optimized with the Yoast SEO plugin v26.1.1 - https:\/\/yoast.com\/wordpress\/plugins\/seo\/ -->\n<title>$5 Minimum Deposit Casinos in Canada 2026<\/title>\n<meta name=\"robots\" content=\"index, follow, max-snippet:-1, max-image-preview:large, max-video-preview:-1\" \/>\n<link rel=\"canonical\" href=\"https:\/\/casinolion.ca\/fr\/casino-reviews\/5-minimum-deposit-casinos\/\" \/>\n<meta property=\"og:locale\" content=\"fr_CA\" \/>\n<meta property=\"og:type\" content=\"article\" \/>\n<meta property=\"og:title\" content=\"$5 Minimum Deposit Casinos in Canada 2026\" \/>\n<meta property=\"og:description\" content=\"Thanks to unique features added to online slots and table games, these games have never been more compelling and fun to play. Scatters, wilds, and bonus games have increased the winning possibilities in online games, leading to even greater excitement. That said, Canadian players are generally not willing to make massive deposits in casinos before [&hellip;]\" \/>\n<meta property=\"og:url\" content=\"https:\/\/casinolion.ca\/fr\/casino-reviews\/5-minimum-deposit-casinos\/\" \/>\n<meta property=\"article:modified_time\" content=\"2024-06-22T08:21:10+00:00\" \/>\n<meta name=\"twitter:card\" content=\"summary_large_image\" \/>\n<meta name=\"twitter:label1\" content=\"Estimation du temps de lecture\" \/>\n\t<meta name=\"twitter:data1\" content=\"5 minutes\" \/>\n<script type=\"application\/ld+json\" class=\"yoast-schema-graph\">{\"@context\":\"https:\/\/schema.org\",\"@graph\":[{\"@type\":\"WebPage\",\"@id\":\"https:\/\/casinolion.ca\/casino-reviews\/5-minimum-deposit-casinos\/\",\"url\":\"https:\/\/casinolion.ca\/casino-reviews\/5-minimum-deposit-casinos\/\",\"name\":\"$5 Minimum Deposit Casinos in Canada 2026\",\"isPartOf\":{\"@id\":\"https:\/\/casinolion.ca\/fr\/#website\"},\"datePublished\":\"2020-05-28T06:31:55+00:00\",\"dateModified\":\"2024-06-22T08:21:10+00:00\",\"breadcrumb\":{\"@id\":\"https:\/\/casinolion.ca\/casino-reviews\/5-minimum-deposit-casinos\/#breadcrumb\"},\"inLanguage\":\"fr-CA\",\"potentialAction\":[{\"@type\":\"ReadAction\",\"target\":[\"https:\/\/casinolion.ca\/casino-reviews\/5-minimum-deposit-casinos\/\"]}]},{\"@type\":\"BreadcrumbList\",\"@id\":\"https:\/\/casinolion.ca\/casino-reviews\/5-minimum-deposit-casinos\/#breadcrumb\",\"itemListElement\":[{\"@type\":\"ListItem\",\"position\":1,\"name\":\"Home\",\"item\":\"https:\/\/casinolion.ca\/\"},{\"@type\":\"ListItem\",\"position\":2,\"name\":\"Real Casino Reviews\",\"item\":\"https:\/\/casinolion.ca\/casino-reviews\/\"},{\"@type\":\"ListItem\",\"position\":3,\"name\":\"$5 Minimum Deposit Casinos\"}]},{\"@type\":\"WebSite\",\"@id\":\"https:\/\/casinolion.ca\/fr\/#website\",\"url\":\"https:\/\/casinolion.ca\/fr\/\",\"name\":\"\",\"description\":\"\",\"potentialAction\":[{\"@type\":\"SearchAction\",\"target\":{\"@type\":\"EntryPoint\",\"urlTemplate\":\"https:\/\/casinolion.ca\/fr\/?s={search_term_string}\"},\"query-input\":{\"@type\":\"PropertyValueSpecification\",\"valueRequired\":true,\"valueName\":\"search_term_string\"}}],\"inLanguage\":\"fr-CA\"}]}<\/script>\n<!-- \/ Yoast SEO plugin. -->","yoast_head_json":{"title":"$5 Casinos \u00e0 d\u00e9p\u00f4t minimum au Canada 2026","robots":{"index":"index","follow":"follow","max-snippet":"max-snippet:-1","max-image-preview":"max-image-preview:large","max-video-preview":"max-video-preview:-1"},"canonical":"https:\/\/casinolion.ca\/fr\/casino-reviews\/5-minimum-deposit-casinos\/","og_locale":"fr_CA","og_type":"article","og_title":"$5 Minimum Deposit Casinos in Canada 2026","og_description":"Thanks to unique features added to online slots and table games, these games have never been more compelling and fun to play. Scatters, wilds, and bonus games have increased the winning possibilities in online games, leading to even greater excitement. That said, Canadian players are generally not willing to make massive deposits in casinos before [&hellip;]","og_url":"https:\/\/casinolion.ca\/fr\/casino-reviews\/5-minimum-deposit-casinos\/","article_modified_time":"2024-06-22T08:21:10+00:00","twitter_card":"summary_large_image","twitter_misc":{"Estimation du temps de lecture":"5 minutes"},"schema":{"@context":"https:\/\/schema.org","@graph":[{"@type":"WebPage","@id":"https:\/\/casinolion.ca\/casino-reviews\/5-minimum-deposit-casinos\/","url":"https:\/\/casinolion.ca\/casino-reviews\/5-minimum-deposit-casinos\/","name":"$5 Casinos \u00e0 d\u00e9p\u00f4t minimum au Canada 2026","isPartOf":{"@id":"https:\/\/casinolion.ca\/fr\/#website"},"datePublished":"2020-05-28T06:31:55+00:00","dateModified":"2024-06-22T08:21:10+00:00","breadcrumb":{"@id":"https:\/\/casinolion.ca\/casino-reviews\/5-minimum-deposit-casinos\/#breadcrumb"},"inLanguage":"fr-CA","potentialAction":[{"@type":"ReadAction","target":["https:\/\/casinolion.ca\/casino-reviews\/5-minimum-deposit-casinos\/"]}]},{"@type":"BreadcrumbList","@id":"https:\/\/casinolion.ca\/casino-reviews\/5-minimum-deposit-casinos\/#breadcrumb","itemListElement":[{"@type":"ListItem","position":1,"name":"Home","item":"https:\/\/casinolion.ca\/"},{"@type":"ListItem","position":2,"name":"Real Casino Reviews","item":"https:\/\/casinolion.ca\/casino-reviews\/"},{"@type":"ListItem","position":3,"name":"$5 Minimum Deposit Casinos"}]},{"@type":"WebSite","@id":"https:\/\/casinolion.ca\/fr\/#website","url":"https:\/\/casinolion.ca\/fr\/","name":"","description":"","potentialAction":[{"@type":"SearchAction","target":{"@type":"EntryPoint","urlTemplate":"https:\/\/casinolion.ca\/fr\/?s={search_term_string}"},"query-input":{"@type":"PropertyValueSpecification","valueRequired":true,"valueName":"search_term_string"}}],"inLanguage":"fr-CA"}]}},"_links":{"self":[{"href":"https:\/\/casinolion.ca\/fr\/wp-json\/wp\/v2\/pages\/10946","targetHints":{"allow":["GET"]}}],"collection":[{"href":"https:\/\/casinolion.ca\/fr\/wp-json\/wp\/v2\/pages"}],"about":[{"href":"https:\/\/casinolion.ca\/fr\/wp-json\/wp\/v2\/types\/page"}],"author":[{"embeddable":true,"href":"https:\/\/casinolion.ca\/fr\/wp-json\/wp\/v2\/users\/1"}],"replies":[{"embeddable":true,"href":"https:\/\/casinolion.ca\/fr\/wp-json\/wp\/v2\/comments?post=10946"}],"version-history":[{"count":0,"href":"https:\/\/casinolion.ca\/fr\/wp-json\/wp\/v2\/pages\/10946\/revisions"}],"up":[{"embeddable":true,"href":"https:\/\/casinolion.ca\/fr\/wp-json\/wp\/v2\/pages\/232"}],"wp:attachment":[{"href":"https:\/\/casinolion.ca\/fr\/wp-json\/wp\/v2\/media?parent=10946"}],"curies":[{"name":"wp","href":"https:\/\/api.w.org\/{rel}","templated":true}]}}