
{"id":10947,"date":"2020-05-28T06:35:11","date_gmt":"2020-05-28T06:35:11","guid":{"rendered":"https:\/\/www.canadiancasinos.ca\/?page_id=10947"},"modified":"2020-05-28T06:37:46","modified_gmt":"2020-05-28T06:37:46","slug":"online-scratch-cards-in-canada","status":"publish","type":"page","link":"https:\/\/casinolion.ca\/fr\/online-scratch-cards-in-canada\/","title":{"rendered":"Cartes \u00e0 gratter en ligne au Canada"},"content":{"rendered":"<h2>Cartes \u00e0 gratter en ligne au Canada<\/h2>\n<p>Les cartes \u00e0 gratter sont la forme la plus simple de jeux de hasard qui reste populaire depuis des ann\u00e9es. De plus, avec les progr\u00e8s de la technologie, les cartes \u00e0 gratter ont \u00e9galement \u00e9t\u00e9 mises en ligne, devenant ainsi encore plus faciles \u00e0 trouver. Les Canadiens, comme beaucoup d'autres personnes dans le monde, adorent les cartes \u00e0 gratter. C'est pourquoi nous avons pr\u00e9par\u00e9 pour eux le guide ultime de ce jeu simple mais lucratif auquel vous pouvez d\u00e9sormais jouer depuis le confort de votre maison.<\/p>\n<h2>O\u00f9 puis-je trouver les meilleures cartes \u00e0 gratter en ligne au Canada ?<\/h2>\n<p>Quel que soit l'endroit o\u00f9 vous vivez au Canada, vous aurez acc\u00e8s \u00e0 des plateformes de grattage en ligne. Le syst\u00e8me de loterie canadien est g\u00e9r\u00e9 par la Soci\u00e9t\u00e9 des loteries interprovinciales (SLI), qui se compose de cinq commissions r\u00e9gionales des loteries. Chacune de ces commissions couvre des provinces ou des territoires particuliers et r\u00e9glemente la distribution des billets de loterie en ligne et des cartes \u00e0 gratter \u00e0 l'int\u00e9rieur de leurs fronti\u00e8res. Cela se fait de la mani\u00e8re suivante :<\/p>\n<ul>\n<li><a href=\"https:\/\/home.olg.ca\/en-ca\/home-page\"><strong>Soci\u00e9t\u00e9 des loteries et jeux de l'Ontario (OLG)<\/strong> <\/a>- Ontario<\/li>\n<li><a href=\"https:\/\/www.bclc.com\/\"><strong>La British Columbia Lottery Corp (BCLC)<\/strong><\/a> - Colombie-Britannique<\/li>\n<li><a href=\"https:\/\/www.alc.ca\/content\/alc\/en.html\"><strong>Loterie de l'Atlantique (ALC)<\/strong><\/a> - Nouveau-Brunswick, Terre-Neuve-et-Labrador, Nouvelle-\u00c9cosse, \u00cele-du-Prince-\u00c9douard<\/li>\n<li><a href=\"https:\/\/loteries.lotoquebec.com\/en\/home\"><strong>Loto-Qu\u00e9bec<\/strong> - Qu\u00e9bec<\/a><\/li>\n<li><a href=\"https:\/\/www.wclc.com\/home.htm\"><strong>La soci\u00e9t\u00e9 des loteries de l'Ouest du Canada (WCLC)<\/strong><\/a> - Alberta, Manitoba, Nunavut, Territoires du Nord-Ouest, Saskatchewan, Yukon<\/li>\n<\/ul>\n<p>Alors que les Canadiens r\u00e9sidant dans les zones de service de la BCLC, de l'ALC et de Loto-Qu\u00e9bec peuvent acheter des cartes \u00e0 gratter en cr\u00e9ant simplement un compte sur ces sites r\u00e9gionaux, les joueurs qui rel\u00e8vent de la zone de service de l'OLG et de la WCLC, \u00e0 l'exception du Manitoba, ne peuvent pas le faire de cette mani\u00e8re.<\/p>\n<p>Les personnes qui, pour une raison ou une autre, ne peuvent pas acheter leur ticket de grattage sur l'une de ces plateformes peuvent se tourner vers les sites de jeux en ligne r\u00e9glement\u00e9s au niveau international qui proposent ce type de jeu.<\/p>\n<h2>Comment jouer aux cartes \u00e0 gratter en ligne au Canada ?<\/h2>\n<p>Quel que soit le site Web que vous choisissez pour jouer aux cartes \u00e0 gratter, vous devez d'abord vous inscrire. Cette op\u00e9ration s'effectue en quelques \u00e9tapes simples et ne prend que quelques minutes de votre temps. La seule chose \u00e0 faire est de fournir les informations n\u00e9cessaires et d'accepter les conditions g\u00e9n\u00e9rales.<\/p>\n<p>Une fois que vous aurez cr\u00e9\u00e9 un compte, vous devrez effectuer un d\u00e9p\u00f4t pour pouvoir acheter la carte \u00e0 gratter de votre choix. Lorsque vous avez d\u00e9pos\u00e9 de l'argent, l'\u00e9tape suivante consiste \u00e0 choisir le jeu de cartes \u00e0 gratter, puis \u00e0 gratter manuellement ou automatiquement la carte en ligne.<\/p>\n<p>En grattant la carte, certains symboles sont r\u00e9v\u00e9l\u00e9s. Si vous obtenez une combinaison gagnante, vous pouvez r\u00e9clamer votre prix.<\/p>\n<h3>Diff\u00e9rents types de cartes \u00e0 gratter<\/h3>\n<p>De nos jours, les cartes \u00e0 gratter en ligne se pr\u00e9sentent sous diff\u00e9rentes formes et tailles. Les types de cartes \u00e0 gratter les plus courants auxquels les joueurs canadiens peuvent jouer sont les suivants :<\/p>\n<ul>\n<li><strong>Carte \u00e0 gratter \u00e0 gain imm\u00e9diat<\/strong> - Il s'agit de la forme la plus simple de carte \u00e0 gratter, et il n'y a rien de plus facile \u00e0 jouer. Vous obtenez une carte et vous la grattez manuellement ou automatiquement pour r\u00e9v\u00e9ler la combinaison.<\/li>\n<li><strong>Lignes <\/strong>- Il s'agit d'une carte plus grande, compos\u00e9e de plus de champs. Le but est d'obtenir des symboles gagnants qui forment une seule ligne.<\/li>\n<li><strong>Carte \u00e0 gratter \u00e0 th\u00e8me <\/strong>- Ces cartes \u00e0 gratter sont disponibles dans les \u00e9tablissements de jeux en ligne et peuvent pr\u00e9senter diff\u00e9rents th\u00e8mes avec leurs symboles respectifs, dont la combinaison d\u00e9termine le gagnant.<\/li>\n<\/ul>\n<h2>Avantages des cartes \u00e0 gratter en argent r\u00e9el<\/h2>\n<p>Les cartes \u00e0 gratter sont un choix courant parmi les Canadiens lorsqu'il s'agit de jeux de hasard. Il y a plusieurs raisons \u00e0 cela :<\/p>\n<ul>\n<li><strong>Un jeu simple <\/strong>- Les cartes \u00e0 gratter ne n\u00e9cessitent aucune connaissance ou comp\u00e9tence. De plus, avec la version en ligne des cartes \u00e0 gratter, vous n'avez m\u00eame pas besoin de gratter vous-m\u00eame. Le programme peut \u00eatre configur\u00e9 pour le faire automatiquement \u00e0 votre place.<\/li>\n<li><strong>Petit investissement<\/strong> - Le d\u00e9p\u00f4t minimum pour les cartes \u00e0 gratter en ligne commence \u00e0 partir de $0.1 par tour. Cela signifie que vous ne serez jamais assez riche pour ne pas pouvoir gratter une ou deux cartes.<\/li>\n<li><strong>Des prix importants<\/strong> - M\u00eame si elles ne n\u00e9cessitent pas de d\u00e9p\u00f4ts importants, les cartes \u00e0 gratter en ligne peuvent offrir des gains consid\u00e9rables.<\/li>\n<li><strong>Tentez votre chance quand vous le souhaitez<\/strong> - Contrairement aux jeux de table qui n\u00e9cessitent un espace vide \u00e0 la table, les cartes \u00e0 gratter en ligne sont disponibles litt\u00e9ralement \u00e0 tout moment du jour et de la nuit. D\u00e8s que vous sentez que la chance vous sourit, les tickets sont disponibles.<\/li>\n<li><strong>Grattez votre carte n'importe o\u00f9<\/strong> - Avant l'introduction de la version en ligne des cartes \u00e0 gratter, les joueurs devaient se d\u00e9placer pour trouver le point de vente des billets. Aujourd'hui, en plus de pouvoir les gratter en ligne, les joueurs peuvent \u00e9galement le faire via leur t\u00e9l\u00e9phone portable, car presque tous les sites en ligne qui proposent des billets \u00e0 gratter peuvent \u00eatre visit\u00e9s via le navigateur web du smartphone.<\/li>\n<\/ul>\n<h2>Comment r\u00e9clamer votre gain avec les cartes \u00e0 gratter en ligne ?<\/h2>\n<p>Que vous souhaitiez acheter une carte \u00e0 gratter sur un site Internet r\u00e9glement\u00e9 ou international, vous devez d'abord cr\u00e9er un compte et d\u00e9poser de l'argent en utilisant l'une des m\u00e9thodes de paiement disponibles. Il peut s'agir d'une carte de cr\u00e9dit ou de d\u00e9bit, d'un portefeuille \u00e9lectronique ou de tout autre moyen de paiement disponible. Une fois que vous avez gagn\u00e9 un prix sur une carte \u00e0 gratter en ligne, vos gains sont cr\u00e9dit\u00e9s sur votre compte sur la plateforme concern\u00e9e. \u00c0 partir de ce moment, vous \u00eates libre de retirer vos gains en utilisant votre m\u00e9thode de paiement pr\u00e9f\u00e9r\u00e9e.<\/p>\n<h2>Pourquoi jouer aux cartes \u00e0 gratter en ligne ?<\/h2>\n<p>Les cartes \u00e0 gratter en ligne sont le moyen le plus simple d'obtenir une somme d'argent importante pour un investissement minime. En outre, il s'agit toujours d'un jeu de hasard qui vous procurera un sentiment d'excitation pendant que vous grattez la carte et que vous attendez que les symboles apparaissent et vous donnent de la chance pour la journ\u00e9e. Si vous n'avez jamais essay\u00e9, essayez de gratter au moins une carte juste pour le plaisir, car il n'y a pas grand-chose \u00e0 perdre et les gains possibles peuvent \u00eatre tr\u00e8s importants.<\/p>\n<h2>Articles connexes :<\/h2>\n<ul>\n<li><a href=\"https:\/\/casinolion.ca\/fr\/online-lotto-in-canada\/\">Loto en ligne au Canada<\/a><\/li>\n<\/ul>\n<h2>FAQ<\/h2>\n<p><strong>O\u00f9 puis-je trouver des cartes \u00e0 gratter en ligne au Canada ?<\/strong><\/p>\n<p>Plusieurs commissions de loterie r\u00e9glement\u00e9es par l'\u00c9tat proposent des cartes \u00e0 gratter en ligne. Si vous ne pouvez pas acheter vos cartes \u00e0 gratter en ligne sur ces sites, vous pouvez toujours le faire sur des plateformes internationales.<\/p>\n<p><strong>Existe-t-il des bonus pour les cartes \u00e0 gratter en ligne ?<\/strong><\/p>\n<p>Vous pouvez obtenir des bonus pour jouer aux cartes \u00e0 gratter en ligne dans la majorit\u00e9 des \u00e9tablissements de jeux en ligne. Cependant, v\u00e9rifiez toujours les conditions g\u00e9n\u00e9rales pour savoir si le bonus peut \u00eatre utilis\u00e9 pour jouer aux cartes \u00e0 gratter de votre choix.<\/p>\n<p><strong>Quelles sont les alternatives aux cartes \u00e0 gratter ?<\/strong><\/p>\n<p>Si vous n'aimez pas les cartes \u00e0 gratter, vous pouvez toujours essayer de jouer au bingo ou \u00e0 la loterie en ligne. En fin de compte, les machines \u00e0 sous en ligne se sont r\u00e9v\u00e9l\u00e9es suffisamment int\u00e9ressantes pour battre les cartes \u00e0 gratter.<\/p>\n<p><strong>Les cartes \u00e0 gratter sont-elles une escroquerie ?<\/strong><\/p>\n<p>Si vous choisissez de jouer aux cartes \u00e0 gratter sur des sites en ligne dignes de confiance, vous pouvez \u00eatre s\u00fbr que tout sera \u00e9quitable, car ces jeux sont aliment\u00e9s par des g\u00e9n\u00e9rateurs de nombres al\u00e9atoires. Cependant, il existe de nombreux sites Web douteux qui proposent des cartes \u00e0 gratter en ligne, alors soyez prudent lorsque vous choisissez celui auquel vous voulez jouer.<\/p>\n<p><strong>Comment puis-je r\u00e9clamer mes gains de cartes \u00e0 gratter en ligne ?<\/strong><\/p>\n<p>Une fois que vous avez remport\u00e9 un prix, les gains sont cr\u00e9dit\u00e9s sur votre compte sur la plateforme que vous avez choisie pour jouer. De l\u00e0, vous pouvez retirer votre argent en utilisant l'une des m\u00e9thodes de paiement disponibles, telles que les cartes de cr\u00e9dit et de d\u00e9bit, les portefeuilles \u00e9lectroniques, etc.<\/p>","protected":false},"excerpt":{"rendered":"<p>Cartes \u00e0 gratter en ligne au Canada Les cartes \u00e0 gratter sont la forme la plus simple de jeux de hasard qui est rest\u00e9e populaire pendant des ann\u00e9es. De plus, avec les progr\u00e8s de la technologie, les cartes \u00e0 gratter ont \u00e9galement \u00e9t\u00e9 mises en ligne, devenant ainsi encore plus faciles \u00e0 trouver. Les Canadiens, comme beaucoup d'autres personnes dans le monde, adorent les cartes \u00e0 gratter, [...]<\/p>","protected":false},"author":1,"featured_media":0,"parent":0,"menu_order":17,"comment_status":"closed","ping_status":"closed","template":"","meta":{"_acf_changed":false,"footnotes":""},"class_list":["post-10947","page","type-page","status-publish","hentry"],"acf":[],"yoast_head":"<!-- This site is optimized with the Yoast SEO plugin v26.1.1 - https:\/\/yoast.com\/wordpress\/plugins\/seo\/ -->\n<title>Online Scratch Cards in Canada<\/title>\n<meta name=\"robots\" content=\"index, follow, max-snippet:-1, max-image-preview:large, max-video-preview:-1\" \/>\n<link rel=\"canonical\" href=\"https:\/\/casinolion.ca\/fr\/online-scratch-cards-in-canada\/\" \/>\n<meta property=\"og:locale\" content=\"fr_CA\" \/>\n<meta property=\"og:type\" content=\"article\" \/>\n<meta property=\"og:title\" content=\"Online Scratch Cards in Canada\" \/>\n<meta property=\"og:description\" content=\"Online Scratch Cards in Canada Scratch cards are the simplest form of games of chance that has stayed popular for years. Moreover, together with the advancement of technology, scratch cards got the online version as well, thus becoming even easier to find. Canadians, like many other people around the world, happen to love scratch cards, [&hellip;]\" \/>\n<meta property=\"og:url\" content=\"https:\/\/casinolion.ca\/fr\/online-scratch-cards-in-canada\/\" \/>\n<meta property=\"article:modified_time\" content=\"2020-05-28T06:37:46+00:00\" \/>\n<meta name=\"twitter:card\" content=\"summary_large_image\" \/>\n<meta name=\"twitter:label1\" content=\"Estimation du temps de lecture\" \/>\n\t<meta name=\"twitter:data1\" content=\"6 minutes\" \/>\n<script type=\"application\/ld+json\" class=\"yoast-schema-graph\">{\"@context\":\"https:\/\/schema.org\",\"@graph\":[{\"@type\":\"WebPage\",\"@id\":\"https:\/\/casinolion.ca\/online-scratch-cards-in-canada\/\",\"url\":\"https:\/\/casinolion.ca\/online-scratch-cards-in-canada\/\",\"name\":\"Online Scratch Cards in Canada\",\"isPartOf\":{\"@id\":\"https:\/\/casinolion.ca\/fr\/#website\"},\"datePublished\":\"2020-05-28T06:35:11+00:00\",\"dateModified\":\"2020-05-28T06:37:46+00:00\",\"breadcrumb\":{\"@id\":\"https:\/\/casinolion.ca\/online-scratch-cards-in-canada\/#breadcrumb\"},\"inLanguage\":\"fr-CA\",\"potentialAction\":[{\"@type\":\"ReadAction\",\"target\":[\"https:\/\/casinolion.ca\/online-scratch-cards-in-canada\/\"]}]},{\"@type\":\"BreadcrumbList\",\"@id\":\"https:\/\/casinolion.ca\/online-scratch-cards-in-canada\/#breadcrumb\",\"itemListElement\":[{\"@type\":\"ListItem\",\"position\":1,\"name\":\"Home\",\"item\":\"https:\/\/casinolion.ca\/\"},{\"@type\":\"ListItem\",\"position\":2,\"name\":\"Online Scratch Cards in Canada\"}]},{\"@type\":\"WebSite\",\"@id\":\"https:\/\/casinolion.ca\/fr\/#website\",\"url\":\"https:\/\/casinolion.ca\/fr\/\",\"name\":\"\",\"description\":\"\",\"potentialAction\":[{\"@type\":\"SearchAction\",\"target\":{\"@type\":\"EntryPoint\",\"urlTemplate\":\"https:\/\/casinolion.ca\/fr\/?s={search_term_string}\"},\"query-input\":{\"@type\":\"PropertyValueSpecification\",\"valueRequired\":true,\"valueName\":\"search_term_string\"}}],\"inLanguage\":\"fr-CA\"}]}<\/script>\n<!-- \/ Yoast SEO plugin. -->","yoast_head_json":{"title":"Cartes \u00e0 gratter en ligne au Canada","robots":{"index":"index","follow":"follow","max-snippet":"max-snippet:-1","max-image-preview":"max-image-preview:large","max-video-preview":"max-video-preview:-1"},"canonical":"https:\/\/casinolion.ca\/fr\/online-scratch-cards-in-canada\/","og_locale":"fr_CA","og_type":"article","og_title":"Online Scratch Cards in Canada","og_description":"Online Scratch Cards in Canada Scratch cards are the simplest form of games of chance that has stayed popular for years. Moreover, together with the advancement of technology, scratch cards got the online version as well, thus becoming even easier to find. Canadians, like many other people around the world, happen to love scratch cards, [&hellip;]","og_url":"https:\/\/casinolion.ca\/fr\/online-scratch-cards-in-canada\/","article_modified_time":"2020-05-28T06:37:46+00:00","twitter_card":"summary_large_image","twitter_misc":{"Estimation du temps de lecture":"6 minutes"},"schema":{"@context":"https:\/\/schema.org","@graph":[{"@type":"WebPage","@id":"https:\/\/casinolion.ca\/online-scratch-cards-in-canada\/","url":"https:\/\/casinolion.ca\/online-scratch-cards-in-canada\/","name":"Cartes \u00e0 gratter en ligne au Canada","isPartOf":{"@id":"https:\/\/casinolion.ca\/fr\/#website"},"datePublished":"2020-05-28T06:35:11+00:00","dateModified":"2020-05-28T06:37:46+00:00","breadcrumb":{"@id":"https:\/\/casinolion.ca\/online-scratch-cards-in-canada\/#breadcrumb"},"inLanguage":"fr-CA","potentialAction":[{"@type":"ReadAction","target":["https:\/\/casinolion.ca\/online-scratch-cards-in-canada\/"]}]},{"@type":"BreadcrumbList","@id":"https:\/\/casinolion.ca\/online-scratch-cards-in-canada\/#breadcrumb","itemListElement":[{"@type":"ListItem","position":1,"name":"Home","item":"https:\/\/casinolion.ca\/"},{"@type":"ListItem","position":2,"name":"Online Scratch Cards in Canada"}]},{"@type":"WebSite","@id":"https:\/\/casinolion.ca\/fr\/#website","url":"https:\/\/casinolion.ca\/fr\/","name":"","description":"","potentialAction":[{"@type":"SearchAction","target":{"@type":"EntryPoint","urlTemplate":"https:\/\/casinolion.ca\/fr\/?s={search_term_string}"},"query-input":{"@type":"PropertyValueSpecification","valueRequired":true,"valueName":"search_term_string"}}],"inLanguage":"fr-CA"}]}},"_links":{"self":[{"href":"https:\/\/casinolion.ca\/fr\/wp-json\/wp\/v2\/pages\/10947","targetHints":{"allow":["GET"]}}],"collection":[{"href":"https:\/\/casinolion.ca\/fr\/wp-json\/wp\/v2\/pages"}],"about":[{"href":"https:\/\/casinolion.ca\/fr\/wp-json\/wp\/v2\/types\/page"}],"author":[{"embeddable":true,"href":"https:\/\/casinolion.ca\/fr\/wp-json\/wp\/v2\/users\/1"}],"replies":[{"embeddable":true,"href":"https:\/\/casinolion.ca\/fr\/wp-json\/wp\/v2\/comments?post=10947"}],"version-history":[{"count":0,"href":"https:\/\/casinolion.ca\/fr\/wp-json\/wp\/v2\/pages\/10947\/revisions"}],"wp:attachment":[{"href":"https:\/\/casinolion.ca\/fr\/wp-json\/wp\/v2\/media?parent=10947"}],"curies":[{"name":"wp","href":"https:\/\/api.w.org\/{rel}","templated":true}]}}