
{"id":10950,"date":"2020-05-28T06:41:52","date_gmt":"2020-05-28T06:41:52","guid":{"rendered":"https:\/\/www.canadiancasinos.ca\/?page_id=10950"},"modified":"2020-05-28T06:41:52","modified_gmt":"2020-05-28T06:41:52","slug":"what-are-the-best-casino-game-odds","status":"publish","type":"page","link":"https:\/\/casinolion.ca\/fr\/what-are-the-best-casino-game-odds\/","title":{"rendered":"Quelles sont les meilleures cotes pour les jeux de casino ?"},"content":{"rendered":"<h2>Quelles sont les meilleures cotes pour les jeux de casino ?<\/h2>\n<p>Lorsqu'une personne d\u00e9cide de commencer \u00e0 jouer aux jeux de casino, elle se demande certainement quels sont les jeux de casino qui offrent les meilleures chances de gagner. Vous vous posez probablement la m\u00eame question, ce qui est tout \u00e0 fait compr\u00e9hensible, car vous voulez avoir les meilleures chances de gagner.<\/p>\n<p>Chaque jeu de casino a des cotes diff\u00e9rentes, il est donc int\u00e9ressant de les d\u00e9couvrir. De cette fa\u00e7on, vous pouvez trouver les jeux ayant les meilleures cotes et ne jouer qu'\u00e0 ces jeux. Il s'agit d'avoir les meilleures chances de gagner des sommes importantes !<\/p>\n<p>Si vous souhaitez trouver les cotes parfaites pour les jeux de casino, vous \u00eates au bon endroit ! Nous avons fait les recherches pour vous, alors regardons de plus pr\u00e8s les meilleures cotes de jeux de casino.<\/p>\n<h2>Comment fonctionnent les cotes des jeux de casino<\/h2>\n<p>Les cotes sont l'\u00e9l\u00e9ment le plus important de tous les jeux d'argent, et pas seulement des jeux de casino. Chaque jeu a ses propres cotes, qui vous indiquent la probabilit\u00e9 qu'un \u00e9l\u00e9ment sp\u00e9cifique du jeu se produise et le montant que vous pouvez gagner lorsqu'il se produit.<\/p>\n<p>Les cotes des jeux de casino sont toujours repr\u00e9sent\u00e9es par des nombres, mais il peut s'agir de cotes fractionnaires ou de pourcentages. Il existe \u00e9galement d'autres types de cotes, mais les jeux de casino ne les utilisent pas.<\/p>\n<p>Nous ne vous ennuierons pas avec la fa\u00e7on dont les casinos calculent les cotes et tous les autres aspects techniques, mais nous devons tout de m\u00eame parler de l'avantage de la maison.<\/p>\n<h2>Les casinos ont toujours l'avantage de la maison<\/h2>\n<p>Chaque casino doit gagner plus que ses joueurs s'il veut gagner de l'argent, c'est pourquoi tous les jeux de casino ont des cotes qui penchent l\u00e9g\u00e8rement en faveur du casino.<\/p>\n<p>Par exemple, les cr\u00e9neaux horaires sont con\u00e7us pour avoir un <a href=\"https:\/\/casinolion.ca\/fr\/what-is-rtp-or-house-edge-in-online-slots\/\">Pourcentage de retour au joueur (RTP)<\/a> qui est toujours l\u00e9g\u00e8rement inf\u00e9rieur \u00e0 100%, et les jeux de table comme la roulette ont le champ z\u00e9ro qui donne l'avantage \u00e0 la maison.<\/p>\n<p>Bien entendu, il ne s'agit l\u00e0 que de deux exemples, mais vous pouvez \u00eatre s\u00fbr que chaque jeu de casino comporte un l\u00e9ger avantage qui n'est jamais du c\u00f4t\u00e9 du joueur.<\/p>\n<p>N\u00e9anmoins, vous pouvez \u00eatre s\u00fbr que chaque casino l\u00e9gitime offre des chances \u00e9quitables. Les jeux ne seront jamais truqu\u00e9s de mani\u00e8re \u00e0 vous emp\u00eacher de gagner. Tous les jeux de casino sont al\u00e9atoires, de sorte que tout le monde peut gagner gros. Les lois sur les jeux d'argent le garantissent et des auditeurs ind\u00e9pendants sont l\u00e0 pour faire respecter ces lois.<\/p>\n<p>Dans ce contexte, quels sont les jeux de casino qui offrent les meilleures probabilit\u00e9s ?<\/p>\n<h2>Jeux de casino avec les meilleures chances<\/h2>\n<p>En g\u00e9n\u00e9ral, les jeux de table ont les meilleures cotes, tandis que les machines \u00e0 sous et les roues de la fortune ont les plus mauvaises, c'est pourquoi vous devriez les \u00e9viter si vous ne vous souciez que des meilleures cotes.<\/p>\n<p>La plupart des experts vous diront la m\u00eame chose, m\u00eame si les gens joueront plus volontiers aux machines \u00e0 sous et autres jeux de casino sur machine qu'aux jeux de table. Les gens sont g\u00e9n\u00e9ralement intimid\u00e9s par le rythme rapide des jeux de table et la complexit\u00e9 des r\u00e8gles. Cependant, si vous passez outre, vous verrez que vous avez beaucoup plus de chances de gagner en jouant au craps qu'en jouant aux jeux de table. <a href=\"https:\/\/casinolion.ca\/fr\/online-slots\/book-of-dead\/\">Le Livre des Morts<\/a>.<\/p>\n<h3>Blackjack - Les chances sont autour de 49%<\/h3>\n<p>Le blackjack est le choix commun de nombreux joueurs professionnels, car il offre g\u00e9n\u00e9ralement les meilleures cotes. Elles s'\u00e9l\u00e8vent \u00e0 49% dans la plupart des cas, tandis que l'avantage de la maison n'est que de 0,5%. Cela signifie qu'en moyenne, pour chaque CA$1 que vous misez, vous ne perdez qu'un demi-penny.<\/p>\n<p>En outre, le blackjack comporte un \u00e9l\u00e9ment d'habilet\u00e9 qui peut faire pencher la balance en faveur du joueur. Vous devrez m\u00e9moriser des r\u00e8gles simples, comme toujours s\u00e9parer les 4 si le croupier montre un 5 ou un 6, ou toujours frapper le 12 si le croupier montre 2. Vous pouvez m\u00eame apporter une antis\u00e8che contenant ces r\u00e8gles ; le casino n'y verra pas d'inconv\u00e9nient, car cela n'est pas ill\u00e9gal.<\/p>\n<p>Le point principal du blackjack est que vous jouez contre le croupier, donc m\u00eame s'il y a d'autres joueurs, vous misez tous contre le croupier.<\/p>\n<p>Le blackjack reste un jeu bas\u00e9 sur la chance, mais si vous combinez les chances g\u00e9n\u00e9reuses et un peu d'habilet\u00e9, vous aurez de grandes chances de gagner.<\/p>\n<h3>Craps - Les chances sont presque \u00e9gales \u00e0 50%<\/h3>\n<p>Apr\u00e8s le blackjack, le craps est g\u00e9n\u00e9ralement consid\u00e9r\u00e9 comme le deuxi\u00e8me jeu ayant les meilleures chances de gagner. Cependant, contrairement au blackjack, le craps est presque enti\u00e8rement un jeu bas\u00e9 sur la chance, mais comme vous pouvez placer diff\u00e9rentes mises, vos chances peuvent changer. Si vous faites des paris tr\u00e8s sp\u00e9cifiques, vos chances diminuent, mais si vous pariez sur le fait que le tireur (la personne qui lance les d\u00e9s) gagnera ou non, vos chances seront toujours proches de 50%.<\/p>\n<p>Il n'est pas n\u00e9cessaire d'en savoir beaucoup sur le craps, puisqu'il suffit de parier sur un simple lancer de d\u00e9s pour obtenir de bonnes chances de gagner. Cependant, il est toujours bon d'en apprendre davantage sur le jeu afin de pouvoir placer d'autres paris avec des probabilit\u00e9s plus faibles mais de meilleurs gains.<\/p>\n<h3>Roulette - Les chances sont presque \u00e9gales \u00e0 50%<\/h3>\n<p>La roulette se compose d'une roue sur laquelle figurent les chiffres 1 \u00e0 36 et d'un champ de z\u00e9ro. La roulette am\u00e9ricaine comporte \u00e9galement un double z\u00e9ro. Comme les num\u00e9ros de 1 \u00e0 36 sont soit noirs, soit blancs, vous devriez avoir une chance sur deux de gagner en pariant sur une couleur. Cependant, \u00e9tant donn\u00e9 qu'il y a \u00e9galement un champ de z\u00e9ro, vos chances sont l\u00e9g\u00e8rement inf\u00e9rieures, et avec le double champ de z\u00e9ro suppl\u00e9mentaire, vos chances sont encore plus faibles. Le z\u00e9ro vert est le chiffre qui donne \u00e0 la maison l'avantage qu'elle recherche.<\/p>\n<p>N'oubliez pas que vos chances sont toujours proches de 50%, c'est pourquoi la roulette est souvent consid\u00e9r\u00e9e comme l'un des jeux de casino ayant les meilleures chances de r\u00e9ussite.<\/p>\n<p>Le principal avantage de la roulette est qu'elle est enti\u00e8rement bas\u00e9e sur la chance, mais avec des chances aussi \u00e9lev\u00e9es, vous pouvez gagner beaucoup plus qu'en jouant aux machines \u00e0 sous.<\/p>\n<h3>Poker - Le joker<\/h3>\n<p>Outre ces trois jeux, il convient de mentionner le poker. Cependant, au poker, les joueurs ont beaucoup plus de contr\u00f4le sur leurs chances qu'\u00e0 n'importe quel autre jeu de casino. C'est pourquoi les joueurs de poker exp\u00e9riment\u00e9s peuvent gagner beaucoup en s'appuyant sur leurs comp\u00e9tences et pas seulement sur la chance, alors que les d\u00e9butants ont des chances nettement inf\u00e9rieures.<\/p>\n<p>C'est pourquoi vous devrez acqu\u00e9rir des comp\u00e9tences en mati\u00e8re de poker avant de commencer \u00e0 jouer, si vous voulez avoir de bonnes chances de gagner. Nous vous conseillons \u00e9galement de jouer au poker en ligne pendant la nuit, car c'est \u00e0 ce moment-l\u00e0 que la plupart des joueurs sont l\u00e0 pour jouer de fa\u00e7on r\u00e9cr\u00e9ative.<\/p>\n<h2>R\u00e9sum\u00e9<\/h2>\n<p>En r\u00e9sum\u00e9, la plupart des experts s'accordent \u00e0 dire que vous aurez les meilleures chances de gagner si vous d\u00e9cidez de jouer au blackjack, au craps ou \u00e0 la roulette. Pour le blackjack, vous pouvez faire mieux avec un peu d'habilet\u00e9 ; pour le craps, vous devrez surtout compter sur la chance ; pour la roulette, vous n'aurez besoin que de chance. Et si vous voulez jouer \u00e0 un jeu bas\u00e9 sur vos comp\u00e9tences, vous devriez jouer au poker, car vos chances augmentent lorsque vous am\u00e9liorez vos comp\u00e9tences.<\/p>\n<p>Bien entendu, vous ne devez pas prendre ces chances pour argent comptant, car les jeux d'argent reposent toujours en grande partie sur la chance. Jouez donc de mani\u00e8re responsable et ne misez pas plus que ce que vous \u00eates pr\u00eat \u00e0 perdre !<\/p>","protected":false},"excerpt":{"rendered":"<p>Quelles sont les meilleures cotes pour les jeux de casino ? Lorsque quelqu'un d\u00e9cide de commencer \u00e0 jouer aux jeux de casino, il se demande certainement quels sont les jeux de casino qui ont les meilleures cotes. Vous vous demandez probablement la m\u00eame chose, ce qui est parfaitement compr\u00e9hensible, car vous voulez avoir les meilleures chances de gagner. Chaque jeu de casino a des probabilit\u00e9s diff\u00e9rentes, il est donc [...]<\/p>","protected":false},"author":1,"featured_media":0,"parent":0,"menu_order":16,"comment_status":"closed","ping_status":"closed","template":"","meta":{"_acf_changed":false,"footnotes":""},"class_list":["post-10950","page","type-page","status-publish","hentry"],"acf":[],"yoast_head":"<!-- This site is optimized with the Yoast SEO plugin v26.1.1 - https:\/\/yoast.com\/wordpress\/plugins\/seo\/ -->\n<title>What Are the Best Casino Game Odds?<\/title>\n<meta name=\"robots\" content=\"index, follow, max-snippet:-1, max-image-preview:large, max-video-preview:-1\" \/>\n<link rel=\"canonical\" href=\"https:\/\/casinolion.ca\/fr\/what-are-the-best-casino-game-odds\/\" \/>\n<meta property=\"og:locale\" content=\"fr_CA\" \/>\n<meta property=\"og:type\" content=\"article\" \/>\n<meta property=\"og:title\" content=\"What Are the Best Casino Game Odds?\" \/>\n<meta property=\"og:description\" content=\"What Are the Best Casino Game Odds? When someone decides to start playing casino games, they are certainly wondering which casino games have the best odds. You are probably wondering the same thing, which is perfectly understandable, as you want to have the best chances of winning. Each casino game has different odds, so it\u2019s [&hellip;]\" \/>\n<meta property=\"og:url\" content=\"https:\/\/casinolion.ca\/fr\/what-are-the-best-casino-game-odds\/\" \/>\n<meta name=\"twitter:card\" content=\"summary_large_image\" \/>\n<meta name=\"twitter:label1\" content=\"Estimation du temps de lecture\" \/>\n\t<meta name=\"twitter:data1\" content=\"6 minutes\" \/>\n<script type=\"application\/ld+json\" class=\"yoast-schema-graph\">{\"@context\":\"https:\/\/schema.org\",\"@graph\":[{\"@type\":\"WebPage\",\"@id\":\"https:\/\/casinolion.ca\/what-are-the-best-casino-game-odds\/\",\"url\":\"https:\/\/casinolion.ca\/what-are-the-best-casino-game-odds\/\",\"name\":\"What Are the Best Casino Game Odds?\",\"isPartOf\":{\"@id\":\"https:\/\/casinolion.ca\/fr\/#website\"},\"datePublished\":\"2020-05-28T06:41:52+00:00\",\"breadcrumb\":{\"@id\":\"https:\/\/casinolion.ca\/what-are-the-best-casino-game-odds\/#breadcrumb\"},\"inLanguage\":\"fr-CA\",\"potentialAction\":[{\"@type\":\"ReadAction\",\"target\":[\"https:\/\/casinolion.ca\/what-are-the-best-casino-game-odds\/\"]}]},{\"@type\":\"BreadcrumbList\",\"@id\":\"https:\/\/casinolion.ca\/what-are-the-best-casino-game-odds\/#breadcrumb\",\"itemListElement\":[{\"@type\":\"ListItem\",\"position\":1,\"name\":\"Home\",\"item\":\"https:\/\/casinolion.ca\/\"},{\"@type\":\"ListItem\",\"position\":2,\"name\":\"What Are the Best Casino Game Odds?\"}]},{\"@type\":\"WebSite\",\"@id\":\"https:\/\/casinolion.ca\/fr\/#website\",\"url\":\"https:\/\/casinolion.ca\/fr\/\",\"name\":\"\",\"description\":\"\",\"potentialAction\":[{\"@type\":\"SearchAction\",\"target\":{\"@type\":\"EntryPoint\",\"urlTemplate\":\"https:\/\/casinolion.ca\/fr\/?s={search_term_string}\"},\"query-input\":{\"@type\":\"PropertyValueSpecification\",\"valueRequired\":true,\"valueName\":\"search_term_string\"}}],\"inLanguage\":\"fr-CA\"}]}<\/script>\n<!-- \/ Yoast SEO plugin. -->","yoast_head_json":{"title":"Quelles sont les meilleures cotes pour les jeux de casino ?","robots":{"index":"index","follow":"follow","max-snippet":"max-snippet:-1","max-image-preview":"max-image-preview:large","max-video-preview":"max-video-preview:-1"},"canonical":"https:\/\/casinolion.ca\/fr\/what-are-the-best-casino-game-odds\/","og_locale":"fr_CA","og_type":"article","og_title":"What Are the Best Casino Game Odds?","og_description":"What Are the Best Casino Game Odds? When someone decides to start playing casino games, they are certainly wondering which casino games have the best odds. You are probably wondering the same thing, which is perfectly understandable, as you want to have the best chances of winning. Each casino game has different odds, so it\u2019s [&hellip;]","og_url":"https:\/\/casinolion.ca\/fr\/what-are-the-best-casino-game-odds\/","twitter_card":"summary_large_image","twitter_misc":{"Estimation du temps de lecture":"6 minutes"},"schema":{"@context":"https:\/\/schema.org","@graph":[{"@type":"WebPage","@id":"https:\/\/casinolion.ca\/what-are-the-best-casino-game-odds\/","url":"https:\/\/casinolion.ca\/what-are-the-best-casino-game-odds\/","name":"Quelles sont les meilleures cotes pour les jeux de casino ?","isPartOf":{"@id":"https:\/\/casinolion.ca\/fr\/#website"},"datePublished":"2020-05-28T06:41:52+00:00","breadcrumb":{"@id":"https:\/\/casinolion.ca\/what-are-the-best-casino-game-odds\/#breadcrumb"},"inLanguage":"fr-CA","potentialAction":[{"@type":"ReadAction","target":["https:\/\/casinolion.ca\/what-are-the-best-casino-game-odds\/"]}]},{"@type":"BreadcrumbList","@id":"https:\/\/casinolion.ca\/what-are-the-best-casino-game-odds\/#breadcrumb","itemListElement":[{"@type":"ListItem","position":1,"name":"Home","item":"https:\/\/casinolion.ca\/"},{"@type":"ListItem","position":2,"name":"What Are the Best Casino Game Odds?"}]},{"@type":"WebSite","@id":"https:\/\/casinolion.ca\/fr\/#website","url":"https:\/\/casinolion.ca\/fr\/","name":"","description":"","potentialAction":[{"@type":"SearchAction","target":{"@type":"EntryPoint","urlTemplate":"https:\/\/casinolion.ca\/fr\/?s={search_term_string}"},"query-input":{"@type":"PropertyValueSpecification","valueRequired":true,"valueName":"search_term_string"}}],"inLanguage":"fr-CA"}]}},"_links":{"self":[{"href":"https:\/\/casinolion.ca\/fr\/wp-json\/wp\/v2\/pages\/10950","targetHints":{"allow":["GET"]}}],"collection":[{"href":"https:\/\/casinolion.ca\/fr\/wp-json\/wp\/v2\/pages"}],"about":[{"href":"https:\/\/casinolion.ca\/fr\/wp-json\/wp\/v2\/types\/page"}],"author":[{"embeddable":true,"href":"https:\/\/casinolion.ca\/fr\/wp-json\/wp\/v2\/users\/1"}],"replies":[{"embeddable":true,"href":"https:\/\/casinolion.ca\/fr\/wp-json\/wp\/v2\/comments?post=10950"}],"version-history":[{"count":0,"href":"https:\/\/casinolion.ca\/fr\/wp-json\/wp\/v2\/pages\/10950\/revisions"}],"wp:attachment":[{"href":"https:\/\/casinolion.ca\/fr\/wp-json\/wp\/v2\/media?parent=10950"}],"curies":[{"name":"wp","href":"https:\/\/api.w.org\/{rel}","templated":true}]}}