
{"id":10953,"date":"2020-05-28T07:09:32","date_gmt":"2020-05-28T07:09:32","guid":{"rendered":"https:\/\/www.canadiancasinos.ca\/?page_id=10953"},"modified":"2020-05-29T00:46:58","modified_gmt":"2020-05-29T00:46:58","slug":"is-online-roulette-rigged","status":"publish","type":"page","link":"https:\/\/casinolion.ca\/fr\/online-roulette\/is-online-roulette-rigged\/","title":{"rendered":"La roulette en ligne est-elle truqu\u00e9e ?"},"content":{"rendered":"<h2>La roulette en ligne est-elle truqu\u00e9e ?<\/h2>\n<p>L'une des principales pr\u00e9occupations des joueurs, lorsqu'ils choisissent de jouer dans un casino en ligne, est de savoir s'ils peuvent ou non faire confiance \u00e0 cet \u00e9tablissement de jeu. Il en va de m\u00eame pour les jeux individuels, tels que la roulette. De nombreux joueurs craignent que les jeux de roulette en ligne soient fixes, ce qui r\u00e9duit instantan\u00e9ment leurs chances de gagner. Apr\u00e8s tout, les joueurs ne veulent pas perdre avant m\u00eame d'avoir commenc\u00e9 \u00e0 jouer.<\/p>\n<p>C'est pourquoi la plupart des jeux de roulette en ligne ne sont pas n\u00e9cessairement truqu\u00e9s, ou du moins pas de la mani\u00e8re dont on pourrait le penser. Cet article aborde tous les aspects de la roulette en ligne et explique comment elle peut \u00eatre truqu\u00e9e en faveur du casino.<\/p>\n<h2>Comment jouer \u00e0 la roulette en ligne ?<\/h2>\n<p>Tout d'abord, il existe deux fa\u00e7ons de jouer \u00e0 la roulette en ligne. Les jeux avec croupier en direct dominent l'industrie dans les meilleurs casinos en ligne de nos jours. Les joueurs veulent b\u00e9n\u00e9ficier du meilleur des deux mondes en restant chez eux et en profitant du frisson des jeux dans un vrai casino. En allumant simplement votre cam\u00e9ra Web, vous pouvez jouer \u00e0 la roulette de cette mani\u00e8re depuis le confort de votre maison, tout en \u00e9tant capable de voir la bille tourner sur une vraie roulette dans un studio ou un casino terrestre quelque part dans le monde.<\/p>\n<p>L'autre fa\u00e7on, encore plus populaire, de jouer \u00e0 la roulette en ligne consiste \u00e0 utiliser des jeux virtuels aliment\u00e9s par le logiciel <a href=\"https:\/\/casinolion.ca\/fr\/how-does-rng-work-in-online-casinos\/\">RNG (g\u00e9n\u00e9rateur de nombres al\u00e9atoires)<\/a>. Les RNG produisent des r\u00e9sultats apparemment al\u00e9atoires en recueillant des informations au moyen d'algorithmes sp\u00e9cialement con\u00e7us \u00e0 cet effet. Ces jeux de roulette vid\u00e9o sont semblables \u00e0 ceux que vous avez vus dans les casinos en dur, si vous en avez d\u00e9j\u00e0 visit\u00e9 un. L'id\u00e9e derri\u00e8re ces deux jeux est de reproduire le comportement d'une vraie roulette.<\/p>\n<h2>Quel est le degr\u00e9 d'al\u00e9a des RNG ?<\/h2>\n<p>Que vous choisissiez de jouer \u00e0 la roulette en direct ou \u00e0 la roulette vid\u00e9o, il est possible que le jeu soit truqu\u00e9. Toutefois, cela ne se produira que si vous faites une erreur en choisissant votre casino en ligne.<\/p>\n<p>Les joueurs pensent que, puisque les RNG fonctionnent avec des algorithmes, ils devraient \u00eatre faciles \u00e0 corriger, n'est-ce pas ? Quoi qu'il en soit, il existe des mesures de protection particuli\u00e8res con\u00e7ues pour \u00e9viter que cela ne se produise.<\/p>\n<p>Pour \u00eatre s\u00fbr de participer \u00e0 un jeu de roulette en ligne qui n'est pas truqu\u00e9, vous devez opter pour l'un des nombreux casinos r\u00e9put\u00e9s et agr\u00e9\u00e9s. Si le casino en ligne poss\u00e8de une licence r\u00e9glement\u00e9e d\u00e9livr\u00e9e par l'une des nombreuses juridictions bien \u00e9tablies, vous pouvez \u00eatre s\u00fbr que ses RNG sont justes et pr\u00e9cis.<\/p>\n<p>Les casinos en ligne r\u00e9put\u00e9s n'ont pas besoin de truquer leurs syst\u00e8mes pour gagner de l'argent sur le dos des joueurs. La plupart d'entre eux ont d\u00e9j\u00e0 un avantage sur les joueurs, ce qui leur permet de r\u00e9aliser des b\u00e9n\u00e9fices \u00e0 la fin de la journ\u00e9e. Mais nous y reviendrons plus tard.<\/p>\n<p>Malgr\u00e9 cela, certains casinos en ligne moins respect\u00e9s trafiquent les algorithmes pour truquer les jeux. Heureusement, il est difficile et compliqu\u00e9 de dissimuler ces codes modifi\u00e9s, de sorte que la plupart des casinos risquent de perdre leur licence si ces pratiques contraires \u00e0 l'\u00e9thique sont divulgu\u00e9es.<\/p>\n<h2>Comment fonctionnent les RNG \u00e0 la roulette en ligne ?<\/h2>\n<p>Malheureusement, les fabricants de roulette vid\u00e9o ne divulguent pas facilement ces informations, car de nombreuses personnes comp\u00e9tentes peuvent d\u00e9coder le code et truquer les jeux en leur faveur.<\/p>\n<p>Il est important de savoir que les g\u00e9n\u00e9rateurs de nombres al\u00e9atoires sont des programmes informatiques ou des algorithmes qui g\u00e9n\u00e8rent des r\u00e9sultats de mani\u00e8re al\u00e9atoire. En outre, les pseudo-GRN n'ont besoin que d'un algorithme et d'un num\u00e9ro d'amor\u00e7age, qui sont g\u00e9n\u00e9r\u00e9s toutes les millisecondes. Les pseudo-GRN prennent les deux, trois ou quatre derniers chiffres et les utilisent pour cr\u00e9er un nouveau r\u00e9sultat al\u00e9atoire. Ce processus est r\u00e9p\u00e9titif puisqu'une nouvelle s\u00e9quence de nombres est utilis\u00e9e \u00e0 chaque fois, ce qui le rend presque unique.<\/p>\n<p>En fin de compte, si un casino en ligne agr\u00e9\u00e9 utilise le RNG, vous pouvez \u00eatre s\u00fbr que votre jeu de roulette en ligne n'est pas truqu\u00e9.<\/p>\n<h2>Les jeux de roulette avec croupier en direct peuvent-ils \u00eatre truqu\u00e9s ?<\/h2>\n<p>La r\u00e9ponse \u00e0 cette question n'est pas tr\u00e8s diff\u00e9rente de celle concernant les jeux de roulette vid\u00e9o. Si vous choisissez de jouer sur des casinos en ligne agr\u00e9\u00e9s et bien \u00e9tablis, vous ne devriez pas rencontrer de jeux de roulette avec croupier en direct fixes.<\/p>\n<p>Il est plus difficile de truquer un jeu de roulette avec croupier en direct car deux joueurs sont pr\u00e9sents en permanence. Les joueurs ont les yeux riv\u00e9s sur la roue et sur le croupier, ce qui rend encore plus difficile pour le croupier de truquer le jeu.<\/p>\n<p>Inversement, il existe des moyens de truquer un jeu de roulette avec croupier en direct. On peut apprendre aux croupiers \u00e0 frapper une boule d'un certain angle et d'une certaine hauteur pour qu'elle tombe sur un num\u00e9ro particulier, ou \u00e0 utiliser une boule magn\u00e9tique ou lest\u00e9e pour obtenir un r\u00e9sultat particulier. Certains casinos moins r\u00e9put\u00e9s vont jusqu'\u00e0 installer un frein sous la table, qui permet d'arr\u00eater la roue en appuyant sur le frein.<\/p>\n<p>En fin de compte, il existe de nombreuses fa\u00e7ons de se faire escroquer, mais s'en tenir \u00e0 un casino en ligne r\u00e9put\u00e9 qui travaille avec des fournisseurs de logiciels respect\u00e9s, tels que Evolution Gaming, NetEnt, Playtech, Microgaming, et ainsi de suite, est votre pari le plus s\u00fbr.<\/p>\n<h2>La seule fa\u00e7on pour la roulette en ligne d'\u00eatre \u2018truqu\u00e9e\u2019<\/h2>\n<p>Comme nous l'avons mentionn\u00e9, la roulette en ligne est truqu\u00e9e d'une seule mani\u00e8re, et ce n'est pas ce que vous pensez. Chaque casino en ligne poss\u00e8de un avantage math\u00e9matique sur les jeux, y compris la roulette. Cet avantage s'appelle l'avantage de la maison et tous les casinos r\u00e9put\u00e9s l'ont.<\/p>\n<p>L'avantage de la maison d\u00e9pend toujours du jeu auquel vous jouez et, \u00e0 la roulette, de la variante que vous avez choisie. Par exemple, \u00e0 la roulette am\u00e9ricaine, vous pouvez vous attendre \u00e0 ce que l'avantage de la maison soit plus \u00e9lev\u00e9 parce que la roulette am\u00e9ricaine a une fonction de double z\u00e9ro. \u00c0 la roulette am\u00e9ricaine, l'avantage moyen de la maison est de 5,3%, alors qu'\u00e0 la roulette europ\u00e9enne, il est de 2,7%.<\/p>\n<p>En ce sens, on peut dire que la roulette en ligne est truqu\u00e9e. N'oubliez pas que le casino doit \u00e9galement s'assurer un avantage quelque part afin de gagner de l'argent \u00e0 long terme.<\/p>\n<h2>R\u00e9flexions finales<\/h2>\n<p>Nous esp\u00e9rons que vous avez obtenu la r\u00e9ponse que vous cherchiez. La majorit\u00e9 des casinos en ligne ne proposent pas de jeux de roulette truqu\u00e9s, qu'il s'agisse de jeux avec croupier en direct ou de jeux de roulette vid\u00e9o. Il est essentiel de s'en tenir uniquement aux casinos en ligne r\u00e9glement\u00e9s et bien \u00e9tablis lorsque vous d\u00e9cidez de vous inscrire.<\/p>\n<p>Tous les casinos en ligne r\u00e9put\u00e9s utilisent la m\u00eame technologie RNG pour garantir l'\u00e9quit\u00e9 du jeu. Ne pr\u00eatez donc pas attention aux rumeurs, faites confiance aux casinos en ligne r\u00e9glement\u00e9s et vous pourrez profiter d'un jeu de roulette sans souci.<\/p>\n<p>N'oubliez pas de toujours jouer de mani\u00e8re responsable !<\/p>\n<p>Bon jeu !<\/p>\n<h2>Articles connexes<\/h2>\n<ul>\n<li><a href=\"https:\/\/casinolion.ca\/fr\/online-roulette\/\">Jouer \u00e0 la roulette en ligne pour de l'argent r\u00e9el<\/a><\/li>\n<\/ul>","protected":false},"excerpt":{"rendered":"<p>La roulette en ligne est-elle truqu\u00e9e ? L'une des principales pr\u00e9occupations des joueurs, lorsqu'ils choisissent de jouer dans un casino en ligne, est de savoir s'ils peuvent ou non faire confiance \u00e0 cet \u00e9tablissement de jeu. Il en va de m\u00eame pour les jeux individuels, tels que la roulette. De nombreux joueurs craignent que les jeux de roulette en ligne soient truqu\u00e9s, ce qui r\u00e9duit instantan\u00e9ment leurs chances de gagner. [...]<\/p>","protected":false},"author":1,"featured_media":0,"parent":474,"menu_order":0,"comment_status":"closed","ping_status":"closed","template":"","meta":{"_acf_changed":false,"footnotes":""},"class_list":["post-10953","page","type-page","status-publish","hentry"],"acf":[],"yoast_head":"<!-- This site is optimized with the Yoast SEO plugin v26.1.1 - https:\/\/yoast.com\/wordpress\/plugins\/seo\/ -->\n<title>Is Online Roulette Rigged?<\/title>\n<meta name=\"robots\" content=\"index, follow, max-snippet:-1, max-image-preview:large, max-video-preview:-1\" \/>\n<link rel=\"canonical\" href=\"https:\/\/casinolion.ca\/fr\/online-roulette\/is-online-roulette-rigged\/\" \/>\n<meta property=\"og:locale\" content=\"fr_CA\" \/>\n<meta property=\"og:type\" content=\"article\" \/>\n<meta property=\"og:title\" content=\"Is Online Roulette Rigged?\" \/>\n<meta property=\"og:description\" content=\"Is Online Roulette Rigged? One of the biggest concerns for players, when they opt to play in an online casino, is whether or not they can trust that gaming establishment. The same goes for individual games, such as roulette. Many players worry that online roulette games are fixed, thus instantly reducing their chances of winning. [&hellip;]\" \/>\n<meta property=\"og:url\" content=\"https:\/\/casinolion.ca\/fr\/online-roulette\/is-online-roulette-rigged\/\" \/>\n<meta property=\"article:modified_time\" content=\"2020-05-29T00:46:58+00:00\" \/>\n<meta name=\"twitter:card\" content=\"summary_large_image\" \/>\n<meta name=\"twitter:label1\" content=\"Estimation du temps de lecture\" \/>\n\t<meta name=\"twitter:data1\" content=\"5 minutes\" \/>\n<script type=\"application\/ld+json\" class=\"yoast-schema-graph\">{\"@context\":\"https:\/\/schema.org\",\"@graph\":[{\"@type\":\"WebPage\",\"@id\":\"https:\/\/casinolion.ca\/online-roulette\/is-online-roulette-rigged\/\",\"url\":\"https:\/\/casinolion.ca\/online-roulette\/is-online-roulette-rigged\/\",\"name\":\"Is Online Roulette Rigged?\",\"isPartOf\":{\"@id\":\"https:\/\/casinolion.ca\/fr\/#website\"},\"datePublished\":\"2020-05-28T07:09:32+00:00\",\"dateModified\":\"2020-05-29T00:46:58+00:00\",\"breadcrumb\":{\"@id\":\"https:\/\/casinolion.ca\/online-roulette\/is-online-roulette-rigged\/#breadcrumb\"},\"inLanguage\":\"fr-CA\",\"potentialAction\":[{\"@type\":\"ReadAction\",\"target\":[\"https:\/\/casinolion.ca\/online-roulette\/is-online-roulette-rigged\/\"]}]},{\"@type\":\"BreadcrumbList\",\"@id\":\"https:\/\/casinolion.ca\/online-roulette\/is-online-roulette-rigged\/#breadcrumb\",\"itemListElement\":[{\"@type\":\"ListItem\",\"position\":1,\"name\":\"Home\",\"item\":\"https:\/\/casinolion.ca\/\"},{\"@type\":\"ListItem\",\"position\":2,\"name\":\"Play\u00a0Online Roulette for Real Money\",\"item\":\"https:\/\/casinolion.ca\/online-roulette\/\"},{\"@type\":\"ListItem\",\"position\":3,\"name\":\"Is Online Roulette Rigged?\"}]},{\"@type\":\"WebSite\",\"@id\":\"https:\/\/casinolion.ca\/fr\/#website\",\"url\":\"https:\/\/casinolion.ca\/fr\/\",\"name\":\"\",\"description\":\"\",\"potentialAction\":[{\"@type\":\"SearchAction\",\"target\":{\"@type\":\"EntryPoint\",\"urlTemplate\":\"https:\/\/casinolion.ca\/fr\/?s={search_term_string}\"},\"query-input\":{\"@type\":\"PropertyValueSpecification\",\"valueRequired\":true,\"valueName\":\"search_term_string\"}}],\"inLanguage\":\"fr-CA\"}]}<\/script>\n<!-- \/ Yoast SEO plugin. -->","yoast_head_json":{"title":"La roulette en ligne est-elle truqu\u00e9e ?","robots":{"index":"index","follow":"follow","max-snippet":"max-snippet:-1","max-image-preview":"max-image-preview:large","max-video-preview":"max-video-preview:-1"},"canonical":"https:\/\/casinolion.ca\/fr\/online-roulette\/is-online-roulette-rigged\/","og_locale":"fr_CA","og_type":"article","og_title":"Is Online Roulette Rigged?","og_description":"Is Online Roulette Rigged? One of the biggest concerns for players, when they opt to play in an online casino, is whether or not they can trust that gaming establishment. The same goes for individual games, such as roulette. Many players worry that online roulette games are fixed, thus instantly reducing their chances of winning. [&hellip;]","og_url":"https:\/\/casinolion.ca\/fr\/online-roulette\/is-online-roulette-rigged\/","article_modified_time":"2020-05-29T00:46:58+00:00","twitter_card":"summary_large_image","twitter_misc":{"Estimation du temps de lecture":"5 minutes"},"schema":{"@context":"https:\/\/schema.org","@graph":[{"@type":"WebPage","@id":"https:\/\/casinolion.ca\/online-roulette\/is-online-roulette-rigged\/","url":"https:\/\/casinolion.ca\/online-roulette\/is-online-roulette-rigged\/","name":"La roulette en ligne est-elle truqu\u00e9e ?","isPartOf":{"@id":"https:\/\/casinolion.ca\/fr\/#website"},"datePublished":"2020-05-28T07:09:32+00:00","dateModified":"2020-05-29T00:46:58+00:00","breadcrumb":{"@id":"https:\/\/casinolion.ca\/online-roulette\/is-online-roulette-rigged\/#breadcrumb"},"inLanguage":"fr-CA","potentialAction":[{"@type":"ReadAction","target":["https:\/\/casinolion.ca\/online-roulette\/is-online-roulette-rigged\/"]}]},{"@type":"BreadcrumbList","@id":"https:\/\/casinolion.ca\/online-roulette\/is-online-roulette-rigged\/#breadcrumb","itemListElement":[{"@type":"ListItem","position":1,"name":"Home","item":"https:\/\/casinolion.ca\/"},{"@type":"ListItem","position":2,"name":"Play\u00a0Online Roulette for Real Money","item":"https:\/\/casinolion.ca\/online-roulette\/"},{"@type":"ListItem","position":3,"name":"Is Online Roulette Rigged?"}]},{"@type":"WebSite","@id":"https:\/\/casinolion.ca\/fr\/#website","url":"https:\/\/casinolion.ca\/fr\/","name":"","description":"","potentialAction":[{"@type":"SearchAction","target":{"@type":"EntryPoint","urlTemplate":"https:\/\/casinolion.ca\/fr\/?s={search_term_string}"},"query-input":{"@type":"PropertyValueSpecification","valueRequired":true,"valueName":"search_term_string"}}],"inLanguage":"fr-CA"}]}},"_links":{"self":[{"href":"https:\/\/casinolion.ca\/fr\/wp-json\/wp\/v2\/pages\/10953","targetHints":{"allow":["GET"]}}],"collection":[{"href":"https:\/\/casinolion.ca\/fr\/wp-json\/wp\/v2\/pages"}],"about":[{"href":"https:\/\/casinolion.ca\/fr\/wp-json\/wp\/v2\/types\/page"}],"author":[{"embeddable":true,"href":"https:\/\/casinolion.ca\/fr\/wp-json\/wp\/v2\/users\/1"}],"replies":[{"embeddable":true,"href":"https:\/\/casinolion.ca\/fr\/wp-json\/wp\/v2\/comments?post=10953"}],"version-history":[{"count":0,"href":"https:\/\/casinolion.ca\/fr\/wp-json\/wp\/v2\/pages\/10953\/revisions"}],"up":[{"embeddable":true,"href":"https:\/\/casinolion.ca\/fr\/wp-json\/wp\/v2\/pages\/474"}],"wp:attachment":[{"href":"https:\/\/casinolion.ca\/fr\/wp-json\/wp\/v2\/media?parent=10953"}],"curies":[{"name":"wp","href":"https:\/\/api.w.org\/{rel}","templated":true}]}}