
{"id":11007,"date":"2020-06-03T00:43:58","date_gmt":"2020-06-03T00:43:58","guid":{"rendered":"https:\/\/www.canadiancasinos.ca\/?page_id=11007"},"modified":"2023-08-17T12:34:51","modified_gmt":"2023-08-17T12:34:51","slug":"street-fighter-ii-the-world-warrior-slot","status":"publish","type":"page","link":"https:\/\/casinolion.ca\/fr\/online-slots\/street-fighter-ii-the-world-warrior-slot\/","title":{"rendered":"Street Fighter II : La machine \u00e0 sous The World Warrior"},"content":{"rendered":"<div id=\"PlayFreeGame\" class=\"game_box\" style=\"padding-bottom: 75%; margin-bottom: 30px; background-size:cover; background-repeat:no-repeat;background-color:  #d24d57; background-image: url('https:\/\/a1.lcb.org\/system\/modules\/game\/images\/attachments\/000\/390\/965\/original\/street_fighter_2_1.jpg?1631017878');\">\n                        <i class=\"fas fa-play-circle\"><\/i>\n                     <\/div>\n                     <script>\n                        let iframe = '<iframe loading=\"lazy\" src=\"https:\/\/slotslaunch.com\/iframe\/9652?token=rvgmcR4z0DADcCv3Hy0pVy9HQf7iaZ9tGNS9qWMaoIJPRjmw38\" width=\"930\" height=\"576\" frameborder=\"0\" allowTransparency=\"true\" bgcolor=\"#FFFFFF\" style=\"background-color: black;\"><\/iframe>';\n                        let holder = document.querySelector(\"#PlayFreeGame\");\n                        holder.addEventListener(\"click\", function(){\n                            holder.innerHTML = iframe;\n                        });\n                    <\/script><h2 id=\"Street-Fighter--The-World-Warrior-Slot-data-and-features\">Street Fighter 2 The World Warrior Donn\u00e9es et caract\u00e9ristiques de la machine \u00e0 sous<\/h2>\n                <table class=\"tablepress\">\n                    <tbody><tr><td><strong>Enrouleurs<\/strong><\/td><td>5<\/td><\/tr><tr><td><strong>Jackpot maximum<\/strong><\/td><td>$21,000.00<\/td><\/tr><tr><td><strong>Pourcentage de paiement<\/strong><\/td><td>96.020<\/td><\/tr><tr><td><strong>Symbole Wild<\/strong><\/td><td>Oui<\/td><\/tr><tr><td><strong>Multiplicateur<\/strong><\/td><td>Oui<\/td><\/tr><tr><td><strong>Gamme de paris<\/strong><\/td><td>0.2 - 700<\/td><\/tr><tr><td><strong>Plage de mise des pi\u00e8ces<\/strong><\/td><td>0.01 - 35<\/td><\/tr><tr><td><strong>Pi\u00e8ces par ligne<\/strong><\/td><td>1<\/td><\/tr><tr><td><strong>Progressif<\/strong><\/td><td>Non<\/td><\/tr><tr><td><strong>Max coins jackpot<\/strong><\/td><td>600<\/td><\/tr><tr><td><strong>Pi\u00e8ces maximales<\/strong><\/td><td>35<\/td><\/tr><tr><td><strong>Symbole Scatter<\/strong><\/td><td>Non<\/td><\/tr><tr><td><strong>Tours gratuits disponibles<\/strong><\/td><td>Oui<\/td><\/tr><tr><td><strong>Jeu bonus<\/strong><\/td><td>Oui<\/td><\/tr><tr><td><strong>Acheter la fonctionnalit\u00e9<\/strong><\/td><td>Non<\/td><\/tr><tr><td><strong>Th\u00e8me du jeu<\/strong><\/td><td>Action<\/td><\/tr><tr><td><strong>Volatilit\u00e9<\/strong><\/td><td>Moyen \u00e0 \u00e9lev\u00e9<\/td><\/tr><\/tbody><\/table>\n<p><center><a class=\"btn primary\" href=\"https:\/\/casinolion.ca\/fr\/visit\/leo-vegas\/\" target=\"_blank\" rel=\"nofollow noopener noreferrer\">Jouer \u00e0 Street Fighter II pour de l'argent r\u00e9el<\/a><\/center>&nbsp;<\/p>\n<p><strong><em>Verdict rapide<\/em><\/strong><em>: La majorit\u00e9 des joueurs appr\u00e9cieront certainement la machine \u00e0 sous Street Fighter II : The World Warrior. Il s'agit de l'un des jeux de machines \u00e0 sous les plus c\u00e9l\u00e8bres de NetEnt, pr\u00e9sent dans de nombreux casinos en ligne. Plein de nostalgie, Street Fighter a plus que sa part de graphismes pixelis\u00e9s et d'effets sonores des ann\u00e9es 90. Le gameplay se situe entre la complexit\u00e9 et la simplicit\u00e9, et les bonus peuvent mener \u00e0 des gains importants.<\/em><\/p>\n<h2>L'histoire de Street Fighter II : Le Guerrier du Monde<\/h2>\n<p>\u00cates-vous pr\u00eats ? Combattez ! Street Fighter II : The World Warrior vous permet de revisiter l'univers l\u00e9gendaire du jeu d'arcade Street Fighter. Son cr\u00e9ateur, NetEnt, s'est inspir\u00e9 du jeu d'arcade des ann\u00e9es 90, Street Fighter. Tout fan d'arcade appr\u00e9ciera certainement les graphismes pixellis\u00e9s 8 bits, ainsi que les extraits sonores directement import\u00e9s de l'original.<\/p>\n<p>La machine \u00e0 sous Street Fighter II : The World Warrior Slot offre un grand nombre de fonctionnalit\u00e9s et de jeux qui vous donnent l'impression d'\u00eatre dans la version d'arcade originale. Au fur et \u00e0 mesure de votre progression, vous combattrez des guerriers et des boss de la version originale, et chaque victoire augmentera consid\u00e9rablement vos chances de gagner. Continuez \u00e0 vous battre jusqu'\u00e0 ce que vous atteigniez le boss final : M. Bison !<\/p>\n<h2>Visuels et effets sonores<\/h2>\n<p>Avec Street Fighter II : The World Warrior, NetEnt a atteint son objectif de rester fid\u00e8le au jeu d'arcade original. Les graphismes, les fonctions et les sons de la machine \u00e0 sous en t\u00e9moignent. Vous \u00e9prouverez une grande satisfaction nostalgique lorsque vous entendrez des sons tels que \u201cShoryuken !\u201d ou \u201cHadouken !\u201d pendant que les rouleaux tournent. Vous pourrez ressentir la m\u00eame \u00e9motion et la m\u00eame action de combat !<\/p>\n<p>Les animations de la machine \u00e0 sous sont similaires \u00e0 celles du jeu d'arcade original - les deux ont des graphismes pixelis\u00e9s de 8 bits. Cependant, le son peut \u00eatre un peu ennuyeux au bout d'un moment, car il se r\u00e9p\u00e8te en boucle tr\u00e8s courte.<\/p>\n<h2>L'accent mis sur la jouabilit\u00e9<\/h2>\n<p>Bien que la machine \u00e0 sous Street Fighter II : The World Warrior est loin d'\u00eatre une machine \u00e0 sous vid\u00e9o ordinaire, son gameplay n'est pas aussi compliqu\u00e9 qu'il n'y para\u00eet au premier abord. Apr\u00e8s l'introduction, vous devez s\u00e9lectionner votre combattant pr\u00e9f\u00e9r\u00e9. Les huit combattants du jeu original sont pr\u00e9sents et sont regroup\u00e9s en fonction de leur volatilit\u00e9.<\/p>\n<p>Les combattants de droite - Blanka, Chun Li et Ken - ont une volatilit\u00e9 plus \u00e9lev\u00e9e mais gagnent moins souvent. En revanche, les combattants de gauche - E. Honda, Dalshim et Ruy - gagnent plus souvent, mais leur volatilit\u00e9 est plus faible. Au milieu, vous trouverez le lutteur russe aux yeux sauvages Zangief et le soldat Guile.<\/p>\n<p>Si vous appuyez sur le marqueur de chaque guerrier, vous verrez son joker sp\u00e9cial se d\u00e9placer. Vous pouvez activer les tours rapides dans le menu <em>Param\u00e8tres <\/em>que vous trouverez dans le coin gauche. Le menu <em>Jeu automatique <\/em>est \u00e9galement disponible. Vous pouvez choisir entre 10 et 1 000 tours automatiques, et vous pouvez \u00e9galement les arr\u00eater une fois que vous avez gagn\u00e9 ou perdu un certain montant. Le jeu se joue sur une grille 5\u00d75 et propose des m\u00e9canismes de gains en cascade.<\/p>\n<h2>Wilds, symboles et bonus<\/h2>\n<p>Lorsque vous gagnez un combat r\u00e9gulier dans Street Fighter II : The World Warrior, vous rencontrerez le premier des quatre boss. Heureusement, un combat contre un boss vous donne droit \u00e0 un nombre illimit\u00e9 de tours gratuits, et plus vous vainquez de boss, plus le multiplicateur augmente. Ces tours gratuits continuent de tourner jusqu'\u00e0 ce que vous battiez le boss ou qu'il vous batte. Le dernier boss a un multiplicateur agr\u00e9able de 10x.<\/p>\n<p>Vous obtiendrez \u00e9galement un splendide bonus de 100x si vous parvenez \u00e0 vaincre tous les boss. Cependant, si vous perdez, le jeu vous ram\u00e8ne au d\u00e9but. Heureusement, la machine \u00e0 sous dispose de la fonction <em>Ins\u00e9rer une pi\u00e8ce de monnaie<\/em> qui vous permet de r\u00e9p\u00e9ter le m\u00eame tour de boss, bien que cette fonction prenne une partie de vos gains.<\/p>\n<p>Il y a \u00e9galement un tour Car Smash qui vous permet de contr\u00f4ler votre guerrier \u00e0 l'aide du panneau de contr\u00f4le \u00e0 l'\u00e9cran et des touches de raccourci afin de d\u00e9placer votre combattant et de d\u00e9truire la voiture. Si vous remportez ce tour, vous serez r\u00e9compens\u00e9 par un gain al\u00e9atoire allant de 5x \u00e0 15x.<\/p>\n<p>Le guerrier que vous s\u00e9lectionnez et son adversaire d\u00e9terminent les symboles de grande valeur de cette machine \u00e0 sous. Il y a deux symboles de victoire et deux symboles de d\u00e9faite pour les guerriers. Si vous obtenez les quatre symboles, vous gagnerez 30x pour un groupe de 16+.<\/p>\n<p>Pendant le jeu de base et le tour Beat the Boss, vous verrez que votre guerrier poss\u00e8de une jauge de Wild qui se remet \u00e0 z\u00e9ro avant chaque tour. Chaque symbole de grande valeur lors d'un gain remplit ce compteur d'un point. Lorsque le compteur atteint sept points et qu'il n'y a pas de combinaison gagnante, votre combattant utilisera son combo Wild unique qui cr\u00e9era des Wilds de fa\u00e7on al\u00e9atoire sur les rouleaux.<\/p>\n<h2>Street Fighter II : Le Guerrier du Monde RTP%<\/h2>\n<p>Street Fighter II : The World Warrior a un RTP de 96,06%, ce qui est moyen pour les jeux de machines \u00e0 sous. De plus, la volatilit\u00e9 est moyenne \u00e0 \u00e9lev\u00e9e. Cependant, chaque combattant a un RTP et un nombre de Wilds l\u00e9g\u00e8rement diff\u00e9rents. Par exemple, Ryu peut placer trois Wilds sur la m\u00eame ligne avec un RTP de 96,02%, tandis que Guile place deux piles verticales avec deux Wilds, tous deux avec un RTP de 96,04%.<\/p>\n<h2>R\u00e9flexions finales<\/h2>\n<p>La machine \u00e0 sous Street Fighter II : The World Warrior est l'un de ces jeux qui plaira aux amateurs de jeux d'argent les plus difficiles \u00e0 satisfaire. Elle regorge de fonctionnalit\u00e9s diverses et ressemble en tous points \u00e0 l'arcade d'origine avec ses graphismes pixellis\u00e9s 8 bits qui vous transporteront sans aucun doute sur la voie de la nostalgie. Cependant, le son peut devenir un peu ennuyeux au bout d'un certain temps, car il joue en boucle tr\u00e8s courte.<\/p>\n<p>La volatilit\u00e9 de la machine \u00e0 sous est assez \u00e9lev\u00e9e, tandis que son RTP est de 96,06%. Si vous aimez m\u00e9langer les combats virtuels et les jeux d'argent, ce jeu est fait pour vous.<\/p>","protected":false},"excerpt":{"rendered":"<p>Jouer \u00e0 Street Fighter II pour de l'argent r\u00e9el Verdict rapide : La majorit\u00e9 des joueurs appr\u00e9cieront certainement la machine \u00e0 sous Street Fighter II : The World Warrior. C'est l'une des plus c\u00e9l\u00e8bres machines \u00e0 sous de NetEnt et elle est pr\u00e9sente dans de nombreux casinos en ligne. Plein de nostalgie, Street Fighter a plus que sa part de graphismes pixelis\u00e9s et les ann\u00e9es 90 [...]<\/p>","protected":false},"author":1,"featured_media":0,"parent":455,"menu_order":0,"comment_status":"closed","ping_status":"closed","template":"","meta":{"_acf_changed":false,"footnotes":""},"class_list":["post-11007","page","type-page","status-publish","hentry"],"acf":[],"yoast_head":"<!-- This site is optimized with the Yoast SEO plugin v26.1.1 - https:\/\/yoast.com\/wordpress\/plugins\/seo\/ -->\n<title>Street Fighter II: The World Warrior Slot Review | Play for Free or Real Money<\/title>\n<meta name=\"robots\" content=\"index, follow, max-snippet:-1, max-image-preview:large, max-video-preview:-1\" \/>\n<link rel=\"canonical\" href=\"https:\/\/casinolion.ca\/fr\/online-slots\/street-fighter-ii-the-world-warrior-slot\/\" \/>\n<meta property=\"og:locale\" content=\"fr_CA\" \/>\n<meta property=\"og:type\" content=\"article\" \/>\n<meta property=\"og:title\" content=\"Street Fighter II: The World Warrior Slot Review | Play for Free or Real Money\" \/>\n<meta property=\"og:description\" content=\"Play Street Fighter II for Real Money&nbsp; Quick verdict: The majority of players will definitely enjoy Street Fighter II: The World Warrior Slot. As one of NetEnt&#8217;s more famous slot games, it is present in numerous online casinos. Brimming with nostalgia, Street Fighter has more than a fair share of pixelated graphics and the 90s [&hellip;]\" \/>\n<meta property=\"og:url\" content=\"https:\/\/casinolion.ca\/fr\/online-slots\/street-fighter-ii-the-world-warrior-slot\/\" \/>\n<meta property=\"article:modified_time\" content=\"2023-08-17T12:34:51+00:00\" \/>\n<meta name=\"twitter:card\" content=\"summary_large_image\" \/>\n<meta name=\"twitter:label1\" content=\"Estimation du temps de lecture\" \/>\n\t<meta name=\"twitter:data1\" content=\"5 minutes\" \/>\n<script type=\"application\/ld+json\" class=\"yoast-schema-graph\">{\"@context\":\"https:\/\/schema.org\",\"@graph\":[{\"@type\":\"WebPage\",\"@id\":\"https:\/\/casinolion.ca\/online-slots\/street-fighter-ii-the-world-warrior-slot\/\",\"url\":\"https:\/\/casinolion.ca\/online-slots\/street-fighter-ii-the-world-warrior-slot\/\",\"name\":\"Street Fighter II: The World Warrior Slot Review | Play for Free or Real Money\",\"isPartOf\":{\"@id\":\"https:\/\/casinolion.ca\/fr\/#website\"},\"datePublished\":\"2020-06-03T00:43:58+00:00\",\"dateModified\":\"2023-08-17T12:34:51+00:00\",\"breadcrumb\":{\"@id\":\"https:\/\/casinolion.ca\/online-slots\/street-fighter-ii-the-world-warrior-slot\/#breadcrumb\"},\"inLanguage\":\"fr-CA\",\"potentialAction\":[{\"@type\":\"ReadAction\",\"target\":[\"https:\/\/casinolion.ca\/online-slots\/street-fighter-ii-the-world-warrior-slot\/\"]}]},{\"@type\":\"BreadcrumbList\",\"@id\":\"https:\/\/casinolion.ca\/online-slots\/street-fighter-ii-the-world-warrior-slot\/#breadcrumb\",\"itemListElement\":[{\"@type\":\"ListItem\",\"position\":1,\"name\":\"Home\",\"item\":\"https:\/\/casinolion.ca\/\"},{\"@type\":\"ListItem\",\"position\":2,\"name\":\"Recommended Canadian Slots Sites\",\"item\":\"https:\/\/casinolion.ca\/online-slots\/\"},{\"@type\":\"ListItem\",\"position\":3,\"name\":\"Street Fighter II: The World Warrior Slot\"}]},{\"@type\":\"WebSite\",\"@id\":\"https:\/\/casinolion.ca\/fr\/#website\",\"url\":\"https:\/\/casinolion.ca\/fr\/\",\"name\":\"\",\"description\":\"\",\"potentialAction\":[{\"@type\":\"SearchAction\",\"target\":{\"@type\":\"EntryPoint\",\"urlTemplate\":\"https:\/\/casinolion.ca\/fr\/?s={search_term_string}\"},\"query-input\":{\"@type\":\"PropertyValueSpecification\",\"valueRequired\":true,\"valueName\":\"search_term_string\"}}],\"inLanguage\":\"fr-CA\"}]}<\/script>\n<!-- \/ Yoast SEO plugin. -->","yoast_head_json":{"title":"Street Fighter II : The World Warrior Slot Review - Jouer gratuitement ou avec de l'argent r\u00e9el","robots":{"index":"index","follow":"follow","max-snippet":"max-snippet:-1","max-image-preview":"max-image-preview:large","max-video-preview":"max-video-preview:-1"},"canonical":"https:\/\/casinolion.ca\/fr\/online-slots\/street-fighter-ii-the-world-warrior-slot\/","og_locale":"fr_CA","og_type":"article","og_title":"Street Fighter II: The World Warrior Slot Review | Play for Free or Real Money","og_description":"Play Street Fighter II for Real Money&nbsp; Quick verdict: The majority of players will definitely enjoy Street Fighter II: The World Warrior Slot. As one of NetEnt&#8217;s more famous slot games, it is present in numerous online casinos. Brimming with nostalgia, Street Fighter has more than a fair share of pixelated graphics and the 90s [&hellip;]","og_url":"https:\/\/casinolion.ca\/fr\/online-slots\/street-fighter-ii-the-world-warrior-slot\/","article_modified_time":"2023-08-17T12:34:51+00:00","twitter_card":"summary_large_image","twitter_misc":{"Estimation du temps de lecture":"5 minutes"},"schema":{"@context":"https:\/\/schema.org","@graph":[{"@type":"WebPage","@id":"https:\/\/casinolion.ca\/online-slots\/street-fighter-ii-the-world-warrior-slot\/","url":"https:\/\/casinolion.ca\/online-slots\/street-fighter-ii-the-world-warrior-slot\/","name":"Street Fighter II : The World Warrior Slot Review - Jouer gratuitement ou avec de l'argent r\u00e9el","isPartOf":{"@id":"https:\/\/casinolion.ca\/fr\/#website"},"datePublished":"2020-06-03T00:43:58+00:00","dateModified":"2023-08-17T12:34:51+00:00","breadcrumb":{"@id":"https:\/\/casinolion.ca\/online-slots\/street-fighter-ii-the-world-warrior-slot\/#breadcrumb"},"inLanguage":"fr-CA","potentialAction":[{"@type":"ReadAction","target":["https:\/\/casinolion.ca\/online-slots\/street-fighter-ii-the-world-warrior-slot\/"]}]},{"@type":"BreadcrumbList","@id":"https:\/\/casinolion.ca\/online-slots\/street-fighter-ii-the-world-warrior-slot\/#breadcrumb","itemListElement":[{"@type":"ListItem","position":1,"name":"Home","item":"https:\/\/casinolion.ca\/"},{"@type":"ListItem","position":2,"name":"Recommended Canadian Slots Sites","item":"https:\/\/casinolion.ca\/online-slots\/"},{"@type":"ListItem","position":3,"name":"Street Fighter II: The World Warrior Slot"}]},{"@type":"WebSite","@id":"https:\/\/casinolion.ca\/fr\/#website","url":"https:\/\/casinolion.ca\/fr\/","name":"","description":"","potentialAction":[{"@type":"SearchAction","target":{"@type":"EntryPoint","urlTemplate":"https:\/\/casinolion.ca\/fr\/?s={search_term_string}"},"query-input":{"@type":"PropertyValueSpecification","valueRequired":true,"valueName":"search_term_string"}}],"inLanguage":"fr-CA"}]}},"_links":{"self":[{"href":"https:\/\/casinolion.ca\/fr\/wp-json\/wp\/v2\/pages\/11007","targetHints":{"allow":["GET"]}}],"collection":[{"href":"https:\/\/casinolion.ca\/fr\/wp-json\/wp\/v2\/pages"}],"about":[{"href":"https:\/\/casinolion.ca\/fr\/wp-json\/wp\/v2\/types\/page"}],"author":[{"embeddable":true,"href":"https:\/\/casinolion.ca\/fr\/wp-json\/wp\/v2\/users\/1"}],"replies":[{"embeddable":true,"href":"https:\/\/casinolion.ca\/fr\/wp-json\/wp\/v2\/comments?post=11007"}],"version-history":[{"count":0,"href":"https:\/\/casinolion.ca\/fr\/wp-json\/wp\/v2\/pages\/11007\/revisions"}],"up":[{"embeddable":true,"href":"https:\/\/casinolion.ca\/fr\/wp-json\/wp\/v2\/pages\/455"}],"wp:attachment":[{"href":"https:\/\/casinolion.ca\/fr\/wp-json\/wp\/v2\/media?parent=11007"}],"curies":[{"name":"wp","href":"https:\/\/api.w.org\/{rel}","templated":true}]}}