
{"id":11008,"date":"2020-06-03T01:20:07","date_gmt":"2020-06-03T01:20:07","guid":{"rendered":"https:\/\/www.canadiancasinos.ca\/?page_id=11008"},"modified":"2023-08-17T12:36:58","modified_gmt":"2023-08-17T12:36:58","slug":"justice-league-slot","status":"publish","type":"page","link":"https:\/\/casinolion.ca\/fr\/online-slots\/justice-league-slot\/","title":{"rendered":"Machine \u00e0 sous Justice League"},"content":{"rendered":"<h2 id=\"Justice-League-data-and-features\">Donn\u00e9es et caract\u00e9ristiques de Justice League<\/h2>\n                <table class=\"tablepress\">\n                    <tbody><tr><td><strong>Enrouleurs<\/strong><\/td><td>5<\/td><\/tr><tr><td><strong>Lignes de paiement<\/strong><\/td><td>25<\/td><\/tr><tr><td><strong>Jackpot maximum<\/strong><\/td><td>$4,500.00<\/td><\/tr><tr><td><strong>Pourcentage de paiement<\/strong><\/td><td>96.501<\/td><\/tr><tr><td><strong>Symbole Wild<\/strong><\/td><td>Oui<\/td><\/tr><tr><td><strong>Multiplicateur<\/strong><\/td><td>Non<\/td><\/tr><tr><td><strong>Gamme de paris<\/strong><\/td><td>0.3 - 75<\/td><\/tr><tr><td><strong>Plage de mise des pi\u00e8ces<\/strong><\/td><td>0.01 - 2.5<\/td><\/tr><tr><td><strong>Pi\u00e8ces par ligne<\/strong><\/td><td>1<\/td><\/tr><tr><td><strong>Progressif<\/strong><\/td><td>Non<\/td><\/tr><tr><td><strong>Max coins jackpot<\/strong><\/td><td>1800<\/td><\/tr><tr><td><strong>Pi\u00e8ces maximales<\/strong><\/td><td>2.5<\/td><\/tr><tr><td><strong>Symbole Scatter<\/strong><\/td><td>Oui<\/td><\/tr><tr><td><strong>Tours gratuits disponibles<\/strong><\/td><td>Oui<\/td><\/tr><tr><td><strong>Jeu bonus<\/strong><\/td><td>Oui<\/td><\/tr><tr><td><strong>Acheter la fonctionnalit\u00e9<\/strong><\/td><td>Non<\/td><\/tr><tr><td><strong>Th\u00e8me du jeu<\/strong><\/td><td>Action, Comics, Superheroes<\/td><\/tr><\/tbody><\/table>\n<p><center><a class=\"btn primary\" href=\"https:\/\/casinolion.ca\/fr\/visit\/leo-vegas\/\" target=\"_blank\" rel=\"nofollow noopener noreferrer\">Jouer \u00e0 la machine \u00e0 sous Justice League pour de l'argent r\u00e9el<\/a><\/center>&nbsp;<\/p>\n<p><strong><em>Verdict rapide<\/em><\/strong><em>: Justice League est une machine \u00e0 sous de marque \u00e0 5 rouleaux inspir\u00e9e par les personnages d'un film DC. Cette machine \u00e0 sous \u00e0 jackpot progressif propose 40 lignes de paiement et six options de tours gratuits qui peuvent vous occuper pendant un certain temps. Bien que le RTP de 96,33% ne soit probablement pas le plus \u00e9lev\u00e9 que vous ayez vu, le gameplay offre des fonctionnalit\u00e9s int\u00e9ressantes qui peuvent vous emmener loin et vous faire oublier les d\u00e9fauts potentiels de cette machine \u00e0 sous spectaculaire.<\/em><\/p>\n<h2>L'histoire de Justice League<\/h2>\n<p>Le th\u00e8me de la machine \u00e0 sous Justice League est bas\u00e9 sur l'une des bandes dessin\u00e9es DC Comics les plus populaires du m\u00eame nom. Ce titre est id\u00e9al pour les joueurs qui sont fans des films DC, car il repr\u00e9sente le m\u00e9lange parfait des deux mondes - tous les meilleurs super-h\u00e9ros combin\u00e9s et plac\u00e9s dans un cadre de jeu en ligne.<\/p>\n<p>Playtech a emprunt\u00e9 des id\u00e9es de th\u00e8mes \u00e0 DC Comics avant cette sortie. Cependant, cette cr\u00e9ation met en sc\u00e8ne tous les personnages du film sur les rouleaux, y compris Batman, Superman, Wonder Woman, Flash, Aquaman et Cyborg. La machine \u00e0 sous est sortie en m\u00eame temps que le film, ce qui a consid\u00e9rablement accru sa popularit\u00e9.<\/p>\n<h2>Visuels et effets sonores de Justice League<\/h2>\n<p>Si vous avez aim\u00e9 le film, vous trouverez certainement la machine \u00e0 sous Justice League visuellement attrayante. Les symboles principaux du jeu repr\u00e9sentent six c\u00e9l\u00e8bres super-h\u00e9ros de DC : The Flash, Cyborg, Aquaman, Wonder Woman, Superman et Batman.<\/p>\n<p>Comme le jeu est une repr\u00e9sentation directe du film, Playtech a suivi les traces de DC et a cr\u00e9\u00e9 une machine \u00e0 sous avec des graphismes de haute qualit\u00e9. Les symboles sont tr\u00e8s r\u00e9alistes et il ne fait aucun doute que le jeu vous occupera pendant un certain temps.<\/p>\n<p>La bande sonore est en accord avec le th\u00e8me du film, mais elle est un peu trop basique. Si la machine \u00e0 sous \u00e9tait accompagn\u00e9e d'un instrumental accrocheur tir\u00e9 du film, elle aurait \u00e9t\u00e9 parfaite.<\/p>\n<h2>Justice League Gameplay<\/h2>\n<p>Justice League est une machine \u00e0 sous \u00e0 cinq rouleaux qui paie de gauche \u00e0 droite. Bien que certains puissent consid\u00e9rer le syst\u00e8me de paiement \u00e0 sens unique comme un inconv\u00e9nient, le fait que le jeu propose 40 lignes de paiement rend tout le reste facilement oubliable.<\/p>\n<p>Toutes les fonctions de la machine \u00e0 sous sont parfaitement int\u00e9gr\u00e9es au jeu et vous pouvez les rep\u00e9rer rapidement sous la grille. La premi\u00e8re \u00e9tape \u00e0 franchir avant de commencer \u00e0 faire tourner les rouleaux est de d\u00e9finir la taille de la mise. La gamme de paris va d'une valeur de pi\u00e8ce aussi basse que 0,01 \u00e0 50,00, ce qui rend ce jeu \u00e0 la fois abordable pour les budgets et adapt\u00e9 aux gros joueurs.<\/p>\n<p>Si vous n'avez pas envie de cliquer encore et encore sur le bouton \"spin\", l'option <em>Jeu automatique <\/em>peut le faire pour vous. Vous pouvez programmer cette fonction pour lancer un tour 10, 25, 50 ou 99 fois et vous concentrer sur autre chose pendant que le jeu se poursuit. Enfin, il y a la fonction <em>Mode Turbo<\/em> qui vous permet de r\u00e9gler la vitesse du jeu en fonction de vos go\u00fbts.<\/p>\n<h2>Wilds et fonctions bonus<\/h2>\n<p>Le symbole Wild du jeu est le logo de la Ligue des Justiciers qui remplace tous les autres symboles \u00e0 l'exception du Scatter. De plus, lorsque trois symboles Wild ou plus se trouvent sur une ligne de paiement active, ils peuvent former un combo gagnant, quel que soit le trac\u00e9 de la grille.<\/p>\n<p>En ce qui concerne le symbole Scatter, Justice League n'en propose pas seulement un, mais trois. Les scatters peuvent se trouver sur les rouleaux un, trois et cinq, et trois d'entre eux d\u00e9clenchent la fonction <em>Jeux gratuits<\/em> caract\u00e9ristiques. Les Scatters sont repr\u00e9sent\u00e9s par trois bo\u00eetes de couleurs diff\u00e9rentes : blanche, rouge et bronze. Si deux symboles Scatter apparaissent, ils red\u00e9clencheront la fonction et doubleront vos tours gratuits.<\/p>\n<p>Une autre fonction qui peut \u00eatre d\u00e9clench\u00e9e \u00e0 chaque tour est le Super Hero Respin. Lorsque vous d\u00e9clenchez cette fonction, l'un des symboles de super-h\u00e9ros est entour\u00e9 d'un cadre enflamm\u00e9 qui le transforme en joker. Cette fonction peut transformer tous les h\u00e9ros en Wild, car elle peut \u00eatre red\u00e9clench\u00e9e jusqu'\u00e0 cinq fois.<\/p>\n<p>Enfin, en ce qui concerne les tours gratuits, Justice League ne vous d\u00e9cevra pas. Il y a six modes de tours gratuits, chacun avec l'un des super-h\u00e9ros comme personnage principal. Ils sont tous gratifiants, mais d'une mani\u00e8re diff\u00e9rente. Cependant, ils partagent certains avantages similaires. Par exemple, si l'un des super-h\u00e9ros se trouve dans le cadre de la fonction, toutes les occurrences de ce symbole se transforment en Wild.<\/p>\n<p>Voyons maintenant combien de tours gratuits chacun des super-h\u00e9ros distribue en <em>Jeux gratuits<\/em>:<\/p>\n<ul>\n<li><strong>L'\u00e9clair<\/strong> - Le Flash offre 15 tours gratuits, mais le m\u00e9canisme de correspondance est le plus faible.<\/li>\n<li><strong>Cyborg<\/strong> - Cyborg offre 12 tours gratuits. Si un tour ne subit pas de transformation, une image suppl\u00e9mentaire appara\u00eet.<\/li>\n<li><strong>Aquaman<\/strong> - Jason Momoa am\u00e9liorera votre jeu en vous offrant 10 tours gratuits.<\/li>\n<li><strong>Wonder Woman<\/strong> - M\u00eame si cette merveilleuse dame n'offre que 7 tours gratuits, vous pouvez obtenir de un \u00e0 cinq cadres de fonction sur chaque tour.<\/li>\n<li><strong>Superman <\/strong>- Le super-h\u00e9ros mondialement connu offre 5 tours gratuits. Vous pensez peut-\u00eatre que ce n'est rien, mais notez que chaque tour gratuit s'accompagne d'un cadre g\u00e9ant de 2\u00d72.<\/li>\n<li><strong>Batman <\/strong>- Bien que vous ne receviez que 2 tours gratuits, il s'agit d'une option tr\u00e8s volatile.<\/li>\n<\/ul>\n<p>De plus, le r\u00e9seau DC Super Heroes Jackpots ne vous laissera pas en plan en ce qui concerne les jackpots progressifs. En jouant \u00e0 Justice League, vous aurez l'opportunit\u00e9 de gagner 1 des 4 jackpots progressifs. L'acc\u00e8s aux <em>Jeu du Jackpot<\/em> est al\u00e9atoire et vous permet de choisir une ic\u00f4ne de jackpot et de gagner le Mini, Minor, Major ou Grand Jackpot.<\/p>\n<h2>Justice League RTP%<\/h2>\n<p>Dans le tableau du haut, vous pouvez voir que le RTP (retour au joueur) de la populaire machine \u00e0 sous Justice League est de 96,33%. En d'autres termes, pour chaque mise de $100, vous pouvez vous attendre \u00e0 r\u00e9cup\u00e9rer $96,3.<\/p>\n<p>Ce pourcentage fait partie de la cat\u00e9gorie de volatilit\u00e9 moyenne, ce qui n'est pas le meilleur que vous puissiez trouver sur le march\u00e9 de l'iGaming, mais avec de nombreuses r\u00e9compenses de tours gratuits, vous pouvez esp\u00e9rer encaisser des sommes d'argent significatives. Apr\u00e8s tout, ces tours gratuits que vous pouvez obtenir tout au long du jeu prolongent votre exp\u00e9rience de jeu, vous offrant ainsi plus d'opportunit\u00e9s de gagner.<\/p>\n<h2>R\u00e9flexions finales<\/h2>\n<p>Tous les fans de DC's Comics trouveront sans aucun doute Justice League assez divertissant. Cette machine \u00e0 sous de marque \u00e0 5 rouleaux et 40 lignes de paiement vous occupera gr\u00e2ce \u00e0 ses graphismes r\u00e9alistes et \u00e0 son gameplay cr\u00e9atif.<\/p>\n<p>Que vous soyez un joueur occasionnel ou un flambeur, la gamme de paris de Justice League r\u00e9pondra \u00e0 vos attentes. Enfin, la volatilit\u00e9 du jeu n'est peut-\u00eatre pas tr\u00e8s \u00e9lev\u00e9e, mais comme il s'agit d'une machine \u00e0 sous \u00e0 jackpot progressif, il ne fait aucun doute que le jeu vaut la peine d'\u00eatre essay\u00e9.<\/p>","protected":false},"excerpt":{"rendered":"<p>Jouer \u00e0 la machine \u00e0 sous Justice League pour de l'argent r\u00e9el Verdict rapide : Justice League est une machine \u00e0 sous de marque \u00e0 5 rouleaux inspir\u00e9e par les personnages d'un film DC. Cette machine \u00e0 sous \u00e0 jackpot progressif propose 40 lignes de paiement et six options de tours gratuits diff\u00e9rentes qui peuvent vous occuper pendant un certain temps. Bien que le RTP de 96,33% ne soit probablement pas le plus \u00e9lev\u00e9 [...]<\/p>","protected":false},"author":1,"featured_media":0,"parent":455,"menu_order":0,"comment_status":"closed","ping_status":"closed","template":"","meta":{"_acf_changed":false,"footnotes":""},"class_list":["post-11008","page","type-page","status-publish","hentry"],"acf":[],"yoast_head":"<!-- This site is optimized with the Yoast SEO plugin v26.1.1 - https:\/\/yoast.com\/wordpress\/plugins\/seo\/ -->\n<title>Justice League Slot Review | Play for Free or Real Money<\/title>\n<meta name=\"robots\" content=\"index, follow, max-snippet:-1, max-image-preview:large, max-video-preview:-1\" \/>\n<link rel=\"canonical\" href=\"https:\/\/casinolion.ca\/fr\/online-slots\/justice-league-slot\/\" \/>\n<meta property=\"og:locale\" content=\"fr_CA\" \/>\n<meta property=\"og:type\" content=\"article\" \/>\n<meta property=\"og:title\" content=\"Justice League Slot Review | Play for Free or Real Money\" \/>\n<meta property=\"og:description\" content=\"Play Justice League Slot for Real Money&nbsp; Quick verdict: Justice League is a 5-reel branded slot inspired by the characters from a DC movie. This progressive jackpot slot features 40 paylines and six different free spins options that can keep you busy for quite some time. Although the RTP of 96.33% probably isn\u2019t the highest [&hellip;]\" \/>\n<meta property=\"og:url\" content=\"https:\/\/casinolion.ca\/fr\/online-slots\/justice-league-slot\/\" \/>\n<meta property=\"article:modified_time\" content=\"2023-08-17T12:36:58+00:00\" \/>\n<meta name=\"twitter:card\" content=\"summary_large_image\" \/>\n<meta name=\"twitter:label1\" content=\"Estimation du temps de lecture\" \/>\n\t<meta name=\"twitter:data1\" content=\"5 minutes\" \/>\n<script type=\"application\/ld+json\" class=\"yoast-schema-graph\">{\"@context\":\"https:\/\/schema.org\",\"@graph\":[{\"@type\":\"WebPage\",\"@id\":\"https:\/\/casinolion.ca\/online-slots\/justice-league-slot\/\",\"url\":\"https:\/\/casinolion.ca\/online-slots\/justice-league-slot\/\",\"name\":\"Justice League Slot Review | Play for Free or Real Money\",\"isPartOf\":{\"@id\":\"https:\/\/casinolion.ca\/fr\/#website\"},\"datePublished\":\"2020-06-03T01:20:07+00:00\",\"dateModified\":\"2023-08-17T12:36:58+00:00\",\"breadcrumb\":{\"@id\":\"https:\/\/casinolion.ca\/online-slots\/justice-league-slot\/#breadcrumb\"},\"inLanguage\":\"fr-CA\",\"potentialAction\":[{\"@type\":\"ReadAction\",\"target\":[\"https:\/\/casinolion.ca\/online-slots\/justice-league-slot\/\"]}]},{\"@type\":\"BreadcrumbList\",\"@id\":\"https:\/\/casinolion.ca\/online-slots\/justice-league-slot\/#breadcrumb\",\"itemListElement\":[{\"@type\":\"ListItem\",\"position\":1,\"name\":\"Home\",\"item\":\"https:\/\/casinolion.ca\/\"},{\"@type\":\"ListItem\",\"position\":2,\"name\":\"Recommended Canadian Slots Sites\",\"item\":\"https:\/\/casinolion.ca\/online-slots\/\"},{\"@type\":\"ListItem\",\"position\":3,\"name\":\"Justice League Slot\"}]},{\"@type\":\"WebSite\",\"@id\":\"https:\/\/casinolion.ca\/fr\/#website\",\"url\":\"https:\/\/casinolion.ca\/fr\/\",\"name\":\"\",\"description\":\"\",\"potentialAction\":[{\"@type\":\"SearchAction\",\"target\":{\"@type\":\"EntryPoint\",\"urlTemplate\":\"https:\/\/casinolion.ca\/fr\/?s={search_term_string}\"},\"query-input\":{\"@type\":\"PropertyValueSpecification\",\"valueRequired\":true,\"valueName\":\"search_term_string\"}}],\"inLanguage\":\"fr-CA\"}]}<\/script>\n<!-- \/ Yoast SEO plugin. -->","yoast_head_json":{"title":"Justice League Slot Review | Jouer gratuitement ou avec de l'argent r\u00e9el","robots":{"index":"index","follow":"follow","max-snippet":"max-snippet:-1","max-image-preview":"max-image-preview:large","max-video-preview":"max-video-preview:-1"},"canonical":"https:\/\/casinolion.ca\/fr\/online-slots\/justice-league-slot\/","og_locale":"fr_CA","og_type":"article","og_title":"Justice League Slot Review | Play for Free or Real Money","og_description":"Play Justice League Slot for Real Money&nbsp; Quick verdict: Justice League is a 5-reel branded slot inspired by the characters from a DC movie. This progressive jackpot slot features 40 paylines and six different free spins options that can keep you busy for quite some time. Although the RTP of 96.33% probably isn\u2019t the highest [&hellip;]","og_url":"https:\/\/casinolion.ca\/fr\/online-slots\/justice-league-slot\/","article_modified_time":"2023-08-17T12:36:58+00:00","twitter_card":"summary_large_image","twitter_misc":{"Estimation du temps de lecture":"5 minutes"},"schema":{"@context":"https:\/\/schema.org","@graph":[{"@type":"WebPage","@id":"https:\/\/casinolion.ca\/online-slots\/justice-league-slot\/","url":"https:\/\/casinolion.ca\/online-slots\/justice-league-slot\/","name":"Justice League Slot Review | Jouer gratuitement ou avec de l'argent r\u00e9el","isPartOf":{"@id":"https:\/\/casinolion.ca\/fr\/#website"},"datePublished":"2020-06-03T01:20:07+00:00","dateModified":"2023-08-17T12:36:58+00:00","breadcrumb":{"@id":"https:\/\/casinolion.ca\/online-slots\/justice-league-slot\/#breadcrumb"},"inLanguage":"fr-CA","potentialAction":[{"@type":"ReadAction","target":["https:\/\/casinolion.ca\/online-slots\/justice-league-slot\/"]}]},{"@type":"BreadcrumbList","@id":"https:\/\/casinolion.ca\/online-slots\/justice-league-slot\/#breadcrumb","itemListElement":[{"@type":"ListItem","position":1,"name":"Home","item":"https:\/\/casinolion.ca\/"},{"@type":"ListItem","position":2,"name":"Recommended Canadian Slots Sites","item":"https:\/\/casinolion.ca\/online-slots\/"},{"@type":"ListItem","position":3,"name":"Justice League Slot"}]},{"@type":"WebSite","@id":"https:\/\/casinolion.ca\/fr\/#website","url":"https:\/\/casinolion.ca\/fr\/","name":"","description":"","potentialAction":[{"@type":"SearchAction","target":{"@type":"EntryPoint","urlTemplate":"https:\/\/casinolion.ca\/fr\/?s={search_term_string}"},"query-input":{"@type":"PropertyValueSpecification","valueRequired":true,"valueName":"search_term_string"}}],"inLanguage":"fr-CA"}]}},"_links":{"self":[{"href":"https:\/\/casinolion.ca\/fr\/wp-json\/wp\/v2\/pages\/11008","targetHints":{"allow":["GET"]}}],"collection":[{"href":"https:\/\/casinolion.ca\/fr\/wp-json\/wp\/v2\/pages"}],"about":[{"href":"https:\/\/casinolion.ca\/fr\/wp-json\/wp\/v2\/types\/page"}],"author":[{"embeddable":true,"href":"https:\/\/casinolion.ca\/fr\/wp-json\/wp\/v2\/users\/1"}],"replies":[{"embeddable":true,"href":"https:\/\/casinolion.ca\/fr\/wp-json\/wp\/v2\/comments?post=11008"}],"version-history":[{"count":0,"href":"https:\/\/casinolion.ca\/fr\/wp-json\/wp\/v2\/pages\/11008\/revisions"}],"up":[{"embeddable":true,"href":"https:\/\/casinolion.ca\/fr\/wp-json\/wp\/v2\/pages\/455"}],"wp:attachment":[{"href":"https:\/\/casinolion.ca\/fr\/wp-json\/wp\/v2\/media?parent=11008"}],"curies":[{"name":"wp","href":"https:\/\/api.w.org\/{rel}","templated":true}]}}