
{"id":11010,"date":"2020-06-03T06:24:43","date_gmt":"2020-06-03T06:24:43","guid":{"rendered":"https:\/\/www.canadiancasinos.ca\/?page_id=11010"},"modified":"2024-06-22T08:25:39","modified_gmt":"2024-06-22T08:25:39","slug":"legacy-of-dead","status":"publish","type":"page","link":"https:\/\/casinolion.ca\/fr\/online-slots\/legacy-of-dead\/","title":{"rendered":"L'h\u00e9ritage des morts"},"content":{"rendered":"<div id=\"PlayFreeGame\" class=\"game_box\" style=\"padding-bottom: 75%; margin-bottom: 30px; background-size:cover; background-repeat:no-repeat;background-color:  #d24d57; background-image: url('https:\/\/a1.lcb.org\/system\/modules\/game\/images\/attachments\/000\/312\/531\/original\/LegacyofDead1.jpg?1577078691');\">\n                        <i class=\"fas fa-play-circle\"><\/i>\n                     <\/div>\n                     <script>\n                        let iframe = '<iframe loading=\"lazy\" src=\"https:\/\/slotslaunch.com\/iframe\/10007?token=rvgmcR4z0DADcCv3Hy0pVy9HQf7iaZ9tGNS9qWMaoIJPRjmw38\" width=\"930\" height=\"576\" frameborder=\"0\" allowTransparency=\"true\" bgcolor=\"#FFFFFF\" style=\"background-color: black;\"><\/iframe>';\n                        let holder = document.querySelector(\"#PlayFreeGame\");\n                        holder.addEventListener(\"click\", function(){\n                            holder.innerHTML = iframe;\n                        });\n                    <\/script><h2 id=\"Legacy-of-Dead-data-and-features\">Donn\u00e9es et caract\u00e9ristiques de l'h\u00e9ritage des morts<\/h2>\n                <table class=\"tablepress\">\n                    <tbody><tr><td><strong>Enrouleurs<\/strong><\/td><td>5<\/td><\/tr><tr><td><strong>Lignes de paiement<\/strong><\/td><td>10<\/td><\/tr><tr><td><strong>Jackpot maximum<\/strong><\/td><td>$20,000.00<\/td><\/tr><tr><td><strong>Pourcentage de paiement<\/strong><\/td><td>94.510<\/td><\/tr><tr><td><strong>Symbole Wild<\/strong><\/td><td>Oui<\/td><\/tr><tr><td><strong>Multiplicateur<\/strong><\/td><td>Non<\/td><\/tr><tr><td><strong>Gamme de paris<\/strong><\/td><td>0.01 - 100<\/td><\/tr><tr><td><strong>Plage de mise des pi\u00e8ces<\/strong><\/td><td>0.01 - 2<\/td><\/tr><tr><td><strong>Pi\u00e8ces par ligne<\/strong><\/td><td>5<\/td><\/tr><tr><td><strong>Progressif<\/strong><\/td><td>Non<\/td><\/tr><tr><td><strong>Max coins jackpot<\/strong><\/td><td>10000<\/td><\/tr><tr><td><strong>Pi\u00e8ces maximales<\/strong><\/td><td>2<\/td><\/tr><tr><td><strong>Symbole Scatter<\/strong><\/td><td>Oui<\/td><\/tr><tr><td><strong>Tours gratuits disponibles<\/strong><\/td><td>Oui<\/td><\/tr><tr><td><strong>Jeu bonus<\/strong><\/td><td>Non<\/td><\/tr><tr><td><strong>Acheter la fonctionnalit\u00e9<\/strong><\/td><td>Non<\/td><\/tr><tr><td><strong>Th\u00e8me du jeu<\/strong><\/td><td>\u00c9gyptien<\/td><\/tr><\/tbody><\/table>\n<p><center><a class=\"btn primary\" href=\"https:\/\/casinolion.ca\/fr\/visit\/leo-vegas\/\" target=\"_blank\" rel=\"nofollow noopener noreferrer\">Jouer \u00e0 la machine \u00e0 sous Legacy of Dead pour de l'argent r\u00e9el<\/a><\/center><\/p>\n<p><strong><em>Verdict rapide<\/em><\/strong><em>: Legacy of Dead est une machine \u00e0 sous \u00e0 haute volatilit\u00e9 et \u00e0 RTP moyen du c\u00e9l\u00e8bre d\u00e9veloppeur de logiciels Play'n GO. Il s'agit d'un jeu relativement r\u00e9cent sur le th\u00e8me de l'\u00c9gypte ancienne qui promet de gros gains et une exp\u00e9rience immersive. Vous n'obtiendrez pas beaucoup de bonus, \u00e0 l'exception de nombreux tours gratuits et d'un excellent tour de gamble, qui compensent largement l'absence de bonus. \u00a0<\/em><\/p>\n<h2>L'histoire de l'h\u00e9ritage des morts<\/h2>\n<p><em>L'h\u00e9ritage des morts<\/em> est une machine \u00e0 sous typique, visuellement agr\u00e9able, qui se concentre sur le gameplay et non sur l'histoire. Cela dit, le th\u00e8me sous-jacent de l'\u00c9gypte ancienne est plus qu'un bon substitut \u00e0 un sc\u00e9nario passionnant.<\/p>\n<p>Tout dans le jeu est orient\u00e9 vers l'ambiance de l'\u00c9gypte ancienne, qui a toujours \u00e9t\u00e9 tr\u00e8s populaire parmi les joueurs de machines \u00e0 sous vid\u00e9o. Si c'est quelque chose que vous aimez, vous vous sentirez \u00e0 l'aise en jouant. <em>L'h\u00e9ritage des morts<\/em> avec ses chambres dor\u00e9es et ses personnages divins. De plus, le jeu est produit par le tr\u00e8s populaire fournisseur Play'n Go, une soci\u00e9t\u00e9 connue pour produire des machines \u00e0 sous agr\u00e9ables avec un th\u00e8me \u00e9gyptien ancien sous-jacent.<\/p>\n<h2>Effets visuels et sonores<\/h2>\n<p>Les visuels de<em> L'h\u00e9ritage des morts<\/em> sont incroyablement agr\u00e9ables, et il est clair que les cr\u00e9ateurs ont fait tout leur possible pour cr\u00e9er quelque chose de magnifique \u00e0 regarder en ces temps modernes o\u00f9 les graphismes comptent beaucoup. Outre l'aspect dor\u00e9 de la bobine et de ses environs, l'arri\u00e8re-plan est rempli de d\u00e9tails. M\u00eame le feu que vous verrez des deux c\u00f4t\u00e9s est extr\u00eamement r\u00e9aliste.<\/p>\n<p>M\u00eame si le jeu est relativement r\u00e9cent puisqu'il est sorti fin 2019, nous devons dire que les graphismes sont incroyables. Il n'y a pas beaucoup de machines \u00e0 sous aujourd'hui qui ont des visuels d'une telle qualit\u00e9 et des niveaux de d\u00e9tail aussi \u00e9lev\u00e9s.<\/p>\n<p>Les visuels s'accompagnent de sons, et les cr\u00e9ateurs ont veill\u00e9 \u00e0 ce que la musique corresponde \u00e9galement au th\u00e8me. De plus, les effets sonores accompagnent chacune de vos actions, ce qui vous permettra de vous immerger rapidement dans le jeu.<\/p>\n<h2>Gameplay<\/h2>\n<p><em>L'h\u00e9ritage des morts <\/em>s'assure que vous obtenez tout ce que les joueurs devraient obtenir d'une machine \u00e0 sous. Vous \u00eates accueilli par une disposition typique de 5\u00d73 et une disposition soign\u00e9e des boutons. Tout est situ\u00e9 sous la grille, vous n'aurez donc aucun mal \u00e0 vous y retrouver dans cette machine \u00e0 sous. C'est l\u00e0 que vous trouverez la valeur des pi\u00e8ces, le nombre de pi\u00e8ces que vous miserez et le nombre de lignes de paiement, ce qui vous donne une libert\u00e9 de choix absolue. Votre mise peut \u00eatre comprise entre $0,1 et $100.<\/p>\n<p>Quel que soit votre type de joueur, vous constaterez que la jouabilit\u00e9 peut r\u00e9pondre \u00e0 vos besoins. Outre le fait que vous \u00eates libre de fixer votre mise, le jeu peut \u00eatre aussi lent ou aussi rapide que vous le souhaitez. Les <em>La rotation <\/em>peut d\u00e9marrer et arr\u00eater la bobine \u00e0 tout moment, et le jeu vous donne la possibilit\u00e9 d'acc\u00e9l\u00e9rer le jeu s'il remarque que votre jeu est rapide.<\/p>\n<p>En plus de cela, <em>L'h\u00e9ritage des morts<\/em> dispose d'une fonction omnipr\u00e9sente de jeu automatique qui vous permet de vous asseoir et de vous d\u00e9tendre pendant que la machine \u00e0 sous \u00e0 forte volatilit\u00e9 gagne de l'argent pour vous. Cette fonction est diff\u00e9rente de celles que l'on trouve dans la plupart des machines \u00e0 sous, car elle vous donne beaucoup de choix quant au moment et \u00e0 la mani\u00e8re dont elle doit s'arr\u00eater.<\/p>\n<p>N'oublions pas le bien-aim\u00e9 tour de jeu, qui existe en<em> L'h\u00e9ritage des morts<\/em>, Le jeu de cartes est un jeu de hasard, qui vous permet de parier soit sur la couleur de la carte, soit sur la couleur exacte de la carte. La premi\u00e8re option double votre gain, tandis que la seconde peut le quadrupler. Toutefois, si vous \u00eates extr\u00eamement chanceux et que vous remportez tous les tours de jeu cons\u00e9cutifs, vous ne pourrez en gagner que cinq au total.<\/p>\n<h2>Fonctions bonus et jokers<\/h2>\n<p>Vous trouverez cinq symboles r\u00e9guliers et peu r\u00e9mun\u00e9rateurs et quatre symboles tr\u00e8s r\u00e9mun\u00e9rateurs dans le jeu <em>L'h\u00e9ritage des morts<\/em>. La figure du pharaon mort est la plus payante, mais la figure du pharaon mort est la plus payante. <em>Sauvage <\/em>paie \u00e9galement et peut remplacer n'importe quel symbole du jeu. L'avantage de ces <em>Sauvages <\/em>est qu'ils ont tendance \u00e0 appara\u00eetre assez fr\u00e9quemment, ce qui est l'une des principales raisons pour lesquelles il s'agit d'une machine \u00e0 sous \u00e0 forte volatilit\u00e9.<\/p>\n<p>Pour ceux qui ne sont pas familiers avec la terminologie, une volatilit\u00e9 \u00e9lev\u00e9e signifie que vous pouvez vous attendre \u00e0 un plus grand nombre de gains importants dans un court laps de temps.<\/p>\n<p>Le <em>Sauvages <\/em>en <em>L'h\u00e9ritage des morts<\/em> agissent \u00e9galement en tant que <em>Scatters<\/em>, et en pla\u00e7ant trois d'entre eux sur la grille, vous activerez la fonction <em>Spins gratuits <\/em>Fonctionnalit\u00e9. Le jeu n'a pas de bonus sp\u00e9cifique, mais les tours gratuits le compensent largement.<\/p>\n<p>En obtenant trois <em>Sauvages<\/em>, huit tours gratuits sont attribu\u00e9s et un symbole al\u00e9atoire est choisi pour devenir le symbole <em>Symbole en expansion<\/em>. Plus ils apparaissent lors d'un tour, plus ils s'\u00e9tendent et couvrent le reste de la grille. En r\u00e9sum\u00e9, vous avez de grandes chances de gagner un montant d\u00e9cent \u00e0 chaque tour. Naturellement, <em>Sauvages<\/em>\/<em>Scatters<\/em> peuvent \u00e9galement appara\u00eetre \u00e0 ce moment-l\u00e0 et si vous en obtenez trois, vous obtiendrez huit tours gratuits suppl\u00e9mentaires.<\/p>\n<h2>RTP % dans Legacy of Dead<\/h2>\n<p>Comme vous l'avez vu dans le tableau ci-dessus, la machine \u00e0 sous a un RTP de 96,58%, ce qui est consid\u00e9r\u00e9 comme un RTP moyen parmi les machines \u00e0 sous. En d'autres termes, si vous misez $100, vous \u00eates certain de r\u00e9cup\u00e9rer $96.58, ce qui n'est pas mal, mais pourrait \u00eatre mieux.<\/p>\n<p>Cependant, gr\u00e2ce \u00e0 la forte volatilit\u00e9 de la machine \u00e0 sous, vous avez de grandes chances d'obtenir des gains importants assez rapidement. Ceci, combin\u00e9 avec le RTP moyen, est plus que suffisant pour faire de cette machine \u00e0 sous un jeu de qualit\u00e9. <em>L'h\u00e9ritage des morts<\/em> un jeu tr\u00e8s gratifiant.<\/p>\n<h2>R\u00e9flexions finales<\/h2>\n<p>Play'n GO's <em>L'h\u00e9ritage des morts<\/em> est une machine \u00e0 sous moderne destin\u00e9e \u00e0 tous les types de joueurs. Que vous soyez un d\u00e9butant, un fan du th\u00e8me de l'Egypte ancienne, un joueur avanc\u00e9 ou simplement un joueur occasionnel, vous trouverez toujours ici le plaisir et l'excitation que vous recherchez dans une machine \u00e0 sous vid\u00e9o.<\/p>\n<p>De plus, gr\u00e2ce aux tours gratuits fr\u00e9quents et \u00e0 la volatilit\u00e9 \u00e9lev\u00e9e du jeu, vous obtiendrez des r\u00e9compenses int\u00e9ressantes. Alors, si vous \u00eates pr\u00eat, il est temps de plonger dans les eaux tumultueuses du Nil et de commencer une qu\u00eate qui ne manquera pas de vous rapporter de belles sommes !<\/p>","protected":false},"excerpt":{"rendered":"<p>Jouez \u00e0 la machine \u00e0 sous Legacy of Dead pour de l'argent r\u00e9el : Legacy of Dead est une machine \u00e0 sous \u00e0 volatilit\u00e9 \u00e9lev\u00e9e et \u00e0 RTP moyen du c\u00e9l\u00e8bre d\u00e9veloppeur de logiciels Play'n GO. Il s'agit d'un jeu relativement r\u00e9cent sur le th\u00e8me de l'\u00c9gypte ancienne qui promet de gros gains et une exp\u00e9rience immersive. Vous n'obtiendrez pas beaucoup de bonus, mais de nombreux tours gratuits [...]<\/p>","protected":false},"author":1,"featured_media":0,"parent":455,"menu_order":0,"comment_status":"closed","ping_status":"closed","template":"","meta":{"_acf_changed":false,"footnotes":""},"class_list":["post-11010","page","type-page","status-publish","hentry"],"acf":[],"yoast_head":"<!-- This site is optimized with the Yoast SEO plugin v26.1.1 - https:\/\/yoast.com\/wordpress\/plugins\/seo\/ -->\n<title>Legacy of Dead Slot Review | Play for Free or Real Money<\/title>\n<meta name=\"robots\" content=\"index, follow, max-snippet:-1, max-image-preview:large, max-video-preview:-1\" \/>\n<link rel=\"canonical\" href=\"https:\/\/casinolion.ca\/fr\/online-slots\/legacy-of-dead\/\" \/>\n<meta property=\"og:locale\" content=\"fr_CA\" \/>\n<meta property=\"og:type\" content=\"article\" \/>\n<meta property=\"og:title\" content=\"Legacy of Dead Slot Review | Play for Free or Real Money\" \/>\n<meta property=\"og:description\" content=\"Play Legacy of Dead Slot for Real Money Quick verdict: Legacy of Dead is a high-volatility and medium RTP slot from the popular Play\u2019n GO software developer. It\u2019s a relatively new game with an Ancient Egyptian theme that promises big wins and an immersive experience. You won\u2019t get many bonus features except many free spins [&hellip;]\" \/>\n<meta property=\"og:url\" content=\"https:\/\/casinolion.ca\/fr\/online-slots\/legacy-of-dead\/\" \/>\n<meta property=\"article:modified_time\" content=\"2024-06-22T08:25:39+00:00\" \/>\n<meta name=\"twitter:card\" content=\"summary_large_image\" \/>\n<meta name=\"twitter:label1\" content=\"Estimation du temps de lecture\" \/>\n\t<meta name=\"twitter:data1\" content=\"5 minutes\" \/>\n<script type=\"application\/ld+json\" class=\"yoast-schema-graph\">{\"@context\":\"https:\/\/schema.org\",\"@graph\":[{\"@type\":\"WebPage\",\"@id\":\"https:\/\/casinolion.ca\/online-slots\/legacy-of-dead\/\",\"url\":\"https:\/\/casinolion.ca\/online-slots\/legacy-of-dead\/\",\"name\":\"Legacy of Dead Slot Review | Play for Free or Real Money\",\"isPartOf\":{\"@id\":\"https:\/\/casinolion.ca\/fr\/#website\"},\"datePublished\":\"2020-06-03T06:24:43+00:00\",\"dateModified\":\"2024-06-22T08:25:39+00:00\",\"breadcrumb\":{\"@id\":\"https:\/\/casinolion.ca\/online-slots\/legacy-of-dead\/#breadcrumb\"},\"inLanguage\":\"fr-CA\",\"potentialAction\":[{\"@type\":\"ReadAction\",\"target\":[\"https:\/\/casinolion.ca\/online-slots\/legacy-of-dead\/\"]}]},{\"@type\":\"BreadcrumbList\",\"@id\":\"https:\/\/casinolion.ca\/online-slots\/legacy-of-dead\/#breadcrumb\",\"itemListElement\":[{\"@type\":\"ListItem\",\"position\":1,\"name\":\"Home\",\"item\":\"https:\/\/casinolion.ca\/\"},{\"@type\":\"ListItem\",\"position\":2,\"name\":\"Recommended Canadian Slots Sites\",\"item\":\"https:\/\/casinolion.ca\/online-slots\/\"},{\"@type\":\"ListItem\",\"position\":3,\"name\":\"Legacy of Dead\"}]},{\"@type\":\"WebSite\",\"@id\":\"https:\/\/casinolion.ca\/fr\/#website\",\"url\":\"https:\/\/casinolion.ca\/fr\/\",\"name\":\"\",\"description\":\"\",\"potentialAction\":[{\"@type\":\"SearchAction\",\"target\":{\"@type\":\"EntryPoint\",\"urlTemplate\":\"https:\/\/casinolion.ca\/fr\/?s={search_term_string}\"},\"query-input\":{\"@type\":\"PropertyValueSpecification\",\"valueRequired\":true,\"valueName\":\"search_term_string\"}}],\"inLanguage\":\"fr-CA\"}]}<\/script>\n<!-- \/ Yoast SEO plugin. -->","yoast_head_json":{"title":"Legacy of Dead Slot Review | Jouer gratuitement ou avec de l'argent r\u00e9el","robots":{"index":"index","follow":"follow","max-snippet":"max-snippet:-1","max-image-preview":"max-image-preview:large","max-video-preview":"max-video-preview:-1"},"canonical":"https:\/\/casinolion.ca\/fr\/online-slots\/legacy-of-dead\/","og_locale":"fr_CA","og_type":"article","og_title":"Legacy of Dead Slot Review | Play for Free or Real Money","og_description":"Play Legacy of Dead Slot for Real Money Quick verdict: Legacy of Dead is a high-volatility and medium RTP slot from the popular Play\u2019n GO software developer. It\u2019s a relatively new game with an Ancient Egyptian theme that promises big wins and an immersive experience. You won\u2019t get many bonus features except many free spins [&hellip;]","og_url":"https:\/\/casinolion.ca\/fr\/online-slots\/legacy-of-dead\/","article_modified_time":"2024-06-22T08:25:39+00:00","twitter_card":"summary_large_image","twitter_misc":{"Estimation du temps de lecture":"5 minutes"},"schema":{"@context":"https:\/\/schema.org","@graph":[{"@type":"WebPage","@id":"https:\/\/casinolion.ca\/online-slots\/legacy-of-dead\/","url":"https:\/\/casinolion.ca\/online-slots\/legacy-of-dead\/","name":"Legacy of Dead Slot Review | Jouer gratuitement ou avec de l'argent r\u00e9el","isPartOf":{"@id":"https:\/\/casinolion.ca\/fr\/#website"},"datePublished":"2020-06-03T06:24:43+00:00","dateModified":"2024-06-22T08:25:39+00:00","breadcrumb":{"@id":"https:\/\/casinolion.ca\/online-slots\/legacy-of-dead\/#breadcrumb"},"inLanguage":"fr-CA","potentialAction":[{"@type":"ReadAction","target":["https:\/\/casinolion.ca\/online-slots\/legacy-of-dead\/"]}]},{"@type":"BreadcrumbList","@id":"https:\/\/casinolion.ca\/online-slots\/legacy-of-dead\/#breadcrumb","itemListElement":[{"@type":"ListItem","position":1,"name":"Home","item":"https:\/\/casinolion.ca\/"},{"@type":"ListItem","position":2,"name":"Recommended Canadian Slots Sites","item":"https:\/\/casinolion.ca\/online-slots\/"},{"@type":"ListItem","position":3,"name":"Legacy of Dead"}]},{"@type":"WebSite","@id":"https:\/\/casinolion.ca\/fr\/#website","url":"https:\/\/casinolion.ca\/fr\/","name":"","description":"","potentialAction":[{"@type":"SearchAction","target":{"@type":"EntryPoint","urlTemplate":"https:\/\/casinolion.ca\/fr\/?s={search_term_string}"},"query-input":{"@type":"PropertyValueSpecification","valueRequired":true,"valueName":"search_term_string"}}],"inLanguage":"fr-CA"}]}},"_links":{"self":[{"href":"https:\/\/casinolion.ca\/fr\/wp-json\/wp\/v2\/pages\/11010","targetHints":{"allow":["GET"]}}],"collection":[{"href":"https:\/\/casinolion.ca\/fr\/wp-json\/wp\/v2\/pages"}],"about":[{"href":"https:\/\/casinolion.ca\/fr\/wp-json\/wp\/v2\/types\/page"}],"author":[{"embeddable":true,"href":"https:\/\/casinolion.ca\/fr\/wp-json\/wp\/v2\/users\/1"}],"replies":[{"embeddable":true,"href":"https:\/\/casinolion.ca\/fr\/wp-json\/wp\/v2\/comments?post=11010"}],"version-history":[{"count":0,"href":"https:\/\/casinolion.ca\/fr\/wp-json\/wp\/v2\/pages\/11010\/revisions"}],"up":[{"embeddable":true,"href":"https:\/\/casinolion.ca\/fr\/wp-json\/wp\/v2\/pages\/455"}],"wp:attachment":[{"href":"https:\/\/casinolion.ca\/fr\/wp-json\/wp\/v2\/media?parent=11010"}],"curies":[{"name":"wp","href":"https:\/\/api.w.org\/{rel}","templated":true}]}}