
{"id":11011,"date":"2020-06-03T06:31:24","date_gmt":"2020-06-03T06:31:24","guid":{"rendered":"https:\/\/www.canadiancasinos.ca\/?page_id=11011"},"modified":"2024-06-22T08:27:19","modified_gmt":"2024-06-22T08:27:19","slug":"gonzos-quest","status":"publish","type":"page","link":"https:\/\/casinolion.ca\/fr\/online-slots\/gonzos-quest\/","title":{"rendered":"Gonzo's Quest"},"content":{"rendered":"<p><div id=\"PlayFreeGame\" class=\"game_box\" style=\"padding-bottom: 75%; margin-bottom: 30px; background-size:cover; background-repeat:no-repeat;background-color:  #d24d57; background-image: url('https:\/\/a1.lcb.org\/system\/modules\/game\/images\/attachments\/000\/333\/191\/original\/GonzosQuestMegaways1.jpg?1593065688');\">\n                        <i class=\"fas fa-play-circle\"><\/i>\n                     <\/div>\n                     <script>\n                        let iframe = '<iframe loading=\"lazy\" src=\"https:\/\/slotslaunch.com\/iframe\/4423?token=rvgmcR4z0DADcCv3Hy0pVy9HQf7iaZ9tGNS9qWMaoIJPRjmw38\" width=\"930\" height=\"576\" frameborder=\"0\" allowTransparency=\"true\" bgcolor=\"#FFFFFF\" style=\"background-color: black;\"><\/iframe>';\n                        let holder = document.querySelector(\"#PlayFreeGame\");\n                        holder.addEventListener(\"click\", function(){\n                            holder.innerHTML = iframe;\n                        });\n                    <\/script><h2 id=\"Gonzos-Quest-Megaways-data-and-features\">Gonzos Quest Megaways Donn\u00e9es et caract\u00e9ristiques<\/h2>\n                <table class=\"tablepress\">\n                    <tbody><tr><td><strong>Enrouleurs<\/strong><\/td><td>6<\/td><\/tr><tr><td><strong>Lignes de paiement<\/strong><\/td><td>32767<\/td><\/tr><tr><td><strong>Pourcentage de paiement<\/strong><\/td><td>95.770<\/td><\/tr><tr><td><strong>Symbole Wild<\/strong><\/td><td>Oui<\/td><\/tr><tr><td><strong>Multiplicateur<\/strong><\/td><td>Oui<\/td><\/tr><tr><td><strong>Gamme de paris<\/strong><\/td><td>0.1 - 4<\/td><\/tr><tr><td><strong>Plage de mise des pi\u00e8ces<\/strong><\/td><td>0.01 - 0.4<\/td><\/tr><tr><td><strong>Pi\u00e8ces par ligne<\/strong><\/td><td>1<\/td><\/tr><tr><td><strong>Progressif<\/strong><\/td><td>Non<\/td><\/tr><tr><td><strong>Pi\u00e8ces maximales<\/strong><\/td><td>0.4<\/td><\/tr><tr><td><strong>Symbole Scatter<\/strong><\/td><td>Non<\/td><\/tr><tr><td><strong>Tours gratuits disponibles<\/strong><\/td><td>Oui<\/td><\/tr><tr><td><strong>Jeu bonus<\/strong><\/td><td>Oui<\/td><\/tr><tr><td><strong>Acheter la fonctionnalit\u00e9<\/strong><\/td><td>Non<\/td><\/tr><tr><td><strong>Th\u00e8me du jeu<\/strong><\/td><td>Aventure, Azt\u00e8que, Jungle<\/td><\/tr><tr><td><strong>Volatilit\u00e9<\/strong><\/td><td>Haut<\/td><\/tr><\/tbody><\/table><br \/>\n<center><a class=\"btn primary\" href=\"https:\/\/casinolion.ca\/fr\/visit\/leo-vegas\/\" target=\"_blank\" rel=\"nofollow noopener noreferrer\">Jouer \u00e0 Gonzo's Quest pour de l'argent r\u00e9el<\/a><\/center><\/p>\n<p><strong><em>Verdict rapide : Gonzo's Quest de NetEnt est une machine \u00e0 sous en ligne passionnante et tr\u00e8s demand\u00e9e qui est sur le march\u00e9 depuis pr\u00e8s de dix ans. Il a connu le succ\u00e8s gr\u00e2ce \u00e0 l'attention extr\u00eame qu'il porte aux d\u00e9tails et \u00e0 son th\u00e8me historique. <\/em><\/strong><\/p>\n<p><strong><em>Le jeu a une disposition 5\u00d73 avec 20 lignes de paiement, un gameplay simple et de nombreuses fonctions bonus. Avec un RTP moyen de 96%, Gonzo's Quest peut g\u00e9n\u00e9rer des gains \u00e9tonnamment \u00e9lev\u00e9s.<\/em><\/strong><\/p>\n<h2>L'histoire de Gonzo's Quest<\/h2>\n<p>Avant le d\u00e9but du jeu, les joueurs peuvent regarder une courte vid\u00e9o de pr\u00e9sentation de Gonzo dans sa qu\u00eate d'Eldorado, la cit\u00e9 d'or perdue. Si vous connaissez l'histoire d'Eldorado, vous savez qu'elle repr\u00e9sente la recherche de la richesse et du bonheur.<\/p>\n<p>Le th\u00e8me historique est r\u00e9current puisque le jeu se d\u00e9roule au XVIe si\u00e8cle. Une fois l'introduction termin\u00e9e, Gonzo prend place \u00e0 c\u00f4t\u00e9 des rouleaux du jeu et vous aide \u00e0 c\u00e9l\u00e9brer vos gains. Gonzo n'influence pas les tours gratuits, ni aucune autre fonction du jeu, mais vous encourage simplement dans votre voyage.<\/p>\n<p>Le jeu est appr\u00e9ci\u00e9 pour son histoire bas\u00e9e sur l'ancienne civilisation Inca. Outre le cadre de l'histoire, les joueurs appr\u00e9cient les graphismes et la conception g\u00e9n\u00e9rale du jeu. Si vous aimez les jeux qui s'accompagnent d'une histoire, vous devriez opter pour <em>Gonzo's Quest<\/em> et son histoire unique.<\/p>\n<h2>Visuels et effets sonores<\/h2>\n<p>Les visuels et les effets sonores du jeu ne pr\u00e9sentent aucun point n\u00e9gatif. Au contraire, c'est ce qui fait la force du jeu. <em>Gonzo's Quest<\/em> une machine \u00e0 sous en ligne de premier ordre. Le logiciel est mis \u00e0 jour r\u00e9guli\u00e8rement, la derni\u00e8re mise \u00e0 jour a \u00e9t\u00e9 publi\u00e9e en mai 2020, vous pouvez donc vous attendre \u00e0 un jeu ininterrompu.<\/p>\n<p>Les effets sonores sont parfaits : vous pouvez entendre les blocs tomber sur les rouleaux et les sons distinctifs des combinaisons gagnantes. Comme les cr\u00e9ateurs ont pr\u00eat\u00e9 attention aux moindres d\u00e9tails du jeu, vous rencontrerez d'agr\u00e9ables surprises \u00e0 presque tous les coins de rue.<\/p>\n<p>Le jeu est rapide et palpitant, avec de nombreuses fonctionnalit\u00e9s diff\u00e9rentes qui rendent ce jeu passionnant. Comme beaucoup d'autres jeux NetEnt, <em>Gonzo's Quest<\/em> est un m\u00e9lange exceptionnel de graphismes et de sons de haute qualit\u00e9 qui incitera tous les joueurs \u00e0 en redemander.<\/p>\n<h2>L'accent mis sur la jouabilit\u00e9<\/h2>\n<p>Le jeu est con\u00e7u selon une disposition standard de 5\u00d73, avec 20 lignes de paiement non ajustables. Il comporte sept symboles repr\u00e9sentant des personnages anciens. En plus des sept symboles habituels, vous trouverez un <em>Sauvages<\/em> symbole et <em>Chutes libres<\/em> symboles.<\/p>\n<p>De plus, le jeu propose une fonctionnalit\u00e9 int\u00e9ressante, appel\u00e9e le <em>Avalanche<\/em>, au lieu des rouleaux classiques. \u201cPourquoi cette fonction est-elle int\u00e9ressante ? Eh bien, les symboles tombent sur les rouleaux depuis le haut pour former une combinaison gagnante qui est finalement d\u00e9truite. Si cela vous semble confus, ne vous inqui\u00e9tez pas, il y a beaucoup plus \u00e0 faire.<\/p>\n<p>Une fois la combinaison gagnante d\u00e9truite, de nouveaux symboles apparaissent et le multiplicateur augmente. Les joueurs peuvent s'attendre \u00e0 un multiplicateur maximum de 5x, mais ils obtiendront probablement un multiplicateur de 2x ou 3x. Cependant, le multiplicateur de 5x n'est pas le nombre maximum lorsqu'il s'agit du jeu de la <em>Chutes libres<\/em> caract\u00e9ristiques. Mais nous y reviendrons plus tard.<\/p>\n<p>En outre, le <em>Avalanche <\/em>permet de remporter plusieurs victoires cons\u00e9cutives au cours d'un m\u00eame tour.<\/p>\n<p>Il est difficile de dire si <em>Gonzo's Quest<\/em> aurait gagn\u00e9 une telle popularit\u00e9 si ce n'\u00e9tait pas pour la <em>Avalanche <\/em>caract\u00e9ristique. Cette composante apporte vraiment un nouveau niveau d'excitation au jeu.<\/p>\n<h2>Autres fonctions bonus et tours gratuits<\/h2>\n<p>Comme indiqu\u00e9, <em>Gonzo's Quest<\/em> ne l\u00e9sine pas sur les bonus. Outre les <em>Avalanche <\/em>vous pouvez vous attendre \u00e0 quelques bonus suppl\u00e9mentaires, dont le <em>Symbole Wilds<\/em> et des tours gratuits.<\/p>\n<p>Le <em>Sauvages <\/em>appara\u00eet de fa\u00e7on al\u00e9atoire dans le jeu et imite tous les autres symboles, y compris le symbole <em>Chutes libres<\/em>. En recevant ce symbole, vous maximiserez vos gains sur les 20 lignes de paiement.<\/p>\n<p>En obtenant au moins trois <em>Chutes libres<\/em> sur une ligne de paiement, vous recevrez dix tours gratuits suppl\u00e9mentaires ou chutes gratuites, comme Gonzo les appelle. Si vous obtenez trois symboles ou plus sur deux lignes de paiement distinctes, vous obtiendrez 20 tours gratuits.<\/p>\n<p>Ce qui rend la fonction de tours gratuits int\u00e9ressante, c'est qu'elle s'accompagne d'une animation de Gonzo au cours de l'une de ses aventures. Cette fonction ne se produit pas souvent, alors quand elle se produit, utilisez-la \u00e0 bon escient.<\/p>\n<p>M\u00eame si <em>Gonzo's Quest<\/em> n'est pas dot\u00e9 d'un jackpot progressif, vous pouvez n\u00e9anmoins gagner des sommes \u00e9tonnamment \u00e9lev\u00e9es. 187 500 est le nombre maximum de pi\u00e8ces que vous pouvez gagner. Ainsi, en misant $50, vous pouvez encaisser $93,750 par ligne.<\/p>\n<h2>Gonzo's Quest RTP%<\/h2>\n<p>Le retour au joueur (RTP) de Gonzo, qui est de 96%, est consid\u00e9r\u00e9 comme moyen dans le monde des machines \u00e0 sous en ligne.<\/p>\n<p>En ce qui concerne la variance, on peut dire que <em>Gonzo's Quest<\/em> est un jeu \u00e0 variance moyenne. Si vous n'\u00eates pas s\u00fbr de ce que signifie le terme <em>variance <\/em>En d'autres termes, il s'agit de la fr\u00e9quence et de l'importance des gains. En <em>Gonzo's Quest<\/em>, Les gains sont attribu\u00e9s \u00e0 une fr\u00e9quence moyenne et sont de taille moyenne.<\/p>\n<p>Par cons\u00e9quent, si vous jouez aux machines \u00e0 sous exclusivement pour gagner des sommes d'argent consid\u00e9rables, vous devrez peut-\u00eatre rechercher un jeu dont le RTP est plus \u00e9lev\u00e9. En revanche, si vous \u00eates int\u00e9ress\u00e9 par <em>Gonzo's Quest<\/em>, Le RTP augmente de temps en temps, il faut donc \u00eatre patient.<\/p>\n<h2>R\u00e9flexions finales<\/h2>\n<p><em>Gonzo's Quest<\/em> est l'un des jeux les plus populaires de NetEnt, et ce pour de bonnes raisons. Les graphismes et les animations accrocheurs sont une \u0153uvre d'art que tous les joueurs appr\u00e9cieront. De plus, la pr\u00e9sence de Gonzo pour vous encourager est quelque chose que peu de machines \u00e0 sous en ligne ont, ce qui rend ce jeu vraiment unique.<\/p>\n<p>En outre, le <em>Avalanche <\/em>est ce qui a permis \u00e0 ce jeu de briller sur la sc\u00e8ne comp\u00e9titive des machines \u00e0 sous en ligne. Gr\u00e2ce \u00e0 ce symbole et \u00e0 d'autres bonus, <em>Gonzo's Quest<\/em> ne manque pas de piquant.<\/p>\n<p>Le seul inconv\u00e9nient que nous mentionnerons est que le <em>Spins gratuits<\/em> n'appara\u00eet pas aussi souvent que certains joueurs le souhaiteraient. Nous esp\u00e9rons que cela changera avec les prochaines mises \u00e0 jour.<\/p>\n<p>Dans l'ensemble, <em>Gonzo's Quest<\/em> est un jeu magnifiquement con\u00e7u et divertissant que les joueurs appr\u00e9cient encore r\u00e9guli\u00e8rement, m\u00eame si ses d\u00e9buts remontent \u00e0 plus de neuf ans.<\/p>","protected":false},"excerpt":{"rendered":"<p>Play Gonzo&#8217;s Quest for Real Money Quick verdict: Gonzo\u2019s Quest from NetEnt is a thrilling, highly requested online slot game that has been on the market for almost ten years. It became successful thanks to its extreme attention to detail and historical theme. The game has a 5&#215;3 layout with 20 paylines, simple gameplay, and [&hellip;]<\/p>","protected":false},"author":1,"featured_media":0,"parent":455,"menu_order":0,"comment_status":"closed","ping_status":"closed","template":"","meta":{"_acf_changed":false,"footnotes":""},"class_list":["post-11011","page","type-page","status-publish","hentry"],"acf":[],"yoast_head":"<!-- This site is optimized with the Yoast SEO plugin v26.1.1 - https:\/\/yoast.com\/wordpress\/plugins\/seo\/ -->\n<title>Gonzo&#039;s Quest Slot Review | Play for Free or Real Money<\/title>\n<meta name=\"robots\" content=\"index, follow, max-snippet:-1, max-image-preview:large, max-video-preview:-1\" \/>\n<link rel=\"canonical\" href=\"https:\/\/casinolion.ca\/fr\/online-slots\/gonzos-quest\/\" \/>\n<meta property=\"og:locale\" content=\"fr_CA\" \/>\n<meta property=\"og:type\" content=\"article\" \/>\n<meta property=\"og:title\" content=\"Gonzo&#039;s Quest Slot Review | Play for Free or Real Money\" \/>\n<meta property=\"og:description\" content=\"Play Gonzo&#8217;s Quest for Real Money Quick verdict: Gonzo\u2019s Quest from NetEnt is a thrilling, highly requested online slot game that has been on the market for almost ten years. It became successful thanks to its extreme attention to detail and historical theme. The game has a 5&#215;3 layout with 20 paylines, simple gameplay, and [&hellip;]\" \/>\n<meta property=\"og:url\" content=\"https:\/\/casinolion.ca\/fr\/online-slots\/gonzos-quest\/\" \/>\n<meta property=\"article:modified_time\" content=\"2024-06-22T08:27:19+00:00\" \/>\n<meta name=\"twitter:card\" content=\"summary_large_image\" \/>\n<meta name=\"twitter:label1\" content=\"Estimation du temps de lecture\" \/>\n\t<meta name=\"twitter:data1\" content=\"5 minutes\" \/>\n<script type=\"application\/ld+json\" class=\"yoast-schema-graph\">{\"@context\":\"https:\/\/schema.org\",\"@graph\":[{\"@type\":\"WebPage\",\"@id\":\"https:\/\/casinolion.ca\/online-slots\/gonzos-quest\/\",\"url\":\"https:\/\/casinolion.ca\/online-slots\/gonzos-quest\/\",\"name\":\"Gonzo's Quest Slot Review | Play for Free or Real Money\",\"isPartOf\":{\"@id\":\"https:\/\/casinolion.ca\/fr\/#website\"},\"datePublished\":\"2020-06-03T06:31:24+00:00\",\"dateModified\":\"2024-06-22T08:27:19+00:00\",\"breadcrumb\":{\"@id\":\"https:\/\/casinolion.ca\/online-slots\/gonzos-quest\/#breadcrumb\"},\"inLanguage\":\"fr-CA\",\"potentialAction\":[{\"@type\":\"ReadAction\",\"target\":[\"https:\/\/casinolion.ca\/online-slots\/gonzos-quest\/\"]}]},{\"@type\":\"BreadcrumbList\",\"@id\":\"https:\/\/casinolion.ca\/online-slots\/gonzos-quest\/#breadcrumb\",\"itemListElement\":[{\"@type\":\"ListItem\",\"position\":1,\"name\":\"Home\",\"item\":\"https:\/\/casinolion.ca\/\"},{\"@type\":\"ListItem\",\"position\":2,\"name\":\"Recommended Canadian Slots Sites\",\"item\":\"https:\/\/casinolion.ca\/online-slots\/\"},{\"@type\":\"ListItem\",\"position\":3,\"name\":\"Gonzo&#8217;s Quest\"}]},{\"@type\":\"WebSite\",\"@id\":\"https:\/\/casinolion.ca\/fr\/#website\",\"url\":\"https:\/\/casinolion.ca\/fr\/\",\"name\":\"\",\"description\":\"\",\"potentialAction\":[{\"@type\":\"SearchAction\",\"target\":{\"@type\":\"EntryPoint\",\"urlTemplate\":\"https:\/\/casinolion.ca\/fr\/?s={search_term_string}\"},\"query-input\":{\"@type\":\"PropertyValueSpecification\",\"valueRequired\":true,\"valueName\":\"search_term_string\"}}],\"inLanguage\":\"fr-CA\"}]}<\/script>\n<!-- \/ Yoast SEO plugin. -->","yoast_head_json":{"title":"Gonzo's Quest Slot Review - Jouer gratuitement ou avec de l'argent r\u00e9el","robots":{"index":"index","follow":"follow","max-snippet":"max-snippet:-1","max-image-preview":"max-image-preview:large","max-video-preview":"max-video-preview:-1"},"canonical":"https:\/\/casinolion.ca\/fr\/online-slots\/gonzos-quest\/","og_locale":"fr_CA","og_type":"article","og_title":"Gonzo's Quest Slot Review | Play for Free or Real Money","og_description":"Play Gonzo&#8217;s Quest for Real Money Quick verdict: Gonzo\u2019s Quest from NetEnt is a thrilling, highly requested online slot game that has been on the market for almost ten years. It became successful thanks to its extreme attention to detail and historical theme. The game has a 5&#215;3 layout with 20 paylines, simple gameplay, and [&hellip;]","og_url":"https:\/\/casinolion.ca\/fr\/online-slots\/gonzos-quest\/","article_modified_time":"2024-06-22T08:27:19+00:00","twitter_card":"summary_large_image","twitter_misc":{"Estimation du temps de lecture":"5 minutes"},"schema":{"@context":"https:\/\/schema.org","@graph":[{"@type":"WebPage","@id":"https:\/\/casinolion.ca\/online-slots\/gonzos-quest\/","url":"https:\/\/casinolion.ca\/online-slots\/gonzos-quest\/","name":"Gonzo's Quest Slot Review - Jouer gratuitement ou avec de l'argent r\u00e9el","isPartOf":{"@id":"https:\/\/casinolion.ca\/fr\/#website"},"datePublished":"2020-06-03T06:31:24+00:00","dateModified":"2024-06-22T08:27:19+00:00","breadcrumb":{"@id":"https:\/\/casinolion.ca\/online-slots\/gonzos-quest\/#breadcrumb"},"inLanguage":"fr-CA","potentialAction":[{"@type":"ReadAction","target":["https:\/\/casinolion.ca\/online-slots\/gonzos-quest\/"]}]},{"@type":"BreadcrumbList","@id":"https:\/\/casinolion.ca\/online-slots\/gonzos-quest\/#breadcrumb","itemListElement":[{"@type":"ListItem","position":1,"name":"Home","item":"https:\/\/casinolion.ca\/"},{"@type":"ListItem","position":2,"name":"Recommended Canadian Slots Sites","item":"https:\/\/casinolion.ca\/online-slots\/"},{"@type":"ListItem","position":3,"name":"Gonzo&#8217;s Quest"}]},{"@type":"WebSite","@id":"https:\/\/casinolion.ca\/fr\/#website","url":"https:\/\/casinolion.ca\/fr\/","name":"","description":"","potentialAction":[{"@type":"SearchAction","target":{"@type":"EntryPoint","urlTemplate":"https:\/\/casinolion.ca\/fr\/?s={search_term_string}"},"query-input":{"@type":"PropertyValueSpecification","valueRequired":true,"valueName":"search_term_string"}}],"inLanguage":"fr-CA"}]}},"_links":{"self":[{"href":"https:\/\/casinolion.ca\/fr\/wp-json\/wp\/v2\/pages\/11011","targetHints":{"allow":["GET"]}}],"collection":[{"href":"https:\/\/casinolion.ca\/fr\/wp-json\/wp\/v2\/pages"}],"about":[{"href":"https:\/\/casinolion.ca\/fr\/wp-json\/wp\/v2\/types\/page"}],"author":[{"embeddable":true,"href":"https:\/\/casinolion.ca\/fr\/wp-json\/wp\/v2\/users\/1"}],"replies":[{"embeddable":true,"href":"https:\/\/casinolion.ca\/fr\/wp-json\/wp\/v2\/comments?post=11011"}],"version-history":[{"count":0,"href":"https:\/\/casinolion.ca\/fr\/wp-json\/wp\/v2\/pages\/11011\/revisions"}],"up":[{"embeddable":true,"href":"https:\/\/casinolion.ca\/fr\/wp-json\/wp\/v2\/pages\/455"}],"wp:attachment":[{"href":"https:\/\/casinolion.ca\/fr\/wp-json\/wp\/v2\/media?parent=11011"}],"curies":[{"name":"wp","href":"https:\/\/api.w.org\/{rel}","templated":true}]}}