
{"id":11116,"date":"2020-06-11T05:51:45","date_gmt":"2020-06-11T05:51:45","guid":{"rendered":"https:\/\/www.canadiancasinos.ca\/?page_id=11116"},"modified":"2024-03-29T14:27:17","modified_gmt":"2024-03-29T14:27:17","slug":"cryptocurrency-casinos","status":"publish","type":"page","link":"https:\/\/casinolion.ca\/fr\/cryptocurrency-casinos\/","title":{"rendered":"Casinos en crypto-monnaie"},"content":{"rendered":"<p>Les crypto-monnaies existent depuis plus d'une d\u00e9cennie et se sont r\u00e9v\u00e9l\u00e9es \u00eatre une alternative viable \u00e0 la monnaie fiduciaire. Il \u00e9tait donc naturel que les casinos en ligne adoptent les crypto-monnaies comme m\u00e9thode de paiement, comme l'ont fait de nombreuses autres entreprises en ligne.<\/p>\n<p>Aujourd'hui, de nombreux casinos en ligne vous offrent la possibilit\u00e9 de d\u00e9poser ou de retirer de l'argent en <a href=\"https:\/\/casinolion.ca\/fr\/bitcoin-casinos\/\">Bitcoin<\/a>, <a href=\"https:\/\/casinolion.ca\/fr\/ethereum-casinos\/\">Etherium<\/a>, <a href=\"https:\/\/casinolion.ca\/fr\/ripple-casinos\/\">Ondulation<\/a>, <a href=\"https:\/\/casinolion.ca\/fr\/litecoin-casinos\/\">Litecoin<\/a>, et de nombreuses autres crypto-monnaies bien connues. Dans cette optique, vous vous interrogez probablement sur les casinos en crypto-monnaie, c'est-\u00e0-dire les casinos qui utilisent les crypto-monnaies en plus ou \u00e0 la place de la monnaie fiduciaire.<\/p>\n<p>C'est pourquoi nous avons voulu expliquer en d\u00e9tail le fonctionnement des crypto-casinos, leurs avantages et bien d'autres choses encore. \u00c0 la fin de ce guide, vous disposerez de toutes les informations n\u00e9cessaires pour d\u00e9cider si les crypto-casinos sont le bon choix pour vous.<\/p>\n<h2>Quels sont les casinos en ligne qui acceptent les crypto-monnaies ?<\/h2>\n<div class=\"casinoTable bankingTbl\" id=\"bankingTbl-37130\">\n                            <div id=\"bankingTbl-37130-casino-list\" class=\"banking-list-holder\"><\/div><!-- List end -->\n                            <div class=\"banking-list-load-options\">\n                                <div id=\"loader-holder-37130\" style=\"display:none\">\n                                    <img decoding=\"async\" class=\"skip-lazy loading-gif\" src=\"\/wp-content\/themes\/sportsbook\/images\/icons\/loader.svg\" alt=\"Chargeur\" \/>\n                                <\/div><div id=\"load-options-37130\" class=\"load-additional-options\">\n                            <button type=\"button\" class=\"load-additional-options_more\" id=\"load-more-casinos-37130\" onclick=\"showCasinosNew37130()\">En savoir plus <i class=\"fal fa-chevron-down\"><\/i><\/button>\n                        <\/div> <\/div>\n                        <\/div>\n                        <script type=\"text\/javascript\">\n                            let isLoaded37130 = false;\n                            let casinosHolderNew37130 = document.querySelector(\"#bankingTbl-37130-casino-list\");\n                            loadCasinosNew37130 = (loadedNo) => {\n                                let limit = \"\";\n                                let bankingId = [\"155\",\"166\",\"174\",\"179\",\"180\",\"182\",\"190\",\"196\",\"198\",\"212\",\"213\",\"221\",\"224\",\"228\",\"236\",\"240\",\"245\",\"246\",\"251\",\"253\",\"255\",\"272\",\"290\",\"295\",\"303\",\"311\"];\n                                let params = {\n                                    layout: \"\",\n                                    applyOnt: \"\",\n                                    new: \"false\",\n                                    bankingId: bankingId,\n                                    limit: limit\n                                }\n                                \n                                let jsonData = JSON.stringify(params);\n\n                                let xhr = new XMLHttpRequest();\n\n                                let url = \"\/wp-content\/themes\/sportsbook\/includes\/ajax\/cryptoCasinos.php\";\n                                xhr.open(\"POST\", url, true);\n                                xhr.setRequestHeader(\"Content-Type\", \"application\/json\");\n                                xhr.onloadstart = function(){\n                                    document.getElementById(\"loader-holder-37130\").style.display = \"block\";\n                                    if(document.getElementById(\"load-options-37130\")) document.getElementById(\"load-options-37130\").style.display = \"none\";\n                                }\n                                xhr.onloadend = function(){\n                                    document.getElementById(\"loader-holder-37130\").style.display = \"none\";\n                                    if(document.getElementById(\"load-options-37130\")) document.getElementById(\"load-options-37130\").style.display = \"flex\";\n                                }\n                                xhr.onreadystatechange = function() {\n                                    if (xhr.readyState === 4 && xhr.status === 200) {\n                                        let response = xhr.responseText;\n                                        casinosHolderNew37130.innerHTML += response;\n                                        if(document.querySelectorAll(`#bankingTbl-37130 .casino-box-enhanced`).length < 20){\n                                            if(document.getElementById(\"load-options-37130\")) document.getElementById(\"load-options-37130\").remove();\n                                        }\n                                    }\n                                };\n                                xhr.send(jsonData);\n                            }\n                            window.addEventListener(\"scroll\", function(){\n                                if(isLoaded37130 === false){\n                                    loadCasinosNew37130(0);\n                                    isLoaded37130 = true;\n                                }\n                            });\n                            showCasinosNew37130 = () => {\n                                let currentlyHidden = document.querySelectorAll(`#bankingTbl-37130 .casino-box-enhanced.hidden-casino`);\n                                if(currentlyHidden.length < 20){\n                                    for(let ch of currentlyHidden){\n                                        ch.classList.remove(\"hidden-casino\")\n                                    }\n                                    document.getElementById(\"load-options-37130\").remove();\n                                } else{\n                                    for (let i = 0; i < 20; i++){\n                                        currentlyHidden[i].classList.remove(\"hidden-casino\");\n                                    }\n                                }\n                            }<\/script>\n<h2>Les casinos en crypto-monnaie expliqu\u00e9s<\/h2>\n<p>Tout d'abord, les casinos en crypto-monnaie ne sont pas compliqu\u00e9s. Ces casinos n'ont rien de diff\u00e9rent, si ce n'est qu'ils vous offrent la possibilit\u00e9 d'effectuer des transactions en utilisant des crypto-monnaies.<\/p>\n<p>La \u201ccomplication\u201d vient du fait que de nombreuses personnes ont du mal \u00e0 comprendre le concept des crypto-monnaies. Cependant, la bonne nouvelle est que vous n'avez pas besoin de les comprendre pour pouvoir les utiliser dans les casinos en ligne.<\/p>\n<p>Tout ce qu'il faut savoir, c'est qu'elles peuvent constituer une option viable, et souvent bien meilleure que la monnaie ordinaire. Plus important encore, les crypto-monnaies (du moins les plus populaires et les plus utilis\u00e9es) sont enti\u00e8rement s\u00fbres et offrent une m\u00e9thode s\u00e9curis\u00e9e et anonyme pour les transactions financi\u00e8res. Cela peut \u00eatre particuli\u00e8rement utile pour ceux qui vivent dans des pays o\u00f9 les casinos en ligne ne sont pas totalement l\u00e9gaux ou sont, au minimum, mal vus.<\/p>\n<p>Les transactions en crypto-monnaies sont enti\u00e8rement priv\u00e9es, les frais sont faibles et les limites de transaction sont \u00e9lev\u00e9es. Elles sont donc parfaites pour les casinos en ligne, tout comme pour de nombreuses autres entreprises en ligne.<\/p>\n<h3>Est-il l\u00e9gal de jouer en ligne avec des crypto-monnaies ?<\/h3>\n<p>La plupart des gens se demandent si les jeux d'argent avec les crypto-monnaies sont l\u00e9gaux ou non. C'est une question l\u00e9gitime, car il y a des endroits dans le monde o\u00f9 c'est ill\u00e9gal.<\/p>\n<p>Toutefois, au Canada, les jeux d'argent utilisant des crypto-monnaies sont parfaitement l\u00e9gaux. Le Canada ne contr\u00f4le pas les crypto-monnaies, pas plus que les banques du pays. Cela signifie que l'utilisation des crypto-monnaies pour jouer dans les casinos en ligne est tout \u00e0 fait l\u00e9gale. Tant que vous \u00eates autoris\u00e9 \u00e0 rejoindre un casino en ligne qui propose les crypto-monnaies comme m\u00e9thode de paiement, vous n'avez pas \u00e0 craindre de lois vous emp\u00eachant de jouer avec des crypto-monnaies au Canada.<\/p>\n<p>La vraie question est de savoir si les jeux d'argent avec les crypto-monnaies sont, en soi, s\u00fbrs. Naturellement, comme il existe de nombreuses crypto-monnaies dans le monde, il pourrait y avoir des probl\u00e8mes potentiels. Heureusement, tous les casinos en ligne l\u00e9gitimes qui proposent des crypto-monnaies comme m\u00e9thode de paiement n'offrent que des crypto-monnaies fiables et largement utilis\u00e9es comme le Bitcoin, l'Etherium et plusieurs autres.<\/p>\n<p>Il n'y a donc aucune raison de craindre pour la s\u00e9curit\u00e9 de vos transactions en crypto-monnaies, car les casinos en ligne veillent \u00e0 ce qu'elles soient aussi s\u00fbres que toutes les autres transactions.<\/p>\n<h2>Avantages et inconv\u00e9nients des casinos en crypto-monnaie<\/h2>\n<p>Comme vous le savez peut-\u00eatre d\u00e9j\u00e0, l'utilisation des crypto-monnaies dans les casinos en ligne pr\u00e9sente de nombreux avantages. Cependant, il y a aussi quelques inconv\u00e9nients. Examinons donc de plus pr\u00e8s les avantages et les inconv\u00e9nients des crypto-casinos.<\/p>\n<p>Les avantages des casinos cryptographiques sont les suivants :<\/p>\n<h3>Vie priv\u00e9e<\/h3>\n<p>Tout d'abord, les jeux d'argent avec les crypto-monnaies sont totalement confidentiels, tout simplement parce que les crypto-monnaies fondent l'ensemble de leur fonctionnement sur la confidentialit\u00e9. Par exemple, les transactions en bitcoins peuvent \u00eatre retrac\u00e9es, mais elles ne peuvent pas \u00eatre reli\u00e9es \u00e0 une personne en particulier car elles sont anonymes. Monero, qui est souvent utilis\u00e9 par les crypto-casinos, est totalement intra\u00e7able.<\/p>\n<h3>Aucune v\u00e9rification n'est requise<\/h3>\n<p>\u00c9tant donn\u00e9 que les crypto-monnaies permettent des transactions transparentes, la plupart des casinos qui proposent des jeux en crypto-monnaies exigent moins d'informations sur les clients et fournissent des informations sur les clients. <a href=\"https:\/\/casinolion.ca\/fr\/no-verification-casinos-in-canada\/\">aucune v\u00e9rification n'est requise<\/a> pour pouvoir jouer.<\/p>\n<h3>S\u00e9curit\u00e9<\/h3>\n<p>Les jeux d'argent avec les crypto-monnaies sont enti\u00e8rement s\u00fbrs en raison de la fa\u00e7on dont la technologie blockchain est con\u00e7ue. Ceux qui connaissent la crypto-monnaie savent que la blockchain est sa partie inh\u00e9rente. Elle garantit que l'ensemble du march\u00e9 d'une crypto-monnaie donn\u00e9e est connect\u00e9. Ainsi, si une partie est alt\u00e9r\u00e9e, cela est imm\u00e9diatement visible sur la cha\u00eene.<\/p>\n<p>En fait, il est impossible de falsifier une transaction en bitcoin ou dans d'autres cryptomonnaies populaires, car chaque utilisateur fait partie de la m\u00eame cha\u00eene inviolable.<\/p>\n<h3>Pas de frais de transaction<\/h3>\n<p>Contrairement \u00e0 la plupart des autres m\u00e9thodes de paiement, l'utilisation des crypto-monnaies n'implique pas de frais. Les autres services de paiement ont presque toujours des frais, m\u00eame si le casino lui-m\u00eame n'en a pas. Cependant, les crypto-monnaies ne comportent pas de frais de transaction, c'est pourquoi la plupart des crypto-casinos n'en ont pas non plus.<\/p>\n<h3>Les meilleures chances<\/h3>\n<p>Tous les casinos en ligne r\u00e9alisent des b\u00e9n\u00e9fices gr\u00e2ce \u00e0 l'avantage de la maison. Pour ceux qui l'ignorent, il s'agit d'un moyen pour les casinos de s'assurer qu'ils gagnent toujours sur le long terme. Par essence, une personne peut gagner beaucoup, mais globalement, lorsque tous les jeux sont calcul\u00e9s, c'est toujours le casino qui l'emporte.<\/p>\n<p>La marge de la maison est \u00e9galement importante pour les joueurs, car plus elle est faible, plus le joueur a de chances de gagner. La marge de la maison est l\u00e9g\u00e8rement inf\u00e9rieure dans les casinos cryptographiques \u00e0 ce qu'elle est dans les casinos en ligne ordinaires. Par exemple, la marge de la maison varie entre 1% et 15%, mais dans les casinos Bitcoin, elle est g\u00e9n\u00e9ralement comprise entre 0,5% et 3%.<\/p>\n<p>Passons maintenant aux inconv\u00e9nients des crypto-casinos :<\/p>\n<p>Le seul v\u00e9ritable inconv\u00e9nient des crypto-casinos r\u00e9side dans le fait que les crypto-monnaies sont elles-m\u00eames tr\u00e8s volatiles. Contrairement aux monnaies fiduciaires, leur prix a tendance \u00e0 fluctuer consid\u00e9rablement, car il n'y a pas de banque centrale ou de r\u00e9serve pour maintenir leur prix stable.<\/p>\n<p>C'est \u00e0 la fois une b\u00e9n\u00e9diction et une mal\u00e9diction. En effet, m\u00eame si le prix d'une crypto-monnaie peut \u00eatre exceptionnellement bas un jour, il peut augmenter rapidement \u00e0 l'avenir. C'est pourquoi les crypto-monnaies sont la m\u00e9thode pr\u00e9f\u00e9r\u00e9e des joueurs qui souhaitent conserver leurs pi\u00e8ces avant de les \u00e9changer contre de la monnaie fiduciaire.<\/p>\n<h2>Diff\u00e9rences entre les casinos en crypto-monnaie et les casinos en monnaie fiduciaire<\/h2>\n<p>Comme nous l'avons d\u00e9j\u00e0 dit, il n'y a pas beaucoup de diff\u00e9rences entre les casinos en ligne ordinaires et ceux qui utilisent les crypto-monnaies, \u00e0 part la diff\u00e9rence de la monnaie elle-m\u00eame.<\/p>\n<p>La plupart des crypto-casinos utilisent \u00e9galement la monnaie fiduciaire comme option de paiement, de sorte que les limites entre les casinos en ligne traditionnels et les crypto-casinos sont souvent floues. C'est pourquoi il n'y a pas de diff\u00e9rences entre les deux.<\/p>\n<p>C'est \u00e0 vous de choisir la monnaie que vous utiliserez. Cependant, comme vous l'avez d\u00e9j\u00e0 vu, si vous envisagez d'utiliser les crypto-monnaies dans les casinos en ligne, vous obtiendrez de nombreux avantages et tr\u00e8s peu d'inconv\u00e9nients.<\/p>\n<h2>Comment commencer \u00e0 jouer dans un casino en crypto-monnaie ?<\/h2>\n<p>Jouer dans un crypto-casino est essentiellement la m\u00eame chose que dans un casino en monnaie fiduciaire, \u00e0 l'exception du processus suppl\u00e9mentaire consistant \u00e0 choisir la crypto-monnaie et \u00e0 disposer d'un portefeuille de crypto-monnaie.<\/p>\n<p>Voyons tout cela dans un guide simple, \u00e9tape par \u00e9tape :<\/p>\n<h3>1.    Acheter des crypto-monnaies<\/h3>\n<p>Avant de commencer \u00e0 jouer dans un casino en crypto-monnaie, vous devez acheter de la crypto-monnaie. La crypto exacte que vous choisissez devrait d\u00e9pendre de la monnaie num\u00e9rique que le casino utilise. Heureusement, la plupart des casinos utilisent \u00e0 peu pr\u00e8s les m\u00eames crypto-monnaies, c'est-\u00e0-dire les plus populaires et les plus largement accept\u00e9es comme le Bitcoin et l'Ethereum.<\/p>\n<p>Une fois que vous savez quelle crypto vous allez utiliser, vous pouvez l'acheter sur des sites d'\u00e9change en utilisant de la monnaie fiduciaire. Les sites d'\u00e9change les plus populaires sont Coinbase, Binance, Kraken et quelques autres.<\/p>\n<h3>2.    Cr\u00e9er un portefeuille \u00e9lectronique pour Crypto<\/h3>\n<p>Les sites d'\u00e9change ne servent qu'\u00e0 acheter des crypto-monnaies, et vous aurez besoin d'un endroit o\u00f9 les stocker en toute s\u00e9curit\u00e9. C'est l\u00e0 que les portefeuilles entrent en jeu, et il en existe plusieurs de confiance. Ceux fabriqu\u00e9s par Coinbase, Exodus, Breadwallet ou Copay sont les meilleures options.<\/p>\n<h3>3.    S'inscrire dans un bon casino Crypto et jouer<\/h3>\n<p>Naturellement, le casino que vous avez choisi doit offrir les crypto-monnaies que vous poss\u00e9dez, mais vous devez toujours vous concentrer sur la qualit\u00e9 du casino lui-m\u00eame en premier lieu. Une fois que vous en avez choisi un, vous devez vous inscrire et d\u00e9poser le montant de crypto que vous souhaitez utiliser.<\/p>\n<h2>Conclusion - Les casinos en crypto-monnaies sont-ils bons ?<\/h2>\n<p>Tout bien consid\u00e9r\u00e9, nous croyons fermement que les casinos cryptographiques sont excellents pour tous les joueurs du Canada et d'ailleurs. Cependant, c'est \u00e0 vous de d\u00e9cider s'ils sont un bon choix pour vous en particulier. Nous esp\u00e9rons que les informations fournies ici ont facilit\u00e9 ce choix !<\/p>\n<h2>FAQ<\/h2>\n<p><strong>Qu'est-ce qu'un crypto-casino ?<\/strong><\/p>\n<p>Un crypto-casino ressemble \u00e0 n'importe quel autre casino en ligne, \u00e0 la diff\u00e9rence qu'il propose des crypto-monnaies comme m\u00e9thode de paiement.<\/p>\n<p><strong>Les jeux d'argent utilisant des crypto-monnaies sont-ils s\u00fbrs ?<\/strong><\/p>\n<p>Comme vous pouvez le voir dans les explications de l'article, l'utilisation des crypto-monnaies pour les jeux d'argent est parfaitement s\u00fbre. Vous devez simplement vous assurer que le casino dans lequel vous jouez propose l'une des crypto-monnaies les plus populaires et que le casino lui-m\u00eame est digne de confiance.<\/p>\n<p><strong>Existe-t-il des casinos en ligne qui acceptent les crypto-monnaies ?<\/strong><\/p>\n<p>De plus en plus de casinos commencent \u00e0 accepter les crypto-monnaies comme m\u00e9thode de paiement, il n'est donc plus difficile de trouver un casino de qualit\u00e9 qui les accepte.<\/p>\n<p><strong>Puis-je jouer \u00e0 la plupart des jeux de casino dans les casinos en crypto-monnaie ?<\/strong><\/p>\n<p>Les crypto-casinos, pour autant qu'ils soient de grande qualit\u00e9, offrent une large gamme de jeux de casino provenant de fournisseurs de logiciels r\u00e9put\u00e9s, comme tous les autres casinos en ligne.<\/p>\n<p><strong>Comment puis-je retirer mes gains en crypto-monnaie ?<\/strong><\/p>\n<p>Vous pouvez retirer les gains en crypto-monnaies de la m\u00eame mani\u00e8re que vous le feriez avec n'importe quelle autre devise. Dans la plupart des cas, il suffit de se rendre sur la page bancaire et de choisir la crypto-monnaie comme m\u00e9thode de retrait. Le d\u00e9lai d'arriv\u00e9e des crypto-monnaies est g\u00e9n\u00e9ralement beaucoup plus court que pour les monnaies fiduciaires.<\/p>","protected":false},"excerpt":{"rendered":"<p>Les crypto-monnaies existent depuis plus d'une d\u00e9cennie et se sont r\u00e9v\u00e9l\u00e9es \u00eatre une alternative viable \u00e0 la monnaie fiduciaire. Dans ce contexte, il \u00e9tait tout \u00e0 fait naturel que les casinos en ligne adoptent les crypto-monnaies comme m\u00e9thode de paiement, comme l'ont fait de nombreuses autres entreprises en ligne. Aujourd'hui, de nombreux casinos en ligne vous offrent la possibilit\u00e9 de [...]<\/p>","protected":false},"author":1,"featured_media":0,"parent":0,"menu_order":14,"comment_status":"closed","ping_status":"closed","template":"","meta":{"_acf_changed":false,"footnotes":""},"class_list":["post-11116","page","type-page","status-publish","hentry"],"acf":[],"yoast_head":"<!-- This site is optimized with the Yoast SEO plugin v26.1.1 - https:\/\/yoast.com\/wordpress\/plugins\/seo\/ -->\n<title>Online Casinos that Accept Cryptocurrency in 2026 \u2714\ufe0f<\/title>\n<meta name=\"robots\" content=\"index, follow, max-snippet:-1, max-image-preview:large, max-video-preview:-1\" \/>\n<link rel=\"canonical\" href=\"https:\/\/casinolion.ca\/fr\/cryptocurrency-casinos\/\" \/>\n<meta property=\"og:locale\" content=\"fr_CA\" \/>\n<meta property=\"og:type\" content=\"article\" \/>\n<meta property=\"og:title\" content=\"Online Casinos that Accept Cryptocurrency in [year] \u2714\ufe0f\" \/>\n<meta property=\"og:description\" content=\"Cryptocurrencies have been around for more than a decade, and have proven themselves to be a viable alternative to fiat currency. With that being the case, it was only natural for online casinos to adopt crypto as a payment method, just like many other online businesses have. Today, many online casinos offer you the chance [&hellip;]\" \/>\n<meta property=\"og:url\" content=\"https:\/\/casinolion.ca\/fr\/cryptocurrency-casinos\/\" \/>\n<meta property=\"article:modified_time\" content=\"2024-03-29T14:27:17+00:00\" \/>\n<meta name=\"twitter:card\" content=\"summary_large_image\" \/>\n<meta name=\"twitter:label1\" content=\"Estimation du temps de lecture\" \/>\n\t<meta name=\"twitter:data1\" content=\"7 minutes\" \/>\n<script type=\"application\/ld+json\" class=\"yoast-schema-graph\">{\"@context\":\"https:\/\/schema.org\",\"@graph\":[{\"@type\":\"WebPage\",\"@id\":\"https:\/\/casinolion.ca\/cryptocurrency-casinos\/\",\"url\":\"https:\/\/casinolion.ca\/cryptocurrency-casinos\/\",\"name\":\"Online Casinos that Accept Cryptocurrency in [year] \u2714\ufe0f\",\"isPartOf\":{\"@id\":\"https:\/\/casinolion.ca\/fr\/#website\"},\"datePublished\":\"2020-06-11T05:51:45+00:00\",\"dateModified\":\"2024-03-29T14:27:17+00:00\",\"breadcrumb\":{\"@id\":\"https:\/\/casinolion.ca\/cryptocurrency-casinos\/#breadcrumb\"},\"inLanguage\":\"fr-CA\",\"potentialAction\":[{\"@type\":\"ReadAction\",\"target\":[\"https:\/\/casinolion.ca\/cryptocurrency-casinos\/\"]}]},{\"@type\":\"BreadcrumbList\",\"@id\":\"https:\/\/casinolion.ca\/cryptocurrency-casinos\/#breadcrumb\",\"itemListElement\":[{\"@type\":\"ListItem\",\"position\":1,\"name\":\"Home\",\"item\":\"https:\/\/casinolion.ca\/\"},{\"@type\":\"ListItem\",\"position\":2,\"name\":\"Cryptocurrency Casinos\"}]},{\"@type\":\"WebSite\",\"@id\":\"https:\/\/casinolion.ca\/fr\/#website\",\"url\":\"https:\/\/casinolion.ca\/fr\/\",\"name\":\"\",\"description\":\"\",\"potentialAction\":[{\"@type\":\"SearchAction\",\"target\":{\"@type\":\"EntryPoint\",\"urlTemplate\":\"https:\/\/casinolion.ca\/fr\/?s={search_term_string}\"},\"query-input\":{\"@type\":\"PropertyValueSpecification\",\"valueRequired\":true,\"valueName\":\"search_term_string\"}}],\"inLanguage\":\"fr-CA\"}]}<\/script>\n<!-- \/ Yoast SEO plugin. -->","yoast_head_json":{"title":"Casinos en ligne qui acceptent les crypto-monnaies en 2026 \u2714\ufe0f","robots":{"index":"index","follow":"follow","max-snippet":"max-snippet:-1","max-image-preview":"max-image-preview:large","max-video-preview":"max-video-preview:-1"},"canonical":"https:\/\/casinolion.ca\/fr\/cryptocurrency-casinos\/","og_locale":"fr_CA","og_type":"article","og_title":"Online Casinos that Accept Cryptocurrency in [year] \u2714\ufe0f","og_description":"Cryptocurrencies have been around for more than a decade, and have proven themselves to be a viable alternative to fiat currency. With that being the case, it was only natural for online casinos to adopt crypto as a payment method, just like many other online businesses have. Today, many online casinos offer you the chance [&hellip;]","og_url":"https:\/\/casinolion.ca\/fr\/cryptocurrency-casinos\/","article_modified_time":"2024-03-29T14:27:17+00:00","twitter_card":"summary_large_image","twitter_misc":{"Estimation du temps de lecture":"7 minutes"},"schema":{"@context":"https:\/\/schema.org","@graph":[{"@type":"WebPage","@id":"https:\/\/casinolion.ca\/cryptocurrency-casinos\/","url":"https:\/\/casinolion.ca\/cryptocurrency-casinos\/","name":"Casinos en ligne qui acceptent les crypto-monnaies en [ann\u00e9e] \u2714\ufe0f","isPartOf":{"@id":"https:\/\/casinolion.ca\/fr\/#website"},"datePublished":"2020-06-11T05:51:45+00:00","dateModified":"2024-03-29T14:27:17+00:00","breadcrumb":{"@id":"https:\/\/casinolion.ca\/cryptocurrency-casinos\/#breadcrumb"},"inLanguage":"fr-CA","potentialAction":[{"@type":"ReadAction","target":["https:\/\/casinolion.ca\/cryptocurrency-casinos\/"]}]},{"@type":"BreadcrumbList","@id":"https:\/\/casinolion.ca\/cryptocurrency-casinos\/#breadcrumb","itemListElement":[{"@type":"ListItem","position":1,"name":"Home","item":"https:\/\/casinolion.ca\/"},{"@type":"ListItem","position":2,"name":"Cryptocurrency Casinos"}]},{"@type":"WebSite","@id":"https:\/\/casinolion.ca\/fr\/#website","url":"https:\/\/casinolion.ca\/fr\/","name":"","description":"","potentialAction":[{"@type":"SearchAction","target":{"@type":"EntryPoint","urlTemplate":"https:\/\/casinolion.ca\/fr\/?s={search_term_string}"},"query-input":{"@type":"PropertyValueSpecification","valueRequired":true,"valueName":"search_term_string"}}],"inLanguage":"fr-CA"}]}},"_links":{"self":[{"href":"https:\/\/casinolion.ca\/fr\/wp-json\/wp\/v2\/pages\/11116","targetHints":{"allow":["GET"]}}],"collection":[{"href":"https:\/\/casinolion.ca\/fr\/wp-json\/wp\/v2\/pages"}],"about":[{"href":"https:\/\/casinolion.ca\/fr\/wp-json\/wp\/v2\/types\/page"}],"author":[{"embeddable":true,"href":"https:\/\/casinolion.ca\/fr\/wp-json\/wp\/v2\/users\/1"}],"replies":[{"embeddable":true,"href":"https:\/\/casinolion.ca\/fr\/wp-json\/wp\/v2\/comments?post=11116"}],"version-history":[{"count":0,"href":"https:\/\/casinolion.ca\/fr\/wp-json\/wp\/v2\/pages\/11116\/revisions"}],"wp:attachment":[{"href":"https:\/\/casinolion.ca\/fr\/wp-json\/wp\/v2\/media?parent=11116"}],"curies":[{"name":"wp","href":"https:\/\/api.w.org\/{rel}","templated":true}]}}