
{"id":11172,"date":"2020-06-18T08:20:05","date_gmt":"2020-06-18T08:20:05","guid":{"rendered":"https:\/\/www.canadiancasinos.ca\/?page_id=11172"},"modified":"2020-06-18T08:20:05","modified_gmt":"2020-06-18T08:20:05","slug":"are-online-casinos-better-than-real-casinos","status":"publish","type":"page","link":"https:\/\/casinolion.ca\/fr\/are-online-casinos-better-than-real-casinos\/","title":{"rendered":"Les casinos en ligne sont-ils meilleurs que les casinos r\u00e9els ?"},"content":{"rendered":"<p>Les casinos en ligne et les casinos terrestres pr\u00e9sentent un certain nombre d'avantages et d'inconv\u00e9nients. Les casinos terrestres offrent une atmosph\u00e8re palpitante et r\u00e9aliste. Cependant, si l'on prend en consid\u00e9ration le temps n\u00e9cessaire pour s'y rendre, ainsi que les frais de d\u00e9placement, les casinos terrestres ne sont pas toujours aussi attrayants que les casinos en ligne. <strong>la commodit\u00e9 et la grande diversit\u00e9 des options de jeu en ligne font des casinos en ligne la meilleure option.<\/strong>.<\/p>\n<p>Comme tout le monde ne vit pas dans les capitales mondiales du jeu, telles que Las Vegas ou Macao, les joueurs sont amen\u00e9s \u00e0 rejoindre divers casinos en ligne de premier ordre. Cet article vous guidera dans notre processus de r\u00e9flexion et vous expliquera pourquoi nous pensons que les casinos en ligne sont en train d'envahir l'industrie du jeu et de laisser les casinos r\u00e9els dans la poussi\u00e8re.<\/p>\n<h2>Casinos en ligne<\/h2>\n<p>En toute honn\u00eatet\u00e9, les casinos en ligne pr\u00e9sentent beaucoup plus d'avantages que d'inconv\u00e9nients. Alors, pour vous rapprocher de notre r\u00e9flexion, passons en revue les d\u00e9tails et notons tous les avantages que les casinos en ligne ont \u00e0 offrir.<\/p>\n<h3>Commodit\u00e9 et ambiance<\/h3>\n<p>Tout d'abord, les casinos en ligne peuvent \u00eatre jou\u00e9s depuis le confort de votre domicile \u00e0 n'importe quel moment de la journ\u00e9e, comme vous le savez. Cela vous permet d'\u00e9conomiser le temps pass\u00e9 \u00e0 vous rendre dans un casino terrestre et de r\u00e9duire vos d\u00e9penses. De nombreux joueurs doivent passer des heures en voiture pour se rendre dans un casino qui vaut la peine qu'on y consacre du temps et de l'argent.<\/p>\n<p>Il est compr\u00e9hensible que certains joueurs aient besoin d'\u00eatre plus convaincus que par le simple fait de dire que les casinos en ligne sont <em>pratique.<\/em> Les joueurs qui craignent de ne pas pouvoir profiter de l'atmosph\u00e8re palpitante des vrais casinos peuvent se rattraper en jouant \u00e0 de nombreux jeux avec croupiers en direct diffus\u00e9s depuis de vrais casinos ou studios dans le monde entier.<\/p>\n<p>Les jeux avec croupier en direct ont combl\u00e9 le foss\u00e9 entre les jeux de table en ligne et les jeux de table terrestres. La technologie a consid\u00e9rablement \u00e9volu\u00e9, ce qui permet de profiter plus facilement de l'excitation de jouer avec de vrais croupiers qui manipulent vos cartes. Alors, si vous avez peur de manquer quelque chose, ne le faites pas.<\/p>\n<h3>Abondance de jeux<\/h3>\n<p>Il n'est pas surprenant que les casinos en ligne offrent une plus grande vari\u00e9t\u00e9 de jeux que les casinos en dur. Cela s'explique par le fait qu'il est difficile d'installer des milliers de jeux de machines \u00e0 sous sur un ou deux \u00e9tages d'un casino. Le nombre de machines \u00e0 sous que l'on trouve dans les grands casinos du monde entier n'est m\u00eame pas une petite fraction de ce qui est possible dans un casino en ligne.<\/p>\n<p>C'est pourquoi les casinos en ligne bien \u00e9tablis proposent des milliers de jeux, notamment des machines \u00e0 sous, du vid\u00e9o poker, des jeux de table, des jeux avec croupier en direct et d'autres jeux sp\u00e9cialis\u00e9s. En outre, vous pouvez rapidement devenir multimillionnaire car les casinos en ligne proposent de nombreux jeux \u00e0 jackpot progressif. Qui plus est, ces jackpots sont mis \u00e0 jour quotidiennement, ce qui vous donne une chance de gagner de grosses sommes d'argent.<\/p>\n<p>De m\u00eame, certains casinos en ligne vous permettent d'essayer les jeux gratuitement. Comme vous le savez, ce n'est pas le cas dans un vrai casino. Jouer gratuitement est un excellent moyen de d\u00e9terminer si un casino en ligne r\u00e9pond \u00e0 vos besoins, car vous pouvez tester les jeux et am\u00e9liorer vos comp\u00e9tences en m\u00eame temps.<\/p>\n<h3>Des bonus et des promotions consid\u00e9rables<\/h3>\n<p>Le secteur des casinos en ligne est vaste et comp\u00e9titif. Comme dans toute industrie, les casinos en ligne s'efforcent d'attirer davantage d'utilisateurs. Ces casinos mettent continuellement \u00e0 jour leurs bonus de bienvenue et leurs promotions r\u00e9guli\u00e8res afin d'inciter de nouveaux joueurs \u00e0 rejoindre leur casino.<\/p>\n<p>Avec une telle concurrence, il n'est pas surprenant que de nombreux casinos en ligne offrent de g\u00e9n\u00e9reux bonus et promotions aux nouveaux membres. Gr\u00e2ce \u00e0 ces bonus et promotions, vous pouvez augmenter votre solde et ainsi prolonger votre temps de jeu dans un casino donn\u00e9.<\/p>\n<p>De nombreuses offres exclusives peuvent attirer de nouveaux utilisateurs. Certaines de ces offres ne n\u00e9cessitent m\u00eame pas de d\u00e9p\u00f4t initial et sont connues sous le nom de bonus sans d\u00e9p\u00f4t. D'autres r\u00e9compenses, plus courantes, incluent des bonus de correspondance de d\u00e9p\u00f4t et des offres group\u00e9es. Quel que soit votre choix, vous b\u00e9n\u00e9ficierez d'un excellent point de d\u00e9part en tant que nouveau joueur. Vous pourriez m\u00eame finir par gagner de l'argent r\u00e9el sans jamais d\u00e9poser d'argent !<\/p>\n<h3>De meilleures r\u00e9ussites<\/h3>\n<p>Les casinos terrestres n'aiment pas admettre que les casinos en ligne offrent de meilleures chances de gagner. \u00c9tant donn\u00e9 que le march\u00e9 des jeux d'argent en ligne est \u00e9norme et que les co\u00fbts de fonctionnement d'un casino en ligne sont beaucoup moins \u00e9lev\u00e9s, les op\u00e9rateurs de casinos en ligne sont en mesure d'offrir un meilleur RTP (retour au joueur) que les casinos terrestres.<\/p>\n<p>Le RTP est exprim\u00e9 en pourcentage et repr\u00e9sente le pourcentage des mises qu'un jeu est programm\u00e9 pour rapporter aux utilisateurs. En r\u00e8gle g\u00e9n\u00e9rale, ce chiffre est calcul\u00e9 sur un million de parties, ce qui en fait un indicateur g\u00e9n\u00e9ralement accept\u00e9 des performances d'un jeu.<\/p>\n<p>Comme nous l'avons dit, les op\u00e9rateurs de casinos en ligne offrent aux joueurs en ligne des RTP beaucoup plus \u00e9lev\u00e9s (g\u00e9n\u00e9ralement sup\u00e9rieurs \u00e0 90%) que les casinos traditionnels. Les jeux de table ont g\u00e9n\u00e9ralement le m\u00eame RTP, tandis que les machines \u00e0 sous diff\u00e8rent consid\u00e9rablement. Avant de d\u00e9cider de jouer \u00e0 un jeu en ligne, vous devriez v\u00e9rifier le RTP du jeu afin d'\u00e9conomiser du temps et de l'argent.<\/p>\n<h3>Des enjeux moindres<\/h3>\n<p>Outre la commodit\u00e9 et la s\u00e9lection des jeux, les joueurs responsables calculent g\u00e9n\u00e9ralement le montant minimum qu'ils peuvent investir pour gagner une somme importante. Heureusement, cela est plus facile \u00e0 faire dans les casinos en ligne que dans les casinos terrestres.<\/p>\n<p>Comme nous l'avons d\u00e9j\u00e0 mentionn\u00e9, l'exploitation de casinos terrestres entra\u00eene de nombreux co\u00fbts. Comme les casinos en ligne n'ont pas \u00e0 se pr\u00e9occuper de ces facteurs, ils peuvent se consacrer \u00e0 autre chose. Ainsi, les casinos r\u00e9els ne peuvent pas accepter de faibles mises aux jeux de table. En revanche, les casinos en ligne le peuvent.<\/p>\n<p>Si vous ne voulez pas perdre de grosses sommes d'argent, vous devez vous tourner vers des jeux \u00e0 faibles enjeux et essayer de transformer ces petits enjeux en gains plus importants. Faites vos recherches, trouvez un casino qui vous convient et commencez par des jeux de blackjack ou de roulette de $0,50 ou $0,10.<\/p>\n<p>Toutefois, si vous pr\u00e9f\u00e9rez jouer \u00e0 des jeux de machines \u00e0 sous avec des mises plus faibles, l'endroit o\u00f9 vous jouez n'a pas d'importance. Les casinos en ligne et terrestres proposent tous deux des jeux de machines \u00e0 sous \u00e0 faible mise.<\/p>\n<h2>Casinos terrestres<\/h2>\n<p>Nous voulons rendre \u00e0 C\u00e9sar ce qui appartient \u00e0 C\u00e9sar, principalement parce que les casinos terrestres ont rendu possible l'existence des casinos en ligne. Les casinos terrestres ont donc atteint leur apog\u00e9e et peu de casinos r\u00e9els peuvent rivaliser avec les avantages offerts par les casinos en ligne. Cependant, nous aimerions mentionner quelques avantages li\u00e9s aux grands casinos terrestres, tels que ceux des capitales mondiales des casinos.<\/p>\n<h3>Paiements instantan\u00e9s<\/h3>\n<p>Les casinos en ligne sont toujours \u00e0 la tra\u00eene en ce qui concerne la possibilit\u00e9 d'effectuer des paiements instantan\u00e9s. Les joueurs devront attendre quelques jours pour que le casino en ligne traite leur demande et leur verse leurs gains. Mais pour \u00eatre juste, les casinos en ligne de haut niveau essaient de changer cela en introduisant les paiements cryptographiques.<\/p>\n<p>D'autre part, les casinos terrestres sont peu enclins \u00e0 faire tra\u00eener le processus de paiement de vos gains, en particulier si vous jouez dans des casinos de grande qualit\u00e9. La plupart des casinos encaissent imm\u00e9diatement vos jetons gagnants et vous pouvez repartir avec de l'argent dans les mains.<\/p>\n<h3>Interaction sociale<\/h3>\n<p>L'interaction sociale est une autre caract\u00e9ristique avec laquelle les casinos en ligne ne peuvent pas rivaliser \u00e0 l'heure actuelle. Certes, il existe des fonctions de chat en direct qui vous permettent de discuter avec d'autres personnes, mais cela ne compte gu\u00e8re.<\/p>\n<p>Une soir\u00e9e dans un casino terrestre peut donner lieu \u00e0 de nombreuses interactions et rencontres int\u00e9ressantes. Si vous \u00eates une personne sociable, vous pr\u00e9f\u00e9rerez peut-\u00eatre vous en tenir aux casinos terrestres pour cette seule raison. En outre, si vous \u00eates une personne sociable qui aime les jeux de table, les casinos terrestres sont probablement votre meilleur choix.<\/p>\n<p>En outre, un casino terrestre est un excellent endroit pour passer du temps avec vos amis ou votre famille si vous souhaitez passer une soir\u00e9e agr\u00e9able.<\/p>\n<h3>Adh\u00e9sion \u00e0 un club<\/h3>\n<p>Tout comme les casinos en ligne, les casinos terrestres ont trouv\u00e9 un moyen de fid\u00e9liser leurs clients. \u00c0 cette fin, de nombreux casinos terrestres haut de gamme ont cr\u00e9\u00e9 des clubs ou des cartes exclusives pour les nouveaux joueurs et les joueurs r\u00e9guliers.<\/p>\n<p>C'est pourquoi tous les casinos ne vous proposeront pas de telles cartes. Les joueurs peuvent s'attendre \u00e0 de nombreux avantages li\u00e9s \u00e0 l'adh\u00e9sion \u00e0 un club de casino qu'ils ne peuvent pas obtenir dans les casinos en ligne. Ces avantages comprennent l'h\u00e9bergement gratuit, les repas, les billets de spectacle, des jetons de jeu suppl\u00e9mentaires, des coupons de jeu gratuits pour les machines \u00e0 sous, et bien plus encore.<\/p>\n<p>Si vous \u00eates int\u00e9ress\u00e9 par cette offre, vous pouvez vous renseigner aupr\u00e8s de votre casino local, mais gardez \u00e0 l'esprit que la plupart des casinos vous contacteront pour vous proposer des publicit\u00e9s une fois que vous serez dans leur syst\u00e8me.<\/p>\n<h2>R\u00e9flexions finales<\/h2>\n<p>Comme vous pouvez le constater \u00e0 la lecture des avantages et des inconv\u00e9nients \u00e9num\u00e9r\u00e9s ci-dessus, les casinos en ligne sont les grands gagnants de cette bataille. Dans les casinos en ligne, vous pouvez profiter de vastes gammes de jeux, de faibles marges de la maison, de la possibilit\u00e9 de jouer n'importe o\u00f9 et \u00e0 n'importe quel moment, tout en profitant de bonus et d'offres sp\u00e9ciales consid\u00e9rables. Toutefois, les casinos terrestres ne sont pas faciles \u00e0 \u00e9carter en raison de leur attrait unique et durable.<\/p>\n<p>\u00c0 notre avis, les casinos en ligne n'ont pas encore atteint leur apog\u00e9e, alors que les casinos r\u00e9els l'ont fait il y a des ann\u00e9es. Les casinos en ligne ont encore beaucoup \u00e0 offrir, comme les jeux de r\u00e9alit\u00e9 virtuelle, et nous esp\u00e9rons que d'autres innovations de pointe dans le domaine des jeux d'argent en ligne verront bient\u00f4t le jour.<\/p>","protected":false},"excerpt":{"rendered":"<p>Les casinos en ligne et les casinos terrestres pr\u00e9sentent un certain nombre d'avantages et d'inconv\u00e9nients. Les casinos terrestres offrent une atmosph\u00e8re palpitante et r\u00e9aliste. Cependant, si l'on prend en consid\u00e9ration le temps pass\u00e9 pour s'y rendre, ainsi que les frais de d\u00e9placement, [...]<\/p>","protected":false},"author":1,"featured_media":0,"parent":0,"menu_order":10,"comment_status":"closed","ping_status":"closed","template":"","meta":{"_acf_changed":false,"footnotes":""},"class_list":["post-11172","page","type-page","status-publish","hentry"],"acf":[],"yoast_head":"<!-- This site is optimized with the Yoast SEO plugin v26.1.1 - https:\/\/yoast.com\/wordpress\/plugins\/seo\/ -->\n<title>Are Online Casinos Better Than Real Casinos?<\/title>\n<meta name=\"robots\" content=\"index, follow, max-snippet:-1, max-image-preview:large, max-video-preview:-1\" \/>\n<link rel=\"canonical\" href=\"https:\/\/casinolion.ca\/fr\/are-online-casinos-better-than-real-casinos\/\" \/>\n<meta property=\"og:locale\" content=\"fr_CA\" \/>\n<meta property=\"og:type\" content=\"article\" \/>\n<meta property=\"og:title\" content=\"Are Online Casinos Better Than Real Casinos?\" \/>\n<meta property=\"og:description\" content=\"When it comes to online and land-based casinos, there are a number of things that come to mind regarding the advantages and disadvantages of both. Land-based casinos have a thrilling, real-life atmosphere going for them. However, when you take into consideration the time spent to reach them, as well as the travel expenses, the sheer [&hellip;]\" \/>\n<meta property=\"og:url\" content=\"https:\/\/casinolion.ca\/fr\/are-online-casinos-better-than-real-casinos\/\" \/>\n<meta name=\"twitter:card\" content=\"summary_large_image\" \/>\n<meta name=\"twitter:label1\" content=\"Estimation du temps de lecture\" \/>\n\t<meta name=\"twitter:data1\" content=\"7 minutes\" \/>\n<script type=\"application\/ld+json\" class=\"yoast-schema-graph\">{\"@context\":\"https:\/\/schema.org\",\"@graph\":[{\"@type\":\"WebPage\",\"@id\":\"https:\/\/casinolion.ca\/are-online-casinos-better-than-real-casinos\/\",\"url\":\"https:\/\/casinolion.ca\/are-online-casinos-better-than-real-casinos\/\",\"name\":\"Are Online Casinos Better Than Real Casinos?\",\"isPartOf\":{\"@id\":\"https:\/\/casinolion.ca\/fr\/#website\"},\"datePublished\":\"2020-06-18T08:20:05+00:00\",\"breadcrumb\":{\"@id\":\"https:\/\/casinolion.ca\/are-online-casinos-better-than-real-casinos\/#breadcrumb\"},\"inLanguage\":\"fr-CA\",\"potentialAction\":[{\"@type\":\"ReadAction\",\"target\":[\"https:\/\/casinolion.ca\/are-online-casinos-better-than-real-casinos\/\"]}]},{\"@type\":\"BreadcrumbList\",\"@id\":\"https:\/\/casinolion.ca\/are-online-casinos-better-than-real-casinos\/#breadcrumb\",\"itemListElement\":[{\"@type\":\"ListItem\",\"position\":1,\"name\":\"Home\",\"item\":\"https:\/\/casinolion.ca\/\"},{\"@type\":\"ListItem\",\"position\":2,\"name\":\"Are Online Casinos Better Than Real Casinos?\"}]},{\"@type\":\"WebSite\",\"@id\":\"https:\/\/casinolion.ca\/fr\/#website\",\"url\":\"https:\/\/casinolion.ca\/fr\/\",\"name\":\"\",\"description\":\"\",\"potentialAction\":[{\"@type\":\"SearchAction\",\"target\":{\"@type\":\"EntryPoint\",\"urlTemplate\":\"https:\/\/casinolion.ca\/fr\/?s={search_term_string}\"},\"query-input\":{\"@type\":\"PropertyValueSpecification\",\"valueRequired\":true,\"valueName\":\"search_term_string\"}}],\"inLanguage\":\"fr-CA\"}]}<\/script>\n<!-- \/ Yoast SEO plugin. -->","yoast_head_json":{"title":"Les casinos en ligne sont-ils meilleurs que les casinos r\u00e9els ?","robots":{"index":"index","follow":"follow","max-snippet":"max-snippet:-1","max-image-preview":"max-image-preview:large","max-video-preview":"max-video-preview:-1"},"canonical":"https:\/\/casinolion.ca\/fr\/are-online-casinos-better-than-real-casinos\/","og_locale":"fr_CA","og_type":"article","og_title":"Are Online Casinos Better Than Real Casinos?","og_description":"When it comes to online and land-based casinos, there are a number of things that come to mind regarding the advantages and disadvantages of both. Land-based casinos have a thrilling, real-life atmosphere going for them. However, when you take into consideration the time spent to reach them, as well as the travel expenses, the sheer [&hellip;]","og_url":"https:\/\/casinolion.ca\/fr\/are-online-casinos-better-than-real-casinos\/","twitter_card":"summary_large_image","twitter_misc":{"Estimation du temps de lecture":"7 minutes"},"schema":{"@context":"https:\/\/schema.org","@graph":[{"@type":"WebPage","@id":"https:\/\/casinolion.ca\/are-online-casinos-better-than-real-casinos\/","url":"https:\/\/casinolion.ca\/are-online-casinos-better-than-real-casinos\/","name":"Les casinos en ligne sont-ils meilleurs que les casinos r\u00e9els ?","isPartOf":{"@id":"https:\/\/casinolion.ca\/fr\/#website"},"datePublished":"2020-06-18T08:20:05+00:00","breadcrumb":{"@id":"https:\/\/casinolion.ca\/are-online-casinos-better-than-real-casinos\/#breadcrumb"},"inLanguage":"fr-CA","potentialAction":[{"@type":"ReadAction","target":["https:\/\/casinolion.ca\/are-online-casinos-better-than-real-casinos\/"]}]},{"@type":"BreadcrumbList","@id":"https:\/\/casinolion.ca\/are-online-casinos-better-than-real-casinos\/#breadcrumb","itemListElement":[{"@type":"ListItem","position":1,"name":"Home","item":"https:\/\/casinolion.ca\/"},{"@type":"ListItem","position":2,"name":"Are Online Casinos Better Than Real Casinos?"}]},{"@type":"WebSite","@id":"https:\/\/casinolion.ca\/fr\/#website","url":"https:\/\/casinolion.ca\/fr\/","name":"","description":"","potentialAction":[{"@type":"SearchAction","target":{"@type":"EntryPoint","urlTemplate":"https:\/\/casinolion.ca\/fr\/?s={search_term_string}"},"query-input":{"@type":"PropertyValueSpecification","valueRequired":true,"valueName":"search_term_string"}}],"inLanguage":"fr-CA"}]}},"_links":{"self":[{"href":"https:\/\/casinolion.ca\/fr\/wp-json\/wp\/v2\/pages\/11172","targetHints":{"allow":["GET"]}}],"collection":[{"href":"https:\/\/casinolion.ca\/fr\/wp-json\/wp\/v2\/pages"}],"about":[{"href":"https:\/\/casinolion.ca\/fr\/wp-json\/wp\/v2\/types\/page"}],"author":[{"embeddable":true,"href":"https:\/\/casinolion.ca\/fr\/wp-json\/wp\/v2\/users\/1"}],"replies":[{"embeddable":true,"href":"https:\/\/casinolion.ca\/fr\/wp-json\/wp\/v2\/comments?post=11172"}],"version-history":[{"count":0,"href":"https:\/\/casinolion.ca\/fr\/wp-json\/wp\/v2\/pages\/11172\/revisions"}],"wp:attachment":[{"href":"https:\/\/casinolion.ca\/fr\/wp-json\/wp\/v2\/media?parent=11172"}],"curies":[{"name":"wp","href":"https:\/\/api.w.org\/{rel}","templated":true}]}}