
{"id":11278,"date":"2020-07-02T06:21:20","date_gmt":"2020-07-02T06:21:20","guid":{"rendered":"https:\/\/www.canadiancasinos.ca\/?page_id=11278"},"modified":"2020-07-06T05:01:35","modified_gmt":"2020-07-06T05:01:35","slug":"are-online-casinos-rigged","status":"publish","type":"page","link":"https:\/\/casinolion.ca\/fr\/are-online-casinos-rigged\/","title":{"rendered":"Les casinos en ligne sont-ils truqu\u00e9s ?"},"content":{"rendered":"<p>Les casinos en ligne, comme toute autre chose dans ce monde, peuvent vous escroquer votre argent. Naturellement, ce n'est pas parce qu'une chose est possible qu'elle se produira n\u00e9cessairement. Nous savons que vous ne pouvez pas faire grand-chose avec une r\u00e9ponse aussi ambigu\u00eb, et que vous avez besoin d'une r\u00e9ponse concr\u00e8te. La r\u00e9ponse courte \u00e0 la question \u201cles casinos en ligne sont-ils truqu\u00e9s\u201d est non.<\/p>\n<p>Malheureusement, la r\u00e9ponse n'est pas si simple, car les casinos doivent \u00eatre v\u00e9rifi\u00e9s par des organismes de licence connus et des auditeurs tiers. Il y a aussi beaucoup d'autres aspects techniques. C'est pourquoi nous avons voulu parler davantage des casinos en ligne, de leur s\u00e9curit\u00e9, de la possibilit\u00e9 qu'ils soient truqu\u00e9s \u00e0 notre insu, et bien d'autres choses encore. Voyons donc tout ce qu'il faut savoir \u00e0 ce sujet.<\/p>\n<h2>Est-il possible qu'un casino en ligne soit truqu\u00e9 ?<\/h2>\n<p>Tout est possible, n'est-ce pas ? Mais soyons s\u00e9rieux. Oui, techniquement, un casino en ligne peut \u00eatre truqu\u00e9. En effet, il poss\u00e8de et exploite la plate-forme sur laquelle vous jouez aux jeux de casino et, avec les connaissances n\u00e9cessaires, il peut absolument truquer n'importe quel jeu en sa faveur, s'il le souhaite.<\/p>\n<p>L'objectif de chaque casino en ligne est de gagner de l'argent. Et si un casino est suffisamment d\u00e9shonorant, il peut toujours opter pour la ruse. Toutefois, cela est tr\u00e8s rare, car le march\u00e9 des casinos en ligne est tellement vaste et r\u00e9glement\u00e9 qu'il est pratiquement impossible pour un casino r\u00e9glement\u00e9 d'\u00eatre truqu\u00e9.<\/p>\n<p>Une autre question se pose. Comment pouvons-nous, en tant que joueurs de casino, \u00eatre s\u00fbrs que l'industrie elle-m\u00eame n'est pas truqu\u00e9e ? Comme nous l'avons dit, tout le monde peut faire ce qu'il veut avec sa plate-forme. S'ils ne poss\u00e8dent pas les jeux, les d\u00e9veloppeurs de jeux peuvent les truquer pour favoriser les casinos.<\/p>\n<p>Le probl\u00e8me avec ce genre de raisonnement est que nous pouvons nous enfoncer dans un trou de lapin sans fin. De plus, de nombreuses personnes ont d\u00e9j\u00e0 \u00e9mis ces hypoth\u00e8ses par le pass\u00e9 et les r\u00e9ponses ont toujours \u00e9t\u00e9 les m\u00eames : les casinos en ligne ne sont pas truqu\u00e9s, pas plus que l'ensemble du secteur.<\/p>\n<p>Cela est vrai pour deux raisons appel\u00e9es <a href=\"https:\/\/casinolion.ca\/fr\/what-is-rtp-or-house-edge-in-online-slots\/\">RTP<\/a> et <a href=\"https:\/\/casinolion.ca\/fr\/how-does-rng-work-in-online-casinos\/\">RNG<\/a>.<\/p>\n<h3>Que sont les pourcentages de retour au joueur (RTP) ?<\/h3>\n<p>Les casinos n'ont pas besoin de truquer leurs jeux. Ils gagnent de l'argent gr\u00e2ce \u00e0 une chose simple appel\u00e9e l'avantage du casino ou l'avantage de la maison. Il ne s'agit pas d'une chose cach\u00e9e ou inconnue dans le monde des casinos en ligne. Tous les casinos et d\u00e9veloppeurs de jeux de qualit\u00e9 vous diront que les jeux de casino ont un RTP ou un pourcentage de retour au joueur qui n'est jamais de 100%, mais toujours l\u00e9g\u00e8rement inf\u00e9rieur. En substance, cela signifie que le casino paiera toujours un peu moins \u00e0 ses joueurs que ce qu'ils misent.<\/p>\n<p>Toutefois, cela ne signifie pas que chaque joueur gagne toujours moins que ce qu'il a mis\u00e9. Le RTP est un chiffre g\u00e9n\u00e9ral qui ne s'applique qu'au casino lui-m\u00eame. Les joueurs eux-m\u00eames peuvent gagner 95% de ce qu'ils ont mis\u00e9 ou 9500%.<\/p>\n<p>Pourquoi ? Parce que les jeux de casino en ligne utilisent \u00e9galement ce que l'on appelle des g\u00e9n\u00e9rateurs de nombres al\u00e9atoires ou RNG.<\/p>\n<h3>Que sont les g\u00e9n\u00e9rateurs de nombres al\u00e9atoires (RNG) ?<\/h3>\n<p>Les g\u00e9n\u00e9rateurs de nombres al\u00e9atoires, ou RNG, sont des algorithmes qui garantissent que les r\u00e9sultats des jeux de casino sont toujours g\u00e9n\u00e9r\u00e9s de mani\u00e8re al\u00e9atoire.<\/p>\n<p>Le fonctionnement est simple : chaque session de jeu de casino ex\u00e9cute un code en arri\u00e8re-plan, et ce code garantit que chaque fois que vous faites tourner la bobine d'une machine \u00e0 sous, par exemple, le r\u00e9sultat est enti\u00e8rement al\u00e9atoire. Ainsi, personne ne sait jamais quel sera le r\u00e9sultat pour un joueur donn\u00e9.<\/p>\n<p>La seule chose que le casino sait, c'est qu'il fera toujours des b\u00e9n\u00e9fices gr\u00e2ce au RTP, mais il ne sait jamais exactement ce que chacun de ses joueurs gagnera \u00e0 un moment donn\u00e9.<\/p>\n<h3>Les RNG et les RTP sont-ils \u00e9quitables ?<\/h3>\n<p>Certains pourraient consid\u00e9rer que la fa\u00e7on dont tout cela fonctionne est frauduleuse, mais les casinos doivent assurer leur rentabilit\u00e9. S'ils ne peuvent pas la garantir, l'ensemble du secteur devient impr\u00e9visible et donc susceptible de s'effondrer.<\/p>\n<p>En introduisant la marge de la maison et le RNG, les casinos en ligne se sont assur\u00e9s de rester rentables tout en permettant aux joueurs de gagner gros de temps en temps. Ainsi, tout ce dont vous avez besoin, c'est de chance ! Et des comp\u00e9tences, si vous jouez \u00e0 des jeux comme le blackjack, par exemple. Mais c'est une toute autre histoire.<\/p>\n<p>Tout cela pour dire que tant qu'il existe des RTP et des RNG, la possibilit\u00e9 qu'un casino soit truqu\u00e9 devient nulle. Mais qu'en est-il des exemples r\u00e9els o\u00f9 des casinos ont \u00e9t\u00e9 truqu\u00e9s et o\u00f9 il a \u00e9t\u00e9 prouv\u00e9 qu'ils avaient commis des fraudes ? Ce que nous pouvons vous dire avec certitude, c'est que dans tous ces cas, les jeux eux-m\u00eames ont \u00e9t\u00e9 trafiqu\u00e9s pour garantir un avantage de la maison sup\u00e9rieur \u00e0 la norme du secteur.<\/p>\n<p>S'il est tout \u00e0 fait possible que des casinos frauduleux et de mauvaise qualit\u00e9 agissent de la sorte, comment pouvons-nous \u00eatre s\u00fbrs que les casinos que nous trouvons ne sont pas truqu\u00e9s ?<\/p>\n<p>On pourrait croire que nous sommes revenus au point de d\u00e9part, mais la r\u00e9alit\u00e9 est, heureusement, tr\u00e8s diff\u00e9rente. Tout cela est d\u00fb aux licences et aux auditeurs.<\/p>\n<h2>Seuls les casinos de haute qualit\u00e9 et dignes de confiance obtiennent des licences<\/h2>\n<p>La chose la plus importante que tout joueur doit v\u00e9rifier avant de rejoindre un casino en ligne est la licence qu'il d\u00e9tient. Ou mieux encore, les licences. En effet, ces licences sont d\u00e9livr\u00e9es par des organismes gouvernementaux qui s'assurent que le casino est contr\u00f4l\u00e9 et qu'il respecte et se conforme \u00e0 toutes les lois sur les jeux d'argent et de hasard.<\/p>\n<p>Dans le monde des casinos en ligne, il existe deux agences gouvernementales dont les licences sont tr\u00e8s pris\u00e9es par les casinos en ligne :<\/p>\n<ul>\n<li><a href=\"https:\/\/casinolion.ca\/fr\/ukgc-casinos\/\">Commission des jeux de hasard du Royaume-Uni (UKGC)<\/a><\/li>\n<li><a href=\"https:\/\/casinolion.ca\/fr\/malta-gaming-authority-casinos\/\">Autorit\u00e9 des jeux de Malte (MGA)<\/a><\/li>\n<\/ul>\n<p>La plupart des casinos en ligne essaient d'obtenir au moins l'une de ces licences, car elles prouvent aux joueurs que les services qu'ils offrent sont \u00e9quitables et v\u00e9rifi\u00e9s.<\/p>\n<p>Bien entendu, il existe d'autres organismes d'agr\u00e9ment, mais ces deux-l\u00e0 sont les plus courants.<\/p>\n<p>Ainsi, lorsque vous souhaitez rejoindre un casino en ligne, visitez sa page d'accueil et descendez jusqu'au pied de page, car c'est l\u00e0 que les casinos affichent le plus souvent leurs licences. Chaque casino indique les num\u00e9ros de sa licence, ce qui vous permet de v\u00e9rifier facilement aupr\u00e8s de l'organisme qui d\u00e9livre les licences que les informations affich\u00e9es par le casino sont l\u00e9gitimes.<\/p>\n<h3>Le propri\u00e9taire du casino<\/h3>\n<p>Avant d'expliquer l'importance des auditeurs tiers, il est important de mentionner que la fiabilit\u00e9 d'un casino peut parfois \u00eatre v\u00e9rifi\u00e9e en examinant son propri\u00e9taire.<\/p>\n<p>De nombreux propri\u00e9taires g\u00e8rent plusieurs casinos en ligne. En v\u00e9rifiant quels casinos ils g\u00e8rent et quelle est leur r\u00e9putation, vous pouvez vous faire une id\u00e9e plus pr\u00e9cise de la fiabilit\u00e9 du propri\u00e9taire et donc du casino que vous avez choisi.<\/p>\n<p>Cela peut s'av\u00e9rer utile car il y a toujours quelques propri\u00e9taires bizarres qui ont un tas de casinos en ligne sur liste noire, et il faut toujours les \u00e9viter.<\/p>\n<h2>Les auditeurs s'assurent que les casinos en ligne sont toujours \u00e9quitables envers leurs joueurs<\/h2>\n<p>Les auditeurs sont des soci\u00e9t\u00e9s tierces jouissant d'une solide r\u00e9putation, qui ont pour mission de veiller \u00e0 ce que les casinos soient \u00e9quitables, dignes de confiance et que leurs d\u00e9clarations soient tout \u00e0 fait exactes.<\/p>\n<p>Plus important encore, les auditeurs s'assurent que les casinos en ligne ne reviennent pas sur ce qu'ils ont fait dans le pass\u00e9. Pour ce faire, ils v\u00e9rifient de temps \u00e0 autre les casinos en ligne qu'ils ont examin\u00e9s dans le pass\u00e9, afin de s'assurer que tout est rest\u00e9 inchang\u00e9.<\/p>\n<p>Les auditeurs contr\u00f4lent beaucoup de choses, mais il est important de mentionner qu'ils v\u00e9rifient toujours que les RNG n'ont pas \u00e9t\u00e9 alt\u00e9r\u00e9s, car il s'agit d'un point essentiel \u00e0 v\u00e9rifier.<\/p>\n<p>Si vous souhaitez savoir si un auditeur tiers a v\u00e9rifi\u00e9 un casino, vous devez rechercher les certificats d\u00e9tenus par le casino. Il existe de nombreux auditeurs, mais les plus importants sont iTechLabs, eCogra, BMM Compliance, PriceWaterhouseCoopers, TST et GLI. Si un casino en ligne est certifi\u00e9 par un ou plusieurs de ces auditeurs, vous pouvez \u00eatre s\u00fbr que son syst\u00e8me est r\u00e9guli\u00e8rement contr\u00f4l\u00e9 afin de garantir l'\u00e9quit\u00e9 et la sinc\u00e9rit\u00e9 des transactions.<\/p>\n<h2>L'importance de la s\u00e9curit\u00e9<\/h2>\n<p>Enfin, il est essentiel de mentionner que m\u00eame les meilleurs casinos, qui d\u00e9tiennent toutes les licences et tout ce dont ils ont besoin pour \u00eatre consid\u00e9r\u00e9s comme enti\u00e8rement \u00e9quitables et l\u00e9gitimes, peuvent \u00eatre truqu\u00e9s si des pirates informatiques et des cybercriminels les compromettent.<\/p>\n<p>C'est pourquoi tous les casinos en ligne r\u00e9put\u00e9s utilisent des technologies de pointe et des dispositifs de s\u00e9curit\u00e9 qui garantissent que cela n'arrivera jamais. La bonne nouvelle, c'est que cela arrive rarement. M\u00eame si les pirates informatiques compromettent r\u00e9guli\u00e8rement de nombreux autres secteurs, les casinos en ligne sont g\u00e9n\u00e9ralement s\u00fbrs.<\/p>\n<p>Tous les casinos de qualit\u00e9 s'assurent qu'ils utilisent des fonctions telles que le cryptage SSL (Secure Socket Layer) pour garantir que la communication et les transactions entre leur plateforme et les joueurs sont enti\u00e8rement s\u00e9curis\u00e9es. Ils utilisent \u00e9galement d'autres fonctions, mais la plus importante est le SSL, donc si vous \u00eates int\u00e9ress\u00e9, v\u00e9rifiez toujours que le casino dans lequel vous voulez jouer utilise le cryptage SSL.<\/p>\n<h2>Conclusion - Ce que vous devez faire avant de commencer \u00e0 jouer<\/h2>\n<p>En r\u00e9sum\u00e9, tous les casinos en ligne peuvent \u00eatre truqu\u00e9s, mais cela arrive rarement. Gr\u00e2ce aux RNG, aux RTP, aux licences, aux auditeurs, etc., il est facile de savoir quels casinos sont dignes de confiance et lesquels ne le sont pas.<\/p>\n<p>En fin de compte, la probabilit\u00e9 qu'un casino soit truqu\u00e9 n'a pas vraiment d'importance ; l'essentiel est de faire des recherches et de comprendre le fonctionnement de l'ensemble du march\u00e9.<\/p>\n<p>Il ne vous reste plus qu'\u00e0 regarder de plus pr\u00e8s et \u00e0 v\u00e9rifier si votre casino pr\u00e9f\u00e9r\u00e9 respecte ce que nous avons \u00e9tabli ici. Une fois que vous l'aurez fait, vous saurez qu'il est enti\u00e8rement \u00e9quitable et digne de confiance, vous n'aurez donc plus \u00e0 vous inqui\u00e9ter qu'il soit truqu\u00e9 !<\/p>\n<p>Et si vous n'avez pas enti\u00e8rement confiance en votre jugement et en vos connaissances limit\u00e9es, vous pouvez toujours consulter les critiques en ligne. L'avantage est que les casinos truqu\u00e9s sont facilement rep\u00e9rables de nos jours, de sorte qu'un coup d'\u0153il sur quelques critiques devrait suffire pour savoir si un casino donn\u00e9 est s\u00fbr ou non.<\/p>","protected":false},"excerpt":{"rendered":"<p>Les casinos en ligne, comme toute autre chose dans ce monde, peuvent vous escroquer votre argent. Naturellement, ce n'est pas parce qu'une chose est possible qu'elle se produira n\u00e9cessairement. Nous savons que vous ne pouvez pas faire grand-chose avec une r\u00e9ponse aussi ambigu\u00eb, et que ce dont vous avez besoin, c'est d'une r\u00e9ponse concr\u00e8te. La r\u00e9ponse courte \u00e0 la question \u201cles casinos en ligne sont-ils truqu\u00e9s\u201d [...]<\/p>","protected":false},"author":1,"featured_media":0,"parent":0,"menu_order":6,"comment_status":"closed","ping_status":"closed","template":"","meta":{"_acf_changed":false,"footnotes":""},"class_list":["post-11278","page","type-page","status-publish","hentry"],"acf":[],"yoast_head":"<!-- This site is optimized with the Yoast SEO plugin v26.1.1 - https:\/\/yoast.com\/wordpress\/plugins\/seo\/ -->\n<title>Are Online Casinos Rigged?<\/title>\n<meta name=\"robots\" content=\"index, follow, max-snippet:-1, max-image-preview:large, max-video-preview:-1\" \/>\n<link rel=\"canonical\" href=\"https:\/\/casinolion.ca\/fr\/are-online-casinos-rigged\/\" \/>\n<meta property=\"og:locale\" content=\"fr_CA\" \/>\n<meta property=\"og:type\" content=\"article\" \/>\n<meta property=\"og:title\" content=\"Are Online Casinos Rigged?\" \/>\n<meta property=\"og:description\" content=\"Online casinos, just like everything else in this world, can cheat you out of your money. Naturally, just because something is possible it won\u2019t necessarily happen. We realize you can\u2019t do much with such an ambiguous answer, and what you need is a concrete one. The short answer to the question \u201care online casinos rigged\u201d [&hellip;]\" \/>\n<meta property=\"og:url\" content=\"https:\/\/casinolion.ca\/fr\/are-online-casinos-rigged\/\" \/>\n<meta property=\"article:modified_time\" content=\"2020-07-06T05:01:35+00:00\" \/>\n<meta name=\"twitter:card\" content=\"summary_large_image\" \/>\n<meta name=\"twitter:label1\" content=\"Estimation du temps de lecture\" \/>\n\t<meta name=\"twitter:data1\" content=\"8 minutes\" \/>\n<script type=\"application\/ld+json\" class=\"yoast-schema-graph\">{\"@context\":\"https:\/\/schema.org\",\"@graph\":[{\"@type\":\"WebPage\",\"@id\":\"https:\/\/casinolion.ca\/are-online-casinos-rigged\/\",\"url\":\"https:\/\/casinolion.ca\/are-online-casinos-rigged\/\",\"name\":\"Are Online Casinos Rigged?\",\"isPartOf\":{\"@id\":\"https:\/\/casinolion.ca\/fr\/#website\"},\"datePublished\":\"2020-07-02T06:21:20+00:00\",\"dateModified\":\"2020-07-06T05:01:35+00:00\",\"breadcrumb\":{\"@id\":\"https:\/\/casinolion.ca\/are-online-casinos-rigged\/#breadcrumb\"},\"inLanguage\":\"fr-CA\",\"potentialAction\":[{\"@type\":\"ReadAction\",\"target\":[\"https:\/\/casinolion.ca\/are-online-casinos-rigged\/\"]}]},{\"@type\":\"BreadcrumbList\",\"@id\":\"https:\/\/casinolion.ca\/are-online-casinos-rigged\/#breadcrumb\",\"itemListElement\":[{\"@type\":\"ListItem\",\"position\":1,\"name\":\"Home\",\"item\":\"https:\/\/casinolion.ca\/\"},{\"@type\":\"ListItem\",\"position\":2,\"name\":\"Are Online Casinos Rigged?\"}]},{\"@type\":\"WebSite\",\"@id\":\"https:\/\/casinolion.ca\/fr\/#website\",\"url\":\"https:\/\/casinolion.ca\/fr\/\",\"name\":\"\",\"description\":\"\",\"potentialAction\":[{\"@type\":\"SearchAction\",\"target\":{\"@type\":\"EntryPoint\",\"urlTemplate\":\"https:\/\/casinolion.ca\/fr\/?s={search_term_string}\"},\"query-input\":{\"@type\":\"PropertyValueSpecification\",\"valueRequired\":true,\"valueName\":\"search_term_string\"}}],\"inLanguage\":\"fr-CA\"}]}<\/script>\n<!-- \/ Yoast SEO plugin. -->","yoast_head_json":{"title":"Les casinos en ligne sont-ils truqu\u00e9s ?","robots":{"index":"index","follow":"follow","max-snippet":"max-snippet:-1","max-image-preview":"max-image-preview:large","max-video-preview":"max-video-preview:-1"},"canonical":"https:\/\/casinolion.ca\/fr\/are-online-casinos-rigged\/","og_locale":"fr_CA","og_type":"article","og_title":"Are Online Casinos Rigged?","og_description":"Online casinos, just like everything else in this world, can cheat you out of your money. Naturally, just because something is possible it won\u2019t necessarily happen. We realize you can\u2019t do much with such an ambiguous answer, and what you need is a concrete one. The short answer to the question \u201care online casinos rigged\u201d [&hellip;]","og_url":"https:\/\/casinolion.ca\/fr\/are-online-casinos-rigged\/","article_modified_time":"2020-07-06T05:01:35+00:00","twitter_card":"summary_large_image","twitter_misc":{"Estimation du temps de lecture":"8 minutes"},"schema":{"@context":"https:\/\/schema.org","@graph":[{"@type":"WebPage","@id":"https:\/\/casinolion.ca\/are-online-casinos-rigged\/","url":"https:\/\/casinolion.ca\/are-online-casinos-rigged\/","name":"Les casinos en ligne sont-ils truqu\u00e9s ?","isPartOf":{"@id":"https:\/\/casinolion.ca\/fr\/#website"},"datePublished":"2020-07-02T06:21:20+00:00","dateModified":"2020-07-06T05:01:35+00:00","breadcrumb":{"@id":"https:\/\/casinolion.ca\/are-online-casinos-rigged\/#breadcrumb"},"inLanguage":"fr-CA","potentialAction":[{"@type":"ReadAction","target":["https:\/\/casinolion.ca\/are-online-casinos-rigged\/"]}]},{"@type":"BreadcrumbList","@id":"https:\/\/casinolion.ca\/are-online-casinos-rigged\/#breadcrumb","itemListElement":[{"@type":"ListItem","position":1,"name":"Home","item":"https:\/\/casinolion.ca\/"},{"@type":"ListItem","position":2,"name":"Are Online Casinos Rigged?"}]},{"@type":"WebSite","@id":"https:\/\/casinolion.ca\/fr\/#website","url":"https:\/\/casinolion.ca\/fr\/","name":"","description":"","potentialAction":[{"@type":"SearchAction","target":{"@type":"EntryPoint","urlTemplate":"https:\/\/casinolion.ca\/fr\/?s={search_term_string}"},"query-input":{"@type":"PropertyValueSpecification","valueRequired":true,"valueName":"search_term_string"}}],"inLanguage":"fr-CA"}]}},"_links":{"self":[{"href":"https:\/\/casinolion.ca\/fr\/wp-json\/wp\/v2\/pages\/11278","targetHints":{"allow":["GET"]}}],"collection":[{"href":"https:\/\/casinolion.ca\/fr\/wp-json\/wp\/v2\/pages"}],"about":[{"href":"https:\/\/casinolion.ca\/fr\/wp-json\/wp\/v2\/types\/page"}],"author":[{"embeddable":true,"href":"https:\/\/casinolion.ca\/fr\/wp-json\/wp\/v2\/users\/1"}],"replies":[{"embeddable":true,"href":"https:\/\/casinolion.ca\/fr\/wp-json\/wp\/v2\/comments?post=11278"}],"version-history":[{"count":0,"href":"https:\/\/casinolion.ca\/fr\/wp-json\/wp\/v2\/pages\/11278\/revisions"}],"wp:attachment":[{"href":"https:\/\/casinolion.ca\/fr\/wp-json\/wp\/v2\/media?parent=11278"}],"curies":[{"name":"wp","href":"https:\/\/api.w.org\/{rel}","templated":true}]}}