
{"id":11372,"date":"2020-07-13T04:23:22","date_gmt":"2020-07-13T04:23:22","guid":{"rendered":"https:\/\/www.canadiancasinos.ca\/?page_id=11372"},"modified":"2023-08-17T12:40:25","modified_gmt":"2023-08-17T12:40:25","slug":"book-of-oz","status":"publish","type":"page","link":"https:\/\/casinolion.ca\/fr\/online-slots\/book-of-oz\/","title":{"rendered":"Le livre d'Oz"},"content":{"rendered":"<div class=\"video-screenshot\"><div id=\"PlayFreeGame\" class=\"game_box\" style=\"padding-bottom: 75%; margin-bottom: 30px; background-size:cover; background-repeat:no-repeat;background-color:  #d24d57; background-image: url('https:\/\/a1.lcb.org\/system\/modules\/game\/images\/attachments\/000\/268\/609\/original\/BookofOz1.jpg?1544606605');\">\n                        <i class=\"fas fa-play-circle\"><\/i>\n                     <\/div>\n                     <script>\n                        let iframe = '<iframe loading=\"lazy\" src=\"https:\/\/slotslaunch.com\/iframe\/11559?token=rvgmcR4z0DADcCv3Hy0pVy9HQf7iaZ9tGNS9qWMaoIJPRjmw38\" width=\"930\" height=\"576\" frameborder=\"0\" allowTransparency=\"true\" bgcolor=\"#FFFFFF\" style=\"background-color: black;\"><\/iframe>';\n                        let holder = document.querySelector(\"#PlayFreeGame\");\n                        holder.addEventListener(\"click\", function(){\n                            holder.innerHTML = iframe;\n                        });\n                    <\/script><h2 id=\"Book-of-Oz-data-and-features\">Donn\u00e9es et caract\u00e9ristiques du Livre d'Oz<\/h2>\n                <table class=\"tablepress\">\n                    <tbody><tr><td><strong>Enrouleurs<\/strong><\/td><td>5<\/td><\/tr><tr><td><strong>Lignes de paiement<\/strong><\/td><td>10<\/td><\/tr><tr><td><strong>Jackpot maximum<\/strong><\/td><td>$50,000.00<\/td><\/tr><tr><td><strong>Pourcentage de paiement<\/strong><\/td><td>96.310<\/td><\/tr><tr><td><strong>Symbole Wild<\/strong><\/td><td>Oui<\/td><\/tr><tr><td><strong>Multiplicateur<\/strong><\/td><td>Oui<\/td><\/tr><tr><td><strong>Gamme de paris<\/strong><\/td><td>0.1 - 100<\/td><\/tr><tr><td><strong>Plage de mise des pi\u00e8ces<\/strong><\/td><td>0.01 - 2<\/td><\/tr><tr><td><strong>Pi\u00e8ces par ligne<\/strong><\/td><td>5<\/td><\/tr><tr><td><strong>Progressif<\/strong><\/td><td>Non<\/td><\/tr><tr><td><strong>Max coins jackpot<\/strong><\/td><td>25000<\/td><\/tr><tr><td><strong>Pi\u00e8ces maximales<\/strong><\/td><td>2<\/td><\/tr><tr><td><strong>Symbole Scatter<\/strong><\/td><td>Oui<\/td><\/tr><tr><td><strong>Tours gratuits disponibles<\/strong><\/td><td>Oui<\/td><\/tr><tr><td><strong>Jeu bonus<\/strong><\/td><td>Non<\/td><\/tr><tr><td><strong>Acheter la fonctionnalit\u00e9<\/strong><\/td><td>Non<\/td><\/tr><tr><td><strong>Th\u00e8me du jeu<\/strong><\/td><td>Conte de f\u00e9es, Magie<\/td><\/tr><tr><td><strong>Volatilit\u00e9<\/strong><\/td><td>Tr\u00e8s \u00e9lev\u00e9<\/td><\/tr><\/tbody><\/table><\/div>\n<p><center><a class=\"btn primary\" href=\"https:\/\/casinolion.ca\/fr\/visit\/leo-vegas\/\" target=\"_blank\" rel=\"nofollow noopener noreferrer\">Jouer \u00e0 Book of Oz pour de l'argent r\u00e9el<\/a><\/center>&nbsp;<\/p>\n<p><strong><em>Verdict rapide<\/em><\/strong><em>: Le Livre d'Oz est une machine \u00e0 sous vid\u00e9o tr\u00e8s gratifiante, dot\u00e9e d'une fonction de rebond unique qui vous permet de mieux contr\u00f4ler le jeu que la plupart des autres machines \u00e0 sous. Elle propose \u00e9galement des scatters, des symboles sp\u00e9ciaux et des tours gratuits, tous plus r\u00e9mun\u00e9rateurs les uns que les autres. Combin\u00e9 \u00e0 un RTP \u00e9lev\u00e9, Book of Oz devient un jeu qui vaut la peine d'\u00eatre jou\u00e9, car il d\u00e9\u00e7oit rarement et r\u00e9compense souvent. <\/em><\/p>\n<h2>L'histoire du Livre d'Oz<\/h2>\n<p><em>Le livre d'Oz<\/em> n'est pas un jeu de machine \u00e0 sous qui se concentre sur une histoire. Cependant, il ne manque pas de th\u00e8me, et il parvient \u00e0 vous aspirer dans son pays magique d'Oz o\u00f9 tout est vert \u00e9meraude. Vous avez l'impression que vous allez gagner gros tout le temps, et nous devons dire que ce n'est pas loin de la v\u00e9rit\u00e9, comme vous le verrez plus loin dans notre revue.<\/p>\n<p>L'histoire du Magicien d'Oz inspire fortement le th\u00e8me de la machine \u00e0 sous, et l'ensemble de l'arri\u00e8re-plan, ainsi que les rouleaux et les symboles, sont l\u00e0 pour vous emmener dans ce pays fantastique appel\u00e9 la Cit\u00e9 d'\u00e9meraude. En fin de compte, un th\u00e8me accueillant est l\u00e0 pour vous divertir et vous ravir visuellement.<\/p>\n<h2>Visuels et effets sonores du Livre d'Oz<\/h2>\n<p>Comme nous l'avons dit, le th\u00e8me sous-jacent de la<em> Le livre d'Oz <\/em>est le monde magique d'Oz et l'omnipr\u00e9sente Cit\u00e9 d'\u00e9meraude. C'est pourquoi tout dans le jeu est color\u00e9 en vert ou en or pour rester dans la m\u00eame veine. L'arri\u00e8re-plan est la Cit\u00e9 d'\u00c9meraude mentionn\u00e9e plus haut, et il est l\u00e0 pour vous transporter encore plus dans ce monde.<\/p>\n<p>Comme vous pouvez l'attendre d'un jeu de Microgaming, tous ces visuels sont de haute qualit\u00e9 car ce fournisseur de logiciel s'est toujours assur\u00e9 de cr\u00e9er des jeux visuellement \u00e9poustouflants.<\/p>\n<p>Quant aux effets sonores, il s'agit d'un m\u00e9lange agr\u00e9able de sons de machines \u00e0 sous et de sonorit\u00e9s magiques qui vous transportent dans le Pays d'Oz. Il y a \u00e9galement une musique sous-jacente passionnante qui vient compl\u00e9ter cette exp\u00e9rience unique.<\/p>\n<p>Dans l'ensemble, les effets visuels et sonores ne manqueront pas d'enthousiasmer tous les types de joueurs !<\/p>\n<h2>Le Livre d'Oz Gameplay<\/h2>\n<p><em>Le livre d'Oz<\/em> est une machine \u00e0 sous vid\u00e9o typique avec une disposition 3\u00d75 et un gameplay qui correspond \u00e0 la plupart des titres de Microgaming. Cependant, cela ne signifie pas que le jeu est ennuyeux ou quoi que ce soit d'autre. D\u00e8s que vous commencez, l'action est rapide et vous \u00eates confront\u00e9 \u00e0 un tas de symboles diff\u00e9rents, il est donc difficile de ne pas \u00eatre enthousiaste si vous \u00eates un fan de machines \u00e0 sous vid\u00e9o.<\/p>\n<p>Il y a beaucoup de fonctionnalit\u00e9s \u00e0 d\u00e9couvrir et une grille et des boutons bien organis\u00e9s en dessous. Un bouton Auto Play bien visible vous permet de profiter des r\u00e9sultats du jeu sans rien faire. Cependant, si vous le souhaitez, vous pouvez toujours jouer le jeu par vous-m\u00eame, en choisissant d'opter pour un tour plus lent ou plus rapide. Un petit bouton en forme d'\u00e9clair situ\u00e9 dans le coin inf\u00e9rieur droit de l'\u00e9cran permet d'activer des tours plus rapides, afin que vous n'ayez pas \u00e0 attendre les r\u00e9sultats.<\/p>\n<p>En plus des boutons habituels que l'on trouve dans les autres machines \u00e0 sous vid\u00e9o, <em>Le livre d'Oz<\/em> est diff\u00e9rent, car il inclut \u00e9galement des statistiques. Dans cette petite section situ\u00e9e \u00e0 c\u00f4t\u00e9 du bouton \u00c9clair, vous trouverez des informations telles que la dur\u00e9e de la session, les parties jou\u00e9es, les gains les plus \u00e9lev\u00e9s, etc. C'est une fonctionnalit\u00e9 int\u00e9ressante qui vous permet de garder une trace de ce que vous avez accompli jusqu'\u00e0 pr\u00e9sent.<\/p>\n<h2>Wilds et bonus dans Le Livre d'Oz<\/h2>\n<p><em>Le livre d'Oz <\/em>poss\u00e8de des Scatters sous la forme de livres dor\u00e9s, et en obtenant 3, 4 ou 5 d'entre eux sur la grille, vous d\u00e9clencherez les tours gratuits. En fonction du nombre de livres, vous pouvez obtenir 10, 12 ou 25 tours gratuits, qui vous rapporteront tous quelque chose, comme c'est toujours le cas avec les tours gratuits dans les machines \u00e0 sous telles que<em> Le livre d'Oz<\/em>.<\/p>\n<p>Ce qu'il y a de bien avec le livre, c'est qu'il sert \u00e0 la fois de Scatter et de symbole Wild. Cela signifie que si vous n'obtenez pas trois symboles ou plus pour activer les tours gratuits, il se substituera \u00e0 n'importe quel autre symbole et vous permettra ainsi d'obtenir des r\u00e9compenses m\u00eame si aucun des symboles ne se connecte seul.<\/p>\n<p>En plus du Scatter, il y a aussi le symbole Sp\u00e9cial sous la forme d'un homme suave avec un chapeau haut de forme. Ce symbole est enti\u00e8rement al\u00e9atoire et il est attribu\u00e9 au d\u00e9but de la fonction de tours gratuits. Il s'\u00e9tend alors pour couvrir la bobine et vous paie chaque fois qu'il correspond \u00e0 d'autres symboles n'importe o\u00f9 sur la ligne. Toutefois, ce symbole ne s'agrandit que lorsqu'un gain peut \u00eatre obtenu, mais il vous rapportera quel que soit le montant des gains obtenus lors des tours gratuits.<\/p>\n<p>En outre,<em> Le livre d'Oz<\/em> dispose d'une superbe fonction appel\u00e9e Respin. En fait, il y a un bouton Respin sous chaque rouleau, et lorsque chaque tour se termine, vous avez la possibilit\u00e9 d'utiliser n'importe lequel des Respins pour relancer le rouleau et essayer de connecter quelques symboles ! Naturellement, cette fonction est payante, mais si vous l'utilisez intelligemment, vous pourriez finir par obtenir le symbole dont vous avez besoin pour gagner une somme consid\u00e9rable. Il s'agit d'une fonction g\u00e9niale qui offre une libert\u00e9 rarement vue dans un jeu de machine \u00e0 sous vid\u00e9o.<\/p>\n<h2>Le Livre d'Oz RTP<\/h2>\n<p><em>Le livre d'Oz<\/em> a un RTP de 96,5%, ce qui signifie qu'un joueur peut gagner au moins C$96,5 pour chaque C$100 mis\u00e9e. Naturellement, vous pouvez gagner beaucoup plus que cela, mais il est important de savoir quel doit \u00eatre le r\u00e9sultat sous-jacent.<\/p>\n<p>De plus, un RTP de 96,5% est tr\u00e8s \u00e9lev\u00e9 si l'on se r\u00e9f\u00e8re aux normes de l'industrie. Si l'on ajoute \u00e0 cela un nombre d\u00e9cent de fonctions gratifiantes, vous avez toutes les chances de gagner beaucoup dans ce jeu.<\/p>\n<h2>Verdict final<\/h2>\n<p>Dans l'ensemble,<em> Le livre d'Oz<\/em> ressemble \u00e0 une machine \u00e0 sous ordinaire \u00e0 bien des \u00e9gards, ce qui la rend plut\u00f4t banale et peu gratifiante. Cependant, lorsque vous regardez de plus pr\u00e8s les superbes graphismes, le th\u00e8me captivant et un grand nombre de fonctions int\u00e9ressantes et extr\u00eamement gratifiantes, vous vous rendez compte que ce jeu est tout sauf banal.<\/p>\n<p>Essayez-le gratuitement ou commencez par une petite somme, et vous verrez rapidement de quoi il s'agit. Vous aurez alors envie de miser davantage !<\/p>","protected":false},"excerpt":{"rendered":"<p>Jouer \u00e0 Book of Oz pour de l'argent r\u00e9el Verdict rapide : Book of Oz est une machine \u00e0 sous vid\u00e9o tr\u00e8s gratifiante avec une fonction de respin unique qui vous permet de mieux contr\u00f4ler le jeu que la plupart des autres machines \u00e0 sous. Elle propose \u00e9galement des scatters, des symboles sp\u00e9ciaux et des tours gratuits, qui ont tous tendance \u00e0 apporter plus de r\u00e9compenses que [...]<\/p>","protected":false},"author":1,"featured_media":0,"parent":455,"menu_order":0,"comment_status":"closed","ping_status":"closed","template":"","meta":{"_acf_changed":false,"footnotes":""},"class_list":["post-11372","page","type-page","status-publish","hentry"],"acf":[],"yoast_head":"<!-- This site is optimized with the Yoast SEO plugin v26.1.1 - https:\/\/yoast.com\/wordpress\/plugins\/seo\/ -->\n<title>Book of Oz Slot Review | Play for Free<\/title>\n<meta name=\"robots\" content=\"index, follow, max-snippet:-1, max-image-preview:large, max-video-preview:-1\" \/>\n<link rel=\"canonical\" href=\"https:\/\/casinolion.ca\/fr\/online-slots\/book-of-oz\/\" \/>\n<meta property=\"og:locale\" content=\"fr_CA\" \/>\n<meta property=\"og:type\" content=\"article\" \/>\n<meta property=\"og:title\" content=\"Book of Oz Slot Review | Play for Free\" \/>\n<meta property=\"og:description\" content=\"Play Book of Oz for Real Money&nbsp; Quick verdict: Book of Oz is a highly rewarding video slot with a unique respin feature that lets you have more control over the game than most other slots. It also has rewarding Scatters, Special symbols, and Free Spins, all of which tend to bring more rewards than [&hellip;]\" \/>\n<meta property=\"og:url\" content=\"https:\/\/casinolion.ca\/fr\/online-slots\/book-of-oz\/\" \/>\n<meta property=\"article:modified_time\" content=\"2023-08-17T12:40:25+00:00\" \/>\n<meta name=\"twitter:card\" content=\"summary_large_image\" \/>\n<meta name=\"twitter:label1\" content=\"Estimation du temps de lecture\" \/>\n\t<meta name=\"twitter:data1\" content=\"5 minutes\" \/>\n<script type=\"application\/ld+json\" class=\"yoast-schema-graph\">{\"@context\":\"https:\/\/schema.org\",\"@graph\":[{\"@type\":\"WebPage\",\"@id\":\"https:\/\/casinolion.ca\/online-slots\/book-of-oz\/\",\"url\":\"https:\/\/casinolion.ca\/online-slots\/book-of-oz\/\",\"name\":\"Book of Oz Slot Review | Play for Free\",\"isPartOf\":{\"@id\":\"https:\/\/casinolion.ca\/fr\/#website\"},\"datePublished\":\"2020-07-13T04:23:22+00:00\",\"dateModified\":\"2023-08-17T12:40:25+00:00\",\"breadcrumb\":{\"@id\":\"https:\/\/casinolion.ca\/online-slots\/book-of-oz\/#breadcrumb\"},\"inLanguage\":\"fr-CA\",\"potentialAction\":[{\"@type\":\"ReadAction\",\"target\":[\"https:\/\/casinolion.ca\/online-slots\/book-of-oz\/\"]}]},{\"@type\":\"BreadcrumbList\",\"@id\":\"https:\/\/casinolion.ca\/online-slots\/book-of-oz\/#breadcrumb\",\"itemListElement\":[{\"@type\":\"ListItem\",\"position\":1,\"name\":\"Home\",\"item\":\"https:\/\/casinolion.ca\/\"},{\"@type\":\"ListItem\",\"position\":2,\"name\":\"Recommended Canadian Slots Sites\",\"item\":\"https:\/\/casinolion.ca\/online-slots\/\"},{\"@type\":\"ListItem\",\"position\":3,\"name\":\"Book of Oz\"}]},{\"@type\":\"WebSite\",\"@id\":\"https:\/\/casinolion.ca\/fr\/#website\",\"url\":\"https:\/\/casinolion.ca\/fr\/\",\"name\":\"\",\"description\":\"\",\"potentialAction\":[{\"@type\":\"SearchAction\",\"target\":{\"@type\":\"EntryPoint\",\"urlTemplate\":\"https:\/\/casinolion.ca\/fr\/?s={search_term_string}\"},\"query-input\":{\"@type\":\"PropertyValueSpecification\",\"valueRequired\":true,\"valueName\":\"search_term_string\"}}],\"inLanguage\":\"fr-CA\"}]}<\/script>\n<!-- \/ Yoast SEO plugin. -->","yoast_head_json":{"title":"Book of Oz Slot Review | Jouer gratuitement","robots":{"index":"index","follow":"follow","max-snippet":"max-snippet:-1","max-image-preview":"max-image-preview:large","max-video-preview":"max-video-preview:-1"},"canonical":"https:\/\/casinolion.ca\/fr\/online-slots\/book-of-oz\/","og_locale":"fr_CA","og_type":"article","og_title":"Book of Oz Slot Review | Play for Free","og_description":"Play Book of Oz for Real Money&nbsp; Quick verdict: Book of Oz is a highly rewarding video slot with a unique respin feature that lets you have more control over the game than most other slots. It also has rewarding Scatters, Special symbols, and Free Spins, all of which tend to bring more rewards than [&hellip;]","og_url":"https:\/\/casinolion.ca\/fr\/online-slots\/book-of-oz\/","article_modified_time":"2023-08-17T12:40:25+00:00","twitter_card":"summary_large_image","twitter_misc":{"Estimation du temps de lecture":"5 minutes"},"schema":{"@context":"https:\/\/schema.org","@graph":[{"@type":"WebPage","@id":"https:\/\/casinolion.ca\/online-slots\/book-of-oz\/","url":"https:\/\/casinolion.ca\/online-slots\/book-of-oz\/","name":"Book of Oz Slot Review | Jouer gratuitement","isPartOf":{"@id":"https:\/\/casinolion.ca\/fr\/#website"},"datePublished":"2020-07-13T04:23:22+00:00","dateModified":"2023-08-17T12:40:25+00:00","breadcrumb":{"@id":"https:\/\/casinolion.ca\/online-slots\/book-of-oz\/#breadcrumb"},"inLanguage":"fr-CA","potentialAction":[{"@type":"ReadAction","target":["https:\/\/casinolion.ca\/online-slots\/book-of-oz\/"]}]},{"@type":"BreadcrumbList","@id":"https:\/\/casinolion.ca\/online-slots\/book-of-oz\/#breadcrumb","itemListElement":[{"@type":"ListItem","position":1,"name":"Home","item":"https:\/\/casinolion.ca\/"},{"@type":"ListItem","position":2,"name":"Recommended Canadian Slots Sites","item":"https:\/\/casinolion.ca\/online-slots\/"},{"@type":"ListItem","position":3,"name":"Book of Oz"}]},{"@type":"WebSite","@id":"https:\/\/casinolion.ca\/fr\/#website","url":"https:\/\/casinolion.ca\/fr\/","name":"","description":"","potentialAction":[{"@type":"SearchAction","target":{"@type":"EntryPoint","urlTemplate":"https:\/\/casinolion.ca\/fr\/?s={search_term_string}"},"query-input":{"@type":"PropertyValueSpecification","valueRequired":true,"valueName":"search_term_string"}}],"inLanguage":"fr-CA"}]}},"_links":{"self":[{"href":"https:\/\/casinolion.ca\/fr\/wp-json\/wp\/v2\/pages\/11372","targetHints":{"allow":["GET"]}}],"collection":[{"href":"https:\/\/casinolion.ca\/fr\/wp-json\/wp\/v2\/pages"}],"about":[{"href":"https:\/\/casinolion.ca\/fr\/wp-json\/wp\/v2\/types\/page"}],"author":[{"embeddable":true,"href":"https:\/\/casinolion.ca\/fr\/wp-json\/wp\/v2\/users\/1"}],"replies":[{"embeddable":true,"href":"https:\/\/casinolion.ca\/fr\/wp-json\/wp\/v2\/comments?post=11372"}],"version-history":[{"count":0,"href":"https:\/\/casinolion.ca\/fr\/wp-json\/wp\/v2\/pages\/11372\/revisions"}],"up":[{"embeddable":true,"href":"https:\/\/casinolion.ca\/fr\/wp-json\/wp\/v2\/pages\/455"}],"wp:attachment":[{"href":"https:\/\/casinolion.ca\/fr\/wp-json\/wp\/v2\/media?parent=11372"}],"curies":[{"name":"wp","href":"https:\/\/api.w.org\/{rel}","templated":true}]}}