
{"id":11373,"date":"2020-07-13T05:34:20","date_gmt":"2020-07-13T05:34:20","guid":{"rendered":"https:\/\/www.canadiancasinos.ca\/?page_id=11373"},"modified":"2023-08-17T12:39:22","modified_gmt":"2023-08-17T12:39:22","slug":"book-of-tut","status":"publish","type":"page","link":"https:\/\/casinolion.ca\/fr\/online-slots\/book-of-tut\/","title":{"rendered":"Livre de Tut"},"content":{"rendered":"<p><center><a class=\"btn primary\" href=\"https:\/\/casinolion.ca\/fr\/visit\/leo-vegas\/\" target=\"_blank\" rel=\"nofollow noopener noreferrer\">Jouer \u00e0 la machine \u00e0 sous Book of Tut pour de l'argent r\u00e9el<\/a><\/center>&nbsp;<\/p>\n<p><strong><em>Verdict rapide<\/em><\/strong><em>: Book of Tut est une machine \u00e0 sous vid\u00e9o assez populaire de Pragmatic Play que l'on peut trouver sur la majorit\u00e9 des meilleurs sites de casino en ligne. Le jeu comporte dix lignes de paiement et se joue sur cinq rouleaux et trois rang\u00e9es. Le jeu est rapide comme l'\u00e9clair et vous permet d'utiliser des tours rapides et turbo, ainsi que jusqu'\u00e0 100 tours automatiques. Bien qu'il ait un th\u00e8me \u00e9gyptien, les graphismes et les effets sonores de Book of Tut ont un aspect tr\u00e8s arcade. Le jeu a un RTP estim\u00e9 \u00e0 96,5%.<\/em><\/p>\n<h2>L'histoire du Livre de Tut<\/h2>\n<p><em>Livre de Tut<\/em> sortira en mai 2020. Le titre complet du jeu est <em>John Hunter et le livre de Tut<\/em>, et il est \u00e9vident que les d\u00e9veloppeurs se sont inspir\u00e9s du titre populaire Play'n Go <em>Rich Wilde et le livre des morts<\/em> qui a \u00e9t\u00e9 publi\u00e9 en 2016.<\/p>\n<p>Tandis que <em>Livre de Tut <\/em>n'est pas exactement une copie conforme de <em>Livre des morts<\/em>, Les deux jeux pr\u00e9sentent de nombreuses similitudes, notamment en ce qui concerne le th\u00e8me du jeu. L'histoire n'est pas tr\u00e8s d\u00e9velopp\u00e9e, mais il est clair que le personnage principal du jeu (John Hunter) est en quelque sorte en mission d'exploration en \u00c9gypte.<\/p>\n<p>Le champ de jeu est d\u00e9cor\u00e9 de piliers \u00e9gyptiens dor\u00e9s avec en toile de fond le Nil et les pyramides de Gizeh. Les symboles comprennent un scarab\u00e9e, Tout\u00e2nkhamon, une statue dor\u00e9e de Bastet et un portrait de John Hunter. Le jeu <em>Livre de Tut<\/em> sert \u00e0 la fois de joker et de scatter, tandis que les symboles de niveau inf\u00e9rieur sont repr\u00e9sent\u00e9s par des marques de cartes \u00e0 jouer correctement d\u00e9cor\u00e9es.<\/p>\n<h2>Visuels et effets sonores<\/h2>\n<p><em>Livre de Tut<\/em> est un jeu sorti en 2020, vous pouvez donc vous attendre \u00e0 des graphismes de haute qualit\u00e9 et \u00e0 un gameplay fluide. Les rouleaux tournent rapidement et peuvent m\u00eame \u00eatre acc\u00e9l\u00e9r\u00e9s \u00e0 l'aide de la fonction de rotation turbo (en maintenant le bouton d'espacement enfonc\u00e9).<\/p>\n<p><img decoding=\"async\" class=\"alignnone wp-image-11375 size-full\" src=\"https:\/\/www.casinolion.ca\/wp-content\/uploads\/2020\/07\/book-of-tut-screenshot.jpg\" alt=\"\" width=\"765\" height=\"432\" srcset=\"https:\/\/casinolion.ca\/wp-content\/uploads\/2020\/07\/book-of-tut-screenshot.jpg 765w, https:\/\/casinolion.ca\/wp-content\/uploads\/2020\/07\/book-of-tut-screenshot-280x158.jpg 280w, https:\/\/casinolion.ca\/wp-content\/uploads\/2020\/07\/book-of-tut-screenshot-150x85.jpg 150w, https:\/\/casinolion.ca\/wp-content\/uploads\/2020\/07\/book-of-tut-screenshot-64x36.jpg 64w, https:\/\/casinolion.ca\/wp-content\/uploads\/2020\/07\/book-of-tut-screenshot-159x90.jpg 159w\" sizes=\"(max-width: 765px) 100vw, 765px\" \/><\/p>\n<p>L'arri\u00e8re-plan est magnifique, montrant le plateau de Gizeh au sommet de son existence. La sc\u00e8ne semble tr\u00e8s vivante et il y a m\u00eame des \u00e9l\u00e9ments en mouvement, comme le fleuve Nil qui coule et les nuages au-dessus des pyramides. Les rouleaux eux-m\u00eames sont d\u00e9cor\u00e9s, montrant de magnifiques hi\u00e9roglyphes \u00e9gyptiens derri\u00e8re chaque rouleau. Il semble honn\u00eatement que les d\u00e9veloppeurs aient accord\u00e9 une grande attention aux d\u00e9tails et cr\u00e9\u00e9 un terrain de jeu tr\u00e8s pittoresque.<\/p>\n<p>Une musique apaisante de style \u00e9gyptien est diffus\u00e9e en arri\u00e8re-plan pendant toute la dur\u00e9e du jeu, tandis que les effets sonores de la machine d'arcade accompagnent le joueur pendant que les rouleaux tournent. Une bande sonore entra\u00eenante et rythm\u00e9e avec des sons de pi\u00e8ces de monnaie cliqu\u00e9es est jou\u00e9e \u00e0 chaque fois que vous obtenez un tour gagnant.<\/p>\n<h2>L'accent mis sur la jouabilit\u00e9<\/h2>\n<p><em>Livre de Tut<\/em> pr\u00e9sente une disposition famili\u00e8re de 5\u00d73 avec dix lignes de paiement qui rapportent de gauche \u00e0 droite. Seul le gain le plus \u00e9lev\u00e9 est pay\u00e9 par ligne, tandis que les gains sur plusieurs lignes sont additionn\u00e9s. Au moins trois symboles de niveau inf\u00e9rieur et au moins deux symboles de niveau sup\u00e9rieur doivent appara\u00eetre sur une ligne de paiement pour former une combinaison gagnante.<\/p>\n<p>Quant \u00e0 la variance, <em>Livre de Tut<\/em> appartient \u00e0 la cat\u00e9gorie des machines \u00e0 sous \u00e0 haute variance, ce qui signifie que les gains sont moins fr\u00e9quents que d'habitude, mais qu'ils peuvent \u00eatre extr\u00eamement gratifiants lorsqu'ils se produisent. Le gain maximum est de 5 000 fois votre mise, tandis que la valeur des pi\u00e8ces varie entre 0,01 et 1, avec la possibilit\u00e9 de fixer entre une et dix pi\u00e8ces par ligne. Cela signifie que la mise totale peut \u00eatre comprise entre 0,01 et 100, ce qui convient aussi bien aux joueurs de bas niveau qu'aux flambeurs.<\/p>\n<p>Alors que la fonction turbo spin acc\u00e9l\u00e8re le gameplay d\u00e9j\u00e0 rapide, vous pouvez \u00e9galement jouer en mode mains libres gr\u00e2ce \u00e0 l'option autoplay. Vous pouvez activer entre 10 et 100 tours automatiques. En m\u00eame temps, vous pouvez d\u00e9finir d'autres param\u00e8tres pour savoir quand vous voulez que le jeu automatique s'arr\u00eate, comme mettre la fonction en pause lors d'un tour gagnant, l'arr\u00eater si le bonus est gagn\u00e9, l'arr\u00eater si un seul gain d\u00e9passe un certain montant, et plus encore.<\/p>\n<p>Tout cela est familier aux joueurs de machines \u00e0 sous vid\u00e9o les plus exp\u00e9riment\u00e9s, mais m\u00eame les d\u00e9butants comprendront rapidement le gameplay.<\/p>\n<h2>Wilds et bonus<\/h2>\n<p>Sans surprise, le symbole le plus r\u00e9mun\u00e9rateur du jeu est le symbole <em>Livre de Tut.<\/em> Il sert \u00e0 la fois de joker (il remplace tous les autres symboles dans une combinaison) et de scatter (il d\u00e9bloque le tour bonus).<\/p>\n<p><em>Livre de Tut<\/em> agit \u00e9galement comme son propre symbole et rapporte au joueur 200x sa mise si cinq livres apparaissent sur l'une des lignes de paiement.<\/p>\n<p>Lorsqu'au moins trois scatters tombent au cours d'un m\u00eame tour, dix tours gratuits sont attribu\u00e9s. Avant le d\u00e9but de la partie bonus, un symbole al\u00e9atoire est s\u00e9lectionn\u00e9 pour repr\u00e9senter le joker en expansion. Une fois qu'une combinaison gagnante est pay\u00e9e, ce symbole s'\u00e9tend pour couvrir l'ensemble du rouleau sur lequel il est plac\u00e9, ce qui permet de remporter des gains consid\u00e9rables.<\/p>\n<p>Le fait de d\u00e9crocher trois scatters ou plus pendant les tours gratuits d\u00e9clenche dix tours gratuits suppl\u00e9mentaires. Il n'y a pas de limite au nombre de tours gratuits que vous pouvez red\u00e9clencher.<\/p>\n<h2>Livre de Tut RTP %<\/h2>\n<p><em>Livre de Tut<\/em> a un RTP de 96,5%, ce qui est l\u00e9g\u00e8rement sup\u00e9rieur \u00e0 la moyenne de l'industrie. Pour ceux d'entre vous qui ne sont pas familiers avec ce terme, le RTP est l'abr\u00e9viation de Return to Player (retour au joueur) et indique la part de l'argent pari\u00e9 qu'un joueur peut s'attendre \u00e0 recevoir en retour. Ainsi, un RTP de 96,5% signifie que vous r\u00e9cup\u00e9rerez probablement C$96,5 pour chaque C$100 mis\u00e9e.<\/p>\n<p>Comme nous l'avons d\u00e9j\u00e0 mentionn\u00e9, <em>Livre de Tut<\/em> a une variance \u00e9lev\u00e9e, ce qui signifie que les gains sont rares, mais qu'ils peuvent \u00eatre tr\u00e8s gratifiants.<\/p>\n<p>Le jeu est tout ce qu'il y a de plus l\u00e9gal, vous ne devriez donc pas vous inqui\u00e9ter d'\u00eatre tromp\u00e9. Pragmatic Play jouit d'une excellente r\u00e9putation dans l'industrie des jeux d'argent, et tous les jeux de la soci\u00e9t\u00e9 ont \u00e9t\u00e9 test\u00e9s par RNG avant d'\u00eatre lanc\u00e9s.<\/p>\n<h2>R\u00e9flexions finales<\/h2>\n<p><em>Livre de Tut<\/em> pourrait \u00eatre une l\u00e9g\u00e8re copie de <em>Livre des morts<\/em>, mais il s'agit toujours d'un titre tr\u00e8s populaire qui est appr\u00e9ci\u00e9 par des milliers de joueurs chaque jour. Le jeu est tr\u00e8s simple et convient aux joueurs d\u00e9butants, bien que les amateurs de machines \u00e0 sous exp\u00e9riment\u00e9s puissent \u00e9galement le trouver passionnant. Un tour de bonus simple mais potentiellement gratifiant est facile \u00e0 d\u00e9bloquer, vous donnant l'opportunit\u00e9 de cr\u00e9er des combos impressionnants.<\/p>","protected":false},"excerpt":{"rendered":"<p>Jouer \u00e0 la machine \u00e0 sous Book of Tut pour de l'argent r\u00e9el Verdict rapide : Book of Tut est une machine \u00e0 sous vid\u00e9o assez populaire de Pragmatic Play que l'on peut trouver sur la majorit\u00e9 des meilleurs sites de casino en ligne. Le jeu comporte dix lignes de paiement et se joue sur cinq rouleaux et trois rang\u00e9es. Le gameplay est rapide comme l'\u00e9clair, vous permettant de [...]<\/p>","protected":false},"author":1,"featured_media":0,"parent":455,"menu_order":0,"comment_status":"closed","ping_status":"closed","template":"","meta":{"_acf_changed":false,"footnotes":""},"class_list":["post-11373","page","type-page","status-publish","hentry"],"acf":[],"yoast_head":"<!-- This site is optimized with the Yoast SEO plugin v26.1.1 - https:\/\/yoast.com\/wordpress\/plugins\/seo\/ -->\n<title>Book of Tut Slot Review | Play for Free or Real Money<\/title>\n<meta name=\"robots\" content=\"index, follow, max-snippet:-1, max-image-preview:large, max-video-preview:-1\" \/>\n<link rel=\"canonical\" href=\"https:\/\/casinolion.ca\/fr\/online-slots\/book-of-tut\/\" \/>\n<meta property=\"og:locale\" content=\"fr_CA\" \/>\n<meta property=\"og:type\" content=\"article\" \/>\n<meta property=\"og:title\" content=\"Book of Tut Slot Review | Play for Free or Real Money\" \/>\n<meta property=\"og:description\" content=\"Play Book of Tut Slot for Real Money&nbsp; Quick verdict: Book of Tut is a fairly popular video slot from Pragmatic Play that can be found on a majority of top online casino sites. The game features ten paylines and is played across five reels and three rows. The gameplay is lightning-fast, allowing you to [&hellip;]\" \/>\n<meta property=\"og:url\" content=\"https:\/\/casinolion.ca\/fr\/online-slots\/book-of-tut\/\" \/>\n<meta property=\"article:modified_time\" content=\"2023-08-17T12:39:22+00:00\" \/>\n<meta property=\"og:image\" content=\"https:\/\/www.casinolion.ca\/wp-content\/uploads\/2020\/07\/book-of-tut-screenshot.jpg\" \/>\n<meta name=\"twitter:card\" content=\"summary_large_image\" \/>\n<meta name=\"twitter:label1\" content=\"Estimation du temps de lecture\" \/>\n\t<meta name=\"twitter:data1\" content=\"5 minutes\" \/>\n<script type=\"application\/ld+json\" class=\"yoast-schema-graph\">{\"@context\":\"https:\/\/schema.org\",\"@graph\":[{\"@type\":\"WebPage\",\"@id\":\"https:\/\/casinolion.ca\/online-slots\/book-of-tut\/\",\"url\":\"https:\/\/casinolion.ca\/online-slots\/book-of-tut\/\",\"name\":\"Book of Tut Slot Review | Play for Free or Real Money\",\"isPartOf\":{\"@id\":\"https:\/\/casinolion.ca\/fr\/#website\"},\"primaryImageOfPage\":{\"@id\":\"https:\/\/casinolion.ca\/online-slots\/book-of-tut\/#primaryimage\"},\"image\":{\"@id\":\"https:\/\/casinolion.ca\/online-slots\/book-of-tut\/#primaryimage\"},\"thumbnailUrl\":\"https:\/\/www.casinolion.ca\/wp-content\/uploads\/2020\/07\/book-of-tut-screenshot.jpg\",\"datePublished\":\"2020-07-13T05:34:20+00:00\",\"dateModified\":\"2023-08-17T12:39:22+00:00\",\"breadcrumb\":{\"@id\":\"https:\/\/casinolion.ca\/online-slots\/book-of-tut\/#breadcrumb\"},\"inLanguage\":\"fr-CA\",\"potentialAction\":[{\"@type\":\"ReadAction\",\"target\":[\"https:\/\/casinolion.ca\/online-slots\/book-of-tut\/\"]}]},{\"@type\":\"ImageObject\",\"inLanguage\":\"fr-CA\",\"@id\":\"https:\/\/casinolion.ca\/online-slots\/book-of-tut\/#primaryimage\",\"url\":\"https:\/\/www.casinolion.ca\/wp-content\/uploads\/2020\/07\/book-of-tut-screenshot.jpg\",\"contentUrl\":\"https:\/\/www.casinolion.ca\/wp-content\/uploads\/2020\/07\/book-of-tut-screenshot.jpg\"},{\"@type\":\"BreadcrumbList\",\"@id\":\"https:\/\/casinolion.ca\/online-slots\/book-of-tut\/#breadcrumb\",\"itemListElement\":[{\"@type\":\"ListItem\",\"position\":1,\"name\":\"Home\",\"item\":\"https:\/\/casinolion.ca\/\"},{\"@type\":\"ListItem\",\"position\":2,\"name\":\"Recommended Canadian Slots Sites\",\"item\":\"https:\/\/casinolion.ca\/online-slots\/\"},{\"@type\":\"ListItem\",\"position\":3,\"name\":\"Book of Tut\"}]},{\"@type\":\"WebSite\",\"@id\":\"https:\/\/casinolion.ca\/fr\/#website\",\"url\":\"https:\/\/casinolion.ca\/fr\/\",\"name\":\"\",\"description\":\"\",\"potentialAction\":[{\"@type\":\"SearchAction\",\"target\":{\"@type\":\"EntryPoint\",\"urlTemplate\":\"https:\/\/casinolion.ca\/fr\/?s={search_term_string}\"},\"query-input\":{\"@type\":\"PropertyValueSpecification\",\"valueRequired\":true,\"valueName\":\"search_term_string\"}}],\"inLanguage\":\"fr-CA\"}]}<\/script>\n<!-- \/ Yoast SEO plugin. -->","yoast_head_json":{"title":"Book of Tut Slot Review - Jouer gratuitement ou avec de l'argent r\u00e9el","robots":{"index":"index","follow":"follow","max-snippet":"max-snippet:-1","max-image-preview":"max-image-preview:large","max-video-preview":"max-video-preview:-1"},"canonical":"https:\/\/casinolion.ca\/fr\/online-slots\/book-of-tut\/","og_locale":"fr_CA","og_type":"article","og_title":"Book of Tut Slot Review | Play for Free or Real Money","og_description":"Play Book of Tut Slot for Real Money&nbsp; Quick verdict: Book of Tut is a fairly popular video slot from Pragmatic Play that can be found on a majority of top online casino sites. The game features ten paylines and is played across five reels and three rows. The gameplay is lightning-fast, allowing you to [&hellip;]","og_url":"https:\/\/casinolion.ca\/fr\/online-slots\/book-of-tut\/","article_modified_time":"2023-08-17T12:39:22+00:00","og_image":[{"url":"https:\/\/www.casinolion.ca\/wp-content\/uploads\/2020\/07\/book-of-tut-screenshot.jpg","type":"","width":"","height":""}],"twitter_card":"summary_large_image","twitter_misc":{"Estimation du temps de lecture":"5 minutes"},"schema":{"@context":"https:\/\/schema.org","@graph":[{"@type":"WebPage","@id":"https:\/\/casinolion.ca\/online-slots\/book-of-tut\/","url":"https:\/\/casinolion.ca\/online-slots\/book-of-tut\/","name":"Book of Tut Slot Review - Jouer gratuitement ou avec de l'argent r\u00e9el","isPartOf":{"@id":"https:\/\/casinolion.ca\/fr\/#website"},"primaryImageOfPage":{"@id":"https:\/\/casinolion.ca\/online-slots\/book-of-tut\/#primaryimage"},"image":{"@id":"https:\/\/casinolion.ca\/online-slots\/book-of-tut\/#primaryimage"},"thumbnailUrl":"https:\/\/www.casinolion.ca\/wp-content\/uploads\/2020\/07\/book-of-tut-screenshot.jpg","datePublished":"2020-07-13T05:34:20+00:00","dateModified":"2023-08-17T12:39:22+00:00","breadcrumb":{"@id":"https:\/\/casinolion.ca\/online-slots\/book-of-tut\/#breadcrumb"},"inLanguage":"fr-CA","potentialAction":[{"@type":"ReadAction","target":["https:\/\/casinolion.ca\/online-slots\/book-of-tut\/"]}]},{"@type":"ImageObject","inLanguage":"fr-CA","@id":"https:\/\/casinolion.ca\/online-slots\/book-of-tut\/#primaryimage","url":"https:\/\/www.casinolion.ca\/wp-content\/uploads\/2020\/07\/book-of-tut-screenshot.jpg","contentUrl":"https:\/\/www.casinolion.ca\/wp-content\/uploads\/2020\/07\/book-of-tut-screenshot.jpg"},{"@type":"BreadcrumbList","@id":"https:\/\/casinolion.ca\/online-slots\/book-of-tut\/#breadcrumb","itemListElement":[{"@type":"ListItem","position":1,"name":"Home","item":"https:\/\/casinolion.ca\/"},{"@type":"ListItem","position":2,"name":"Recommended Canadian Slots Sites","item":"https:\/\/casinolion.ca\/online-slots\/"},{"@type":"ListItem","position":3,"name":"Book of Tut"}]},{"@type":"WebSite","@id":"https:\/\/casinolion.ca\/fr\/#website","url":"https:\/\/casinolion.ca\/fr\/","name":"","description":"","potentialAction":[{"@type":"SearchAction","target":{"@type":"EntryPoint","urlTemplate":"https:\/\/casinolion.ca\/fr\/?s={search_term_string}"},"query-input":{"@type":"PropertyValueSpecification","valueRequired":true,"valueName":"search_term_string"}}],"inLanguage":"fr-CA"}]}},"_links":{"self":[{"href":"https:\/\/casinolion.ca\/fr\/wp-json\/wp\/v2\/pages\/11373","targetHints":{"allow":["GET"]}}],"collection":[{"href":"https:\/\/casinolion.ca\/fr\/wp-json\/wp\/v2\/pages"}],"about":[{"href":"https:\/\/casinolion.ca\/fr\/wp-json\/wp\/v2\/types\/page"}],"author":[{"embeddable":true,"href":"https:\/\/casinolion.ca\/fr\/wp-json\/wp\/v2\/users\/1"}],"replies":[{"embeddable":true,"href":"https:\/\/casinolion.ca\/fr\/wp-json\/wp\/v2\/comments?post=11373"}],"version-history":[{"count":0,"href":"https:\/\/casinolion.ca\/fr\/wp-json\/wp\/v2\/pages\/11373\/revisions"}],"up":[{"embeddable":true,"href":"https:\/\/casinolion.ca\/fr\/wp-json\/wp\/v2\/pages\/455"}],"wp:attachment":[{"href":"https:\/\/casinolion.ca\/fr\/wp-json\/wp\/v2\/media?parent=11373"}],"curies":[{"name":"wp","href":"https:\/\/api.w.org\/{rel}","templated":true}]}}