
{"id":11377,"date":"2020-07-13T05:52:51","date_gmt":"2020-07-13T05:52:51","guid":{"rendered":"https:\/\/www.canadiancasinos.ca\/?page_id=11377"},"modified":"2023-08-17T12:37:58","modified_gmt":"2023-08-17T12:37:58","slug":"piggy-riches-megaways","status":"publish","type":"page","link":"https:\/\/casinolion.ca\/fr\/online-slots\/piggy-riches-megaways\/","title":{"rendered":"Piggy Riches Megaways"},"content":{"rendered":"<div id=\"PlayFreeGame\" class=\"game_box\" style=\"padding-bottom: 75%; margin-bottom: 30px; background-size:cover; background-repeat:no-repeat;background-color:  #d24d57; background-image: url('https:\/\/a1.lcb.org\/system\/modules\/game\/images\/attachments\/000\/431\/796\/original\/Piggy_riches1.png?1658906847');\">\n                        <i class=\"fas fa-play-circle\"><\/i>\n                     <\/div>\n                     <script>\n                        let iframe = '<iframe loading=\"lazy\" src=\"https:\/\/slotslaunch.com\/iframe\/4472?token=rvgmcR4z0DADcCv3Hy0pVy9HQf7iaZ9tGNS9qWMaoIJPRjmw38\" width=\"930\" height=\"576\" frameborder=\"0\" allowTransparency=\"true\" bgcolor=\"#FFFFFF\" style=\"background-color: black;\"><\/iframe>';\n                        let holder = document.querySelector(\"#PlayFreeGame\");\n                        holder.addEventListener(\"click\", function(){\n                            holder.innerHTML = iframe;\n                        });\n                    <\/script><h2 id=\"Piggy-Riches-MegaWays-data-and-features\">Donn\u00e9es et caract\u00e9ristiques de Piggy Riches MegaWays<\/h2>\n                <table class=\"tablepress\">\n                    <tbody><tr><td><strong>Enrouleurs<\/strong><\/td><td>6<\/td><\/tr><tr><td><strong>Lignes de paiement<\/strong><\/td><td>32767<\/td><\/tr><tr><td><strong>Jackpot maximum<\/strong><\/td><td>$10,000.00<\/td><\/tr><tr><td><strong>Pourcentage de paiement<\/strong><\/td><td>95.710<\/td><\/tr><tr><td><strong>Symbole Wild<\/strong><\/td><td>Oui<\/td><\/tr><tr><td><strong>Multiplicateur<\/strong><\/td><td>Oui<\/td><\/tr><tr><td><strong>Gamme de paris<\/strong><\/td><td>0.2 - 10<\/td><\/tr><tr><td><strong>Plage de mise des pi\u00e8ces<\/strong><\/td><td>0.01 - 1<\/td><\/tr><tr><td><strong>Progressif<\/strong><\/td><td>Non<\/td><\/tr><tr><td><strong>Max coins jackpot<\/strong><\/td><td>10000<\/td><\/tr><tr><td><strong>Pi\u00e8ces maximales<\/strong><\/td><td>1<\/td><\/tr><tr><td><strong>Symbole Scatter<\/strong><\/td><td>Oui<\/td><\/tr><tr><td><strong>Tours gratuits disponibles<\/strong><\/td><td>Oui<\/td><\/tr><tr><td><strong>Jeu bonus<\/strong><\/td><td>Oui<\/td><\/tr><tr><td><strong>Acheter la fonctionnalit\u00e9<\/strong><\/td><td>Non<\/td><\/tr><tr><td><strong>Th\u00e8me du jeu<\/strong><\/td><td>Animaux, pierres pr\u00e9cieuses et bijoux<\/td><\/tr><tr><td><strong>Volatilit\u00e9<\/strong><\/td><td>Haut<\/td><\/tr><\/tbody><\/table>\n<p><center><a class=\"btn primary\" href=\"https:\/\/casinolion.ca\/fr\/visit\/leo-vegas\/\" target=\"_blank\" rel=\"nofollow noopener noreferrer\">Jouer \u00e0 la machine \u00e0 sous Piggy Riches Megaways pour de l'argent r\u00e9el<\/a><\/center>&nbsp;<\/p>\n<p><strong><em>Verdict rapide : <\/em><\/strong><em>Piggy Riches Megaways est une machine \u00e0 sous \u00e0 haute volatilit\u00e9 issue de la collaboration entre Net Ent et Red Tiger Gaming. Le jeu est dot\u00e9 de la m\u00e9canique Megaways\u2122 qui vous permet de cr\u00e9er une combinaison gagnante sur 117 649 lignes de paiement. La machine \u00e0 sous m\u00e9lange deux choses qui sont quelque peu difficiles \u00e0 combiner - les cochons et la richesse, vous apportant de riches monsieur et madame Cochon qui pourraient partager un peu de leur fortune avec des joueurs chanceux. <\/em><\/p>\n<h2>L'histoire de Piggy Riches Megaways<\/h2>\n<p>Dans le monde o\u00f9 les cochons sont des \u00eatres sensibles, certains M. et Mme Cochon ont travaill\u00e9 tr\u00e8s dur et ont eu beaucoup de chance. Ils sont devenus riches et c\u00e9l\u00e8bres. Ils vivent maintenant dans un immense manoir et appr\u00e9cient le style de vie des cochons riches qui sont pr\u00eats \u00e0 partager une partie de leur richesse avec les personnes qui visitent leur maison.<\/p>\n<p>C'est la raison principale pour laquelle cette machine \u00e0 sous se d\u00e9roule \u00e0 l'entr\u00e9e de leur manoir. Les joueurs peuvent voir des for\u00eats, des fontaines, une haie et, bien s\u00fbr, la magnifique propri\u00e9t\u00e9 o\u00f9 M. et Mme Pig m\u00e8nent une vie heureuse et luxueuse.<\/p>\n<p>Ce jeu sort du lot gr\u00e2ce \u00e0 son th\u00e8me original. Bien qu'il semble impossible de combiner cochons et richesse, Red Tiger Gaming a tout de m\u00eame r\u00e9ussi \u00e0 le faire avec l'aide de Net Ent. Le r\u00e9sultat est Piggy Riches qui a attir\u00e9 des centaines de joueurs.<\/p>\n<p>C'est pourquoi le fournisseur de contenu a d\u00e9cid\u00e9 de remanier ce jeu et d'y ajouter le m\u00e9canisme Megaways. Cependant, cette fonctionnalit\u00e9 n'est pas la seule chose qui a \u00e9t\u00e9 ajout\u00e9e au jeu. En fait, les graphismes ont \u00e9t\u00e9 mis \u00e0 jour, car il y a une nette diff\u00e9rence entre les visuels du jeu original et ceux de Piggy Riches Megaways. En parlant de graphismes, discutons des effets sonores du jeu.<\/p>\n<h2>Visuels et effets sonores de Piggy Riches Megaways<\/h2>\n<p>Les concepteurs ont fait un travail remarquable pour repr\u00e9senter le manoir en arri\u00e8re-plan, ainsi que tous les symboles sur les rouleaux. Le jeu ne doit pas \u00eatre pris au s\u00e9rieux, et c'est ce que les concepteurs ont voulu souligner, surtout si vous pr\u00eatez attention aux sculptures anim\u00e9es d'anges-cochons en arri\u00e8re-plan.<\/p>\n<p><img decoding=\"async\" class=\"alignnone size-full wp-image-11379\" src=\"https:\/\/www.casinolion.ca\/wp-content\/uploads\/2020\/07\/piggy-riches-megaways-screenshot.jpg\" alt=\"\" width=\"766\" height=\"430\" srcset=\"https:\/\/casinolion.ca\/wp-content\/uploads\/2020\/07\/piggy-riches-megaways-screenshot.jpg 766w, https:\/\/casinolion.ca\/wp-content\/uploads\/2020\/07\/piggy-riches-megaways-screenshot-280x157.jpg 280w, https:\/\/casinolion.ca\/wp-content\/uploads\/2020\/07\/piggy-riches-megaways-screenshot-150x84.jpg 150w, https:\/\/casinolion.ca\/wp-content\/uploads\/2020\/07\/piggy-riches-megaways-screenshot-64x36.jpg 64w, https:\/\/casinolion.ca\/wp-content\/uploads\/2020\/07\/piggy-riches-megaways-screenshot-160x90.jpg 160w\" sizes=\"(max-width: 766px) 100vw, 766px\" \/><\/p>\n<p>La musique swing en arri\u00e8re-plan correspond parfaitement \u00e0 l'atmosph\u00e8re, rendant l'exp\u00e9rience immersive et introduisant les joueurs dans le monde des cochons riches.<\/p>\n<p>Le jeu poss\u00e8de toujours l'atmosph\u00e8re unique qui a \u00e9t\u00e9 introduite dans le titre original. Par cons\u00e9quent, si vous avez appr\u00e9ci\u00e9 les visuels et les effets sonores de Piggy Riches, vous appr\u00e9cierez Piggy Riches Megaways.<\/p>\n<h2>Gameplay de Piggy Riches<\/h2>\n<p>Piggy Riches Megaways utilise la m\u00e9canique Megaways qui permet de cr\u00e9er une combinaison gagnante de l'une des 117 649 fa\u00e7ons possibles. Bien qu'il y ait six rouleaux, le nombre de symboles sur chaque rouleau peut varier et peut aller jusqu'\u00e0 sept. Ce nombre est d\u00e9termin\u00e9 de mani\u00e8re al\u00e9atoire et, si vous parvenez \u00e0 placer le nombre maximum de symboles sur chaque rouleau, vous pourrez peut-\u00eatre atteindre le nombre maximum de voies de paiement.<\/p>\n<p>En fonction du nombre total de symboles sur les rouleaux, le m\u00e9canisme Megaways vous indiquera le nombre total de lignes de paiement possibles pour ce tour.<\/p>\n<p>Comme le nombre de lignes n'est pas le m\u00eame sur chaque rouleau, il est important d'obtenir le m\u00eame symbole sur les rouleaux de gauche \u00e0 droite pour qu'ils comptent. Par exemple, si un symbole identique est pr\u00e9sent sur les six rouleaux, vous obtiendrez un gain important, m\u00eame si ces symboles ne se trouvent pas sur la m\u00eame ligne. Cependant, si le symbole n'est pas pr\u00e9sent sur le deuxi\u00e8me rouleau, vous ne pourrez pas former de combo. En d'autres termes, la combinaison de symboles est prise en compte m\u00eame s'ils se trouvent simplement sur les rouleaux et ne forment pas une ligne, comme c'est le cas dans de nombreuses autres machines \u00e0 sous en ligne. C'est la raison pour laquelle le m\u00e9canisme des Megaways est si populaire parmi les amateurs de machines \u00e0 sous.<\/p>\n<p>Il y a cinq symboles qui rapportent beaucoup et cinq symboles qui rapportent peu. Les symboles qui rapportent le plus sont le sac d'or, le ch\u00e8que en or, la cl\u00e9, le portefeuille et la tirelire. Les symboles peu r\u00e9mun\u00e9rateurs sont le 10, le J, le Q, le K et le A. En outre, il existe deux symboles sp\u00e9ciaux : le Wild et le Scatter. Voyons ce qu'ils peuvent faire.<\/p>\n<h2>Wilds et bonus dans Piggy Riches Megaways<\/h2>\n<p>Piggy Riches Megaways propose plusieurs fonctions bonus passionnantes. La plus importante est la fonction Free Spins qui se d\u00e9clenche si vous obtenez trois symboles Scatter n'importe o\u00f9 sur les rouleaux.<\/p>\n<p>Une fois que cela se produit, la roue appara\u00eet et vous avez la possibilit\u00e9 de gagner jusqu'\u00e0 22 tours gratuits avec un multiplicateur de x10.<\/p>\n<p>Outre le Scatter, ce jeu propose \u00e9galement un puissant symbole Wild repr\u00e9sent\u00e9 par le riche M. Pig. Ces Wilds couvrent une bobine enti\u00e8re et sont accompagn\u00e9s d'un multiplicateur pouvant aller jusqu'\u00e0 x7. En d'autres termes, les joueurs chanceux auront l'opportunit\u00e9 de cr\u00e9er des gains importants s'ils obtiennent un multiplicateur Wild x7.<\/p>\n<h2>Le RTP du jeu Piggy Riches Megaways<\/h2>\n<p>Cette machine \u00e0 sous vid\u00e9o en ligne a un RTP de 95,7%, ce qui est plut\u00f4t bon. Elle appartient au groupe des machines \u00e0 sous \u00e0 forte volatilit\u00e9, mais les joueurs peuvent s'attendre \u00e0 recevoir de petits prix plus fr\u00e9quemment. Dans l'ensemble, Piggy Riches Megaways est bas\u00e9 sur un mod\u00e8le bien \u00e9quilibr\u00e9 qui peut occuper les joueurs pendant des heures.<\/p>\n<h2>Verdict final<\/h2>\n<p>Piggy Riches Megaways est la version r\u00e9\u00e9dit\u00e9e du jeu original Piggy Riches. Outre l'ajout du m\u00e9canisme Megaways, le jeu a \u00e9galement \u00e9t\u00e9 remani\u00e9 sur le plan visuel et est d\u00e9sormais beaucoup plus beau.<\/p>\n<p>Le m\u00e9canisme Megaways a \u00e9t\u00e9 cr\u00e9\u00e9 par Big Time Gaming qui a d\u00e9livr\u00e9 la licence \u00e0 Red Tiger. C'est pourquoi vous pouvez maintenant profiter de la version am\u00e9lior\u00e9e de ce jeu populaire qui vous offre l'opportunit\u00e9 de cr\u00e9er de gros gains.<\/p>\n<p>En r\u00e9sum\u00e9, Piggy Riches Megaways est une excellente machine \u00e0 sous vid\u00e9o en ligne avec un excellent RTP th\u00e9orique et plusieurs fonctionnalit\u00e9s passionnantes. Les joueurs chanceux auront la possibilit\u00e9 de cr\u00e9er des combos de milliers de fa\u00e7ons diff\u00e9rentes et de rejoindre les riches cochons dans leur manoir.<\/p>","protected":false},"excerpt":{"rendered":"<p>Jouer \u00e0 la machine \u00e0 sous Piggy Riches Megaways pour de l'argent r\u00e9el Verdict rapide : Piggy Riches Megaways est une machine \u00e0 sous \u00e0 haute volatilit\u00e9 issue de la collaboration entre Net Ent et Red Tiger Gaming. Le jeu propose la m\u00e9canique Megaways\u2122 qui vous permet de cr\u00e9er une combinaison gagnante sur 117 649 lignes de paiement. La machine \u00e0 sous m\u00e9lange deux choses qui [...]<\/p>","protected":false},"author":1,"featured_media":0,"parent":455,"menu_order":0,"comment_status":"closed","ping_status":"closed","template":"","meta":{"_acf_changed":false,"footnotes":""},"class_list":["post-11377","page","type-page","status-publish","hentry"],"acf":[],"yoast_head":"<!-- This site is optimized with the Yoast SEO plugin v26.1.1 - https:\/\/yoast.com\/wordpress\/plugins\/seo\/ -->\n<title>Piggy Riches Megaways Slot Review | Play for Free or Real Money<\/title>\n<meta name=\"robots\" content=\"index, follow, max-snippet:-1, max-image-preview:large, max-video-preview:-1\" \/>\n<link rel=\"canonical\" href=\"https:\/\/casinolion.ca\/fr\/online-slots\/piggy-riches-megaways\/\" \/>\n<meta property=\"og:locale\" content=\"fr_CA\" \/>\n<meta property=\"og:type\" content=\"article\" \/>\n<meta property=\"og:title\" content=\"Piggy Riches Megaways Slot Review | Play for Free or Real Money\" \/>\n<meta property=\"og:description\" content=\"Play Piggy Riches Megaways Slot for Real Money&nbsp; Quick verdict: Piggy Riches Megaways is a high-volatility slot that\u2019s made as a result of the collaboration between Net Ent and Red Tiger Gaming. The game features the Megaways\u2122 mechanic that allows you to create a winning combination on 117,649 paylines. The slot blends two things that [&hellip;]\" \/>\n<meta property=\"og:url\" content=\"https:\/\/casinolion.ca\/fr\/online-slots\/piggy-riches-megaways\/\" \/>\n<meta property=\"article:modified_time\" content=\"2023-08-17T12:37:58+00:00\" \/>\n<meta property=\"og:image\" content=\"https:\/\/www.casinolion.ca\/wp-content\/uploads\/2020\/07\/piggy-riches-megaways-screenshot.jpg\" \/>\n<meta name=\"twitter:card\" content=\"summary_large_image\" \/>\n<meta name=\"twitter:label1\" content=\"Estimation du temps de lecture\" \/>\n\t<meta name=\"twitter:data1\" content=\"5 minutes\" \/>\n<script type=\"application\/ld+json\" class=\"yoast-schema-graph\">{\"@context\":\"https:\/\/schema.org\",\"@graph\":[{\"@type\":\"WebPage\",\"@id\":\"https:\/\/casinolion.ca\/online-slots\/piggy-riches-megaways\/\",\"url\":\"https:\/\/casinolion.ca\/online-slots\/piggy-riches-megaways\/\",\"name\":\"Piggy Riches Megaways Slot Review | Play for Free or Real Money\",\"isPartOf\":{\"@id\":\"https:\/\/casinolion.ca\/fr\/#website\"},\"primaryImageOfPage\":{\"@id\":\"https:\/\/casinolion.ca\/online-slots\/piggy-riches-megaways\/#primaryimage\"},\"image\":{\"@id\":\"https:\/\/casinolion.ca\/online-slots\/piggy-riches-megaways\/#primaryimage\"},\"thumbnailUrl\":\"https:\/\/www.casinolion.ca\/wp-content\/uploads\/2020\/07\/piggy-riches-megaways-screenshot.jpg\",\"datePublished\":\"2020-07-13T05:52:51+00:00\",\"dateModified\":\"2023-08-17T12:37:58+00:00\",\"breadcrumb\":{\"@id\":\"https:\/\/casinolion.ca\/online-slots\/piggy-riches-megaways\/#breadcrumb\"},\"inLanguage\":\"fr-CA\",\"potentialAction\":[{\"@type\":\"ReadAction\",\"target\":[\"https:\/\/casinolion.ca\/online-slots\/piggy-riches-megaways\/\"]}]},{\"@type\":\"ImageObject\",\"inLanguage\":\"fr-CA\",\"@id\":\"https:\/\/casinolion.ca\/online-slots\/piggy-riches-megaways\/#primaryimage\",\"url\":\"https:\/\/www.casinolion.ca\/wp-content\/uploads\/2020\/07\/piggy-riches-megaways-screenshot.jpg\",\"contentUrl\":\"https:\/\/www.casinolion.ca\/wp-content\/uploads\/2020\/07\/piggy-riches-megaways-screenshot.jpg\"},{\"@type\":\"BreadcrumbList\",\"@id\":\"https:\/\/casinolion.ca\/online-slots\/piggy-riches-megaways\/#breadcrumb\",\"itemListElement\":[{\"@type\":\"ListItem\",\"position\":1,\"name\":\"Home\",\"item\":\"https:\/\/casinolion.ca\/\"},{\"@type\":\"ListItem\",\"position\":2,\"name\":\"Recommended Canadian Slots Sites\",\"item\":\"https:\/\/casinolion.ca\/online-slots\/\"},{\"@type\":\"ListItem\",\"position\":3,\"name\":\"Piggy Riches Megaways\"}]},{\"@type\":\"WebSite\",\"@id\":\"https:\/\/casinolion.ca\/fr\/#website\",\"url\":\"https:\/\/casinolion.ca\/fr\/\",\"name\":\"\",\"description\":\"\",\"potentialAction\":[{\"@type\":\"SearchAction\",\"target\":{\"@type\":\"EntryPoint\",\"urlTemplate\":\"https:\/\/casinolion.ca\/fr\/?s={search_term_string}\"},\"query-input\":{\"@type\":\"PropertyValueSpecification\",\"valueRequired\":true,\"valueName\":\"search_term_string\"}}],\"inLanguage\":\"fr-CA\"}]}<\/script>\n<!-- \/ Yoast SEO plugin. -->","yoast_head_json":{"title":"Piggy Riches Megaways Slot Review | Jouer gratuitement ou avec de l'argent r\u00e9el","robots":{"index":"index","follow":"follow","max-snippet":"max-snippet:-1","max-image-preview":"max-image-preview:large","max-video-preview":"max-video-preview:-1"},"canonical":"https:\/\/casinolion.ca\/fr\/online-slots\/piggy-riches-megaways\/","og_locale":"fr_CA","og_type":"article","og_title":"Piggy Riches Megaways Slot Review | Play for Free or Real Money","og_description":"Play Piggy Riches Megaways Slot for Real Money&nbsp; Quick verdict: Piggy Riches Megaways is a high-volatility slot that\u2019s made as a result of the collaboration between Net Ent and Red Tiger Gaming. The game features the Megaways\u2122 mechanic that allows you to create a winning combination on 117,649 paylines. The slot blends two things that [&hellip;]","og_url":"https:\/\/casinolion.ca\/fr\/online-slots\/piggy-riches-megaways\/","article_modified_time":"2023-08-17T12:37:58+00:00","og_image":[{"url":"https:\/\/www.casinolion.ca\/wp-content\/uploads\/2020\/07\/piggy-riches-megaways-screenshot.jpg","type":"","width":"","height":""}],"twitter_card":"summary_large_image","twitter_misc":{"Estimation du temps de lecture":"5 minutes"},"schema":{"@context":"https:\/\/schema.org","@graph":[{"@type":"WebPage","@id":"https:\/\/casinolion.ca\/online-slots\/piggy-riches-megaways\/","url":"https:\/\/casinolion.ca\/online-slots\/piggy-riches-megaways\/","name":"Piggy Riches Megaways Slot Review | Jouer gratuitement ou avec de l'argent r\u00e9el","isPartOf":{"@id":"https:\/\/casinolion.ca\/fr\/#website"},"primaryImageOfPage":{"@id":"https:\/\/casinolion.ca\/online-slots\/piggy-riches-megaways\/#primaryimage"},"image":{"@id":"https:\/\/casinolion.ca\/online-slots\/piggy-riches-megaways\/#primaryimage"},"thumbnailUrl":"https:\/\/www.casinolion.ca\/wp-content\/uploads\/2020\/07\/piggy-riches-megaways-screenshot.jpg","datePublished":"2020-07-13T05:52:51+00:00","dateModified":"2023-08-17T12:37:58+00:00","breadcrumb":{"@id":"https:\/\/casinolion.ca\/online-slots\/piggy-riches-megaways\/#breadcrumb"},"inLanguage":"fr-CA","potentialAction":[{"@type":"ReadAction","target":["https:\/\/casinolion.ca\/online-slots\/piggy-riches-megaways\/"]}]},{"@type":"ImageObject","inLanguage":"fr-CA","@id":"https:\/\/casinolion.ca\/online-slots\/piggy-riches-megaways\/#primaryimage","url":"https:\/\/www.casinolion.ca\/wp-content\/uploads\/2020\/07\/piggy-riches-megaways-screenshot.jpg","contentUrl":"https:\/\/www.casinolion.ca\/wp-content\/uploads\/2020\/07\/piggy-riches-megaways-screenshot.jpg"},{"@type":"BreadcrumbList","@id":"https:\/\/casinolion.ca\/online-slots\/piggy-riches-megaways\/#breadcrumb","itemListElement":[{"@type":"ListItem","position":1,"name":"Home","item":"https:\/\/casinolion.ca\/"},{"@type":"ListItem","position":2,"name":"Recommended Canadian Slots Sites","item":"https:\/\/casinolion.ca\/online-slots\/"},{"@type":"ListItem","position":3,"name":"Piggy Riches Megaways"}]},{"@type":"WebSite","@id":"https:\/\/casinolion.ca\/fr\/#website","url":"https:\/\/casinolion.ca\/fr\/","name":"","description":"","potentialAction":[{"@type":"SearchAction","target":{"@type":"EntryPoint","urlTemplate":"https:\/\/casinolion.ca\/fr\/?s={search_term_string}"},"query-input":{"@type":"PropertyValueSpecification","valueRequired":true,"valueName":"search_term_string"}}],"inLanguage":"fr-CA"}]}},"_links":{"self":[{"href":"https:\/\/casinolion.ca\/fr\/wp-json\/wp\/v2\/pages\/11377","targetHints":{"allow":["GET"]}}],"collection":[{"href":"https:\/\/casinolion.ca\/fr\/wp-json\/wp\/v2\/pages"}],"about":[{"href":"https:\/\/casinolion.ca\/fr\/wp-json\/wp\/v2\/types\/page"}],"author":[{"embeddable":true,"href":"https:\/\/casinolion.ca\/fr\/wp-json\/wp\/v2\/users\/1"}],"replies":[{"embeddable":true,"href":"https:\/\/casinolion.ca\/fr\/wp-json\/wp\/v2\/comments?post=11377"}],"version-history":[{"count":0,"href":"https:\/\/casinolion.ca\/fr\/wp-json\/wp\/v2\/pages\/11377\/revisions"}],"up":[{"embeddable":true,"href":"https:\/\/casinolion.ca\/fr\/wp-json\/wp\/v2\/pages\/455"}],"wp:attachment":[{"href":"https:\/\/casinolion.ca\/fr\/wp-json\/wp\/v2\/media?parent=11377"}],"curies":[{"name":"wp","href":"https:\/\/api.w.org\/{rel}","templated":true}]}}