
{"id":11793,"date":"2020-08-14T04:21:32","date_gmt":"2020-08-14T04:21:32","guid":{"rendered":"https:\/\/www.canadiancasinos.ca\/?page_id=11793"},"modified":"2024-01-03T07:33:13","modified_gmt":"2024-01-03T07:33:13","slug":"egt","status":"publish","type":"page","link":"https:\/\/casinolion.ca\/fr\/egt\/","title":{"rendered":"EGT"},"content":{"rendered":"<h2>Revue du logiciel de casino EGT<\/h2>\n<p>EGT est l'un des plus anciens fournisseurs de logiciels de l'industrie des jeux d'argent en ligne. La soci\u00e9t\u00e9 a \u00e9t\u00e9 fond\u00e9e en 2002 \u00e0 Sofia, la capitale de la Bulgarie, un petit pays europ\u00e9en. Apr\u00e8s avoir connu le succ\u00e8s en Bulgarie, la soci\u00e9t\u00e9 a \u00e9tendu ses services \u00e0 d'autres march\u00e9s, notamment la Russie, l'Am\u00e9rique du Sud et l'Am\u00e9rique centrale, l'Asie, l'Afrique et de nombreux autres pays europ\u00e9ens.<\/p>\n<p>Les joueurs d\u00e9butants et les joueurs plus exp\u00e9riment\u00e9s font l'\u00e9loge des jeux EGT car ils sont consid\u00e9r\u00e9s comme simples \u00e0 jouer, mais tr\u00e8s efficaces. Si vous souhaitez en savoir plus sur les principales caract\u00e9ristiques qui font d'EGT l'un des fournisseurs de logiciels les plus r\u00e9put\u00e9s, continuez \u00e0 lire notre revue EGT.<\/p>\n<h2>Casinos EGT recommand\u00e9s<\/h2>\n\n<h2>EGT - Catalogue des jeux<\/h2>\n<p>Bien que la premi\u00e8re cible de la soci\u00e9t\u00e9 ait \u00e9t\u00e9 les casinos terrestres, avec l'essor de la technologie et des casinos en ligne, la soci\u00e9t\u00e9 a rapidement donn\u00e9 une nouvelle vie \u00e0 ses jeux standard et les a adapt\u00e9s au march\u00e9 en ligne hautement comp\u00e9titif. En outre, la majorit\u00e9 des jeux EGT sont disponibles dans les<em> mode ludique<\/em>, Cela signifie que les joueurs peuvent essayer les jeux avant de s'engager dans un jeu ou un casino en particulier.<\/p>\n<p>Comme les jeux EGT sont originaires des casinos traditionnels, une abondance de jeux EGT a conserv\u00e9 un aspect classique et \u00e9l\u00e9gant. Les joueurs peuvent s'attendre \u00e0 ce qu'il en soit de m\u00eame pour le gameplay, car la plupart des jeux ont ces caract\u00e9ristiques classiques qui vous donnent l'impression d'\u00eatre dans un vrai casino.<\/p>\n<p>EGT propose une pl\u00e9thore de jeux de machines \u00e0 sous uniques et de nombreux autres jeux de casino, tels que la roulette, le vid\u00e9o poker et le blackjack. Si vous avez d\u00e9j\u00e0 jou\u00e9 dans un casino en ligne, vous avez probablement d\u00e9couvert certains des jeux les plus populaires d'EGT, notamment <em>Amazing Amazonia, Dice &amp; Roll, Flaming Hot, Witches Charm, Dragon Reels,<\/em> etc.<\/p>\n<p>Avec plus de 15 ans d'exp\u00e9rience, EGT a prouv\u00e9 sa capacit\u00e9 \u00e0 fid\u00e9liser les joueurs et \u00e0 en attirer de nouveaux gr\u00e2ce \u00e0 la qualit\u00e9 exquise de ses machines \u00e0 sous vid\u00e9o, \u00e0 son RTP attrayant et \u00e0 un certain nombre de licences accord\u00e9es par les principales autorit\u00e9s de jeu du monde.<\/p>\n<h2>Avantages des casinos EGT<\/h2>\n<p>Comme nous l'avons d\u00e9j\u00e0 mentionn\u00e9, les jeux EGT sont assez faciles \u00e0 suivre et la plupart des joueurs appr\u00e9cient la simplicit\u00e9 des jeux. En plus de fournir des jeux de haute qualit\u00e9, la soci\u00e9t\u00e9 donne la priorit\u00e9 \u00e0 ses utilisateurs et \u00e9coute leurs commentaires. EGT met continuellement \u00e0 jour et promeut de nouveaux jeux car les demandes des joueurs changent et s'\u00e9largissent constamment. Ainsi, les joueurs peuvent s'attendre \u00e0 la fois \u00e0 la qualit\u00e9 et \u00e0 la quantit\u00e9 lorsqu'il s'agit des jeux EGT.<\/p>\n<p>EGT promeut une interface utilisateur tr\u00e8s attentive, ce qui signifie que les joueurs du monde entier pourront profiter des jeux EGT car ils valent plus que votre temps et votre argent. Les casinos EGT sont disponibles en plusieurs langues, comme l'espagnol, le bulgare et l'anglais.<\/p>\n<p>Avec plus de 250 jeux dans son catalogue, EGT ne cesse d'attirer l'attention sur son travail. Nous allons examiner certaines des caract\u00e9ristiques cl\u00e9s de la soci\u00e9t\u00e9 qui lui permettent de briller, alors continuez \u00e0 lire.<\/p>\n<h3>Bonus et promotions<\/h3>\n<p>Il n'est pas surprenant que les casinos EGT offrent des tonnes de bonus et de promotions qui conviennent \u00e0 tous les joueurs, quelles que soient leurs pr\u00e9f\u00e9rences.<\/p>\n<p>Tous les bonus et promotions approuv\u00e9s par EGT sont divis\u00e9s en quelques cat\u00e9gories diff\u00e9rentes, le bonus de bienvenue sur d\u00e9p\u00f4t \u00e9tant le bonus le plus appr\u00e9ci\u00e9 et le plus promu. Les nouveaux joueurs se verront offrir un bonus de 100% sur d\u00e9p\u00f4t jusqu'\u00e0 un certain montant qu'ils pourront utiliser une fois qu'ils auront effectu\u00e9 leur premier d\u00e9p\u00f4t. De m\u00eame, certains de ces bonus incluent des tours gratuits dans le cadre du package de bienvenue. Les tours gratuits sont une opportunit\u00e9 incroyable de maximiser vos gains sur vos jeux de machines \u00e0 sous pr\u00e9f\u00e9r\u00e9s.<\/p>\n<p>Les autres promotions comprennent les bonus sans d\u00e9p\u00f4t, les bonus de recharge, les promotions hebdomadaires et mensuelles et les syst\u00e8mes de r\u00e9compenses. Lorsque les joueurs deviennent des utilisateurs fid\u00e8les d'un site web particulier, ils peuvent s'attendre \u00e0 \u00eatre trait\u00e9s comme des VIP.<\/p>\n<p>La plupart des joueurs seront ravis d'apprendre que le syst\u00e8me de jackpot est divis\u00e9 en quatre niveaux. Alors que les joueurs profitent des jeux, ils peuvent \u00eatre surpris par le bonus de jackpot al\u00e9atoire. Le bonus de jackpot garantit un gain sur l'un des niveaux - Tr\u00e8fle, Carreau, C\u0153ur et Pique.<\/p>\n<h3>Slot RTP<\/h3>\n<p>Ce qui distingue les jeux de machines \u00e0 sous d'EGT dans le monde tr\u00e8s comp\u00e9titif des jeux d'argent en ligne, c'est leur pourcentage de RTP (retour au joueur). Si vous n'avez jamais jou\u00e9 aux machines \u00e0 sous, vous devez savoir qu'un RTP moyen est consid\u00e9r\u00e9 comme \u00e9tant de 96%, ce qui signifie que les RTP inf\u00e9rieurs ne sont pas tr\u00e8s favorables aux joueurs, tandis que les RTP sup\u00e9rieurs pr\u00e9sentent les jeux les plus populaires en ligne.<\/p>\n<p>C'est pourquoi les jeux de machines \u00e0 sous EGT ont des RTP tr\u00e8s \u00e9lev\u00e9s, et de nombreux joueurs se tournent vers leurs jeux pour cette raison. Vous pouvez vous attendre \u00e0 ce que la plupart des jeux aient un RTP d'au moins 96%, mais beaucoup ont un pourcentage plus \u00e9lev\u00e9. Par exemple, <em>100 Super Dice<\/em> dispose d'un 97% et <em>5 d\u00e9s chauds<\/em> a 97.01%.<\/p>\n<p>Cependant, certains jeux auraient besoin d'un coup de pouce en ce qui concerne le pourcentage de RTP.<\/p>\n<h3>Jeux mobiles<\/h3>\n<p>Ce que la plupart des joueurs veulent entendre, c'est que les fournisseurs de logiciels \u00e9tendent leur activit\u00e9 en ligne croissante aux appareils mobiles. La soci\u00e9t\u00e9 utilise le Multi-Game Server (MGS) d'EGT, qui fournit aux op\u00e9rateurs une ligne directe vers tous les contenus de jeux du fournisseur.<\/p>\n<p>Enfin, les joueurs peuvent profiter des machines \u00e0 sous et des jeux de casino sur leurs appareils mobiles, car tous les jeux sont disponibles en Flash ou en HTML5. Ces facteurs permettent un jeu sans d\u00e9calage et des op\u00e9rations fluides lorsque vous faites tourner les bobines et les roues de vos jeux pr\u00e9f\u00e9r\u00e9s.<\/p>\n<p>Les joueurs peuvent utiliser leurs appareils iOS et Android, car la plateforme offre un temps de chargement rapide, d'excellentes performances, des graphiques de qualit\u00e9, une interface conviviale et un acc\u00e8s 24 heures sur 24, 7 jours sur 7.<\/p>\n<h3>S\u00e9curit\u00e9 et \u00e9quit\u00e9<\/h3>\n<p>EGT est certifi\u00e9 au niveau international, ce qui signifie qu'il d\u00e9tient des certificats et des licences de diverses autorit\u00e9s r\u00e9glementaires internationales et de services de test tiers, y compris GLI, ISO, SAP et SIQ. EGT utilise \u00e9galement le RNG, qui permet un jeu s\u00fbr et \u00e9quitable.<\/p>\n<p>La soci\u00e9t\u00e9 est constamment \u00e0 la recherche de nouvelles licences d\u00e9livr\u00e9es par les principaux organismes de r\u00e9glementation du monde. Plus important encore, EGT maintient toutes ses licences \u00e0 jour.<\/p>\n<h2>R\u00e9flexions finales<\/h2>\n<p>La vision d'EGT est claire, tout comme ses jeux. L'aspect classique des jeux de la soci\u00e9t\u00e9 peut plaire aux joueurs chevronn\u00e9s comme aux d\u00e9butants. Les joueurs peuvent profiter des nombreux bonus et promotions d'EGT, en particulier du syst\u00e8me de jackpot \u00e0 plusieurs niveaux. Si vous souhaitez explorer le monde des machines \u00e0 sous vid\u00e9o en ligne, commencez par les plus populaires d'EGT.<\/p>\n<p>Trouvez un casino EGT qui corresponde \u00e0 vos pr\u00e9f\u00e9rences, tentez votre chance sur certains de leurs jeux renomm\u00e9s et leurs promotions importantes. Bonne chance !<\/p>","protected":false},"excerpt":{"rendered":"<p>EGT Casino Software Review EGT est l'un des plus anciens fournisseurs de logiciels de l'industrie du jeu en ligne. La soci\u00e9t\u00e9 a \u00e9t\u00e9 fond\u00e9e en 2002 \u00e0 Sofia, la capitale de la Bulgarie, un petit pays europ\u00e9en. Apr\u00e8s avoir connu le succ\u00e8s en Bulgarie, la soci\u00e9t\u00e9 a \u00e9tendu ses services \u00e0 d'autres march\u00e9s, notamment la Russie, l'Am\u00e9rique du Sud et l'Am\u00e9rique centrale, l'Asie, l'Afrique et [...]<\/p>","protected":false},"author":1,"featured_media":0,"parent":0,"menu_order":0,"comment_status":"closed","ping_status":"closed","template":"software-review.php","meta":{"_acf_changed":false,"footnotes":""},"class_list":["post-11793","page","type-page","status-publish","hentry"],"acf":[],"yoast_head":"<!-- This site is optimized with the Yoast SEO plugin v26.1.1 - https:\/\/yoast.com\/wordpress\/plugins\/seo\/ -->\n<title>Top 5 EGT Casinos in 2026<\/title>\n<meta name=\"robots\" content=\"index, follow, max-snippet:-1, max-image-preview:large, max-video-preview:-1\" \/>\n<link rel=\"canonical\" href=\"https:\/\/casinolion.ca\/fr\/egt\/\" \/>\n<meta property=\"og:locale\" content=\"fr_CA\" \/>\n<meta property=\"og:type\" content=\"article\" \/>\n<meta property=\"og:title\" content=\"Top 5 EGT Casinos in [year]\" \/>\n<meta property=\"og:description\" content=\"EGT Casino Software Review EGT is one of the longest-standing software providers in the online gambling industry. The company was founded in 2002 in Sofia, the capital of Bulgaria, a small European country. After becoming Bulgaria\u2019s success story, the company expanded its services onto other markets, including Russia, South and Central America, Asia, Africa, and [&hellip;]\" \/>\n<meta property=\"og:url\" content=\"https:\/\/casinolion.ca\/fr\/egt\/\" \/>\n<meta property=\"article:modified_time\" content=\"2024-01-03T07:33:13+00:00\" \/>\n<meta name=\"twitter:card\" content=\"summary_large_image\" \/>\n<meta name=\"twitter:label1\" content=\"Estimation du temps de lecture\" \/>\n\t<meta name=\"twitter:data1\" content=\"5 minutes\" \/>\n<script type=\"application\/ld+json\" class=\"yoast-schema-graph\">{\"@context\":\"https:\/\/schema.org\",\"@graph\":[{\"@type\":\"WebPage\",\"@id\":\"https:\/\/casinolion.ca\/egt\/\",\"url\":\"https:\/\/casinolion.ca\/egt\/\",\"name\":\"Top 5 EGT Casinos in [year]\",\"isPartOf\":{\"@id\":\"https:\/\/casinolion.ca\/fr\/#website\"},\"datePublished\":\"2020-08-14T04:21:32+00:00\",\"dateModified\":\"2024-01-03T07:33:13+00:00\",\"breadcrumb\":{\"@id\":\"https:\/\/casinolion.ca\/egt\/#breadcrumb\"},\"inLanguage\":\"fr-CA\",\"potentialAction\":[{\"@type\":\"ReadAction\",\"target\":[\"https:\/\/casinolion.ca\/egt\/\"]}]},{\"@type\":\"BreadcrumbList\",\"@id\":\"https:\/\/casinolion.ca\/egt\/#breadcrumb\",\"itemListElement\":[{\"@type\":\"ListItem\",\"position\":1,\"name\":\"Home\",\"item\":\"https:\/\/casinolion.ca\/\"},{\"@type\":\"ListItem\",\"position\":2,\"name\":\"EGT\"}]},{\"@type\":\"WebSite\",\"@id\":\"https:\/\/casinolion.ca\/fr\/#website\",\"url\":\"https:\/\/casinolion.ca\/fr\/\",\"name\":\"\",\"description\":\"\",\"potentialAction\":[{\"@type\":\"SearchAction\",\"target\":{\"@type\":\"EntryPoint\",\"urlTemplate\":\"https:\/\/casinolion.ca\/fr\/?s={search_term_string}\"},\"query-input\":{\"@type\":\"PropertyValueSpecification\",\"valueRequired\":true,\"valueName\":\"search_term_string\"}}],\"inLanguage\":\"fr-CA\"}]}<\/script>\n<!-- \/ Yoast SEO plugin. -->","yoast_head_json":{"title":"Les 5 premiers casinos EGT en 2026","robots":{"index":"index","follow":"follow","max-snippet":"max-snippet:-1","max-image-preview":"max-image-preview:large","max-video-preview":"max-video-preview:-1"},"canonical":"https:\/\/casinolion.ca\/fr\/egt\/","og_locale":"fr_CA","og_type":"article","og_title":"Top 5 EGT Casinos in [year]","og_description":"EGT Casino Software Review EGT is one of the longest-standing software providers in the online gambling industry. The company was founded in 2002 in Sofia, the capital of Bulgaria, a small European country. After becoming Bulgaria\u2019s success story, the company expanded its services onto other markets, including Russia, South and Central America, Asia, Africa, and [&hellip;]","og_url":"https:\/\/casinolion.ca\/fr\/egt\/","article_modified_time":"2024-01-03T07:33:13+00:00","twitter_card":"summary_large_image","twitter_misc":{"Estimation du temps de lecture":"5 minutes"},"schema":{"@context":"https:\/\/schema.org","@graph":[{"@type":"WebPage","@id":"https:\/\/casinolion.ca\/egt\/","url":"https:\/\/casinolion.ca\/egt\/","name":"Les 5 meilleurs casinos EGT en [ann\u00e9e]","isPartOf":{"@id":"https:\/\/casinolion.ca\/fr\/#website"},"datePublished":"2020-08-14T04:21:32+00:00","dateModified":"2024-01-03T07:33:13+00:00","breadcrumb":{"@id":"https:\/\/casinolion.ca\/egt\/#breadcrumb"},"inLanguage":"fr-CA","potentialAction":[{"@type":"ReadAction","target":["https:\/\/casinolion.ca\/egt\/"]}]},{"@type":"BreadcrumbList","@id":"https:\/\/casinolion.ca\/egt\/#breadcrumb","itemListElement":[{"@type":"ListItem","position":1,"name":"Home","item":"https:\/\/casinolion.ca\/"},{"@type":"ListItem","position":2,"name":"EGT"}]},{"@type":"WebSite","@id":"https:\/\/casinolion.ca\/fr\/#website","url":"https:\/\/casinolion.ca\/fr\/","name":"","description":"","potentialAction":[{"@type":"SearchAction","target":{"@type":"EntryPoint","urlTemplate":"https:\/\/casinolion.ca\/fr\/?s={search_term_string}"},"query-input":{"@type":"PropertyValueSpecification","valueRequired":true,"valueName":"search_term_string"}}],"inLanguage":"fr-CA"}]}},"_links":{"self":[{"href":"https:\/\/casinolion.ca\/fr\/wp-json\/wp\/v2\/pages\/11793","targetHints":{"allow":["GET"]}}],"collection":[{"href":"https:\/\/casinolion.ca\/fr\/wp-json\/wp\/v2\/pages"}],"about":[{"href":"https:\/\/casinolion.ca\/fr\/wp-json\/wp\/v2\/types\/page"}],"author":[{"embeddable":true,"href":"https:\/\/casinolion.ca\/fr\/wp-json\/wp\/v2\/users\/1"}],"replies":[{"embeddable":true,"href":"https:\/\/casinolion.ca\/fr\/wp-json\/wp\/v2\/comments?post=11793"}],"version-history":[{"count":0,"href":"https:\/\/casinolion.ca\/fr\/wp-json\/wp\/v2\/pages\/11793\/revisions"}],"wp:attachment":[{"href":"https:\/\/casinolion.ca\/fr\/wp-json\/wp\/v2\/media?parent=11793"}],"curies":[{"name":"wp","href":"https:\/\/api.w.org\/{rel}","templated":true}]}}