
{"id":11811,"date":"2020-08-17T02:06:33","date_gmt":"2020-08-17T02:06:33","guid":{"rendered":"https:\/\/www.canadiancasinos.ca\/?page_id=11811"},"modified":"2020-08-17T02:06:33","modified_gmt":"2020-08-17T02:06:33","slug":"is-online-craps-rigged","status":"publish","type":"page","link":"https:\/\/casinolion.ca\/fr\/is-online-craps-rigged\/","title":{"rendered":"Le Craps en ligne est-il truqu\u00e9 ?"},"content":{"rendered":"<p>Il est normal de s'interroger sur la nature des jeux de casino en ligne. S'interroger sur la l\u00e9gitimit\u00e9 du craps en ligne est d\u00e9courageant car les joueurs n'ont aucune garantie que leur argent durement gagn\u00e9 est en s\u00e9curit\u00e9 sur un site web particulier. Dans ce contexte, nous pouvons dire que le craps en ligne n'est g\u00e9n\u00e9ralement pas truqu\u00e9, mais c'est possible et il y a eu des cas frauduleux.<\/p>\n<p>Si vous vous demandez comment le craps en ligne peut \u00eatre truqu\u00e9, restez avec nous. En lisant cet article, vous conna\u00eetrez les fa\u00e7ons les plus courantes de truquer le craps en ligne et vous \u00e9viterez de jouer sur ces sites.<\/p>\n<h2>Fa\u00e7ons dont les casinos en ligne peuvent \u00eatre truqu\u00e9s<\/h2>\n<p>\u00c9tant donn\u00e9 que tous les casinos en ligne utilisent des logiciels, il suffit de peu de choses pour truquer un jeu de casino. En d'autres termes, il suffit de modifier un code dans le logiciel du jeu pour que celui-ci ne produise plus de r\u00e9sultats \u00e9quitables. Malheureusement, il est facile de se faire avoir par des jeux truqu\u00e9s, car ils sont con\u00e7us pour ressembler \u00e0 des jeux en ligne l\u00e9gitimes. La diff\u00e9rence est que vous ne pourrez pas gagner d'argent.<\/p>\n<p>L'une des principales id\u00e9es des casinos truqu\u00e9s est de s'emparer de l'argent durement gagn\u00e9 par les joueurs. La plupart des casinos truqu\u00e9s y parviennent en abaissant le prix des jeux.\u2019 <a href=\"https:\/\/casinolion.ca\/fr\/what-is-rtp-or-house-edge-in-online-slots\/\">RTP (retour au joueur)<\/a> pourcentage. Qu'est-ce que cela signifie ? Par exemple, si le RTP du jeu est de 96%, cela signifie que pour chaque C$100 investi, le joueur recevra C$96 en retour, et le casino gardera les C$4 restants.<\/p>\n<p>Le but est que le casino ne prenne qu'un petit b\u00e9n\u00e9fice, tandis que le joueur gagnant prend la majorit\u00e9. Malheureusement, de nombreux casinos truqu\u00e9s ne fonctionnent pas de la m\u00eame mani\u00e8re. Si vous choisissez un jeu \u00e0 RTP \u00e9lev\u00e9, vos chances de gagner plus d'argent seront plus \u00e9lev\u00e9es. Toutefois, les casinos frauduleux abaissent le RTP \u00e0 l'insu des joueurs ou ne l'incluent tout simplement pas pour s'approprier une part plus importante des b\u00e9n\u00e9fices du joueur.<\/p>\n<p>Il en va de m\u00eame pour <a href=\"https:\/\/casinolion.ca\/fr\/how-does-rng-work-in-online-casinos\/\">RNG (g\u00e9n\u00e9rateur de nombres al\u00e9atoires)<\/a> utilis\u00e9s par les casinos de confiance. Le syst\u00e8me RNG garantit un environnement de jeu \u00e9quitable car il fournit un r\u00e9sultat enti\u00e8rement al\u00e9atoire. Avec un syst\u00e8me RNG en place, vous pouvez \u00eatre assur\u00e9 que tous les r\u00e9sultats des jeux seront g\u00e9n\u00e9r\u00e9s de mani\u00e8re \u00e9quitable.<\/p>\n<p>En revanche, si vous faites l'erreur de jouer dans un casino truqu\u00e9, l'ensemble du syst\u00e8me RNG sera exclu du logiciel, ce qui signifie qu'il prendra une grande partie de vos gains.<\/p>\n<h2>Comment le Craps en ligne peut-il \u00eatre truqu\u00e9 ?<\/h2>\n<p>Il n'est pas surprenant de constater qu'il est extr\u00eamement difficile de d\u00e9terminer si un jeu de craps en ligne est truqu\u00e9 car, contrairement \u00e0 de nombreux autres jeux en ligne, vous pouvez parier et tirer profit du craps en ligne, qui est consid\u00e9r\u00e9 comme un jeu dont les r\u00e9sultats sont g\u00e9n\u00e9ralement n\u00e9gatifs. Cela dit, le casino qui propose un jeu de craps truqu\u00e9 peut obtenir un peu plus que ce qu'il esp\u00e9rait en fonction des mises des joueurs.<\/p>\n<p>Par exemple, un joueur mise sur la ligne pass. Comme nous l'avons d\u00e9j\u00e0 mentionn\u00e9, il est relativement facile de modifier le code d'un logiciel de craps, et il est possible de faire de m\u00eame ici. Le code pourrait \u00eatre modifi\u00e9 pour augmenter les chances d'obtenir un six par 1%. Cela signifierait donc que les chances d'obtenir un six seraient plus faibles si le joueur mise sur <em>Ne pas passer<\/em>. M\u00eame si quelqu'un devait compter des milliers de mains de craps, cette tricherie serait presque impossible \u00e0 d\u00e9tecter.<\/p>\n<p>Comme vous le savez d\u00e9j\u00e0, le craps en ligne peut \u00eatre truqu\u00e9 sur la base du RNG et du RTP. Il existe de nombreuses autres fa\u00e7ons de truquer le craps en ligne, mais cela ne se produit que dans les casinos en ligne non r\u00e9glement\u00e9s et non agr\u00e9\u00e9s.<\/p>\n<h2>Comment choisir un jeu de craps en ligne l\u00e9gitime ?<\/h2>\n<p>La meilleure fa\u00e7on de jouer en toute s\u00e9curit\u00e9 est de s'en tenir aux casinos en ligne r\u00e9glement\u00e9s et agr\u00e9\u00e9s. Qu'entendons-nous par l\u00e0 ? Les casinos en ligne sont soumis \u00e0 divers tests et v\u00e9rifications pour s'assurer qu'ils repr\u00e9sentent un environnement de jeu l\u00e9gitime. Tous les casinos ne m\u00e9ritent pas ces licences, et m\u00eame ceux qui les re\u00e7oivent doivent respecter les normes et renouveler leurs licences.<\/p>\n<p>Par cons\u00e9quent, lorsque vous recherchez un casino en ligne l\u00e9gitime, v\u00e9rifiez s'il est titulaire d'une licence de jeu. Parmi les autorit\u00e9s de jeu les plus respect\u00e9es, citons Gibraltar, la United Kingdom Gambling Commission et la Malta Gaming Authority.<\/p>\n<p>Quel que soit votre lieu de r\u00e9sidence, vous pouvez rechercher l'une de ces trois licences ou une licence d'une autre juridiction de jeu pour v\u00e9rifier la validit\u00e9 du site qui propose le craps en ligne.<\/p>\n<p>Assurez-vous \u00e9galement que le jeu de craps a \u00e9t\u00e9 produit par l'un des meilleurs fournisseurs de logiciels pour le craps en ligne. Si vous rencontrez des soci\u00e9t\u00e9s de logiciels telles que Microgaming, Playtech, RealTime Gaming, Betsoft, WorldMatch et Rival, soyez assur\u00e9 que ces jeux de craps offrent des conditions de jeu et une \u00e9quit\u00e9 de premier ordre.<\/p>\n<p>Enfin, vous devez garder \u00e0 l'esprit qu'il est courant de perdre aux jeux de casino en ligne. Si vous vous retrouvez dans une s\u00e9rie de pertes, vous devriez peut-\u00eatre faire une pause et donner la priorit\u00e9 \u00e0 vos habitudes de jeu. Dans la plupart des cas, les joueurs rejettent la responsabilit\u00e9 de leurs pertes sur le jeu au lieu de prendre du recul pour s'\u00e9valuer.<\/p>\n<p>N'oubliez pas qu'il existe de nombreux casinos l\u00e9gitimes o\u00f9 vous pouvez tenter votre chance au craps. Les jeux de craps en ligne sont rarement truqu\u00e9s. Si vous tombez sur un jeu de ce type, essayez de le signaler pour \u00e9viter que d'autres joueurs ne s'engagent dans des activit\u00e9s frauduleuses.<\/p>\n<h2>R\u00e9flexions finales<\/h2>\n<p>Avec la technologie actuelle, il n'est pas difficile de trouver les brebis galeuses parmi les casinos en ligne. Faites vos recherches avant de vous inscrire \u00e0 un bonus de bienvenue et trouvez un casino qui op\u00e8re de mani\u00e8re l\u00e9gitime et \u00e9quitable. Privil\u00e9giez les casinos en ligne qui utilisent le RNG et qui disposent de mesures de s\u00e9curit\u00e9 solides et de licences valides.<\/p>\n<p>Si vous n'\u00eates toujours pas s\u00fbr de pouvoir trouver un jeu de craps en ligne digne de confiance, lisez ce qui suit <a href=\"https:\/\/casinolion.ca\/fr\/casino-reviews\/\">Les revues de casino de notre site<\/a> pour trouver la solution qui correspond le mieux \u00e0 vos besoins. Vous disposerez ainsi de toutes les informations n\u00e9cessaires sur un espace de jeu en ligne s\u00fbr.<\/p>\n<h2>Articles connexes<\/h2>\n<ul>\n<li><a href=\"https:\/\/casinolion.ca\/fr\/how-to-play-online-craps\/\">Jouer au Craps en ligne avec de l'argent r\u00e9el<\/a><\/li>\n<\/ul>","protected":false},"excerpt":{"rendered":"<p>Il est normal de s'interroger sur la nature des jeux de casino en ligne. S'interroger sur la l\u00e9gitimit\u00e9 du craps en ligne est d\u00e9courageant car les joueurs n'ont aucune garantie que leur argent durement gagn\u00e9 est en s\u00e9curit\u00e9 sur un site web particulier. Dans ce contexte, nous pouvons dire que le craps en ligne n'est g\u00e9n\u00e9ralement pas truqu\u00e9, mais qu'il est possible et [...]<\/p>","protected":false},"author":1,"featured_media":0,"parent":0,"menu_order":0,"comment_status":"closed","ping_status":"closed","template":"","meta":{"_acf_changed":false,"footnotes":""},"class_list":["post-11811","page","type-page","status-publish","hentry"],"acf":[],"yoast_head":"<!-- This site is optimized with the Yoast SEO plugin v26.1.1 - https:\/\/yoast.com\/wordpress\/plugins\/seo\/ -->\n<title>Is Online Craps Rigged?<\/title>\n<meta name=\"robots\" content=\"index, follow, max-snippet:-1, max-image-preview:large, max-video-preview:-1\" \/>\n<link rel=\"canonical\" href=\"https:\/\/casinolion.ca\/fr\/is-online-craps-rigged\/\" \/>\n<meta property=\"og:locale\" content=\"fr_CA\" \/>\n<meta property=\"og:type\" content=\"article\" \/>\n<meta property=\"og:title\" content=\"Is Online Craps Rigged?\" \/>\n<meta property=\"og:description\" content=\"It\u2019s only normal to question the nature of online casino games. Wondering about the legitimacy of online craps is daunting as players do not have any reassurances that their hard-earned money is safe with a particular website. With this in mind, we can only say that online craps aren\u2019t usually rigged, but it&#8217;s possible and [&hellip;]\" \/>\n<meta property=\"og:url\" content=\"https:\/\/casinolion.ca\/fr\/is-online-craps-rigged\/\" \/>\n<meta name=\"twitter:card\" content=\"summary_large_image\" \/>\n<meta name=\"twitter:label1\" content=\"Estimation du temps de lecture\" \/>\n\t<meta name=\"twitter:data1\" content=\"5 minutes\" \/>\n<script type=\"application\/ld+json\" class=\"yoast-schema-graph\">{\"@context\":\"https:\/\/schema.org\",\"@graph\":[{\"@type\":\"WebPage\",\"@id\":\"https:\/\/casinolion.ca\/is-online-craps-rigged\/\",\"url\":\"https:\/\/casinolion.ca\/is-online-craps-rigged\/\",\"name\":\"Is Online Craps Rigged?\",\"isPartOf\":{\"@id\":\"https:\/\/casinolion.ca\/fr\/#website\"},\"datePublished\":\"2020-08-17T02:06:33+00:00\",\"breadcrumb\":{\"@id\":\"https:\/\/casinolion.ca\/is-online-craps-rigged\/#breadcrumb\"},\"inLanguage\":\"fr-CA\",\"potentialAction\":[{\"@type\":\"ReadAction\",\"target\":[\"https:\/\/casinolion.ca\/is-online-craps-rigged\/\"]}]},{\"@type\":\"BreadcrumbList\",\"@id\":\"https:\/\/casinolion.ca\/is-online-craps-rigged\/#breadcrumb\",\"itemListElement\":[{\"@type\":\"ListItem\",\"position\":1,\"name\":\"Home\",\"item\":\"https:\/\/casinolion.ca\/\"},{\"@type\":\"ListItem\",\"position\":2,\"name\":\"Is Online Craps Rigged?\"}]},{\"@type\":\"WebSite\",\"@id\":\"https:\/\/casinolion.ca\/fr\/#website\",\"url\":\"https:\/\/casinolion.ca\/fr\/\",\"name\":\"\",\"description\":\"\",\"potentialAction\":[{\"@type\":\"SearchAction\",\"target\":{\"@type\":\"EntryPoint\",\"urlTemplate\":\"https:\/\/casinolion.ca\/fr\/?s={search_term_string}\"},\"query-input\":{\"@type\":\"PropertyValueSpecification\",\"valueRequired\":true,\"valueName\":\"search_term_string\"}}],\"inLanguage\":\"fr-CA\"}]}<\/script>\n<!-- \/ Yoast SEO plugin. -->","yoast_head_json":{"title":"Le Craps en ligne est-il truqu\u00e9 ?","robots":{"index":"index","follow":"follow","max-snippet":"max-snippet:-1","max-image-preview":"max-image-preview:large","max-video-preview":"max-video-preview:-1"},"canonical":"https:\/\/casinolion.ca\/fr\/is-online-craps-rigged\/","og_locale":"fr_CA","og_type":"article","og_title":"Is Online Craps Rigged?","og_description":"It\u2019s only normal to question the nature of online casino games. Wondering about the legitimacy of online craps is daunting as players do not have any reassurances that their hard-earned money is safe with a particular website. With this in mind, we can only say that online craps aren\u2019t usually rigged, but it&#8217;s possible and [&hellip;]","og_url":"https:\/\/casinolion.ca\/fr\/is-online-craps-rigged\/","twitter_card":"summary_large_image","twitter_misc":{"Estimation du temps de lecture":"5 minutes"},"schema":{"@context":"https:\/\/schema.org","@graph":[{"@type":"WebPage","@id":"https:\/\/casinolion.ca\/is-online-craps-rigged\/","url":"https:\/\/casinolion.ca\/is-online-craps-rigged\/","name":"Le Craps en ligne est-il truqu\u00e9 ?","isPartOf":{"@id":"https:\/\/casinolion.ca\/fr\/#website"},"datePublished":"2020-08-17T02:06:33+00:00","breadcrumb":{"@id":"https:\/\/casinolion.ca\/is-online-craps-rigged\/#breadcrumb"},"inLanguage":"fr-CA","potentialAction":[{"@type":"ReadAction","target":["https:\/\/casinolion.ca\/is-online-craps-rigged\/"]}]},{"@type":"BreadcrumbList","@id":"https:\/\/casinolion.ca\/is-online-craps-rigged\/#breadcrumb","itemListElement":[{"@type":"ListItem","position":1,"name":"Home","item":"https:\/\/casinolion.ca\/"},{"@type":"ListItem","position":2,"name":"Is Online Craps Rigged?"}]},{"@type":"WebSite","@id":"https:\/\/casinolion.ca\/fr\/#website","url":"https:\/\/casinolion.ca\/fr\/","name":"","description":"","potentialAction":[{"@type":"SearchAction","target":{"@type":"EntryPoint","urlTemplate":"https:\/\/casinolion.ca\/fr\/?s={search_term_string}"},"query-input":{"@type":"PropertyValueSpecification","valueRequired":true,"valueName":"search_term_string"}}],"inLanguage":"fr-CA"}]}},"_links":{"self":[{"href":"https:\/\/casinolion.ca\/fr\/wp-json\/wp\/v2\/pages\/11811","targetHints":{"allow":["GET"]}}],"collection":[{"href":"https:\/\/casinolion.ca\/fr\/wp-json\/wp\/v2\/pages"}],"about":[{"href":"https:\/\/casinolion.ca\/fr\/wp-json\/wp\/v2\/types\/page"}],"author":[{"embeddable":true,"href":"https:\/\/casinolion.ca\/fr\/wp-json\/wp\/v2\/users\/1"}],"replies":[{"embeddable":true,"href":"https:\/\/casinolion.ca\/fr\/wp-json\/wp\/v2\/comments?post=11811"}],"version-history":[{"count":0,"href":"https:\/\/casinolion.ca\/fr\/wp-json\/wp\/v2\/pages\/11811\/revisions"}],"wp:attachment":[{"href":"https:\/\/casinolion.ca\/fr\/wp-json\/wp\/v2\/media?parent=11811"}],"curies":[{"name":"wp","href":"https:\/\/api.w.org\/{rel}","templated":true}]}}