
{"id":11815,"date":"2020-08-17T01:52:35","date_gmt":"2020-08-17T01:52:35","guid":{"rendered":"https:\/\/www.canadiancasinos.ca\/?page_id=11815"},"modified":"2020-08-17T01:54:43","modified_gmt":"2020-08-17T01:54:43","slug":"online-slots-vs-land-based-slots","status":"publish","type":"page","link":"https:\/\/casinolion.ca\/fr\/online-slots-vs-land-based-slots\/","title":{"rendered":"Machines \u00e0 sous en ligne et machines \u00e0 sous terrestres"},"content":{"rendered":"<p>Il n'est pas surprenant qu'Internet ait compl\u00e8tement r\u00e9volutionn\u00e9 les jeux d'argent au cours de la derni\u00e8re d\u00e9cennie. Avec l'essor croissant et continu des jeux d'argent sur Internet, nous avons \u00e9t\u00e9 t\u00e9moins d'innovations et de changements qui ont montr\u00e9 une mani\u00e8re plus souple et plus facile de faire des profits. L'une des diff\u00e9rences les plus int\u00e9ressantes dans le monde du jeu est celle qui existe entre les machines \u00e0 sous en ligne et les machines \u00e0 sous terrestres.<\/p>\n<p>C'est pourquoi les deux options de jeu pr\u00e9sentent de nombreux avantages et inconv\u00e9nients. Voyons comment les machines \u00e0 sous ont \u00e9volu\u00e9 et se sont am\u00e9lior\u00e9es au fil des ans, tout en conservant leur fonction premi\u00e8re de divertissement.<\/p>\n<h2>Avantages des machines \u00e0 sous en ligne<\/h2>\n<p>Il y a des avantages \u00e9vidents \u00e0 rester chez soi et \u00e0 faire tourner les rouleaux des machines \u00e0 sous en ligne ou \u00e0 gagner un peu d'argent sur les jeux de machines \u00e0 sous mobiles lorsque l'on est coinc\u00e9 dans les embouteillages. Cependant, il existe de nombreux autres avantages que certains joueurs ne connaissent pas et qui pourraient les inciter \u00e0 rejoindre un ou deux casinos en ligne.<\/p>\n<h3>Jeux d'argent mobiles<\/h3>\n<p>Les appareils mobiles sont l\u00e0 pour rester, ce qui signifie que les jeux d'argent sur ordinateur ont pris du recul. Il n'est pas surprenant que la plupart des joueurs pr\u00e9f\u00e8rent avoir tous les ingr\u00e9dients n\u00e9cessaires \u00e0 une partie de machines \u00e0 sous r\u00e9ussie dans la paume de leur main, plut\u00f4t que de rester assis sur une chaise d'ordinateur pendant la majeure partie de la journ\u00e9e.<\/p>\n<p>La majorit\u00e9 des jeux les plus populaires et les plus couramment jou\u00e9s sont disponibles sur les appareils mobiles, y compris les jeux de machines \u00e0 sous les plus r\u00e9cents. Ainsi, quel que soit votre appareil, qu'il s'agisse d'un smartphone ou d'une tablette, vous pouvez acc\u00e9der \u00e0 des jeux de machines \u00e0 sous de grande qualit\u00e9 sur les appareils iOS et Android.<\/p>\n<h3>Jeux gratuits et argent gratuit<\/h3>\n<p>De nombreux casinos en ligne proposent des offres incroyables, en particulier pour les jeux de machines \u00e0 sous, afin d'attirer de nouveaux joueurs. Les machines \u00e0 sous sont les jeux en ligne les plus populaires et les plus recherch\u00e9s, ce qui signifie que tous les casinos en ligne proposent au moins une offre accrocheuse pour les joueurs de machines \u00e0 sous.<\/p>\n<p>Par exemple, de nombreux sites de machines \u00e0 sous proposent des jeux d'essai gratuits o\u00f9 vous pouvez jouer gratuitement pour essayer le jeu et voir s'il vous pla\u00eet, mais vous ne pouvez pas retirer vos gains \u00e9ventuels. C'est un excellent moyen de tenter votre chance et de voir quels jeux valent la peine d'\u00eatre gagn\u00e9s plus tard.<\/p>\n<p>En outre, de nombreux casinos en ligne orient\u00e9s vers les machines \u00e0 sous offrent de g\u00e9n\u00e9reux bonus de bienvenue qui ne n\u00e9cessitent aucun d\u00e9p\u00f4t d'argent r\u00e9el. Ces bonus sont appel\u00e9s bonus sans d\u00e9p\u00f4t et sont offerts aux nouveaux joueurs. Par ailleurs, vous pouvez d\u00e9poser de l'argent et obtenir un bonus de d\u00e9p\u00f4t pr\u00e9d\u00e9termin\u00e9 que vous pouvez utiliser sur les jeux de machines \u00e0 sous du casino. En fin de compte, vous recevez de l'argent gratuit pour jouer aux machines \u00e0 sous, ce que les casinos terrestres n'ont jamais offert et n'offriront probablement jamais.<\/p>\n<h3>Jackpots progressifs<\/h3>\n<p>Une autre caract\u00e9ristique qui a peu de chances de devenir un \u00e9l\u00e9ment actif des casinos terrestres est le bonus d'un jackpot progressif. Comme vous le savez peut-\u00eatre, chaque fois qu'un joueur perd aux machines \u00e0 sous, son d\u00e9p\u00f4t initial est ajout\u00e9 \u00e0 la gigantesque cagnotte constitu\u00e9e par les d\u00e9p\u00f4ts pr\u00e9c\u00e9dents. Cela signifie que le prix de la cagnotte augmente \u00e0 chaque tour.<\/p>\n<p>Ainsi, vous pouvez faire partie des joueurs chanceux qui touchent un prix \u00e9lev\u00e9 en un seul tour et gagner des milliers, voire des millions de dollars. De plus, les jackpots progressifs ajoutent \u00e0 l'excitation g\u00e9n\u00e9rale du jeu, car il y a toujours un espoir de devenir millionnaire.<\/p>\n<h3>Pourcentages de paiement \u00e9lev\u00e9s<\/h3>\n<p>Lorsque l'on compare les pourcentages de paiement des machines \u00e0 sous en ligne et des machines \u00e0 sous terrestres, on constate que les machines \u00e0 sous en ligne pr\u00e9sentent des diff\u00e9rences et des avantages ind\u00e9niables. En g\u00e9n\u00e9ral, les machines \u00e0 sous en ligne offrent des pourcentages de paiement plus \u00e9lev\u00e9s que les casinos terrestres. Cela s'explique par le fait que les casinos terrestres ont des frais g\u00e9n\u00e9raux plus \u00e9lev\u00e9s, ce qui signifie qu'ils reversent une part moins importante des gains au joueur. En revanche, les frais g\u00e9n\u00e9raux des casinos en ligne sont moins \u00e9lev\u00e9s, ce qui signifie que le joueur re\u00e7oit une plus grande part des gains.<\/p>\n<p>De plus, avec les machines \u00e0 sous en ligne, vous pouvez facilement voir le chiffre exact du pourcentage de RTP, car le casino en fait g\u00e9n\u00e9ralement la promotion. M\u00eame si ce n'est pas le cas, vous pouvez facilement faire une recherche sur Internet pour conna\u00eetre le RTP d'un jeu de machine \u00e0 sous particulier.<\/p>\n<p>Passons maintenant aux chiffres sp\u00e9cifiques. En r\u00e8gle g\u00e9n\u00e9rale, les machines \u00e0 sous terrestres ont un RTP d'environ 85%, tandis que les machines \u00e0 sous en ligne ont un RTP moyen de 96%. Comme vous pouvez le constater par vous-m\u00eame, la diff\u00e9rence est extr\u00eamement importante. De plus, certaines machines \u00e0 sous en ligne peuvent atteindre 99%, ce qui signifie que vous obtiendrez C$99 pour chaque C$100 investi. Ce n'est pas du tout une mauvaise affaire.<\/p>\n<p>De m\u00eame, si vous \u00eates pr\u00e9occup\u00e9 par l'\u00e9quit\u00e9 du jeu, vous devriez vous en tenir aux machines \u00e0 sous en ligne r\u00e9glement\u00e9es. La plupart des machines \u00e0 sous terrestres ne fournissent pas d'informations sur l'\u00e9quit\u00e9 du jeu. En revanche, toutes les machines \u00e0 sous en ligne r\u00e9glement\u00e9es et autoris\u00e9es doivent fournir des informations sur les contr\u00f4les de s\u00e9curit\u00e9 et les audits si elles veulent conserver leur excellente r\u00e9putation. Ces organisations \u00e9valuent et calculent les pourcentages de paiement de millions de tours, ce qui permet aux joueurs de voir des \u00e9valuations ind\u00e9pendantes des pourcentages de paiement r\u00e9els.<\/p>\n<h3>Pl\u00e9thore de jeux et de prix<\/h3>\n<p>Malheureusement, les casinos terrestres sont \u00e0 la tra\u00eene en ce qui concerne la s\u00e9lection des jeux de machines \u00e0 sous. Comme vous le savez sans doute, les machines \u00e0 sous sont de grandes et hautes machines qui prennent beaucoup de place, ce qui signifie qu'il n'y a que quelques douzaines de machines \u00e0 sous dans les grands casinos. Par cons\u00e9quent, le choix de jeux de machines \u00e0 sous est plus restreint et il est plus difficile de suivre les tendances actuelles.<\/p>\n<p>Dans les casinos en ligne, les joueurs peuvent choisir parmi des centaines, voire des milliers, de jeux de machines \u00e0 sous de styles, de caract\u00e9ristiques, etc. diff\u00e9rents. Le choix est infini, qu'il s'agisse de jeux de machines \u00e0 sous classiques ou de nouveaut\u00e9s.<\/p>\n<p>De plus, vous pouvez oublier de faire la queue pour trouver une machine \u00e0 sous \u00e0 votre prix. Avec les machines \u00e0 sous en ligne, vous pouvez choisir votre niveau de prix sans avoir \u00e0 attendre que quelqu'un termine. Il vous suffit d'entrer le nombre de mises que vous souhaitez et de miser le montant que vous pouvez vous permettre.<\/p>\n<h2>Avantages des machines \u00e0 sous terrestres<\/h2>\n<p>M\u00eame si les jeux de machines \u00e0 sous en ligne pr\u00e9sentent des avantages, il est difficile de nier les avantages des machines \u00e0 sous terrestres. S'il n'y avait pas d'avantages, il n'y aurait pas non plus de casinos terrestres.<\/p>\n<h3>Paiements instantan\u00e9s<\/h3>\n<p>Que vous jouiez aux machines \u00e0 sous ou aux jeux de cartes, une fois que vous avez gagn\u00e9, vous pouvez encaisser vos jetons dans les minutes qui suivent et sortir du casino avec de l'argent dans les mains. C'est un aspect qui fait d\u00e9faut aux casinos en ligne et qui ne peut \u00eatre modifi\u00e9. Lorsque vous gagnez le jackpot aux machines \u00e0 sous, vous devez attendre quelques jours, en fonction de votre m\u00e9thode de paiement pr\u00e9f\u00e9r\u00e9e, pour recevoir l'argent sur votre compte. Ce n'est pas un gros inconv\u00e9nient des casinos en ligne, mais il est plus pratique de recevoir et de sentir l'argent dans vos mains.<\/p>\n<h3>Atmosph\u00e8re g\u00e9n\u00e9rale<\/h3>\n<p>Il est impossible de recr\u00e9er en ligne la sensation de poser la main sur le guidon d'une machine \u00e0 sous et de faire tourner les rouleaux. L'atmosph\u00e8re g\u00e9n\u00e9rale d'un casino terrestre comprend les croupiers, les autres joueurs, le fait de tenir un gobelet rempli de pi\u00e8ces de monnaie, et d'autres petites choses qui cr\u00e9ent une atmosph\u00e8re g\u00e9n\u00e9rale unique. Si la s\u00e9lection des jeux n'est pas importante pour vous, vous pr\u00e9f\u00e9rerez peut-\u00eatre d\u00e9penser votre argent sur des machines \u00e0 sous terrestres, car rien ne vaut l'\u00e9motion d'entendre le son gagnant de la machine.<\/p>\n<p>Apr\u00e8s tout, quels que soient les efforts d\u00e9ploy\u00e9s par les casinos en ligne pour combler le foss\u00e9 entre les casinos en ligne et les casinos en dur, il est pratiquement impossible de reproduire l'atmosph\u00e8re qui y r\u00e8gne. En fin de compte, tout d\u00e9pend de vous et de vos pr\u00e9f\u00e9rences.<\/p>\n<h2>R\u00e9flexions finales<\/h2>\n<p>En fin de compte, les machines \u00e0 sous en ligne sont consid\u00e9r\u00e9es comme les grandes gagnantes de cette course. Les machines \u00e0 sous en ligne pr\u00e9sentent de nombreux avantages, tels que des pourcentages de paiement plus \u00e9lev\u00e9s, une s\u00e9lection de jeux plus \u00e9tendue, une marge de la maison plus faible, des bonus et des promotions lucratifs, etc. Sans oublier que vous pouvez profiter des jeux de machines \u00e0 sous en ligne depuis le confort de votre domicile, \u00e0 n'importe quelle heure du jour ou de la nuit, au prix que vous pouvez vous permettre \u00e0 ce moment-l\u00e0. Dans l'ensemble, vous en aurez pour votre argent.<\/p>\n<p>En revanche, si vous \u00eates plus int\u00e9ress\u00e9 par la sensation g\u00e9n\u00e9rale que procurent les machines \u00e0 sous, vous devriez peut-\u00eatre vous en tenir \u00e0 l'option du casino terrestre. Vous d\u00e9couvrirez les sensations du jeu, rencontrerez d'autres personnes, serez pay\u00e9 imm\u00e9diatement et vivrez pleinement l'exp\u00e9rience d'une soir\u00e9e dans un casino.<\/p>\n<h2>Articles connexes<\/h2>\n<ul>\n<li><a href=\"https:\/\/casinolion.ca\/fr\/how-to-play-online-slots\/\">Comment jouer aux machines \u00e0 sous en ligne<\/a><\/li>\n<li><a href=\"https:\/\/casinolion.ca\/fr\/what-is-rtp-or-house-edge-in-online-slots\/\">Qu'est-ce que le RTP ?<\/a><\/li>\n<li><a href=\"https:\/\/casinolion.ca\/fr\/top-10-slots-with-the-highest-rtp-in-canada\/\">Les 10 meilleures machines \u00e0 sous du Canada<\/a><\/li>\n<\/ul>\n<h2>FAQ<\/h2>\n<p><strong>Les machines \u00e0 sous terrestres sont-elles plus s\u00fbres que les machines \u00e0 sous en ligne ?<\/strong><\/p>\n<p>Il est commun\u00e9ment admis que les machines \u00e0 sous terrestres sont plus s\u00fbres que les machines \u00e0 sous en ligne. Cependant, les machines \u00e0 sous en ligne et terrestres n\u00e9cessitent des autorisations et des licences appropri\u00e9es qui garantissent la s\u00e9curit\u00e9 des joueurs et l'\u00e9quit\u00e9 du jeu.<\/p>\n<p><strong>Puis-je gagner de l'argent r\u00e9el avec les machines \u00e0 sous en ligne ?<\/strong><\/p>\n<p>Oui, tant que vous jouez dans un casino en ligne r\u00e9glement\u00e9 et autoris\u00e9. Comme pour les machines \u00e0 sous terrestres, si vous faites tourner les rouleaux et obtenez une combinaison gagnante, vous pouvez gagner de l'argent.<\/p>\n<p><strong>Vais-je gagner plus d'argent en jouant \u00e0 des jeux de machines \u00e0 sous terrestres ?<\/strong><\/p>\n<p>Pas n\u00e9cessairement. Tous les jeux de machines \u00e0 sous ont des pourcentages RTP qui d\u00e9terminent le pourcentage de paiement des jeux de machines \u00e0 sous. Les machines \u00e0 sous en ligne ont des RTP plus \u00e9lev\u00e9s que les machines \u00e0 sous terrestres, ce qui signifie que les gains sont plus \u00e9lev\u00e9s avec les jeux de machines \u00e0 sous en ligne.<\/p>\n<p><strong>Puis-je toucher le jackpot en jouant \u00e0 une machine \u00e0 sous terrestre ?<\/strong><\/p>\n<p>Oui, vous pouvez le faire si le casino terrestre offre un bonus de jackpot sur ce jeu de machine \u00e0 sous en particulier. Malheureusement, peu de casinos terrestres proposent des jackpots, mais la plupart des casinos en ligne font la promotion de leurs jeux de machines \u00e0 sous \u00e0 jackpot.<\/p>","protected":false},"excerpt":{"rendered":"<p>Il n'est pas surprenant qu'Internet ait compl\u00e8tement r\u00e9volutionn\u00e9 les jeux d'argent au cours de la derni\u00e8re d\u00e9cennie. Avec l'augmentation croissante et continue des jeux d'argent sur Internet, nous avons \u00e9t\u00e9 t\u00e9moins d'innovations et de changements qui ont montr\u00e9 une mani\u00e8re plus flexible et plus facile de faire des profits. L'une des diff\u00e9rences les plus int\u00e9ressantes dans le monde du jeu est celle des jeux en ligne [...]<\/p>","protected":false},"author":1,"featured_media":0,"parent":0,"menu_order":0,"comment_status":"closed","ping_status":"closed","template":"","meta":{"_acf_changed":false,"footnotes":""},"class_list":["post-11815","page","type-page","status-publish","hentry"],"acf":[],"yoast_head":"<!-- This site is optimized with the Yoast SEO plugin v26.1.1 - https:\/\/yoast.com\/wordpress\/plugins\/seo\/ -->\n<title>Online Slots vs Land Based Slots<\/title>\n<meta name=\"robots\" content=\"index, follow, max-snippet:-1, max-image-preview:large, max-video-preview:-1\" \/>\n<link rel=\"canonical\" href=\"https:\/\/casinolion.ca\/fr\/online-slots-vs-land-based-slots\/\" \/>\n<meta property=\"og:locale\" content=\"fr_CA\" \/>\n<meta property=\"og:type\" content=\"article\" \/>\n<meta property=\"og:title\" content=\"Online Slots vs Land Based Slots\" \/>\n<meta property=\"og:description\" content=\"Not surprisingly, the Internet has completely revolutionized gambling in the last decade or so. With the increasing and continuous rise of internet gambling, we have witnessed innovations and changes that have shown a more flexible and trouble-free way of making profits. One of the more interesting differences in the gambling world is that of online [&hellip;]\" \/>\n<meta property=\"og:url\" content=\"https:\/\/casinolion.ca\/fr\/online-slots-vs-land-based-slots\/\" \/>\n<meta property=\"article:modified_time\" content=\"2020-08-17T01:54:43+00:00\" \/>\n<meta name=\"twitter:card\" content=\"summary_large_image\" \/>\n<meta name=\"twitter:label1\" content=\"Estimation du temps de lecture\" \/>\n\t<meta name=\"twitter:data1\" content=\"8 minutes\" \/>\n<script type=\"application\/ld+json\" class=\"yoast-schema-graph\">{\"@context\":\"https:\/\/schema.org\",\"@graph\":[{\"@type\":\"WebPage\",\"@id\":\"https:\/\/casinolion.ca\/online-slots-vs-land-based-slots\/\",\"url\":\"https:\/\/casinolion.ca\/online-slots-vs-land-based-slots\/\",\"name\":\"Online Slots vs Land Based Slots\",\"isPartOf\":{\"@id\":\"https:\/\/casinolion.ca\/fr\/#website\"},\"datePublished\":\"2020-08-17T01:52:35+00:00\",\"dateModified\":\"2020-08-17T01:54:43+00:00\",\"breadcrumb\":{\"@id\":\"https:\/\/casinolion.ca\/online-slots-vs-land-based-slots\/#breadcrumb\"},\"inLanguage\":\"fr-CA\",\"potentialAction\":[{\"@type\":\"ReadAction\",\"target\":[\"https:\/\/casinolion.ca\/online-slots-vs-land-based-slots\/\"]}]},{\"@type\":\"BreadcrumbList\",\"@id\":\"https:\/\/casinolion.ca\/online-slots-vs-land-based-slots\/#breadcrumb\",\"itemListElement\":[{\"@type\":\"ListItem\",\"position\":1,\"name\":\"Home\",\"item\":\"https:\/\/casinolion.ca\/\"},{\"@type\":\"ListItem\",\"position\":2,\"name\":\"Online Slots vs Land Based Slots\"}]},{\"@type\":\"WebSite\",\"@id\":\"https:\/\/casinolion.ca\/fr\/#website\",\"url\":\"https:\/\/casinolion.ca\/fr\/\",\"name\":\"\",\"description\":\"\",\"potentialAction\":[{\"@type\":\"SearchAction\",\"target\":{\"@type\":\"EntryPoint\",\"urlTemplate\":\"https:\/\/casinolion.ca\/fr\/?s={search_term_string}\"},\"query-input\":{\"@type\":\"PropertyValueSpecification\",\"valueRequired\":true,\"valueName\":\"search_term_string\"}}],\"inLanguage\":\"fr-CA\"}]}<\/script>\n<!-- \/ Yoast SEO plugin. -->","yoast_head_json":{"title":"Machines \u00e0 sous en ligne et machines \u00e0 sous terrestres","robots":{"index":"index","follow":"follow","max-snippet":"max-snippet:-1","max-image-preview":"max-image-preview:large","max-video-preview":"max-video-preview:-1"},"canonical":"https:\/\/casinolion.ca\/fr\/online-slots-vs-land-based-slots\/","og_locale":"fr_CA","og_type":"article","og_title":"Online Slots vs Land Based Slots","og_description":"Not surprisingly, the Internet has completely revolutionized gambling in the last decade or so. With the increasing and continuous rise of internet gambling, we have witnessed innovations and changes that have shown a more flexible and trouble-free way of making profits. One of the more interesting differences in the gambling world is that of online [&hellip;]","og_url":"https:\/\/casinolion.ca\/fr\/online-slots-vs-land-based-slots\/","article_modified_time":"2020-08-17T01:54:43+00:00","twitter_card":"summary_large_image","twitter_misc":{"Estimation du temps de lecture":"8 minutes"},"schema":{"@context":"https:\/\/schema.org","@graph":[{"@type":"WebPage","@id":"https:\/\/casinolion.ca\/online-slots-vs-land-based-slots\/","url":"https:\/\/casinolion.ca\/online-slots-vs-land-based-slots\/","name":"Machines \u00e0 sous en ligne et machines \u00e0 sous terrestres","isPartOf":{"@id":"https:\/\/casinolion.ca\/fr\/#website"},"datePublished":"2020-08-17T01:52:35+00:00","dateModified":"2020-08-17T01:54:43+00:00","breadcrumb":{"@id":"https:\/\/casinolion.ca\/online-slots-vs-land-based-slots\/#breadcrumb"},"inLanguage":"fr-CA","potentialAction":[{"@type":"ReadAction","target":["https:\/\/casinolion.ca\/online-slots-vs-land-based-slots\/"]}]},{"@type":"BreadcrumbList","@id":"https:\/\/casinolion.ca\/online-slots-vs-land-based-slots\/#breadcrumb","itemListElement":[{"@type":"ListItem","position":1,"name":"Home","item":"https:\/\/casinolion.ca\/"},{"@type":"ListItem","position":2,"name":"Online Slots vs Land Based Slots"}]},{"@type":"WebSite","@id":"https:\/\/casinolion.ca\/fr\/#website","url":"https:\/\/casinolion.ca\/fr\/","name":"","description":"","potentialAction":[{"@type":"SearchAction","target":{"@type":"EntryPoint","urlTemplate":"https:\/\/casinolion.ca\/fr\/?s={search_term_string}"},"query-input":{"@type":"PropertyValueSpecification","valueRequired":true,"valueName":"search_term_string"}}],"inLanguage":"fr-CA"}]}},"_links":{"self":[{"href":"https:\/\/casinolion.ca\/fr\/wp-json\/wp\/v2\/pages\/11815","targetHints":{"allow":["GET"]}}],"collection":[{"href":"https:\/\/casinolion.ca\/fr\/wp-json\/wp\/v2\/pages"}],"about":[{"href":"https:\/\/casinolion.ca\/fr\/wp-json\/wp\/v2\/types\/page"}],"author":[{"embeddable":true,"href":"https:\/\/casinolion.ca\/fr\/wp-json\/wp\/v2\/users\/1"}],"replies":[{"embeddable":true,"href":"https:\/\/casinolion.ca\/fr\/wp-json\/wp\/v2\/comments?post=11815"}],"version-history":[{"count":0,"href":"https:\/\/casinolion.ca\/fr\/wp-json\/wp\/v2\/pages\/11815\/revisions"}],"wp:attachment":[{"href":"https:\/\/casinolion.ca\/fr\/wp-json\/wp\/v2\/media?parent=11815"}],"curies":[{"name":"wp","href":"https:\/\/api.w.org\/{rel}","templated":true}]}}