
{"id":11924,"date":"2020-09-03T06:12:45","date_gmt":"2020-09-03T06:12:45","guid":{"rendered":"https:\/\/www.canadiancasinos.ca\/?page_id=11924"},"modified":"2020-09-03T06:21:08","modified_gmt":"2020-09-03T06:21:08","slug":"free-online-baccarat","status":"publish","type":"page","link":"https:\/\/casinolion.ca\/fr\/free-online-baccarat\/","title":{"rendered":"Baccarat gratuit en ligne"},"content":{"rendered":"<p><iframe src=\"https:\/\/app-test.insvr.com\/games\/?brandid=a9d542ac-c9bb-e311-93f6-80c16e0883f4&amp;keyname=AmericanBaccarat&amp;mode=fun&amp;locale=en&amp;lobbyurl=https%3a%2f%2fhaba88.com%2f\"><\/iframe><\/p>\n<h2>Comment jouer au Baccarat<\/h2>\n<p>Le baccara est un jeu de cartes qui \u00e9tait autrefois r\u00e9serv\u00e9 aux joueurs les plus riches. Toutefois, gr\u00e2ce \u00e0 certains changements intervenus au fil des ans, le jeu est devenu accessible aux joueurs de petite envergure. Enfin, il est \u00e9galement devenu disponible en ligne gratuitement. (voir ci-dessus)<\/p>\n<p>Les r\u00e8gles du baccara sont tr\u00e8s faciles \u00e0 comprendre et sont toujours les m\u00eames, m\u00eame lorsque vous jouez gratuitement. Comme c'est g\u00e9n\u00e9ralement le cas pour les jeux de cartes, un croupier est charg\u00e9 de distribuer les cartes. Alors qu'une table de baccara peut accueillir plusieurs joueurs, une main s'articule autour de deux groupes de cartes - l'un d'entre eux est connu pour repr\u00e9senter le <em>le banquier<\/em>, tandis que l'autre est connue pour \u00eatre <em>le joueur.<\/em><\/p>\n<p>Le croupier distribue les cartes face visible - le joueur et le banquier en re\u00e7oivent deux chacun. En outre, une troisi\u00e8me carte peut \u00eatre tir\u00e9e apr\u00e8s que les valeurs des deux premi\u00e8res cartes ont \u00e9t\u00e9 additionn\u00e9es. L'objectif principal est que chacune des mains se rapproche le plus possible de neuf. Si aucune d'entre elles n'y parvient, la deuxi\u00e8me meilleure option est que l'une d'entre elles atteigne huit. <em>a<\/em> <em>naturel<\/em>.<\/p>\n<p>Il existe des r\u00e8gles suppl\u00e9mentaires pour le joueur et le banquier si le total de leurs mains est diff\u00e9rent de huit ou neuf. La premi\u00e8re r\u00e8gle concerne la main du joueur - la troisi\u00e8me carte sera tir\u00e9e si le total est de 1, 2, 3, 4, 5 ou z\u00e9ro. Si le total est de 6 ou 7, la main doit \u00eatre conserv\u00e9e, ce qui signifie qu'aucune carte suppl\u00e9mentaire ne sera tir\u00e9e.<\/p>\n<p>En ce qui concerne la banque, un total de 1, 2 ou z\u00e9ro n\u00e9cessite de tirer une autre carte, tandis qu'un total de 7 n\u00e9cessite de rester debout. Si le total est de 3, 4, 5 ou 6, la d\u00e9cision de tirer ou non la troisi\u00e8me carte d\u00e9pend de la troisi\u00e8me carte tir\u00e9e par le joueur.<\/p>\n<p>Bien que cela semble un peu compliqu\u00e9, vous n'avez pas \u00e0 vous soucier de m\u00e9moriser les r\u00e8gles par c\u0153ur, car il y aura toujours un rappel pour chacune des actions requises.<\/p>\n<p>Ce qu'il faut retenir, c'est qu'au baccara, les joueurs peuvent faire trois mises diff\u00e9rentes.<\/p>\n<p>Ils peuvent parier sur :<\/p>\n<ul>\n<li><strong>Joueur <\/strong>- La somme des cartes des joueurs sera plus proche de neuf.<\/li>\n<li><strong>Banquier <\/strong>- Une somme de cartes de banquier sera plus proche de neuf.<\/li>\n<li><strong>Cravate <\/strong>- Les deux groupes de cartes auront la m\u00eame valeur.<\/li>\n<\/ul>\n<p>La valeur des cartes est attribu\u00e9e comme suit :<\/p>\n<ul>\n<li>Tous les 10 et toutes les cartes de face sont compt\u00e9s comme des z\u00e9ros.<\/li>\n<li>Toutes les cartes de l'as au neuf sont compt\u00e9es \u00e0 leur valeur nominale.<\/li>\n<\/ul>\n<p>Si le total d'une main est sup\u00e9rieur \u00e0 dix, le premier chiffre est supprim\u00e9 pour obtenir la valeur totale.<\/p>\n<h2>O\u00f9 jouer au Baccarat gratuitement ?<\/h2>\n<p>Les joueurs qui souhaitent participer au baccarat gratuit en ligne ont le choix entre deux options :<\/p>\n<ul>\n<li><strong>Jouer \u00e0 un jeu de d\u00e9monstration dans un casino en ligne<\/strong> - De nombreux casinos en ligne proposent des versions de d\u00e9monstration de la plupart des jeux, y compris le baccara. Cependant, vous devez cr\u00e9er un compte pour pouvoir jouer au baccarat gratuit.<\/li>\n<li><strong>Trouver une plateforme de baccarat en ligne gratuite<\/strong> - De nos jours, il existe de nombreuses plateformes qui proposent des versions gratuites de divers jeux de hasard. Si vous \u00eates pers\u00e9v\u00e9rant, vous pouvez trouver le baccarat parmi eux et jouer \u00e0 ce jeu gratuitement.<\/li>\n<\/ul>\n<h2>Pourquoi jouer au Baccarat gratuit en ligne ?<\/h2>\n<p>Jouer au baccarat en ligne gratuitement pr\u00e9sente de nombreux avantages. Commen\u00e7ons par le plus \u00e9vident : il n'y a aucun risque puisque vous n'avez pas besoin d'investir de l'argent r\u00e9el. Si vous n'\u00eates int\u00e9ress\u00e9 que par le jeu lui-m\u00eame et l'excitation qu'il procure, vous pouvez jouer au baccarat gratuit aussi longtemps que vous le souhaitez sans d\u00e9penser un centime.<\/p>\n<p>En outre, le gameplay est tr\u00e8s simple et ne requiert aucune comp\u00e9tence particuli\u00e8re puisque les joueurs n'ont pas besoin de prendre des d\u00e9cisions sp\u00e9cifiques, \u00e0 l'exception du choix du type de pari qu'ils veulent faire. La d\u00e9cision de tirer ou non la troisi\u00e8me carte d\u00e9pend des r\u00e8gles du jeu, il n'y a donc rien de particulier dont vous devez vous pr\u00e9occuper en tant que joueur.<\/p>\n<p>Il n'est pas non plus n\u00e9cessaire d'apprendre les r\u00e8gles par c\u0153ur, car elles seront toujours affich\u00e9es quelque part.<\/p>\n<p>Le baccarat convient donc parfaitement aux d\u00e9butants, car ce jeu de cartes peut m\u00eame \u00eatre consid\u00e9r\u00e9 comme un jeu de devinettes puisqu'il n'y a pas d'action particuli\u00e8re requise de la part du joueur.<\/p>\n<p>En plus d'\u00eatre id\u00e9al pour les joueurs novices, le baccara gratuit en ligne est \u00e9galement id\u00e9al pour les habitu\u00e9s qui veulent s'entra\u00eener avant de jouer au baccara pour de l'argent r\u00e9el. Il peut \u00eatre utile de jouer quelques mains gratuitement pour voir si Dame Chance est de votre c\u00f4t\u00e9 ce jour-l\u00e0.<\/p>\n<p>En r\u00e9sum\u00e9, le baccarat est un jeu formidable, et le fait d'y jouer gratuitement le rend encore meilleur, alors n'h\u00e9sitez pas \u00e0 l'essayer d\u00e8s que vous en avez l'occasion.<\/p>\n<p>&nbsp;<\/p>","protected":false},"excerpt":{"rendered":"<p>Comment jouer au baccara Le baccara est un jeu de cartes qui \u00e9tait autrefois r\u00e9serv\u00e9 aux joueurs les plus riches. Cependant, gr\u00e2ce \u00e0 certains changements intervenus au fil des ans, le jeu est devenu accessible aux joueurs de petite envergure. Enfin, il est \u00e9galement devenu disponible en ligne gratuitement. (voir ci-dessus) Lorsqu'il [...]<\/p>","protected":false},"author":1,"featured_media":0,"parent":0,"menu_order":0,"comment_status":"closed","ping_status":"closed","template":"","meta":{"_acf_changed":false,"footnotes":""},"class_list":["post-11924","page","type-page","status-publish","hentry"],"acf":[],"yoast_head":"<!-- This site is optimized with the Yoast SEO plugin v26.1.1 - https:\/\/yoast.com\/wordpress\/plugins\/seo\/ -->\n<title>Play Online Baccarat for Free<\/title>\n<meta name=\"robots\" content=\"index, follow, max-snippet:-1, max-image-preview:large, max-video-preview:-1\" \/>\n<link rel=\"canonical\" href=\"https:\/\/casinolion.ca\/fr\/free-online-baccarat\/\" \/>\n<meta property=\"og:locale\" content=\"fr_CA\" \/>\n<meta property=\"og:type\" content=\"article\" \/>\n<meta property=\"og:title\" content=\"Play Online Baccarat for Free\" \/>\n<meta property=\"og:description\" content=\"How to Play Baccarat The game of baccarat is a card game that has once been reserved for the richest players only. However, the game has become available to small-stakes players as well thanks to some changes that took place over the years. Ultimately, it also became available online for free. (see above) When it [&hellip;]\" \/>\n<meta property=\"og:url\" content=\"https:\/\/casinolion.ca\/fr\/free-online-baccarat\/\" \/>\n<meta property=\"article:modified_time\" content=\"2020-09-03T06:21:08+00:00\" \/>\n<meta name=\"twitter:card\" content=\"summary_large_image\" \/>\n<meta name=\"twitter:label1\" content=\"Estimation du temps de lecture\" \/>\n\t<meta name=\"twitter:data1\" content=\"4 minutes\" \/>\n<script type=\"application\/ld+json\" class=\"yoast-schema-graph\">{\"@context\":\"https:\/\/schema.org\",\"@graph\":[{\"@type\":\"WebPage\",\"@id\":\"https:\/\/casinolion.ca\/free-online-baccarat\/\",\"url\":\"https:\/\/casinolion.ca\/free-online-baccarat\/\",\"name\":\"Play Online Baccarat for Free\",\"isPartOf\":{\"@id\":\"https:\/\/casinolion.ca\/fr\/#website\"},\"datePublished\":\"2020-09-03T06:12:45+00:00\",\"dateModified\":\"2020-09-03T06:21:08+00:00\",\"breadcrumb\":{\"@id\":\"https:\/\/casinolion.ca\/free-online-baccarat\/#breadcrumb\"},\"inLanguage\":\"fr-CA\",\"potentialAction\":[{\"@type\":\"ReadAction\",\"target\":[\"https:\/\/casinolion.ca\/free-online-baccarat\/\"]}]},{\"@type\":\"BreadcrumbList\",\"@id\":\"https:\/\/casinolion.ca\/free-online-baccarat\/#breadcrumb\",\"itemListElement\":[{\"@type\":\"ListItem\",\"position\":1,\"name\":\"Home\",\"item\":\"https:\/\/casinolion.ca\/\"},{\"@type\":\"ListItem\",\"position\":2,\"name\":\"Free Online Baccarat\"}]},{\"@type\":\"WebSite\",\"@id\":\"https:\/\/casinolion.ca\/fr\/#website\",\"url\":\"https:\/\/casinolion.ca\/fr\/\",\"name\":\"\",\"description\":\"\",\"potentialAction\":[{\"@type\":\"SearchAction\",\"target\":{\"@type\":\"EntryPoint\",\"urlTemplate\":\"https:\/\/casinolion.ca\/fr\/?s={search_term_string}\"},\"query-input\":{\"@type\":\"PropertyValueSpecification\",\"valueRequired\":true,\"valueName\":\"search_term_string\"}}],\"inLanguage\":\"fr-CA\"}]}<\/script>\n<!-- \/ Yoast SEO plugin. -->","yoast_head_json":{"title":"Jouer au Baccarat en ligne gratuitement","robots":{"index":"index","follow":"follow","max-snippet":"max-snippet:-1","max-image-preview":"max-image-preview:large","max-video-preview":"max-video-preview:-1"},"canonical":"https:\/\/casinolion.ca\/fr\/free-online-baccarat\/","og_locale":"fr_CA","og_type":"article","og_title":"Play Online Baccarat for Free","og_description":"How to Play Baccarat The game of baccarat is a card game that has once been reserved for the richest players only. However, the game has become available to small-stakes players as well thanks to some changes that took place over the years. Ultimately, it also became available online for free. (see above) When it [&hellip;]","og_url":"https:\/\/casinolion.ca\/fr\/free-online-baccarat\/","article_modified_time":"2020-09-03T06:21:08+00:00","twitter_card":"summary_large_image","twitter_misc":{"Estimation du temps de lecture":"4 minutes"},"schema":{"@context":"https:\/\/schema.org","@graph":[{"@type":"WebPage","@id":"https:\/\/casinolion.ca\/free-online-baccarat\/","url":"https:\/\/casinolion.ca\/free-online-baccarat\/","name":"Jouer au Baccarat en ligne gratuitement","isPartOf":{"@id":"https:\/\/casinolion.ca\/fr\/#website"},"datePublished":"2020-09-03T06:12:45+00:00","dateModified":"2020-09-03T06:21:08+00:00","breadcrumb":{"@id":"https:\/\/casinolion.ca\/free-online-baccarat\/#breadcrumb"},"inLanguage":"fr-CA","potentialAction":[{"@type":"ReadAction","target":["https:\/\/casinolion.ca\/free-online-baccarat\/"]}]},{"@type":"BreadcrumbList","@id":"https:\/\/casinolion.ca\/free-online-baccarat\/#breadcrumb","itemListElement":[{"@type":"ListItem","position":1,"name":"Home","item":"https:\/\/casinolion.ca\/"},{"@type":"ListItem","position":2,"name":"Free Online Baccarat"}]},{"@type":"WebSite","@id":"https:\/\/casinolion.ca\/fr\/#website","url":"https:\/\/casinolion.ca\/fr\/","name":"","description":"","potentialAction":[{"@type":"SearchAction","target":{"@type":"EntryPoint","urlTemplate":"https:\/\/casinolion.ca\/fr\/?s={search_term_string}"},"query-input":{"@type":"PropertyValueSpecification","valueRequired":true,"valueName":"search_term_string"}}],"inLanguage":"fr-CA"}]}},"_links":{"self":[{"href":"https:\/\/casinolion.ca\/fr\/wp-json\/wp\/v2\/pages\/11924","targetHints":{"allow":["GET"]}}],"collection":[{"href":"https:\/\/casinolion.ca\/fr\/wp-json\/wp\/v2\/pages"}],"about":[{"href":"https:\/\/casinolion.ca\/fr\/wp-json\/wp\/v2\/types\/page"}],"author":[{"embeddable":true,"href":"https:\/\/casinolion.ca\/fr\/wp-json\/wp\/v2\/users\/1"}],"replies":[{"embeddable":true,"href":"https:\/\/casinolion.ca\/fr\/wp-json\/wp\/v2\/comments?post=11924"}],"version-history":[{"count":0,"href":"https:\/\/casinolion.ca\/fr\/wp-json\/wp\/v2\/pages\/11924\/revisions"}],"wp:attachment":[{"href":"https:\/\/casinolion.ca\/fr\/wp-json\/wp\/v2\/media?parent=11924"}],"curies":[{"name":"wp","href":"https:\/\/api.w.org\/{rel}","templated":true}]}}