
{"id":1194,"date":"2015-12-17T12:06:27","date_gmt":"2015-12-17T12:06:27","guid":{"rendered":"http:\/\/www.bestcasinoscanada.com\/?page_id=1194"},"modified":"2024-02-04T09:12:43","modified_gmt":"2024-02-04T09:12:43","slug":"vancouver","status":"publish","type":"page","link":"https:\/\/casinolion.ca\/fr\/vancouver\/","title":{"rendered":"Casinos de Vancouver et de la Colombie-Britannique"},"content":{"rendered":"<p>D\u00e9couvrez la sc\u00e8ne locale des casinos de Vancouver gr\u00e2ce \u00e0 notre infographie pratique.<\/p>\n<p><img decoding=\"async\" class=\"aligncenter size-full wp-image-5835\" src=\"https:\/\/www.casinolion.ca\/wp-content\/uploads\/2018\/11\/Vancouver-Casinos.jpg\" alt=\"Casinos de Vancouver\" width=\"735\" height=\"4000\" \/><\/p>\n<h3>Casino Edgewater<\/h3>\n<p>Le joyau de la couronne des casinos de Vancouver <a href=\"https:\/\/www.edgewatercasino.ca\/\" target=\"_blank\" rel=\"noopener noreferrer\">Casino Edgewater <\/a>est situ\u00e9 \u00e0 seulement 2,3 km du centre-ville de Vancouver et offre les options de jeu et de divertissement suivantes :<\/p>\n<p><strong>Jeux de table :\u00a0<\/strong>7o tables diff\u00e9rentes proposant craps, baccarat (r\u00e9gulier, squeeze, squeeze ez), blackjack (r\u00e9gulier, double mise, freebet), roulette, pai gow<br \/>\n<strong>Machines \u00e0 sous<\/strong>600 jeux de machines \u00e0 sous diff\u00e9rents, dont bonus times, china mystery, rich girl et progressive \/ machines \u00e0 sous li\u00e9es, dont cash express et race to win<br \/>\n<strong>Poker<\/strong>: Vari\u00e9t\u00e9 de jeux de Texas Hold'em sans limite et avec limite.<br \/>\n<strong>Nourriture et boissons :<\/strong>: L'h\u00f4tel Edgewater propose le bistrot Splash et le bar Vue avec vue sur False Creek.<\/p>\n<h3>Casino de Hastings<\/h3>\n<p><a href=\"https:\/\/www.hastingsracecourse.com\/\">Hippodrome de Hastings<\/a>\u00a0est situ\u00e9 \u00e0 7,8 km du centre de Vancouver et offre les options de divertissement suivantes :<strong>Machines \u00e0 sous<\/strong>: Plus de 500 jeux de machines \u00e0 sous sur la piste de jeu qui est ouverte du dimanche au jeudi de 10 heures \u00e0 2 heures du matin et jusqu'\u00e0 4 heures du matin le vendredi et le samedi.<br \/>\n<strong>Nourriture et boissons :<\/strong>\u00a04 options de restauration diff\u00e9rentes, dont Silks, Eclipse Lounge, Jerome's et le George Royal Room<\/p>\n<h3>Grand Villa Casino<\/h3>\n<p>Situ\u00e9 au 4331 Dominion Street, Burnaby, <a href=\"http:\/\/burnaby.grandvillacasino.ca\/\" target=\"_blank\" rel=\"noopener noreferrer\">Le casino Grand Villa<\/a> dispose de plus de 100 000 m\u00b2 de jeux et de divertissements<\/p>\n<p><strong>Jeux de table :\u00a0<\/strong>Grand Villa propose le Blackjack, le Baccarat, le Fortune Pai Gow, le Poker \u00e0 quatre cartes, le Poker \u00e0 trois cartes et la Roulette Touch Bet.<br \/>\n<strong>Machines \u00e0 sous<\/strong>: Plus de 1 100 jeux de machines \u00e0 sous diff\u00e9rents, y compris des machines \u00e0 sous progressives<br \/>\n<strong>Jeux VIP : <\/strong>Grand Villa propose un certain nombre de salles priv\u00e9es et semi-priv\u00e9es avec des jeux de table \u00e0 limite \u00e9lev\u00e9e.<br \/>\n<strong>Poker<\/strong>Le \u2018Burnaby's Poker Room\u2019 propose 8 tables de Texas Hold'em avec et sans limites.<br \/>\n<strong>Nourriture et boissons :<\/strong>: Six bars et restaurants diff\u00e9rents<\/p>\n<h3>Casino Fraser Downs<\/h3>\n<p>Fraser Downs est d\u00e9sormais rebaptis\u00e9 <a href=\"https:\/\/elementscasino.com\/\" target=\"_blank\" rel=\"noopener noreferrer\">\u00c9l\u00e9ments<\/a>\u00a0offre de nombreuses possibilit\u00e9s de jeux de haut niveau<\/p>\n<p><strong>Jeux de table :<\/strong>\u00a0Blackjack, EZ Baccarat, Four Card Poker, Free Bet Blackjack (qui offre des doubles descentes et des splits gratuits), Ultimate Texas Hold'em et Roulette.<br \/>\n<strong>Machines \u00e0 sous<\/strong>: 500+ jeux de machines \u00e0 sous classiques<br \/>\n<strong>Poker<\/strong>: Offres Limit Texas Hold'em, No Limit Texas Hold'em et Pot Limit Omaha<br \/>\n<strong>Nourriture et boissons :<\/strong>\u00a0Quatre options diff\u00e9rentes de restauration et de boisson<\/p>\n<h3>Hard Rock Casino<\/h3>\n<p>\u00c0 29 km de Vancouver <a href=\"https:\/\/www.hardrockcasinovancouver.com\/\" target=\"_blank\" rel=\"noopener noreferrer\">Le Hard Rock <\/a>propose les jeux suivants<\/p>\n<p><strong>Jeux de table<\/strong>: Blackjack (normal, shoe et double jeu), Baccarat (squeeze et EZ), Fortune Pai Gow, Roulette (y compris Touch Bet), Craps<br \/>\n<strong>Poker<\/strong>: 10 tables de poker diff\u00e9rentes proposant des jeux avec ou sans limite, ce qui fait du Hard Rock l'un des meilleurs casinos pour le poker.<br \/>\n<strong>Machines \u00e0 sous<\/strong>950 jeux de machines \u00e0 sous diff\u00e9rents, des machines \u00e0 sous \u00e0 1c aux jeux \u00e0 limites les plus \u00e9lev\u00e9es<\/p>\n<h3>Casino Cascades<\/h3>\n<p>80 000 pieds carr\u00e9s, <a href=\"https:\/\/www.cascadescasino.ca\/\" target=\"_blank\" rel=\"noopener noreferrer\">Cascades <\/a>est situ\u00e9 \u00e0 Langley, \u00e0 48 km de Vancouver<\/p>\n<p><strong>Jeux de table : <\/strong>Blackjack, Baccarat, Blackjack \u00e0 deux jeux, Fortune Pai Gow, Poker \u00e0 quatre cartes, Poker \u00e0 trois cartes, Roulette et Touch Bet Roulette<br \/>\n<strong>Machines \u00e0 sous : <\/strong>800 jeux de machines \u00e0 sous diff\u00e9rents<br \/>\n<strong>Poker<\/strong>Salle de poker 24 heures sur 24<\/p>\n<h3>Casino Starlight<\/h3>\n<p><a href=\"https:\/\/www.starlightcasino.ca\/\" target=\"_blank\" rel=\"noopener noreferrer\">Casino Starlight<\/a> situ\u00e9 \u00e0 New Westminster, offre 100 000 m\u00b2 de jeux et de divertissements.<\/p>\n<p><strong>Jeux de table : <\/strong>Starlight propose les jeux de table suivants -<strong>\u00a0<\/strong>Blackjack, Roulette, EZ Baccarat, Fortune Pai Gow, Regular Pai Gow, Ultimate Texas Hold'em, Craps<br \/>\n<strong>Machines \u00e0 sous<\/strong>: Grande vari\u00e9t\u00e9 de jeux de machines \u00e0 sous<br \/>\n<strong>VIP<\/strong>: Salle VIP sp\u00e9ciale pour les gros joueurs et <a href=\"https:\/\/casinolion.ca\/fr\/20-most-famous-canadian-gamblers\/\">Joueurs c\u00e9l\u00e8bres<\/a><br \/>\n<strong>Nourriture et boissons : <\/strong>5 options diff\u00e9rentes de restauration et de boissons<\/p>\n<h3>Casino River Rock<\/h3>\n<p>Situ\u00e9 \u00e0 Richmond <a href=\"https:\/\/www.riverrock.com\/\" target=\"_blank\" rel=\"noopener noreferrer\">Le rocher de la rivi\u00e8re<\/a> dispose des \u00e9quipements suivants pour le plaisir du jeu<\/p>\n<p><strong>Jeux de table :<\/strong> Blackjack, Roulette, Craps, Baccarat et Pai Gow<br \/>\n<strong>Machines \u00e0 sous<\/strong>: Plus de 1 100 jeux de machines \u00e0 sous faisant de River Rock le casino n\u00b01 pour les amateurs de machines \u00e0 sous, jouez \u00e0 des machines \u00e0 sous de pure chance ou de vid\u00e9o poker.<br \/>\n<strong>Poker<\/strong>: Jouer au poker \u00e0 3 et 4 cartes et au Texas Hold'em, 24 heures d'action le samedi<\/p>","protected":false},"excerpt":{"rendered":"<p>Jetez un coup d'\u0153il \u00e0 la sc\u00e8ne locale des casinos de Vancouver avec notre infographie pratique Casino Edgewater Le joyau de la couronne des casinos de Vancouver Le casino Edgewater est situ\u00e9 \u00e0 seulement 2,3 km du centre-ville de Vancouver et offre les options de jeu et de divertissement suivantes : Jeux de table : 7o tables diff\u00e9rentes offrant craps, baccarat (r\u00e9gulier, squeeze, squeeze ez), blackjack (r\u00e9gulier, double mise, [...]<\/p>","protected":false},"author":1,"featured_media":0,"parent":0,"menu_order":187,"comment_status":"open","ping_status":"closed","template":"","meta":{"_acf_changed":false,"footnotes":""},"class_list":["post-1194","page","type-page","status-publish","hentry"],"acf":[],"yoast_head":"<!-- This site is optimized with the Yoast SEO plugin v26.1.1 - https:\/\/yoast.com\/wordpress\/plugins\/seo\/ -->\n<title>Vancouver Casino Infographic - Local Casino Scene<\/title>\n<meta name=\"description\" content=\"We take a look at the local land based casino scene in Vancouver - offering plenty of table games, poker and slots action.\" \/>\n<meta name=\"robots\" content=\"index, follow, max-snippet:-1, max-image-preview:large, max-video-preview:-1\" \/>\n<link rel=\"canonical\" href=\"https:\/\/casinolion.ca\/fr\/vancouver-casinos\/\" \/>\n<meta property=\"og:locale\" content=\"fr_CA\" \/>\n<meta property=\"og:type\" content=\"article\" \/>\n<meta property=\"og:title\" content=\"Vancouver Casino Infographic - Local Casino Scene\" \/>\n<meta property=\"og:description\" content=\"We take a look at the local land based casino scene in Vancouver - offering plenty of table games, poker and slots action.\" \/>\n<meta property=\"og:url\" content=\"https:\/\/casinolion.ca\/fr\/vancouver-casinos\/\" \/>\n<meta property=\"article:modified_time\" content=\"2024-02-04T09:12:43+00:00\" \/>\n<meta property=\"og:image\" content=\"https:\/\/www.casinolion.ca\/wp-content\/uploads\/2018\/11\/Vancouver-Casinos.jpg\" \/>\n<meta name=\"twitter:card\" content=\"summary_large_image\" \/>\n<meta name=\"twitter:label1\" content=\"Estimation du temps de lecture\" \/>\n\t<meta name=\"twitter:data1\" content=\"3 minutes\" \/>\n<script type=\"application\/ld+json\" class=\"yoast-schema-graph\">{\"@context\":\"https:\/\/schema.org\",\"@graph\":[{\"@type\":\"WebPage\",\"@id\":\"https:\/\/casinolion.ca\/vancouver-casinos\/\",\"url\":\"https:\/\/casinolion.ca\/vancouver-casinos\/\",\"name\":\"Vancouver Casino Infographic - Local Casino Scene\",\"isPartOf\":{\"@id\":\"https:\/\/casinolion.ca\/fr\/#website\"},\"primaryImageOfPage\":{\"@id\":\"https:\/\/casinolion.ca\/vancouver-casinos\/#primaryimage\"},\"image\":{\"@id\":\"https:\/\/casinolion.ca\/vancouver-casinos\/#primaryimage\"},\"thumbnailUrl\":\"https:\/\/www.casinolion.ca\/wp-content\/uploads\/2018\/11\/Vancouver-Casinos.jpg\",\"datePublished\":\"2015-12-17T12:06:27+00:00\",\"dateModified\":\"2024-02-04T09:12:43+00:00\",\"description\":\"We take a look at the local land based casino scene in Vancouver - offering plenty of table games, poker and slots action.\",\"breadcrumb\":{\"@id\":\"https:\/\/casinolion.ca\/vancouver-casinos\/#breadcrumb\"},\"inLanguage\":\"fr-CA\",\"potentialAction\":[{\"@type\":\"ReadAction\",\"target\":[\"https:\/\/casinolion.ca\/vancouver-casinos\/\"]}]},{\"@type\":\"ImageObject\",\"inLanguage\":\"fr-CA\",\"@id\":\"https:\/\/casinolion.ca\/vancouver-casinos\/#primaryimage\",\"url\":\"https:\/\/www.casinolion.ca\/wp-content\/uploads\/2018\/11\/Vancouver-Casinos.jpg\",\"contentUrl\":\"https:\/\/www.casinolion.ca\/wp-content\/uploads\/2018\/11\/Vancouver-Casinos.jpg\"},{\"@type\":\"BreadcrumbList\",\"@id\":\"https:\/\/casinolion.ca\/vancouver-casinos\/#breadcrumb\",\"itemListElement\":[{\"@type\":\"ListItem\",\"position\":1,\"name\":\"Home\",\"item\":\"https:\/\/casinolion.ca\/\"},{\"@type\":\"ListItem\",\"position\":2,\"name\":\"Vancouver and British Columbia Casinos\"}]},{\"@type\":\"WebSite\",\"@id\":\"https:\/\/casinolion.ca\/fr\/#website\",\"url\":\"https:\/\/casinolion.ca\/fr\/\",\"name\":\"\",\"description\":\"\",\"potentialAction\":[{\"@type\":\"SearchAction\",\"target\":{\"@type\":\"EntryPoint\",\"urlTemplate\":\"https:\/\/casinolion.ca\/fr\/?s={search_term_string}\"},\"query-input\":{\"@type\":\"PropertyValueSpecification\",\"valueRequired\":true,\"valueName\":\"search_term_string\"}}],\"inLanguage\":\"fr-CA\"}]}<\/script>\n<!-- \/ Yoast SEO plugin. -->","yoast_head_json":{"title":"Infographie sur les casinos de Vancouver - Local Casino Scene","description":"Nous jetons un coup d'\u0153il sur la sc\u00e8ne locale des casinos terrestres de Vancouver, qui proposent de nombreux jeux de table, du poker et des machines \u00e0 sous.","robots":{"index":"index","follow":"follow","max-snippet":"max-snippet:-1","max-image-preview":"max-image-preview:large","max-video-preview":"max-video-preview:-1"},"canonical":"https:\/\/casinolion.ca\/fr\/vancouver-casinos\/","og_locale":"fr_CA","og_type":"article","og_title":"Vancouver Casino Infographic - Local Casino Scene","og_description":"We take a look at the local land based casino scene in Vancouver - offering plenty of table games, poker and slots action.","og_url":"https:\/\/casinolion.ca\/fr\/vancouver-casinos\/","article_modified_time":"2024-02-04T09:12:43+00:00","og_image":[{"url":"https:\/\/www.casinolion.ca\/wp-content\/uploads\/2018\/11\/Vancouver-Casinos.jpg","type":"","width":"","height":""}],"twitter_card":"summary_large_image","twitter_misc":{"Estimation du temps de lecture":"3 minutes"},"schema":{"@context":"https:\/\/schema.org","@graph":[{"@type":"WebPage","@id":"https:\/\/casinolion.ca\/vancouver-casinos\/","url":"https:\/\/casinolion.ca\/vancouver-casinos\/","name":"Infographie sur les casinos de Vancouver - Local Casino Scene","isPartOf":{"@id":"https:\/\/casinolion.ca\/fr\/#website"},"primaryImageOfPage":{"@id":"https:\/\/casinolion.ca\/vancouver-casinos\/#primaryimage"},"image":{"@id":"https:\/\/casinolion.ca\/vancouver-casinos\/#primaryimage"},"thumbnailUrl":"https:\/\/www.casinolion.ca\/wp-content\/uploads\/2018\/11\/Vancouver-Casinos.jpg","datePublished":"2015-12-17T12:06:27+00:00","dateModified":"2024-02-04T09:12:43+00:00","description":"Nous jetons un coup d'\u0153il sur la sc\u00e8ne locale des casinos terrestres de Vancouver, qui proposent de nombreux jeux de table, du poker et des machines \u00e0 sous.","breadcrumb":{"@id":"https:\/\/casinolion.ca\/vancouver-casinos\/#breadcrumb"},"inLanguage":"fr-CA","potentialAction":[{"@type":"ReadAction","target":["https:\/\/casinolion.ca\/vancouver-casinos\/"]}]},{"@type":"ImageObject","inLanguage":"fr-CA","@id":"https:\/\/casinolion.ca\/vancouver-casinos\/#primaryimage","url":"https:\/\/www.casinolion.ca\/wp-content\/uploads\/2018\/11\/Vancouver-Casinos.jpg","contentUrl":"https:\/\/www.casinolion.ca\/wp-content\/uploads\/2018\/11\/Vancouver-Casinos.jpg"},{"@type":"BreadcrumbList","@id":"https:\/\/casinolion.ca\/vancouver-casinos\/#breadcrumb","itemListElement":[{"@type":"ListItem","position":1,"name":"Home","item":"https:\/\/casinolion.ca\/"},{"@type":"ListItem","position":2,"name":"Vancouver and British Columbia Casinos"}]},{"@type":"WebSite","@id":"https:\/\/casinolion.ca\/fr\/#website","url":"https:\/\/casinolion.ca\/fr\/","name":"","description":"","potentialAction":[{"@type":"SearchAction","target":{"@type":"EntryPoint","urlTemplate":"https:\/\/casinolion.ca\/fr\/?s={search_term_string}"},"query-input":{"@type":"PropertyValueSpecification","valueRequired":true,"valueName":"search_term_string"}}],"inLanguage":"fr-CA"}]}},"_links":{"self":[{"href":"https:\/\/casinolion.ca\/fr\/wp-json\/wp\/v2\/pages\/1194","targetHints":{"allow":["GET"]}}],"collection":[{"href":"https:\/\/casinolion.ca\/fr\/wp-json\/wp\/v2\/pages"}],"about":[{"href":"https:\/\/casinolion.ca\/fr\/wp-json\/wp\/v2\/types\/page"}],"author":[{"embeddable":true,"href":"https:\/\/casinolion.ca\/fr\/wp-json\/wp\/v2\/users\/1"}],"replies":[{"embeddable":true,"href":"https:\/\/casinolion.ca\/fr\/wp-json\/wp\/v2\/comments?post=1194"}],"version-history":[{"count":0,"href":"https:\/\/casinolion.ca\/fr\/wp-json\/wp\/v2\/pages\/1194\/revisions"}],"wp:attachment":[{"href":"https:\/\/casinolion.ca\/fr\/wp-json\/wp\/v2\/media?parent=1194"}],"curies":[{"name":"wp","href":"https:\/\/api.w.org\/{rel}","templated":true}]}}