
{"id":12054,"date":"2020-10-01T06:31:31","date_gmt":"2020-10-01T06:31:31","guid":{"rendered":"https:\/\/www.canadiancasinos.ca\/?page_id=12054"},"modified":"2024-02-13T07:26:42","modified_gmt":"2024-02-13T07:26:42","slug":"free-bets","status":"publish","type":"page","link":"https:\/\/casinolion.ca\/fr\/free-bets\/","title":{"rendered":"Paris gratuits"},"content":{"rendered":"<p>L'\u00e9volution constante est l'un des principes fondamentaux du secteur tr\u00e8s concurrentiel des jeux d'argent en ligne. De nouvelles plateformes de paris apparaissent en permanence et, dans leurs efforts pour attirer le plus grand nombre de parieurs possible, les op\u00e9rateurs proposent un large \u00e9ventail d'innovations telles que des bonus, des promotions et des paris gratuits. Il s'av\u00e8re que le meilleur aimant pour tous les joueurs, quels que soient leur \u00e2ge, leur sexe et leur exp\u00e9rience, ce sont les paris gratuits. Mais de quoi s'agit-il exactement ? Et comment fonctionnent-ils ?<\/p>\n<h2>Paris gratuits avec d\u00e9p\u00f4t<\/h2>\n<p>Voici une liste de paris sportifs offrant des paris gratuits lorsque vous effectuez un d\u00e9p\u00f4t\/placez un pari.<\/p>\n<table class=\"flex-container column casinoTable bankingTbl\">\n<thead>\n<tr>\n<td>#<\/td>\n<td>Livre de sport<\/td>\n<td>Bonus<\/td>\n<td>Jouer<\/td>\n<\/tr>\n<\/thead>\n<tbody>\n<tr class=\"flex-row other-rows\">\n<td>1<\/td>\n<td class=\"medium-md large-md half-col\"><a class=\"\" href=\"https:\/\/mmwebhandler.aff-online.com\/c\/42402?sr=1874274\" target=\"_blank\" rel=\"nofollow noopener noreferrer\"><br \/>\n<img decoding=\"async\" class=\"alignnone size-full wp-image-12108\" src=\"https:\/\/www.casinolion.ca\/wp-content\/uploads\/2020\/10\/888sport-logo-sq-1.png\" alt=\"\" width=\"80\" height=\"80\" srcset=\"https:\/\/casinolion.ca\/wp-content\/uploads\/2020\/10\/888sport-logo-sq-1.png 80w, https:\/\/casinolion.ca\/wp-content\/uploads\/2020\/10\/888sport-logo-sq-1-36x36.png 36w\" sizes=\"(max-width: 80px) 100vw, 80px\" \/><br \/>\n<\/a><\/td>\n<td class=\"medium-lg large-md hide casino-name-wrap\">\n<h3>888Sport<\/h3>\n<\/td>\n<td class=\"medium-xl large-xl half-col table-spacing\"><span class=\"bonusType\">Bonus d'inscription<\/span><span class=\"bonusOffer\"><span class=\"bonus-percent\">30 \u20ac de paris gratuits <span class=\"max-bonus\"><span class=\"free-spins spins\"> sur le premier pari de 10 \u20ac. <\/span><\/span><\/span><\/span><\/td>\n<td class=\"small-xxl medium-md large-lg links\"><a class=\"buttonLink visit visitBtn\" href=\"https:\/\/ic.aff-handler.com\/c\/39133?sr=1370930\" target=\"_blank\" rel=\"nofollow noopener noreferrer\">MISER MAINTENANT<\/a><\/td>\n<\/tr>\n<tr class=\"flex-row other-rows\">\n<td>2<\/td>\n<td class=\"medium-md large-md half-col\"><a class=\"\" href=\"https:\/\/casinolion.ca\/fr\/visit\/betway-casino\/\" target=\"_blank\" rel=\"nofollow noopener noreferrer\"><br \/>\n<img decoding=\"async\" class=\"casinoLogo lazyloaded\" src=\"https:\/\/www.casinolion.ca\/wp-content\/uploads\/2020\/11\/betway-logo.png\" \/><br \/>\n<\/a><\/td>\n<td class=\"medium-lg large-md hide casino-name-wrap\">\n<h3>Betway<\/h3>\n<\/td>\n<td class=\"medium-xl large-xl half-col table-spacing\"><span class=\"bonusType\">Offre Rewards Club<\/span><span class=\"bonusOffer\"><span class=\"bonus-percent-bigger\"><small>$<\/small>5 Pari gratuit sur le pari $50<\/span><\/span><\/td>\n<td class=\"small-xxl medium-md large-lg links\"><a class=\"buttonLink visit visitBtn\" href=\"https:\/\/casinolion.ca\/fr\/visit\/betway-casino\/\" target=\"_blank\" rel=\"nofollow noopener noreferrer\">MISER MAINTENANT<\/a><\/td>\n<\/tr>\n<tr class=\"flex-row other-rows\">\n<td>3<\/td>\n<td class=\"medium-md large-md half-col\"><a class=\"\" href=\"\/fr\/visit\/betsson\/\" target=\"_blank\" rel=\"nofollow noopener noreferrer\"><br \/>\n<img decoding=\"async\" class=\"casinoLogo lazyloaded\" src=\"\/wp-content\/uploads\/ccImages\/casino\/54\/bettson_logo.png\" alt=\"Casino Betsson\" data-lazy-src=\"\/wp-content\/uploads\/ccImages\/casino\/54\/bettson_logo.png\" data-was-processed=\"true\" \/><noscript><img decoding=\"async\" class=\"casinoLogo\" src=\"\/wp-content\/uploads\/ccImages\/casino\/54\/bettson_logo.png\" alt=\"Casino Betsson\" \/><\/noscript><br \/>\n<\/a><\/td>\n<td class=\"medium-lg large-md hide casino-name-wrap\">\n<h3>Betsson<\/h3>\n<\/td>\n<td class=\"medium-xl large-xl half-col table-spacing\"><span class=\"bonusType\">Bonus de bienvenue<\/span><span class=\"bonusOffer\"><span class=\"bonus-percent-bigger\"><small><\/small>100% jusqu'\u00e0 100\u20ac + 10\u20ac de pari gratuit<\/span><\/span><\/td>\n<td class=\"small-xxl medium-md large-lg links\"><a class=\"buttonLink visit visitBtn\" href=\"\/fr\/visit\/betsson\/\" target=\"_blank\" rel=\"nofollow noopener noreferrer\">MISER MAINTENANT<\/a><\/td>\n<\/tr>\n<tr class=\"flex-row other-rows\">\n<td>4<\/td>\n<td class=\"medium-md large-md half-col\"><a class=\"\" href=\"\/fr\/visit\/casumo\/\" target=\"_blank\" rel=\"nofollow noopener noreferrer\"><br \/>\n<img decoding=\"async\" class=\"casinoLogo lazyloaded\" src=\"\/wp-content\/uploads\/ccImages\/casino\/653\/casumo_logo_04_2019.png\" alt=\"Casumo\" data-lazy-src=\"\/wp-content\/uploads\/ccImages\/casino\/653\/casumo_logo_04_2019.png\" data-was-processed=\"true\" \/><noscript><img decoding=\"async\" class=\"casinoLogo\" src=\"\/wp-content\/uploads\/ccImages\/casino\/653\/casumo_logo_04_2019.png\" alt=\"Casumo\" \/><\/noscript><br \/>\n<\/a><\/td>\n<td class=\"medium-lg large-md hide casino-name-wrap\">\n<h3>Casumo<\/h3>\n<\/td>\n<td class=\"medium-xl large-xl half-col table-spacing\"><span class=\"bonusType\">Bonus de bienvenue<\/span><span class=\"bonusOffer\"><span class=\"bonus-percent-bigger\"><small><\/small>Misez $50 Recevez $100 Pari gratuit<\/span><\/span><\/td>\n<td class=\"small-xxl medium-md large-lg links\"><a class=\"buttonLink visit visitBtn\" href=\"https:\/\/casinolion.ca\/fr\/visit\/casumo\/\" target=\"_blank\" rel=\"nofollow noopener noreferrer\">MISER MAINTENANT<\/a><\/td>\n<\/tr>\n<tr class=\"flex-row other-rows\">\n<td>5<\/td>\n<td class=\"medium-md large-md half-col\"><a class=\"\" href=\"\/fr\/visit\/betiton-casino\/\" target=\"_blank\" rel=\"nofollow noopener noreferrer\"><br \/>\n<img decoding=\"async\" class=\"casinoLogo lazyloaded\" src=\"\/wp-content\/uploads\/ccImages\/casino\/1997\/betiton_casino_logo_06.04.2020..png\" alt=\"Casino Betiton\" data-lazy-src=\"\/wp-content\/uploads\/ccImages\/casino\/1997\/betiton_casino_logo_06.04.2020..png\" data-was-processed=\"true\" \/><noscript><img decoding=\"async\" class=\"casinoLogo\" src=\"\/wp-content\/uploads\/ccImages\/casino\/1997\/betiton_casino_logo_06.04.2020..png\" alt=\"Casino Betiton\" \/><\/noscript><br \/>\n<\/a><\/td>\n<td class=\"medium-lg large-md hide casino-name-wrap\">\n<h3>BETITON<\/h3>\n<\/td>\n<td class=\"medium-xl large-xl half-col table-spacing\"><span class=\"bonusType\">Bonus de bienvenue<\/span><span class=\"bonusOffer\"><span class=\"bonus-percent-bigger\"><small><\/small>Pariez $15 Recevez $10 Pari gratuit<\/span><\/span><\/td>\n<td class=\"small-xxl medium-md large-lg links\"><a class=\"buttonLink visit visitBtn\" href=\"\/fr\/visit\/betiton-casino\/\" target=\"_blank\" rel=\"nofollow noopener noreferrer\">MISER MAINTENANT<\/a><\/td>\n<\/tr>\n<\/tbody>\n<\/table>\n<h2>Comment d\u00e9finir un pari gratuit ?<\/h2>\n<p>Certains diront qu'un pari gratuit est le plus grand r\u00eave de tout joueur. Et ils ont peut-\u00eatre raison. En bref, il s'agit d'un pari dans lequel votre bookmaker paie la mise. Il prend tous les risques \u00e0 sa charge. Si vous gagnez, vous encaissez tous les b\u00e9n\u00e9fices. En cas de r\u00e9sultat n\u00e9gatif, vous ne subissez aucune perte et pouvez poursuivre votre aventure de jeu comme d'habitude. En mati\u00e8re de bonus et de promotions, les paris gratuits n'ont rien \u00e0 envier aux autres !<\/p>\n<h2>Quels sont les sites de paris qui offrent des paris gratuits ?<\/h2>\n<p>\u00c9tant donn\u00e9 que de nombreux parieurs en ligne recherchent des paris gratuits de nos jours, et qu'ils choisissent souvent leur prochain site de paris en fonction de la lucrativit\u00e9 de ses promotions, tous les op\u00e9rateurs dignes de ce nom proposent des paris gratuits. M\u00eame s'ils sont principalement destin\u00e9s aux nouveaux venus, de nombreux paris sportifs et casinos en ligne les utilisent comme un moyen de r\u00e9compenser leurs joueurs r\u00e9guliers. Voyons maintenant quelques-uns des paris gratuits les plus courants.<\/p>\n<h2>Bonus sans d\u00e9p\u00f4t<\/h2>\n<p>Il s'agit de l'un des paris gratuits les plus populaires sur les plateformes de paris du monde entier. La plupart des paris sportifs l'offrent \u00e0 tous les nouveaux joueurs d\u00e8s qu'ils cr\u00e9ent un compte. Ce qui le rend si populaire parmi les parieurs, c'est qu'il n'est pas n\u00e9cessaire de d\u00e9poser de l'argent r\u00e9el pour l'obtenir. Selon le bookmaker que vous choisissez, il peut \u00eatre assorti d'un ensemble de limitations telles qu'une date d'expiration, des exigences de mise et d'autres conditions sp\u00e9ciales.<\/p>\n<h2>Promotions sur les d\u00e9p\u00f4ts jumel\u00e9s<\/h2>\n<p>L'une des offres les plus rentables que vous puissiez trouver dans le monde des paris en ligne est celle des paris avec d\u00e9p\u00f4t jumel\u00e9. Ces promotions garantissent que le bookmaker doublera tout d\u00e9p\u00f4t que vous effectuerez, jusqu'\u00e0 un certain montant. Si, par exemple, vous d\u00e9cidez de d\u00e9poser CA$15, vous recevrez imm\u00e9diatement un autre CA$15 en r\u00e9compense. Par cons\u00e9quent, votre solde sera alors de CA$30. Plus vous d\u00e9posez, plus votre r\u00e9compense sera \u00e9lev\u00e9e.<\/p>\n<h2>Bonus Cashback<\/h2>\n<p>Un autre type de pari gratuit tr\u00e8s populaire est le bonus cashback ou le bonus de remboursement. Les bookmakers les proposent aux parieurs dont le pari arrive en deuxi\u00e8me position ou r\u00e9pond \u00e0 d'autres crit\u00e8res pr\u00e9d\u00e9termin\u00e9s. En d'autres termes, le bookmaker vous rendra une partie de l'argent que vous avez perdu afin de limiter les d\u00e9g\u00e2ts. Les conditions suppl\u00e9mentaires peuvent varier d'un bookmaker \u00e0 l'autre et vous devez les conna\u00eetre avant de placer vos paris.<\/p>\n<h2>Promotions de bienvenue<\/h2>\n<p>De nombreuses plateformes de paris en ligne proposent un large \u00e9ventail de bonus de bienvenue et de promotions. Pour pouvoir en b\u00e9n\u00e9ficier, vous devez g\u00e9n\u00e9ralement ouvrir un compte et d\u00e9poser de l'argent. Le montant varie consid\u00e9rablement en fonction du site de paris sportifs que vous choisissez et de la strat\u00e9gie commerciale actuelle du bookmaker. Certains bookmakers en ligne organisent des p\u00e9riodes promotionnelles sp\u00e9ciales au cours desquelles leurs bonus de bienvenue peuvent \u00eatre nettement sup\u00e9rieurs \u00e0 la moyenne du march\u00e9.<\/p>\n<h2>Autres paris gratuits<\/h2>\n<p>Comme vous le savez probablement d\u00e9j\u00e0, tous les paris sportifs ne sont pas identiques. Certains se concentrent sur le football, le basket-ball et d'autres sports d'\u00e9quipe, tandis que d'autres ont une offre beaucoup plus large qui couvre tout, du tennis au badminton en passant par les \u00e9lections am\u00e9ricaines. De plus, lors de certains tournois comme la Coupe du monde de la FIFA ou le championnat de la PGA, toute une s\u00e9rie de nouveaux paris gratuits sp\u00e9cialis\u00e9s peuvent appara\u00eetre dans leur offre. Parmi les plus populaires, citons<\/p>\n<ul>\n<li>Paris gratuits pour les courses de chevaux<\/li>\n<li>Paris gratuits sur le rugby<\/li>\n<li>Paris gratuits pour la Ligue des champions de l'UEFA<\/li>\n<li>Paris gratuits sur le hockey sur glace<\/li>\n<li>Paris gratuits sur le golf<\/li>\n<\/ul>\n<h2>Comment fonctionne un pari gratuit ?<\/h2>\n<p>Dans la plupart des cas, tout ce que vous avez \u00e0 faire pour obtenir votre pari gratuit est de suivre le lien qui m\u00e8ne \u00e0 la page des bonus et des promotions. Vous n'avez que quelques clics \u00e0 faire. Parfois, vous devrez ouvrir un compte, choisir votre m\u00e9thode de paiement et d\u00e9poser de l'argent r\u00e9el. \u00c0 partir de l\u00e0, la proc\u00e9dure est la m\u00eame que pour n'importe quel autre pari. N'oubliez pas de toujours jeter un coup d'\u0153il \u00e0 la page des conditions g\u00e9n\u00e9rales pour vous assurer qu'il n'y a pas d'exigences particuli\u00e8res.<\/p>\n<h2>D\u00e9p\u00f4t minimum<\/h2>\n<p>Certains bookmakers en ligne exigent que vous d\u00e9posiez avant de pouvoir b\u00e9n\u00e9ficier de leurs bonus et promotions. Les d\u00e9p\u00f4ts minimums varient d'un bookmaker \u00e0 l'autre et peuvent aller jusqu'\u00e0 CA$10. Dans de rares cas, les d\u00e9p\u00f4ts minimums peuvent aller jusqu'\u00e0 CA$1000, mais vous n'en verrez pas beaucoup sur le march\u00e9 ces jours-ci.<\/p>\n<h2>Derni\u00e8res paroles<\/h2>\n<p>Il ne fait aucun doute que les paris gratuits sont formidables et qu'ils peuvent vous aider \u00e0 d\u00e9marrer votre aventure de parieur. Bien s\u00fbr, vous devez \u00eatre pers\u00e9v\u00e9rant et trouver les meilleurs. Gardez \u00e0 l'esprit que chaque plateforme de paris en ligne applique un ensemble diff\u00e9rent de r\u00e8gles et de limitations en mati\u00e8re de bonus et de promotions. Si vous les lisez \u00e0 temps, vous \u00e9viterez les mauvaises surprises et vous n'aurez rien \u00e0 craindre. Bonne chance !<\/p>\n<h2>FAQ<\/h2>\n<p><strong>Est-il possible de tirer profit d'un pari gratuit ? <\/strong><\/p>\n<p>Oui, bien s\u00fbr. Si vous remplissez toutes les conditions et suivez toutes les r\u00e8gles, il est tout \u00e0 fait possible de r\u00e9aliser de gros b\u00e9n\u00e9fices. En fin de compte, tout d\u00e9pend de votre niveau d'information et de votre chance.<\/p>\n<p><strong>Pourquoi les paris sportifs offrent-ils des paris gratuits ?<\/strong><\/p>\n<p>Il y a deux raisons principales pour lesquelles les paris sportifs et les autres plateformes de jeux d'argent en ligne offrent des paris gratuits. Tout d'abord, l'offre de paris gratuits fait partie de leur strat\u00e9gie visant \u00e0 augmenter le nombre de nouveaux joueurs sur leur site web. Deuxi\u00e8mement, ils veulent aider les d\u00e9butants \u00e0 apprendre toutes les r\u00e8gles. Comme les d\u00e9butants sont souvent h\u00e9sitants, ils leur donnent la possibilit\u00e9 d'essayer toutes les options avant de risquer de l'argent r\u00e9el.<\/p>\n<p><strong>Qu'est-ce qu'un code promo pour les paris gratuits ? <\/strong><\/p>\n<p>Pour obtenir des paris gratuits, vous devez fournir un code promo. Il s'agit d'un mot de passe qui contient g\u00e9n\u00e9ralement une combinaison de lettres et de chiffres. Si vous cherchez des codes promo pour l'un des principaux paris sportifs en ligne, ils ne devraient pas \u00eatre trop difficiles \u00e0 trouver sur le web.<\/p>\n<p><strong>Puis-je encaisser imm\u00e9diatement mon pari gratuit ? <\/strong><\/p>\n<p>Dans la plupart des cas, vous ne pourrez pas le faire. Tous les paris sportifs populaires exigent que vous remplissiez une certaine condition de mise avant de pouvoir retirer vos gains.<\/p>","protected":false},"excerpt":{"rendered":"<p>L'\u00e9volution constante est l'un des principes fondamentaux du secteur tr\u00e8s concurrentiel des jeux d'argent en ligne. De nouvelles plateformes de paris apparaissent en permanence et, dans leurs efforts pour attirer le plus grand nombre de parieurs, les op\u00e9rateurs proposent un large \u00e9ventail d'innovations telles que des bonus, des promotions et des paris gratuits. Il s'av\u00e8re que les [...]<\/p>","protected":false},"author":1,"featured_media":0,"parent":0,"menu_order":0,"comment_status":"closed","ping_status":"closed","template":"","meta":{"_acf_changed":false,"footnotes":""},"class_list":["post-12054","page","type-page","status-publish","hentry"],"acf":[],"yoast_head":"<!-- This site is optimized with the Yoast SEO plugin v26.1.1 - https:\/\/yoast.com\/wordpress\/plugins\/seo\/ -->\n<title>Free Bets With No Deposit in 2026<\/title>\n<meta name=\"robots\" content=\"index, follow, max-snippet:-1, max-image-preview:large, max-video-preview:-1\" \/>\n<link rel=\"canonical\" href=\"https:\/\/casinolion.ca\/fr\/free-bets\/\" \/>\n<meta property=\"og:locale\" content=\"fr_CA\" \/>\n<meta property=\"og:type\" content=\"article\" \/>\n<meta property=\"og:title\" content=\"Free Bets With No Deposit in 2026\" \/>\n<meta property=\"og:description\" content=\"Constant change is one of the main principles of the highly competitive online gambling industry. New betting platforms appear all the time, and in their effort to attract as many punters as they can, operators come up with a wide range of innovations such as bonuses, promotions, and free bets. As it turns out, the [&hellip;]\" \/>\n<meta property=\"og:url\" content=\"https:\/\/casinolion.ca\/fr\/free-bets\/\" \/>\n<meta property=\"article:modified_time\" content=\"2024-02-13T07:26:42+00:00\" \/>\n<meta property=\"og:image\" content=\"https:\/\/www.casinolion.ca\/wp-content\/uploads\/2020\/10\/888sport-logo-sq-1.png\" \/>\n<meta name=\"twitter:card\" content=\"summary_large_image\" \/>\n<meta name=\"twitter:label1\" content=\"Estimation du temps de lecture\" \/>\n\t<meta name=\"twitter:data1\" content=\"7 minutes\" \/>\n<script type=\"application\/ld+json\" class=\"yoast-schema-graph\">{\"@context\":\"https:\/\/schema.org\",\"@graph\":[{\"@type\":\"WebPage\",\"@id\":\"https:\/\/casinolion.ca\/free-bets\/\",\"url\":\"https:\/\/casinolion.ca\/free-bets\/\",\"name\":\"Free Bets With No Deposit in 2026\",\"isPartOf\":{\"@id\":\"https:\/\/casinolion.ca\/fr\/#website\"},\"primaryImageOfPage\":{\"@id\":\"https:\/\/casinolion.ca\/free-bets\/#primaryimage\"},\"image\":{\"@id\":\"https:\/\/casinolion.ca\/free-bets\/#primaryimage\"},\"thumbnailUrl\":\"https:\/\/www.casinolion.ca\/wp-content\/uploads\/2020\/10\/888sport-logo-sq-1.png\",\"datePublished\":\"2020-10-01T06:31:31+00:00\",\"dateModified\":\"2024-02-13T07:26:42+00:00\",\"breadcrumb\":{\"@id\":\"https:\/\/casinolion.ca\/free-bets\/#breadcrumb\"},\"inLanguage\":\"fr-CA\",\"potentialAction\":[{\"@type\":\"ReadAction\",\"target\":[\"https:\/\/casinolion.ca\/free-bets\/\"]}]},{\"@type\":\"ImageObject\",\"inLanguage\":\"fr-CA\",\"@id\":\"https:\/\/casinolion.ca\/free-bets\/#primaryimage\",\"url\":\"https:\/\/www.casinolion.ca\/wp-content\/uploads\/2020\/10\/888sport-logo-sq-1.png\",\"contentUrl\":\"https:\/\/www.casinolion.ca\/wp-content\/uploads\/2020\/10\/888sport-logo-sq-1.png\"},{\"@type\":\"BreadcrumbList\",\"@id\":\"https:\/\/casinolion.ca\/free-bets\/#breadcrumb\",\"itemListElement\":[{\"@type\":\"ListItem\",\"position\":1,\"name\":\"Home\",\"item\":\"https:\/\/casinolion.ca\/\"},{\"@type\":\"ListItem\",\"position\":2,\"name\":\"Free Bets\"}]},{\"@type\":\"WebSite\",\"@id\":\"https:\/\/casinolion.ca\/fr\/#website\",\"url\":\"https:\/\/casinolion.ca\/fr\/\",\"name\":\"\",\"description\":\"\",\"potentialAction\":[{\"@type\":\"SearchAction\",\"target\":{\"@type\":\"EntryPoint\",\"urlTemplate\":\"https:\/\/casinolion.ca\/fr\/?s={search_term_string}\"},\"query-input\":{\"@type\":\"PropertyValueSpecification\",\"valueRequired\":true,\"valueName\":\"search_term_string\"}}],\"inLanguage\":\"fr-CA\"}]}<\/script>\n<!-- \/ Yoast SEO plugin. -->","yoast_head_json":{"title":"Paris gratuits sans d\u00e9p\u00f4t en 2026","robots":{"index":"index","follow":"follow","max-snippet":"max-snippet:-1","max-image-preview":"max-image-preview:large","max-video-preview":"max-video-preview:-1"},"canonical":"https:\/\/casinolion.ca\/fr\/free-bets\/","og_locale":"fr_CA","og_type":"article","og_title":"Free Bets With No Deposit in 2026","og_description":"Constant change is one of the main principles of the highly competitive online gambling industry. New betting platforms appear all the time, and in their effort to attract as many punters as they can, operators come up with a wide range of innovations such as bonuses, promotions, and free bets. As it turns out, the [&hellip;]","og_url":"https:\/\/casinolion.ca\/fr\/free-bets\/","article_modified_time":"2024-02-13T07:26:42+00:00","og_image":[{"url":"https:\/\/www.casinolion.ca\/wp-content\/uploads\/2020\/10\/888sport-logo-sq-1.png","type":"","width":"","height":""}],"twitter_card":"summary_large_image","twitter_misc":{"Estimation du temps de lecture":"7 minutes"},"schema":{"@context":"https:\/\/schema.org","@graph":[{"@type":"WebPage","@id":"https:\/\/casinolion.ca\/free-bets\/","url":"https:\/\/casinolion.ca\/free-bets\/","name":"Paris gratuits sans d\u00e9p\u00f4t en 2026","isPartOf":{"@id":"https:\/\/casinolion.ca\/fr\/#website"},"primaryImageOfPage":{"@id":"https:\/\/casinolion.ca\/free-bets\/#primaryimage"},"image":{"@id":"https:\/\/casinolion.ca\/free-bets\/#primaryimage"},"thumbnailUrl":"https:\/\/www.casinolion.ca\/wp-content\/uploads\/2020\/10\/888sport-logo-sq-1.png","datePublished":"2020-10-01T06:31:31+00:00","dateModified":"2024-02-13T07:26:42+00:00","breadcrumb":{"@id":"https:\/\/casinolion.ca\/free-bets\/#breadcrumb"},"inLanguage":"fr-CA","potentialAction":[{"@type":"ReadAction","target":["https:\/\/casinolion.ca\/free-bets\/"]}]},{"@type":"ImageObject","inLanguage":"fr-CA","@id":"https:\/\/casinolion.ca\/free-bets\/#primaryimage","url":"https:\/\/www.casinolion.ca\/wp-content\/uploads\/2020\/10\/888sport-logo-sq-1.png","contentUrl":"https:\/\/www.casinolion.ca\/wp-content\/uploads\/2020\/10\/888sport-logo-sq-1.png"},{"@type":"BreadcrumbList","@id":"https:\/\/casinolion.ca\/free-bets\/#breadcrumb","itemListElement":[{"@type":"ListItem","position":1,"name":"Home","item":"https:\/\/casinolion.ca\/"},{"@type":"ListItem","position":2,"name":"Free Bets"}]},{"@type":"WebSite","@id":"https:\/\/casinolion.ca\/fr\/#website","url":"https:\/\/casinolion.ca\/fr\/","name":"","description":"","potentialAction":[{"@type":"SearchAction","target":{"@type":"EntryPoint","urlTemplate":"https:\/\/casinolion.ca\/fr\/?s={search_term_string}"},"query-input":{"@type":"PropertyValueSpecification","valueRequired":true,"valueName":"search_term_string"}}],"inLanguage":"fr-CA"}]}},"_links":{"self":[{"href":"https:\/\/casinolion.ca\/fr\/wp-json\/wp\/v2\/pages\/12054","targetHints":{"allow":["GET"]}}],"collection":[{"href":"https:\/\/casinolion.ca\/fr\/wp-json\/wp\/v2\/pages"}],"about":[{"href":"https:\/\/casinolion.ca\/fr\/wp-json\/wp\/v2\/types\/page"}],"author":[{"embeddable":true,"href":"https:\/\/casinolion.ca\/fr\/wp-json\/wp\/v2\/users\/1"}],"replies":[{"embeddable":true,"href":"https:\/\/casinolion.ca\/fr\/wp-json\/wp\/v2\/comments?post=12054"}],"version-history":[{"count":0,"href":"https:\/\/casinolion.ca\/fr\/wp-json\/wp\/v2\/pages\/12054\/revisions"}],"wp:attachment":[{"href":"https:\/\/casinolion.ca\/fr\/wp-json\/wp\/v2\/media?parent=12054"}],"curies":[{"name":"wp","href":"https:\/\/api.w.org\/{rel}","templated":true}]}}