
{"id":12074,"date":"2020-10-01T06:37:38","date_gmt":"2020-10-01T06:37:38","guid":{"rendered":"https:\/\/www.canadiancasinos.ca\/?page_id=12074"},"modified":"2020-12-29T00:26:44","modified_gmt":"2020-12-29T00:26:44","slug":"are-online-casino-winnings-taxable-in-canada","status":"publish","type":"page","link":"https:\/\/casinolion.ca\/fr\/are-online-casino-winnings-taxable-in-canada\/","title":{"rendered":"Les gains des casinos en ligne sont-ils imposables au Canada ?"},"content":{"rendered":"<p>Au Canada, les lois relatives \u00e0 la propri\u00e9t\u00e9 des <a href=\"https:\/\/casinolion.ca\/fr\/casino-reviews\/\">casinos en ligne<\/a> sont assez strictes. En effet, seul le gouvernement est autoris\u00e9 \u00e0 poss\u00e9der un casino en ligne dont le si\u00e8ge se trouve \u00e0 l'int\u00e9rieur des fronti\u00e8res canadiennes. Pour les autres, c'est ill\u00e9gal. N\u00e9anmoins, un moyen de contourner ces lois a \u00e9t\u00e9 trouv\u00e9. De nombreux propri\u00e9taires de casinos en ligne de ce pays ont d\u00e9cid\u00e9 d'op\u00e9rer \u00e0 partir d'autres juridictions o\u00f9 les jeux d'argent en ligne sont l\u00e9gaux. De l\u00e0, ils proposent leurs services aux joueurs canadiens.<\/p>\n<p>Les lois concernant les joueurs eux-m\u00eames, en revanche, sont plut\u00f4t souples. En fait, les joueurs du Canada sont autoris\u00e9s \u00e0 jouer dans tous les casinos en ligne qu'ils souhaitent, quel que soit leur emplacement. De plus, la plupart du temps, vous n'aurez pas \u00e0 payer d'imp\u00f4ts sur vos gains, contrairement \u00e0 ce qui se passe aux \u00c9tats-Unis, <a href=\"https:\/\/www.investopedia.com\/ask\/answers\/taxes-on-vegas-gambling-winnings\/\">o\u00f9 tous les gains de $1200 ou plus sont soumis \u00e0 une taxe de 30%<\/a>.<\/p>\n<p>Il existe cependant des situations dans lesquelles les gains doivent \u00eatre impos\u00e9s, et elles seront abord\u00e9es dans cet article.<\/p>\n<h2>Dois-je payer des imp\u00f4ts sur mes gains ?<\/h2>\n<p>La plupart des joueurs canadiens ne sont pas cens\u00e9s payer d'imp\u00f4t sur le revenu sur leurs gains, car ceux-ci ne sont pas vraiment consid\u00e9r\u00e9s comme une source de revenus viable. Le gouvernement ne consid\u00e8re tout simplement pas ce type d'imposition comme juste ou \u00e9quitable, car la majorit\u00e9 des joueurs canadiens ne gagnent pas leur vie de cette mani\u00e8re et le jeu n'est pas leur m\u00e9tier.<\/p>\n<p>N\u00e9anmoins, certains professionnels du jeu gagnent la majeure partie de leur argent gr\u00e2ce aux jeux de hasard, c'est pourquoi ils sont tenus de payer des imp\u00f4ts sur leurs gains. Par exemple, toute personne qui exploite une entreprise de jeux d'argent doit d\u00e9clarer les b\u00e9n\u00e9fices qu'elle en tire sur un formulaire fiscal. De plus, selon la <a href=\"https:\/\/laws-lois.justice.gc.ca\/eng\/acts\/i-3.3\/\">Loi canadienne de l'imp\u00f4t sur le revenu<\/a>, En revanche, une personne est consid\u00e9r\u00e9e comme un joueur professionnel si le jeu est sa seule source de revenus ou si elle utilise un ensemble sp\u00e9cifique de comp\u00e9tences pour r\u00e9aliser un profit \u00e0 long terme. C'est pourquoi les joueurs de poker sont plus susceptibles d'\u00eatre consid\u00e9r\u00e9s comme des professionnels que les autres, car le poker repose autant sur les comp\u00e9tences que sur la chance, si ce n'est plus.<\/p>\n<p>Par cons\u00e9quent, les joueurs qui ne r\u00e9pondent \u00e0 aucun de ces crit\u00e8res sont consid\u00e9r\u00e9s comme des non-professionnels, quel que soit le temps qu'ils passent \u00e0 jouer ou l'argent qu'ils gagnent en jouant. M\u00eame si quelqu'un est un joueur passionn\u00e9, il ne sera pas consid\u00e9r\u00e9 comme un professionnel, \u00e0 moins qu'il ne gagne sa vie exclusivement en jouant.<\/p>\n<p>Cette loi s'applique \u00e0 tous les jeux de casino populaires, tels que les machines \u00e0 sous, le blackjack, le poker et la roulette, entre autres, et r\u00e9git les formes de jeu en ligne et hors ligne.<\/p>\n<h2>Comment les professionnels doivent-ils calculer leurs imp\u00f4ts ?<\/h2>\n<p>Les joueurs professionnels sont consid\u00e9r\u00e9s comme des ind\u00e9pendants, c'est pourquoi ils doivent d\u00e9clarer leurs gains aux imp\u00f4ts. Les gains sont impos\u00e9s comme n'importe quel autre type de revenu, tandis que toutes les pertes sont consid\u00e9r\u00e9es comme des d\u00e9penses et sont donc d\u00e9ductibles.<\/p>\n<p>Toutefois, n'oubliez pas que dans chacune des dix provinces et chacun des trois territoires, les taux d'imposition sur le revenu sont diff\u00e9rents, c'est pourquoi vous devez faire preuve de prudence lorsque vous remplissez votre d\u00e9claration de revenus.<\/p>\n<p>Par exemple, au Qu\u00e9bec, les taux d'imposition sont plus \u00e9lev\u00e9s que partout ailleurs au Canada. C'est pourquoi la premi\u00e8re tranche de C$43.790 de revenu imposable est soumise \u00e0 un imp\u00f4t de 15% dans cette province. Pour les C$43.785 suivants, un imp\u00f4t suppl\u00e9mentaire de 20% est appliqu\u00e9. Le taux d'imposition pour la tranche suivante de 18 980 euros est de 241 euros, et pour tout revenu imposable \u00e9gal ou sup\u00e9rieur \u00e0 106 555 euros, un imp\u00f4t de 25,751 euros devra \u00eatre pay\u00e9.<\/p>\n<p>En revanche, c'est au Nunavut que l'imp\u00f4t sur le revenu est le plus faible : 4% sont pay\u00e9s sur le premier C$45,414, 7% sur le C$45,415 suivant et 9% sur le C$56,838 suivant. Tout montant de C$147.667 sera soumis \u00e0 une taxe de 11,5%.<\/p>\n<p>N'oubliez pas que ces r\u00e8gles ne s'appliquent qu'aux joueurs professionnels, tels que d\u00e9finis dans le paragraphe pr\u00e9c\u00e9dent. Les joueurs non professionnels sont exon\u00e9r\u00e9s d'imp\u00f4ts sur leurs prix et leurs gains.<\/p>\n<h2>Les lois sont-elles les m\u00eames dans toutes les r\u00e9gions du Canada ?<\/h2>\n<p>Les provinces et territoires canadiens sont consid\u00e9r\u00e9s comme des entit\u00e9s autonomes. C'est pourquoi chacun d'entre eux a \u00e9t\u00e9 autoris\u00e9 \u00e0 adopter ses propres lois concernant les jeux d'argent. En fait, c'est votre lieu de r\u00e9sidence au Canada qui d\u00e9termine le type de jeu auquel vous serez autoris\u00e9 \u00e0 participer l\u00e9galement et l'\u00e2ge que vous devez avoir pour prendre part \u00e0 ces activit\u00e9s.<\/p>\n<p>Toutefois, dans chacune des provinces, vous serez consid\u00e9r\u00e9 comme un joueur professionnel si vous remplissez les crit\u00e8res mentionn\u00e9s ci-dessus. De plus, m\u00eame si les taux d'imposition diff\u00e8rent d'une province \u00e0 l'autre, le fait que vous deviez payer des imp\u00f4ts si vous \u00eates un joueur professionnel demeure.<\/p>\n<h2>R\u00e9flexions finales<\/h2>\n<p>Au Canada, les joueurs en ligne qui gagnent leur vie en jouant \u00e0 des jeux de hasard sont per\u00e7us comme des professionnels, c'est pourquoi leurs gains sont consid\u00e9r\u00e9s comme des revenus et sont donc imposables. Les taux d'imposition d\u00e9pendent de la situation g\u00e9ographique des joueurs, car ils diff\u00e8rent d'une province \u00e0 l'autre et d'un territoire \u00e0 l'autre. Toutefois, ceux qui ont un autre emploi ou une autre carri\u00e8re ne seront pas consid\u00e9r\u00e9s comme des professionnels et ne devront rien payer.<\/p>\n<p>Toutefois, ces informations sont susceptibles d'\u00eatre modifi\u00e9es. En cas de doute, n'h\u00e9sitez pas \u00e0 contacter un comptable ou un avocat fiscaliste qui pourra vous donner plus de d\u00e9tails sur les imp\u00f4ts et les gains des casinos en ligne dans chacune des provinces et territoires du Canada.<\/p>\n<h2>Articles connexes<\/h2>\n<ul>\n<li><a href=\"https:\/\/casinolion.ca\/fr\/is-sports-betting-taxable\/\">Les gains des paris sportifs sont-ils imposables ?<\/a><\/li>\n<\/ul>","protected":false},"excerpt":{"rendered":"<p>Au Canada, les lois relatives \u00e0 la propri\u00e9t\u00e9 des casinos en ligne sont assez strictes. En effet, seul le gouvernement est autoris\u00e9 \u00e0 poss\u00e9der un casino en ligne dont le si\u00e8ge se trouve \u00e0 l'int\u00e9rieur des fronti\u00e8res canadiennes. Pour les autres, c'est ill\u00e9gal. N\u00e9anmoins, un moyen de contourner ces lois a \u00e9t\u00e9 trouv\u00e9. De nombreux propri\u00e9taires de casinos en ligne de ce pays [...]<\/p>","protected":false},"author":1,"featured_media":0,"parent":0,"menu_order":0,"comment_status":"closed","ping_status":"closed","template":"","meta":{"_acf_changed":false,"footnotes":""},"class_list":["post-12074","page","type-page","status-publish","hentry"],"acf":[],"yoast_head":"<!-- This site is optimized with the Yoast SEO plugin v26.1.1 - https:\/\/yoast.com\/wordpress\/plugins\/seo\/ -->\n<title>Are Online Casino Winnings Taxable in Canada?<\/title>\n<meta name=\"robots\" content=\"index, follow, max-snippet:-1, max-image-preview:large, max-video-preview:-1\" \/>\n<link rel=\"canonical\" href=\"https:\/\/casinolion.ca\/fr\/are-online-casino-winnings-taxable-in-canada\/\" \/>\n<meta property=\"og:locale\" content=\"fr_CA\" \/>\n<meta property=\"og:type\" content=\"article\" \/>\n<meta property=\"og:title\" content=\"Are Online Casino Winnings Taxable in Canada?\" \/>\n<meta property=\"og:description\" content=\"In Canada, the laws pertaining to the ownership of online casinos are quite strict. Namely, only the government is allowed to own an online casino that has its headquarters within Canadian borders. For others, though, it is illegal. Nevertheless, a way to bypass these laws has been found. Many online casino owners from this country [&hellip;]\" \/>\n<meta property=\"og:url\" content=\"https:\/\/casinolion.ca\/fr\/are-online-casino-winnings-taxable-in-canada\/\" \/>\n<meta property=\"article:modified_time\" content=\"2020-12-29T00:26:44+00:00\" \/>\n<meta name=\"twitter:card\" content=\"summary_large_image\" \/>\n<meta name=\"twitter:label1\" content=\"Estimation du temps de lecture\" \/>\n\t<meta name=\"twitter:data1\" content=\"4 minutes\" \/>\n<script type=\"application\/ld+json\" class=\"yoast-schema-graph\">{\"@context\":\"https:\/\/schema.org\",\"@graph\":[{\"@type\":\"WebPage\",\"@id\":\"https:\/\/casinolion.ca\/are-online-casino-winnings-taxable-in-canada\/\",\"url\":\"https:\/\/casinolion.ca\/are-online-casino-winnings-taxable-in-canada\/\",\"name\":\"Are Online Casino Winnings Taxable in Canada?\",\"isPartOf\":{\"@id\":\"https:\/\/casinolion.ca\/fr\/#website\"},\"datePublished\":\"2020-10-01T06:37:38+00:00\",\"dateModified\":\"2020-12-29T00:26:44+00:00\",\"breadcrumb\":{\"@id\":\"https:\/\/casinolion.ca\/are-online-casino-winnings-taxable-in-canada\/#breadcrumb\"},\"inLanguage\":\"fr-CA\",\"potentialAction\":[{\"@type\":\"ReadAction\",\"target\":[\"https:\/\/casinolion.ca\/are-online-casino-winnings-taxable-in-canada\/\"]}]},{\"@type\":\"BreadcrumbList\",\"@id\":\"https:\/\/casinolion.ca\/are-online-casino-winnings-taxable-in-canada\/#breadcrumb\",\"itemListElement\":[{\"@type\":\"ListItem\",\"position\":1,\"name\":\"Home\",\"item\":\"https:\/\/casinolion.ca\/\"},{\"@type\":\"ListItem\",\"position\":2,\"name\":\"Are Online Casino Winnings Taxable in Canada?\"}]},{\"@type\":\"WebSite\",\"@id\":\"https:\/\/casinolion.ca\/fr\/#website\",\"url\":\"https:\/\/casinolion.ca\/fr\/\",\"name\":\"\",\"description\":\"\",\"potentialAction\":[{\"@type\":\"SearchAction\",\"target\":{\"@type\":\"EntryPoint\",\"urlTemplate\":\"https:\/\/casinolion.ca\/fr\/?s={search_term_string}\"},\"query-input\":{\"@type\":\"PropertyValueSpecification\",\"valueRequired\":true,\"valueName\":\"search_term_string\"}}],\"inLanguage\":\"fr-CA\"}]}<\/script>\n<!-- \/ Yoast SEO plugin. -->","yoast_head_json":{"title":"Les gains des casinos en ligne sont-ils imposables au Canada ?","robots":{"index":"index","follow":"follow","max-snippet":"max-snippet:-1","max-image-preview":"max-image-preview:large","max-video-preview":"max-video-preview:-1"},"canonical":"https:\/\/casinolion.ca\/fr\/are-online-casino-winnings-taxable-in-canada\/","og_locale":"fr_CA","og_type":"article","og_title":"Are Online Casino Winnings Taxable in Canada?","og_description":"In Canada, the laws pertaining to the ownership of online casinos are quite strict. Namely, only the government is allowed to own an online casino that has its headquarters within Canadian borders. For others, though, it is illegal. Nevertheless, a way to bypass these laws has been found. Many online casino owners from this country [&hellip;]","og_url":"https:\/\/casinolion.ca\/fr\/are-online-casino-winnings-taxable-in-canada\/","article_modified_time":"2020-12-29T00:26:44+00:00","twitter_card":"summary_large_image","twitter_misc":{"Estimation du temps de lecture":"4 minutes"},"schema":{"@context":"https:\/\/schema.org","@graph":[{"@type":"WebPage","@id":"https:\/\/casinolion.ca\/are-online-casino-winnings-taxable-in-canada\/","url":"https:\/\/casinolion.ca\/are-online-casino-winnings-taxable-in-canada\/","name":"Les gains des casinos en ligne sont-ils imposables au Canada ?","isPartOf":{"@id":"https:\/\/casinolion.ca\/fr\/#website"},"datePublished":"2020-10-01T06:37:38+00:00","dateModified":"2020-12-29T00:26:44+00:00","breadcrumb":{"@id":"https:\/\/casinolion.ca\/are-online-casino-winnings-taxable-in-canada\/#breadcrumb"},"inLanguage":"fr-CA","potentialAction":[{"@type":"ReadAction","target":["https:\/\/casinolion.ca\/are-online-casino-winnings-taxable-in-canada\/"]}]},{"@type":"BreadcrumbList","@id":"https:\/\/casinolion.ca\/are-online-casino-winnings-taxable-in-canada\/#breadcrumb","itemListElement":[{"@type":"ListItem","position":1,"name":"Home","item":"https:\/\/casinolion.ca\/"},{"@type":"ListItem","position":2,"name":"Are Online Casino Winnings Taxable in Canada?"}]},{"@type":"WebSite","@id":"https:\/\/casinolion.ca\/fr\/#website","url":"https:\/\/casinolion.ca\/fr\/","name":"","description":"","potentialAction":[{"@type":"SearchAction","target":{"@type":"EntryPoint","urlTemplate":"https:\/\/casinolion.ca\/fr\/?s={search_term_string}"},"query-input":{"@type":"PropertyValueSpecification","valueRequired":true,"valueName":"search_term_string"}}],"inLanguage":"fr-CA"}]}},"_links":{"self":[{"href":"https:\/\/casinolion.ca\/fr\/wp-json\/wp\/v2\/pages\/12074","targetHints":{"allow":["GET"]}}],"collection":[{"href":"https:\/\/casinolion.ca\/fr\/wp-json\/wp\/v2\/pages"}],"about":[{"href":"https:\/\/casinolion.ca\/fr\/wp-json\/wp\/v2\/types\/page"}],"author":[{"embeddable":true,"href":"https:\/\/casinolion.ca\/fr\/wp-json\/wp\/v2\/users\/1"}],"replies":[{"embeddable":true,"href":"https:\/\/casinolion.ca\/fr\/wp-json\/wp\/v2\/comments?post=12074"}],"version-history":[{"count":0,"href":"https:\/\/casinolion.ca\/fr\/wp-json\/wp\/v2\/pages\/12074\/revisions"}],"wp:attachment":[{"href":"https:\/\/casinolion.ca\/fr\/wp-json\/wp\/v2\/media?parent=12074"}],"curies":[{"name":"wp","href":"https:\/\/api.w.org\/{rel}","templated":true}]}}