
{"id":12106,"date":"2020-10-07T07:36:39","date_gmt":"2020-10-07T07:36:39","guid":{"rendered":"https:\/\/www.canadiancasinos.ca\/?page_id=12106"},"modified":"2024-04-21T12:04:03","modified_gmt":"2024-04-21T12:04:03","slug":"is-online-sports-betting-legal-in-canada","status":"publish","type":"page","link":"https:\/\/casinolion.ca\/fr\/is-online-sports-betting-legal-in-canada\/","title":{"rendered":"Les paris sportifs en ligne sont-ils l\u00e9gaux au Canada ?"},"content":{"rendered":"<p>\u00c9tant donn\u00e9 que de nombreux parieurs au Canada se demandent si les paris en ligne sont l\u00e9gaux dans leur pays, nous devons le pr\u00e9ciser d\u00e8s le d\u00e9part. <strong>Aucune loi ne rend les paris sportifs en ligne, ou tout autre type de jeu en ligne, ill\u00e9gaux pour les joueurs canadiens.<\/strong>. Jusqu'\u00e0 ce jour, nous n'avons pas entendu parler d'un seul cas o\u00f9 un parieur a \u00e9t\u00e9 condamn\u00e9 ou poursuivi pour avoir jou\u00e9 sur des plateformes de paris en ligne.  Comme nous l'avons mentionn\u00e9 dans notre article sur le <a href=\"https:\/\/casinolion.ca\/fr\/legal\/\">l\u00e9galit\u00e9 des jeux d'argent en ligne<\/a>, Les paris sportifs situ\u00e9s au Canada doivent avoir une licence, mais il existe de nombreux paris sportifs offshore qui sont parfaitement l\u00e9gaux et s\u00fbrs.<\/p>\n<p>Depuis l'apparition des premiers paris sportifs, la l\u00e9gislation sur les jeux d'argent a connu une s\u00e9rie de modifications. La situation n'a pas toujours \u00e9t\u00e9 brillante et il y a eu des p\u00e9riodes o\u00f9 ce loisir passionnant \u00e9tait d\u00e9sapprouv\u00e9 par une grande partie du public canadien. Heureusement, aujourd'hui, la l\u00e9gislation sur les jeux d'argent ne laisse plus de place \u00e0 des interpr\u00e9tations ambigu\u00ebs. <strong>Vous \u00eates libre de parier autant que vous le souhaitez, sur le sport de votre choix<\/strong>.<\/p>\n<h2>Sites de paris sportifs l\u00e9gaux recommand\u00e9s au Canada<\/h2>\n<p><\/p>\n<h2>Historique de la r\u00e9glementation des jeux d'argent au Canada<\/h2>\n<p>Il peut \u00eatre difficile de comprendre pleinement le syst\u00e8me juridique actuel du Canada sans conna\u00eetre quelques faits fondamentaux et les tournants de son histoire. Chaque g\u00e9n\u00e9ration de l\u00e9gislateurs a laiss\u00e9 sa marque unique, et les lois qu'ils ont adopt\u00e9es en disent long sur les tendances de leur \u00e9poque. Largement accept\u00e9s par la majorit\u00e9 des Canadiens, les jeux d'argent ont r\u00e9ussi \u00e0 survivre \u00e0 tous les efforts p\u00e9riodiques de certains groupes conservateurs pour les supprimer.<\/p>\n<p>C'est en 1892 que le code p\u00e9nal canadien a vu le jour. Bien qu'il s'agisse d'une grande r\u00e9ussite \u00e0 l'\u00e9poque, et qu'il soit tr\u00e8s similaire \u00e0 d'autres codes p\u00e9naux dans le monde, il rendait les jeux d'argent, sous toutes leurs formes, ill\u00e9gaux. Dans un premier temps, les repr\u00e9sentants de l'\u00c9tat ont fait de leur mieux pour appliquer strictement la loi, mais au fil du temps, il est devenu \u00e9vident que des modifications importantes s'imposaient plus t\u00f4t que tard.<\/p>\n<p>C'est ce qui s'est pass\u00e9 quelques ann\u00e9es plus tard. Au cours des cinq premi\u00e8res ann\u00e9es du XXe si\u00e8cle, le bingo et les jeux de tirage ont \u00e9t\u00e9 l\u00e9galis\u00e9s. Environ dix ans plus tard, il n'\u00e9tait plus interdit de parier sur les courses de chevaux. Alors que de plus en plus de personnes commencent \u00e0 parier r\u00e9guli\u00e8rement, le gouvernement reconna\u00eet rapidement l'\u00e9norme potentiel de cette industrie passionnante. C'est ainsi que plusieurs types de loteries provinciales et f\u00e9d\u00e9rales ont vu le jour au milieu des ann\u00e9es 1960.<\/p>\n<h2>Les vents du changement<\/h2>\n<p>Apr\u00e8s la r\u00e9forme l\u00e9gislative de 1985, toutes les formes de paris les plus populaires ont \u00e9t\u00e9 d\u00e9p\u00e9nalis\u00e9es, et l'\u00e8re de la libert\u00e9 absolue et du d\u00e9veloppement rapide a pu commencer. Au cours des ann\u00e9es suivantes, toutes sortes d'\u00e9tablissements de jeu sont apparus dans le pays, et les paris sportifs ont commenc\u00e9 \u00e0 attirer un nombre sans pr\u00e9c\u00e9dent de nouveaux parieurs. Traditionnellement tr\u00e8s friands de sport et d'activit\u00e9 physique, les Canadiens ont enfin la possibilit\u00e9 de parier r\u00e9guli\u00e8rement sur leurs \u00e9quipes favorites.<\/p>\n<h2>Lois sur les paris dans les provinces canadiennes<\/h2>\n<p>M\u00eame si chaque province canadienne dispose d'un niveau admirable d'autonomie pour adopter et appliquer ses lois et l\u00e9gislations, lorsqu'il s'agit de paris en ligne, elles suivent toutes le m\u00eame mod\u00e8le f\u00e9d\u00e9ral. Les paris sportifs en ligne bas\u00e9s au Canada sont tr\u00e8s rares, et la majorit\u00e9 des parieurs optent pour des sites de paris offshore internationaux. Toutes les activit\u00e9s de jeu sont contr\u00f4l\u00e9es par des organismes de r\u00e9glementation provinciaux, et voici \u00e0 quoi cela ressemble dans la pratique :<\/p>\n<ul>\n<li><strong>Alberta <\/strong>- Depuis 2013 et sa derni\u00e8re modification, toutes les activit\u00e9s de paris en Alberta sont r\u00e9gies par la loi sur les jeux et les boissons alcoolis\u00e9es (Gaming and Liquor Act). Il n'existe pas de sites de paris en ligne locaux et l'\u00e2ge minimum pour jouer est de 18 ans.<\/li>\n<li><strong>Colombie-Britannique <\/strong>- Le travail des paris sportifs en ligne en Colombie-Britannique est d\u00e9fini par le Gaming Control Act de 2012. Il existe quelques sites de paris sportifs locaux, mais ils ne sont pas vraiment populaires. L'\u00e2ge l\u00e9gal pour jouer dans cette province est de 19 ans.<\/li>\n<li><strong>Manitoba <\/strong>- La R\u00e9gie des alcools et des jeux du Manitoba et la Soci\u00e9t\u00e9 des loteries du Manitoba supervisent l'industrie des jeux d'argent en ligne dans cette province. Les parieurs doivent \u00eatre \u00e2g\u00e9s d'au moins 18 ans pour jouer l\u00e9galement.<\/li>\n<li><strong>Nouveau-Brunswick <\/strong>- La Soci\u00e9t\u00e9 des loteries de l'Atlantique et la Soci\u00e9t\u00e9 des loteries et jeux du Nouveau-Brunswick contr\u00f4lent le march\u00e9 des paris en ligne dans cette province. Il existe actuellement quelques sites de paris locaux, et vous devez avoir au moins 19 ans pour y acc\u00e9der l\u00e9galement.<\/li>\n<li><strong>Terre-Neuve et Labrador<\/strong> - La Lottery Licensing Regulation de 2002 d\u00e9finit toutes les activit\u00e9s de paris sportifs dans cette province. Pour parier l\u00e9galement, vous devez \u00eatre \u00e2g\u00e9 d'au moins 19 ans.<\/li>\n<li><strong>Nouvelle-\u00c9cosse<\/strong> - Le Gambling Control Act adopt\u00e9 en 1995 r\u00e9git le travail de tous les bookmakers en ligne en Nouvelle-\u00c9cosse. L'\u00e2ge minimum pour parier dans cette province est de 19 ans.<\/li>\n<li><strong>Ontario <\/strong>- Depuis sa cr\u00e9ation en 1998, la Commission des alcools et des jeux de l'Ontario supervise toutes les activit\u00e9s de paris sportifs dans cette province. Les personnes \u00e2g\u00e9es de moins de 19 ans ne sont pas autoris\u00e9es \u00e0 jouer.<\/li>\n<li><strong>\u00cele-du-Prince-\u00c9douard<\/strong> - La Prince Edward Island Lottery Commission surveille le march\u00e9 des paris en ligne dans cette province, et l'\u00e2ge minimum pour jouer est de 19 ans.<\/li>\n<li><strong>Qu\u00e9bec <\/strong>- Les loteries d'\u00c9tat sont tr\u00e8s populaires au Qu\u00e9bec et leur fonctionnement est supervis\u00e9 par la Commission des alcools, des courses et des jeux du Qu\u00e9bec. Cette autorit\u00e9 de jeu existe depuis 1993 et l'\u00e2ge l\u00e9gal pour jouer dans cette province est de 18 ans.<\/li>\n<li><strong>Saskatchewan <\/strong>- Toutes les activit\u00e9s de jeu, y compris les paris sportifs en ligne, sont contr\u00f4l\u00e9es par la Saskatchewan Liquor and Gaming Authority. Les paris sportifs en ligne locaux sont tr\u00e8s rares et vous devez avoir au moins 19 ans pour jouer l\u00e9galement dans cette province.<\/li>\n<\/ul>\n<h2>Territoire Mohawk de Kahnawake<\/h2>\n<p>\u00c0 la p\u00e9riph\u00e9rie de Montr\u00e9al se trouve le territoire mohawk de Kahnawake et, d'un point de vue juridique, cet endroit jouit d'un statut particulier au Canada. Pour \u00eatre pr\u00e9cis, ses lois sur les jeux d'argent ne sont aucunement influenc\u00e9es par les l\u00e9gislateurs f\u00e9d\u00e9raux et elles sont connues comme \u00e9tant les plus lib\u00e9rales de tout le pays.<\/p>\n<p>Cette r\u00e9gion est la terre promise pour tous les aspirants op\u00e9rateurs en ligne. S'ils parviennent \u00e0 obtenir la licence d\u00e9livr\u00e9e par la Kahnawake Gaming Commission, ils font partie d'une communaut\u00e9 de parieurs en ligne d'\u00e9lite. L'organisme de r\u00e9gulation local est l'un des plus exigeants au monde. Par cons\u00e9quent, ceux qui finissent par \u00eatre autoris\u00e9s \u00e0 Kahnawake peuvent dire avec fiert\u00e9 qu'ils satisfont aux normes les plus \u00e9lev\u00e9es de l'industrie des paris en ligne.<\/p>\n<h2>Comment parier l\u00e9galement en ligne au Canada<\/h2>\n<p>Si vous voulez vous assurer que toutes vos activit\u00e9s de paris sportifs en ligne respectent la l\u00e9gislation en vigueur en mati\u00e8re de jeux d'argent, il y a quelques points auxquels vous devez pr\u00eater attention. Tout d'abord, vous devez vous assurer que le site de paris que vous avez choisi d\u00e9tient une licence viable. Si le logo de l'une des principales autorit\u00e9s de jeu figure sur la page d'accueil de la plate-forme de jeu, cela ne signifie pas n\u00e9cessairement qu'elle est titulaire d'une licence.<\/p>\n<p>Vous devez v\u00e9rifier le num\u00e9ro et la date d'expiration de la licence. Cela ne vous prendra pas beaucoup de temps, car toutes les plateformes de paris doivent rendre ces donn\u00e9es publiques. M\u00eame si tout vous semble l\u00e9gitime \u00e0 ce stade, vous devez encore passer quelques minutes \u00e0 vous renseigner. Essayez de googler le nom du site de paris sportifs pour voir ce que d'autres joueurs en disent. Il existe de nombreux forums et communaut\u00e9s de joueurs en ligne qui peuvent fournir des r\u00e9ponses utiles.<\/p>\n<p>Si vous ne trouvez rien de suspect, n'h\u00e9sitez pas \u00e0 vous lancer dans l'aventure des paris. En g\u00e9n\u00e9ral, il est toujours pr\u00e9f\u00e9rable de tout v\u00e9rifier \u00e0 l'avance et d'\u00e9viter tout malentendu ou d\u00e9sagr\u00e9ment. La meilleure option serait peut-\u00eatre de toujours choisir des sites de paris offshore internationaux, car ils ne sont pas soumis aux lois locales sur les jeux d'argent. Par cons\u00e9quent, personne ne peut vous tenir responsable d'avoir pari\u00e9 sur l'un d'entre eux.<\/p>\n<h2>Options bancaires sur les sites de paris sportifs<\/h2>\n<ul>\n<li><a href=\"https:\/\/casinolion.ca\/fr\/interac-sports-betting-sites\/\">Interac<\/a><\/li>\n<li><a href=\"https:\/\/casinolion.ca\/fr\/muchbetter-sports-betting-sites\/\">Beaucoup mieux<\/a><\/li>\n<li><a href=\"https:\/\/casinolion.ca\/fr\/paysafecard-sports-betting-sites\/\">Paysafecard<\/a><\/li>\n<li><a href=\"https:\/\/casinolion.ca\/fr\/ecopayz-sports-betting-sites\/\">ecoPayz<\/a><\/li>\n<li><a href=\"https:\/\/casinolion.ca\/fr\/idebit-sportsbooks\/\">iDebit<\/a><\/li>\n<\/ul>\n<h2>Principaux organismes de r\u00e9glementation internationaux<\/h2>\n<p>En ce qui concerne les licences, vous devez savoir quelles sont les autorit\u00e9s internationales les plus fiables en mati\u00e8re de jeux d'argent. Si elles approuvent un site de paris sportifs, vous pouvez \u00eatre s\u00fbr qu'il r\u00e9pond \u00e0 toutes les normes les plus \u00e9lev\u00e9es de l'industrie des jeux d'argent en ligne. Ces autorit\u00e9s sont les suivantes :<\/p>\n<ul>\n<li><strong>Le gouvernement de Cura\u00e7ao<\/strong> - Une licence d\u00e9livr\u00e9e par le gouvernement de Cura\u00e7ao couvre toutes les formes de jeux interactifs.<\/li>\n<li><strong>La Commission des jeux de hasard du Royaume-Uni<\/strong> - La UK Gambling Commission, qui est l'une des autorit\u00e9s les plus fiables en mati\u00e8re de jeux d'argent, a mis en place un ensemble de conditions rigoureuses \u00e0 remplir pour obtenir sa licence.<\/li>\n<li><strong>Le commissaire aux jeux de Gibraltar<\/strong> - Certaines des plateformes de paris en ligne les plus c\u00e9l\u00e8bres d\u00e9tiennent cette licence, et de nombreux op\u00e9rateurs affirment qu'il s'agit de la plus difficile \u00e0 obtenir.<\/li>\n<li><strong>L'autorit\u00e9 de jeu de Malte<\/strong> - Principal organisme de r\u00e9gulation \u00e0 Malte, le MGA r\u00e9glemente les op\u00e9rateurs de jeux d'argent terrestres et en ligne.<\/li>\n<\/ul>\n<h2>Derni\u00e8res paroles<\/h2>\n<p>Le secteur des paris sportifs en ligne au Canada est tr\u00e8s r\u00e9glement\u00e9 et ne laisse pas beaucoup de place \u00e0 l'improvisation. Les op\u00e9rateurs suivent des r\u00e8gles strictes et s'en tiennent \u00e0 des proc\u00e9dures pr\u00e9d\u00e9termin\u00e9es. La plupart des parieurs canadiens optent pour des sites de paris offshore internationaux parce qu'ils offrent une grande vari\u00e9t\u00e9 de paris, de bonus et de promotions. Aucune loi en vigueur n'interdit les paris sportifs en ligne au Canada, et les joueurs peuvent s'adonner autant qu'ils le souhaitent \u00e0 leur activit\u00e9 de loisir pr\u00e9f\u00e9r\u00e9e.<\/p>\n<h2>FAQ<\/h2>\n<p><strong>Les paris sportifs en ligne sont-ils l\u00e9gaux au Canada ? <\/strong><\/p>\n<p>Oui, placer un pari sur un site de paris sportifs en ligne est parfaitement l\u00e9gal au Canada. Il n'existe actuellement aucune r\u00e9glementation interdisant ce type de jeu.<\/p>\n<p><strong>Quel est l'\u00e2ge l\u00e9gal pour jouer au Canada ? <\/strong><\/p>\n<p>Cela peut d\u00e9pendre de la province dans laquelle vous vivez. Dans la plupart des cas, il faut avoir au moins 19 ans pour jouer l\u00e9galement au Canada. Toutefois, dans certaines provinces, les personnes \u00e2g\u00e9es de 18 ans sont autoris\u00e9es \u00e0 parier en ligne.<\/p>\n<p><strong>Les paris sur le hockey sur glace sont-ils l\u00e9gaux au Canada ? <\/strong><\/p>\n<p>Oui, selon les lois actuelles sur les jeux d'argent, toutes les formes de paris sportifs en ligne, y compris les paris sur le hockey sur glace, sont l\u00e9gales.<\/p>\n<p><strong>Quels sont les sites de paris sportifs les plus populaires au Canada ? <\/strong><\/p>\n<p>\u00c0 l'heure actuelle, les sites internationaux de paris sportifs offshore sont parmi les plus populaires au Canada. Leur offre est tout simplement bien sup\u00e9rieure \u00e0 la moyenne du secteur, et les parieurs canadiens n'ont pas tard\u00e9 \u00e0 s'en rendre compte.<\/p>\n<p><strong>Les parieurs du Canada peuvent-ils obtenir des bonus ? <\/strong><\/p>\n<p>Oui. De nombreux paris sportifs en ligne offrent des bonus et des promotions lucratives pour les joueurs canadiens.<\/p>","protected":false},"excerpt":{"rendered":"<p>Since so many punters in Canada worry whether online betting is legal in their country, we need to make this clear at the very beginning. There isn\u2019t a law that makes online sports betting, or any other kind of online gambling, illegal for Canadian players. Until this day, we haven\u2019t heard of a single case [&hellip;]<\/p>","protected":false},"author":1,"featured_media":0,"parent":0,"menu_order":0,"comment_status":"closed","ping_status":"closed","template":"","meta":{"_acf_changed":false,"footnotes":""},"class_list":["post-12106","page","type-page","status-publish","hentry"],"acf":[],"yoast_head":"<!-- This site is optimized with the Yoast SEO plugin v26.1.1 - https:\/\/yoast.com\/wordpress\/plugins\/seo\/ -->\n<title>Is Online Sports Betting Legal in Canada? [ Updated 2026 ]<\/title>\n<meta name=\"robots\" content=\"index, follow, max-snippet:-1, max-image-preview:large, max-video-preview:-1\" \/>\n<link rel=\"canonical\" href=\"https:\/\/casinolion.ca\/fr\/is-online-sports-betting-legal-in-canada\/\" \/>\n<meta property=\"og:locale\" content=\"fr_CA\" \/>\n<meta property=\"og:type\" content=\"article\" \/>\n<meta property=\"og:title\" content=\"Is Online Sports Betting Legal in Canada? [ Updated 2026 ]\" \/>\n<meta property=\"og:description\" content=\"Since so many punters in Canada worry whether online betting is legal in their country, we need to make this clear at the very beginning. There isn\u2019t a law that makes online sports betting, or any other kind of online gambling, illegal for Canadian players. Until this day, we haven\u2019t heard of a single case [&hellip;]\" \/>\n<meta property=\"og:url\" content=\"https:\/\/casinolion.ca\/fr\/is-online-sports-betting-legal-in-canada\/\" \/>\n<meta property=\"article:modified_time\" content=\"2024-04-21T12:04:03+00:00\" \/>\n<meta name=\"twitter:card\" content=\"summary_large_image\" \/>\n<meta name=\"twitter:label1\" content=\"Estimation du temps de lecture\" \/>\n\t<meta name=\"twitter:data1\" content=\"8 minutes\" \/>\n<script type=\"application\/ld+json\" class=\"yoast-schema-graph\">{\"@context\":\"https:\/\/schema.org\",\"@graph\":[{\"@type\":\"WebPage\",\"@id\":\"https:\/\/casinolion.ca\/is-online-sports-betting-legal-in-canada\/\",\"url\":\"https:\/\/casinolion.ca\/is-online-sports-betting-legal-in-canada\/\",\"name\":\"Is Online Sports Betting Legal in Canada? [ Updated 2026 ]\",\"isPartOf\":{\"@id\":\"https:\/\/casinolion.ca\/fr\/#website\"},\"datePublished\":\"2020-10-07T07:36:39+00:00\",\"dateModified\":\"2024-04-21T12:04:03+00:00\",\"breadcrumb\":{\"@id\":\"https:\/\/casinolion.ca\/is-online-sports-betting-legal-in-canada\/#breadcrumb\"},\"inLanguage\":\"fr-CA\",\"potentialAction\":[{\"@type\":\"ReadAction\",\"target\":[\"https:\/\/casinolion.ca\/is-online-sports-betting-legal-in-canada\/\"]}]},{\"@type\":\"BreadcrumbList\",\"@id\":\"https:\/\/casinolion.ca\/is-online-sports-betting-legal-in-canada\/#breadcrumb\",\"itemListElement\":[{\"@type\":\"ListItem\",\"position\":1,\"name\":\"Home\",\"item\":\"https:\/\/casinolion.ca\/\"},{\"@type\":\"ListItem\",\"position\":2,\"name\":\"Is Online Sports Betting Legal in Canada?\"}]},{\"@type\":\"WebSite\",\"@id\":\"https:\/\/casinolion.ca\/fr\/#website\",\"url\":\"https:\/\/casinolion.ca\/fr\/\",\"name\":\"\",\"description\":\"\",\"potentialAction\":[{\"@type\":\"SearchAction\",\"target\":{\"@type\":\"EntryPoint\",\"urlTemplate\":\"https:\/\/casinolion.ca\/fr\/?s={search_term_string}\"},\"query-input\":{\"@type\":\"PropertyValueSpecification\",\"valueRequired\":true,\"valueName\":\"search_term_string\"}}],\"inLanguage\":\"fr-CA\"}]}<\/script>\n<!-- \/ Yoast SEO plugin. -->","yoast_head_json":{"title":"Les paris sportifs en ligne sont-ils l\u00e9gaux au Canada ? [Mise \u00e0 jour 2026 ]","robots":{"index":"index","follow":"follow","max-snippet":"max-snippet:-1","max-image-preview":"max-image-preview:large","max-video-preview":"max-video-preview:-1"},"canonical":"https:\/\/casinolion.ca\/fr\/is-online-sports-betting-legal-in-canada\/","og_locale":"fr_CA","og_type":"article","og_title":"Is Online Sports Betting Legal in Canada? [ Updated 2026 ]","og_description":"Since so many punters in Canada worry whether online betting is legal in their country, we need to make this clear at the very beginning. There isn\u2019t a law that makes online sports betting, or any other kind of online gambling, illegal for Canadian players. Until this day, we haven\u2019t heard of a single case [&hellip;]","og_url":"https:\/\/casinolion.ca\/fr\/is-online-sports-betting-legal-in-canada\/","article_modified_time":"2024-04-21T12:04:03+00:00","twitter_card":"summary_large_image","twitter_misc":{"Estimation du temps de lecture":"8 minutes"},"schema":{"@context":"https:\/\/schema.org","@graph":[{"@type":"WebPage","@id":"https:\/\/casinolion.ca\/is-online-sports-betting-legal-in-canada\/","url":"https:\/\/casinolion.ca\/is-online-sports-betting-legal-in-canada\/","name":"Les paris sportifs en ligne sont-ils l\u00e9gaux au Canada ? [Mise \u00e0 jour 2026 ]","isPartOf":{"@id":"https:\/\/casinolion.ca\/fr\/#website"},"datePublished":"2020-10-07T07:36:39+00:00","dateModified":"2024-04-21T12:04:03+00:00","breadcrumb":{"@id":"https:\/\/casinolion.ca\/is-online-sports-betting-legal-in-canada\/#breadcrumb"},"inLanguage":"fr-CA","potentialAction":[{"@type":"ReadAction","target":["https:\/\/casinolion.ca\/is-online-sports-betting-legal-in-canada\/"]}]},{"@type":"BreadcrumbList","@id":"https:\/\/casinolion.ca\/is-online-sports-betting-legal-in-canada\/#breadcrumb","itemListElement":[{"@type":"ListItem","position":1,"name":"Home","item":"https:\/\/casinolion.ca\/"},{"@type":"ListItem","position":2,"name":"Is Online Sports Betting Legal in Canada?"}]},{"@type":"WebSite","@id":"https:\/\/casinolion.ca\/fr\/#website","url":"https:\/\/casinolion.ca\/fr\/","name":"","description":"","potentialAction":[{"@type":"SearchAction","target":{"@type":"EntryPoint","urlTemplate":"https:\/\/casinolion.ca\/fr\/?s={search_term_string}"},"query-input":{"@type":"PropertyValueSpecification","valueRequired":true,"valueName":"search_term_string"}}],"inLanguage":"fr-CA"}]}},"_links":{"self":[{"href":"https:\/\/casinolion.ca\/fr\/wp-json\/wp\/v2\/pages\/12106","targetHints":{"allow":["GET"]}}],"collection":[{"href":"https:\/\/casinolion.ca\/fr\/wp-json\/wp\/v2\/pages"}],"about":[{"href":"https:\/\/casinolion.ca\/fr\/wp-json\/wp\/v2\/types\/page"}],"author":[{"embeddable":true,"href":"https:\/\/casinolion.ca\/fr\/wp-json\/wp\/v2\/users\/1"}],"replies":[{"embeddable":true,"href":"https:\/\/casinolion.ca\/fr\/wp-json\/wp\/v2\/comments?post=12106"}],"version-history":[{"count":0,"href":"https:\/\/casinolion.ca\/fr\/wp-json\/wp\/v2\/pages\/12106\/revisions"}],"wp:attachment":[{"href":"https:\/\/casinolion.ca\/fr\/wp-json\/wp\/v2\/media?parent=12106"}],"curies":[{"name":"wp","href":"https:\/\/api.w.org\/{rel}","templated":true}]}}