
{"id":12125,"date":"2020-10-08T04:38:49","date_gmt":"2020-10-08T04:38:49","guid":{"rendered":"https:\/\/www.canadiancasinos.ca\/?page_id=12125"},"modified":"2020-10-08T05:03:30","modified_gmt":"2020-10-08T05:03:30","slug":"premier-pay-casinos","status":"publish","type":"page","link":"https:\/\/casinolion.ca\/fr\/premier-pay-casinos\/","title":{"rendered":"Casinos Premier Pay"},"content":{"rendered":"<h2>Nos casinos Premier Pay recommand\u00e9s<\/h2>\n<p>Premier Pay (en abr\u00e9g\u00e9 PremierPay) est une nouvelle m\u00e9thode de paiement qui vise \u00e0 r\u00e9volutionner la mani\u00e8re dont nous payons sur le web. Ce service bas\u00e9 \u00e0 Toronto propose plusieurs innovations qui facilitent les transactions mon\u00e9taires.<\/p>\n<p>Il va sans dire que l'industrie des casinos en ligne a d\u00e9cid\u00e9 de tenter sa chance, ce qui signifie que les Canadiens peuvent d\u00e9sormais utiliser Premier Pay pour effectuer des d\u00e9p\u00f4ts dans les casinos en ligne. Premier Pay \u00e9tant relativement r\u00e9cent, il n'a pas encore \u00e9t\u00e9 adopt\u00e9 par tous les casinos. Cependant, il est d\u00e9j\u00e0 disponible sur d'excellentes plateformes de jeu en ligne.<\/p>\n<p>Si vous souhaitez en savoir plus sur cette option bancaire et l'utiliser dans les casinos en ligne, poursuivez votre lecture.<\/p>\n<h2>Meilleurs casinos Premier Pay<\/h2>\n<table class=\"flex-container column casinoTable bankingTbl\">\n<thead>\n<tr>\n<td>#<\/td>\n<td>Casino<\/td>\n<td>Bonus<\/td>\n<td>Jouer<\/td>\n<\/tr>\n<\/thead>\n<tbody>\n<tr class=\"flex-row other-rows\">\n<td>1<\/td>\n<td class=\"medium-md large-md half-col\"><a class=\"\" href=\"https:\/\/casinolion.ca\/fr\/visit\/jackspay-casino\/\" target=\"_blank\" rel=\"nofollow noopener noreferrer\"><br \/>\n<img decoding=\"async\" class=\"alignnone size-full wp-image-12108\" src=\"https:\/\/a2.lcb.org\/system\/modules\/casino\/logos\/attachments\/000\/328\/153\/original\/jacks_pay_logo.png?1589361742\" alt=\"\" width=\"80\" height=\"80\" \/><br \/>\n<\/a><\/td>\n<td class=\"medium-lg large-md hide casino-name-wrap\">\n<h3>Paye des valets<\/h3>\n<\/td>\n<td class=\"medium-xl large-xl half-col table-spacing\"><span class=\"bonusType\">Bonus d'inscription<\/span><span class=\"bonusOffer\"><span class=\"bonus-percent\">300% <span class=\"up-to\">jusqu'\u00e0<\/span><\/span> <span class=\"max-bonus\"><small>C$<\/small>600<\/span><span class=\"free-spins spins\"> + 100 tours gratuits<\/span><\/span><\/td>\n<td class=\"small-xxl medium-md large-lg links\"><a class=\"buttonLink visit visitBtn\" href=\"https:\/\/ic.aff-handler.com\/c\/39133?sr=1370930\" target=\"_blank\" rel=\"nofollow noopener noreferrer\">JOUER MAINTENANT<\/a><\/td>\n<\/tr>\n<\/tbody>\n<\/table>\n<h2>Les casinos Premier Pay expliqu\u00e9s<\/h2>\n<p><img decoding=\"async\" class=\"wp-image-12126 size-medium alignright\" src=\"https:\/\/www.casinolion.ca\/wp-content\/uploads\/2020\/10\/premierpay-payment-methods-260x250.jpg\" alt=\"\" width=\"260\" height=\"250\" srcset=\"https:\/\/casinolion.ca\/wp-content\/uploads\/2020\/10\/premierpay-payment-methods-260x250.jpg 260w, https:\/\/casinolion.ca\/wp-content\/uploads\/2020\/10\/premierpay-payment-methods-125x120.jpg 125w, https:\/\/casinolion.ca\/wp-content\/uploads\/2020\/10\/premierpay-payment-methods-37x36.jpg 37w, https:\/\/casinolion.ca\/wp-content\/uploads\/2020\/10\/premierpay-payment-methods-94x90.jpg 94w, https:\/\/casinolion.ca\/wp-content\/uploads\/2020\/10\/premierpay-payment-methods.jpg 424w\" sizes=\"(max-width: 260px) 100vw, 260px\" \/>Il est important de noter que Premier Pay n'est pas une m\u00e9thode de paiement classique. Il s'agit en fait d'un service de traitement instantan\u00e9 qui vous permet d'utiliser d'autres m\u00e9thodes de paiement. Premier Pay s'est associ\u00e9 \u00e0 plusieurs de ces m\u00e9thodes que les casinos peuvent utiliser s'ils int\u00e8grent ce service. Ces m\u00e9thodes sont directDebit, directCredit, <a href=\"https:\/\/casinolion.ca\/fr\/interac-casinos-2\/\">Interac<\/a>, Visa Direct, Alipay, Wechat Pay.<\/p>\n<p>Pour comprendre Premier Pay, nous devons nous pencher sur l'un des probl\u00e8mes les plus importants auxquels sont confront\u00e9s les clients lors de leurs achats en ligne : l'exp\u00e9rience de l'utilisateur.<\/p>\n<p>Les clients qui souhaitent acheter quelque chose sur le web sont souvent confront\u00e9s \u00e0 des processus peu intuitifs et d\u00e9routants de la part de leurs m\u00e9thodes de paiement. En d'autres termes, la plupart des options bancaires se concentrent tellement sur les commer\u00e7ants qu'elles oublient d'\u00eatre \u00e0 l'\u00e9coute des clients et de leurs besoins.<\/p>\n<p>C'est l\u00e0 que Premier Pay intervient pour sauver la situation. Au lieu d'adopter l'approche typique des commer\u00e7ants, l'\u00e9quipe \u00e0 l'origine de cette m\u00e9thode de paiement s'est concentr\u00e9e sur les clients.<\/p>\n<p>Certains casinos ont appr\u00e9ci\u00e9 l'id\u00e9e, car ils ont tendance \u00e0 accepter toutes les m\u00e9thodes de paiement qui r\u00e9duisent le temps de transaction et satisfont \u00e0 la fois les utilisateurs et les op\u00e9rateurs. Premier Pay semble avoir cette capacit\u00e9 \u00e0 l'heure actuelle ; son seul inconv\u00e9nient est d'\u00eatre nouveau.<\/p>\n<p>Malgr\u00e9 cela, il a un \u00e9norme potentiel de croissance, ce qui signifie que de nombreux autres casinos qui offrent leurs services au Canada devraient inclure Premier Pay \u00e0 l'avenir. Au moment o\u00f9 vous lirez cet article, notre liste initiale de casinos Premier Pay se sera peut-\u00eatre allong\u00e9e.<\/p>\n<h2>Avantages des casinos Premier Pay<\/h2>\n<p>Plusieurs avantages font de Premier Pay un moyen de paiement unique en son genre.<\/p>\n<h3>Pas de frais cach\u00e9s<\/h3>\n<p>Certaines m\u00e9thodes de paiement en ligne facturent des frais dont les joueurs n'ont pas conscience. En effet, ces frais ne sont pas mentionn\u00e9s d'embl\u00e9e, ce qui signifie que vous devez lire davantage sur l'option bancaire pour comprendre comment vos transactions sont factur\u00e9es. Ce n'est pas le cas avec Premier Pay, car la plateforme a une approche tr\u00e8s transparente et honn\u00eate, sans frais cach\u00e9s.<\/p>\n<p>En ce qui concerne les frais, chaque m\u00e9thode de paiement associ\u00e9e \u00e0 Premier Pay facture un montant diff\u00e9rent, alors v\u00e9rifiez-le avant d'effectuer une transaction.<\/p>\n<h3>L'accent mis sur le consommateur<\/h3>\n<p>Au lieu de se concentrer sur les besoins des casinos, Premier Pay se concentre sur les clients, en am\u00e9liorant l'exp\u00e9rience de l'utilisateur. En tant qu'utilisateur, cela signifie que vous pourrez effectuer des transactions rapides et faciles avec beaucoup moins d'efforts que pour les options de paiement standard.<\/p>\n<h3>Avantages pour les casinos = Avantages pour les joueurs<\/h3>\n<p>Le fait d'\u00eatre centr\u00e9 sur l'utilisateur ne signifie pas que Premier Pay a compl\u00e8tement n\u00e9glig\u00e9 les besoins des commer\u00e7ants. Ces derniers sont les v\u00e9ritables utilisateurs de cette passerelle de paiement, et l'un des principaux avantages de son utilisation est l'augmentation des taux de conversion positifs.<\/p>\n<h2>Inconv\u00e9nients des casinos Premier Pay<\/h2>\n<p>Premier Pay n'a pas d'inconv\u00e9nients majeurs. Son plus grand inconv\u00e9nient est peut-\u00eatre d'\u00eatre relativement nouveau sur le march\u00e9, ce qui signifie que peu de casinos l'offrent comme option bancaire. Cependant, c'est une m\u00e9thode qui a un \u00e9norme potentiel, et nous pensons que de plus en plus de plateformes commenceront \u00e0 l'offrir.<\/p>\n<p>Le deuxi\u00e8me inconv\u00e9nient est que Premier Pay n'est disponible qu'au Canada. Vous ne pouvez donc pas utiliser cette option de paiement si vous souhaitez effectuer un d\u00e9p\u00f4t dans des casinos en ligne situ\u00e9s en dehors du Grand Nord Blanc.<\/p>\n<h2>Comment effectuer un d\u00e9p\u00f4t avec Premier Pay ?<\/h2>\n<p>En tant que passerelle de paiement, Premier Pay ne change pas vraiment l'exp\u00e9rience des clients dans les casinos en ligne. Pour l'utilisateur, le processus de d\u00e9p\u00f4t sur sa plateforme de jeu en ligne pr\u00e9f\u00e9r\u00e9e restera pratiquement le m\u00eame. Cependant, Premier Pay ajoutera plusieurs m\u00e9thodes suppl\u00e9mentaires \u00e0 la liste des options bancaires disponibles, et vous pourrez choisir l'une d'entre elles lorsque vous effectuerez un d\u00e9p\u00f4t.<\/p>\n<p>Par cons\u00e9quent, le processus de d\u00e9p\u00f4t avec Premier Pay se d\u00e9roule comme suit :<\/p>\n<ol>\n<li>Choisissez un casino qui vous pla\u00eet et ouvrez un compte.<\/li>\n<li>Aller \u00e0 la page <em>Caissier <\/em>et s\u00e9lectionnez l'une des options bancaires PremierPay.<\/li>\n<li>Saisissez le montant que vous souhaitez d\u00e9poser.<\/li>\n<li>Bonne lecture !<\/li>\n<\/ol>\n<h2>Conclusion : Utiliser Premier Pay - Oui ou non ?<\/h2>\n<p>En r\u00e9sum\u00e9, malgr\u00e9 sa relative nouveaut\u00e9, Premier Pay a d\u00e9j\u00e0 r\u00e9ussi \u00e0 faire preuve d'une grande qualit\u00e9 de service, le client \u00e9tant au centre de ses pr\u00e9occupations. Si vous \u00eates au Canada, vous pourrez profiter de cette passerelle de paiement rapide et facile et de toutes les options bancaires associ\u00e9es.<\/p>\n<p>Cependant, le nombre de casinos supportant Premier Pay est encore faible pour le moment. N\u00e9anmoins, il s'agit d'excellentes plateformes en ligne qui proposent de nombreux jeux et des bonus lucratifs, alors n'h\u00e9sitez pas \u00e0 y jeter un coup d'\u0153il.<\/p>\n<h2>FAQ<\/h2>\n<p><strong>Comment fonctionnent les casinos Premier Pay ?<\/strong><\/p>\n<p>Les casinos Premier Pay sont des plateformes de jeu en ligne qui utilisent des m\u00e9thodes bancaires faisant partie de cette passerelle de paiement. Ils fonctionnent exactement comme n'importe quel autre casino en ligne.<\/p>\n<p><strong>Est-il possible de jouer en toute s\u00e9curit\u00e9 dans les casinos Premier Pay ?<\/strong><\/p>\n<p>Oui, tous les casinos proposant Premier Pay ont \u00e9t\u00e9 agr\u00e9\u00e9s et r\u00e9glement\u00e9s par un organisme de contr\u00f4le officiel. De plus, l'\u00e9quit\u00e9 de ces plateformes est fr\u00e9quemment v\u00e9rifi\u00e9e par des auditeurs ind\u00e9pendants.<\/p>\n<p><strong>Puis-je obtenir des bonus dans les casinos Premier Pay ?<\/strong><\/p>\n<p>Oui, c'est possible. La plupart des casinos en ligne qui incluent Premier Pay offrent \u00e9galement des bonus de bienvenue aux nouveaux joueurs. De plus, vous pouvez trouver des promotions pour les joueurs r\u00e9guliers sur la majorit\u00e9 de ces plateformes.<\/p>\n<p><strong>Tous les casinos acceptent-ils Premier Pay comme m\u00e9thode de paiement ?<\/strong><\/p>\n<p>Malheureusement, non. Le nombre de casinos qui l'acceptent est encore assez faible. Toutefois, ce nombre pourrait augmenter \u00e0 l'avenir si Premier Pay continue d'offrir un service de qualit\u00e9.<\/p>\n<p><strong>Puis-je utiliser Premier Pay pour retirer des fonds ?<\/strong><\/p>\n<p>Oui, certaines des m\u00e9thodes bancaires qui font partie de Premier Pay peuvent \u00eatre utilis\u00e9es pour retirer de l'argent.<\/p>","protected":false},"excerpt":{"rendered":"<p>Nos casinos Premier Pay recommand\u00e9s Premier Pay (stylis\u00e9 en PremierPay) est une nouvelle m\u00e9thode de paiement qui vise \u00e0 r\u00e9volutionner la fa\u00e7on dont nous payons sur le web. Ce service bas\u00e9 \u00e0 Toronto propose plusieurs innovations qui facilitent les transactions financi\u00e8res. Il va sans dire que l'industrie des casinos en ligne a d\u00e9cid\u00e9 de tenter sa chance, ce qui signifie que les Canadiens peuvent d\u00e9sormais [...]<\/p>","protected":false},"author":1,"featured_media":0,"parent":0,"menu_order":0,"comment_status":"closed","ping_status":"closed","template":"payment-method.php","meta":{"_acf_changed":false,"footnotes":""},"class_list":["post-12125","page","type-page","status-publish","hentry"],"acf":[],"yoast_head":"<!-- This site is optimized with the Yoast SEO plugin v26.1.1 - https:\/\/yoast.com\/wordpress\/plugins\/seo\/ -->\n<title>Premier Pay Casinos<\/title>\n<meta name=\"robots\" content=\"index, follow, max-snippet:-1, max-image-preview:large, max-video-preview:-1\" \/>\n<link rel=\"canonical\" href=\"https:\/\/casinolion.ca\/fr\/premier-pay-casinos\/\" \/>\n<meta property=\"og:locale\" content=\"fr_CA\" \/>\n<meta property=\"og:type\" content=\"article\" \/>\n<meta property=\"og:title\" content=\"Premier Pay Casinos\" \/>\n<meta property=\"og:description\" content=\"Our Recommended Premier Pay Casinos Premier Pay (stylized as PremierPay) is a new payment method that aims to revolutionize how we pay for things on the web. This Toronto-based service offers several innovations that make money transactions easier. Needless to say, the online casino industry decided to give it a shot, meaning Canadians can now [&hellip;]\" \/>\n<meta property=\"og:url\" content=\"https:\/\/casinolion.ca\/fr\/premier-pay-casinos\/\" \/>\n<meta property=\"article:modified_time\" content=\"2020-10-08T05:03:30+00:00\" \/>\n<meta property=\"og:image\" content=\"https:\/\/a2.lcb.org\/system\/modules\/casino\/logos\/attachments\/000\/328\/153\/original\/jacks_pay_logo.png?1589361742\" \/>\n<meta name=\"twitter:card\" content=\"summary_large_image\" \/>\n<meta name=\"twitter:label1\" content=\"Estimation du temps de lecture\" \/>\n\t<meta name=\"twitter:data1\" content=\"5 minutes\" \/>\n<script type=\"application\/ld+json\" class=\"yoast-schema-graph\">{\"@context\":\"https:\/\/schema.org\",\"@graph\":[{\"@type\":\"WebPage\",\"@id\":\"https:\/\/casinolion.ca\/premier-pay-casinos\/\",\"url\":\"https:\/\/casinolion.ca\/premier-pay-casinos\/\",\"name\":\"Premier Pay Casinos\",\"isPartOf\":{\"@id\":\"https:\/\/casinolion.ca\/fr\/#website\"},\"primaryImageOfPage\":{\"@id\":\"https:\/\/casinolion.ca\/premier-pay-casinos\/#primaryimage\"},\"image\":{\"@id\":\"https:\/\/casinolion.ca\/premier-pay-casinos\/#primaryimage\"},\"thumbnailUrl\":\"https:\/\/a2.lcb.org\/system\/modules\/casino\/logos\/attachments\/000\/328\/153\/original\/jacks_pay_logo.png?1589361742\",\"datePublished\":\"2020-10-08T04:38:49+00:00\",\"dateModified\":\"2020-10-08T05:03:30+00:00\",\"breadcrumb\":{\"@id\":\"https:\/\/casinolion.ca\/premier-pay-casinos\/#breadcrumb\"},\"inLanguage\":\"fr-CA\",\"potentialAction\":[{\"@type\":\"ReadAction\",\"target\":[\"https:\/\/casinolion.ca\/premier-pay-casinos\/\"]}]},{\"@type\":\"ImageObject\",\"inLanguage\":\"fr-CA\",\"@id\":\"https:\/\/casinolion.ca\/premier-pay-casinos\/#primaryimage\",\"url\":\"https:\/\/a2.lcb.org\/system\/modules\/casino\/logos\/attachments\/000\/328\/153\/original\/jacks_pay_logo.png?1589361742\",\"contentUrl\":\"https:\/\/a2.lcb.org\/system\/modules\/casino\/logos\/attachments\/000\/328\/153\/original\/jacks_pay_logo.png?1589361742\"},{\"@type\":\"BreadcrumbList\",\"@id\":\"https:\/\/casinolion.ca\/premier-pay-casinos\/#breadcrumb\",\"itemListElement\":[{\"@type\":\"ListItem\",\"position\":1,\"name\":\"Home\",\"item\":\"https:\/\/casinolion.ca\/\"},{\"@type\":\"ListItem\",\"position\":2,\"name\":\"Premier Pay Casinos\"}]},{\"@type\":\"WebSite\",\"@id\":\"https:\/\/casinolion.ca\/fr\/#website\",\"url\":\"https:\/\/casinolion.ca\/fr\/\",\"name\":\"\",\"description\":\"\",\"potentialAction\":[{\"@type\":\"SearchAction\",\"target\":{\"@type\":\"EntryPoint\",\"urlTemplate\":\"https:\/\/casinolion.ca\/fr\/?s={search_term_string}\"},\"query-input\":{\"@type\":\"PropertyValueSpecification\",\"valueRequired\":true,\"valueName\":\"search_term_string\"}}],\"inLanguage\":\"fr-CA\"}]}<\/script>\n<!-- \/ Yoast SEO plugin. -->","yoast_head_json":{"title":"Casinos Premier Pay","robots":{"index":"index","follow":"follow","max-snippet":"max-snippet:-1","max-image-preview":"max-image-preview:large","max-video-preview":"max-video-preview:-1"},"canonical":"https:\/\/casinolion.ca\/fr\/premier-pay-casinos\/","og_locale":"fr_CA","og_type":"article","og_title":"Premier Pay Casinos","og_description":"Our Recommended Premier Pay Casinos Premier Pay (stylized as PremierPay) is a new payment method that aims to revolutionize how we pay for things on the web. This Toronto-based service offers several innovations that make money transactions easier. Needless to say, the online casino industry decided to give it a shot, meaning Canadians can now [&hellip;]","og_url":"https:\/\/casinolion.ca\/fr\/premier-pay-casinos\/","article_modified_time":"2020-10-08T05:03:30+00:00","og_image":[{"url":"https:\/\/a2.lcb.org\/system\/modules\/casino\/logos\/attachments\/000\/328\/153\/original\/jacks_pay_logo.png?1589361742","type":"","width":"","height":""}],"twitter_card":"summary_large_image","twitter_misc":{"Estimation du temps de lecture":"5 minutes"},"schema":{"@context":"https:\/\/schema.org","@graph":[{"@type":"WebPage","@id":"https:\/\/casinolion.ca\/premier-pay-casinos\/","url":"https:\/\/casinolion.ca\/premier-pay-casinos\/","name":"Casinos Premier Pay","isPartOf":{"@id":"https:\/\/casinolion.ca\/fr\/#website"},"primaryImageOfPage":{"@id":"https:\/\/casinolion.ca\/premier-pay-casinos\/#primaryimage"},"image":{"@id":"https:\/\/casinolion.ca\/premier-pay-casinos\/#primaryimage"},"thumbnailUrl":"https:\/\/a2.lcb.org\/system\/modules\/casino\/logos\/attachments\/000\/328\/153\/original\/jacks_pay_logo.png?1589361742","datePublished":"2020-10-08T04:38:49+00:00","dateModified":"2020-10-08T05:03:30+00:00","breadcrumb":{"@id":"https:\/\/casinolion.ca\/premier-pay-casinos\/#breadcrumb"},"inLanguage":"fr-CA","potentialAction":[{"@type":"ReadAction","target":["https:\/\/casinolion.ca\/premier-pay-casinos\/"]}]},{"@type":"ImageObject","inLanguage":"fr-CA","@id":"https:\/\/casinolion.ca\/premier-pay-casinos\/#primaryimage","url":"https:\/\/a2.lcb.org\/system\/modules\/casino\/logos\/attachments\/000\/328\/153\/original\/jacks_pay_logo.png?1589361742","contentUrl":"https:\/\/a2.lcb.org\/system\/modules\/casino\/logos\/attachments\/000\/328\/153\/original\/jacks_pay_logo.png?1589361742"},{"@type":"BreadcrumbList","@id":"https:\/\/casinolion.ca\/premier-pay-casinos\/#breadcrumb","itemListElement":[{"@type":"ListItem","position":1,"name":"Home","item":"https:\/\/casinolion.ca\/"},{"@type":"ListItem","position":2,"name":"Premier Pay Casinos"}]},{"@type":"WebSite","@id":"https:\/\/casinolion.ca\/fr\/#website","url":"https:\/\/casinolion.ca\/fr\/","name":"","description":"","potentialAction":[{"@type":"SearchAction","target":{"@type":"EntryPoint","urlTemplate":"https:\/\/casinolion.ca\/fr\/?s={search_term_string}"},"query-input":{"@type":"PropertyValueSpecification","valueRequired":true,"valueName":"search_term_string"}}],"inLanguage":"fr-CA"}]}},"_links":{"self":[{"href":"https:\/\/casinolion.ca\/fr\/wp-json\/wp\/v2\/pages\/12125","targetHints":{"allow":["GET"]}}],"collection":[{"href":"https:\/\/casinolion.ca\/fr\/wp-json\/wp\/v2\/pages"}],"about":[{"href":"https:\/\/casinolion.ca\/fr\/wp-json\/wp\/v2\/types\/page"}],"author":[{"embeddable":true,"href":"https:\/\/casinolion.ca\/fr\/wp-json\/wp\/v2\/users\/1"}],"replies":[{"embeddable":true,"href":"https:\/\/casinolion.ca\/fr\/wp-json\/wp\/v2\/comments?post=12125"}],"version-history":[{"count":0,"href":"https:\/\/casinolion.ca\/fr\/wp-json\/wp\/v2\/pages\/12125\/revisions"}],"wp:attachment":[{"href":"https:\/\/casinolion.ca\/fr\/wp-json\/wp\/v2\/media?parent=12125"}],"curies":[{"name":"wp","href":"https:\/\/api.w.org\/{rel}","templated":true}]}}