
{"id":12129,"date":"2020-10-08T05:44:41","date_gmt":"2020-10-08T05:44:41","guid":{"rendered":"https:\/\/www.canadiancasinos.ca\/?page_id=12129"},"modified":"2023-01-04T02:23:02","modified_gmt":"2023-01-04T02:23:02","slug":"alberta-sportsbooks","status":"publish","type":"page","link":"https:\/\/casinolion.ca\/fr\/alberta-sportsbooks\/","title":{"rendered":"Les sites de paris sportifs de l'Alberta"},"content":{"rendered":"<h2>Paris sportifs en Alberta<\/h2>\n<p>Avec une population d'environ 4,3 millions d'habitants, l'Alberta est la quatri\u00e8me province la plus peupl\u00e9e du Canada. Depuis 2013, date de sa derni\u00e8re modification, toutes les activit\u00e9s de jeux d'argent en Alberta se d\u00e9roulent conform\u00e9ment \u00e0 la loi sur les jeux et les boissons alcoolis\u00e9es (Gaming and Liquor Act). Calgary et Edmonton sont les deux principales villes de la province, avec plus d'un million d'habitants chacune. Elles abritent deux c\u00e9l\u00e8bres \u00e9quipes de la LNH, les Oilers d'Edmonton et les Flames de Calgary.<\/p>\n<p>Sport le plus populaire au Canada, le hockey sur glace a attir\u00e9 des millions de fans vers les paris sportifs. Aujourd'hui, les Canadiens et les Albertains parient r\u00e9guli\u00e8rement sur tous les sports et \u00e9v\u00e9nements sportifs majeurs. Si vous souhaitez en savoir plus sur le cadre juridique des paris sportifs en Alberta, sur les march\u00e9s de paris les plus courants dans cette province et sur leur fonctionnement, cet article est fait pour vous. Jetez-y un coup d'\u0153il !<\/p>\n<h2>Sites de paris sportifs pour l'Alberta<\/h2>\n<p><\/p>\n<h2>Cadre juridique des paris en Alberta - Les paris sportifs sont-ils l\u00e9gaux ?<\/h2>\n<p>Selon les lois en vigueur, toutes les formes de jeux d'argent, y compris les paris sportifs, les casinos et les loteries, sont l\u00e9gales en Alberta. L'Alberta Gaming, Liquor and Cannabis agency r\u00e9glemente et contr\u00f4le toutes les activit\u00e9s de jeu dans cette province. Elle d\u00e9livre des licences, supervise les op\u00e9rateurs et garantit que tous les participants respectent les r\u00e8glements \u00e0 tout moment et en toutes circonstances.<\/p>\n<p>Depuis sa cr\u00e9ation en 1974, la Western Canada Lottery Corporation (WCLC) est responsable de l'ensemble des loteries, bingos et paris sportifs dans la quatri\u00e8me plus grande province canadienne. Les paris sportifs sont principalement ax\u00e9s sur les sports nord-am\u00e9ricains les plus populaires, mais ils couvrent \u00e9galement le golf et le football. Les paris sont accessibles \u00e0 toute personne \u00e2g\u00e9e d'au moins 18 ans.<\/p>\n<p>Ce qui d\u00e9range le plus les amateurs de paris sportifs dans cette province, c'est que toutes les mises sont limit\u00e9es \u00e0 CA$100 par ticket. En outre, l'ensemble du processus de mise est tr\u00e8s bureaucratique et une fois que les cotes sont fix\u00e9es sur les cartes de jeu quotidiennes, elles restent inchang\u00e9es. Si vous \u00eates adepte des paris proline, vous devrez inclure au moins trois s\u00e9lections sur tous vos tickets. En d'autres termes, les r\u00e8gles vous obligeront \u00e0 jouer un pari.<\/p>\n<p>Les r\u00e8gles fix\u00e9es par les op\u00e9rateurs devenant peu \u00e0 peu obsol\u00e8tes, de nombreux parieurs d\u00e9cident de passer \u00e0 des plateformes de paris en ligne. Les sites de paris internationaux couvrent tous les sports populaires et n'imposent aucune limite. Leurs bonus et promotions sont g\u00e9n\u00e9ralement tr\u00e8s g\u00e9n\u00e9reux et attirent de nombreux nouveaux joueurs.<\/p>\n<h2>Statistiques sur les paris sportifs en Alberta<\/h2>\n<h3>Bas\u00e9 \u00e0 terre<\/h3>\n<p>Les statistiques suivantes concernent les paris sportifs terrestres qui ont eu lieu en Alberta entre 2003 et 2020 (Note : les donn\u00e9es actuelles pour 2020 sont des estimations).<\/p>\n<div class=\"table-responsive\">\n<table class=\"tablepress\">\n<thead>\n<tr>\n<th>Ann\u00e9e<\/th>\n<th>2003<\/th>\n<th>2004<\/th>\n<th>2005<\/th>\n<th>2006<\/th>\n<th>2007<\/th>\n<th>2008<\/th>\n<th>2009<\/th>\n<th>2010<\/th>\n<th>2011<\/th>\n<th>2012<\/th>\n<\/tr>\n<\/thead>\n<tbody>\n<tr>\n<td>Horeserace<\/td>\n<td>$35.7m<\/td>\n<td>$35.7m<\/td>\n<td>$37.2m<\/td>\n<td>$33.3m<\/td>\n<td>$42.4m<\/td>\n<td>$43.0m<\/td>\n<td>$37.4m<\/td>\n<td>$36.2m<\/td>\n<td>$37.4m<\/td>\n<td>$36.1m<\/td>\n<\/tr>\n<tr>\n<td>Sports<\/td>\n<td>$20.4m<\/td>\n<td>$19.1m<\/td>\n<td>$15.8m<\/td>\n<td>$20.2m<\/td>\n<td>$21.1m<\/td>\n<td>$21.1m<\/td>\n<td>$22.9m<\/td>\n<td>$23.7m<\/td>\n<td>$25.3m<\/td>\n<td>$28.0m<\/td>\n<\/tr>\n<tr>\n<td><strong>Total des paris<\/strong><\/td>\n<td><strong>$56.1m<\/strong><\/td>\n<td><strong>$54.7m<\/strong><\/td>\n<td><strong>$53.0m<\/strong><\/td>\n<td><strong>$53.5m<\/strong><\/td>\n<td><strong>$63.5m<\/strong><\/td>\n<td><strong>$64.1m<\/strong><\/td>\n<td><strong>$60.3m<\/strong><\/td>\n<td><strong>$59.9m<\/strong><\/td>\n<td><strong>$62.7m<\/strong><\/td>\n<td><strong>$64.1m<\/strong><\/td>\n<\/tr>\n<\/tbody>\n<\/table>\n<\/div>\n<div class=\"table-responsive\">\n<table class=\"tablepress\">\n<thead>\n<tr>\n<th>Ann\u00e9e<\/th>\n<th>2013<\/th>\n<th>2014<\/th>\n<th>2015<\/th>\n<th>2016<\/th>\n<th>2017<\/th>\n<th>2018<\/th>\n<th>2019<\/th>\n<th>2020e<\/th>\n<\/tr>\n<\/thead>\n<tbody>\n<tr>\n<td>Horeserace<\/td>\n<td>$33.9m<\/td>\n<td>$32.3m<\/td>\n<td>$26.7m<\/td>\n<td>$25.2m<\/td>\n<td>$20.5m<\/td>\n<td>$16.5m<\/td>\n<td>$13.7m<\/td>\n<td>$8.3m<\/td>\n<\/tr>\n<tr>\n<td>Sports<\/td>\n<td>$28.8m<\/td>\n<td>$33.5m<\/td>\n<td>$35.8m<\/td>\n<td>$32.5m<\/td>\n<td>$27.8m<\/td>\n<td>$26.0m<\/td>\n<td>$28.2m<\/td>\n<td>$28.5m<\/td>\n<\/tr>\n<tr>\n<td><strong>Total des paris<\/strong><\/td>\n<td><strong>$62.7m<\/strong><\/td>\n<td><strong>$65.8m<\/strong><\/td>\n<td><strong>$62.5m<\/strong><\/td>\n<td><strong>$57.7m<\/strong><\/td>\n<td><strong>$48.3m<\/strong><\/td>\n<td><strong>$42.5m<\/strong><\/td>\n<td><strong>$42.0m<\/strong><\/td>\n<td><strong>$36.8m<\/strong><\/td>\n<\/tr>\n<\/tbody>\n<\/table>\n<\/div>\n<h3><img decoding=\"async\" class=\"alignnone size-full wp-image-12373\" src=\"https:\/\/www.casinolion.ca\/wp-content\/uploads\/2020\/11\/alberta-gross-win-landbased-betting.jpg\" alt=\"\" width=\"766\" height=\"319\" srcset=\"https:\/\/casinolion.ca\/wp-content\/uploads\/2020\/11\/alberta-gross-win-landbased-betting.jpg 766w, https:\/\/casinolion.ca\/wp-content\/uploads\/2020\/11\/alberta-gross-win-landbased-betting-280x117.jpg 280w, https:\/\/casinolion.ca\/wp-content\/uploads\/2020\/11\/alberta-gross-win-landbased-betting-150x62.jpg 150w, https:\/\/casinolion.ca\/wp-content\/uploads\/2020\/11\/alberta-gross-win-landbased-betting-86x36.jpg 86w, https:\/\/casinolion.ca\/wp-content\/uploads\/2020\/11\/alberta-gross-win-landbased-betting-216x90.jpg 216w\" sizes=\"(max-width: 766px) 100vw, 766px\" \/><\/h3>\n<p>Contrairement aux paris en ligne, les paris terrestres ont diminu\u00e9 r\u00e9cemment, l'ann\u00e9e 2020 affichant l'activit\u00e9 la plus faible de tous les temps (tr\u00e8s probablement en raison du covid-19).<\/p>\n<h3>Jeux interactifs (paris en ligne)<\/h3>\n<p>Par rapport aux paris sportifs terrestres, les paris en ligne ont connu une croissance consid\u00e9rable depuis 2003.<\/p>\n<div class=\"table-responsive\">\n<table class=\"tablepress\">\n<thead>\n<tr>\n<th>Ann\u00e9e<\/th>\n<th>2003<\/th>\n<th>2004<\/th>\n<th>2005<\/th>\n<th>2006<\/th>\n<th>2007<\/th>\n<th>2008<\/th>\n<th>2009<\/th>\n<th>2010<\/th>\n<th>2011<\/th>\n<th>2012<\/th>\n<\/tr>\n<\/thead>\n<tbody>\n<tr>\n<td><strong>Total Betting Online<\/strong><\/td>\n<td><strong>$12.3m<br \/>\n<\/strong><\/td>\n<td><strong>$14.4m<br \/>\n<\/strong><\/td>\n<td><strong>$16.5m<br \/>\n<\/strong><\/td>\n<td><strong>$18.1m<br \/>\n<\/strong><\/td>\n<td><strong>$20.7m<br \/>\n<\/strong><\/td>\n<td><strong>$20.7m<br \/>\n<\/strong><\/td>\n<td><strong>$23.3m<br \/>\n<\/strong><\/td>\n<td><strong>$25.3m<br \/>\n<\/strong><\/td>\n<td><strong>$32.6m<br \/>\n<\/strong><\/td>\n<td><strong>$36.3m<br \/>\n<\/strong><\/td>\n<\/tr>\n<\/tbody>\n<\/table>\n<\/div>\n<div class=\"table-responsive\">\n<table class=\"tablepress\">\n<thead>\n<tr>\n<th>Ann\u00e9e<\/th>\n<th>2013<\/th>\n<th>2014<\/th>\n<th>2015<\/th>\n<th>2016<\/th>\n<th>2017<\/th>\n<th>2018<\/th>\n<th>2019<\/th>\n<th>2020e<\/th>\n<\/tr>\n<\/thead>\n<tbody>\n<tr>\n<td><strong>Total Betting Online<\/strong><\/td>\n<td><strong>$43.8m<br \/>\n<\/strong><\/td>\n<td><strong>$50.4m<br \/>\n<\/strong><\/td>\n<td><strong>$56.0m<br \/>\n<\/strong><\/td>\n<td><strong>$59.3m<br \/>\n<\/strong><\/td>\n<td><strong>$63.9m<br \/>\n<\/strong><\/td>\n<td><strong>$68.5m<br \/>\n<\/strong><\/td>\n<td><strong>$71.4m<br \/>\n<\/strong><\/td>\n<td><strong>$70.1m<br \/>\n<\/strong><\/td>\n<\/tr>\n<\/tbody>\n<\/table>\n<\/div>\n<p><img decoding=\"async\" class=\"alignnone size-full wp-image-12375\" src=\"https:\/\/www.casinolion.ca\/wp-content\/uploads\/2020\/11\/alberta-gross-win-online-betting.jpg\" alt=\"\" width=\"766\" height=\"319\" srcset=\"https:\/\/casinolion.ca\/wp-content\/uploads\/2020\/11\/alberta-gross-win-online-betting.jpg 766w, https:\/\/casinolion.ca\/wp-content\/uploads\/2020\/11\/alberta-gross-win-online-betting-280x117.jpg 280w, https:\/\/casinolion.ca\/wp-content\/uploads\/2020\/11\/alberta-gross-win-online-betting-150x62.jpg 150w, https:\/\/casinolion.ca\/wp-content\/uploads\/2020\/11\/alberta-gross-win-online-betting-86x36.jpg 86w, https:\/\/casinolion.ca\/wp-content\/uploads\/2020\/11\/alberta-gross-win-online-betting-216x90.jpg 216w\" sizes=\"(max-width: 766px) 100vw, 766px\" \/><\/p>\n<h2>Comment fonctionnent les paris sportifs en Alberta ?<\/h2>\n<p>M\u00eame si les kiosques de loterie sportive sont r\u00e9partis dans toute l'Alberta et disponibles dans presque tous les supermarch\u00e9s, stations-service et magasins de d\u00e9tail, le nombre d'options de paris parmi lesquelles les Albertains peuvent choisir est quelque peu limit\u00e9. Jetons un coup d'\u0153il aux produits de paris les plus demand\u00e9s dans la province :<\/p>\n<ul>\n<li><strong>Proline <\/strong>- Il s'agit de loin du produit de pari le plus recherch\u00e9 en Alberta. Vous devez combiner au moins trois s\u00e9lections sur votre ligne pro, tandis que le nombre maximum est de six. Ces deux r\u00e8gles le font ressembler \u00e0 un pari normal. Pour gagner, vous devez pr\u00e9dire avec succ\u00e8s le r\u00e9sultat de chaque s\u00e9lection sur votre ticket. De la m\u00eame mani\u00e8re que pour les paris en parloirs, toutes les cotes sont multipli\u00e9es ensemble. Si vous gagnez, votre mise sera multipli\u00e9e par le nombre total de cotes, et le r\u00e9sultat de cette multiplication constituera votre prix.<\/li>\n<li><strong>\u00c9cart de points<\/strong> - Les \u00e9carts de points constituent une autre option de pari tr\u00e8s populaire parmi les Albertains. Le bookmaker les d\u00e9termine et les joueurs essaient de pr\u00e9dire si le r\u00e9sultat sera sup\u00e9rieur ou inf\u00e9rieur \u00e0 l'\u00e9cart. Vous devez placer au moins deux matchs sur votre ticket, le nombre maximum \u00e9tant de 12. Bien entendu, plus vous mettez de jeux sur votre ticket, plus votre multiplicateur sera \u00e9lev\u00e9.<\/li>\n<li><strong>Piscines <\/strong>- Ceux qui pr\u00e9f\u00e8rent les gros paris risqu\u00e9s avec des b\u00e9n\u00e9fices potentiellement importants optent souvent pour les pools. Tout ce que vous avez \u00e0 faire, c'est de deviner le gagnant. Vous ne vous souciez pas des cotes et des \u00e9carts de points. Votre ticket est votre mise, et plus il y a de tickets vendus, plus la cagnotte est \u00e9lev\u00e9e. C'est un peu comme les jeux \u00e0 jackpot progressif propos\u00e9s dans les casinos.<\/li>\n<li><strong>Accessoires <\/strong>- Ce type de pari est \u00e9galement connu sous le nom de pari sur proposition. Il n'a pas grand-chose \u00e0 voir avec le r\u00e9sultat du match sur lequel vous pariez, mais plut\u00f4t avec la survenue ou non de certains \u00e9v\u00e9nements au cours du match. Par exemple, les parieurs essaient souvent de pr\u00e9dire quel joueur va marquer le premier point.<\/li>\n<\/ul>\n<h2>Les sites de paris offshore sont-ils ill\u00e9gaux en Alberta ?<\/h2>\n<p>Comme nous l'avons d\u00e9j\u00e0 mentionn\u00e9, la popularit\u00e9 des sites internationaux de paris sportifs offshore en Alberta est en train de monter en fl\u00e8che ces jours-ci. Et si la plupart des parieurs canadiens appr\u00e9cient les promotions et les bonus lucratifs qu'ils offrent, certains se demandent encore s'ils sont l\u00e9gaux.<\/p>\n<p>La v\u00e9rit\u00e9 est qu'ils se trouvent dans ce que l'on appelle la zone grise. Aucune loi n'interdit aux Albertains, ou aux Canadiens, de jouer sur ces plateformes de paris sportifs, pour autant qu'ils soient \u00e2g\u00e9s d'au moins 18 ans. En m\u00eame temps, ces <a href=\"https:\/\/casinolion.ca\/fr\/is-online-sports-betting-legal-in-canada\/\">les sites de paris sportifs offshore ne sont pas soumis \u00e0 la l\u00e9gislation locale<\/a>, et leurs licences sont d\u00e9livr\u00e9es \u00e0 l'\u00e9tranger. En outre, les l\u00e9gislateurs locaux ne semblent pas se soucier d'introduire des r\u00e9glementations suppl\u00e9mentaires.<\/p>\n<p>Outre les bonus qui font leur renomm\u00e9e, les sites de paris sportifs offshore se distinguent de la masse \u00e0 bien d'autres \u00e9gards. Ils mettent en \u0153uvre les technologies de cryptage et les algorithmes de s\u00e9curit\u00e9 les plus r\u00e9cents, qui garantissent la s\u00e9curit\u00e9 des donn\u00e9es priv\u00e9es et financi\u00e8res de chaque joueur. De plus, ils collaborent avec des fournisseurs de paiement bien \u00e9tablis et accordent une attention particuli\u00e8re \u00e0 la rapidit\u00e9 et \u00e0 la s\u00e9curit\u00e9 du traitement de l'argent.<\/p>\n<p>Si la tendance actuelle se poursuit, nous nous attendons \u00e0 ce que de plus en plus de parieurs remarquent le potentiel des sites de paris sportifs offshore et tentent leur chance sur certaines des plateformes les plus r\u00e9put\u00e9es.<\/p>\n<h2>Articles connexes :<\/h2>\n<ul>\n<li><a href=\"https:\/\/casinolion.ca\/fr\/alberta-casinos\/\">Casinos en Alberta<\/a><\/li>\n<\/ul>","protected":false},"excerpt":{"rendered":"<p>Paris sportifs en Alberta Avec une population d'environ 4,3 millions d'habitants, l'Alberta est la quatri\u00e8me province la plus peupl\u00e9e du Canada. Depuis 2013, date de sa derni\u00e8re modification, toutes les activit\u00e9s de jeu en Alberta se d\u00e9roulent conform\u00e9ment \u00e0 la loi sur les jeux et les boissons alcoolis\u00e9es (Gaming and Liquor Act). Calgary et Edmonton sont les deux principales villes de la province, avec plus de [...]<\/p>","protected":false},"author":1,"featured_media":0,"parent":0,"menu_order":0,"comment_status":"closed","ping_status":"closed","template":"","meta":{"_acf_changed":false,"footnotes":""},"class_list":["post-12129","page","type-page","status-publish","hentry"],"acf":[],"yoast_head":"<!-- This site is optimized with the Yoast SEO plugin v26.1.1 - https:\/\/yoast.com\/wordpress\/plugins\/seo\/ -->\n<title>Online Sports Betting in Alberta - Best Sportsbooks in 2023<\/title>\n<meta name=\"robots\" content=\"index, follow, max-snippet:-1, max-image-preview:large, max-video-preview:-1\" \/>\n<link rel=\"canonical\" href=\"https:\/\/casinolion.ca\/fr\/alberta-sportsbooks\/\" \/>\n<meta property=\"og:locale\" content=\"fr_CA\" \/>\n<meta property=\"og:type\" content=\"article\" \/>\n<meta property=\"og:title\" content=\"Online Sports Betting in Alberta - Best Sportsbooks in 2023\" \/>\n<meta property=\"og:description\" content=\"Sports Betting in Alberta With a population of approximately 4.3 million, Alberta is the fourth most populated province in Canada. Since 2013, when it was last modified, all gambling activities in Alberta happen in compliance with the Gaming and Liquor Act. Calgary and Edmonton are the two major cities in the province, with more than [&hellip;]\" \/>\n<meta property=\"og:url\" content=\"https:\/\/casinolion.ca\/fr\/alberta-sportsbooks\/\" \/>\n<meta property=\"article:modified_time\" content=\"2023-01-04T02:23:02+00:00\" \/>\n<meta property=\"og:image\" content=\"https:\/\/www.casinolion.ca\/wp-content\/uploads\/2020\/11\/alberta-gross-win-landbased-betting.jpg\" \/>\n<meta name=\"twitter:card\" content=\"summary_large_image\" \/>\n<meta name=\"twitter:label1\" content=\"Estimation du temps de lecture\" \/>\n\t<meta name=\"twitter:data1\" content=\"6 minutes\" \/>\n<script type=\"application\/ld+json\" class=\"yoast-schema-graph\">{\"@context\":\"https:\/\/schema.org\",\"@graph\":[{\"@type\":\"WebPage\",\"@id\":\"https:\/\/casinolion.ca\/alberta-sportsbooks\/\",\"url\":\"https:\/\/casinolion.ca\/alberta-sportsbooks\/\",\"name\":\"Online Sports Betting in Alberta - Best Sportsbooks in 2023\",\"isPartOf\":{\"@id\":\"https:\/\/casinolion.ca\/fr\/#website\"},\"primaryImageOfPage\":{\"@id\":\"https:\/\/casinolion.ca\/alberta-sportsbooks\/#primaryimage\"},\"image\":{\"@id\":\"https:\/\/casinolion.ca\/alberta-sportsbooks\/#primaryimage\"},\"thumbnailUrl\":\"https:\/\/www.casinolion.ca\/wp-content\/uploads\/2020\/11\/alberta-gross-win-landbased-betting.jpg\",\"datePublished\":\"2020-10-08T05:44:41+00:00\",\"dateModified\":\"2023-01-04T02:23:02+00:00\",\"breadcrumb\":{\"@id\":\"https:\/\/casinolion.ca\/alberta-sportsbooks\/#breadcrumb\"},\"inLanguage\":\"fr-CA\",\"potentialAction\":[{\"@type\":\"ReadAction\",\"target\":[\"https:\/\/casinolion.ca\/alberta-sportsbooks\/\"]}]},{\"@type\":\"ImageObject\",\"inLanguage\":\"fr-CA\",\"@id\":\"https:\/\/casinolion.ca\/alberta-sportsbooks\/#primaryimage\",\"url\":\"https:\/\/www.casinolion.ca\/wp-content\/uploads\/2020\/11\/alberta-gross-win-landbased-betting.jpg\",\"contentUrl\":\"https:\/\/www.casinolion.ca\/wp-content\/uploads\/2020\/11\/alberta-gross-win-landbased-betting.jpg\"},{\"@type\":\"BreadcrumbList\",\"@id\":\"https:\/\/casinolion.ca\/alberta-sportsbooks\/#breadcrumb\",\"itemListElement\":[{\"@type\":\"ListItem\",\"position\":1,\"name\":\"Home\",\"item\":\"https:\/\/casinolion.ca\/\"},{\"@type\":\"ListItem\",\"position\":2,\"name\":\"Alberta Sportsbooks\"}]},{\"@type\":\"WebSite\",\"@id\":\"https:\/\/casinolion.ca\/fr\/#website\",\"url\":\"https:\/\/casinolion.ca\/fr\/\",\"name\":\"\",\"description\":\"\",\"potentialAction\":[{\"@type\":\"SearchAction\",\"target\":{\"@type\":\"EntryPoint\",\"urlTemplate\":\"https:\/\/casinolion.ca\/fr\/?s={search_term_string}\"},\"query-input\":{\"@type\":\"PropertyValueSpecification\",\"valueRequired\":true,\"valueName\":\"search_term_string\"}}],\"inLanguage\":\"fr-CA\"}]}<\/script>\n<!-- \/ Yoast SEO plugin. -->","yoast_head_json":{"title":"Online Sports Betting in Alberta - Best Sportsbooks in 2023 (en anglais)","robots":{"index":"index","follow":"follow","max-snippet":"max-snippet:-1","max-image-preview":"max-image-preview:large","max-video-preview":"max-video-preview:-1"},"canonical":"https:\/\/casinolion.ca\/fr\/alberta-sportsbooks\/","og_locale":"fr_CA","og_type":"article","og_title":"Online Sports Betting in Alberta - Best Sportsbooks in 2023","og_description":"Sports Betting in Alberta With a population of approximately 4.3 million, Alberta is the fourth most populated province in Canada. Since 2013, when it was last modified, all gambling activities in Alberta happen in compliance with the Gaming and Liquor Act. Calgary and Edmonton are the two major cities in the province, with more than [&hellip;]","og_url":"https:\/\/casinolion.ca\/fr\/alberta-sportsbooks\/","article_modified_time":"2023-01-04T02:23:02+00:00","og_image":[{"url":"https:\/\/www.casinolion.ca\/wp-content\/uploads\/2020\/11\/alberta-gross-win-landbased-betting.jpg","type":"","width":"","height":""}],"twitter_card":"summary_large_image","twitter_misc":{"Estimation du temps de lecture":"6 minutes"},"schema":{"@context":"https:\/\/schema.org","@graph":[{"@type":"WebPage","@id":"https:\/\/casinolion.ca\/alberta-sportsbooks\/","url":"https:\/\/casinolion.ca\/alberta-sportsbooks\/","name":"Online Sports Betting in Alberta - Best Sportsbooks in 2023 (en anglais)","isPartOf":{"@id":"https:\/\/casinolion.ca\/fr\/#website"},"primaryImageOfPage":{"@id":"https:\/\/casinolion.ca\/alberta-sportsbooks\/#primaryimage"},"image":{"@id":"https:\/\/casinolion.ca\/alberta-sportsbooks\/#primaryimage"},"thumbnailUrl":"https:\/\/www.casinolion.ca\/wp-content\/uploads\/2020\/11\/alberta-gross-win-landbased-betting.jpg","datePublished":"2020-10-08T05:44:41+00:00","dateModified":"2023-01-04T02:23:02+00:00","breadcrumb":{"@id":"https:\/\/casinolion.ca\/alberta-sportsbooks\/#breadcrumb"},"inLanguage":"fr-CA","potentialAction":[{"@type":"ReadAction","target":["https:\/\/casinolion.ca\/alberta-sportsbooks\/"]}]},{"@type":"ImageObject","inLanguage":"fr-CA","@id":"https:\/\/casinolion.ca\/alberta-sportsbooks\/#primaryimage","url":"https:\/\/www.casinolion.ca\/wp-content\/uploads\/2020\/11\/alberta-gross-win-landbased-betting.jpg","contentUrl":"https:\/\/www.casinolion.ca\/wp-content\/uploads\/2020\/11\/alberta-gross-win-landbased-betting.jpg"},{"@type":"BreadcrumbList","@id":"https:\/\/casinolion.ca\/alberta-sportsbooks\/#breadcrumb","itemListElement":[{"@type":"ListItem","position":1,"name":"Home","item":"https:\/\/casinolion.ca\/"},{"@type":"ListItem","position":2,"name":"Alberta Sportsbooks"}]},{"@type":"WebSite","@id":"https:\/\/casinolion.ca\/fr\/#website","url":"https:\/\/casinolion.ca\/fr\/","name":"","description":"","potentialAction":[{"@type":"SearchAction","target":{"@type":"EntryPoint","urlTemplate":"https:\/\/casinolion.ca\/fr\/?s={search_term_string}"},"query-input":{"@type":"PropertyValueSpecification","valueRequired":true,"valueName":"search_term_string"}}],"inLanguage":"fr-CA"}]}},"_links":{"self":[{"href":"https:\/\/casinolion.ca\/fr\/wp-json\/wp\/v2\/pages\/12129","targetHints":{"allow":["GET"]}}],"collection":[{"href":"https:\/\/casinolion.ca\/fr\/wp-json\/wp\/v2\/pages"}],"about":[{"href":"https:\/\/casinolion.ca\/fr\/wp-json\/wp\/v2\/types\/page"}],"author":[{"embeddable":true,"href":"https:\/\/casinolion.ca\/fr\/wp-json\/wp\/v2\/users\/1"}],"replies":[{"embeddable":true,"href":"https:\/\/casinolion.ca\/fr\/wp-json\/wp\/v2\/comments?post=12129"}],"version-history":[{"count":0,"href":"https:\/\/casinolion.ca\/fr\/wp-json\/wp\/v2\/pages\/12129\/revisions"}],"wp:attachment":[{"href":"https:\/\/casinolion.ca\/fr\/wp-json\/wp\/v2\/media?parent=12129"}],"curies":[{"name":"wp","href":"https:\/\/api.w.org\/{rel}","templated":true}]}}