
{"id":12131,"date":"2020-10-08T06:01:12","date_gmt":"2020-10-08T06:01:12","guid":{"rendered":"https:\/\/www.canadiancasinos.ca\/?page_id=12131"},"modified":"2022-11-10T10:29:35","modified_gmt":"2022-11-10T10:29:35","slug":"british-columbia-sportsbooks","status":"publish","type":"page","link":"https:\/\/casinolion.ca\/fr\/british-columbia-sportsbooks\/","title":{"rendered":"British Columbia Sportsbooks (en anglais)"},"content":{"rendered":"<p>Le Canada ayant autoris\u00e9 toutes ses provinces et territoires \u00e0 r\u00e9glementer toutes les formes de jeux d'argent sur leur territoire, la Colombie-Britannique, troisi\u00e8me province la plus peupl\u00e9e, a rapidement veill\u00e9 \u00e0 ce que toutes les formes de jeux d'argent, y compris les paris sportifs, deviennent l\u00e9gales.<\/p>\n<p>Dans ce texte, nous vous parlerons de l'aspect l\u00e9gal des paris sportifs sur le territoire de la Colombie-Britannique, et nous \u00e9voquerons \u00e9galement les paris en ligne sur les sites de paris offshore. Pour en savoir plus, poursuivez votre lecture !<\/p>\n<h2>Sites de paris sportifs pour la Colombie-Britannique<\/h2>\n<p><\/p>\n<h2>Cadre juridique des jeux d'argent en Colombie-Britannique - Les paris sportifs sont-ils l\u00e9gaux ?<\/h2>\n<p>Selon la <a href=\"https:\/\/www.bclaws.ca\/civix\/document\/id\/complete\/statreg\/02014_01\">Loi de 2002 sur la r\u00e9gulation des jeux<\/a>, Les paris sportifs sont l\u00e9gaux en Colombie-Britannique. Les joueurs sont libres de parier sur leurs \u00e9v\u00e9nements sportifs pr\u00e9f\u00e9r\u00e9s, \u00e0 condition que les plateformes sur lesquelles ils le font soient d\u00fbment autoris\u00e9es et r\u00e9glement\u00e9es.<\/p>\n<p>Les r\u00e9sidents de la Colombie-Britannique ont \u00e9galement le droit d'ouvrir un compte et de placer un pari sportif sur l'un des sites de paris en ligne offshore agr\u00e9\u00e9s, car aucune loi sp\u00e9cifique n'interdit une telle activit\u00e9. Il s'agit d'un fait av\u00e9r\u00e9, car aucun joueur n'a \u00e9t\u00e9 poursuivi pour avoir pari\u00e9 sur des paris sportifs internationaux en ligne.<\/p>\n<p>Cependant, certaines lois sur les paris sportifs ne diff\u00e8rent pas beaucoup d'une province \u00e0 l'autre. La plus c\u00e9l\u00e8bre d'entre elles est l'interdiction des paris sur un seul match, ce qui signifie que tous les paris sportifs doivent \u00eatre plac\u00e9s sous la forme de paris mutuels et avec au moins deux s\u00e9lections sur un seul bulletin de pari.<\/p>\n<p>Une autre r\u00e8gle importante est que les joueurs de cette province doivent \u00eatre \u00e2g\u00e9s d'au moins 19 ans pour parier sur des sports dans les paris sportifs fournis par l'\u00c9tat. Toutefois, les r\u00e9sidents de la Colombie-Britannique \u00e2g\u00e9s de 18 ans peuvent ouvrir des comptes aupr\u00e8s de bookmakers offshore.<\/p>\n<h2>Statistiques sur les paris sportifs en Colombie-Britannique<\/h2>\n<h3>Bas\u00e9 \u00e0 terre<\/h3>\n<p>Les statistiques suivantes concernent les paris sportifs terrestres qui ont eu lieu en Alberta entre 2003 et 2020 (Note : les donn\u00e9es actuelles pour 2020 sont des estimations).<\/p>\n<table class=\"tablepress\">\n<thead>\n<tr>\n<th>Ann\u00e9e<\/th>\n<th>2003<\/th>\n<th>2004<\/th>\n<th>2005<\/th>\n<th>2006<\/th>\n<th>2007<\/th>\n<th>2008<\/th>\n<th>2009<\/th>\n<th>2010<\/th>\n<th>2011<\/th>\n<th>2012<\/th>\n<\/tr>\n<\/thead>\n<tbody>\n<tr>\n<td>Horeserace<\/td>\n<td>$49.0m<\/td>\n<td>$49.0m<\/td>\n<td>$49.1m<\/td>\n<td>$42.2m<\/td>\n<td>$50.4m<\/td>\n<td>$50.2m<\/td>\n<td>$45.9m<\/td>\n<td>$42.8m<\/td>\n<td>$40.6m<\/td>\n<td>$38.8m<\/td>\n<\/tr>\n<tr>\n<td>Sports<\/td>\n<td>$9.0m<\/td>\n<td>$10.0m<\/td>\n<td>$8.7m<\/td>\n<td>$11.5m<\/td>\n<td>$13.6m<\/td>\n<td>$14.6m<\/td>\n<td>$15.9m<\/td>\n<td>$15.3m<\/td>\n<td>$14.8m<\/td>\n<td>$15.4m<\/td>\n<\/tr>\n<tr>\n<td><strong>Total des paris<\/strong><\/td>\n<td><strong>$58.0m<br \/>\n<\/strong><\/td>\n<td><strong>$59.1m<br \/>\n<\/strong><\/td>\n<td><strong>$57.8m<br \/>\n<\/strong><\/td>\n<td><strong>$53.6m<br \/>\n<\/strong><\/td>\n<td><strong>$64.1m<br \/>\n<\/strong><\/td>\n<td><strong>$64.8m<br \/>\n<\/strong><\/td>\n<td><strong>$61.8m<br \/>\n<\/strong><\/td>\n<td><strong>$58.1m<br \/>\n<\/strong><\/td>\n<td><strong>$55.4m<br \/>\n<\/strong><\/td>\n<td><strong>$54.2m<br \/>\n<\/strong><\/td>\n<\/tr>\n<\/tbody>\n<\/table>\n<table class=\"tablepress\">\n<thead>\n<tr>\n<th>Ann\u00e9e<\/th>\n<th>2013<\/th>\n<th>2014<\/th>\n<th>2015<\/th>\n<th>2016<\/th>\n<th>2017<\/th>\n<th>2018<\/th>\n<th>2019<\/th>\n<th>2020e<\/th>\n<\/tr>\n<\/thead>\n<tbody>\n<tr>\n<td>Horeserace<\/td>\n<td>$36.0m<\/td>\n<td>$33.5m<\/td>\n<td>$27.6m<\/td>\n<td>$25.8m<\/td>\n<td>$21.0m<\/td>\n<td>$16.8m<\/td>\n<td>$14.0m<\/td>\n<td>$7.7m<\/td>\n<\/tr>\n<tr>\n<td>Sports<\/td>\n<td>$16.9m<\/td>\n<td>$17.6m<\/td>\n<td>$17.4m<\/td>\n<td>$21.6m<\/td>\n<td>$22.5m<\/td>\n<td>$22.8m<\/td>\n<td>$26.5m<\/td>\n<td>$25.6m<\/td>\n<\/tr>\n<tr>\n<td><strong>Total des paris<\/strong><\/td>\n<td><strong>$53.0m<br \/>\n<\/strong><\/td>\n<td><strong>$51.1m<br \/>\n<\/strong><\/td>\n<td><strong>$45.0m<br \/>\n<\/strong><\/td>\n<td><strong>$47.4m<br \/>\n<\/strong><\/td>\n<td><strong>$43.5m<br \/>\n<\/strong><\/td>\n<td><strong>$39.7m<br \/>\n<\/strong><\/td>\n<td><strong>$40.5m<br \/>\n<\/strong><\/td>\n<td><strong>$33.3m<br \/>\n<\/strong><\/td>\n<\/tr>\n<\/tbody>\n<\/table>\n<h3><img decoding=\"async\" class=\"alignnone wp-image-12403 size-full\" src=\"https:\/\/www.casinolion.ca\/wp-content\/uploads\/2020\/11\/british-columbia-gross-win-landbased-betting.jpg\" alt=\"\" width=\"764\" height=\"284\" srcset=\"https:\/\/casinolion.ca\/wp-content\/uploads\/2020\/11\/british-columbia-gross-win-landbased-betting.jpg 764w, https:\/\/casinolion.ca\/wp-content\/uploads\/2020\/11\/british-columbia-gross-win-landbased-betting-280x104.jpg 280w, https:\/\/casinolion.ca\/wp-content\/uploads\/2020\/11\/british-columbia-gross-win-landbased-betting-150x56.jpg 150w, https:\/\/casinolion.ca\/wp-content\/uploads\/2020\/11\/british-columbia-gross-win-landbased-betting-97x36.jpg 97w, https:\/\/casinolion.ca\/wp-content\/uploads\/2020\/11\/british-columbia-gross-win-landbased-betting-242x90.jpg 242w\" sizes=\"(max-width: 764px) 100vw, 764px\" \/><\/h3>\n<p>Contrairement aux paris en ligne, les paris terrestres ont diminu\u00e9 r\u00e9cemment, l'ann\u00e9e 2020 affichant l'activit\u00e9 la plus faible de tous les temps (tr\u00e8s probablement en raison du covid-19).<\/p>\n<h3>Jeux interactifs (paris en ligne)<\/h3>\n<p>Par rapport aux paris sportifs terrestres, les paris en ligne ont connu une croissance lente mais r\u00e9guli\u00e8re depuis 2003.<\/p>\n<table class=\"tablepress\">\n<thead>\n<tr>\n<th>Ann\u00e9e<\/th>\n<th>2003<\/th>\n<th>2004<\/th>\n<th>2005<\/th>\n<th>2006<\/th>\n<th>2007<\/th>\n<th>2008<\/th>\n<th>2009<\/th>\n<th>2010<\/th>\n<th>2011<\/th>\n<th>2012<\/th>\n<\/tr>\n<\/thead>\n<tbody>\n<tr>\n<td><strong>Total Betting Online<\/strong><\/td>\n<td>$68.59<\/td>\n<td>$71.42<\/td>\n<td>$71.99<\/td>\n<td>$69.69<\/td>\n<td>$83.36<\/td>\n<td>$84.64<\/td>\n<td>$84.66<\/td>\n<td>$83.88<\/td>\n<td>$88.02<\/td>\n<td>$92.64<\/td>\n<\/tr>\n<\/tbody>\n<\/table>\n<table class=\"tablepress\">\n<thead>\n<tr>\n<th>Ann\u00e9e<\/th>\n<th>2013<\/th>\n<th>2014<\/th>\n<th>2015<\/th>\n<th>2016<\/th>\n<th>2017<\/th>\n<th>2018<\/th>\n<th>2019<\/th>\n<th>2020e<\/th>\n<\/tr>\n<\/thead>\n<tbody>\n<tr>\n<td><strong>Total Betting Online<\/strong><\/td>\n<td>$85.75<\/td>\n<td>$87.74<\/td>\n<td>$87.10<\/td>\n<td>$92.64<\/td>\n<td>$93.26<\/td>\n<td>$94.66<\/td>\n<td>$97.75<\/td>\n<td>$89.78<\/td>\n<\/tr>\n<\/tbody>\n<\/table>\n<p><img decoding=\"async\" class=\"alignnone wp-image-12405 size-full\" src=\"https:\/\/www.casinolion.ca\/wp-content\/uploads\/2020\/11\/british-columbia-gross-win-online-betting.jpg\" alt=\"\" width=\"764\" height=\"284\" srcset=\"https:\/\/casinolion.ca\/wp-content\/uploads\/2020\/11\/british-columbia-gross-win-online-betting.jpg 764w, https:\/\/casinolion.ca\/wp-content\/uploads\/2020\/11\/british-columbia-gross-win-online-betting-280x104.jpg 280w, https:\/\/casinolion.ca\/wp-content\/uploads\/2020\/11\/british-columbia-gross-win-online-betting-150x56.jpg 150w, https:\/\/casinolion.ca\/wp-content\/uploads\/2020\/11\/british-columbia-gross-win-online-betting-97x36.jpg 97w, https:\/\/casinolion.ca\/wp-content\/uploads\/2020\/11\/british-columbia-gross-win-online-betting-242x90.jpg 242w\" sizes=\"(max-width: 764px) 100vw, 764px\" \/><\/p>\n<h2>Comment fonctionnent les paris sportifs en Colombie-Britannique ?<\/h2>\n<p>Les joueurs de Colombie-Britannique qui souhaitent parier l\u00e9galement sur des sports peuvent le faire en visitant PlayNow, un site exploit\u00e9 par la British Columbia Lottery Corporation qui est une plateforme de paris r\u00e9glement\u00e9e par l'\u00c9tat.<\/p>\n<p>Pour placer un pari sur ce site, vous devez d'abord vous inscrire en fournissant une adresse valide en Colombie-Britannique, une adresse \u00e9lectronique, ainsi qu'un compte bancaire ou une carte de cr\u00e9dit enregistr\u00e9e \u00e0 la m\u00eame adresse.<\/p>\n<p>Parmi les \u00e9quipes les plus populaires dont les joueurs sont originaires de la Colombie-Britannique, on trouve les Canucks (NHL), le Whitecaps FC (MLS), les BC Lions (CFL) et le Pacific FC. Sur PlayNow, vous pouvez placer des offres de paris simples, d'\u00e9carts de points, de paris sup\u00e9rieurs \u00e0 la limite autoris\u00e9e, et plus encore.<\/p>\n<p>Cependant, il n'est pas possible de placer un pari sur un seul match - tous les paris doivent \u00eatre plac\u00e9s sous la forme d'une parade et contenir un minimum de trois et un maximum de six paris directs. De plus, sur le bulletin, il peut y avoir 10 paris sur l'\u00e9cart entre le nombre de points et le nombre de points, ou 12 \u00e9carts entre les points.<\/p>\n<p>Il y a \u00e9galement des limites en ce qui concerne la taille de chaque pari, avec un montant maximum de $100 pour un pari direct. Si vous souhaitez placer des paris sur un seul match, vous pouvez le faire sur des sites de paris offshore qui n'imposent aucune limite \u00e0 ce type de pari.<\/p>\n<p>Les paris les plus populaires en Colombie-Britannique sont les suivants :<\/p>\n<ul>\n<li><strong>Gagnant d'un match ou d'un \u00e9v\u00e9nement avec 3 r\u00e9sultats<\/strong> - un pari qui permet aux parieurs de la CB de deviner le vainqueur potentiel d'un match ainsi que de savoir si le match se terminera par un match nul.<\/li>\n<li><strong>Gagnant d'un match ou d'un \u00e9v\u00e9nement avec 2 r\u00e9sultats<\/strong> - parier sur le vainqueur du match uniquement (pas de pari sur l'\u00e9galit\u00e9).<\/li>\n<li><strong>\u00c9cart de points<\/strong> - Ce pari permet aux parieurs de pr\u00e9dire \u00e0 la fois le vainqueur du match et le nombre de points, de buts ou d'attaques d'une \u00e9quipe.<\/li>\n<li><strong>Plus\/moins<\/strong> - En pla\u00e7ant ce type de pari, les joueurs de la Colombie-Britannique peuvent essayer de pr\u00e9dire si le nombre total de points ou de buts dans le match sera sup\u00e9rieur ou inf\u00e9rieur \u00e0 la marge donn\u00e9e.<\/li>\n<\/ul>\n<h2>Les sites de paris sportifs offshore sont-ils ill\u00e9gaux en Colombie-Britannique ?<\/h2>\n<p>Placer des paris sur des sites de paris offshore depuis la Colombie-Britannique est une zone d'ombre juridique. Dans la loi r\u00e9gissant les jeux d'argent en ligne dans la province, rien n'emp\u00eache clairement les r\u00e9sidents de la Colombie-Britannique de jouer sur des sites de paris offshore. La loi concerne en fait les op\u00e9rateurs de jeux d'argent offshore, qui doivent se conformer \u00e0 des conditions sp\u00e9cifiques.<\/p>\n<p>En effet, les bookmakers en ligne offshore ne sont pas cens\u00e9s faire de la publicit\u00e9 pour leurs services aupr\u00e8s des r\u00e9sidents de la Colombie-Britannique ou des citoyens canadiens en g\u00e9n\u00e9ral. Cependant, bien qu'ils ne fassent pas la promotion de leurs services dans le pays, <a href=\"https:\/\/casinolion.ca\/fr\/is-online-sports-betting-legal-in-canada\/\">les sites de paris internationaux acceptent toujours les joueurs canadiens et leur permettent de cr\u00e9er des comptes<\/a>.<\/p>\n<p>En outre, les sites de paris offshore ne sont pas autoris\u00e9s \u00e0 \u00eatre physiquement situ\u00e9s sur le sol canadien et \u00e0 mener leurs op\u00e9rations \u00e0 partir de l\u00e0.<\/p>\n<p>Par cons\u00e9quent, tant qu'un site donn\u00e9 respecte et suit ces deux r\u00e8gles, et que vous parvenez \u00e0 y cr\u00e9er un compte, vous \u00eates libre de placer des paris et de profiter des jeux en ligne sur un site international de paris sportifs de la Colombie-Britannique.<\/p>\n<h2>Articles connexes<\/h2>\n<ul>\n<li><a href=\"https:\/\/casinolion.ca\/fr\/british-columbia-casinos\/\">Casinos de la Colombie-Britannique<\/a><\/li>\n<\/ul>","protected":false},"excerpt":{"rendered":"<p>Since Canada has allowed all its provinces and territories to regulate all forms of gambling within their borders, British Columbia, the third most populous province, quickly made sure every form of gambling, including sports betting, became legal. In this text, we will tell you all about the legal aspect of sports betting on the territory [&hellip;]<\/p>","protected":false},"author":1,"featured_media":0,"parent":0,"menu_order":0,"comment_status":"closed","ping_status":"closed","template":"","meta":{"_acf_changed":false,"footnotes":""},"class_list":["post-12131","page","type-page","status-publish","hentry"],"acf":[],"yoast_head":"<!-- This site is optimized with the Yoast SEO plugin v26.1.1 - https:\/\/yoast.com\/wordpress\/plugins\/seo\/ -->\n<title>Online Sports Betting in British Columbia - Best Sportsbooks in 2022<\/title>\n<meta name=\"robots\" content=\"index, follow, max-snippet:-1, max-image-preview:large, max-video-preview:-1\" \/>\n<link rel=\"canonical\" href=\"https:\/\/casinolion.ca\/fr\/british-columbia-sportsbooks\/\" \/>\n<meta property=\"og:locale\" content=\"fr_CA\" \/>\n<meta property=\"og:type\" content=\"article\" \/>\n<meta property=\"og:title\" content=\"Online Sports Betting in British Columbia - Best Sportsbooks in 2022\" \/>\n<meta property=\"og:description\" content=\"Since Canada has allowed all its provinces and territories to regulate all forms of gambling within their borders, British Columbia, the third most populous province, quickly made sure every form of gambling, including sports betting, became legal. In this text, we will tell you all about the legal aspect of sports betting on the territory [&hellip;]\" \/>\n<meta property=\"og:url\" content=\"https:\/\/casinolion.ca\/fr\/british-columbia-sportsbooks\/\" \/>\n<meta property=\"article:modified_time\" content=\"2022-11-10T10:29:35+00:00\" \/>\n<meta property=\"og:image\" content=\"https:\/\/www.casinolion.ca\/wp-content\/uploads\/2020\/11\/british-columbia-gross-win-landbased-betting.jpg\" \/>\n<meta name=\"twitter:card\" content=\"summary_large_image\" \/>\n<meta name=\"twitter:label1\" content=\"Estimation du temps de lecture\" \/>\n\t<meta name=\"twitter:data1\" content=\"7 minutes\" \/>\n<script type=\"application\/ld+json\" class=\"yoast-schema-graph\">{\"@context\":\"https:\/\/schema.org\",\"@graph\":[{\"@type\":\"WebPage\",\"@id\":\"https:\/\/casinolion.ca\/british-columbia-sportsbooks\/\",\"url\":\"https:\/\/casinolion.ca\/british-columbia-sportsbooks\/\",\"name\":\"Online Sports Betting in British Columbia - Best Sportsbooks in 2022\",\"isPartOf\":{\"@id\":\"https:\/\/casinolion.ca\/fr\/#website\"},\"primaryImageOfPage\":{\"@id\":\"https:\/\/casinolion.ca\/british-columbia-sportsbooks\/#primaryimage\"},\"image\":{\"@id\":\"https:\/\/casinolion.ca\/british-columbia-sportsbooks\/#primaryimage\"},\"thumbnailUrl\":\"https:\/\/www.casinolion.ca\/wp-content\/uploads\/2020\/11\/british-columbia-gross-win-landbased-betting.jpg\",\"datePublished\":\"2020-10-08T06:01:12+00:00\",\"dateModified\":\"2022-11-10T10:29:35+00:00\",\"breadcrumb\":{\"@id\":\"https:\/\/casinolion.ca\/british-columbia-sportsbooks\/#breadcrumb\"},\"inLanguage\":\"fr-CA\",\"potentialAction\":[{\"@type\":\"ReadAction\",\"target\":[\"https:\/\/casinolion.ca\/british-columbia-sportsbooks\/\"]}]},{\"@type\":\"ImageObject\",\"inLanguage\":\"fr-CA\",\"@id\":\"https:\/\/casinolion.ca\/british-columbia-sportsbooks\/#primaryimage\",\"url\":\"https:\/\/www.casinolion.ca\/wp-content\/uploads\/2020\/11\/british-columbia-gross-win-landbased-betting.jpg\",\"contentUrl\":\"https:\/\/www.casinolion.ca\/wp-content\/uploads\/2020\/11\/british-columbia-gross-win-landbased-betting.jpg\"},{\"@type\":\"BreadcrumbList\",\"@id\":\"https:\/\/casinolion.ca\/british-columbia-sportsbooks\/#breadcrumb\",\"itemListElement\":[{\"@type\":\"ListItem\",\"position\":1,\"name\":\"Home\",\"item\":\"https:\/\/casinolion.ca\/\"},{\"@type\":\"ListItem\",\"position\":2,\"name\":\"British Columbia Sportsbooks\"}]},{\"@type\":\"WebSite\",\"@id\":\"https:\/\/casinolion.ca\/fr\/#website\",\"url\":\"https:\/\/casinolion.ca\/fr\/\",\"name\":\"\",\"description\":\"\",\"potentialAction\":[{\"@type\":\"SearchAction\",\"target\":{\"@type\":\"EntryPoint\",\"urlTemplate\":\"https:\/\/casinolion.ca\/fr\/?s={search_term_string}\"},\"query-input\":{\"@type\":\"PropertyValueSpecification\",\"valueRequired\":true,\"valueName\":\"search_term_string\"}}],\"inLanguage\":\"fr-CA\"}]}<\/script>\n<!-- \/ Yoast SEO plugin. -->","yoast_head_json":{"title":"Paris sportifs en ligne en Colombie Britannique - Meilleurs paris sportifs en 2022","robots":{"index":"index","follow":"follow","max-snippet":"max-snippet:-1","max-image-preview":"max-image-preview:large","max-video-preview":"max-video-preview:-1"},"canonical":"https:\/\/casinolion.ca\/fr\/british-columbia-sportsbooks\/","og_locale":"fr_CA","og_type":"article","og_title":"Online Sports Betting in British Columbia - Best Sportsbooks in 2022","og_description":"Since Canada has allowed all its provinces and territories to regulate all forms of gambling within their borders, British Columbia, the third most populous province, quickly made sure every form of gambling, including sports betting, became legal. In this text, we will tell you all about the legal aspect of sports betting on the territory [&hellip;]","og_url":"https:\/\/casinolion.ca\/fr\/british-columbia-sportsbooks\/","article_modified_time":"2022-11-10T10:29:35+00:00","og_image":[{"url":"https:\/\/www.casinolion.ca\/wp-content\/uploads\/2020\/11\/british-columbia-gross-win-landbased-betting.jpg","type":"","width":"","height":""}],"twitter_card":"summary_large_image","twitter_misc":{"Estimation du temps de lecture":"7 minutes"},"schema":{"@context":"https:\/\/schema.org","@graph":[{"@type":"WebPage","@id":"https:\/\/casinolion.ca\/british-columbia-sportsbooks\/","url":"https:\/\/casinolion.ca\/british-columbia-sportsbooks\/","name":"Paris sportifs en ligne en Colombie Britannique - Meilleurs paris sportifs en 2022","isPartOf":{"@id":"https:\/\/casinolion.ca\/fr\/#website"},"primaryImageOfPage":{"@id":"https:\/\/casinolion.ca\/british-columbia-sportsbooks\/#primaryimage"},"image":{"@id":"https:\/\/casinolion.ca\/british-columbia-sportsbooks\/#primaryimage"},"thumbnailUrl":"https:\/\/www.casinolion.ca\/wp-content\/uploads\/2020\/11\/british-columbia-gross-win-landbased-betting.jpg","datePublished":"2020-10-08T06:01:12+00:00","dateModified":"2022-11-10T10:29:35+00:00","breadcrumb":{"@id":"https:\/\/casinolion.ca\/british-columbia-sportsbooks\/#breadcrumb"},"inLanguage":"fr-CA","potentialAction":[{"@type":"ReadAction","target":["https:\/\/casinolion.ca\/british-columbia-sportsbooks\/"]}]},{"@type":"ImageObject","inLanguage":"fr-CA","@id":"https:\/\/casinolion.ca\/british-columbia-sportsbooks\/#primaryimage","url":"https:\/\/www.casinolion.ca\/wp-content\/uploads\/2020\/11\/british-columbia-gross-win-landbased-betting.jpg","contentUrl":"https:\/\/www.casinolion.ca\/wp-content\/uploads\/2020\/11\/british-columbia-gross-win-landbased-betting.jpg"},{"@type":"BreadcrumbList","@id":"https:\/\/casinolion.ca\/british-columbia-sportsbooks\/#breadcrumb","itemListElement":[{"@type":"ListItem","position":1,"name":"Home","item":"https:\/\/casinolion.ca\/"},{"@type":"ListItem","position":2,"name":"British Columbia Sportsbooks"}]},{"@type":"WebSite","@id":"https:\/\/casinolion.ca\/fr\/#website","url":"https:\/\/casinolion.ca\/fr\/","name":"","description":"","potentialAction":[{"@type":"SearchAction","target":{"@type":"EntryPoint","urlTemplate":"https:\/\/casinolion.ca\/fr\/?s={search_term_string}"},"query-input":{"@type":"PropertyValueSpecification","valueRequired":true,"valueName":"search_term_string"}}],"inLanguage":"fr-CA"}]}},"_links":{"self":[{"href":"https:\/\/casinolion.ca\/fr\/wp-json\/wp\/v2\/pages\/12131","targetHints":{"allow":["GET"]}}],"collection":[{"href":"https:\/\/casinolion.ca\/fr\/wp-json\/wp\/v2\/pages"}],"about":[{"href":"https:\/\/casinolion.ca\/fr\/wp-json\/wp\/v2\/types\/page"}],"author":[{"embeddable":true,"href":"https:\/\/casinolion.ca\/fr\/wp-json\/wp\/v2\/users\/1"}],"replies":[{"embeddable":true,"href":"https:\/\/casinolion.ca\/fr\/wp-json\/wp\/v2\/comments?post=12131"}],"version-history":[{"count":0,"href":"https:\/\/casinolion.ca\/fr\/wp-json\/wp\/v2\/pages\/12131\/revisions"}],"wp:attachment":[{"href":"https:\/\/casinolion.ca\/fr\/wp-json\/wp\/v2\/media?parent=12131"}],"curies":[{"name":"wp","href":"https:\/\/api.w.org\/{rel}","templated":true}]}}