
{"id":12132,"date":"2020-10-08T06:08:52","date_gmt":"2020-10-08T06:08:52","guid":{"rendered":"https:\/\/www.canadiancasinos.ca\/?page_id=12132"},"modified":"2023-01-04T02:27:51","modified_gmt":"2023-01-04T02:27:51","slug":"manitoba-sportsbooks","status":"publish","type":"page","link":"https:\/\/casinolion.ca\/fr\/manitoba-sportsbooks\/","title":{"rendered":"Manitoba Sportsbooks"},"content":{"rendered":"<h2>Paris sportifs au Manitoba<\/h2>\n<p>On ne s'attendrait pas \u00e0 ce que le pays aux 1 000 lacs soit la province de pr\u00e9dilection pour les paris sportifs et autres jeux d'argent. Pourtant, le Manitoba est d\u00e9termin\u00e9 \u00e0 prouver sa valeur en tant que l'une des meilleures destinations pour les paris sportifs dans tout le Canada.<\/p>\n<p>Des milliers de parieurs qui aiment parier sur la NFL, la NHL, la NBA et de nombreuses autres comp\u00e9titions au Canada et dans le monde peuvent le faire librement au Manitoba, car cette province a r\u00e9glement\u00e9 et autoris\u00e9 de nombreuses formes de jeu, y compris les paris sportifs, les jeux de casino, la loterie et bien plus encore. Parier sur les Winnipeg Jets ou les Winnipeg Blue Bombers n'a jamais \u00e9t\u00e9 aussi facile, gr\u00e2ce aux paris sportifs en ligne et hors ligne et aux sites de paris qui op\u00e8rent sous licence du gouvernement du Manitoba.<\/p>\n<p>Restez \u00e0 l'\u00e9coute pour d\u00e9couvrir le cadre juridique des paris sportifs au Manitoba, leur fonctionnement et bien d'autres choses encore.<\/p>\n<h2>Sites de paris sportifs en ligne au Manitoba<\/h2>\n<p><\/p>\n<h2>Cadre juridique des jeux de hasard au Manitoba - Les paris sportifs sont-ils l\u00e9gaux ?<\/h2>\n<p>Le principal organisme de r\u00e9glementation de tous les types de jeux d'argent dans la province est la <a href=\"https:\/\/lgcamb.ca\/\">R\u00e9gie des alcools et des jeux du Manitoba,<\/a> qui est mandat\u00e9 par <a href=\"https:\/\/web2.gov.mb.ca\/laws\/statutes\/ccsm\/l153e.php\">La loi sur les alcools, les jeux et le cannabis<\/a>. Tous les casinos terrestres et en ligne, les vendeurs de loterie et les paris sportifs sont tenus d'obtenir la licence appropri\u00e9e avant de pouvoir proposer leurs jeux aux r\u00e9sidents du Manitoba.<\/p>\n<p>Selon la l\u00e9gislation manitobaine, la seule soci\u00e9t\u00e9 par laquelle les paris sportifs et autres activit\u00e9s de jeu peuvent avoir lieu est la Manitoba Liquor and Lotteries Commission, une soci\u00e9t\u00e9 de la Couronne de la province du Manitoba.<\/p>\n<p>Les parieurs ont le choix entre plusieurs types de paris sportifs, qui sont tous des paris mutuels, puisque les paris sur des \u00e9v\u00e9nements sportifs individuels sont toujours interdits au Canada.<\/p>\n<p>Comme nous l'avons bri\u00e8vement mentionn\u00e9 pr\u00e9c\u00e9demment, des options de paris en ligne et hors ligne sont disponibles au Manitoba. La Manitoba Liquor and Lotteries Commission s'est associ\u00e9e \u00e0 la Western Canada Lottery Corporation (WCLC), qui propose des activit\u00e9s de loterie et d'autres jeux, y compris des paris sportifs, dans plusieurs provinces canadiennes.<strong> Sport Select <\/strong>des jeux de loterie avec paris disponibles dans de nombreux magasins de proximit\u00e9 et points de vente de loterie.<\/p>\n<p>Par ailleurs, les parieurs en ligne seront heureux d'apprendre que la Manitoba Liquor and Lotteries Commission s'est associ\u00e9e \u00e0 la British Columbia Lottery Corporation pour permettre aux Manitobains d'acc\u00e9der \u00e0 des jeux de hasard et d'argent.<a href=\"https:\/\/www.playnow.com\/\"><strong> PlayNow.com<\/strong><\/a>, Le service de paris sportifs en ligne est disponible sur tous les ordinateurs de bureau et les appareils mobiles.<\/p>\n<h2>Statistiques sur les paris sportifs au Manitoba<\/h2>\n<h3>Bas\u00e9 \u00e0 terre<\/h3>\n<p>Voici des statistiques sur les paris sportifs terrestres qui ont eu lieu au Manitoba de 2003 \u00e0 2020 (Remarque : les donn\u00e9es actuelles pour 2020 sont des estimations).<\/p>\n<table class=\"tablepress\">\n<thead>\n<tr>\n<th>Ann\u00e9e<\/th>\n<th>2003<\/th>\n<th>2004<\/th>\n<th>2005<\/th>\n<th>2006<\/th>\n<th>2007<\/th>\n<th>2008<\/th>\n<th>2009<\/th>\n<th>2010<\/th>\n<th>2011<\/th>\n<th>2012<\/th>\n<\/tr>\n<\/thead>\n<tbody>\n<tr>\n<td>Courses de chevaux<\/td>\n<td>$10.26m<\/td>\n<td>$10.26m<\/td>\n<td>$9.55m<\/td>\n<td>$7.56m<\/td>\n<td>$8.26m<\/td>\n<td>$7.83m<\/td>\n<td>$7.55m<\/td>\n<td>$6.98m<\/td>\n<td>$6.74m<\/td>\n<td>$7.16m<\/td>\n<\/tr>\n<tr>\n<td>Sports<\/td>\n<td>$8.22m<\/td>\n<td>$6.08m<\/td>\n<td>$5.47m<\/td>\n<td>$6.37m<\/td>\n<td>$6.89m<\/td>\n<td>$7.12m<\/td>\n<td>$7.15m<\/td>\n<td>$6.29m<\/td>\n<td>$6.63m<\/td>\n<td>$6.71m<\/td>\n<\/tr>\n<tr>\n<td><strong>Total des paris<\/strong><\/td>\n<td><strong>$18.48m<\/strong><\/td>\n<td><strong>$16.34m<\/strong><\/td>\n<td><strong>$15.02m<\/strong><\/td>\n<td><strong>$13,92m<\/strong><\/td>\n<td><strong>$15.14m<\/strong><\/td>\n<td><strong>$14.95m<\/strong><\/td>\n<td><strong>$14.70m<\/strong><\/td>\n<td><strong>$13.27m<\/strong><\/td>\n<td><strong>$13.37m<\/strong><\/td>\n<td><strong>$13.86m<\/strong><\/td>\n<\/tr>\n<\/tbody>\n<\/table>\n<table class=\"tablepress\">\n<thead>\n<tr>\n<th>Ann\u00e9e<\/th>\n<th>2013<\/th>\n<th>2014<\/th>\n<th>2015<\/th>\n<th>2016<\/th>\n<th>2017<\/th>\n<th>2018<\/th>\n<th>2019<\/th>\n<th>2020e<\/th>\n<\/tr>\n<\/thead>\n<tbody>\n<tr>\n<td>Courses de chevaux<\/td>\n<td>$6.72m<\/td>\n<td>$6.81m<\/td>\n<td>$5.63m<\/td>\n<td>$5.11m<\/td>\n<td>$4.70m<\/td>\n<td>$4.05m<\/td>\n<td>$3.17m<\/td>\n<td>$2.66m<\/td>\n<\/tr>\n<tr>\n<td>Sports<\/td>\n<td>$5.91m<\/td>\n<td>$6.03m<\/td>\n<td>$6.17m<\/td>\n<td>$7.20m<\/td>\n<td>$5.57m<\/td>\n<td>$6.51m<\/td>\n<td>$4.99m<\/td>\n<td>$5.72m<\/td>\n<\/tr>\n<tr>\n<td><strong>Total des paris<\/strong><\/td>\n<td><strong>$12.63m<\/strong><\/td>\n<td><strong>$12.85m<\/strong><\/td>\n<td><strong>$11.80m<\/strong><\/td>\n<td><strong>$12.31m<\/strong><\/td>\n<td><strong>$10.27m<\/strong><\/td>\n<td><strong>$10.55m<\/strong><\/td>\n<td><strong>$8.17m<\/strong><\/td>\n<td><strong>$8.38m<\/strong><\/td>\n<\/tr>\n<\/tbody>\n<\/table>\n<h3><img decoding=\"async\" class=\"alignnone wp-image-12419 size-full\" src=\"https:\/\/www.casinolion.ca\/wp-content\/uploads\/2020\/11\/manitoba-gross-win-landbased-betting.jpg\" alt=\"\" width=\"764\" height=\"284\" srcset=\"https:\/\/casinolion.ca\/wp-content\/uploads\/2020\/11\/manitoba-gross-win-landbased-betting.jpg 764w, https:\/\/casinolion.ca\/wp-content\/uploads\/2020\/11\/manitoba-gross-win-landbased-betting-280x104.jpg 280w, https:\/\/casinolion.ca\/wp-content\/uploads\/2020\/11\/manitoba-gross-win-landbased-betting-150x56.jpg 150w, https:\/\/casinolion.ca\/wp-content\/uploads\/2020\/11\/manitoba-gross-win-landbased-betting-97x36.jpg 97w, https:\/\/casinolion.ca\/wp-content\/uploads\/2020\/11\/manitoba-gross-win-landbased-betting-242x90.jpg 242w\" sizes=\"(max-width: 764px) 100vw, 764px\" \/><\/h3>\n<h3>Jeux interactifs (paris en ligne)<\/h3>\n<table class=\"tablepress\">\n<thead>\n<tr>\n<th>Ann\u00e9e<\/th>\n<th>2003<\/th>\n<th>2004<\/th>\n<th>2005<\/th>\n<th>2006<\/th>\n<th>2007<\/th>\n<th>2008<\/th>\n<th>2009<\/th>\n<th>2010<\/th>\n<th>2011<\/th>\n<th>2012<\/th>\n<\/tr>\n<\/thead>\n<tbody>\n<tr>\n<td><strong>Total Betting Online<\/strong><\/td>\n<td>$2.86m<\/td>\n<td>$3.34m<\/td>\n<td>$3.83m<\/td>\n<td>$4.21m<\/td>\n<td>$4.81m<\/td>\n<td>$4.81m<\/td>\n<td>$5.43m<\/td>\n<td>$5.89m<\/td>\n<td>$7.58m<\/td>\n<td>$8.61m<\/td>\n<\/tr>\n<\/tbody>\n<\/table>\n<table class=\"tablepress\">\n<thead>\n<tr>\n<th>Ann\u00e9e<\/th>\n<th>2013<\/th>\n<th>2014<\/th>\n<th>2015<\/th>\n<th>2016<\/th>\n<th>2017<\/th>\n<th>2018<\/th>\n<th>2019<\/th>\n<th>2020e<\/th>\n<\/tr>\n<\/thead>\n<tbody>\n<tr>\n<td><strong>Total Betting Online<\/strong><\/td>\n<td>$8.97m<\/td>\n<td>$9.36m<\/td>\n<td>$9.92m<\/td>\n<td>$10.49m<\/td>\n<td>$11.26m<\/td>\n<td>$12.21m<\/td>\n<td>$12.70m<\/td>\n<td>$13,62m<\/td>\n<\/tr>\n<\/tbody>\n<\/table>\n<p><img decoding=\"async\" class=\"alignnone wp-image-12421 size-full\" src=\"https:\/\/www.casinolion.ca\/wp-content\/uploads\/2020\/11\/manitoba-gross-win-online-betting.jpg\" alt=\"\" width=\"764\" height=\"284\" srcset=\"https:\/\/casinolion.ca\/wp-content\/uploads\/2020\/11\/manitoba-gross-win-online-betting.jpg 764w, https:\/\/casinolion.ca\/wp-content\/uploads\/2020\/11\/manitoba-gross-win-online-betting-280x104.jpg 280w, https:\/\/casinolion.ca\/wp-content\/uploads\/2020\/11\/manitoba-gross-win-online-betting-150x56.jpg 150w, https:\/\/casinolion.ca\/wp-content\/uploads\/2020\/11\/manitoba-gross-win-online-betting-97x36.jpg 97w, https:\/\/casinolion.ca\/wp-content\/uploads\/2020\/11\/manitoba-gross-win-online-betting-242x90.jpg 242w\" sizes=\"(max-width: 764px) 100vw, 764px\" \/><\/p>\n<p>Comme vous pouvez le constater ci-dessus, les Manitobains ont adopt\u00e9 les paris en ligne, dont la popularit\u00e9 ne cesse de cro\u00eetre depuis 2003.<\/p>\n<h2>Comment fonctionnent les paris sportifs au Manitoba ?<\/h2>\n<p>L'un des syst\u00e8mes que les joueurs du Manitoba peuvent utiliser pour parier sur leurs sports pr\u00e9f\u00e9r\u00e9s est le suivant <strong>Sport Select.<\/strong> Ce service permet aux joueurs de remplir leurs bulletins de paris dans l'un des centaines de magasins de d\u00e9tail du Manitoba. Un service similaire existe dans presque toutes les provinces de l'Ouest canadien.<\/p>\n<p>Les joueurs qui souhaitent parier depuis le confort de leur domicile ou en d\u00e9placement peuvent le faire sur le site de la <strong>PlayNow.com<\/strong> qui est le seul site l\u00e9gal de paris en ligne au Manitoba.  Ici aussi, les joueurs ne peuvent parier qu'\u00e0 l'aide des syst\u00e8mes de paris en rafale, o\u00f9 chaque bulletin de pari doit contenir un minimum de deux s\u00e9lections. En savoir plus sur ces m\u00e9thodes de pari.<\/p>\n<h3>Sport Select<\/h3>\n<p>Il y a plusieurs types de paris disponibles avec Sport Select. Les joueurs peuvent parier entre C$2 et C$100 par bulletin. Il doit y avoir au moins deux s\u00e9lections sur le bulletin de pari. Le bulletin peut \u00eatre rempli dans l'un des points de vente ou en ligne, auquel cas vous devez l'imprimer et l'apporter \u00e0 un point de vente pour que le pari soit accept\u00e9. Le maximum qu'un joueur peut parier au cours d'une m\u00eame journ\u00e9e est C$500.<\/p>\n<p>Sport Select prend en charge les formes de paris suivantes :<\/p>\n<ul>\n<li><strong>Pro-Line<\/strong> - Les joueurs essaient de pr\u00e9dire le vainqueur de 2 \u00e0 6 parties ou si les parties se termineront par un match nul.<\/li>\n<li><strong>R\u00e9partition des points<\/strong> - Dans les paris sur les \u00e9carts de points, vous essayez de pr\u00e9dire l'\u00e9quipe gagnante ainsi que l'\u00e9cart de points.<\/li>\n<li><strong>Piscines<\/strong> - Dans les pools, vous recevrez une carte avec 10 ou 12 correspondances et vous tenterez de faire le plus grand nombre de pronostics corrects possible pour obtenir la plus grande part de la cagnotte.<\/li>\n<li><strong>Accessoires<\/strong> - Les paris sur les accessoires vous permettent de placer des paris plus inhabituels, tels que celui qui remportera les prochaines \u00e9lections pr\u00e9sidentielles am\u00e9ricaines, celui qui aura le plus de yards ou de points dans un match de football, et bien d'autres encore.<\/li>\n<\/ul>\n<h3>PlayNow.com<\/h3>\n<p>PlayNow.com est un site Web o\u00f9 les Manitobains peuvent parier sur pr\u00e8s de 20 sports diff\u00e9rents, y compris sur des nouveaut\u00e9s et des paris sp\u00e9ciaux. Tous les paris sur le site sont des paris mutuels, et les \u00e9v\u00e9nements les plus populaires peuvent avoir plus de 100 march\u00e9s de paris diff\u00e9rents. Le site propose \u00e9galement des paris en direct, ce qui lui conf\u00e8re un avantage sur Sports Select.<\/p>\n<p>Cependant, les cotes disponibles ne sont pas tr\u00e8s diff\u00e9rentes et restent inf\u00e9rieures \u00e0 celles des bookmakers en ligne offshore. N\u00e9anmoins, toutes les ligues sportives canadiennes majeures sont pr\u00e9sentes et les joueurs peuvent utiliser des m\u00e9thodes de paiement canadiennes acclam\u00e9es pour approvisionner leurs comptes. En outre, le site est enclin \u00e0 offrir des bonus et des promotions passionnantes aux parieurs, comme des paris gratuits, \u00e0 l'instar des bookmakers en ligne de renomm\u00e9e mondiale.<\/p>\n<h2>Les sites de paris sportifs offshore sont-ils ill\u00e9gaux au Manitoba ?<\/h2>\n<p>Les sites de paris offshore ne sont pas l\u00e9gaux en soi, mais ils ne sont pas non plus strictement ill\u00e9gaux. Les sites de paris offshore ne peuvent pas op\u00e9rer \u00e0 partir du Manitoba et du Canada sans une licence appropri\u00e9e, mais cela ne signifie pas que les Manitobains ne peuvent pas y acc\u00e9der. Techniquement, comme les sites ne sont pas enregistr\u00e9s et g\u00e9r\u00e9s depuis le Manitoba, les joueurs sont consid\u00e9r\u00e9s comme jouant \u00e0 l'\u00e9tranger aux yeux de la loi.<\/p>\n<p><a href=\"https:\/\/casinolion.ca\/fr\/is-online-sports-betting-legal-in-canada\/\">En d\u00e9finitive, les parieurs peuvent acc\u00e9der librement \u00e0 tous les sites de paris offshore, sans aucune cons\u00e9quence juridique.<\/a><\/p>\n<p>Il convient de noter que tous les sites de paris offshore ne valent pas votre temps et votre argent. En tant que joueur du Manitoba, vous voudrez s\u00fbrement un site qui offre des paris sur la Ligue canadienne de football, le hockey sur glace et d'autres sports populaires au Canada. De plus, ces sites doivent \u00eatre agr\u00e9\u00e9s par des juridictions de jeu internationales r\u00e9put\u00e9es qui garantissent leur \u00e9quit\u00e9 et leur s\u00e9curit\u00e9.<\/p>\n<p>Vous devriez \u00e9galement pr\u00eater attention aux bonus et aux promotions, et voir ce que vous pouvez obtenir lorsque vous effectuez un d\u00e9p\u00f4t.<\/p>\n<h2>Articles connexes<\/h2>\n<ul>\n<li><a href=\"https:\/\/casinolion.ca\/fr\/manitoba-casinos\/\">Casinos du Manitoba<\/a><\/li>\n<\/ul>","protected":false},"excerpt":{"rendered":"<p>Les paris sportifs au Manitoba On ne penserait pas que le pays aux 1 000 lacs serait la province de pr\u00e9dilection pour les paris sportifs et autres jeux d'argent. Pourtant, le Manitoba est d\u00e9termin\u00e9 \u00e0 prouver sa valeur en tant que l'une des meilleures destinations pour les paris sportifs dans tout le Canada. Des milliers de parieurs qui aiment parier sur la NFL, la NHL, la NBA et [...]<\/p>","protected":false},"author":1,"featured_media":0,"parent":0,"menu_order":0,"comment_status":"closed","ping_status":"closed","template":"","meta":{"_acf_changed":false,"footnotes":""},"class_list":["post-12132","page","type-page","status-publish","hentry"],"acf":[],"yoast_head":"<!-- This site is optimized with the Yoast SEO plugin v26.1.1 - https:\/\/yoast.com\/wordpress\/plugins\/seo\/ -->\n<title>Online Sports Betting in Manitoba - Best Sportsbooks in 2023<\/title>\n<meta name=\"robots\" content=\"index, follow, max-snippet:-1, max-image-preview:large, max-video-preview:-1\" \/>\n<link rel=\"canonical\" href=\"https:\/\/casinolion.ca\/fr\/manitoba-sportsbooks\/\" \/>\n<meta property=\"og:locale\" content=\"fr_CA\" \/>\n<meta property=\"og:type\" content=\"article\" \/>\n<meta property=\"og:title\" content=\"Online Sports Betting in Manitoba - Best Sportsbooks in 2023\" \/>\n<meta property=\"og:description\" content=\"Sports Betting in Manitoba One wouldn\u2019t think the land of 1,000 lakes would be the go-to province for sports betting and other gambling endeavors. However, Manitoba is determined to prove its worth as one of the top sports betting destinations in all of Canada. Thousands of punters who enjoy betting on NFL, NHL, NBA, and [&hellip;]\" \/>\n<meta property=\"og:url\" content=\"https:\/\/casinolion.ca\/fr\/manitoba-sportsbooks\/\" \/>\n<meta property=\"article:modified_time\" content=\"2023-01-04T02:27:51+00:00\" \/>\n<meta property=\"og:image\" content=\"https:\/\/www.casinolion.ca\/wp-content\/uploads\/2020\/11\/manitoba-gross-win-landbased-betting.jpg\" \/>\n<meta name=\"twitter:card\" content=\"summary_large_image\" \/>\n<meta name=\"twitter:label1\" content=\"Estimation du temps de lecture\" \/>\n\t<meta name=\"twitter:data1\" content=\"6 minutes\" \/>\n<script type=\"application\/ld+json\" class=\"yoast-schema-graph\">{\"@context\":\"https:\/\/schema.org\",\"@graph\":[{\"@type\":\"WebPage\",\"@id\":\"https:\/\/casinolion.ca\/manitoba-sportsbooks\/\",\"url\":\"https:\/\/casinolion.ca\/manitoba-sportsbooks\/\",\"name\":\"Online Sports Betting in Manitoba - Best Sportsbooks in 2023\",\"isPartOf\":{\"@id\":\"https:\/\/casinolion.ca\/fr\/#website\"},\"primaryImageOfPage\":{\"@id\":\"https:\/\/casinolion.ca\/manitoba-sportsbooks\/#primaryimage\"},\"image\":{\"@id\":\"https:\/\/casinolion.ca\/manitoba-sportsbooks\/#primaryimage\"},\"thumbnailUrl\":\"https:\/\/www.casinolion.ca\/wp-content\/uploads\/2020\/11\/manitoba-gross-win-landbased-betting.jpg\",\"datePublished\":\"2020-10-08T06:08:52+00:00\",\"dateModified\":\"2023-01-04T02:27:51+00:00\",\"breadcrumb\":{\"@id\":\"https:\/\/casinolion.ca\/manitoba-sportsbooks\/#breadcrumb\"},\"inLanguage\":\"fr-CA\",\"potentialAction\":[{\"@type\":\"ReadAction\",\"target\":[\"https:\/\/casinolion.ca\/manitoba-sportsbooks\/\"]}]},{\"@type\":\"ImageObject\",\"inLanguage\":\"fr-CA\",\"@id\":\"https:\/\/casinolion.ca\/manitoba-sportsbooks\/#primaryimage\",\"url\":\"https:\/\/www.casinolion.ca\/wp-content\/uploads\/2020\/11\/manitoba-gross-win-landbased-betting.jpg\",\"contentUrl\":\"https:\/\/www.casinolion.ca\/wp-content\/uploads\/2020\/11\/manitoba-gross-win-landbased-betting.jpg\"},{\"@type\":\"BreadcrumbList\",\"@id\":\"https:\/\/casinolion.ca\/manitoba-sportsbooks\/#breadcrumb\",\"itemListElement\":[{\"@type\":\"ListItem\",\"position\":1,\"name\":\"Home\",\"item\":\"https:\/\/casinolion.ca\/\"},{\"@type\":\"ListItem\",\"position\":2,\"name\":\"Manitoba Sportsbooks\"}]},{\"@type\":\"WebSite\",\"@id\":\"https:\/\/casinolion.ca\/fr\/#website\",\"url\":\"https:\/\/casinolion.ca\/fr\/\",\"name\":\"\",\"description\":\"\",\"potentialAction\":[{\"@type\":\"SearchAction\",\"target\":{\"@type\":\"EntryPoint\",\"urlTemplate\":\"https:\/\/casinolion.ca\/fr\/?s={search_term_string}\"},\"query-input\":{\"@type\":\"PropertyValueSpecification\",\"valueRequired\":true,\"valueName\":\"search_term_string\"}}],\"inLanguage\":\"fr-CA\"}]}<\/script>\n<!-- \/ Yoast SEO plugin. -->","yoast_head_json":{"title":"Online Sports Betting in Manitoba - Meilleurs paris sportifs en 2023","robots":{"index":"index","follow":"follow","max-snippet":"max-snippet:-1","max-image-preview":"max-image-preview:large","max-video-preview":"max-video-preview:-1"},"canonical":"https:\/\/casinolion.ca\/fr\/manitoba-sportsbooks\/","og_locale":"fr_CA","og_type":"article","og_title":"Online Sports Betting in Manitoba - Best Sportsbooks in 2023","og_description":"Sports Betting in Manitoba One wouldn\u2019t think the land of 1,000 lakes would be the go-to province for sports betting and other gambling endeavors. However, Manitoba is determined to prove its worth as one of the top sports betting destinations in all of Canada. Thousands of punters who enjoy betting on NFL, NHL, NBA, and [&hellip;]","og_url":"https:\/\/casinolion.ca\/fr\/manitoba-sportsbooks\/","article_modified_time":"2023-01-04T02:27:51+00:00","og_image":[{"url":"https:\/\/www.casinolion.ca\/wp-content\/uploads\/2020\/11\/manitoba-gross-win-landbased-betting.jpg","type":"","width":"","height":""}],"twitter_card":"summary_large_image","twitter_misc":{"Estimation du temps de lecture":"6 minutes"},"schema":{"@context":"https:\/\/schema.org","@graph":[{"@type":"WebPage","@id":"https:\/\/casinolion.ca\/manitoba-sportsbooks\/","url":"https:\/\/casinolion.ca\/manitoba-sportsbooks\/","name":"Online Sports Betting in Manitoba - Meilleurs paris sportifs en 2023","isPartOf":{"@id":"https:\/\/casinolion.ca\/fr\/#website"},"primaryImageOfPage":{"@id":"https:\/\/casinolion.ca\/manitoba-sportsbooks\/#primaryimage"},"image":{"@id":"https:\/\/casinolion.ca\/manitoba-sportsbooks\/#primaryimage"},"thumbnailUrl":"https:\/\/www.casinolion.ca\/wp-content\/uploads\/2020\/11\/manitoba-gross-win-landbased-betting.jpg","datePublished":"2020-10-08T06:08:52+00:00","dateModified":"2023-01-04T02:27:51+00:00","breadcrumb":{"@id":"https:\/\/casinolion.ca\/manitoba-sportsbooks\/#breadcrumb"},"inLanguage":"fr-CA","potentialAction":[{"@type":"ReadAction","target":["https:\/\/casinolion.ca\/manitoba-sportsbooks\/"]}]},{"@type":"ImageObject","inLanguage":"fr-CA","@id":"https:\/\/casinolion.ca\/manitoba-sportsbooks\/#primaryimage","url":"https:\/\/www.casinolion.ca\/wp-content\/uploads\/2020\/11\/manitoba-gross-win-landbased-betting.jpg","contentUrl":"https:\/\/www.casinolion.ca\/wp-content\/uploads\/2020\/11\/manitoba-gross-win-landbased-betting.jpg"},{"@type":"BreadcrumbList","@id":"https:\/\/casinolion.ca\/manitoba-sportsbooks\/#breadcrumb","itemListElement":[{"@type":"ListItem","position":1,"name":"Home","item":"https:\/\/casinolion.ca\/"},{"@type":"ListItem","position":2,"name":"Manitoba Sportsbooks"}]},{"@type":"WebSite","@id":"https:\/\/casinolion.ca\/fr\/#website","url":"https:\/\/casinolion.ca\/fr\/","name":"","description":"","potentialAction":[{"@type":"SearchAction","target":{"@type":"EntryPoint","urlTemplate":"https:\/\/casinolion.ca\/fr\/?s={search_term_string}"},"query-input":{"@type":"PropertyValueSpecification","valueRequired":true,"valueName":"search_term_string"}}],"inLanguage":"fr-CA"}]}},"_links":{"self":[{"href":"https:\/\/casinolion.ca\/fr\/wp-json\/wp\/v2\/pages\/12132","targetHints":{"allow":["GET"]}}],"collection":[{"href":"https:\/\/casinolion.ca\/fr\/wp-json\/wp\/v2\/pages"}],"about":[{"href":"https:\/\/casinolion.ca\/fr\/wp-json\/wp\/v2\/types\/page"}],"author":[{"embeddable":true,"href":"https:\/\/casinolion.ca\/fr\/wp-json\/wp\/v2\/users\/1"}],"replies":[{"embeddable":true,"href":"https:\/\/casinolion.ca\/fr\/wp-json\/wp\/v2\/comments?post=12132"}],"version-history":[{"count":0,"href":"https:\/\/casinolion.ca\/fr\/wp-json\/wp\/v2\/pages\/12132\/revisions"}],"wp:attachment":[{"href":"https:\/\/casinolion.ca\/fr\/wp-json\/wp\/v2\/media?parent=12132"}],"curies":[{"name":"wp","href":"https:\/\/api.w.org\/{rel}","templated":true}]}}