
{"id":12133,"date":"2020-10-08T06:15:01","date_gmt":"2020-10-08T06:15:01","guid":{"rendered":"https:\/\/www.canadiancasinos.ca\/?page_id=12133"},"modified":"2023-01-04T02:19:48","modified_gmt":"2023-01-04T02:19:48","slug":"new-brunswick-sportsbooks","status":"publish","type":"page","link":"https:\/\/casinolion.ca\/fr\/new-brunswick-sportsbooks\/","title":{"rendered":"Les sites de paris sportifs du Nouveau-Brunswick"},"content":{"rendered":"<h2>Les paris sportifs au Nouveau-Brunswick<\/h2>\n<p>Le Nouveau-Brunswick est peut-\u00eatre une petite province du Canada, mais le nombre de personnes qui aiment le sport y est assez \u00e9lev\u00e9. C'est pourquoi de nombreux habitants du Nouveau-Brunswick aiment parier sur leurs sports pr\u00e9f\u00e9r\u00e9s, et c'est la raison pour laquelle leur province offre de nombreuses possibilit\u00e9s de parier, tant hors ligne qu'en ligne.<\/p>\n<p>En d'autres termes, la plupart des formes de jeu sont l\u00e9gales au Nouveau-Brunswick, qui est \u00e9galement r\u00e9glement\u00e9 par une commission officielle des jeux de hasard. Si vous souhaitez parier sur des sports, vous pouvez le faire en utilisant les moyens suivants <a href=\"https:\/\/www.proline.ca\/\">Services Proline de l'ACL<\/a> ou en adh\u00e9rant \u00e0 un <a href=\"https:\/\/casinolion.ca\/fr\/is-online-sports-betting-legal-in-canada\/\">plateforme en ligne offshore<\/a>.<\/p>\n<p>Tout d'abord, examinons le cadre juridique des paris sportifs au Nouveau-Brunswick et parlons des \u00e9l\u00e9ments essentiels dont vous devez tenir compte avant de commencer \u00e0 parier en ligne. Poursuivez votre lecture !<\/p>\n<h2>Sites de paris sportifs en ligne au Nouveau-Brunswick<\/h2>\n<p><\/p>\n<h2>Cadre juridique des jeux de hasard au Nouveau-Brunswick - Les paris sportifs sont-ils l\u00e9gaux ?<\/h2>\n<p>Le <a href=\"https:\/\/www2.gnb.ca\/content\/gnb\/en\/departments\/finance\/lotteries_and_gaming_corporation\/gaming_in_nb.html\">Direction de la r\u00e9glementation des jeux du Nouveau-Brunswick<\/a>, L'Office des jeux de hasard et d'argent, qui fait partie du minist\u00e8re de la s\u00e9curit\u00e9 publique de la province, r\u00e9glemente l'aspect juridique des jeux de hasard et d'argent et des loteries. Il travaille en \u00e9troite collaboration avec <a href=\"https:\/\/www2.gnb.ca\/content\/gnb\/en\/departments\/finance\/lotteries_and_gaming_corporation.html\">Soci\u00e9t\u00e9 des loteries et jeux du Nouveau-Brunswick<\/a> qui se concentre sur les diff\u00e9rentes op\u00e9rations de jeu et la mani\u00e8re dont elles sont men\u00e9es dans la r\u00e9gion.<\/p>\n<p>Cependant, la SLNB n'agit pas seule. Au lieu de cela, une organisation appel\u00e9e Atlantic Lottery Corporation (ALC) est en fait l'organisme le plus important dans plusieurs provinces canadiennes, dont le Nouveau-Brunswick, la Nouvelle-\u00c9cosse, Terre-Neuve-et-Labrador et l'\u00cele-du-Prince-\u00c9douard. Cela signifie que la SLA offre des services similaires \u00e0 ces provinces, et l'un d'entre eux est Proline.<\/p>\n<p>Proline est le seul moyen l\u00e9gal de faire des paris, mais il est \u00e9galement tr\u00e8s limit\u00e9 car il est fortement r\u00e9glement\u00e9. C'est pourquoi certains joueurs choisissent de rejoindre des plateformes de paris sportifs offshore qui ne sont ni l\u00e9gales ni ill\u00e9gales au Canada. En fait, les parieurs du Nouveau-Brunswick sont libres de rejoindre des soci\u00e9t\u00e9s offshore sans s'exposer \u00e0 des poursuites judiciaires.<\/p>\n<p>Si vous n'avez pas l'habitude d'utiliser Proline, nous allons d'abord vous pr\u00e9senter ce site et toutes ses offres. Ensuite, nous parlerons des sites offshore et de la mani\u00e8re dont vous pouvez l\u00e9galement placer des paris sur ces plateformes depuis le Nouveau-Brunswick.<\/p>\n<h2>Statistiques sur les paris sportifs au Nouveau-Brunswick<\/h2>\n<h3>Bas\u00e9 \u00e0 terre<\/h3>\n<p>Voici des statistiques sur les paris sportifs terrestres qui ont eu lieu au Manitoba de 2003 \u00e0 2020 (Remarque : les donn\u00e9es actuelles pour 2020 sont des estimations).<\/p>\n<table class=\"tablepress\">\n<tbody>\n<tr>\n<th>Ann\u00e9e<\/th>\n<th>2003<\/th>\n<th>2004<\/th>\n<th>2005<\/th>\n<th>2006<\/th>\n<th>2007<\/th>\n<th>2008<\/th>\n<th>2009<\/th>\n<th>2010<\/th>\n<th>2011<\/th>\n<th>2012<\/th>\n<\/tr>\n<tr>\n<td>Courses de chevaux<\/td>\n<td>$2.14m<\/td>\n<td>$2.42m<\/td>\n<td>$1.56m<\/td>\n<td>$1.20m<\/td>\n<td>$1.42m<\/td>\n<td>$1.39m<\/td>\n<td>$1.59m<\/td>\n<td>$1.63m<\/td>\n<td>$1.55m<\/td>\n<td>$1.43m<\/td>\n<\/tr>\n<tr>\n<td>\u00a0Sports<\/td>\n<td>$2.59m<\/td>\n<td>$2.26m<\/td>\n<td>$2.13m<\/td>\n<td>$2.54m<\/td>\n<td>$2.79m<\/td>\n<td>$2.86m<\/td>\n<td>$3.08m<\/td>\n<td>$3.17m<\/td>\n<td>$3.72m<\/td>\n<td>$3.30m<\/td>\n<\/tr>\n<tr>\n<td><strong>Total des paris<\/strong><\/td>\n<td><strong>$4.73m<\/strong><\/td>\n<td><strong>$4.68m<\/strong><\/td>\n<td><strong>$3.69m<\/strong><\/td>\n<td><strong>$3.74m<\/strong><\/td>\n<td><strong>$4.22m<\/strong><\/td>\n<td><strong>$4.25m<\/strong><\/td>\n<td><strong>$4.67m<\/strong><\/td>\n<td><strong>$4.80m<\/strong><\/td>\n<td><strong>$5.27m<\/strong><\/td>\n<td><strong>$4.74m<\/strong><\/td>\n<\/tr>\n<\/tbody>\n<\/table>\n<table class=\"tablepress\">\n<tbody>\n<tr>\n<th>Ann\u00e9e<\/th>\n<th>2013<\/th>\n<th>2014<\/th>\n<th>2015<\/th>\n<th>2016<\/th>\n<th>2017<\/th>\n<th>2018<\/th>\n<th>2019<\/th>\n<th>2020e<\/th>\n<\/tr>\n<tr>\n<td>Courses de chevaux<\/td>\n<td>$1.43m<\/td>\n<td>$1.00m<\/td>\n<td>$0.83m<\/td>\n<td>$0.76m<\/td>\n<td>$0.56m<\/td>\n<td>$0.38m<\/td>\n<td>$0.33m<\/td>\n<td>$0.18m<\/td>\n<\/tr>\n<tr>\n<td>\u00a0Sports<\/td>\n<td>$3.44m<\/td>\n<td>$3.45m<\/td>\n<td>$3.35m<\/td>\n<td>$3.77m<\/td>\n<td>$3.28m<\/td>\n<td>$3.11m<\/td>\n<td>$3.30m<\/td>\n<td>$3.31m<\/td>\n<\/tr>\n<tr>\n<td><strong>Total des paris<\/strong><\/td>\n<td><strong>$4.87m<\/strong><\/td>\n<td><strong>$4.44m<\/strong><\/td>\n<td><strong>$4.18m<\/strong><\/td>\n<td><strong>$4.53m<\/strong><\/td>\n<td><strong>$3.85m<\/strong><\/td>\n<td><strong>$3.49m<\/strong><\/td>\n<td><strong>$3.63m<\/strong><\/td>\n<td><strong>$3.49m<\/strong><\/td>\n<\/tr>\n<\/tbody>\n<\/table>\n<p><img decoding=\"async\" class=\"alignnone wp-image-12558 size-full\" src=\"https:\/\/www.casinolion.ca\/wp-content\/uploads\/2020\/11\/new-brunswick-gross-win-landbased.jpg\" alt=\"\" width=\"764\" height=\"284\" srcset=\"https:\/\/casinolion.ca\/wp-content\/uploads\/2020\/11\/new-brunswick-gross-win-landbased.jpg 764w, https:\/\/casinolion.ca\/wp-content\/uploads\/2020\/11\/new-brunswick-gross-win-landbased-280x104.jpg 280w, https:\/\/casinolion.ca\/wp-content\/uploads\/2020\/11\/new-brunswick-gross-win-landbased-150x56.jpg 150w, https:\/\/casinolion.ca\/wp-content\/uploads\/2020\/11\/new-brunswick-gross-win-landbased-97x36.jpg 97w, https:\/\/casinolion.ca\/wp-content\/uploads\/2020\/11\/new-brunswick-gross-win-landbased-242x90.jpg 242w\" sizes=\"(max-width: 764px) 100vw, 764px\" \/><\/p>\n<h3>Jeux interactifs (paris en ligne)<\/h3>\n<table class=\"tablepress\">\n<thead>\n<tr>\n<th>Ann\u00e9e<\/th>\n<th>2003<\/th>\n<th>2004<\/th>\n<th>2005<\/th>\n<th>2006<\/th>\n<th>2007<\/th>\n<th>2008<\/th>\n<th>2009<\/th>\n<th>2010<\/th>\n<th>2011<\/th>\n<th>2012<\/th>\n<\/tr>\n<\/thead>\n<tbody>\n<tr>\n<td><strong>Total Betting Online<\/strong><\/td>\n<td>$1.5m<\/td>\n<td>$1.8m<\/td>\n<td>$2.1m<\/td>\n<td>$2.3m<\/td>\n<td>$2.6m<\/td>\n<td>$2.7m<\/td>\n<td>$3.0m<\/td>\n<td>$3.3m<\/td>\n<td>$4.2m<\/td>\n<td>$4.4<\/td>\n<\/tr>\n<\/tbody>\n<\/table>\n<table class=\"tablepress\">\n<thead>\n<tr>\n<th>Ann\u00e9e<\/th>\n<th>2013<\/th>\n<th>2014<\/th>\n<th>2015<\/th>\n<th>2016<\/th>\n<th>2017<\/th>\n<th>2018<\/th>\n<th>2019<\/th>\n<th>2020e<\/th>\n<\/tr>\n<\/thead>\n<tbody>\n<tr>\n<td><strong>Total Betting Online<\/strong><\/td>\n<td>$4.4m<\/td>\n<td>$4.6m<\/td>\n<td>$4.0m<\/td>\n<td>$3.9m<\/td>\n<td>$4.1m<\/td>\n<td>$4.2m<\/td>\n<td>$4.5<\/td>\n<td>$4.5m<\/td>\n<\/tr>\n<\/tbody>\n<\/table>\n<p><img decoding=\"async\" class=\"alignnone wp-image-12560 size-full\" src=\"https:\/\/www.casinolion.ca\/wp-content\/uploads\/2020\/11\/new-brunswick-gross-win-online-betting.jpg\" alt=\"\" width=\"764\" height=\"284\" srcset=\"https:\/\/casinolion.ca\/wp-content\/uploads\/2020\/11\/new-brunswick-gross-win-online-betting.jpg 764w, https:\/\/casinolion.ca\/wp-content\/uploads\/2020\/11\/new-brunswick-gross-win-online-betting-280x104.jpg 280w, https:\/\/casinolion.ca\/wp-content\/uploads\/2020\/11\/new-brunswick-gross-win-online-betting-150x56.jpg 150w, https:\/\/casinolion.ca\/wp-content\/uploads\/2020\/11\/new-brunswick-gross-win-online-betting-97x36.jpg 97w, https:\/\/casinolion.ca\/wp-content\/uploads\/2020\/11\/new-brunswick-gross-win-online-betting-242x90.jpg 242w\" sizes=\"(max-width: 764px) 100vw, 764px\" \/><\/p>\n<p>Les paris en ligne ont connu une croissance importante au Nouveau-Brunswick depuis 2003.<\/p>\n<h2>Comment fonctionnent les paris sportifs au Nouveau-Brunswick ?<\/h2>\n<p>Les paris sportifs propos\u00e9s par <a href=\"https:\/\/www.proline.ca\/\">Proline<\/a> est similaire \u00e0 celui des autres provinces canadiennes. L'offre Proline comprend plusieurs types de paris diff\u00e9rents : Proline, Proline Fantasy, Proline Stadium et Proline Futures.<\/p>\n<h3>Proline<\/h3>\n<p>Le Proline est un type de pari simple qui permet aux joueurs de parier sur deux \u00e0 huit matchs. Parmi les formats de pari disponibles, citons la ligne d'argent, les totaux de points et les \u00e9carts de points. Cependant, le principal inconv\u00e9nient de ce pari est que vous ne pouvez pas parier sur un seul match. De plus, le maximum que vous pouvez parier sur un seul ticket est de $25, ce que certains parieurs du Nouveau-Brunswick trouvent trop bas.<\/p>\n<h3>Proline Fantasy<\/h3>\n<p>Proline Fantasy permet aux joueurs de pr\u00e9dire les r\u00e9sultats de deux \u00e0 cinq matchs en devinant les joueurs les plus performants. Il s'agit d'un syst\u00e8me assez similaire aux paris sportifs quotidiens classiques, mais avec davantage de limites, notamment en ce qui concerne le montant des mises. Comme pour Proline, vous pouvez miser entre $2 et $25.<\/p>\n<h3>Proline Futures<\/h3>\n<p>Les Futures permettent de parier sur les vainqueurs de tournois ou de saisons enti\u00e8res dans certains sports, notamment le hockey et le basket-ball. Les joueurs doivent faire une s\u00e9lection par ticket et peuvent parier entre $2 et $100.<\/p>\n<h3>Proline Stadium Bets<\/h3>\n<p>Proline Stadium Bets est une version am\u00e9lior\u00e9e de l'offre standard de Proline, accessible sur le site officiel de la SLA. Elle propose des paris sur deux \u00e0 huit \u00e9v\u00e9nements et le maximum que vous pouvez parier est de $250.<\/p>\n<p>Bien qu'ils soient relativement populaires, les paris Proline sont limit\u00e9s, et c'est pourquoi certains parieurs choisissent les casinos offshore. Voyons ce qu'ils sont et quel est leur statut juridique au Nouveau-Brunswick.<\/p>\n<h2>Les sites de paris sportifs offshore sont-ils ill\u00e9gaux au Nouveau-Brunswick ?<\/h2>\n<p>Comme dans toutes les autres provinces canadiennes, <a href=\"https:\/\/casinolion.ca\/fr\/is-online-sports-betting-legal-in-canada\/\">aucune loi n'interdit les sites de paris sportifs offshore<\/a>. Il n'est pas l\u00e9gal d'exploiter une telle entreprise \u00e0 l'int\u00e9rieur des fronti\u00e8res du Nouveau-Brunswick, mais les parieurs de la province sont toujours libres de s'inscrire sur ces plateformes et de faire des paris sur leurs sports pr\u00e9f\u00e9r\u00e9s.<\/p>\n<p>Mais pourquoi rejoindre des sites offshore si Proline offre d\u00e9j\u00e0 des paris l\u00e9gaux et r\u00e9glement\u00e9s ? Il y a plusieurs raisons \u00e0 cela.<\/p>\n<p>Tout d'abord, les cotes de Proline ne sont pas aussi comp\u00e9titives que celles de certains sites internationaux. Comme il y a beaucoup de plateformes de paris offshore, elles doivent rivaliser pour attirer plus de parieurs, ce qui se traduit par de bien meilleures cotes.<\/p>\n<p>Mais les cotes ne sont pas la seule chose que les joueurs obtiennent lorsqu'ils rejoignent des sites offshore, car beaucoup d'entre eux offrent des bonus de bienvenue lucratifs qui sont une autre raison pour laquelle certains joueurs du Nouveau-Brunswick les pr\u00e9f\u00e8rent.<\/p>\n<p>Enfin, les sites offshore offrent plus de sports et une gamme plus large de march\u00e9s de paris, contrairement \u00e0 Proline qui se concentre sur les sports les plus importants et les ligues majeures du Canada. N'h\u00e9sitez donc pas \u00e0 explorer l'option qui vous convient le mieux avant de vous lancer dans les paris sportifs en ligne au Nouveau-Brunswick.<\/p>\n<h2>Articles connexes<\/h2>\n<ul>\n<li><a href=\"https:\/\/casinolion.ca\/fr\/new-brunswick-casinos\/\">Casinos du Nouveau-Brunswick<\/a><\/li>\n<\/ul>","protected":false},"excerpt":{"rendered":"<p>Les paris sportifs au Nouveau-Brunswick Le Nouveau-Brunswick est peut-\u00eatre une petite province du Canada, mais le nombre de personnes qui aiment le sport y est assez \u00e9lev\u00e9. C'est pourquoi de nombreux N\u00e9o-Brunswickois aiment parier sur leurs sports pr\u00e9f\u00e9r\u00e9s, et c'est pourquoi la province offre de nombreuses possibilit\u00e9s de parier \u00e0 la fois hors ligne et en ligne. [...]<\/p>","protected":false},"author":1,"featured_media":0,"parent":0,"menu_order":0,"comment_status":"closed","ping_status":"closed","template":"","meta":{"_acf_changed":false,"footnotes":""},"class_list":["post-12133","page","type-page","status-publish","hentry"],"acf":[],"yoast_head":"<!-- This site is optimized with the Yoast SEO plugin v26.1.1 - https:\/\/yoast.com\/wordpress\/plugins\/seo\/ -->\n<title>Online Sports Betting in New Brunswick - Best Sportsbooks in 2023<\/title>\n<meta name=\"robots\" content=\"index, follow, max-snippet:-1, max-image-preview:large, max-video-preview:-1\" \/>\n<link rel=\"canonical\" href=\"https:\/\/casinolion.ca\/fr\/new-brunswick-sportsbooks\/\" \/>\n<meta property=\"og:locale\" content=\"fr_CA\" \/>\n<meta property=\"og:type\" content=\"article\" \/>\n<meta property=\"og:title\" content=\"Online Sports Betting in New Brunswick - Best Sportsbooks in 2023\" \/>\n<meta property=\"og:description\" content=\"Sports Betting in New Brunswick New Brunswick may be a small province in Canada, but the number of people who like sports in that area is quite high. Consequently, many New Brunswick residents enjoy making bets on their favourite sports, and that\u2019s why their province offers plenty of opportunities to bet both offline and online. [&hellip;]\" \/>\n<meta property=\"og:url\" content=\"https:\/\/casinolion.ca\/fr\/new-brunswick-sportsbooks\/\" \/>\n<meta property=\"article:modified_time\" content=\"2023-01-04T02:19:48+00:00\" \/>\n<meta property=\"og:image\" content=\"https:\/\/www.casinolion.ca\/wp-content\/uploads\/2020\/11\/new-brunswick-gross-win-landbased.jpg\" \/>\n<meta name=\"twitter:card\" content=\"summary_large_image\" \/>\n<meta name=\"twitter:label1\" content=\"Estimation du temps de lecture\" \/>\n\t<meta name=\"twitter:data1\" content=\"5 minutes\" \/>\n<script type=\"application\/ld+json\" class=\"yoast-schema-graph\">{\"@context\":\"https:\/\/schema.org\",\"@graph\":[{\"@type\":\"WebPage\",\"@id\":\"https:\/\/casinolion.ca\/new-brunswick-sportsbooks\/\",\"url\":\"https:\/\/casinolion.ca\/new-brunswick-sportsbooks\/\",\"name\":\"Online Sports Betting in New Brunswick - Best Sportsbooks in 2023\",\"isPartOf\":{\"@id\":\"https:\/\/casinolion.ca\/fr\/#website\"},\"primaryImageOfPage\":{\"@id\":\"https:\/\/casinolion.ca\/new-brunswick-sportsbooks\/#primaryimage\"},\"image\":{\"@id\":\"https:\/\/casinolion.ca\/new-brunswick-sportsbooks\/#primaryimage\"},\"thumbnailUrl\":\"https:\/\/www.casinolion.ca\/wp-content\/uploads\/2020\/11\/new-brunswick-gross-win-landbased.jpg\",\"datePublished\":\"2020-10-08T06:15:01+00:00\",\"dateModified\":\"2023-01-04T02:19:48+00:00\",\"breadcrumb\":{\"@id\":\"https:\/\/casinolion.ca\/new-brunswick-sportsbooks\/#breadcrumb\"},\"inLanguage\":\"fr-CA\",\"potentialAction\":[{\"@type\":\"ReadAction\",\"target\":[\"https:\/\/casinolion.ca\/new-brunswick-sportsbooks\/\"]}]},{\"@type\":\"ImageObject\",\"inLanguage\":\"fr-CA\",\"@id\":\"https:\/\/casinolion.ca\/new-brunswick-sportsbooks\/#primaryimage\",\"url\":\"https:\/\/www.casinolion.ca\/wp-content\/uploads\/2020\/11\/new-brunswick-gross-win-landbased.jpg\",\"contentUrl\":\"https:\/\/www.casinolion.ca\/wp-content\/uploads\/2020\/11\/new-brunswick-gross-win-landbased.jpg\"},{\"@type\":\"BreadcrumbList\",\"@id\":\"https:\/\/casinolion.ca\/new-brunswick-sportsbooks\/#breadcrumb\",\"itemListElement\":[{\"@type\":\"ListItem\",\"position\":1,\"name\":\"Home\",\"item\":\"https:\/\/casinolion.ca\/\"},{\"@type\":\"ListItem\",\"position\":2,\"name\":\"New Brunswick Sportsbooks\"}]},{\"@type\":\"WebSite\",\"@id\":\"https:\/\/casinolion.ca\/fr\/#website\",\"url\":\"https:\/\/casinolion.ca\/fr\/\",\"name\":\"\",\"description\":\"\",\"potentialAction\":[{\"@type\":\"SearchAction\",\"target\":{\"@type\":\"EntryPoint\",\"urlTemplate\":\"https:\/\/casinolion.ca\/fr\/?s={search_term_string}\"},\"query-input\":{\"@type\":\"PropertyValueSpecification\",\"valueRequired\":true,\"valueName\":\"search_term_string\"}}],\"inLanguage\":\"fr-CA\"}]}<\/script>\n<!-- \/ Yoast SEO plugin. -->","yoast_head_json":{"title":"Online Sports Betting in New Brunswick - Best Sportsbooks in 2023 (en anglais)","robots":{"index":"index","follow":"follow","max-snippet":"max-snippet:-1","max-image-preview":"max-image-preview:large","max-video-preview":"max-video-preview:-1"},"canonical":"https:\/\/casinolion.ca\/fr\/new-brunswick-sportsbooks\/","og_locale":"fr_CA","og_type":"article","og_title":"Online Sports Betting in New Brunswick - Best Sportsbooks in 2023","og_description":"Sports Betting in New Brunswick New Brunswick may be a small province in Canada, but the number of people who like sports in that area is quite high. Consequently, many New Brunswick residents enjoy making bets on their favourite sports, and that\u2019s why their province offers plenty of opportunities to bet both offline and online. [&hellip;]","og_url":"https:\/\/casinolion.ca\/fr\/new-brunswick-sportsbooks\/","article_modified_time":"2023-01-04T02:19:48+00:00","og_image":[{"url":"https:\/\/www.casinolion.ca\/wp-content\/uploads\/2020\/11\/new-brunswick-gross-win-landbased.jpg","type":"","width":"","height":""}],"twitter_card":"summary_large_image","twitter_misc":{"Estimation du temps de lecture":"5 minutes"},"schema":{"@context":"https:\/\/schema.org","@graph":[{"@type":"WebPage","@id":"https:\/\/casinolion.ca\/new-brunswick-sportsbooks\/","url":"https:\/\/casinolion.ca\/new-brunswick-sportsbooks\/","name":"Online Sports Betting in New Brunswick - Best Sportsbooks in 2023 (en anglais)","isPartOf":{"@id":"https:\/\/casinolion.ca\/fr\/#website"},"primaryImageOfPage":{"@id":"https:\/\/casinolion.ca\/new-brunswick-sportsbooks\/#primaryimage"},"image":{"@id":"https:\/\/casinolion.ca\/new-brunswick-sportsbooks\/#primaryimage"},"thumbnailUrl":"https:\/\/www.casinolion.ca\/wp-content\/uploads\/2020\/11\/new-brunswick-gross-win-landbased.jpg","datePublished":"2020-10-08T06:15:01+00:00","dateModified":"2023-01-04T02:19:48+00:00","breadcrumb":{"@id":"https:\/\/casinolion.ca\/new-brunswick-sportsbooks\/#breadcrumb"},"inLanguage":"fr-CA","potentialAction":[{"@type":"ReadAction","target":["https:\/\/casinolion.ca\/new-brunswick-sportsbooks\/"]}]},{"@type":"ImageObject","inLanguage":"fr-CA","@id":"https:\/\/casinolion.ca\/new-brunswick-sportsbooks\/#primaryimage","url":"https:\/\/www.casinolion.ca\/wp-content\/uploads\/2020\/11\/new-brunswick-gross-win-landbased.jpg","contentUrl":"https:\/\/www.casinolion.ca\/wp-content\/uploads\/2020\/11\/new-brunswick-gross-win-landbased.jpg"},{"@type":"BreadcrumbList","@id":"https:\/\/casinolion.ca\/new-brunswick-sportsbooks\/#breadcrumb","itemListElement":[{"@type":"ListItem","position":1,"name":"Home","item":"https:\/\/casinolion.ca\/"},{"@type":"ListItem","position":2,"name":"New Brunswick Sportsbooks"}]},{"@type":"WebSite","@id":"https:\/\/casinolion.ca\/fr\/#website","url":"https:\/\/casinolion.ca\/fr\/","name":"","description":"","potentialAction":[{"@type":"SearchAction","target":{"@type":"EntryPoint","urlTemplate":"https:\/\/casinolion.ca\/fr\/?s={search_term_string}"},"query-input":{"@type":"PropertyValueSpecification","valueRequired":true,"valueName":"search_term_string"}}],"inLanguage":"fr-CA"}]}},"_links":{"self":[{"href":"https:\/\/casinolion.ca\/fr\/wp-json\/wp\/v2\/pages\/12133","targetHints":{"allow":["GET"]}}],"collection":[{"href":"https:\/\/casinolion.ca\/fr\/wp-json\/wp\/v2\/pages"}],"about":[{"href":"https:\/\/casinolion.ca\/fr\/wp-json\/wp\/v2\/types\/page"}],"author":[{"embeddable":true,"href":"https:\/\/casinolion.ca\/fr\/wp-json\/wp\/v2\/users\/1"}],"replies":[{"embeddable":true,"href":"https:\/\/casinolion.ca\/fr\/wp-json\/wp\/v2\/comments?post=12133"}],"version-history":[{"count":0,"href":"https:\/\/casinolion.ca\/fr\/wp-json\/wp\/v2\/pages\/12133\/revisions"}],"wp:attachment":[{"href":"https:\/\/casinolion.ca\/fr\/wp-json\/wp\/v2\/media?parent=12133"}],"curies":[{"name":"wp","href":"https:\/\/api.w.org\/{rel}","templated":true}]}}