
{"id":12137,"date":"2020-10-08T06:25:27","date_gmt":"2020-10-08T06:25:27","guid":{"rendered":"https:\/\/www.canadiancasinos.ca\/?page_id=12137"},"modified":"2023-01-04T02:26:43","modified_gmt":"2023-01-04T02:26:43","slug":"nova-scotia-sportsbooks","status":"publish","type":"page","link":"https:\/\/casinolion.ca\/fr\/nova-scotia-sportsbooks\/","title":{"rendered":"Nova Scotia Sportsbooks"},"content":{"rendered":"<h2>Paris sportifs en Nouvelle-\u00c9cosse<\/h2>\n<p>La Nouvelle-\u00c9cosse est l'une des provinces canadiennes les plus petites et les moins peupl\u00e9es, mais cette r\u00e9gion compte tout de m\u00eame des milliers de personnes qui s'adonnent quotidiennement aux paris sportifs.<\/p>\n<p><a href=\"https:\/\/casinolion.ca\/fr\/is-online-sports-betting-legal-in-canada\/\">La l\u00e9gislation canadienne sur les jeux d'argent a toujours \u00e9t\u00e9 confuse et restrictive.<\/a>. Si l'on ajoute \u00e0 cela le fait que chaque province et territoire a sa propre l\u00e9gislation en mati\u00e8re de jeux d'argent, les Canadiens eux-m\u00eames ne savent pas tr\u00e8s bien o\u00f9 ils peuvent jouer et quelles sont les restrictions qui s'appliquent \u00e0 eux.<\/p>\n<p>Alors, les paris sportifs sont-ils l\u00e9gaux en Nouvelle-\u00c9cosse ? Nous supposons que c'est la question qui vous a conduit \u00e0 cet article, et nous ferons tout pour y r\u00e9pondre le plus clairement possible. Nous parlerons \u00e9galement du fonctionnement des paris sportifs dans cette province et des paris sportifs en ligne sur les sites offshore.<\/p>\n<h2>Sites de paris sportifs pour la Nouvelle-\u00c9cosse<\/h2>\n<p><\/p>\n<h2>Cadre juridique des jeux de hasard en Nouvelle-\u00c9cosse - Les paris sportifs sont-ils l\u00e9gaux ?<\/h2>\n<p>Toutes les lois canadiennes sur les jeux d'argent trouvent leur origine dans la loi sur les jeux d'argent du pays. <em>Code p\u00e9nal<\/em> qui a \u00e9t\u00e9 r\u00e9dig\u00e9 en 1892. Selon ce code, toutes les formes de jeux d'argent \u00e9taient ill\u00e9gales dans l'ensemble du Canada.<\/p>\n<p>Toutefois, au cours du si\u00e8cle dernier, le code p\u00e9nal a \u00e9t\u00e9 mis \u00e0 jour et assoupli, devenant plus favorable aux casinos et aux paris sportifs. En outre, chaque province et territoire a \u00e9t\u00e9 autoris\u00e9 \u00e0 r\u00e9diger ses propres lois en mati\u00e8re de jeux d'argent.<\/p>\n<p>En ce qui concerne la Nouvelle-\u00c9cosse, toutes les activit\u00e9s de jeux d'argent dans la province sont r\u00e9gies par la <a href=\"https:\/\/gamingns.ca\/\">Nova Scotia Provincial Lotteries and Casino Corporation (Soci\u00e9t\u00e9 des loteries et casinos de la province de Nouvelle-\u00c9cosse)<\/a>. Cet organe directeur a en outre confi\u00e9 tous les produits de billetterie et les op\u00e9rations de loterie vid\u00e9o \u00e0 la <a href=\"https:\/\/www.alc.ca\/content\/alc\/en.html\">Soci\u00e9t\u00e9 des loteries de l'Atlantique (SLA)<\/a>.<\/p>\n<p>La SLA est charg\u00e9e des op\u00e9rations de jeu l\u00e9gales dans plusieurs provinces canadiennes. Son principal service, appel\u00e9 <a href=\"https:\/\/www.proline.ca\/\">Pro-Line<\/a> propose des paris sportifs \u00e0 tous les r\u00e9sidents majeurs de la Nouvelle-\u00c9cosse. Pour participer aux paris sportifs l\u00e9gaux dans la province, vous devez \u00eatre \u00e2g\u00e9 d'au moins 19 ans.<\/p>\n<p>Nous avons donc \u00e9tabli que les paris sportifs en Nouvelle-\u00c9cosse sont l\u00e9gaux et r\u00e9glement\u00e9s. Cependant, ils sont assortis de certaines restrictions et limitations. Poursuivez votre lecture pour savoir comment cela fonctionne.<\/p>\n<h2>Comment fonctionnent les paris sportifs en Nouvelle-\u00c9cosse ?<\/h2>\n<p>Le syst\u00e8me Pro-Line est le seul syst\u00e8me l\u00e9gal permettant de placer des paris sportifs en Nouvelle-\u00c9cosse. Ce syst\u00e8me est assez strict lorsqu'il s'agit de d\u00e9cider ce qui est autoris\u00e9 et ce qui ne l'est pas lorsqu'il s'agit de cr\u00e9er un bulletin de paris.<\/p>\n<p>Tout d'abord, vous ne pouvez pas parier sur un seul match en Nouvelle-\u00c9cosse. Les seuls paris autoris\u00e9s sont les \"parlays\" (paris sur plusieurs \u00e9quipes ou joueurs), bien que vous puissiez placer des paris simples sur certains contrats \u00e0 terme (paris purs et simples). Le nombre minimum d'\u00e9v\u00e9nements que vous \u00eates autoris\u00e9 \u00e0 placer sur votre bulletin de paris est de deux, tandis que le nombre maximum de paris est g\u00e9n\u00e9ralement de huit, mais il peut parfois \u00eatre de dix ou plus.<\/p>\n<p>Pour gagner un pari, vous devez deviner correctement tous les matchs. Il n'y a pas de paris syst\u00e9matiques, de paiements anticip\u00e9s ou de paris dans lesquels vous \u00eates rembours\u00e9 si une seule de vos suppositions est erron\u00e9e (tous ces types de paris sont couramment utilis\u00e9s sur les sites de paris offshore).<\/p>\n<p>En outre, le nombre de sports sur lesquels vous pouvez parier est tr\u00e8s limit\u00e9. Les sports disponibles sont le football, le basket-ball, le football universitaire, le basket-ball universitaire, le hockey sur glace, le base-ball et le football, mais la SLA a r\u00e9cemment ajout\u00e9 quelques autres sports comme le golf, les sports de combat, le tennis, les courses et les sports \u00e9lectroniques.<\/p>\n<p>Voici toutes les options de paris Pro-Line disponibles pour les joueurs de Nouvelle-\u00c9cosse :<\/p>\n<ul>\n<li><strong>Pari Pro-Line<\/strong> - Devinez correctement entre deux et huit matchs. Les march\u00e9s comprennent la ligne d'argent, l'\u00e9cart de points et les totaux de points.<\/li>\n<li><strong>Pro-Line Futures<\/strong> - Devinez quelle \u00e9quipe remportera la comp\u00e9tition ou quels joueurs recevront le troph\u00e9e MVP. C'est le seul jeu dans lequel vous \u00eates autoris\u00e9 \u00e0 placer un seul pari.<\/li>\n<li><strong>Pro-Line Stadium Picks<\/strong> - Toutes vos r\u00e9ponses correctes pendant une certaine p\u00e9riode sont enregistr\u00e9es sur un tableau de classement qui d\u00e9termine les gagnants des prix.<\/li>\n<li><strong>Pro-Line Fantasy<\/strong> - Le point de vue de l'ALC sur les sports de fantaisie quotidiens.<\/li>\n<\/ul>\n<p>Selon le type de pari que vous choisissez et le nombre de choix que vous s\u00e9lectionnez, les limites de mise vont de C$1 \u00e0 C$250 par jeu.<\/p>\n<h2>Les sites de paris offshore sont-ils ill\u00e9gaux en Nouvelle-\u00c9cosse ?<\/h2>\n<p>En raison des diverses limites et restrictions impos\u00e9es par le fournisseur officiel de paris sportifs de la province, de nombreux joueurs de Nouvelle-\u00c9cosse choisissent de placer leurs paris sportifs sur des paris sportifs \u00e9trangers. Mais ces op\u00e9rateurs de paris sportifs \u00e9trangers sont-ils l\u00e9gaux ?<\/p>\n<p>Officiellement, ce n'est pas le cas. Toutefois, comme ces paris sportifs op\u00e8rent \u00e0 l'\u00e9tranger, ils ne sont pas tenus de respecter les lois de la province. Par cons\u00e9quent, rien n'emp\u00eache ces sites web de permettre aux Canadiens de s'inscrire et de placer des paris en argent r\u00e9el. En outre, les autorit\u00e9s provinciales font rarement des efforts pour interdire ces sites, et aucun joueur n'a encore \u00e9t\u00e9 arr\u00eat\u00e9 ou condamn\u00e9 \u00e0 une amende pour avoir visit\u00e9 des paris sportifs offshore.<\/p>\n<p>Les paris sportifs offshore pr\u00e9sentent de nombreux avantages : ils offrent une plus large gamme de sports et de march\u00e9s de paris, de nombreux bonus pour les nouveaux joueurs et moins de restrictions concernant les limites de mise minimales et maximales.<\/p>\n<h2>Articles connexes<\/h2>\n<ul>\n<li><a href=\"https:\/\/casinolion.ca\/fr\/nova-scotia-casinos\/\">Casinos de Nouvelle-\u00c9cosse<\/a><\/li>\n<\/ul>\n<p>&nbsp;<\/p>","protected":false},"excerpt":{"rendered":"<p>Les paris sportifs en Nouvelle-\u00c9cosse La Nouvelle-\u00c9cosse est l'une des provinces canadiennes les plus petites et les moins peupl\u00e9es, mais cette r\u00e9gion abrite tout de m\u00eame des milliers de personnes qui s'adonnent quotidiennement aux paris sportifs. Les lois canadiennes sur les jeux d'argent ont toujours \u00e9t\u00e9 d\u00e9routantes et restrictives. Ajoutez \u00e0 cela le fait que chaque province et territoire a [...]<\/p>","protected":false},"author":1,"featured_media":0,"parent":0,"menu_order":0,"comment_status":"closed","ping_status":"closed","template":"","meta":{"_acf_changed":false,"footnotes":""},"class_list":["post-12137","page","type-page","status-publish","hentry"],"acf":[],"yoast_head":"<!-- This site is optimized with the Yoast SEO plugin v26.1.1 - https:\/\/yoast.com\/wordpress\/plugins\/seo\/ -->\n<title>Online Sports Betting in Nova Scotia - Best Sportsbooks in 2023<\/title>\n<meta name=\"robots\" content=\"index, follow, max-snippet:-1, max-image-preview:large, max-video-preview:-1\" \/>\n<link rel=\"canonical\" href=\"https:\/\/casinolion.ca\/fr\/nova-scotia-sportsbooks\/\" \/>\n<meta property=\"og:locale\" content=\"fr_CA\" \/>\n<meta property=\"og:type\" content=\"article\" \/>\n<meta property=\"og:title\" content=\"Online Sports Betting in Nova Scotia - Best Sportsbooks in 2023\" \/>\n<meta property=\"og:description\" content=\"Sports Betting in Nova Scotia Nova Scotia is one of the smallest and least populated Canadian provinces, but this region is still home to thousands of people who enjoy sports betting on a daily basis. Canadian gambling laws have always been confusing and restrictive. Add that to the fact that each province and territory have [&hellip;]\" \/>\n<meta property=\"og:url\" content=\"https:\/\/casinolion.ca\/fr\/nova-scotia-sportsbooks\/\" \/>\n<meta property=\"article:modified_time\" content=\"2023-01-04T02:26:43+00:00\" \/>\n<meta name=\"twitter:card\" content=\"summary_large_image\" \/>\n<meta name=\"twitter:label1\" content=\"Estimation du temps de lecture\" \/>\n\t<meta name=\"twitter:data1\" content=\"4 minutes\" \/>\n<script type=\"application\/ld+json\" class=\"yoast-schema-graph\">{\"@context\":\"https:\/\/schema.org\",\"@graph\":[{\"@type\":\"WebPage\",\"@id\":\"https:\/\/casinolion.ca\/nova-scotia-sportsbooks\/\",\"url\":\"https:\/\/casinolion.ca\/nova-scotia-sportsbooks\/\",\"name\":\"Online Sports Betting in Nova Scotia - Best Sportsbooks in 2023\",\"isPartOf\":{\"@id\":\"https:\/\/casinolion.ca\/fr\/#website\"},\"datePublished\":\"2020-10-08T06:25:27+00:00\",\"dateModified\":\"2023-01-04T02:26:43+00:00\",\"breadcrumb\":{\"@id\":\"https:\/\/casinolion.ca\/nova-scotia-sportsbooks\/#breadcrumb\"},\"inLanguage\":\"fr-CA\",\"potentialAction\":[{\"@type\":\"ReadAction\",\"target\":[\"https:\/\/casinolion.ca\/nova-scotia-sportsbooks\/\"]}]},{\"@type\":\"BreadcrumbList\",\"@id\":\"https:\/\/casinolion.ca\/nova-scotia-sportsbooks\/#breadcrumb\",\"itemListElement\":[{\"@type\":\"ListItem\",\"position\":1,\"name\":\"Home\",\"item\":\"https:\/\/casinolion.ca\/\"},{\"@type\":\"ListItem\",\"position\":2,\"name\":\"Nova Scotia Sportsbooks\"}]},{\"@type\":\"WebSite\",\"@id\":\"https:\/\/casinolion.ca\/fr\/#website\",\"url\":\"https:\/\/casinolion.ca\/fr\/\",\"name\":\"\",\"description\":\"\",\"potentialAction\":[{\"@type\":\"SearchAction\",\"target\":{\"@type\":\"EntryPoint\",\"urlTemplate\":\"https:\/\/casinolion.ca\/fr\/?s={search_term_string}\"},\"query-input\":{\"@type\":\"PropertyValueSpecification\",\"valueRequired\":true,\"valueName\":\"search_term_string\"}}],\"inLanguage\":\"fr-CA\"}]}<\/script>\n<!-- \/ Yoast SEO plugin. -->","yoast_head_json":{"title":"Online Sports Betting in Nova Scotia - Best Sportsbooks in 2023 (paris sportifs en ligne en Nouvelle-\u00c9cosse)","robots":{"index":"index","follow":"follow","max-snippet":"max-snippet:-1","max-image-preview":"max-image-preview:large","max-video-preview":"max-video-preview:-1"},"canonical":"https:\/\/casinolion.ca\/fr\/nova-scotia-sportsbooks\/","og_locale":"fr_CA","og_type":"article","og_title":"Online Sports Betting in Nova Scotia - Best Sportsbooks in 2023","og_description":"Sports Betting in Nova Scotia Nova Scotia is one of the smallest and least populated Canadian provinces, but this region is still home to thousands of people who enjoy sports betting on a daily basis. Canadian gambling laws have always been confusing and restrictive. Add that to the fact that each province and territory have [&hellip;]","og_url":"https:\/\/casinolion.ca\/fr\/nova-scotia-sportsbooks\/","article_modified_time":"2023-01-04T02:26:43+00:00","twitter_card":"summary_large_image","twitter_misc":{"Estimation du temps de lecture":"4 minutes"},"schema":{"@context":"https:\/\/schema.org","@graph":[{"@type":"WebPage","@id":"https:\/\/casinolion.ca\/nova-scotia-sportsbooks\/","url":"https:\/\/casinolion.ca\/nova-scotia-sportsbooks\/","name":"Online Sports Betting in Nova Scotia - Best Sportsbooks in 2023 (paris sportifs en ligne en Nouvelle-\u00c9cosse)","isPartOf":{"@id":"https:\/\/casinolion.ca\/fr\/#website"},"datePublished":"2020-10-08T06:25:27+00:00","dateModified":"2023-01-04T02:26:43+00:00","breadcrumb":{"@id":"https:\/\/casinolion.ca\/nova-scotia-sportsbooks\/#breadcrumb"},"inLanguage":"fr-CA","potentialAction":[{"@type":"ReadAction","target":["https:\/\/casinolion.ca\/nova-scotia-sportsbooks\/"]}]},{"@type":"BreadcrumbList","@id":"https:\/\/casinolion.ca\/nova-scotia-sportsbooks\/#breadcrumb","itemListElement":[{"@type":"ListItem","position":1,"name":"Home","item":"https:\/\/casinolion.ca\/"},{"@type":"ListItem","position":2,"name":"Nova Scotia Sportsbooks"}]},{"@type":"WebSite","@id":"https:\/\/casinolion.ca\/fr\/#website","url":"https:\/\/casinolion.ca\/fr\/","name":"","description":"","potentialAction":[{"@type":"SearchAction","target":{"@type":"EntryPoint","urlTemplate":"https:\/\/casinolion.ca\/fr\/?s={search_term_string}"},"query-input":{"@type":"PropertyValueSpecification","valueRequired":true,"valueName":"search_term_string"}}],"inLanguage":"fr-CA"}]}},"_links":{"self":[{"href":"https:\/\/casinolion.ca\/fr\/wp-json\/wp\/v2\/pages\/12137","targetHints":{"allow":["GET"]}}],"collection":[{"href":"https:\/\/casinolion.ca\/fr\/wp-json\/wp\/v2\/pages"}],"about":[{"href":"https:\/\/casinolion.ca\/fr\/wp-json\/wp\/v2\/types\/page"}],"author":[{"embeddable":true,"href":"https:\/\/casinolion.ca\/fr\/wp-json\/wp\/v2\/users\/1"}],"replies":[{"embeddable":true,"href":"https:\/\/casinolion.ca\/fr\/wp-json\/wp\/v2\/comments?post=12137"}],"version-history":[{"count":0,"href":"https:\/\/casinolion.ca\/fr\/wp-json\/wp\/v2\/pages\/12137\/revisions"}],"wp:attachment":[{"href":"https:\/\/casinolion.ca\/fr\/wp-json\/wp\/v2\/media?parent=12137"}],"curies":[{"name":"wp","href":"https:\/\/api.w.org\/{rel}","templated":true}]}}