
{"id":12139,"date":"2020-10-08T06:31:34","date_gmt":"2020-10-08T06:31:34","guid":{"rendered":"https:\/\/www.canadiancasinos.ca\/?page_id=12139"},"modified":"2025-11-27T04:20:40","modified_gmt":"2025-11-27T04:20:40","slug":"ontario-sportsbooks","status":"publish","type":"page","link":"https:\/\/casinolion.ca\/fr\/ontario-sportsbooks\/","title":{"rendered":"Les sites de paris sportifs de l'Ontario"},"content":{"rendered":"<h2>Les paris sportifs autoris\u00e9s en Ontario<\/h2>\n<p>L'Ontario est l'un des territoires canadiens les plus progressistes en mati\u00e8re de jeux d'argent en ligne. En d'autres termes, un cadre juridique a \u00e9t\u00e9 mis en place et le lancement de sites de paris sportifs en ligne est imminent. Il y aura probablement d\u00e9j\u00e0 des dizaines de paris sportifs l\u00e9gaux en Ontario au moment o\u00f9 vous lirez ce guide.<\/p>\n<p>En d'autres termes, cela signifie que vous aurez la possibilit\u00e9 de placer des paris en ligne en toute l\u00e9galit\u00e9 sur des plateformes officiellement autoris\u00e9es et r\u00e9glement\u00e9es par la Commission des alcools et des jeux de l'Ontario.<\/p>\n<h2>Les paris sportifs en ligne sont-ils l\u00e9gaux en Ontario ?<\/h2>\n<p>La Commission des alcools et des jeux de l'Ontario a travaill\u00e9 activement \u00e0 l'\u00e9laboration d'un cadre juridique visant \u00e0 l\u00e9galiser les paris sportifs en ligne au cours des deux derni\u00e8res ann\u00e9es. Elle a commenc\u00e9 \u00e0 accepter les demandes des vendeurs en ligne en septembre 2021, et plus de 16 op\u00e9rateurs ont demand\u00e9 une licence. Le lancement officiel des paris sportifs sur le web est pr\u00e9vu pour le 4 avril.<\/p>\n<p>Si vous pr\u00e9f\u00e9rez les paris sportifs au d\u00e9tail, vous pouvez l\u00e9galement placer des paris dans les points de vente de l'Ontario Lottery and Gaming Corp.<\/p>\n<h2>Meilleurs paris sportifs en ligne licenci\u00e9s en Ontario<\/h2>\n<p>Avec la l\u00e9galisation et la r\u00e9glementation des paris sportifs en ligne, les r\u00e9sidents de l'Ontario peuvent maintenant choisir parmi plusieurs options. Notre \u00e9quipe de parieurs sportifs professionnels a d\u00e9cid\u00e9 de dresser la liste ultime des paris sportifs autoris\u00e9s en Ontario. Tous les sites sont s\u00e9curis\u00e9s, s\u00fbrs et dignes de confiance. De plus, chaque site a pass\u00e9 des tests d'\u00e9valuation stricts, offrant des cotes comp\u00e9titives et un service de premier ordre.<br \/>\n<\/p>\n<h2>Liste de tous les paris sportifs en ligne titulaires d'une licence en Ontario<\/h2>\n<p>Voici une liste de tous les paris sportifs enti\u00e8rement enregistr\u00e9s et approuv\u00e9s en Ontario qui ont re\u00e7u leur licence :<\/p>\n<table class=\"tablepress\">\n<tbody>\n<tr>\n<th>Casino<\/th>\n<th>Licenci\u00e9 en Ontario<\/th>\n<th>Application mobile iOS<\/th>\n<th>Application mobile Android<\/th>\n<\/tr>\n<tr>\n<td><a href=\"https:\/\/casinolion.ca\/fr\/visit\/sportsbook\/888sport\/\" rel=\"nofollow\">888 Sport<\/a><\/td>\n<td>Oui <i class=\"fa fa-check\"><\/i><\/td>\n<td><a href=\"https:\/\/apps.apple.com\/mt\/app\/888sport-live-sports-betting\/id530469592\">Oui<\/a> <i class=\"fa fa-check\"><\/i><\/td>\n<td><a href=\"https:\/\/play.google.com\/store\/apps\/details?id=com.rl888sport.rl&amp;hl=en_CA&amp;gl=GB\">Oui<\/a> <i class=\"fa fa-check\"><\/i><\/td>\n<\/tr>\n<tr>\n<td><a href=\"https:\/\/casinolion.ca\/fr\/visit\/sportsbook\/bet365-sportsbook\/\">Bet365<\/a><\/td>\n<td>Oui <i class=\"fa fa-check\"><\/i><\/td>\n<td><a href=\"https:\/\/apps.apple.com\/ca\/app\/bet365-sports-betting\/id1600273117\">Oui<\/a> <i class=\"fa fa-check\"><\/i><\/td>\n<td><a href=\"https:\/\/play.google.com\/store\/apps\/details?id=com.bet365Wrapper.Bet365_Application&amp;hl=en_CA&amp;gl=GB\">Oui<\/a> <i class=\"fa fa-check\"><\/i><\/td>\n<\/tr>\n<tr>\n<td><a href=\"http:\/\/www.casino.on.betmgm.ca\/\">BetMGM Sportsbook<\/a><\/td>\n<td>Oui <i class=\"fa fa-check\"><\/i><\/td>\n<td><a href=\"https:\/\/apps.apple.com\/us\/app\/betmgm-sportsbook\/id1430875409\">Oui<\/a> <i class=\"fa fa-check\"><\/i><\/td>\n<td><a href=\"https:\/\/play.google.com\/store\/apps\/details?id=com.playmgm.nj.sports&amp;hl=en_IN&amp;gl=US\">Oui<\/a> <i class=\"fa fa-check\"><\/i><\/td>\n<\/tr>\n<tr>\n<td><a href=\"http:\/\/www.coolbet.ca\/\">Coolbet<\/a><\/td>\n<td>Oui <i class=\"fa fa-check\"><\/i><\/td>\n<td>Non <i class=\"fa fa-times\"><\/i><\/td>\n<td>Non <i class=\"fa fa-times\"><\/i><\/td>\n<\/tr>\n<tr>\n<td><a href=\"https:\/\/on.betrivers.ca\/?page=sportsbook&amp;feed=featured#home\">BetRivers Sportsbook<\/a><\/td>\n<td>Oui <i class=\"fa fa-check\"><\/i><\/td>\n<td><a href=\"https:\/\/apps.apple.com\/ca\/app\/id1594144135\">Oui<\/a> <i class=\"fa fa-check\"><\/i><\/td>\n<td><a href=\"https:\/\/play.google.com\/store\/apps\/details?id=com.rush.on.ri\">Oui<\/a> <i class=\"fa fa-check\"><\/i><\/td>\n<\/tr>\n<tr>\n<td><a href=\"https:\/\/www.fanduel.com\/canada\">FanDuel<\/a><\/td>\n<td>Oui <i class=\"fa fa-check\"><\/i><\/td>\n<td><a href=\"https:\/\/apps.apple.com\/ca\/app\/fanduel-sportsbook-casino-ca\/id1586827779\">Oui<\/a> <i class=\"fa fa-check\"><\/i><\/td>\n<td><a href=\"https:\/\/play.google.com\/store\/apps\/details?id=com.fanduel.sportsbook.ca\">Oui<\/a> <i class=\"fa fa-check\"><\/i><\/td>\n<\/tr>\n<tr>\n<td><a href=\"https:\/\/sportsbook.caesars.com\/ca\/on\/bet\">Caesars Sportsbook<\/a><\/td>\n<td>Oui <i class=\"fa fa-check\"><\/i><\/td>\n<td>Non <i class=\"fa fa-times\"><\/i><\/td>\n<td>Non <i class=\"fa fa-times\"><\/i><\/td>\n<\/tr>\n<tr>\n<td><a href=\"\/fr\/visit\/leo-vegas\/\" rel=\"nofollow\">LeoVegas<\/a><\/td>\n<td>Oui <i class=\"fa fa-check\"><\/i><\/td>\n<td>Non <i class=\"fa fa-times\"><\/i><\/td>\n<td>Non <i class=\"fa fa-times\"><\/i><\/td>\n<\/tr>\n<tr>\n<td><a href=\"http:\/\/www.pointsbet.ca\/\">PointsBet<\/a><\/td>\n<td>Oui <i class=\"fa fa-check\"><\/i><\/td>\n<td><a href=\"https:\/\/apps.apple.com\/ca\/app\/pointsbet-sportsbook-casino\/id1613813063\">Oui<\/a> <i class=\"fa fa-check\"><\/i><\/td>\n<td><a href=\"https:\/\/play.google.com\/store\/apps\/details?id=com.pointsbet.ca.app\">Oui<\/a> <i class=\"fa fa-check\"><\/i><\/td>\n<\/tr>\n<tr>\n<td><a href=\"https:\/\/www.rivalry.com\/on\">Rivalit\u00e9<\/a><\/td>\n<td>Oui <i class=\"fa fa-check\"><\/i><\/td>\n<td>Non <i class=\"fa fa-times\"><\/i><\/td>\n<td>Non <i class=\"fa fa-times\"><\/i><\/td>\n<\/tr>\n<tr>\n<td><a href=\"https:\/\/on.unibet.ca\/\">UNIBET<\/a><\/td>\n<td>Oui <i class=\"fa fa-check\"><\/i><\/td>\n<td><a href=\"https:\/\/apps.apple.com\/ca\/app\/unibet-ontario-casino-sports\/id1605961705\">Oui<\/a> <i class=\"fa fa-check\"><\/i><\/td>\n<td>Non <i class=\"fa fa-times\"><\/i><\/td>\n<\/tr>\n<tr>\n<td><a href=\"http:\/\/www.thescore.bet\/\">leScore<\/a><\/td>\n<td>Oui <i class=\"fa fa-check\"><\/i><\/td>\n<td><a href=\"https:\/\/thescorebet.app.link\/4BKXa8nh9db\">Oui<\/a> <i class=\"fa fa-check\"><\/i><\/td>\n<td><a href=\"https:\/\/thescorebet.app.link\/4BKXa8nh9db\">Oui<\/a> <i class=\"fa fa-check\"><\/i><\/td>\n<\/tr>\n<tr>\n<td><a href=\"https:\/\/casinolion.ca\/fr\/review\/powerplay-casino\/\">PowerPlay<\/a><\/td>\n<td>Oui <i class=\"fa fa-check\"><\/i><\/td>\n<td>Non <i class=\"fa fa-times\"><\/i><\/td>\n<td>Non <i class=\"fa fa-times\"><\/i><\/td>\n<\/tr>\n<tr>\n<td><a href=\"https:\/\/casino.on.bwin.ca\/en-ca\/games\">Bwin<\/a><\/td>\n<td>Oui <i class=\"fa fa-check\"><\/i><\/td>\n<td>Non <i class=\"fa fa-times\"><\/i><\/td>\n<td>Non <i class=\"fa fa-times\"><\/i><\/td>\n<\/tr>\n<tr>\n<td><a href=\"https:\/\/www.on.partycasino.ca\/en-ca\">PartyCasino<\/a><\/td>\n<td>Oui <i class=\"fa fa-check\"><\/i><\/td>\n<td>Non <i class=\"fa fa-times\"><\/i><\/td>\n<td>Non <i class=\"fa fa-times\"><\/i><\/td>\n<\/tr>\n<\/tbody>\n<\/table>\n<h2>Comment choisir le meilleur site de paris sportifs en ligne ?<\/h2>\n<p>Trouver les meilleurs sites de paris en ligne de l'Ontario \u00e9tait un d\u00e9fi, maintenant que le march\u00e9 est sur le point de devenir tr\u00e8s concurrentiel et que certains des principaux op\u00e9rateurs ont re\u00e7u une licence. Notre \u00e9quipe a utilis\u00e9 une m\u00e9thode \u00e9prouv\u00e9e pour s\u00e9lectionner les meilleures plateformes. Voici les aspects auxquels nous accordons le plus d'attention lorsque nous examinons les sites de paris sportifs.<\/p>\n<ul>\n<li><strong>S\u00e9curit\u00e9 et s\u00fbret\u00e9<\/strong> - Tout d'abord, nous nous assurons que tous les sites de paris sportifs en Ontario disposent des protocoles de s\u00e9curit\u00e9 les plus r\u00e9cents afin de maximiser la protection des utilisateurs.<\/li>\n<li><strong>Bonus et promos<\/strong> - Nous comparons et analysons les bonus offerts par les paris sportifs en ligne en ON, en s\u00e9lectionnant seulement les plateformes avec les promotions les plus lucratives pour les nouveaux clients et les clients r\u00e9guliers.<\/li>\n<li><strong>Sports disponibles<\/strong> - Tout d'abord, nous nous assurons que tous les paris sportifs pr\u00e9sent\u00e9s proposent des sports populaires au Canada, notamment le hockey sur glace, le basket-ball, le football, et bien d'autres encore. Ensuite, nous comparons l'ensemble de leurs offres sportives pour nous assurer que vous pouvez parier sur des sports moins populaires.<\/li>\n<li><strong>Les chances de la concurrence<\/strong> - Certaines plateformes offrent de meilleures cotes que d'autres, et nous nous sommes assur\u00e9s que les plateformes s\u00e9lectionn\u00e9es \u00e9taient les meilleures pour les parieurs de l'Ontario.<\/li>\n<li><strong>Modes de paiement disponibles<\/strong> - Chaque plateforme pr\u00e9sent\u00e9e sur cette page accepte un \u00e9ventail de m\u00e9thodes de d\u00e9p\u00f4t et de retrait en Ontario, y compris les cartes, les portefeuilles \u00e9lectroniques, les virements bancaires, etc.<\/li>\n<li><strong>Soutien \u00e0 la client\u00e8le<\/strong> - Notre \u00e9quipe contacte toujours les \u00e9quipes d'assistance \u00e0 la client\u00e8le de tous les paris sportifs en ligne pour \u00e9valuer la qualit\u00e9 et la rapidit\u00e9 de leurs r\u00e9ponses.<\/li>\n<\/ul>\n<h2>Comment d\u00e9marrer avec un bookmaker en ligne licenci\u00e9 en Ontario ?<\/h2>\n<p>Placer votre premier pari sur le sport que vous aimez est une exp\u00e9rience passionnante, surtout si vous le faites en ligne. Si vous n'avez aucune exp\u00e9rience des paris sportifs en ligne, suivez le guide ci-dessous pour comprendre l'ensemble du processus.<\/p>\n<ol>\n<li>Consultez notre liste de paris sportifs disponibles en Ontario.<\/li>\n<li>Ouvrez celui que vous pr\u00e9f\u00e9rez et chargez-le dans votre navigateur.<\/li>\n<li>Trouvez le bouton d'inscription et compl\u00e9tez le processus d'inscription en remplissant les champs obligatoires, tels que votre nom, votre mot de passe, votre adresse \u00e9lectronique, etc.<\/li>\n<li>V\u00e9rifiez votre compte \u00e0 l'aide de votre SMS ou de votre e-mail (selon la plateforme).<\/li>\n<li>Connectez-vous \u00e0 votre compte et rendez-vous dans la section Caisse pour effectuer un d\u00e9p\u00f4t en utilisant l'une des m\u00e9thodes de paiement disponibles.<\/li>\n<li>R\u00e9clamez le bonus pour d\u00e9marrer votre exp\u00e9rience de pari en ligne.<\/li>\n<li>S\u00e9lectionnez un sport que vous aimez et commencez \u00e0 placer des paris.<\/li>\n<\/ol>\n<h2>Que peut-on attendre des sites de paris sportifs en ligne de l'Ontario ?<\/h2>\n<p>L'Ontario est un nouveau march\u00e9 de jeux d'argent en ligne, mais les op\u00e9rateurs qui proposent leurs services aux parieurs le connaissent d\u00e9j\u00e0 un peu et savent ce qu'ils peuvent offrir aux Canadiens.<\/p>\n<p>Tout d'abord, nous pouvons nous attendre \u00e0 des bonus de bienvenue lucratifs, en particulier au cours des deux premiers mois suivant le lancement des paris sportifs en ligne. \u00c9tant donn\u00e9 que de nombreux op\u00e9rateurs ont demand\u00e9 une licence et que le nombre de parieurs est limit\u00e9, ils doivent trouver un moyen d'attirer les utilisateurs. Les bonus sont la m\u00e9thode \u00e9prouv\u00e9e pour cela, et nous pouvons nous attendre \u00e0 une concurrence acharn\u00e9e entre les op\u00e9rateurs. Si vous souhaitez rejoindre un site de paris en ligne en Ontario, il n'y a pas de meilleur moment que maintenant. Bien entendu, rien ne vous emp\u00eache de vous inscrire sur plusieurs sites \u00e0 la fois.<\/p>\n<p>Deuxi\u00e8mement, nous nous attendons \u00e0 ce que toutes les plateformes disposent d'une application mobile ou soient tr\u00e8s bien optimis\u00e9es pour les navigateurs mobiles. Vous trouverez probablement des applications distinctes pour les appareils iOS et Android et les utiliserez pour placer des paris en d\u00e9placement.<\/p>\n<p>Troisi\u00e8mement, les sites de paris en ligne proposent g\u00e9n\u00e9ralement des offres sp\u00e9ciales et des promotions pour les \u00e9v\u00e9nements sportifs populaires. Dans le cas de l'Ontario, on peut s'attendre \u00e0 ce que les sites de paris en ligne proposent diverses offres pendant la NBA, la NHL et d'autres comp\u00e9titions populaires.<\/p>\n<p>Enfin, nous pouvons nous attendre \u00e0 ce que les sites de paris \u00e9voluent avec le temps et s'adaptent davantage au march\u00e9, car les paris sportifs l\u00e9gaux en Ontario sont encore jeunes et sont susceptibles de se d\u00e9velopper rapidement.<\/p>\n<h2>R\u00e9flexions finales<\/h2>\n<p>C'est une p\u00e9riode passionnante pour les amateurs de paris sportifs de l'Ontario, car le territoire est sur le point de lancer des paris sportifs en ligne l\u00e9gaux et r\u00e9glement\u00e9s. De nombreux op\u00e9rateurs proposent un large \u00e9ventail de sports \u00e0 des cotes comp\u00e9titives et ont pr\u00e9par\u00e9 des bonus lucratifs.<\/p>\n<h2>FAQ<\/h2>\n<h3>Les paris sportifs en ligne sont-ils l\u00e9gaux en Ontario ?<\/h3>\n<p>Oui, les paris sportifs en ligne sont l\u00e9gaux et r\u00e9glement\u00e9s en Ontario, et de nombreux op\u00e9rateurs ont re\u00e7u des licences pour offrir leurs services aux parieurs d'Ontario.<\/p>\n<h3>Les paris sportifs en ligne de l'Ontario sont-ils s\u00fbrs ?<\/h3>\n<p>Tous les paris sportifs en ligne pr\u00e9sent\u00e9s sur cette page utilisent les protocoles de s\u00e9curit\u00e9 les plus r\u00e9cents et sont agr\u00e9\u00e9s par la Commission des alcools et des jeux de l'Ontario. Ils sont donc tous s\u00fbrs et s\u00e9curis\u00e9s.<\/p>\n<h3>Puis-je parier avec de l'argent r\u00e9el dans les paris sportifs en ligne ON ?<\/h3>\n<p>Oui, c'est possible. Tous les sites de paris sportifs autorisent les paris sportifs en argent r\u00e9el.<\/p>\n<h3>Les paris sportifs en ligne en Ontario offrent-ils des bonus ?<\/h3>\n<p>Oui, tous les paris sportifs offrent un bonus de bienvenue, ainsi que des promotions continues pour les clients r\u00e9guliers.<\/p>\n<h2>Articles connexes<\/h2>\n<ul>\n<li><a href=\"https:\/\/casinolion.ca\/fr\/ontario-casinos\/\">Casinos terrestres de l'Ontario<\/a><\/li>\n<li><a href=\"https:\/\/casinolion.ca\/fr\/online-gambling-in-ontario\/\">Casinos en ligne autoris\u00e9s en Ontario<\/a><\/li>\n<\/ul>","protected":false},"excerpt":{"rendered":"<p>Les paris sportifs autoris\u00e9s en Ontario L'Ontario est l'un des territoires canadiens les plus progressistes en mati\u00e8re de jeux d'argent en ligne. En d'autres termes, un cadre juridique a \u00e9t\u00e9 mis en place et le lancement de sites de paris sportifs en ligne est imminent. Il y aura probablement d\u00e9j\u00e0 des douzaines de paris sportifs l\u00e9gaux en Ontario au moment o\u00f9 vous [...]<\/p>","protected":false},"author":1,"featured_media":0,"parent":0,"menu_order":0,"comment_status":"closed","ping_status":"closed","template":"","meta":{"_acf_changed":false,"footnotes":""},"class_list":["post-12139","page","type-page","status-publish","hentry"],"acf":[],"yoast_head":"<!-- This site is optimized with the Yoast SEO plugin v26.1.1 - https:\/\/yoast.com\/wordpress\/plugins\/seo\/ -->\n<title>Online Sports Betting in Ontario - Best Betting Sites in 2023<\/title>\n<meta name=\"robots\" content=\"index, follow, max-snippet:-1, max-image-preview:large, max-video-preview:-1\" \/>\n<link rel=\"canonical\" href=\"https:\/\/casinolion.ca\/fr\/ontario-sportsbooks\/\" \/>\n<meta property=\"og:locale\" content=\"fr_CA\" \/>\n<meta property=\"og:type\" content=\"article\" \/>\n<meta property=\"og:title\" content=\"Online Sports Betting in Ontario - Best Betting Sites in 2023\" \/>\n<meta property=\"og:description\" content=\"Licensed Sports Betting in Ontario Ontario is one of the most progressive Canadian territories in terms of online gambling. In other words, there\u2019s a legal framework in place, and the launch of online sports betting sites is around the corner. There will probably already be dozens of legal Ontario sportsbooks operating by the time you [&hellip;]\" \/>\n<meta property=\"og:url\" content=\"https:\/\/casinolion.ca\/fr\/ontario-sportsbooks\/\" \/>\n<meta property=\"article:modified_time\" content=\"2025-11-27T04:20:40+00:00\" \/>\n<meta name=\"twitter:card\" content=\"summary_large_image\" \/>\n<meta name=\"twitter:label1\" content=\"Estimation du temps de lecture\" \/>\n\t<meta name=\"twitter:data1\" content=\"5 minutes\" \/>\n<script type=\"application\/ld+json\" class=\"yoast-schema-graph\">{\"@context\":\"https:\/\/schema.org\",\"@graph\":[{\"@type\":\"WebPage\",\"@id\":\"https:\/\/casinolion.ca\/ontario-sportsbooks\/\",\"url\":\"https:\/\/casinolion.ca\/ontario-sportsbooks\/\",\"name\":\"Online Sports Betting in Ontario - Best Betting Sites in 2023\",\"isPartOf\":{\"@id\":\"https:\/\/casinolion.ca\/fr\/#website\"},\"datePublished\":\"2020-10-08T06:31:34+00:00\",\"dateModified\":\"2025-11-27T04:20:40+00:00\",\"breadcrumb\":{\"@id\":\"https:\/\/casinolion.ca\/ontario-sportsbooks\/#breadcrumb\"},\"inLanguage\":\"fr-CA\",\"potentialAction\":[{\"@type\":\"ReadAction\",\"target\":[\"https:\/\/casinolion.ca\/ontario-sportsbooks\/\"]}]},{\"@type\":\"BreadcrumbList\",\"@id\":\"https:\/\/casinolion.ca\/ontario-sportsbooks\/#breadcrumb\",\"itemListElement\":[{\"@type\":\"ListItem\",\"position\":1,\"name\":\"Home\",\"item\":\"https:\/\/casinolion.ca\/\"},{\"@type\":\"ListItem\",\"position\":2,\"name\":\"Ontario Sportsbooks\"}]},{\"@type\":\"WebSite\",\"@id\":\"https:\/\/casinolion.ca\/fr\/#website\",\"url\":\"https:\/\/casinolion.ca\/fr\/\",\"name\":\"\",\"description\":\"\",\"potentialAction\":[{\"@type\":\"SearchAction\",\"target\":{\"@type\":\"EntryPoint\",\"urlTemplate\":\"https:\/\/casinolion.ca\/fr\/?s={search_term_string}\"},\"query-input\":{\"@type\":\"PropertyValueSpecification\",\"valueRequired\":true,\"valueName\":\"search_term_string\"}}],\"inLanguage\":\"fr-CA\"}]}<\/script>\n<!-- \/ Yoast SEO plugin. -->","yoast_head_json":{"title":"Paris sportifs en ligne en Ontario - Meilleurs sites de paris en 2023","robots":{"index":"index","follow":"follow","max-snippet":"max-snippet:-1","max-image-preview":"max-image-preview:large","max-video-preview":"max-video-preview:-1"},"canonical":"https:\/\/casinolion.ca\/fr\/ontario-sportsbooks\/","og_locale":"fr_CA","og_type":"article","og_title":"Online Sports Betting in Ontario - Best Betting Sites in 2023","og_description":"Licensed Sports Betting in Ontario Ontario is one of the most progressive Canadian territories in terms of online gambling. In other words, there\u2019s a legal framework in place, and the launch of online sports betting sites is around the corner. There will probably already be dozens of legal Ontario sportsbooks operating by the time you [&hellip;]","og_url":"https:\/\/casinolion.ca\/fr\/ontario-sportsbooks\/","article_modified_time":"2025-11-27T04:20:40+00:00","twitter_card":"summary_large_image","twitter_misc":{"Estimation du temps de lecture":"5 minutes"},"schema":{"@context":"https:\/\/schema.org","@graph":[{"@type":"WebPage","@id":"https:\/\/casinolion.ca\/ontario-sportsbooks\/","url":"https:\/\/casinolion.ca\/ontario-sportsbooks\/","name":"Paris sportifs en ligne en Ontario - Meilleurs sites de paris en 2023","isPartOf":{"@id":"https:\/\/casinolion.ca\/fr\/#website"},"datePublished":"2020-10-08T06:31:34+00:00","dateModified":"2025-11-27T04:20:40+00:00","breadcrumb":{"@id":"https:\/\/casinolion.ca\/ontario-sportsbooks\/#breadcrumb"},"inLanguage":"fr-CA","potentialAction":[{"@type":"ReadAction","target":["https:\/\/casinolion.ca\/ontario-sportsbooks\/"]}]},{"@type":"BreadcrumbList","@id":"https:\/\/casinolion.ca\/ontario-sportsbooks\/#breadcrumb","itemListElement":[{"@type":"ListItem","position":1,"name":"Home","item":"https:\/\/casinolion.ca\/"},{"@type":"ListItem","position":2,"name":"Ontario Sportsbooks"}]},{"@type":"WebSite","@id":"https:\/\/casinolion.ca\/fr\/#website","url":"https:\/\/casinolion.ca\/fr\/","name":"","description":"","potentialAction":[{"@type":"SearchAction","target":{"@type":"EntryPoint","urlTemplate":"https:\/\/casinolion.ca\/fr\/?s={search_term_string}"},"query-input":{"@type":"PropertyValueSpecification","valueRequired":true,"valueName":"search_term_string"}}],"inLanguage":"fr-CA"}]}},"_links":{"self":[{"href":"https:\/\/casinolion.ca\/fr\/wp-json\/wp\/v2\/pages\/12139","targetHints":{"allow":["GET"]}}],"collection":[{"href":"https:\/\/casinolion.ca\/fr\/wp-json\/wp\/v2\/pages"}],"about":[{"href":"https:\/\/casinolion.ca\/fr\/wp-json\/wp\/v2\/types\/page"}],"author":[{"embeddable":true,"href":"https:\/\/casinolion.ca\/fr\/wp-json\/wp\/v2\/users\/1"}],"replies":[{"embeddable":true,"href":"https:\/\/casinolion.ca\/fr\/wp-json\/wp\/v2\/comments?post=12139"}],"version-history":[{"count":0,"href":"https:\/\/casinolion.ca\/fr\/wp-json\/wp\/v2\/pages\/12139\/revisions"}],"wp:attachment":[{"href":"https:\/\/casinolion.ca\/fr\/wp-json\/wp\/v2\/media?parent=12139"}],"curies":[{"name":"wp","href":"https:\/\/api.w.org\/{rel}","templated":true}]}}