
{"id":12140,"date":"2020-10-08T06:34:51","date_gmt":"2020-10-08T06:34:51","guid":{"rendered":"https:\/\/www.canadiancasinos.ca\/?page_id=12140"},"modified":"2024-01-03T07:41:06","modified_gmt":"2024-01-03T07:41:06","slug":"prince-edward-island-sportsbooks","status":"publish","type":"page","link":"https:\/\/casinolion.ca\/fr\/prince-edward-island-sportsbooks\/","title":{"rendered":"\u00cele-du-Prince-\u00c9douard Sportsbooks"},"content":{"rendered":"<h2>Les paris sportifs dans l'\u00cele-du-Prince-\u00c9douard<\/h2>\n<p>L'\u00cele-du-Prince-\u00c9douard est la plus petite province canadienne en termes de population et de superficie. Toutefois, cela ne signifie pas qu'il y a moins de r\u00e9sidents int\u00e9ress\u00e9s par les paris sportifs en ligne que dans les autres provinces canadiennes.<\/p>\n<p>Le sport repr\u00e9sente une part importante des activit\u00e9s de loisirs des Canadiens, ce qui signifie que l'\u00cele-du-Prince-\u00c9douard est remplie de fervents amateurs de sport. Et comme nous vivons \u00e0 l'\u00e8re moderne, il n'est pas surprenant que la majorit\u00e9 de ces fans soient int\u00e9ress\u00e9s par les paris sportifs depuis le confort de leur domicile.<\/p>\n<p>C'est pourquoi nous avons pris l'initiative de passer en revue le cadre juridique des paris sportifs dans cette province et d'en comprendre le fonctionnement. Pour en savoir plus, continuez \u00e0 lire !<\/p>\n<h2>Sites de paris sportifs pour Prince Edward Island<\/h2>\n<p><\/p>\n<h2>Les paris sportifs sont-ils l\u00e9gaux \u00e0 l'\u00cele-du-Prince-\u00c9douard ?<\/h2>\n<p>Selon les lois en vigueur, toutes les formes de jeux d'argent en ligne \u00e0 l'\u00cele-du-Prince-\u00c9douard, y compris les paris sportifs, sont supervis\u00e9es par la Soci\u00e9t\u00e9 des loteries de l'Atlantique (Atlantic Lottery Corporation). Chaque province canadienne est libre d'adopter ses propres lois sur les jeux d'argent en vertu de l'article 207 du code p\u00e9nal canadien, pour autant qu'elles soient conformes au code p\u00e9nal.<\/p>\n<p>Les parieurs sportifs assidus qui pr\u00e9f\u00e8rent rester du c\u00f4t\u00e9 l\u00e9gal des jeux d'argent devraient s'en tenir aux sites de paris propos\u00e9s par des op\u00e9rateurs agr\u00e9\u00e9s tels que l'Atlantic Lottery Corporation. Cette soci\u00e9t\u00e9 a \u00e9t\u00e9 fond\u00e9e en 1976, l'ann\u00e9e m\u00eame o\u00f9 la loi sur la Commission des loteries a \u00e9t\u00e9 approuv\u00e9e, autorisant la l\u00e9galisation des loteries, des salles de bingo et des casinos.<\/p>\n<p>La SLA est d\u00e9tenue conjointement par Terre-Neuve-et-Labrador, la Nouvelle-\u00c9cosse, le Nouveau-Brunswick et l'\u00cele-du-Prince-\u00c9douard. Elle est consid\u00e9r\u00e9e comme l'une des meilleures soci\u00e9t\u00e9s au Canada et comme la meilleure autorit\u00e9 provinciale en mati\u00e8re de jeux de hasard.<\/p>\n<p>En ce qui concerne les paris sportifs et leur l\u00e9galit\u00e9, il existe quelques r\u00e8gles que les parieurs doivent respecter afin d'\u00e9viter les cons\u00e9quences juridiques. Sport Select, ou Pro-Line comme on l'appelle au Canada atlantique, est le site de paris sportifs le plus populaire de l'\u00cele-du-Prince-\u00c9douard. Les parieurs peuvent parier sur les d\u00e9passements de limites, les accessoires, les poules et les \u00e9carts.<\/p>\n<p>N'oubliez pas que les joueurs doivent \u00eatre \u00e2g\u00e9s d'au moins 19 ans pour placer des paris en ligne sur un site de paris sportifs l\u00e9gal de l'\u00cele-du-Prince-\u00c9douard.<\/p>\n<h2>Comment fonctionnent les paris sportifs \u00e0 l'\u00cele-du-Prince-\u00c9douard ?<\/h2>\n<p>Les joueurs qui souhaitent placer des paris en ligne sur leurs joueurs ou \u00e9quipes sportives pr\u00e9f\u00e9r\u00e9s doivent passer par le site de la Soci\u00e9t\u00e9 des loteries de l'Atlantique (Atlantic Lottery Corporation). <a href=\"https:\/\/www.alc.ca\/content\/alc\/en.html\">site web<\/a> d'abord.<\/p>\n<p>Une fois que vous aurez cr\u00e9\u00e9 un compte, que vous vous serez enregistr\u00e9 et que vous aurez confirm\u00e9 que vous \u00eates r\u00e9sident de l'\u00cele-du-Prince-\u00c9douard, vous pourrez effectuer des paris en ligne sans aucune restriction l\u00e9gale. Cependant, vous devrez fournir une pi\u00e8ce d'identit\u00e9 prouvant que vous avez l'\u00e2ge l\u00e9gal pour jouer.<\/p>\n<p>Notez que vous ne serez pas autoris\u00e9 \u00e0 parier sur un seul \u00e9v\u00e9nement. C'est une pratique courante dans de nombreuses provinces canadiennes et avec les services Pro-Line.<\/p>\n<p>Sans surprise, les joueurs peuvent s'attendre \u00e0 de meilleures cotes que sur d'autres sites de paris internationaux. L'avantage de la maison pour les paris en ligne, y compris toutes les limitations et r\u00e8gles, est de 30%, ce qui est consid\u00e9r\u00e9 comme \u00e9lev\u00e9 pour les paris sportifs en ligne.<\/p>\n<p>Les r\u00e9sidents de l'\u00cele-du-Prince-\u00c9douard peuvent placer des paris en ligne sur les paris suivants :<\/p>\n<ul>\n<li><strong>Pro-Line<\/strong> - Le pari en ligne est le plus courant parmi les r\u00e9sidents de l'\u00cele-du-Prince-\u00c9douard. Le parieur peut s\u00e9lectionner jusqu'\u00e0 huit matchs sur un ticket de pari (tous les paris doivent \u00eatre corrects pour que la pari soit r\u00e9ussi). Le parieur peut combiner des matchs de basket-ball universitaire, de basket-ball professionnel, de football universitaire, de football professionnel, de hockey, de football et de base-ball avec une mise maximale de C$25.<\/li>\n<li><strong>Pro-Line Futures<\/strong> - Un pari \u00e0 terme pro-line consiste \u00e0 pr\u00e9dire le vainqueur de l'ensemble d'un tournoi, d'une comp\u00e9tition ou d'un championnat avant qu'il ne commence. La mise minimale est C$2, tandis que la mise maximale est C$100.<\/li>\n<li><strong>Pro-Line Fantasy <\/strong>- Un autre pari pro-line o\u00f9 vous pouvez m\u00e9langer et assortir jusqu'\u00e0 cinq propositions de paris pour des joueurs ou des \u00e9quipes.<\/li>\n<li><strong>Pro-Line Stadium Picks <\/strong>- Un pari o\u00f9 vous jouez pour gagner des points en devinant le bon gagnant. Vous devrez suivre le tableau d'affichage avec les autres joueurs pour savoir si vous obtiendrez une part de la cagnotte.<\/li>\n<li><strong>Pari sur le stade <\/strong>- Un autre pari o\u00f9 vous pouvez choisir jusqu'\u00e0 huit s\u00e9lections dans trois styles diff\u00e9rents (ligne d'argent, \u00e9carts de points, totaux de points). La mise minimale est C$2, tandis que la mise maximale est C$250.<\/li>\n<\/ul>\n<p>En d\u00e9cidant de rester du c\u00f4t\u00e9 l\u00e9gal des paris \u00e0 l'\u00cele-du-Prince-\u00c9douard, vous aurez la possibilit\u00e9 de parier non seulement sur les sports les plus populaires au Canada, comme le hockey, le football et le basket-ball, mais aussi sur les courses de chevaux au pari mutuel et les jeux fantastiques.<\/p>\n<h2>Les sites de paris sportifs offshore sont-ils ill\u00e9gaux \u00e0 l'\u00cele-du-Prince-\u00c9douard ?<\/h2>\n<p>Tout comme dans les autres provinces canadiennes, la l\u00e9galit\u00e9 des paris sportifs offshore n'est pas tout \u00e0 fait claire. \u00c0 l'heure actuelle, il n'existe aucune loi ou r\u00e9glementation concr\u00e8te concernant les paris sportifs offshore \u00e0 l'\u00cele-du-Prince-\u00c9douard, ce qui signifie que les joueurs peuvent acc\u00e9der \u00e0 ces sites et s'y inscrire sans aucune cons\u00e9quence.<\/p>\n<p>Toutefois, les joueurs doivent \u00eatre prudents lorsqu'ils choisissent un site de paris sportifs internationaux, car un manque de prudence peut entra\u00eener des r\u00e9sultats ind\u00e9sirables. Veillez donc \u00e0 n'acc\u00e9der qu'\u00e0 des sites de paris sportifs internationaux l\u00e9gitimes et r\u00e9glement\u00e9s - recherchez les sceaux d'approbation de l'UKGC, du MGA, de l'eCuracao, de Gibraltar et d'autres juridictions de jeux d'argent. Restez du c\u00f4t\u00e9 s\u00fbr des jeux d'argent en ligne en utilisant des sites de paris sportifs l\u00e9gitimes et s\u00e9curis\u00e9s ou en vous en tenant au syst\u00e8me de paris de la SLA.<\/p>\n<h2>Articles connexes<\/h2>\n<ul>\n<li><a href=\"https:\/\/casinolion.ca\/fr\/prince-edward-island-casinos\/\">Casinos de l'\u00cele-du-Prince-\u00c9douard<\/a><\/li>\n<\/ul>","protected":false},"excerpt":{"rendered":"<p>Les paris sportifs \u00e0 l'\u00cele-du-Prince-\u00c9douard L'\u00cele-du-Prince-\u00c9douard est la plus petite province canadienne en termes de population et de superficie. Cependant, cela ne signifie pas qu'il y a moins de r\u00e9sidents int\u00e9ress\u00e9s par les paris sportifs en ligne que dans les autres provinces canadiennes. Les sports repr\u00e9sentent une grande partie des activit\u00e9s de loisirs des Canadiens, ce qui signifie que l'\u00cele-du-Prince-\u00c9douard [...]<\/p>","protected":false},"author":1,"featured_media":0,"parent":0,"menu_order":0,"comment_status":"closed","ping_status":"closed","template":"","meta":{"_acf_changed":false,"footnotes":""},"class_list":["post-12140","page","type-page","status-publish","hentry"],"acf":[],"yoast_head":"<!-- This site is optimized with the Yoast SEO plugin v26.1.1 - https:\/\/yoast.com\/wordpress\/plugins\/seo\/ -->\n<title>Online Sports Betting in Prince Edward Island - Best Sportsbooks in 2026<\/title>\n<meta name=\"robots\" content=\"index, follow, max-snippet:-1, max-image-preview:large, max-video-preview:-1\" \/>\n<link rel=\"canonical\" href=\"https:\/\/casinolion.ca\/fr\/prince-edward-island-sportsbooks\/\" \/>\n<meta property=\"og:locale\" content=\"fr_CA\" \/>\n<meta property=\"og:type\" content=\"article\" \/>\n<meta property=\"og:title\" content=\"Online Sports Betting in Prince Edward Island - Best Sportsbooks in [year]\" \/>\n<meta property=\"og:description\" content=\"Sports Betting in Prince Edward Island Prince Edward Island is the smallest Canadian province when talking about both the population and land area. However, that doesn\u2019t mean there are fewer residents interested in online sports betting compared to other Canadian provinces. Sports represent a huge part of Canadians\u2019 free-time activities, meaning that Prince Edward Island [&hellip;]\" \/>\n<meta property=\"og:url\" content=\"https:\/\/casinolion.ca\/fr\/prince-edward-island-sportsbooks\/\" \/>\n<meta property=\"article:modified_time\" content=\"2024-01-03T07:41:06+00:00\" \/>\n<meta name=\"twitter:card\" content=\"summary_large_image\" \/>\n<meta name=\"twitter:label1\" content=\"Estimation du temps de lecture\" \/>\n\t<meta name=\"twitter:data1\" content=\"4 minutes\" \/>\n<script type=\"application\/ld+json\" class=\"yoast-schema-graph\">{\"@context\":\"https:\/\/schema.org\",\"@graph\":[{\"@type\":\"WebPage\",\"@id\":\"https:\/\/casinolion.ca\/prince-edward-island-sportsbooks\/\",\"url\":\"https:\/\/casinolion.ca\/prince-edward-island-sportsbooks\/\",\"name\":\"Online Sports Betting in Prince Edward Island - Best Sportsbooks in [year]\",\"isPartOf\":{\"@id\":\"https:\/\/casinolion.ca\/fr\/#website\"},\"datePublished\":\"2020-10-08T06:34:51+00:00\",\"dateModified\":\"2024-01-03T07:41:06+00:00\",\"breadcrumb\":{\"@id\":\"https:\/\/casinolion.ca\/prince-edward-island-sportsbooks\/#breadcrumb\"},\"inLanguage\":\"fr-CA\",\"potentialAction\":[{\"@type\":\"ReadAction\",\"target\":[\"https:\/\/casinolion.ca\/prince-edward-island-sportsbooks\/\"]}]},{\"@type\":\"BreadcrumbList\",\"@id\":\"https:\/\/casinolion.ca\/prince-edward-island-sportsbooks\/#breadcrumb\",\"itemListElement\":[{\"@type\":\"ListItem\",\"position\":1,\"name\":\"Home\",\"item\":\"https:\/\/casinolion.ca\/\"},{\"@type\":\"ListItem\",\"position\":2,\"name\":\"Prince Edward Island Sportsbooks\"}]},{\"@type\":\"WebSite\",\"@id\":\"https:\/\/casinolion.ca\/fr\/#website\",\"url\":\"https:\/\/casinolion.ca\/fr\/\",\"name\":\"\",\"description\":\"\",\"potentialAction\":[{\"@type\":\"SearchAction\",\"target\":{\"@type\":\"EntryPoint\",\"urlTemplate\":\"https:\/\/casinolion.ca\/fr\/?s={search_term_string}\"},\"query-input\":{\"@type\":\"PropertyValueSpecification\",\"valueRequired\":true,\"valueName\":\"search_term_string\"}}],\"inLanguage\":\"fr-CA\"}]}<\/script>\n<!-- \/ Yoast SEO plugin. -->","yoast_head_json":{"title":"Online Sports Betting in Prince Edward Island - Meilleurs paris sportifs en 2026","robots":{"index":"index","follow":"follow","max-snippet":"max-snippet:-1","max-image-preview":"max-image-preview:large","max-video-preview":"max-video-preview:-1"},"canonical":"https:\/\/casinolion.ca\/fr\/prince-edward-island-sportsbooks\/","og_locale":"fr_CA","og_type":"article","og_title":"Online Sports Betting in Prince Edward Island - Best Sportsbooks in [year]","og_description":"Sports Betting in Prince Edward Island Prince Edward Island is the smallest Canadian province when talking about both the population and land area. However, that doesn\u2019t mean there are fewer residents interested in online sports betting compared to other Canadian provinces. Sports represent a huge part of Canadians\u2019 free-time activities, meaning that Prince Edward Island [&hellip;]","og_url":"https:\/\/casinolion.ca\/fr\/prince-edward-island-sportsbooks\/","article_modified_time":"2024-01-03T07:41:06+00:00","twitter_card":"summary_large_image","twitter_misc":{"Estimation du temps de lecture":"4 minutes"},"schema":{"@context":"https:\/\/schema.org","@graph":[{"@type":"WebPage","@id":"https:\/\/casinolion.ca\/prince-edward-island-sportsbooks\/","url":"https:\/\/casinolion.ca\/prince-edward-island-sportsbooks\/","name":"Online Sports Betting in Prince Edward Island - Best Sportsbooks in [year] (paris sportifs en ligne en \u00cele-du-Prince-\u00c9douard)","isPartOf":{"@id":"https:\/\/casinolion.ca\/fr\/#website"},"datePublished":"2020-10-08T06:34:51+00:00","dateModified":"2024-01-03T07:41:06+00:00","breadcrumb":{"@id":"https:\/\/casinolion.ca\/prince-edward-island-sportsbooks\/#breadcrumb"},"inLanguage":"fr-CA","potentialAction":[{"@type":"ReadAction","target":["https:\/\/casinolion.ca\/prince-edward-island-sportsbooks\/"]}]},{"@type":"BreadcrumbList","@id":"https:\/\/casinolion.ca\/prince-edward-island-sportsbooks\/#breadcrumb","itemListElement":[{"@type":"ListItem","position":1,"name":"Home","item":"https:\/\/casinolion.ca\/"},{"@type":"ListItem","position":2,"name":"Prince Edward Island Sportsbooks"}]},{"@type":"WebSite","@id":"https:\/\/casinolion.ca\/fr\/#website","url":"https:\/\/casinolion.ca\/fr\/","name":"","description":"","potentialAction":[{"@type":"SearchAction","target":{"@type":"EntryPoint","urlTemplate":"https:\/\/casinolion.ca\/fr\/?s={search_term_string}"},"query-input":{"@type":"PropertyValueSpecification","valueRequired":true,"valueName":"search_term_string"}}],"inLanguage":"fr-CA"}]}},"_links":{"self":[{"href":"https:\/\/casinolion.ca\/fr\/wp-json\/wp\/v2\/pages\/12140","targetHints":{"allow":["GET"]}}],"collection":[{"href":"https:\/\/casinolion.ca\/fr\/wp-json\/wp\/v2\/pages"}],"about":[{"href":"https:\/\/casinolion.ca\/fr\/wp-json\/wp\/v2\/types\/page"}],"author":[{"embeddable":true,"href":"https:\/\/casinolion.ca\/fr\/wp-json\/wp\/v2\/users\/1"}],"replies":[{"embeddable":true,"href":"https:\/\/casinolion.ca\/fr\/wp-json\/wp\/v2\/comments?post=12140"}],"version-history":[{"count":0,"href":"https:\/\/casinolion.ca\/fr\/wp-json\/wp\/v2\/pages\/12140\/revisions"}],"wp:attachment":[{"href":"https:\/\/casinolion.ca\/fr\/wp-json\/wp\/v2\/media?parent=12140"}],"curies":[{"name":"wp","href":"https:\/\/api.w.org\/{rel}","templated":true}]}}