
{"id":12141,"date":"2020-10-08T06:37:34","date_gmt":"2020-10-08T06:37:34","guid":{"rendered":"https:\/\/www.canadiancasinos.ca\/?page_id=12141"},"modified":"2024-01-03T07:40:16","modified_gmt":"2024-01-03T07:40:16","slug":"quebec-sportsbooks","status":"publish","type":"page","link":"https:\/\/casinolion.ca\/fr\/quebec-sportsbooks\/","title":{"rendered":"Les sites de paris sportifs du Qu\u00e9bec"},"content":{"rendered":"<h2>Les paris sportifs au Qu\u00e9bec<\/h2>\n<p>Le Qu\u00e9bec est la deuxi\u00e8me plus grande province du Canada et l'une des premi\u00e8res \u00e0 l\u00e9galiser diff\u00e9rentes formes de jeux d'argent, y compris les paris sportifs. Le Qu\u00e9bec abrite plusieurs \u00e9quipes de la ligue majeure, comme les Canadiens de Montr\u00e9al dans la LNH, les Alouettes de Montr\u00e9al dans la LCF, ainsi que de nombreuses autres \u00e9quipes \u00e0 succ\u00e8s ; on peut donc dire qu'il s'agit d'un v\u00e9ritable centre sportif. Il est donc facile de comprendre pourquoi les paris sportifs sont si importants au Qu\u00e9bec.<\/p>\n<p>Pour en savoir plus sur le cadre juridique des paris sportifs au Qu\u00e9bec, sur les formes de paris sportifs disponibles dans cette province francophone et sur leur fonctionnement, lisez la suite !<\/p>\n<h2>Sites de paris sportifs pour le Qu\u00e9bec<\/h2>\n<p><\/p>\n<h2>Cadre juridique des jeux de hasard au Qu\u00e9bec - Les paris sportifs sont-ils l\u00e9gaux ?<\/h2>\n<p>Selon les lois et r\u00e8glements, les paris sportifs, tout comme les jeux de casino, la loterie et les autres formes de jeu, sont enti\u00e8rement l\u00e9gaux et supervis\u00e9s par la R\u00e9gie des Alcools, des Courses et des Jeux du Qu\u00e9bec, qui est l'organisme de r\u00e9gulation des jeux de hasard de la province.<\/p>\n<p>La commission des loteries de Loto-Qu\u00e9bec est l'unique propri\u00e9taire des paris sportifs l\u00e9gaux au Qu\u00e9bec, ainsi que des jeux de casino, de la loterie et d'autres formes de jeu. Loto-Qu\u00e9bec a \u00e9t\u00e9 cr\u00e9\u00e9e en 1970, lorsque le code p\u00e9nal canadien a \u00e9t\u00e9 modifi\u00e9 pour permettre aux provinces de d\u00e9cider de l\u00e9galiser ou non les jeux d'argent. Ce qui \u00e9tait \u00e0 l'origine une soci\u00e9t\u00e9 de loterie est aujourd'hui le plus grand fournisseur de jeux d'argent de la province.<\/p>\n<p>Les lois qu\u00e9b\u00e9coises sur les paris sportifs sont \u00e0 peu pr\u00e8s les m\u00eames que celles des autres provinces, comme l'interdiction de parier sur un seul match, de sorte que tous les paris sportifs doivent se faire sous forme de paris mutuels et comporter au moins deux s\u00e9lections et pas plus de huit sur un m\u00eame bulletin de paris.<\/p>\n<p>En outre, les joueurs doivent \u00eatre \u00e2g\u00e9s d'au moins 18 ans pour placer des paris dans l'une des boutiques de paris situ\u00e9es dans tout le Qu\u00e9bec ou en ligne.<\/p>\n<h2>Comment fonctionnent les paris sportifs au Qu\u00e9bec ?<\/h2>\n<p>Les paris sportifs au Qu\u00e9bec sont mieux connus sous le nom de Mise-O-Jeu. Les parieurs peuvent miser sur leurs \u00e9quipes et joueurs pr\u00e9f\u00e9r\u00e9s dans de nombreuses boutiques de loterie locales autoris\u00e9es ou en ligne \u00e0 l'adresse suivante <a href=\"https:\/\/miseojeuplus.espacejeux.com\/\">https:\/\/miseojeuplus.espacejeux.com\/<\/a>, qui est le site officiel de Loto-Qu\u00e9bec pour les paris sportifs en ligne.<\/p>\n<p>Les joueurs qui choisissent de jouer \u00e0 Mise-O-Jeu en ligne doivent d'abord ouvrir un compte et v\u00e9rifier qu'ils r\u00e9sident au Qu\u00e9bec. Le site a \u00e9t\u00e9 r\u00e9cemment mis \u00e0 jour et comprend d\u00e9sormais l'option de paris en direct et une option d'encaissement.<\/p>\n<p>La majorit\u00e9 des paris sont plac\u00e9s sur le football am\u00e9ricain et canadien, le hockey, le snooker, le football, le tennis et le baseball. Cependant, l'offre compl\u00e8te comprend pr\u00e8s de 20 sports diff\u00e9rents, la vari\u00e9t\u00e9 est donc au rendez-vous.<\/p>\n<p>Comme nous l'avons mentionn\u00e9 pr\u00e9c\u00e9demment, les joueurs ont droit uniquement \u00e0 des paris de type \"parlay\", avec au moins 2 s\u00e9lections sur un ticket de pari et pas plus de 8. Le pari minimum qui peut \u00eatre plac\u00e9 par ticket de Mise-O-Jeu est C$2, tandis que le maximum est C$100. Le gain maximum est fix\u00e9 \u00e0 C$250,000.<\/p>\n<p>Les paris les plus populaires des Qu\u00e9b\u00e9cois sont les suivants :<\/p>\n<ul>\n<li><strong>Gagnant d'un match ou d'un \u00e9v\u00e9nement avec 2 r\u00e9sultats<\/strong> - les parieurs parient sur le vainqueur du match ou de la partie, mais ne peuvent pas parier sur le fait que le match se terminera par un match nul<\/li>\n<li><strong>Gagnant d'un match ou d'un \u00e9v\u00e9nement avec 3 r\u00e9sultats<\/strong> - Ce type de pari permet aux parieurs de pr\u00e9dire non seulement le vainqueur du match, mais aussi de parier sur un match nul.<\/li>\n<li><strong>Parions sur l'\u00e9cart<\/strong> - Dans les paris sur les \u00e9carts, les parieurs ne pr\u00e9disent pas seulement le vainqueur du match, mais aussi le nombre de buts, de points, de coups ou d'autres moyens de conserver le score.<\/li>\n<li><strong>Total (plus\/moins)<\/strong> - Ce type de pari permet aux Qu\u00e9b\u00e9cois de pr\u00e9dire si le nombre total de points ou de buts dans le match sera sup\u00e9rieur ou inf\u00e9rieur \u00e0 la marge offerte.<\/li>\n<\/ul>\n<p>En plus de ces march\u00e9s de paris, il y en a beaucoup d'autres, comme la double chance, la mi-temps\/finale, et bien d'autres encore. L'offre est beaucoup plus diversifi\u00e9e que sur la plupart des autres sites de paris g\u00e9r\u00e9s par l'\u00c9tat, de sorte que les joueurs ont de nombreuses raisons de se r\u00e9jouir de jouer \u00e0 la Mise-O-Jeu de Loto-Qu\u00e9bec. De plus, les bonus et les promotions tels que les paris gratuits sont courants, ce qui aide Loto-Qu\u00e9bec \u00e0 rivaliser avec les paris sportifs en ligne offshore.<\/p>\n<h2>Les sites de paris sportifs offshore sont-ils ill\u00e9gaux au Qu\u00e9bec ?<\/h2>\n<p>La l\u00e9galit\u00e9 des sites de paris sportifs offshore au Qu\u00e9bec n'est pas tout \u00e0 fait claire, tout comme dans le reste du Canada. En fait, Loto-Qu\u00e9bec a connu l'un des conflits les plus m\u00e9diatis\u00e9s de l'histoire avec les paris sportifs offshore. En effet, le gouvernement local du Qu\u00e9bec a adopt\u00e9 le tristement c\u00e9l\u00e8bre projet de loi 74 qui visait \u00e0 bloquer les fournisseurs d'acc\u00e8s Internet des paris sportifs offshore, emp\u00eachant ainsi les joueurs d'y acc\u00e9der. Cependant, la Cour supr\u00eame du Canada a jug\u00e9 le projet de loi inconstitutionnel et a lev\u00e9 l'interdiction. Aucun joueur du Qu\u00e9bec n'a jamais \u00e9t\u00e9 accus\u00e9 d'avoir pari\u00e9 sur des sports dans des paris sportifs offshore, et les Qu\u00e9b\u00e9cois sont donc libres de le faire.<\/p>\n<h2>Articles connexes<\/h2>\n<ul>\n<li><a href=\"https:\/\/casinolion.ca\/fr\/canadian-local-casino-scene\/quebec-casinos\/\">Casinos du Qu\u00e9bec<\/a><\/li>\n<\/ul>","protected":false},"excerpt":{"rendered":"<p>Sports Betting in Quebec Quebec is the second-largest province in Canada and one of the first provinces to legalize different forms of gambling, including wagering on sports. Quebec is home to a couple of major-league teams, such as the Montreal Canadiens in the NHL, Montreal Alouettes in the CFL, and many other successful teams, so [&hellip;]<\/p>","protected":false},"author":1,"featured_media":0,"parent":0,"menu_order":0,"comment_status":"closed","ping_status":"closed","template":"","meta":{"_acf_changed":false,"footnotes":""},"class_list":["post-12141","page","type-page","status-publish","hentry"],"acf":[],"yoast_head":"<!-- This site is optimized with the Yoast SEO plugin v26.1.1 - https:\/\/yoast.com\/wordpress\/plugins\/seo\/ -->\n<title>Online Sports Betting in Quebec - Best Sportsbooks in 2026<\/title>\n<meta name=\"robots\" content=\"index, follow, max-snippet:-1, max-image-preview:large, max-video-preview:-1\" \/>\n<link rel=\"canonical\" href=\"https:\/\/casinolion.ca\/fr\/quebec-sportsbooks\/\" \/>\n<meta property=\"og:locale\" content=\"fr_CA\" \/>\n<meta property=\"og:type\" content=\"article\" \/>\n<meta property=\"og:title\" content=\"Online Sports Betting in Quebec - Best Sportsbooks in [year]\" \/>\n<meta property=\"og:description\" content=\"Sports Betting in Quebec Quebec is the second-largest province in Canada and one of the first provinces to legalize different forms of gambling, including wagering on sports. Quebec is home to a couple of major-league teams, such as the Montreal Canadiens in the NHL, Montreal Alouettes in the CFL, and many other successful teams, so [&hellip;]\" \/>\n<meta property=\"og:url\" content=\"https:\/\/casinolion.ca\/fr\/quebec-sportsbooks\/\" \/>\n<meta property=\"article:modified_time\" content=\"2024-01-03T07:40:16+00:00\" \/>\n<meta name=\"twitter:card\" content=\"summary_large_image\" \/>\n<meta name=\"twitter:label1\" content=\"Estimation du temps de lecture\" \/>\n\t<meta name=\"twitter:data1\" content=\"4 minutes\" \/>\n<script type=\"application\/ld+json\" class=\"yoast-schema-graph\">{\"@context\":\"https:\/\/schema.org\",\"@graph\":[{\"@type\":\"WebPage\",\"@id\":\"https:\/\/casinolion.ca\/quebec-sportsbooks\/\",\"url\":\"https:\/\/casinolion.ca\/quebec-sportsbooks\/\",\"name\":\"Online Sports Betting in Quebec - Best Sportsbooks in [year]\",\"isPartOf\":{\"@id\":\"https:\/\/casinolion.ca\/fr\/#website\"},\"datePublished\":\"2020-10-08T06:37:34+00:00\",\"dateModified\":\"2024-01-03T07:40:16+00:00\",\"breadcrumb\":{\"@id\":\"https:\/\/casinolion.ca\/quebec-sportsbooks\/#breadcrumb\"},\"inLanguage\":\"fr-CA\",\"potentialAction\":[{\"@type\":\"ReadAction\",\"target\":[\"https:\/\/casinolion.ca\/quebec-sportsbooks\/\"]}]},{\"@type\":\"BreadcrumbList\",\"@id\":\"https:\/\/casinolion.ca\/quebec-sportsbooks\/#breadcrumb\",\"itemListElement\":[{\"@type\":\"ListItem\",\"position\":1,\"name\":\"Home\",\"item\":\"https:\/\/casinolion.ca\/\"},{\"@type\":\"ListItem\",\"position\":2,\"name\":\"Quebec Sportsbooks\"}]},{\"@type\":\"WebSite\",\"@id\":\"https:\/\/casinolion.ca\/fr\/#website\",\"url\":\"https:\/\/casinolion.ca\/fr\/\",\"name\":\"\",\"description\":\"\",\"potentialAction\":[{\"@type\":\"SearchAction\",\"target\":{\"@type\":\"EntryPoint\",\"urlTemplate\":\"https:\/\/casinolion.ca\/fr\/?s={search_term_string}\"},\"query-input\":{\"@type\":\"PropertyValueSpecification\",\"valueRequired\":true,\"valueName\":\"search_term_string\"}}],\"inLanguage\":\"fr-CA\"}]}<\/script>\n<!-- \/ Yoast SEO plugin. -->","yoast_head_json":{"title":"Paris sportifs en ligne au Qu\u00e9bec - Meilleurs paris sportifs en 2026","robots":{"index":"index","follow":"follow","max-snippet":"max-snippet:-1","max-image-preview":"max-image-preview:large","max-video-preview":"max-video-preview:-1"},"canonical":"https:\/\/casinolion.ca\/fr\/quebec-sportsbooks\/","og_locale":"fr_CA","og_type":"article","og_title":"Online Sports Betting in Quebec - Best Sportsbooks in [year]","og_description":"Sports Betting in Quebec Quebec is the second-largest province in Canada and one of the first provinces to legalize different forms of gambling, including wagering on sports. Quebec is home to a couple of major-league teams, such as the Montreal Canadiens in the NHL, Montreal Alouettes in the CFL, and many other successful teams, so [&hellip;]","og_url":"https:\/\/casinolion.ca\/fr\/quebec-sportsbooks\/","article_modified_time":"2024-01-03T07:40:16+00:00","twitter_card":"summary_large_image","twitter_misc":{"Estimation du temps de lecture":"4 minutes"},"schema":{"@context":"https:\/\/schema.org","@graph":[{"@type":"WebPage","@id":"https:\/\/casinolion.ca\/quebec-sportsbooks\/","url":"https:\/\/casinolion.ca\/quebec-sportsbooks\/","name":"Paris sportifs en ligne au Qu\u00e9bec - Meilleurs paris sportifs en [ann\u00e9e]","isPartOf":{"@id":"https:\/\/casinolion.ca\/fr\/#website"},"datePublished":"2020-10-08T06:37:34+00:00","dateModified":"2024-01-03T07:40:16+00:00","breadcrumb":{"@id":"https:\/\/casinolion.ca\/quebec-sportsbooks\/#breadcrumb"},"inLanguage":"fr-CA","potentialAction":[{"@type":"ReadAction","target":["https:\/\/casinolion.ca\/quebec-sportsbooks\/"]}]},{"@type":"BreadcrumbList","@id":"https:\/\/casinolion.ca\/quebec-sportsbooks\/#breadcrumb","itemListElement":[{"@type":"ListItem","position":1,"name":"Home","item":"https:\/\/casinolion.ca\/"},{"@type":"ListItem","position":2,"name":"Quebec Sportsbooks"}]},{"@type":"WebSite","@id":"https:\/\/casinolion.ca\/fr\/#website","url":"https:\/\/casinolion.ca\/fr\/","name":"","description":"","potentialAction":[{"@type":"SearchAction","target":{"@type":"EntryPoint","urlTemplate":"https:\/\/casinolion.ca\/fr\/?s={search_term_string}"},"query-input":{"@type":"PropertyValueSpecification","valueRequired":true,"valueName":"search_term_string"}}],"inLanguage":"fr-CA"}]}},"_links":{"self":[{"href":"https:\/\/casinolion.ca\/fr\/wp-json\/wp\/v2\/pages\/12141","targetHints":{"allow":["GET"]}}],"collection":[{"href":"https:\/\/casinolion.ca\/fr\/wp-json\/wp\/v2\/pages"}],"about":[{"href":"https:\/\/casinolion.ca\/fr\/wp-json\/wp\/v2\/types\/page"}],"author":[{"embeddable":true,"href":"https:\/\/casinolion.ca\/fr\/wp-json\/wp\/v2\/users\/1"}],"replies":[{"embeddable":true,"href":"https:\/\/casinolion.ca\/fr\/wp-json\/wp\/v2\/comments?post=12141"}],"version-history":[{"count":0,"href":"https:\/\/casinolion.ca\/fr\/wp-json\/wp\/v2\/pages\/12141\/revisions"}],"wp:attachment":[{"href":"https:\/\/casinolion.ca\/fr\/wp-json\/wp\/v2\/media?parent=12141"}],"curies":[{"name":"wp","href":"https:\/\/api.w.org\/{rel}","templated":true}]}}