
{"id":12147,"date":"2020-10-08T06:40:34","date_gmt":"2020-10-08T06:40:34","guid":{"rendered":"https:\/\/www.canadiancasinos.ca\/?page_id=12147"},"modified":"2024-01-03T07:52:31","modified_gmt":"2024-01-03T07:52:31","slug":"saskatchewan-sportsbooks","status":"publish","type":"page","link":"https:\/\/casinolion.ca\/fr\/saskatchewan-sportsbooks\/","title":{"rendered":"Les sites de paris sportifs de la Saskatchewan"},"content":{"rendered":"<h2>Paris sportifs en Saskatchewan<\/h2>\n<p>Les lois sur les jeux d'argent ont toujours \u00e9t\u00e9 floues au Canada, qu'il s'agisse de jeux en ligne ou de jeux terrestres. Malheureusement, la situation n'est pas diff\u00e9rente en Saskatchewan, o\u00f9 les lois sur les jeux d'argent en ligne varient en fonction de l'activit\u00e9.<\/p>\n<p>Aucune loi n'interdit les jeux d'argent en ligne en Saskatchewan, mais ils ne sont pas compl\u00e8tement l\u00e9gaux non plus. Les paris sportifs sont importants pour les r\u00e9sidents de la Saskatchewan car c'est l\u00e0 que se trouvent de nombreuses \u00e9quipes professionnelles, comme les Saskatoon Legends, les Saskatoon Sheiks et les Saskatoon Slam. C'est pourquoi nous avons voulu nous assurer que le processus de paris sportifs en ligne \u00e9tait relativement facile.<\/p>\n<p>En lisant cet article, vous obtiendrez les derni\u00e8res informations sur la l\u00e9galit\u00e9 des paris en Saskatchewan, y compris tous les tenants et aboutissants des paris sportifs en ligne. Restez \u00e0 l'\u00e9coute !<\/p>\n<h2>Sites de paris sportifs pour la Saskatchewan<\/h2>\n<p><\/p>\n<h2>Les paris sportifs sont-ils l\u00e9gaux en Saskatchewan ?<\/h2>\n<p>La l\u00e9galit\u00e9 des jeux d'argent au Canada est d\u00e9finie par le Code p\u00e9nal du Canada. Comme il est impossible de passer en revue l'ensemble du code, il est important de noter que les jeux d'argent sont consid\u00e9r\u00e9s comme ill\u00e9gaux au Canada, mais que chaque gouvernement provincial a le droit d'\u00e9tablir ses propres r\u00e8gles et r\u00e9glementations en mati\u00e8re de jeux d'argent. Heureusement pour les parieurs, la plupart des provinces ont jug\u00e9 certaines formes de jeu l\u00e9gales. Dans le cas de la Saskatchewan, la plupart des formes de jeu sont consid\u00e9r\u00e9es comme l\u00e9gales, y compris les paris sportifs.<\/p>\n<p>L'Alcohol and Gaming Regulation Act de 1997 fixe les r\u00e8gles de base des jeux d'argent en Saskatchewan, car il r\u00e9glemente le processus de d\u00e9livrance des licences, d\u00e9finit les violations, les lois et les r\u00e8gles des jeux d'argent dans la province. Tout aussi important est le Saskatchewan Gaming Corporation Act, qui r\u00e9glemente les r\u00e8gles les plus importantes pour la Saskatchewan Gaming Corporation.<\/p>\n<p>Toutefois, comme dans presque toutes les provinces canadiennes, il y a quelques pi\u00e8ges \u00e0 \u00e9viter. Les parieurs sportifs ne peuvent pas placer des paris n'importe o\u00f9, car tous les paris doivent passer par l'Office des paris sportifs de l'Union europ\u00e9enne. <a href=\"https:\/\/www.sportselect.wclc.com\/sportselect.htm\">Sports Select<\/a> Le service est disponible non seulement en Saskatchewan, mais aussi en Alberta, dans les Territoires du Nord-Ouest et au Manitoba. Ce service n'est pas seulement disponible en Saskatchewan, mais aussi en Alberta, dans les Territoires du Nord-Ouest, au Yukon, au Manitoba et dans l'Ouest canadien. Par cons\u00e9quent, si vous souhaitez utiliser le service Sports Select, vous devrez limiter certaines de vos options en mati\u00e8re de paris.<\/p>\n<p>Bien que l'\u00e2ge l\u00e9gal pour jouer au Canada soit de 18 ans, la Saskatchewan a le droit de modifier ce chiffre \u00e0 l'int\u00e9rieur de sa propre province, ce qui signifie que l'\u00e2ge l\u00e9gal pour jouer en Saskatchewan est de 19 ans.<\/p>\n<h2>Comment fonctionnent les paris sportifs en Saskatchewan ?<\/h2>\n<p>Les r\u00e9sidents de la Saskatchewan doivent utiliser le service Sports Select pour placer des paris sur leur \u00e9quipe ou joueur sportif pr\u00e9f\u00e9r\u00e9. Le service Sports Select est disponible aupr\u00e8s de d\u00e9taillants agr\u00e9\u00e9s, ce qui signifie que les joueurs peuvent placer des paris dans certaines stations-service ou d\u00e9panneurs, ou simplement rester chez eux et parier en ligne.<\/p>\n<p>Les joueurs ne sont pas autoris\u00e9s \u00e0 miser plus de C$250 sur un seul pari en une journ\u00e9e. Si vous \u00eates int\u00e9ress\u00e9 par des paris plus \u00e9lev\u00e9s, vous devrez effectuer des paris quotidiens pour atteindre un certain quota. En ce qui concerne les sports sur lesquels il est possible de parier, la vari\u00e9t\u00e9 n'est pas aussi grande qu'on pourrait l'esp\u00e9rer, mais elle est suffisante pour faire des paris r\u00e9guliers. Les joueurs peuvent compter sur le basket-ball, le football, le hockey, le base-ball et le soccer.<\/p>\n<p>Donc, si vous \u00eates int\u00e9ress\u00e9 par les paris sportifs en Saskatchewan, voici les options qui s'offrent \u00e0 vous :<\/p>\n<ul>\n<li><strong>Pro-Line <\/strong>- Le pari sur la ligne pro est le plus courant parmi les joueurs, car ils doivent s\u00e9lectionner jusqu'\u00e0 six jeux et d\u00e9cider de leur score final (victoire, victoire \u00e0 l'ext\u00e9rieur ou match nul). Le joueur n'est pay\u00e9 que si tous les paris sont exacts. La mise maximale est de C$100.<\/li>\n<li><strong>\u00c9cart de points <\/strong>- Sur les tickets d'\u00e9cart de points, vous pouvez inclure jusqu'\u00e0 12 s\u00e9lections avec une mise maximale de C$100. Avec chaque pr\u00e9diction pr\u00e9cise, l'\u00e9cart total de points augmente.<\/li>\n<li><strong>Sup\u00e9rieure\/sup\u00e9rieure<\/strong> - Un pari extr\u00eamement populaire aupr\u00e8s des parieurs de la Saskatchewan o\u00f9 ils doivent pr\u00e9dire si le score final sera sup\u00e9rieur ou inf\u00e9rieur \u00e0 un nombre pr\u00e9alablement fix\u00e9. Vous avez droit \u00e0 dix s\u00e9lections et \u00e0 une mise maximale de C$100.<\/li>\n<li><strong>Piscines <\/strong>- Un pari sur les poules est id\u00e9al si vous aimez vous mesurer \u00e0 d'autres joueurs. Vous devez pr\u00e9dire avec pr\u00e9cision les gagnants des parties \u00e0 venir afin de progresser dans le classement. Bien entendu, toutes les positions du classement ne donnent pas droit \u00e0 une part du prix de la cagnotte.<\/li>\n<li><strong>Accessoires <\/strong>- Si vous \u00eates int\u00e9ress\u00e9 par des paris plus d\u00e9taill\u00e9s, vous pouvez opter pour un pari sur les accessoires. S\u00e9lectionnez deux joueurs et pariez sur celui qui, selon vous, aura les meilleures statistiques. Vous \u00eates limit\u00e9 \u00e0 deux joueurs issus de six jeux diff\u00e9rents au maximum.<\/li>\n<li><strong>Double jeu<\/strong> - Le double jeu est une combinaison d'un pari pro-line et d'un pari over\/under sur le m\u00eame ticket. Jusqu'\u00e0 six s\u00e9lections sont autoris\u00e9es.<\/li>\n<li><strong>Jeu combin\u00e9<\/strong> - Un pari double combin\u00e9 \u00e0 un pari sur l'\u00e9cart de points.<\/li>\n<\/ul>\n<h2>Les sites de paris sportifs offshore sont-ils ill\u00e9gaux en Saskatchewan ?<\/h2>\n<p>Les casinos offshore n'enfreignent aucune loi en op\u00e9rant en Saskatchewan, car il n'existe aucune r\u00e8gle ou r\u00e9glementation officielle concernant les sites de paris sportifs internationaux dans la province. Tant que l'op\u00e9rateur est situ\u00e9 en dehors des fronti\u00e8res canadiennes, les r\u00e9sidents de la Saskatchewan peuvent acc\u00e9der au site web et s'y inscrire.<\/p>\n<p>En outre, la loi de la Saskatchewan ne pr\u00e9voit aucune sanction pour les joueurs qui acc\u00e8dent \u00e0 des sites de paris offshore. Avec les sites de paris sportifs offshore, vous pourrez profiter de bonus et de promotions lucratifs, ainsi que d'une grande vari\u00e9t\u00e9 de sports et d'options de paris. N'oubliez pas de vous en tenir aux sites de paris sportifs r\u00e9glement\u00e9s et agr\u00e9\u00e9s afin d'\u00e9viter les escroqueries potentielles.<\/p>\n<h2>Articles connexes<\/h2>\n<ul>\n<li><a href=\"https:\/\/casinolion.ca\/fr\/saskatchewan-casinos\/\">Casinos en Saskatchewan<\/a><\/li>\n<\/ul>","protected":false},"excerpt":{"rendered":"<p>Les paris sportifs en Saskatchewan Les lois sur les jeux d'argent ont toujours \u00e9t\u00e9 floues au Canada, qu'il s'agisse de jeux d'argent en ligne ou de jeux d'argent terrestres. Malheureusement, la situation n'est pas diff\u00e9rente en Saskatchewan o\u00f9 les lois sur les jeux d'argent en ligne diff\u00e8rent selon l'activit\u00e9. Aucune loi n'interdit les jeux d'argent en ligne en Saskatchewan, mais ils ne sont pas compl\u00e8tement l\u00e9gaux non plus. Les paris sportifs sont [...]<\/p>","protected":false},"author":1,"featured_media":0,"parent":0,"menu_order":0,"comment_status":"closed","ping_status":"closed","template":"","meta":{"_acf_changed":false,"footnotes":""},"class_list":["post-12147","page","type-page","status-publish","hentry"],"acf":[],"yoast_head":"<!-- This site is optimized with the Yoast SEO plugin v26.1.1 - https:\/\/yoast.com\/wordpress\/plugins\/seo\/ -->\n<title>Online Sports Betting in Saskatchewan - Best Sportsbooks in 2026<\/title>\n<meta name=\"robots\" content=\"index, follow, max-snippet:-1, max-image-preview:large, max-video-preview:-1\" \/>\n<link rel=\"canonical\" href=\"https:\/\/casinolion.ca\/fr\/saskatchewan-sportsbooks\/\" \/>\n<meta property=\"og:locale\" content=\"fr_CA\" \/>\n<meta property=\"og:type\" content=\"article\" \/>\n<meta property=\"og:title\" content=\"Online Sports Betting in Saskatchewan - Best Sportsbooks in [year]\" \/>\n<meta property=\"og:description\" content=\"Sports Betting in Saskatchewan Gambling laws have always been unclear in Canada, whether it comes to online or land-based gambling. Unfortunately, it\u2019s not any different in Saskatchewan where online gambling laws differ depending on the activity. There are no laws that forbid online gambling in Saskatchewan although it\u2019s not completely legal either. Sports betting is [&hellip;]\" \/>\n<meta property=\"og:url\" content=\"https:\/\/casinolion.ca\/fr\/saskatchewan-sportsbooks\/\" \/>\n<meta property=\"article:modified_time\" content=\"2024-01-03T07:52:31+00:00\" \/>\n<meta name=\"twitter:card\" content=\"summary_large_image\" \/>\n<meta name=\"twitter:label1\" content=\"Estimation du temps de lecture\" \/>\n\t<meta name=\"twitter:data1\" content=\"4 minutes\" \/>\n<script type=\"application\/ld+json\" class=\"yoast-schema-graph\">{\"@context\":\"https:\/\/schema.org\",\"@graph\":[{\"@type\":\"WebPage\",\"@id\":\"https:\/\/casinolion.ca\/saskatchewan-sportsbooks\/\",\"url\":\"https:\/\/casinolion.ca\/saskatchewan-sportsbooks\/\",\"name\":\"Online Sports Betting in Saskatchewan - Best Sportsbooks in [year]\",\"isPartOf\":{\"@id\":\"https:\/\/casinolion.ca\/fr\/#website\"},\"datePublished\":\"2020-10-08T06:40:34+00:00\",\"dateModified\":\"2024-01-03T07:52:31+00:00\",\"breadcrumb\":{\"@id\":\"https:\/\/casinolion.ca\/saskatchewan-sportsbooks\/#breadcrumb\"},\"inLanguage\":\"fr-CA\",\"potentialAction\":[{\"@type\":\"ReadAction\",\"target\":[\"https:\/\/casinolion.ca\/saskatchewan-sportsbooks\/\"]}]},{\"@type\":\"BreadcrumbList\",\"@id\":\"https:\/\/casinolion.ca\/saskatchewan-sportsbooks\/#breadcrumb\",\"itemListElement\":[{\"@type\":\"ListItem\",\"position\":1,\"name\":\"Home\",\"item\":\"https:\/\/casinolion.ca\/\"},{\"@type\":\"ListItem\",\"position\":2,\"name\":\"Saskatchewan Sportsbooks\"}]},{\"@type\":\"WebSite\",\"@id\":\"https:\/\/casinolion.ca\/fr\/#website\",\"url\":\"https:\/\/casinolion.ca\/fr\/\",\"name\":\"\",\"description\":\"\",\"potentialAction\":[{\"@type\":\"SearchAction\",\"target\":{\"@type\":\"EntryPoint\",\"urlTemplate\":\"https:\/\/casinolion.ca\/fr\/?s={search_term_string}\"},\"query-input\":{\"@type\":\"PropertyValueSpecification\",\"valueRequired\":true,\"valueName\":\"search_term_string\"}}],\"inLanguage\":\"fr-CA\"}]}<\/script>\n<!-- \/ Yoast SEO plugin. -->","yoast_head_json":{"title":"Online Sports Betting in Saskatchewan - Best Sportsbooks in 2026 (en anglais)","robots":{"index":"index","follow":"follow","max-snippet":"max-snippet:-1","max-image-preview":"max-image-preview:large","max-video-preview":"max-video-preview:-1"},"canonical":"https:\/\/casinolion.ca\/fr\/saskatchewan-sportsbooks\/","og_locale":"fr_CA","og_type":"article","og_title":"Online Sports Betting in Saskatchewan - Best Sportsbooks in [year]","og_description":"Sports Betting in Saskatchewan Gambling laws have always been unclear in Canada, whether it comes to online or land-based gambling. Unfortunately, it\u2019s not any different in Saskatchewan where online gambling laws differ depending on the activity. There are no laws that forbid online gambling in Saskatchewan although it\u2019s not completely legal either. Sports betting is [&hellip;]","og_url":"https:\/\/casinolion.ca\/fr\/saskatchewan-sportsbooks\/","article_modified_time":"2024-01-03T07:52:31+00:00","twitter_card":"summary_large_image","twitter_misc":{"Estimation du temps de lecture":"4 minutes"},"schema":{"@context":"https:\/\/schema.org","@graph":[{"@type":"WebPage","@id":"https:\/\/casinolion.ca\/saskatchewan-sportsbooks\/","url":"https:\/\/casinolion.ca\/saskatchewan-sportsbooks\/","name":"Paris sportifs en ligne en Saskatchewan - Meilleurs paris sportifs en [ann\u00e9e]","isPartOf":{"@id":"https:\/\/casinolion.ca\/fr\/#website"},"datePublished":"2020-10-08T06:40:34+00:00","dateModified":"2024-01-03T07:52:31+00:00","breadcrumb":{"@id":"https:\/\/casinolion.ca\/saskatchewan-sportsbooks\/#breadcrumb"},"inLanguage":"fr-CA","potentialAction":[{"@type":"ReadAction","target":["https:\/\/casinolion.ca\/saskatchewan-sportsbooks\/"]}]},{"@type":"BreadcrumbList","@id":"https:\/\/casinolion.ca\/saskatchewan-sportsbooks\/#breadcrumb","itemListElement":[{"@type":"ListItem","position":1,"name":"Home","item":"https:\/\/casinolion.ca\/"},{"@type":"ListItem","position":2,"name":"Saskatchewan Sportsbooks"}]},{"@type":"WebSite","@id":"https:\/\/casinolion.ca\/fr\/#website","url":"https:\/\/casinolion.ca\/fr\/","name":"","description":"","potentialAction":[{"@type":"SearchAction","target":{"@type":"EntryPoint","urlTemplate":"https:\/\/casinolion.ca\/fr\/?s={search_term_string}"},"query-input":{"@type":"PropertyValueSpecification","valueRequired":true,"valueName":"search_term_string"}}],"inLanguage":"fr-CA"}]}},"_links":{"self":[{"href":"https:\/\/casinolion.ca\/fr\/wp-json\/wp\/v2\/pages\/12147","targetHints":{"allow":["GET"]}}],"collection":[{"href":"https:\/\/casinolion.ca\/fr\/wp-json\/wp\/v2\/pages"}],"about":[{"href":"https:\/\/casinolion.ca\/fr\/wp-json\/wp\/v2\/types\/page"}],"author":[{"embeddable":true,"href":"https:\/\/casinolion.ca\/fr\/wp-json\/wp\/v2\/users\/1"}],"replies":[{"embeddable":true,"href":"https:\/\/casinolion.ca\/fr\/wp-json\/wp\/v2\/comments?post=12147"}],"version-history":[{"count":0,"href":"https:\/\/casinolion.ca\/fr\/wp-json\/wp\/v2\/pages\/12147\/revisions"}],"wp:attachment":[{"href":"https:\/\/casinolion.ca\/fr\/wp-json\/wp\/v2\/media?parent=12147"}],"curies":[{"name":"wp","href":"https:\/\/api.w.org\/{rel}","templated":true}]}}