
{"id":12148,"date":"2020-10-08T06:44:02","date_gmt":"2020-10-08T06:44:02","guid":{"rendered":"https:\/\/www.canadiancasinos.ca\/?page_id=12148"},"modified":"2023-01-04T02:28:18","modified_gmt":"2023-01-04T02:28:18","slug":"newfoundland-and-labrador-sportsbooks","status":"publish","type":"page","link":"https:\/\/casinolion.ca\/fr\/newfoundland-and-labrador-sportsbooks\/","title":{"rendered":"Les paris sportifs de Terre-Neuve-et-Labrador"},"content":{"rendered":"<h2>Paris sportifs \u00e0 Terre-Neuve-et-Labrador<\/h2>\n<p>Terre-Neuve-et-Labrador est la province la plus \u00e0 l'est du Canada, et elle est connue pour \u00eatre relativement lib\u00e9rale en mati\u00e8re de jeux d'argent. Par cons\u00e9quent, des milliers d'amateurs de sport aiment parier sur leurs sports pr\u00e9f\u00e9r\u00e9s.<\/p>\n<p>Cette province a l\u00e9galis\u00e9 toutes les formes de jeux d'argent, y compris les paris sportifs en ligne. Toutefois, le syst\u00e8me l\u00e9gislatif canadien qui r\u00e9git les activit\u00e9s de jeu a impos\u00e9 certaines restrictions aux r\u00e9sidents de Terre-Neuve-et-Labrador lorsqu'ils s'engagent dans des activit\u00e9s de paris sportifs.<\/p>\n<p>Dans cet article, nous ferons un bref tour d'horizon des paris dans cette province canadienne, en accordant une attention particuli\u00e8re \u00e0 leur aspect juridique. Poursuivez votre lecture !<\/p>\n<h2>Sites de paris sportifs pour Terre-Neuve et Labrador<\/h2>\n<p><\/p>\n<h2>Cadre juridique des jeux d'argent \u00e0 Terre-Neuve-et-Labrador - Les paris sportifs sont-ils l\u00e9gaux ?<\/h2>\n<p>Le cadre l\u00e9gislatif de l'\u00c9tat autorise les activit\u00e9s de paris sportifs et est assez similaire \u00e0 celui d'autres \u00c9tats du Canada. Cela signifie que les paris sportifs sont une activit\u00e9 l\u00e9gale et que l'\u00c9tat la r\u00e9glemente.<\/p>\n<p>NL propose des paris sportifs l\u00e9gaux via le site web de Proline, mais rejoindre une plateforme de paris offshore n'est pas ill\u00e9gal non plus ; cependant, d'un point de vue juridique, il s'agit toujours d'une zone grise.<\/p>\n<p>Le principal organisme de r\u00e9glementation de NL est la Soci\u00e9t\u00e9 des loteries de l'Atlantique, qui g\u00e8re les activit\u00e9s dans la province depuis 1976. Outre NL, la SLA r\u00e9glemente \u00e9galement les activit\u00e9s de jeu dans plusieurs autres \u00c9tats, dont le Nouveau-Brunswick et la Nouvelle-\u00c9cosse. La SLA dispose m\u00eame d'un site web o\u00f9 les Canadiens peuvent s'adonner \u00e0 diverses activit\u00e9s de jeu, mais dans des limites tr\u00e8s strictes. L'autorit\u00e9 de r\u00e9gulation a \u00e9galement lanc\u00e9 une application mobile.<\/p>\n<p>Pour faire court, si vous voulez profiter d'une option de paris sportifs l\u00e9gale mais limit\u00e9e, Proline de la SLA est la meilleure option pour vous. Cependant, l'acc\u00e8s \u00e0 des options de paris suppl\u00e9mentaires n'est possible que via des sites offshore. Dans les deux cas, l'\u00e2ge minimum pour parier est de 19 ans, et vous ne devriez pas vous inscrire sur un site si vous \u00eates plus jeune.<\/p>\n<p>Voyons comment fonctionnent les paris sportifs avec Proline avant d'aborder les sites offshore.<\/p>\n<h2>Comment fonctionnent les paris sportifs \u00e0 Terre-Neuve-et-Labrador ?<\/h2>\n<p>R\u00e9glement\u00e9 et agr\u00e9\u00e9 dans l'\u00c9tat, Proline est probablement l'un des services les plus rapides pour placer des paris sportifs. Vous pouvez le faire dans les magasins de proximit\u00e9 ou sur le web. De plus, la mise la plus basse que vous puissiez faire est C$2.<\/p>\n<p>Cependant, le principal inconv\u00e9nient de Proline est que les types de paris que vous pouvez faire sont tr\u00e8s limit\u00e9s. La liste suivante comprend tous les paris Proline disponibles sur la plateforme :<\/p>\n<ul>\n<li><strong>Proline <\/strong>- Vous pouvez s\u00e9lectionner jusqu'\u00e0 huit jeux et faire un pari mutuel. Ce pari comprend plusieurs march\u00e9s de paris diff\u00e9rents, tels que l'over\/under, l'\u00e9cart de points ou le straight bet. La mise minimale est de C$2 et la mise maximale de C$25.<\/li>\n<li><strong>Proline Futures<\/strong> - Ce pari vous permet de choisir le vainqueur d'un championnat ou d'un tournoi avant qu'il ne commence, ce qui est assez similaire \u00e0 tout autre pari \u00e0 terme sur les plateformes de paris sportifs. La mise minimale est C$2, et la mise maximale est C$100.<\/li>\n<li><strong>Proline Fantasy<\/strong> - En clair, vous pouvez vous engager dans des paris sportifs fantaisistes en utilisant Proline, mais il y a aussi plusieurs limites que vous devez conna\u00eetre avant de commencer.<\/li>\n<li><strong>Proline Stadium Picks<\/strong> - Il s'agit d'un m\u00e9lange entre les paris sportifs fantaisistes et les paris sportifs classiques. Vous choisissez une s\u00e9rie ou un vainqueur de match et recevez des points. Celui qui a le plus de points re\u00e7oit un prix.<\/li>\n<li><strong>Les paris sur les stades<\/strong> - Ce type de paris vous permet de placer jusqu'\u00e0 C$250 sur des paris tels que la ligne d'argent, l'\u00e9cart de points ou l'over\/under.<\/li>\n<\/ul>\n<p>Certains parieurs de Terre-Neuve-et-Labrador n'aiment pas faire des paris sur Proline, car les limites ne sont pas la seule chose qu'ils n'appr\u00e9cient pas. Proline \u00e9tant une entreprise publique, elle dispose d'un monopole, ce qui signifie que les cotes ne sont pas tr\u00e8s \u00e9lev\u00e9es. C'est pourquoi certains parieurs pr\u00e9f\u00e8rent les sites offshore.<\/p>\n<h2>Les sites de paris sportifs offshore sont-ils ill\u00e9gaux \u00e0 Terre-Neuve-et-Labrador ?<\/h2>\n<p>Les sites de paris offshore ne sont pas l\u00e9gaux en NL, mais ils ne sont pas non plus ill\u00e9gaux. En d'autres termes, aucune loi n'interdit aux joueurs de s'inscrire sur des sites de paris sportifs r\u00e9glement\u00e9s \u00e0 l'\u00e9chelle internationale.<\/p>\n<p>Comme il y a beaucoup de sites offshore, la concurrence est beaucoup plus rude entre eux. C'est pourquoi ils doivent offrir de meilleures cotes et des bonus de bienvenue plus importants pour attirer davantage de parieurs.<\/p>\n<p>Les sites offshore proposent \u00e9galement des paris sur un seul jeu, ce qui n'est pas disponible sur Proline pour une raison quelconque. De plus, les paris ont de meilleures limites minimales et maximales, ce qui les rend appropri\u00e9s pour les petits et grands parieurs.<\/p>\n<p>Cependant, de nombreux r\u00e9sidents des Pays-Bas s'accordent \u00e0 dire que le plus grand avantage des sites offshore est qu'ils couvrent de nombreux sports et que les parieurs peuvent choisir parmi un plus large \u00e9ventail de march\u00e9s de paris.<\/p>\n<p>Cependant, tous les sites de paris sportifs offshore ne sont pas bons, il convient donc d'\u00eatre prudent au moment de les choisir. N'\u00e9tant pas r\u00e9glement\u00e9s par l'\u00c9tat, certains sites peuvent utiliser un langage trompeur et des techniques de marketing clandestines. Il se peut \u00e9galement qu'ils ne fournissent pas le service auquel vous vous attendiez. En outre, certains d'entre eux peuvent \u00eatre des plateformes d'escroquerie pure et simple. Veillez donc \u00e0 lire les avis sur la plateforme de paris en ligne que vous souhaitez rejoindre avant de le faire. Ainsi, vous trouverez toujours une plateforme de paris sportifs s\u00fbre, l\u00e9gale et r\u00e9put\u00e9e.<\/p>","protected":false},"excerpt":{"rendered":"<p>Sports Betting in Newfoundland and Labrador Newfoundland and Labrador is Canada\u2019s easternmost province, and it\u2019s known for being relatively liberal in terms of gambling. As a result, there are thousands of sports lovers who enjoy placing bets on their favourite sports. This province has legalized all forms of gambling, including online sports betting. However, the [&hellip;]<\/p>","protected":false},"author":1,"featured_media":0,"parent":0,"menu_order":0,"comment_status":"closed","ping_status":"closed","template":"","meta":{"_acf_changed":false,"footnotes":""},"class_list":["post-12148","page","type-page","status-publish","hentry"],"acf":[],"yoast_head":"<!-- This site is optimized with the Yoast SEO plugin v26.1.1 - https:\/\/yoast.com\/wordpress\/plugins\/seo\/ -->\n<title>Online Sports Betting in Newfoundland and Labrador [2023]<\/title>\n<meta name=\"robots\" content=\"index, follow, max-snippet:-1, max-image-preview:large, max-video-preview:-1\" \/>\n<link rel=\"canonical\" href=\"https:\/\/casinolion.ca\/fr\/newfoundland-and-labrador-sportsbooks\/\" \/>\n<meta property=\"og:locale\" content=\"fr_CA\" \/>\n<meta property=\"og:type\" content=\"article\" \/>\n<meta property=\"og:title\" content=\"Online Sports Betting in Newfoundland and Labrador [2023]\" \/>\n<meta property=\"og:description\" content=\"Sports Betting in Newfoundland and Labrador Newfoundland and Labrador is Canada\u2019s easternmost province, and it\u2019s known for being relatively liberal in terms of gambling. As a result, there are thousands of sports lovers who enjoy placing bets on their favourite sports. This province has legalized all forms of gambling, including online sports betting. However, the [&hellip;]\" \/>\n<meta property=\"og:url\" content=\"https:\/\/casinolion.ca\/fr\/newfoundland-and-labrador-sportsbooks\/\" \/>\n<meta property=\"article:modified_time\" content=\"2023-01-04T02:28:18+00:00\" \/>\n<meta name=\"twitter:card\" content=\"summary_large_image\" \/>\n<meta name=\"twitter:label1\" content=\"Estimation du temps de lecture\" \/>\n\t<meta name=\"twitter:data1\" content=\"4 minutes\" \/>\n<script type=\"application\/ld+json\" class=\"yoast-schema-graph\">{\"@context\":\"https:\/\/schema.org\",\"@graph\":[{\"@type\":\"WebPage\",\"@id\":\"https:\/\/casinolion.ca\/newfoundland-and-labrador-sportsbooks\/\",\"url\":\"https:\/\/casinolion.ca\/newfoundland-and-labrador-sportsbooks\/\",\"name\":\"Online Sports Betting in Newfoundland and Labrador [2023]\",\"isPartOf\":{\"@id\":\"https:\/\/casinolion.ca\/fr\/#website\"},\"datePublished\":\"2020-10-08T06:44:02+00:00\",\"dateModified\":\"2023-01-04T02:28:18+00:00\",\"breadcrumb\":{\"@id\":\"https:\/\/casinolion.ca\/newfoundland-and-labrador-sportsbooks\/#breadcrumb\"},\"inLanguage\":\"fr-CA\",\"potentialAction\":[{\"@type\":\"ReadAction\",\"target\":[\"https:\/\/casinolion.ca\/newfoundland-and-labrador-sportsbooks\/\"]}]},{\"@type\":\"BreadcrumbList\",\"@id\":\"https:\/\/casinolion.ca\/newfoundland-and-labrador-sportsbooks\/#breadcrumb\",\"itemListElement\":[{\"@type\":\"ListItem\",\"position\":1,\"name\":\"Home\",\"item\":\"https:\/\/casinolion.ca\/\"},{\"@type\":\"ListItem\",\"position\":2,\"name\":\"Newfoundland and Labrador Sportsbooks\"}]},{\"@type\":\"WebSite\",\"@id\":\"https:\/\/casinolion.ca\/fr\/#website\",\"url\":\"https:\/\/casinolion.ca\/fr\/\",\"name\":\"\",\"description\":\"\",\"potentialAction\":[{\"@type\":\"SearchAction\",\"target\":{\"@type\":\"EntryPoint\",\"urlTemplate\":\"https:\/\/casinolion.ca\/fr\/?s={search_term_string}\"},\"query-input\":{\"@type\":\"PropertyValueSpecification\",\"valueRequired\":true,\"valueName\":\"search_term_string\"}}],\"inLanguage\":\"fr-CA\"}]}<\/script>\n<!-- \/ Yoast SEO plugin. -->","yoast_head_json":{"title":"Les paris sportifs en ligne \u00e0 Terre-Neuve-et-Labrador [2023]","robots":{"index":"index","follow":"follow","max-snippet":"max-snippet:-1","max-image-preview":"max-image-preview:large","max-video-preview":"max-video-preview:-1"},"canonical":"https:\/\/casinolion.ca\/fr\/newfoundland-and-labrador-sportsbooks\/","og_locale":"fr_CA","og_type":"article","og_title":"Online Sports Betting in Newfoundland and Labrador [2023]","og_description":"Sports Betting in Newfoundland and Labrador Newfoundland and Labrador is Canada\u2019s easternmost province, and it\u2019s known for being relatively liberal in terms of gambling. As a result, there are thousands of sports lovers who enjoy placing bets on their favourite sports. This province has legalized all forms of gambling, including online sports betting. However, the [&hellip;]","og_url":"https:\/\/casinolion.ca\/fr\/newfoundland-and-labrador-sportsbooks\/","article_modified_time":"2023-01-04T02:28:18+00:00","twitter_card":"summary_large_image","twitter_misc":{"Estimation du temps de lecture":"4 minutes"},"schema":{"@context":"https:\/\/schema.org","@graph":[{"@type":"WebPage","@id":"https:\/\/casinolion.ca\/newfoundland-and-labrador-sportsbooks\/","url":"https:\/\/casinolion.ca\/newfoundland-and-labrador-sportsbooks\/","name":"Les paris sportifs en ligne \u00e0 Terre-Neuve-et-Labrador [2023]","isPartOf":{"@id":"https:\/\/casinolion.ca\/fr\/#website"},"datePublished":"2020-10-08T06:44:02+00:00","dateModified":"2023-01-04T02:28:18+00:00","breadcrumb":{"@id":"https:\/\/casinolion.ca\/newfoundland-and-labrador-sportsbooks\/#breadcrumb"},"inLanguage":"fr-CA","potentialAction":[{"@type":"ReadAction","target":["https:\/\/casinolion.ca\/newfoundland-and-labrador-sportsbooks\/"]}]},{"@type":"BreadcrumbList","@id":"https:\/\/casinolion.ca\/newfoundland-and-labrador-sportsbooks\/#breadcrumb","itemListElement":[{"@type":"ListItem","position":1,"name":"Home","item":"https:\/\/casinolion.ca\/"},{"@type":"ListItem","position":2,"name":"Newfoundland and Labrador Sportsbooks"}]},{"@type":"WebSite","@id":"https:\/\/casinolion.ca\/fr\/#website","url":"https:\/\/casinolion.ca\/fr\/","name":"","description":"","potentialAction":[{"@type":"SearchAction","target":{"@type":"EntryPoint","urlTemplate":"https:\/\/casinolion.ca\/fr\/?s={search_term_string}"},"query-input":{"@type":"PropertyValueSpecification","valueRequired":true,"valueName":"search_term_string"}}],"inLanguage":"fr-CA"}]}},"_links":{"self":[{"href":"https:\/\/casinolion.ca\/fr\/wp-json\/wp\/v2\/pages\/12148","targetHints":{"allow":["GET"]}}],"collection":[{"href":"https:\/\/casinolion.ca\/fr\/wp-json\/wp\/v2\/pages"}],"about":[{"href":"https:\/\/casinolion.ca\/fr\/wp-json\/wp\/v2\/types\/page"}],"author":[{"embeddable":true,"href":"https:\/\/casinolion.ca\/fr\/wp-json\/wp\/v2\/users\/1"}],"replies":[{"embeddable":true,"href":"https:\/\/casinolion.ca\/fr\/wp-json\/wp\/v2\/comments?post=12148"}],"version-history":[{"count":0,"href":"https:\/\/casinolion.ca\/fr\/wp-json\/wp\/v2\/pages\/12148\/revisions"}],"wp:attachment":[{"href":"https:\/\/casinolion.ca\/fr\/wp-json\/wp\/v2\/media?parent=12148"}],"curies":[{"name":"wp","href":"https:\/\/api.w.org\/{rel}","templated":true}]}}