
{"id":12440,"date":"2020-11-16T23:05:54","date_gmt":"2020-11-16T23:05:54","guid":{"rendered":"https:\/\/www.canadiancasinos.ca\/?page_id=12440"},"modified":"2020-11-18T04:24:32","modified_gmt":"2020-11-18T04:24:32","slug":"betting-types-explained","status":"publish","type":"page","link":"https:\/\/casinolion.ca\/fr\/betting-types-explained\/","title":{"rendered":"Les types de paris expliqu\u00e9s"},"content":{"rendered":"<h2>Les types de paris expliqu\u00e9s<\/h2>\n<p>Le sport et les paris sportifs vont de pair depuis si longtemps qu'il est presque impossible d'imaginer l'un sans l'autre. Dans certains pays, comme le Canada, les paris sportifs sont ancr\u00e9s dans la culture. Par exemple, m\u00eame lorsque tous les jeux d'argent \u00e9taient interdits au Canada, les parieurs pouvaient toujours parier sur les courses de chevaux librement et l\u00e9galement.<\/p>\n<p>Au fil des ans, les paris sportifs dans le Grand Nord, principalement gr\u00e2ce aux paris en ligne dans les paris sportifs, ont explos\u00e9 en termes de revenus et d'options de paris. En ce qui concerne les options de paris, il convient de souligner qu'elles diff\u00e8rent consid\u00e9rablement selon le type de sport sur lequel vous pariez. Parmi les types de paris les plus courants, citons les paris sur les lignes d'argent, les d\u00e9passements de limites, les \u00e9carts de points, les paris \u00e0 la carte, etc.<\/p>\n<p>Ces types de paris sont disponibles pour la plupart des sports populaires au Canada, c'est pourquoi nous les d\u00e9crirons en d\u00e9tail dans les paragraphes suivants.<\/p>\n<h2>Format des cotes de paris canadiens<\/h2>\n<p>Avant d'aborder les diff\u00e9rents paris sportifs que vous pouvez placer, nous devons d'abord nous pencher sur le format des cotes utilis\u00e9 par les paris sportifs canadiens. Tous les sites de paris canadiens utilisent le format de cote europ\u00e9en, \u00e9galement connu sous le nom de format d\u00e9cimal. Ce format est repr\u00e9sent\u00e9 par des nombres droits et leurs d\u00e9cimales qui indiquent le montant que l'on peut gagner pour chaque C$1 mis\u00e9e.<\/p>\n<p>Ce type de format de cote est pr\u00e9sent non seulement au Canada et en Europe, mais aussi en Australie. Il indique le paiement total plut\u00f4t que le b\u00e9n\u00e9fice, ce qui signifie que votre mise est d\u00e9j\u00e0 incluse. Par exemple, si la cote pour une victoire de l'\u00e9quipe locale dans un match entre les Ottawa Redblacks et les Saskatchewan Roughriders est de 2,5 et que vous avez mis\u00e9 C$100, le paiement total sera C$250, ce qui signifie que vous avez l'intention de gagner C$150.<\/p>\n<h2>Types de paris les plus courants<\/h2>\n<p>Le r\u00f4le des options de paris et des diff\u00e9rents types de paris est de pr\u00e9senter toutes les issues possibles des jeux et des situations sur lesquelles vous pouvez parier. Chaque march\u00e9 de paris sportifs a forc\u00e9ment ses propres options, voire des options qui lui sont propres, mais certains types de paris sont in\u00e9vitables, alors concentrons-nous sur eux.<\/p>\n<h3>Moneyline\/Win Bets<\/h3>\n<p>Les paris sur la ligne d'argent, \u00e9galement appel\u00e9s paris gagnants, sont le type de pari le plus courant dans les paris sportifs. Essentiellement, un pari sur la ligne d'argent ou sur la victoire vous permet de parier sur la personne qui, selon vous, remportera le match ou la comp\u00e9tition. Ces paris sont les plus courants dans la NHL, la NFL, la CFL, la NBA et la MLB. Prenons un exemple.<\/p>\n<p>Supposons que vous souhaitiez parier sur les Canadiens de Montr\u00e9al lors d'un match contre les Maple Leafs de Toronto, et que la cote de la victoire de l'\u00e9quipe montr\u00e9alaise soit de 1,5. Si vous placez un pari C$100 et que vous avez raison, vous repartirez avec un profit de C$50. Tous les paris gagnants sont r\u00e9gl\u00e9s apr\u00e8s que les officiels ont d\u00e9clar\u00e9 la fin du match, et toute prolongation potentielle sera incluse.<\/p>\n<h3>Paris sup\u00e9rieurs ou inf\u00e9rieurs ou totaux<\/h3>\n<p>Comme pour la ligne d'argent, ce type de pari a des noms interchangeables. Il est largement connu sous le nom de over\/under au Canada, mais certains paris sportifs peuvent utiliser le nom am\u00e9ricain - totals. Essentiellement, un pari over\/under est un pari pr\u00e9disant le nombre de points d'un match. Un bookmaker fixera le nombre de points le plus probable.<\/p>\n<p>Les joueurs qui placent alors un over bet croient qu'il y aura plus de points dans ce match que ce qu'a pr\u00e9dit le bookmaker. D'autre part, ceux qui placent un pari \"under\" sont pr\u00eats \u00e0 miser leur argent sur le fait qu'il n'y aura pas autant de points.<\/p>\n<h3>Spread Betting<\/h3>\n<p>Un autre type de pari fr\u00e9quemment observ\u00e9 est le pari sur l'\u00e9cart, \u00e9galement connu sous le nom de pari sur le handicap. Pour ce type de pari, les paris sportifs canadiens choisissent le favori du match et le nombre total de points par lesquels ils pensent que l'\u00e9quipe remportera le match. C'est \u00e0 vous, le joueur, d'\u00eatre d'accord ou non avec le bookmaker et de placer votre pari en cons\u00e9quence.<\/p>\n<p>Par exemple, imaginons un match entre les Los Angeles Lakers et les Toronto Raptors, o\u00f9 les Lakers sont consid\u00e9r\u00e9s comme favoris pour gagner le match par une marge de cinq points. Si vous \u00eates d'accord avec l'estimation, vous placerez un pari sur les Lakers. Si vous pensez que les Raptors sortiront vainqueurs ou perdront par quatre points ou moins, vous placerez un pari sur eux. Dans les deux cas, l'\u00e9cart de points doit \u00eatre couvert pour que le pari soit r\u00e9gl\u00e9.<\/p>\n<p>Les paris sur les \u00e9carts sont \u00e9galement connus sous le nom de \"puck line bets\" dans le hockey NHL et de \"runline bets\" dans le baseball. Dans la LNH, les pronostiqueurs donnent g\u00e9n\u00e9ralement un avantage de 1,5 aux outsiders et un retard de 1,5 aux favoris. Les favoris doivent gagner par deux buts ou plus pour que le pari sur la ligne de palet que vous placez sur eux soit couronn\u00e9 de succ\u00e8s, tandis que les outsiders doivent gagner ou perdre par un seul but pour couvrir leur ligne.<\/p>\n<h3>Futures<\/h3>\n<p>Les paris \u00e0 terme sont facilement applicables dans tous les sports professionnels du Canada, car il s'agit de paris que vous placez sur l'\u00e9quipe ou l'athl\u00e8te individuel qui, selon vous, remportera une comp\u00e9tition ou un tournoi. Ces paris sont g\u00e9n\u00e9ralement plac\u00e9s avant que la ligue ou la comp\u00e9tition n'ait lieu, ce qui les rend extr\u00eamement difficiles. Cependant, les gains qui peuvent d\u00e9couler du choix du bon pari sur les futures sont \u00e9galement substantiels. N'oubliez cependant pas que ces paris sont parmi les plus risqu\u00e9s.<\/p>\n<h3>Paris Prop<\/h3>\n<p>Les paris sur les propositions font partie des paris les plus r\u00e9pandus. Ils sont \u00e9galement connus sous le nom de paris sp\u00e9cialis\u00e9s et concernent \u00e0 peu pr\u00e8s n'importe quoi. Vous pouvez parier sur le moment o\u00f9 le premier touchdown aura lieu lors d'un match de football ou sur le nombre d'arr\u00eats d'un gardien de but lors d'un match de hockey. Il existe un large \u00e9ventail d'options, et les agences de paris sportifs font g\u00e9n\u00e9ralement preuve d'une grande imagination lorsqu'il s'agit de propositions de paris ou de paris sp\u00e9ciaux.<\/p>\n<h3>Parions sur le pari<\/h3>\n<p>Les paris Parlay ou accumulateurs sont des paris qui comprennent plusieurs paris plac\u00e9s sur diff\u00e9rents \u00e9v\u00e9nements et qui sont ensuite consid\u00e9r\u00e9s comme un seul pari. Le probl\u00e8me est que tous vos choix sur le ticket de pari doivent \u00eatre corrects.<\/p>\n<p>Si une seule s\u00e9lection est erron\u00e9e, vous ne gagnerez pas un centime. Nous ne recommandons pas aux nouveaux venus de parier sur des paris de type Parlay, mais le potentiel de gain de ces paris ne doit pas \u00eatre n\u00e9glig\u00e9. Les gains de ces paris sont calcul\u00e9s en multipliant toutes les cotes par le montant que vous avez mis\u00e9.<\/p>\n<h2>R\u00e9flexions finales<\/h2>\n<p>Les paris sportifs se pr\u00e9sentent sous diff\u00e9rentes formes et tailles. Toutefois, les types de paris pr\u00e9sent\u00e9s ici comptent parmi les plus courants et sont pr\u00e9sents dans tous les sports les plus populaires au Canada, comme le hockey, le football, le basket-ball, le base-ball et d'autres encore. Quel que soit le pari que vous choisissez, assurez-vous de ne jamais miser plus que ce que vous pouvez vous permettre de perdre et de toujours jouer de fa\u00e7on responsable.<\/p>\n<h2>Articles connexes<\/h2>\n<ul>\n<li><a href=\"https:\/\/casinolion.ca\/fr\/types-of-ice-hockey-bets\/\">Options de paris sur le hockey sur glace<\/a><\/li>\n<li><a href=\"https:\/\/casinolion.ca\/fr\/betting-types-explained\/ufc-betting-in-canada\/\">Parions sur l'UFC<\/a><\/li>\n<li><a href=\"https:\/\/casinolion.ca\/fr\/betting-types-explained\/how-to-bet-on-esports\/\">Pari eSports<\/a><\/li>\n<\/ul>","protected":false},"excerpt":{"rendered":"<p>Les types de paris expliqu\u00e9s Le sport et les paris sportifs vont de pair depuis si longtemps qu'il est presque impossible d'imaginer l'un sans l'autre. Dans certains pays, comme le Canada, les paris sportifs font partie int\u00e9grante de la culture. Par exemple, m\u00eame lorsque tous les jeux d'argent ont \u00e9t\u00e9 interdits au Canada, les parieurs pouvaient toujours [...]<\/p>","protected":false},"author":1,"featured_media":0,"parent":0,"menu_order":0,"comment_status":"closed","ping_status":"closed","template":"","meta":{"_acf_changed":false,"footnotes":""},"class_list":["post-12440","page","type-page","status-publish","hentry"],"acf":[],"yoast_head":"<!-- This site is optimized with the Yoast SEO plugin v26.1.1 - https:\/\/yoast.com\/wordpress\/plugins\/seo\/ -->\n<title>Betting Types Explained - How to Bet Online<\/title>\n<meta name=\"robots\" content=\"index, follow, max-snippet:-1, max-image-preview:large, max-video-preview:-1\" \/>\n<link rel=\"canonical\" href=\"https:\/\/casinolion.ca\/fr\/betting-types-explained\/\" \/>\n<meta property=\"og:locale\" content=\"fr_CA\" \/>\n<meta property=\"og:type\" content=\"article\" \/>\n<meta property=\"og:title\" content=\"Betting Types Explained - How to Bet Online\" \/>\n<meta property=\"og:description\" content=\"Betting Types Explained Sports and sports betting have gone hand in hand for such a long time that it is almost impossible to think of one without the other. In some places, such as Canada, sports betting is embedded in the culture. For example, even when all gambling was banned in Canada, punters could still [&hellip;]\" \/>\n<meta property=\"og:url\" content=\"https:\/\/casinolion.ca\/fr\/betting-types-explained\/\" \/>\n<meta property=\"article:modified_time\" content=\"2020-11-18T04:24:32+00:00\" \/>\n<meta name=\"twitter:card\" content=\"summary_large_image\" \/>\n<meta name=\"twitter:label1\" content=\"Estimation du temps de lecture\" \/>\n\t<meta name=\"twitter:data1\" content=\"6 minutes\" \/>\n<script type=\"application\/ld+json\" class=\"yoast-schema-graph\">{\"@context\":\"https:\/\/schema.org\",\"@graph\":[{\"@type\":\"WebPage\",\"@id\":\"https:\/\/casinolion.ca\/betting-types-explained\/\",\"url\":\"https:\/\/casinolion.ca\/betting-types-explained\/\",\"name\":\"Betting Types Explained - How to Bet Online\",\"isPartOf\":{\"@id\":\"https:\/\/casinolion.ca\/fr\/#website\"},\"datePublished\":\"2020-11-16T23:05:54+00:00\",\"dateModified\":\"2020-11-18T04:24:32+00:00\",\"breadcrumb\":{\"@id\":\"https:\/\/casinolion.ca\/betting-types-explained\/#breadcrumb\"},\"inLanguage\":\"fr-CA\",\"potentialAction\":[{\"@type\":\"ReadAction\",\"target\":[\"https:\/\/casinolion.ca\/betting-types-explained\/\"]}]},{\"@type\":\"BreadcrumbList\",\"@id\":\"https:\/\/casinolion.ca\/betting-types-explained\/#breadcrumb\",\"itemListElement\":[{\"@type\":\"ListItem\",\"position\":1,\"name\":\"Home\",\"item\":\"https:\/\/casinolion.ca\/\"},{\"@type\":\"ListItem\",\"position\":2,\"name\":\"Betting Types Explained\"}]},{\"@type\":\"WebSite\",\"@id\":\"https:\/\/casinolion.ca\/fr\/#website\",\"url\":\"https:\/\/casinolion.ca\/fr\/\",\"name\":\"\",\"description\":\"\",\"potentialAction\":[{\"@type\":\"SearchAction\",\"target\":{\"@type\":\"EntryPoint\",\"urlTemplate\":\"https:\/\/casinolion.ca\/fr\/?s={search_term_string}\"},\"query-input\":{\"@type\":\"PropertyValueSpecification\",\"valueRequired\":true,\"valueName\":\"search_term_string\"}}],\"inLanguage\":\"fr-CA\"}]}<\/script>\n<!-- \/ Yoast SEO plugin. -->","yoast_head_json":{"title":"Types de paris expliqu\u00e9s - Comment parier en ligne","robots":{"index":"index","follow":"follow","max-snippet":"max-snippet:-1","max-image-preview":"max-image-preview:large","max-video-preview":"max-video-preview:-1"},"canonical":"https:\/\/casinolion.ca\/fr\/betting-types-explained\/","og_locale":"fr_CA","og_type":"article","og_title":"Betting Types Explained - How to Bet Online","og_description":"Betting Types Explained Sports and sports betting have gone hand in hand for such a long time that it is almost impossible to think of one without the other. In some places, such as Canada, sports betting is embedded in the culture. For example, even when all gambling was banned in Canada, punters could still [&hellip;]","og_url":"https:\/\/casinolion.ca\/fr\/betting-types-explained\/","article_modified_time":"2020-11-18T04:24:32+00:00","twitter_card":"summary_large_image","twitter_misc":{"Estimation du temps de lecture":"6 minutes"},"schema":{"@context":"https:\/\/schema.org","@graph":[{"@type":"WebPage","@id":"https:\/\/casinolion.ca\/betting-types-explained\/","url":"https:\/\/casinolion.ca\/betting-types-explained\/","name":"Types de paris expliqu\u00e9s - Comment parier en ligne","isPartOf":{"@id":"https:\/\/casinolion.ca\/fr\/#website"},"datePublished":"2020-11-16T23:05:54+00:00","dateModified":"2020-11-18T04:24:32+00:00","breadcrumb":{"@id":"https:\/\/casinolion.ca\/betting-types-explained\/#breadcrumb"},"inLanguage":"fr-CA","potentialAction":[{"@type":"ReadAction","target":["https:\/\/casinolion.ca\/betting-types-explained\/"]}]},{"@type":"BreadcrumbList","@id":"https:\/\/casinolion.ca\/betting-types-explained\/#breadcrumb","itemListElement":[{"@type":"ListItem","position":1,"name":"Home","item":"https:\/\/casinolion.ca\/"},{"@type":"ListItem","position":2,"name":"Betting Types Explained"}]},{"@type":"WebSite","@id":"https:\/\/casinolion.ca\/fr\/#website","url":"https:\/\/casinolion.ca\/fr\/","name":"","description":"","potentialAction":[{"@type":"SearchAction","target":{"@type":"EntryPoint","urlTemplate":"https:\/\/casinolion.ca\/fr\/?s={search_term_string}"},"query-input":{"@type":"PropertyValueSpecification","valueRequired":true,"valueName":"search_term_string"}}],"inLanguage":"fr-CA"}]}},"_links":{"self":[{"href":"https:\/\/casinolion.ca\/fr\/wp-json\/wp\/v2\/pages\/12440","targetHints":{"allow":["GET"]}}],"collection":[{"href":"https:\/\/casinolion.ca\/fr\/wp-json\/wp\/v2\/pages"}],"about":[{"href":"https:\/\/casinolion.ca\/fr\/wp-json\/wp\/v2\/types\/page"}],"author":[{"embeddable":true,"href":"https:\/\/casinolion.ca\/fr\/wp-json\/wp\/v2\/users\/1"}],"replies":[{"embeddable":true,"href":"https:\/\/casinolion.ca\/fr\/wp-json\/wp\/v2\/comments?post=12440"}],"version-history":[{"count":0,"href":"https:\/\/casinolion.ca\/fr\/wp-json\/wp\/v2\/pages\/12440\/revisions"}],"wp:attachment":[{"href":"https:\/\/casinolion.ca\/fr\/wp-json\/wp\/v2\/media?parent=12440"}],"curies":[{"name":"wp","href":"https:\/\/api.w.org\/{rel}","templated":true}]}}