
{"id":12443,"date":"2020-11-16T23:22:11","date_gmt":"2020-11-16T23:22:11","guid":{"rendered":"https:\/\/www.canadiancasinos.ca\/?page_id=12443"},"modified":"2020-11-16T23:22:45","modified_gmt":"2020-11-16T23:22:45","slug":"ufc-betting-in-canada","status":"publish","type":"page","link":"https:\/\/casinolion.ca\/fr\/betting-types-explained\/ufc-betting-in-canada\/","title":{"rendered":"Parier sur l'UFC au Canada"},"content":{"rendered":"<h2>Parier sur l'UFC au Canada<\/h2>\n<p>M\u00eame s'il n'y a pas beaucoup de combattants canadiens de MMA, ce sport est tr\u00e8s populaire dans le Grand Nord Blanc, et lorsqu'il y a une passion pour un sport particulier, il y aura toujours un moyen de parier dessus.<\/p>\n<p>Heureusement, le Canada est l'un des meilleurs endroits o\u00f9 se trouver si vous voulez profiter des paris UFC en ligne. Les r\u00e9sidents canadiens ont acc\u00e8s \u00e0 un grand nombre de paris sportifs majeurs, et la plupart d'entre eux proposent des paris sur l'UFC.<\/p>\n<h2>Les meilleurs sites de paris sur l'UFC au Canada<\/h2>\n<p>Les lois canadiennes peuvent \u00eatre interpr\u00e9t\u00e9es de telle sorte que toutes les formes de paris en ligne sont consid\u00e9r\u00e9es comme l\u00e9gales. Outre les paris sportifs g\u00e9r\u00e9s par les provinces, de nombreux sites de paris offshore permettent aux Canadiens de cr\u00e9er des comptes en argent r\u00e9el et de profiter d'un large \u00e9ventail de march\u00e9s de paris.<\/p>\n<p>Nous avons s\u00e9lectionn\u00e9 une poign\u00e9e d'op\u00e9rateurs de paris canadiens conviviaux qui pourraient vous int\u00e9resser. Tous ces sites couvrent largement les \u00e9v\u00e9nements les plus populaires de l'UFC, proposent des cotes int\u00e9ressantes et des bonus int\u00e9ressants pour les nouveaux joueurs. N'h\u00e9sitez pas \u00e0 les consulter !<\/p>\n<table class=\"flex-container column casinoTable bankingTbl\">\n<thead>\n<tr>\n<td>#<\/td>\n<td>Livre de sport<\/td>\n<td>Bonus<\/td>\n<td>Jouer<\/td>\n<\/tr>\n<\/thead>\n<tbody>\n<tr class=\"flex-row other-rows\">\n<td>1<\/td>\n<td class=\"medium-md large-md half-col\"><a class=\"\" href=\"https:\/\/ic.aff-handler.com\/c\/39133?sr=1370930\" target=\"_blank\" rel=\"nofollow noopener noreferrer\"><br \/>\n<img decoding=\"async\" class=\"alignnone size-full wp-image-12108\" src=\"https:\/\/www.casinolion.ca\/wp-content\/uploads\/2020\/10\/888sport-logo-sq-1.png\" alt=\"\" width=\"80\" height=\"80\" srcset=\"https:\/\/casinolion.ca\/wp-content\/uploads\/2020\/10\/888sport-logo-sq-1.png 80w, https:\/\/casinolion.ca\/wp-content\/uploads\/2020\/10\/888sport-logo-sq-1-36x36.png 36w\" sizes=\"(max-width: 80px) 100vw, 80px\" \/><br \/>\n<\/a><\/td>\n<td class=\"medium-lg large-md hide casino-name-wrap\">\n<h3>888Sport<\/h3>\n<\/td>\n<td class=\"medium-xl large-xl half-col table-spacing\"><span class=\"bonusType\">Bonus d'inscription<\/span><span class=\"bonusOffer\"><span class=\"bonus-percent\">100% <span class=\"up-to\">jusqu'\u00e0<\/span><\/span> <span class=\"max-bonus\"><small>C$<\/small>200<\/span><span class=\"free-spins spins\"> + $10 Bonus Casino<\/span><\/span><\/td>\n<td class=\"small-xxl medium-md large-lg links\"><a class=\"buttonLink visit visitBtn\" href=\"https:\/\/ic.aff-handler.com\/c\/39133?sr=1370930\" target=\"_blank\" rel=\"nofollow noopener noreferrer\">MISER MAINTENANT<\/a><\/td>\n<\/tr>\n<tr class=\"flex-row other-rows\">\n<td>2<\/td>\n<td class=\"medium-md large-md half-col\"><a class=\"\" href=\"\/fr\/visit\/betzest-casino\/\" target=\"_blank\" rel=\"nofollow noopener noreferrer\"><br \/>\n<img decoding=\"async\" class=\"casinoLogo lazyloaded\" src=\"https:\/\/a2.lcb.org\/system\/modules\/casino\/logos\/attachments\/000\/251\/649\/original\/betzest_logo.png?1531092747\" alt=\"Betzest Casino\" data-lazy-src=\"https:\/\/a2.lcb.org\/system\/modules\/casino\/logos\/attachments\/000\/251\/649\/original\/betzest_logo.png?1531092747\" data-was-processed=\"true\" \/><noscript><img decoding=\"async\" alt=\"Betzest Casino\" class=\"casinoLogo\" src=\"https:\/\/a2.lcb.org\/system\/modules\/casino\/logos\/attachments\/000\/251\/649\/original\/betzest_logo.png?1531092747\"><\/noscript><br \/>\n<\/a><\/td>\n<td class=\"medium-lg large-md hide casino-name-wrap\">\n<h3>Betzest<\/h3>\n<\/td>\n<td class=\"medium-xl large-xl half-col table-spacing\"><span class=\"bonusType\">Bonus sans d\u00e9p\u00f4t<\/span><span class=\"bonusOffer\"><span class=\"bonus-percent-bigger\"><small>$\/\u20ac<\/small> 5<\/span><\/span><\/td>\n<td class=\"small-xxl medium-md large-lg links\"><a class=\"buttonLink visit visitBtn\" href=\"\/fr\/visit\/betzest-casino\/\" target=\"_blank\" rel=\"nofollow noopener noreferrer\">MISER MAINTENANT<\/a><\/td>\n<\/tr>\n<tr class=\"flex-row other-rows\">\n<td>3<\/td>\n<td class=\"medium-md large-md half-col\"><a class=\"\" href=\"\/fr\/visit\/bet365\/\" target=\"_blank\" rel=\"nofollow noopener noreferrer\"><br \/>\n<img decoding=\"async\" class=\"casinoLogo lazyloaded\" src=\"https:\/\/a1.lcb.org\/system\/modules\/casino\/logos\/attachments\/000\/007\/370\/original\/bet365gr.png?1486022129\" alt=\"Bet365 Casino\" data-lazy-src=\"https:\/\/a1.lcb.org\/system\/modules\/casino\/logos\/attachments\/000\/007\/370\/original\/bet365gr.png?1486022129\" data-was-processed=\"true\" \/><noscript><img decoding=\"async\" alt=\"Bet365 Casino\" class=\"casinoLogo\" src=\"https:\/\/a1.lcb.org\/system\/modules\/casino\/logos\/attachments\/000\/007\/370\/original\/bet365gr.png?1486022129\"><\/noscript><br \/>\n<\/a><\/td>\n<td class=\"medium-lg large-md hide casino-name-wrap\">\n<h3>Bet365 Casino<\/h3>\n<\/td>\n<td class=\"medium-xl large-xl half-col table-spacing\"><\/td>\n<td class=\"small-xxl medium-md large-lg links\"><a class=\"buttonLink visit visitBtn\" href=\"\/fr\/visit\/bet365\/\" target=\"_blank\" rel=\"nofollow noopener noreferrer\">MISER MAINTENANT<\/a><\/td>\n<\/tr>\n<tr class=\"flex-row other-rows\">\n<td>4<\/td>\n<td class=\"medium-md large-md half-col\"><a class=\"\" href=\"\/fr\/visit\/bodog-casino\/\" target=\"_blank\" rel=\"nofollow noopener noreferrer\"><br \/>\n<img decoding=\"async\" class=\"casinoLogo lazyloaded\" src=\"https:\/\/a1.lcb.org\/system\/modules\/casino\/logos\/attachments\/000\/009\/050\/original\/bodog-casino.png?1486022397\" alt=\"Bodog\" data-lazy-src=\"https:\/\/a1.lcb.org\/system\/modules\/casino\/logos\/attachments\/000\/009\/050\/original\/bodog-casino.png?1486022397\" data-was-processed=\"true\" \/><noscript><img decoding=\"async\" alt=\"Bodog Casino\" class=\"casinoLogo\" src=\"https:\/\/a1.lcb.org\/system\/modules\/casino\/logos\/attachments\/000\/009\/050\/original\/bodog-casino.png?1486022397\"><\/noscript><br \/>\n<\/a><\/td>\n<td class=\"medium-lg large-md hide casino-name-wrap\">\n<h3>Bodog<\/h3>\n<\/td>\n<td class=\"medium-xl large-xl half-col table-spacing\"><span class=\"bonusType\">Bonus d'inscription<\/span><span class=\"bonusOffer\"><span class=\"bonus-percent\">150% <span class=\"up-to\">jusqu'\u00e0<\/span><\/span> <span class=\"max-bonus\"><small>C$<\/small> 900<\/span><\/span><\/td>\n<td class=\"small-xxl medium-md large-lg links\"><a class=\"buttonLink visit visitBtn\" href=\"\/fr\/visit\/bodog-casino\/\" target=\"_blank\" rel=\"nofollow noopener noreferrer\">MISER MAINTENANT<\/a><\/td>\n<\/tr>\n<tr class=\"flex-row other-rows\">\n<td>5<\/td>\n<td class=\"medium-md large-md half-col\"><a class=\"\" href=\"\/fr\/visit\/10bet-casino\/\" target=\"_blank\" rel=\"nofollow noopener noreferrer\"><br \/>\n<img decoding=\"async\" class=\"casinoLogo lazyloaded\" src=\"https:\/\/a1.lcb.org\/system\/modules\/casino\/logos\/attachments\/000\/009\/590\/original\/10bet_logo_21.03.2020..png?1584792344\" alt=\"10Bet Casino\" data-lazy-src=\"https:\/\/a1.lcb.org\/system\/modules\/casino\/logos\/attachments\/000\/009\/590\/original\/10bet_logo_21.03.2020..png?1584792344\" data-was-processed=\"true\" \/><noscript><img decoding=\"async\" alt=\"10Bet Casino\" class=\"casinoLogo\" src=\"https:\/\/a1.lcb.org\/system\/modules\/casino\/logos\/attachments\/000\/009\/590\/original\/10bet_logo_21.03.2020..png?1584792344\"><\/noscript><br \/>\n<\/a><\/td>\n<td class=\"medium-lg large-md hide casino-name-wrap\">\n<h3>10Bet Casino<\/h3>\n<\/td>\n<td class=\"medium-xl large-xl half-col table-spacing\"><span class=\"bonusType\">Bonus d'inscription<\/span><span class=\"bonusOffer\"><span class=\"bonus-percent\">100% <span class=\"up-to\">jusqu'\u00e0<\/span><\/span> <span class=\"max-bonus\"><small>C$<\/small> 150<\/span><span class=\"free-spins spins\"> + 25 Spins<\/span><\/span><\/td>\n<td class=\"small-xxl medium-md large-lg links\"><a class=\"buttonLink visit visitBtn\" href=\"\/fr\/visit\/10bet-casino\/\" target=\"_blank\" rel=\"nofollow noopener noreferrer\">MISER MAINTENANT<\/a><\/td>\n<\/tr>\n<\/tbody>\n<\/table>\n<h2>Les diff\u00e9rents types de paris sur l'UFC<\/h2>\n<p>Tous les sports de combat se terminent g\u00e9n\u00e9ralement par l'un des deux r\u00e9sultats suivants. Toutefois, les paris sur l'UFC ne se limitent pas \u00e0 d\u00e9signer le vainqueur du combat.<\/p>\n<p>L'\u00e9ventail des march\u00e9s de paris sur l'UFC n'est peut-\u00eatre pas aussi large que pour des sports comme le football, le basket-ball, le football am\u00e9ricain et le hockey sur glace, mais il existe tout de m\u00eame plusieurs fa\u00e7ons de placer des paris sur un \u00e9v\u00e9nement de l'UFC.<\/p>\n<h3>Vainqueur du combat<\/h3>\n<p>Il s'agit du march\u00e9 de paris le plus simple \u00e0 comprendre. Il y a deux combattants et vous devez parier sur celui qui finira par gagner, quelle que soit la m\u00e9thode de victoire ou le nombre de rounds.<\/p>\n<p>Les cotes peuvent \u00eatre \u00e9lev\u00e9es ou faibles, en fonction de la diff\u00e9rence de qualit\u00e9 entre les combattants. Les combats serr\u00e9s peuvent avoir une cote comprise entre +100 et -125, tandis que les combats dans lesquels il y a un grand favori peuvent avoir une cote de -1000 pour le favori et de +750 ou plus si vous soutenez l'outsider.<\/p>\n<p>Dans de rares cas, les combats de l'UFC se terminent par un match nul. Vous pourrez \u00e9galement parier sur ce cas, et les cotes seront assez \u00e9lev\u00e9es, g\u00e9n\u00e9ralement +5000 ou plus.<\/p>\n<h3>Nombre total de tours (sup\u00e9rieur\/inf\u00e9rieur)<\/h3>\n<p>Si vous pouvez pr\u00e9dire le nombre de rounds avant la fin du combat, presque tous les sites de paris sur l'UFC au Canada vous permettront de parier dessus.<\/p>\n<p>Le nombre total de rounds est un march\u00e9 over\/under, ce qui signifie que vous pariez pour que le nombre de rounds soit sup\u00e9rieur ou inf\u00e9rieur au nombre donn\u00e9 par le bookmaker.<\/p>\n<p>Par exemple, si ce chiffre est de 3,5, vous miserez sur plus si vous pensez qu'il y aura quatre rounds ou plus et sur moins si vous pensez que le combat se terminera avant le quatri\u00e8me round.<\/p>\n<p>Certains paris sportifs canadiens en ligne peuvent \u00e9galement vous donner la possibilit\u00e9 de deviner le nombre exact de rounds avec le vainqueur. Par exemple, vous pouvez parier sur la victoire du combattant A au troisi\u00e8me round.<\/p>\n<h3>La m\u00e9thode de la victoire<\/h3>\n<p>La m\u00e9thode de victoire est un autre march\u00e9 de paris UFC tr\u00e8s populaire. Il y a g\u00e9n\u00e9ralement trois fa\u00e7ons de parier sur la victoire d'un combattant : par KO (y compris TKO et DQ), par soumission et par d\u00e9cision.<\/p>\n<p>Cependant, vous ne pouvez pas encercler KO et esp\u00e9rer que l'un ou l'autre des combattants termine le combat par KO. Vous devez \u00e9galement choisir un combattant.<\/p>\n<h3>Pari combin\u00e9<\/h3>\n<p>M\u00eame si vous ne trouverez pas ce march\u00e9 sur tous les sites de paris canadiens sur l'UFC, il s'agit probablement du pari le plus excitant que vous puissiez faire, et il offre des cotes relativement \u00e9lev\u00e9es.<\/p>\n<p>Les paris combin\u00e9s vous permettent de combiner le vainqueur du combat, le nombre de rounds et la m\u00e9thode de victoire. Par exemple, vous pouvez parier sur la victoire du combattant A par soumission en moins de 3,5 rounds.<\/p>\n<h3>Futures<\/h3>\n<p>Les paris \u00e0 terme sur l'UFC ne fonctionnent pas comme les paris \u00e0 terme sur d'autres sports. En football, vous pouvez parier sur l'\u00e9quipe qui remportera la comp\u00e9tition ou sur le joueur qui recevra le prix de la meilleure performance.<\/p>\n<p>Toutefois, dans le cadre de l'UFC, les paris sur l'avenir portent sur des \u00e9l\u00e9ments tels que l'identit\u00e9 du prochain combattant, le fait que le combat aura lieu ou non, et d'autres circonstances.<\/p>\n<h2>Les \u00e9v\u00e9nements les plus populaires de l'UFC<\/h2>\n<p>Les \u00e9v\u00e9nements de l'UFC sont pass\u00e9s d'une fr\u00e9quence de quelques fois par an dans les ann\u00e9es 90 \u00e0 plusieurs fois par mois, comme c'est le cas aujourd'hui.<\/p>\n<p>Les plus populaires d'entre eux sont les \u00e9v\u00e9nements \u2018num\u00e9rot\u00e9s\u2019 qui se d\u00e9roulent g\u00e9n\u00e9ralement une fois par mois, le prochain \u00e9tant l'UFC 255, pr\u00e9vu pour le 21 novembre 2020 \u00e0 Las Vegas. Il y a aussi les UFC Fight Nights qui sont organis\u00e9es plus r\u00e9guli\u00e8rement.<\/p>\n<h2>Parions en direct sur l'UFC<\/h2>\n<p>Outre les paris sur les march\u00e9s d'avant-match, la plupart des sites de paris canadiens sur l'UFC vous permettent de parier pendant le combat en direct. Les march\u00e9s sont pratiquement les m\u00eames, vous pouvez donc toujours parier sur le vainqueur, le nombre de rounds et la m\u00e9thode de victoire \u00e0 n'importe quel moment du combat.<\/p>\n<h2>Bonus de paris sur l'UFC<\/h2>\n<p>Les sites de paris sportifs canadiens ont tendance \u00e0 r\u00e9compenser les nouveaux joueurs avec des bonus en esp\u00e8ces et des paris gratuits. Ces bonus peuvent g\u00e9n\u00e9ralement \u00eatre utilis\u00e9s pour tous les sports propos\u00e9s sur le site, y compris l'UFC.<\/p>\n<p>Les paris gratuits sont \u00e9mis lorsque vous cr\u00e9ez un compte, effectuez un d\u00e9p\u00f4t minimum et placez un pari qualifiant. Selon le site web, les r\u00e8gles peuvent diff\u00e9rer en termes de cotes minimales et d'exigences de mise.<\/p>\n<h2>Ce qu'il faut rechercher dans les sites de paris canadiens sur l'UFC<\/h2>\n<p>Bien que nous ayons partag\u00e9 une liste des meilleurs sites de paris canadiens sur l'UFC, vous ne devriez pas choisir un site au hasard et commencer \u00e0 parier. Il y a beaucoup d'\u00e9l\u00e9ments \u00e0 prendre en consid\u00e9ration, tels que :<\/p>\n<ul>\n<li>Qualit\u00e9 des chances<\/li>\n<li>March\u00e9s de paris disponibles<\/li>\n<li>Options de paris en direct<\/li>\n<li>Bonus et promotions<\/li>\n<li>Limites minimales et maximales des mises<\/li>\n<li>Limites minimales et maximales de d\u00e9p\u00f4t\/retrait<\/li>\n<li>Nombre de modes de paiement<\/li>\n<li>Site et application mobiles<\/li>\n<\/ul>\n<p>Ce n'est qu'en tenant compte de tous ces facteurs que vous pourrez trouver le site de paris sur l'UFC qui vous convient le mieux.<\/p>\n<h2>FAQ sur les paris UFC au Canada<\/h2>\n<h3>Les paris en ligne sur l'UFC sont-ils l\u00e9gaux au Canada ?<\/h3>\n<p>La l\u00e9gislation canadienne sur les paris est quelque peu confuse et sujette \u00e0 interpr\u00e9tation. Certaines provinces canadiennes ont rendu les paris en ligne l\u00e9gaux et proposent des sites de paris officiels \u00e0 leurs r\u00e9sidents. Cependant, il n'y a rien dans la loi canadienne qui sugg\u00e8re que jouer sur des sites de paris offshore est ill\u00e9gal. Par cons\u00e9quent, tant que le site de paris UFC accepte les Canadiens, vous pourrez y jouer sans craindre de subir des cons\u00e9quences juridiques.<\/p>\n<h3>O\u00f9 puis-je parier sur l'UFC au Canada ?<\/h3>\n<p>Il existe de nombreux paris sportifs en ligne adapt\u00e9s aux Canadiens qui proposent des paris sur l'UFC. Nous en avons trouv\u00e9 quelques-uns parmi les meilleurs, alors n'h\u00e9sitez pas \u00e0 consulter notre liste.<\/p>\n<h3>Quels sont les types de paris sur l'UFC ?<\/h3>\n<p>Il existe plusieurs march\u00e9s de paris pour les combats de l'UFC, notamment le vainqueur du match, le nombre de rounds, la m\u00e9thode de victoire ou la combinaison de tous ces \u00e9l\u00e9ments.<\/p>\n<h3>Les paris en direct sont-ils disponibles pour les combats de l'UFC ?<\/h3>\n<p>Oui, vous pouvez parier sur l'UFC pendant que le combat se d\u00e9roule. C'est particuli\u00e8rement avantageux si le combat a d\u00e9j\u00e0 commenc\u00e9 et que vous avez tard\u00e9 \u00e0 placer vos paris d'avant-combat.<\/p>\n<h3>Existe-t-il des bonus pour les paris sur l'UFC ?<\/h3>\n<p>Oui, les sites de paris sportifs en ligne offrent g\u00e9n\u00e9ralement des bonus en esp\u00e8ces et des paris gratuits qui peuvent \u00eatre utilis\u00e9s sur un large \u00e9ventail de march\u00e9s, y compris ceux de l'UFC.<\/p>","protected":false},"excerpt":{"rendered":"<p>Parier sur l'UFC au Canada M\u00eame s'il n'y a pas beaucoup de combattants canadiens de MMA, ce sport est tr\u00e8s populaire dans le Grand Nord Blanc, et quand il y a une passion pour un sport particulier, il y aura toujours un moyen de parier dessus. Heureusement, le Canada est l'un des meilleurs endroits o\u00f9 se trouver si vous voulez [...]<\/p>","protected":false},"author":1,"featured_media":0,"parent":12440,"menu_order":0,"comment_status":"closed","ping_status":"closed","template":"","meta":{"_acf_changed":false,"footnotes":""},"class_list":["post-12443","page","type-page","status-publish","hentry"],"acf":[],"yoast_head":"<!-- This site is optimized with the Yoast SEO plugin v26.1.1 - https:\/\/yoast.com\/wordpress\/plugins\/seo\/ -->\n<title>UFC Betting in Canada - A Simple How to Guide<\/title>\n<meta name=\"robots\" content=\"index, follow, max-snippet:-1, max-image-preview:large, max-video-preview:-1\" \/>\n<link rel=\"canonical\" href=\"https:\/\/casinolion.ca\/fr\/betting-types-explained\/ufc-betting-in-canada\/\" \/>\n<meta property=\"og:locale\" content=\"fr_CA\" \/>\n<meta property=\"og:type\" content=\"article\" \/>\n<meta property=\"og:title\" content=\"UFC Betting in Canada - A Simple How to Guide\" \/>\n<meta property=\"og:description\" content=\"UFC Betting in Canada Even though there aren\u2019t many Canadian MMA fighters, this sport is very popular in the Great White North, and when there\u2019s a passion for a particular sport, there\u2019s always going to be a way to bet on it. Luckily, Canada is one of the best places to be if you want [&hellip;]\" \/>\n<meta property=\"og:url\" content=\"https:\/\/casinolion.ca\/fr\/betting-types-explained\/ufc-betting-in-canada\/\" \/>\n<meta property=\"article:modified_time\" content=\"2020-11-16T23:22:45+00:00\" \/>\n<meta property=\"og:image\" content=\"https:\/\/www.casinolion.ca\/wp-content\/uploads\/2020\/10\/888sport-logo-sq-1.png\" \/>\n<meta name=\"twitter:card\" content=\"summary_large_image\" \/>\n<meta name=\"twitter:label1\" content=\"Estimation du temps de lecture\" \/>\n\t<meta name=\"twitter:data1\" content=\"6 minutes\" \/>\n<script type=\"application\/ld+json\" class=\"yoast-schema-graph\">{\"@context\":\"https:\/\/schema.org\",\"@graph\":[{\"@type\":\"WebPage\",\"@id\":\"https:\/\/casinolion.ca\/betting-types-explained\/ufc-betting-in-canada\/\",\"url\":\"https:\/\/casinolion.ca\/betting-types-explained\/ufc-betting-in-canada\/\",\"name\":\"UFC Betting in Canada - A Simple How to Guide\",\"isPartOf\":{\"@id\":\"https:\/\/casinolion.ca\/fr\/#website\"},\"primaryImageOfPage\":{\"@id\":\"https:\/\/casinolion.ca\/betting-types-explained\/ufc-betting-in-canada\/#primaryimage\"},\"image\":{\"@id\":\"https:\/\/casinolion.ca\/betting-types-explained\/ufc-betting-in-canada\/#primaryimage\"},\"thumbnailUrl\":\"https:\/\/www.casinolion.ca\/wp-content\/uploads\/2020\/10\/888sport-logo-sq-1.png\",\"datePublished\":\"2020-11-16T23:22:11+00:00\",\"dateModified\":\"2020-11-16T23:22:45+00:00\",\"breadcrumb\":{\"@id\":\"https:\/\/casinolion.ca\/betting-types-explained\/ufc-betting-in-canada\/#breadcrumb\"},\"inLanguage\":\"fr-CA\",\"potentialAction\":[{\"@type\":\"ReadAction\",\"target\":[\"https:\/\/casinolion.ca\/betting-types-explained\/ufc-betting-in-canada\/\"]}]},{\"@type\":\"ImageObject\",\"inLanguage\":\"fr-CA\",\"@id\":\"https:\/\/casinolion.ca\/betting-types-explained\/ufc-betting-in-canada\/#primaryimage\",\"url\":\"https:\/\/www.casinolion.ca\/wp-content\/uploads\/2020\/10\/888sport-logo-sq-1.png\",\"contentUrl\":\"https:\/\/www.casinolion.ca\/wp-content\/uploads\/2020\/10\/888sport-logo-sq-1.png\"},{\"@type\":\"BreadcrumbList\",\"@id\":\"https:\/\/casinolion.ca\/betting-types-explained\/ufc-betting-in-canada\/#breadcrumb\",\"itemListElement\":[{\"@type\":\"ListItem\",\"position\":1,\"name\":\"Home\",\"item\":\"https:\/\/casinolion.ca\/\"},{\"@type\":\"ListItem\",\"position\":2,\"name\":\"Betting Types Explained\",\"item\":\"https:\/\/casinolion.ca\/betting-types-explained\/\"},{\"@type\":\"ListItem\",\"position\":3,\"name\":\"UFC Betting in Canada\"}]},{\"@type\":\"WebSite\",\"@id\":\"https:\/\/casinolion.ca\/fr\/#website\",\"url\":\"https:\/\/casinolion.ca\/fr\/\",\"name\":\"\",\"description\":\"\",\"potentialAction\":[{\"@type\":\"SearchAction\",\"target\":{\"@type\":\"EntryPoint\",\"urlTemplate\":\"https:\/\/casinolion.ca\/fr\/?s={search_term_string}\"},\"query-input\":{\"@type\":\"PropertyValueSpecification\",\"valueRequired\":true,\"valueName\":\"search_term_string\"}}],\"inLanguage\":\"fr-CA\"}]}<\/script>\n<!-- \/ Yoast SEO plugin. -->","yoast_head_json":{"title":"Parier sur l'UFC au Canada - Un simple guide pratique","robots":{"index":"index","follow":"follow","max-snippet":"max-snippet:-1","max-image-preview":"max-image-preview:large","max-video-preview":"max-video-preview:-1"},"canonical":"https:\/\/casinolion.ca\/fr\/betting-types-explained\/ufc-betting-in-canada\/","og_locale":"fr_CA","og_type":"article","og_title":"UFC Betting in Canada - A Simple How to Guide","og_description":"UFC Betting in Canada Even though there aren\u2019t many Canadian MMA fighters, this sport is very popular in the Great White North, and when there\u2019s a passion for a particular sport, there\u2019s always going to be a way to bet on it. Luckily, Canada is one of the best places to be if you want [&hellip;]","og_url":"https:\/\/casinolion.ca\/fr\/betting-types-explained\/ufc-betting-in-canada\/","article_modified_time":"2020-11-16T23:22:45+00:00","og_image":[{"url":"https:\/\/www.casinolion.ca\/wp-content\/uploads\/2020\/10\/888sport-logo-sq-1.png","type":"","width":"","height":""}],"twitter_card":"summary_large_image","twitter_misc":{"Estimation du temps de lecture":"6 minutes"},"schema":{"@context":"https:\/\/schema.org","@graph":[{"@type":"WebPage","@id":"https:\/\/casinolion.ca\/betting-types-explained\/ufc-betting-in-canada\/","url":"https:\/\/casinolion.ca\/betting-types-explained\/ufc-betting-in-canada\/","name":"Parier sur l'UFC au Canada - Un simple guide pratique","isPartOf":{"@id":"https:\/\/casinolion.ca\/fr\/#website"},"primaryImageOfPage":{"@id":"https:\/\/casinolion.ca\/betting-types-explained\/ufc-betting-in-canada\/#primaryimage"},"image":{"@id":"https:\/\/casinolion.ca\/betting-types-explained\/ufc-betting-in-canada\/#primaryimage"},"thumbnailUrl":"https:\/\/www.casinolion.ca\/wp-content\/uploads\/2020\/10\/888sport-logo-sq-1.png","datePublished":"2020-11-16T23:22:11+00:00","dateModified":"2020-11-16T23:22:45+00:00","breadcrumb":{"@id":"https:\/\/casinolion.ca\/betting-types-explained\/ufc-betting-in-canada\/#breadcrumb"},"inLanguage":"fr-CA","potentialAction":[{"@type":"ReadAction","target":["https:\/\/casinolion.ca\/betting-types-explained\/ufc-betting-in-canada\/"]}]},{"@type":"ImageObject","inLanguage":"fr-CA","@id":"https:\/\/casinolion.ca\/betting-types-explained\/ufc-betting-in-canada\/#primaryimage","url":"https:\/\/www.casinolion.ca\/wp-content\/uploads\/2020\/10\/888sport-logo-sq-1.png","contentUrl":"https:\/\/www.casinolion.ca\/wp-content\/uploads\/2020\/10\/888sport-logo-sq-1.png"},{"@type":"BreadcrumbList","@id":"https:\/\/casinolion.ca\/betting-types-explained\/ufc-betting-in-canada\/#breadcrumb","itemListElement":[{"@type":"ListItem","position":1,"name":"Home","item":"https:\/\/casinolion.ca\/"},{"@type":"ListItem","position":2,"name":"Betting Types Explained","item":"https:\/\/casinolion.ca\/betting-types-explained\/"},{"@type":"ListItem","position":3,"name":"UFC Betting in Canada"}]},{"@type":"WebSite","@id":"https:\/\/casinolion.ca\/fr\/#website","url":"https:\/\/casinolion.ca\/fr\/","name":"","description":"","potentialAction":[{"@type":"SearchAction","target":{"@type":"EntryPoint","urlTemplate":"https:\/\/casinolion.ca\/fr\/?s={search_term_string}"},"query-input":{"@type":"PropertyValueSpecification","valueRequired":true,"valueName":"search_term_string"}}],"inLanguage":"fr-CA"}]}},"_links":{"self":[{"href":"https:\/\/casinolion.ca\/fr\/wp-json\/wp\/v2\/pages\/12443","targetHints":{"allow":["GET"]}}],"collection":[{"href":"https:\/\/casinolion.ca\/fr\/wp-json\/wp\/v2\/pages"}],"about":[{"href":"https:\/\/casinolion.ca\/fr\/wp-json\/wp\/v2\/types\/page"}],"author":[{"embeddable":true,"href":"https:\/\/casinolion.ca\/fr\/wp-json\/wp\/v2\/users\/1"}],"replies":[{"embeddable":true,"href":"https:\/\/casinolion.ca\/fr\/wp-json\/wp\/v2\/comments?post=12443"}],"version-history":[{"count":0,"href":"https:\/\/casinolion.ca\/fr\/wp-json\/wp\/v2\/pages\/12443\/revisions"}],"up":[{"embeddable":true,"href":"https:\/\/casinolion.ca\/fr\/wp-json\/wp\/v2\/pages\/12440"}],"wp:attachment":[{"href":"https:\/\/casinolion.ca\/fr\/wp-json\/wp\/v2\/media?parent=12443"}],"curies":[{"name":"wp","href":"https:\/\/api.w.org\/{rel}","templated":true}]}}