
{"id":12455,"date":"2020-11-18T04:23:34","date_gmt":"2020-11-18T04:23:34","guid":{"rendered":"https:\/\/www.canadiancasinos.ca\/?page_id=12455"},"modified":"2020-11-18T04:23:44","modified_gmt":"2020-11-18T04:23:44","slug":"how-to-bet-on-esports","status":"publish","type":"page","link":"https:\/\/casinolion.ca\/fr\/betting-types-explained\/how-to-bet-on-esports\/","title":{"rendered":"Comment parier sur les sports \u00e9lectroniques"},"content":{"rendered":"<h2>Comment parier sur les sports \u00e9lectroniques<\/h2>\n<p>Ces derni\u00e8res ann\u00e9es, les jeux vid\u00e9o sont pass\u00e9s d'un simple passe-temps \u00e0 des comp\u00e9titions de jeux en ligne bien organis\u00e9es, connues sous le nom d'esports. Selon des donn\u00e9es statistiques, le nombre de fans d'esports devrait augmenter de fa\u00e7on exponentielle d'ici 2023, pour atteindre 646 millions.<\/p>\n<p>En cons\u00e9quence, de nombreux sites de paris ont commenc\u00e9 \u00e0 inclure les sports \u00e9lectroniques dans leurs offres de paris. En outre, il est d\u00e9sormais possible de parier sur la majorit\u00e9 des comp\u00e9titions esports les plus importantes dans le monde entier.<\/p>\n<p>Aujourd'hui, les principaux bookmakers proposent un large \u00e9ventail de jeux et de march\u00e9s de paris sur l'e-sport. Si vous souhaitez apprendre \u00e0 tirer le meilleur parti de ces comp\u00e9titions virtuelles, n'h\u00e9sitez pas \u00e0 d\u00e9couvrir quelques astuces simples dans cet article.<\/p>\n<h2>Les jeux les plus populaires sur lesquels parier<\/h2>\n<p>Comme dans d'autres types de sport, certaines comp\u00e9titions sont plus populaires que d'autres dans l'esport. Par cons\u00e9quent, avant de plonger dans le monde des paris esports, vous devriez vous familiariser avec certains des titres populaires sur lesquels vous pouvez placer des paris :<\/p>\n<ul>\n<li><strong>Dota 2<\/strong> - <em>Dota 2<\/em> est l'un des jeux d'ar\u00e8ne de combat en ligne multijoueurs (MOBA) les plus c\u00e9l\u00e8bres au monde. Le jeu est gratuit et met en sc\u00e8ne deux \u00e9quipes compos\u00e9es de cinq joueurs. Chacune des \u00e9quipes a pour objectif de remporter la bataille et de d\u00e9truire le b\u00e2timent principal de l'autre \u00e9quipe, situ\u00e9 au centre de sa base et connu sous le nom de<\/li>\n<li><strong>League of Legends<\/strong> - Le jeu connu sous le nom de <em>LoL<\/em> est un autre jeu MOBA avec une large base d'utilisateurs. Afin de suivre le rythme des <em>Dota 2<\/em>, Riot Games a donc d\u00fb cr\u00e9er divers personnages et objets uniques, ce qui a conduit au d\u00e9veloppement d'une autre option esports populaire.<\/li>\n<li><strong>Counter-Strike : Global Offensive<\/strong> - Depuis 2012, <em>Counter-Strike : Global Offensive<\/em> (<em>CS : GO<\/em>) a \u00e9t\u00e9 class\u00e9 parmi les meilleurs jeux au monde. Ce jeu vid\u00e9o multijoueur de tir \u00e0 la premi\u00e8re personne vous permet d'entrer dans la peau de votre personnage et d'utiliser tous les objets disponibles pour \u00e9liminer vos adversaires.<\/li>\n<li><strong>Fortnite<\/strong> - Ce jeu appartient au genre battle royale et est principalement d\u00e9crit comme un hybride de survival-shooter. Vous \u00eates l\u00e2ch\u00e9 quelque part sur une carte et, apr\u00e8s avoir atterri, votre objectif est de survivre en battant les autres joueurs. Bien qu'il puisse ressembler \u00e0 un dessin anim\u00e9 au premier abord gr\u00e2ce \u00e0 ses graphismes, le jeu n\u00e9cessite l'utilisation d'une strat\u00e9gie soigneusement \u00e9labor\u00e9e et une concentration absolue sur le gameplay.<\/li>\n<li><strong>Overwatch<\/strong> - Certains disent que <em>Overwatch<\/em> est un m\u00e9lange parfait de MOBA et de FPS, ce qui le rend adapt\u00e9 \u00e0 tous les amateurs d'esports qui n'arrivent pas \u00e0 se d\u00e9cider entre les deux types de jeux. Cependant, si vous souhaitez parier sur ce jeu, il est pr\u00e9f\u00e9rable de commencer \u00e0 vous familiariser avec le gameplay d\u00e8s que possible, car il y a de nombreux facteurs \u00e0 prendre en compte avant de tenter votre chance.<\/li>\n<\/ul>\n<h2>Conna\u00eetre son jeu<\/h2>\n<p>Maintenant que vous savez sur quels sports vous devez vous concentrer, vous pouvez commencer \u00e0 perfectionner vos comp\u00e9tences en mati\u00e8re de paris. La premi\u00e8re chose \u00e0 savoir est que les paris sur les sports \u00e9lectroniques ne diff\u00e8rent pas beaucoup des paris sur les autres sports physiques. Pour placer un pari gagnant, vous devez d'abord comprendre le gameplay, ce qui implique plus que la simple lecture d'un bref aper\u00e7u d'un jeu.<\/p>\n<p>Par exemple, si vous souhaitez placer un pari sur <em>Dota 2<\/em>, La premi\u00e8re chose \u00e0 faire est de l'installer et de l'essayer. Assurez-vous d'apprendre tout ce qu'il y a \u00e0 savoir sur les fonctionnalit\u00e9s du jeu qui sont disponibles. En outre, n'oubliez pas de prendre le temps de regarder les matchs jou\u00e9s par des joueurs professionnels sur certaines des plateformes de streaming les plus populaires.<\/p>\n<p>Naturellement, tous ces jeux sont assez difficiles, c'est pourquoi vous ne pouvez pas vous attendre \u00e0 devenir un pro des paris esports apr\u00e8s une journ\u00e9e pass\u00e9e \u00e0 jouer au jeu de votre choix. Veillez donc \u00e0 vous entra\u00eener autant que possible. Une fois que vous avez rassembl\u00e9 toutes les informations n\u00e9cessaires sur le gameplay, vous pouvez commencer \u00e0 rechercher les march\u00e9s de paris disponibles.<\/p>\n<h2>Comprendre les march\u00e9s de paris<\/h2>\n<p>Conna\u00eetre les tenants et les aboutissants d'un jeu est un travail \u00e0 moiti\u00e9 fait, c'est pourquoi il est essentiel de comprendre les options qui s'offrent \u00e0 vous sur les march\u00e9s de paris sportifs. Les bookmakers sp\u00e9cialis\u00e9s dans les sports \u00e9lectroniques proposent aujourd'hui une grande vari\u00e9t\u00e9 de march\u00e9s de paris avec lesquels vous devriez vous familiariser :<\/p>\n<ul>\n<li><strong>Moneyline<\/strong> - Si vous \u00eates un d\u00e9butant en mati\u00e8re de paris sportifs, le moneyline est parfait pour vous. Ici, vous devez uniquement choisir une \u00e9quipe qui, selon vous, gagnera \u00e0 la fin.<\/li>\n<li><strong>Proposition de paris<\/strong> - Avec les prop bets, vous n'avez pas \u00e0 deviner l'issue du match. Au lieu de cela, vous pouvez parier sur n'importe quel aspect du jeu qui n'a rien \u00e0 voir avec la fa\u00e7on dont le match se termine. Par exemple, vous pouvez parier sur le nombre de morts d'un joueur, sur la premi\u00e8re \u00e9quipe \u00e0 tuer un ennemi, etc. Les paris sur les propositions peuvent \u00eatre tr\u00e8s cr\u00e9atifs, alors n'oubliez pas de v\u00e9rifier toutes vos options dans cette cat\u00e9gorie.<\/li>\n<li><strong>Montants<\/strong> - Si vous \u00eates suffisamment confiant quant au vainqueur d'une comp\u00e9tition, n'h\u00e9sitez pas \u00e0 placer un pari sur le vainqueur absolu. Ce pari est populaire parmi les parieurs esports avides qui connaissent d\u00e9j\u00e0 les \u00e9quipes les mieux class\u00e9es du jeu et leurs r\u00e9sultats lors des comp\u00e9titions pr\u00e9c\u00e9dentes.<\/li>\n<li><strong>Sup\u00e9rieure\/sup\u00e9rieure<\/strong> - Vous pouvez \u00e9galement essayer de pr\u00e9dire le nombre total de meurtres pour une \u00e9quipe ou un joueur individuel en disant s'il sera sup\u00e9rieur ou inf\u00e9rieur aux pr\u00e9dictions du bookmaker.<\/li>\n<\/ul>\n<h2>Conseils et astuces pour les paris sportifs<\/h2>\n<p>Une fois que vous aurez ma\u00eetris\u00e9 les bases des paris esports, vous pourrez utiliser quelques astuces suppl\u00e9mentaires pour augmenter vos chances de gagner. En voici quelques-unes qui peuvent s'av\u00e9rer utiles :<\/p>\n<ul>\n<li><strong>Choisir le bon bookmaker<\/strong> - N'oubliez pas que chaque bookmaker a le droit de cr\u00e9er ses propres cotes, c'est pourquoi elles peuvent varier d'un op\u00e9rateur \u00e0 l'autre. Par cons\u00e9quent, le choix d'un bookmaker peut avoir un impact consid\u00e9rable sur votre potentiel de gain. Par cons\u00e9quent, si vous voulez gagner le plus d'argent possible, vous devez faire confiance \u00e0 un bookmaker qui propose les meilleures cotes du march\u00e9.<\/li>\n<li><strong>Fixer un budget<\/strong> - Les paris sur les sports \u00e9lectroniques sont une activit\u00e9 \u00e0 la fois amusante et potentiellement gratifiante. Cependant, les joueurs perdent parfois le contr\u00f4le de leurs d\u00e9penses et gaspillent plus d'argent que pr\u00e9vu. Pour \u00e9viter cela, fixez un budget mensuel pour les paris sportifs et respectez-le en permanence.<\/li>\n<li><strong>\u00c9tablir un plan de jalonnement<\/strong> - Un plan de mise repr\u00e9sente la fa\u00e7on dont vous allez r\u00e9partir vos fonds sur vos paris. Ce plan peut \u00eatre fixe ou variable. Dans tous les cas, il doit \u00eatre d\u00e9cid\u00e9 \u00e0 l'avance.<\/li>\n<li><strong>Rester \u00e0 jour<\/strong> - Le secteur de l'esport se d\u00e9veloppe tr\u00e8s rapidement, c'est pourquoi vous devez \u00eatre \u00e0 jour si vous voulez gagner de l'argent. C'est pourquoi vous devez r\u00e9guli\u00e8rement consulter les actualit\u00e9s et les innovations concernant les jeux sur lesquels vous pariez et la fa\u00e7on dont elles affectent les paris esports en g\u00e9n\u00e9ral.<\/li>\n<\/ul>\n<h2>R\u00e9flexions finales<\/h2>\n<p>Bien que les comp\u00e9titions de sports \u00e9lectroniques soient amusantes \u00e0 regarder, les paris peuvent les rendre encore plus agr\u00e9ables. Toutefois, avant de tenter votre chance, assurez-vous d'\u00e9tudier et de pratiquer le jeu de votre choix. Une fois que vous aurez tout appris sur votre jeu favori et m\u00e9moris\u00e9 les march\u00e9s de paris, vous devrez d\u00e9finir votre budget, trouver le bon bookmaker et vous lancer dans l'aventure des paris esports.<\/p>","protected":false},"excerpt":{"rendered":"<p>How to Bet on eSports In recent years, video games have evolved from a casual pastime into well-organized online gaming competitions known as esports. According to statistical data, by 2023, the number of esports fans is expected to rise exponentially \u2014 up to 646 million. As a result, numerous betting websites have started including esports [&hellip;]<\/p>","protected":false},"author":1,"featured_media":0,"parent":12440,"menu_order":0,"comment_status":"closed","ping_status":"closed","template":"","meta":{"_acf_changed":false,"footnotes":""},"class_list":["post-12455","page","type-page","status-publish","hentry"],"acf":[],"yoast_head":"<!-- This site is optimized with the Yoast SEO plugin v26.1.1 - https:\/\/yoast.com\/wordpress\/plugins\/seo\/ -->\n<title>How to Bet on eSports<\/title>\n<meta name=\"robots\" content=\"index, follow, max-snippet:-1, max-image-preview:large, max-video-preview:-1\" \/>\n<link rel=\"canonical\" href=\"https:\/\/casinolion.ca\/fr\/betting-types-explained\/how-to-bet-on-esports\/\" \/>\n<meta property=\"og:locale\" content=\"fr_CA\" \/>\n<meta property=\"og:type\" content=\"article\" \/>\n<meta property=\"og:title\" content=\"How to Bet on eSports\" \/>\n<meta property=\"og:description\" content=\"How to Bet on eSports In recent years, video games have evolved from a casual pastime into well-organized online gaming competitions known as esports. According to statistical data, by 2023, the number of esports fans is expected to rise exponentially \u2014 up to 646 million. As a result, numerous betting websites have started including esports [&hellip;]\" \/>\n<meta property=\"og:url\" content=\"https:\/\/casinolion.ca\/fr\/betting-types-explained\/how-to-bet-on-esports\/\" \/>\n<meta property=\"article:modified_time\" content=\"2020-11-18T04:23:44+00:00\" \/>\n<meta name=\"twitter:card\" content=\"summary_large_image\" \/>\n<meta name=\"twitter:label1\" content=\"Estimation du temps de lecture\" \/>\n\t<meta name=\"twitter:data1\" content=\"6 minutes\" \/>\n<script type=\"application\/ld+json\" class=\"yoast-schema-graph\">{\"@context\":\"https:\/\/schema.org\",\"@graph\":[{\"@type\":\"WebPage\",\"@id\":\"https:\/\/casinolion.ca\/betting-types-explained\/how-to-bet-on-esports\/\",\"url\":\"https:\/\/casinolion.ca\/betting-types-explained\/how-to-bet-on-esports\/\",\"name\":\"How to Bet on eSports\",\"isPartOf\":{\"@id\":\"https:\/\/casinolion.ca\/fr\/#website\"},\"datePublished\":\"2020-11-18T04:23:34+00:00\",\"dateModified\":\"2020-11-18T04:23:44+00:00\",\"breadcrumb\":{\"@id\":\"https:\/\/casinolion.ca\/betting-types-explained\/how-to-bet-on-esports\/#breadcrumb\"},\"inLanguage\":\"fr-CA\",\"potentialAction\":[{\"@type\":\"ReadAction\",\"target\":[\"https:\/\/casinolion.ca\/betting-types-explained\/how-to-bet-on-esports\/\"]}]},{\"@type\":\"BreadcrumbList\",\"@id\":\"https:\/\/casinolion.ca\/betting-types-explained\/how-to-bet-on-esports\/#breadcrumb\",\"itemListElement\":[{\"@type\":\"ListItem\",\"position\":1,\"name\":\"Home\",\"item\":\"https:\/\/casinolion.ca\/\"},{\"@type\":\"ListItem\",\"position\":2,\"name\":\"Betting Types Explained\",\"item\":\"https:\/\/casinolion.ca\/betting-types-explained\/\"},{\"@type\":\"ListItem\",\"position\":3,\"name\":\"How to Bet on eSports\"}]},{\"@type\":\"WebSite\",\"@id\":\"https:\/\/casinolion.ca\/fr\/#website\",\"url\":\"https:\/\/casinolion.ca\/fr\/\",\"name\":\"\",\"description\":\"\",\"potentialAction\":[{\"@type\":\"SearchAction\",\"target\":{\"@type\":\"EntryPoint\",\"urlTemplate\":\"https:\/\/casinolion.ca\/fr\/?s={search_term_string}\"},\"query-input\":{\"@type\":\"PropertyValueSpecification\",\"valueRequired\":true,\"valueName\":\"search_term_string\"}}],\"inLanguage\":\"fr-CA\"}]}<\/script>\n<!-- \/ Yoast SEO plugin. -->","yoast_head_json":{"title":"Comment parier sur les sports \u00e9lectroniques","robots":{"index":"index","follow":"follow","max-snippet":"max-snippet:-1","max-image-preview":"max-image-preview:large","max-video-preview":"max-video-preview:-1"},"canonical":"https:\/\/casinolion.ca\/fr\/betting-types-explained\/how-to-bet-on-esports\/","og_locale":"fr_CA","og_type":"article","og_title":"How to Bet on eSports","og_description":"How to Bet on eSports In recent years, video games have evolved from a casual pastime into well-organized online gaming competitions known as esports. According to statistical data, by 2023, the number of esports fans is expected to rise exponentially \u2014 up to 646 million. As a result, numerous betting websites have started including esports [&hellip;]","og_url":"https:\/\/casinolion.ca\/fr\/betting-types-explained\/how-to-bet-on-esports\/","article_modified_time":"2020-11-18T04:23:44+00:00","twitter_card":"summary_large_image","twitter_misc":{"Estimation du temps de lecture":"6 minutes"},"schema":{"@context":"https:\/\/schema.org","@graph":[{"@type":"WebPage","@id":"https:\/\/casinolion.ca\/betting-types-explained\/how-to-bet-on-esports\/","url":"https:\/\/casinolion.ca\/betting-types-explained\/how-to-bet-on-esports\/","name":"Comment parier sur les sports \u00e9lectroniques","isPartOf":{"@id":"https:\/\/casinolion.ca\/fr\/#website"},"datePublished":"2020-11-18T04:23:34+00:00","dateModified":"2020-11-18T04:23:44+00:00","breadcrumb":{"@id":"https:\/\/casinolion.ca\/betting-types-explained\/how-to-bet-on-esports\/#breadcrumb"},"inLanguage":"fr-CA","potentialAction":[{"@type":"ReadAction","target":["https:\/\/casinolion.ca\/betting-types-explained\/how-to-bet-on-esports\/"]}]},{"@type":"BreadcrumbList","@id":"https:\/\/casinolion.ca\/betting-types-explained\/how-to-bet-on-esports\/#breadcrumb","itemListElement":[{"@type":"ListItem","position":1,"name":"Home","item":"https:\/\/casinolion.ca\/"},{"@type":"ListItem","position":2,"name":"Betting Types Explained","item":"https:\/\/casinolion.ca\/betting-types-explained\/"},{"@type":"ListItem","position":3,"name":"How to Bet on eSports"}]},{"@type":"WebSite","@id":"https:\/\/casinolion.ca\/fr\/#website","url":"https:\/\/casinolion.ca\/fr\/","name":"","description":"","potentialAction":[{"@type":"SearchAction","target":{"@type":"EntryPoint","urlTemplate":"https:\/\/casinolion.ca\/fr\/?s={search_term_string}"},"query-input":{"@type":"PropertyValueSpecification","valueRequired":true,"valueName":"search_term_string"}}],"inLanguage":"fr-CA"}]}},"_links":{"self":[{"href":"https:\/\/casinolion.ca\/fr\/wp-json\/wp\/v2\/pages\/12455","targetHints":{"allow":["GET"]}}],"collection":[{"href":"https:\/\/casinolion.ca\/fr\/wp-json\/wp\/v2\/pages"}],"about":[{"href":"https:\/\/casinolion.ca\/fr\/wp-json\/wp\/v2\/types\/page"}],"author":[{"embeddable":true,"href":"https:\/\/casinolion.ca\/fr\/wp-json\/wp\/v2\/users\/1"}],"replies":[{"embeddable":true,"href":"https:\/\/casinolion.ca\/fr\/wp-json\/wp\/v2\/comments?post=12455"}],"version-history":[{"count":0,"href":"https:\/\/casinolion.ca\/fr\/wp-json\/wp\/v2\/pages\/12455\/revisions"}],"up":[{"embeddable":true,"href":"https:\/\/casinolion.ca\/fr\/wp-json\/wp\/v2\/pages\/12440"}],"wp:attachment":[{"href":"https:\/\/casinolion.ca\/fr\/wp-json\/wp\/v2\/media?parent=12455"}],"curies":[{"name":"wp","href":"https:\/\/api.w.org\/{rel}","templated":true}]}}