
{"id":12491,"date":"2020-11-20T04:03:24","date_gmt":"2020-11-20T04:03:24","guid":{"rendered":"https:\/\/www.canadiancasinos.ca\/?page_id=12491"},"modified":"2020-11-20T04:28:40","modified_gmt":"2020-11-20T04:28:40","slug":"best-canadian-sports-betting-apps","status":"publish","type":"page","link":"https:\/\/casinolion.ca\/fr\/best-canadian-sports-betting-apps\/","title":{"rendered":"Meilleures applications de paris sportifs au Canada"},"content":{"rendered":"<h2>Meilleures applications de paris sportifs au Canada<\/h2>\n<p>Le secteur des paris sportifs en ligne est florissant, et les applications de paris mobiles en sont l'un des principaux contributeurs, des millions de parieurs utilisant leurs appareils mobiles pour placer des paris en d\u00e9placement. Si de nombreuses raisons expliquent l'\u00e9volution de l'ensemble du secteur des jeux d'argent vers les paris mobiles, c'est avant tout parce que les appareils mobiles sont devenus un \u00e9l\u00e9ment indispensable de notre vie quotidienne.<\/p>\n<p>Nous utilisons des appareils mobiles non seulement pour passer des appels t\u00e9l\u00e9phoniques ou envoyer des SMS, mais aussi pour tout ce qui nous facilite la vie : commander de la nourriture, acheter et payer via des applications mobiles, etc. Il n'est donc pas surprenant que les amateurs de sport pr\u00e9f\u00e8rent utiliser une application mobile pour parier sur divers \u00e9v\u00e9nements sportifs.<\/p>\n<p>\u00c9tant donn\u00e9 que les Canadiens aiment parier sur diff\u00e9rents sports, certains bookmakers de premier plan ont lanc\u00e9 des applications mobiles pour les parieurs les plus passionn\u00e9s, leur permettant de placer des paris en toute commodit\u00e9, o\u00f9 qu'ils se trouvent.<\/p>\n<h2>Comment nous avons s\u00e9lectionn\u00e9 les meilleures applications de paris canadiens<\/h2>\n<p>La plupart des plateformes de paris sportifs ayant des applications mobiles disponibles pour les Canadiens, choisir les meilleures n'a pas \u00e9t\u00e9 aussi facile que nous le pensions. Naturellement, la premi\u00e8re chose \u00e0 faire \u00e9tait de d\u00e9terminer celles qui acceptaient les parieurs canadiens. Ensuite, nous nous sommes pench\u00e9s sur les points suivants :<\/p>\n<ul>\n<li><strong>R\u00e9putation <\/strong>- Tout d'abord, avant m\u00eame de consid\u00e9rer un op\u00e9rateur et son application, nous avons d\u00fb v\u00e9rifier sa r\u00e9putation g\u00e9n\u00e9rale. En examinant les commentaires et les exp\u00e9riences des joueurs, nous avons trouv\u00e9 ceux qui \u00e9taient en r\u00e8gle. Comme vous le verrez plus loin, ces op\u00e9rateurs sont les meilleurs du secteur, avec des ann\u00e9es d'exp\u00e9rience et des milliers de clients satisfaits.<\/li>\n<li><strong>Licences et s\u00e9curit\u00e9 <\/strong>- De nos jours, on n'est jamais trop en s\u00e9curit\u00e9 en ligne, en particulier dans le domaine des jeux d'argent en ligne, o\u00f9 des plateformes malhonn\u00eates cherchent \u00e0 escroquer les joueurs sans m\u00e9fiance. C'est pourquoi nous avons d\u00e9cid\u00e9 de trouver des applications mobiles s\u00e9curis\u00e9es et agr\u00e9\u00e9es. Notre liste comprend donc des applications de paris mobiles autoris\u00e9es par la Kahnawake Gaming Commission et d'autres organismes de r\u00e9glementation de classe mondiale - UKGC, MGA, Cura\u00e7ao, Gibraltar. En outre, nous avons examin\u00e9 leurs protocoles de s\u00e9curit\u00e9 et leurs param\u00e8tres de protection des donn\u00e9es. Seules les applications mobiles utilisant les derni\u00e8res technologies et des mesures de s\u00e9curit\u00e9 de premier ordre ont trouv\u00e9 leur place dans notre liste.<\/li>\n<li><strong>Compatibilit\u00e9 <\/strong>- Malheureusement, les op\u00e9rateurs ne fournissent pas toujours des applications pour tous les appareils mobiles. Pour que personne ne se sente exclu, nous vous pr\u00e9sentons des applications disponibles pour iOS, Android, Windows et m\u00eame Blackberry.<\/li>\n<li><strong>Gamme de possibilit\u00e9s de paris <\/strong>- Apr\u00e8s avoir coch\u00e9 toutes les cases pr\u00e9c\u00e9dentes, nous explorons la s\u00e9lection de possibilit\u00e9s de paris de chaque application. Nous voulons voir les sports les plus populaires, comme le football, le tennis, le basket-ball, ainsi que les sports les plus appr\u00e9ci\u00e9s des Canadiens : curling, hockey sur glace, base-ball, crosse, etc.<\/li>\n<li><strong>Modes de paiement <\/strong>- Les applications de paris sportifs qui proposent une large s\u00e9lection de m\u00e9thodes de paiement s\u00e9curis\u00e9es sont plus pratiques et plus s\u00fbres \u00e0 utiliser. \u00c9tant donn\u00e9 que les joueurs canadiens pr\u00e9f\u00e8rent certaines solutions bancaires \u00e0 d'autres, nous avons r\u00e9pertori\u00e9 les applications qui prennent en charge les transactions effectu\u00e9es via Interac, InstaDebit, ecoPayz, et les classiques - cartes de cr\u00e9dit et de d\u00e9bit, PayPal, etc.<\/li>\n<\/ul>\n<p>Nous n'avons ajout\u00e9 ces applications de paris sportifs canadiens \u00e0 notre liste qu'une fois qu'elles ont r\u00e9pondu \u00e0 toutes nos attentes.<\/p>\n<h2>Liste des meilleures applications de paris sportifs au Canada<\/h2>\n<p>En mati\u00e8re de paris sportifs sur appareils mobiles, les applications que nous mentionnons ci-dessous sont la cr\u00e8me de la cr\u00e8me. Elles offrent toutes des possibilit\u00e9s de paris exceptionnelles et sont compatibles avec de nombreux appareils. Elles ont pass\u00e9 nos tests avec succ\u00e8s, mais en fonction de vos pr\u00e9f\u00e9rences, une application peut \u00eatre plus appropri\u00e9e que les autres - c'est \u00e0 vous de d\u00e9cider laquelle t\u00e9l\u00e9charger et installer.<\/p>\n<h3>Bet365<\/h3>\n<p>En activit\u00e9 depuis plus de deux d\u00e9cennies, bet365 est un fournisseur de paris sportifs de renomm\u00e9e mondiale disponible pour les parieurs canadiens. Les utilisateurs d'Android et d'iOS peuvent facilement t\u00e9l\u00e9charger et installer les applications sur leurs appareils et profiter d'une vaste s\u00e9lection de march\u00e9s de paris sportifs - football, baseball, hockey sur glace, basket-ball, courses de chevaux, tennis, volley-ball, ainsi qu'une gamme de sports virtuels et esports. De plus, l'application bet365 propose des paris in-play, un streaming en direct, des options d'encaissement, etc.<\/p>\n<p><img decoding=\"async\" class=\"alignnone wp-image-12495\" src=\"https:\/\/www.casinolion.ca\/wp-content\/uploads\/2020\/11\/iphone-x-bet365.png\" alt=\"\" width=\"200\" height=\"400\" srcset=\"https:\/\/casinolion.ca\/wp-content\/uploads\/2020\/11\/iphone-x-bet365.png 200w, https:\/\/casinolion.ca\/wp-content\/uploads\/2020\/11\/iphone-x-bet365-125x250.png 125w, https:\/\/casinolion.ca\/wp-content\/uploads\/2020\/11\/iphone-x-bet365-60x120.png 60w, https:\/\/casinolion.ca\/wp-content\/uploads\/2020\/11\/iphone-x-bet365-18x36.png 18w, https:\/\/casinolion.ca\/wp-content\/uploads\/2020\/11\/iphone-x-bet365-45x90.png 45w\" sizes=\"(max-width: 200px) 100vw, 200px\" \/><\/p>\n<h3>Betway<\/h3>\n<p>Si vous comparez le site de bureau de Betway et son application, vous ne trouverez pas beaucoup de diff\u00e9rences. Gr\u00e2ce au d\u00e9vouement de l'op\u00e9rateur \u00e0 l'exp\u00e9rience utilisateur, les membres de la communaut\u00e9 Betway peuvent trouver des applications pour les appareils iOS et Android. Alors que l'application iOS est disponible sur l'App Store, les utilisateurs Android peuvent t\u00e9l\u00e9charger l'application directement \u00e0 partir du site Web sous forme de fichier APK. N\u00e9anmoins, les deux applications fonctionnent de mani\u00e8re transparente et offrent des dizaines de sports et d'opportunit\u00e9s de paris, ainsi qu'un acc\u00e8s complet \u00e0 votre compte, \u00e0 vos bonus, \u00e0 vos d\u00e9p\u00f4ts et \u00e0 vos retraits.<\/p>\n<p><img decoding=\"async\" class=\"alignnone wp-image-12497\" src=\"https:\/\/www.casinolion.ca\/wp-content\/uploads\/2020\/11\/iphone-x-betway.png\" alt=\"\" width=\"200\" height=\"400\" srcset=\"https:\/\/casinolion.ca\/wp-content\/uploads\/2020\/11\/iphone-x-betway.png 200w, https:\/\/casinolion.ca\/wp-content\/uploads\/2020\/11\/iphone-x-betway-125x250.png 125w, https:\/\/casinolion.ca\/wp-content\/uploads\/2020\/11\/iphone-x-betway-60x120.png 60w, https:\/\/casinolion.ca\/wp-content\/uploads\/2020\/11\/iphone-x-betway-18x36.png 18w, https:\/\/casinolion.ca\/wp-content\/uploads\/2020\/11\/iphone-x-betway-45x90.png 45w\" sizes=\"(max-width: 200px) 100vw, 200px\" \/><\/p>\n<h3>William Hill<\/h3>\n<p>En activit\u00e9 depuis le milieu des ann\u00e9es 1900, William Hill peut \u00eatre consid\u00e9r\u00e9 comme l'un des fondateurs des paris sportifs. Aujourd'hui, c'est une franchise mondiale qui offre des opportunit\u00e9s de paris sportifs aux amateurs de sport du monde entier. De plus, les parieurs qui sont toujours en d\u00e9placement peuvent t\u00e9l\u00e9charger des applications iOS ou Android et placer des paris sur certains des \u00e9v\u00e9nements sportifs les plus importants en quelques clics - football, hockey sur glace, rugby, tennis, etc. En outre, les parieurs ont acc\u00e8s aux \u00e9v\u00e9nements in-play et aux r\u00e9sultats en temps r\u00e9el sur diff\u00e9rents sports, ce qui leur permet de suivre l'actualit\u00e9.<\/p>\n<p><img decoding=\"async\" class=\"alignnone wp-image-12499\" src=\"https:\/\/www.casinolion.ca\/wp-content\/uploads\/2020\/11\/iphone-x-willhill.png\" alt=\"\" width=\"200\" height=\"400\" srcset=\"https:\/\/casinolion.ca\/wp-content\/uploads\/2020\/11\/iphone-x-willhill.png 200w, https:\/\/casinolion.ca\/wp-content\/uploads\/2020\/11\/iphone-x-willhill-125x250.png 125w, https:\/\/casinolion.ca\/wp-content\/uploads\/2020\/11\/iphone-x-willhill-60x120.png 60w, https:\/\/casinolion.ca\/wp-content\/uploads\/2020\/11\/iphone-x-willhill-18x36.png 18w, https:\/\/casinolion.ca\/wp-content\/uploads\/2020\/11\/iphone-x-willhill-45x90.png 45w\" sizes=\"(max-width: 200px) 100vw, 200px\" \/><\/p>\n<h3>888sport<\/h3>\n<p>888sport s'adresse aux parieurs canadiens et leur offre une excellente s\u00e9lection d'opportunit\u00e9s de paris. Avec une interface conviviale, des milliers de march\u00e9s et des fonctionnalit\u00e9s passionnantes, l'application 888sport est l'une de celles que vous devriez envisager de t\u00e9l\u00e9charger. Les utilisateurs peuvent \u00e9galement r\u00e9clamer des bonus, parier sur des \u00e9v\u00e9nements en direct, effectuer des d\u00e9p\u00f4ts et des retraits en toute s\u00e9curit\u00e9 sur les appareils iOS et Android.<\/p>\n<p><img decoding=\"async\" class=\"alignnone wp-image-12501\" src=\"https:\/\/www.casinolion.ca\/wp-content\/uploads\/2020\/11\/iphone-x-888sports.png\" alt=\"\" width=\"200\" height=\"400\" srcset=\"https:\/\/casinolion.ca\/wp-content\/uploads\/2020\/11\/iphone-x-888sports.png 200w, https:\/\/casinolion.ca\/wp-content\/uploads\/2020\/11\/iphone-x-888sports-125x250.png 125w, https:\/\/casinolion.ca\/wp-content\/uploads\/2020\/11\/iphone-x-888sports-60x120.png 60w, https:\/\/casinolion.ca\/wp-content\/uploads\/2020\/11\/iphone-x-888sports-18x36.png 18w, https:\/\/casinolion.ca\/wp-content\/uploads\/2020\/11\/iphone-x-888sports-45x90.png 45w\" sizes=\"(max-width: 200px) 100vw, 200px\" \/><\/p>\n<h2>Avantages de l'utilisation d'applications de paris mobiles<\/h2>\n<p>Si vous \u00eates encore sceptique quant \u00e0 l'utilisation des applications de paris, peut-\u00eatre que certains de ces avantages vous feront changer d'avis. D'une mani\u00e8re g\u00e9n\u00e9rale, c'est une question de commodit\u00e9 - alors que les sites de paris sportifs exigent que vous soyez \u00e0 proximit\u00e9 d'un ordinateur pour placer des paris, regarder des flux en direct et suivre les r\u00e9sultats des matchs en direct, les applications mobiles vous permettent de faire tout cela sans \u00eatre li\u00e9 \u00e0 un seul endroit.<\/p>\n<p>Que vous vous rendiez au travail, que vous vous promeniez ou que vous fassiez une pause bien m\u00e9rit\u00e9e, vous pouvez, en quelques clics, parier sur votre \u00e9v\u00e9nement sportif pr\u00e9f\u00e9r\u00e9 et suivre l'\u00e9volution du score. De plus, si vous autorisez les notifications push, certaines applications vous pr\u00e9viendront \u00e0 la fin d'un match ou en cas de changement de r\u00e9sultat.<\/p>\n<p>Enfin, certains op\u00e9rateurs proposent aux utilisateurs d'applications mobiles des bonus et des promotions exclusifs. Par cons\u00e9quent, si vous installez une application de paris sportifs, restez \u00e0 l'aff\u00fbt des offres sp\u00e9ciales pour mobiles.<\/p>\n<h2>R\u00e9flexions finales<\/h2>\n<p>Les paris mobiles sont en plein essor au Canada, les amateurs de sport \u00e9tant de plus en plus nombreux \u00e0 opter pour ce moyen pratique de parier. Les op\u00e9rateurs cherchent toujours \u00e0 am\u00e9liorer l'exp\u00e9rience de l'utilisateur, et le lancement d'applications mobiles d\u00e9sign\u00e9es pourrait \u00eatre le meilleur moyen d'y parvenir. Bien que la gamme d'applications de paris sportifs pour les parieurs canadiens puisse sembler limit\u00e9e pour le moment, nous pensons que des applications plus immersives et uniques appara\u00eetront \u00e0 l'avenir.<\/p>","protected":false},"excerpt":{"rendered":"<p>Les meilleures applications de paris sportifs canadiens L'industrie des paris sportifs en ligne est florissante, et les applications de paris mobiles en sont l'un des principaux contributeurs, des millions de parieurs utilisant leurs appareils mobiles pour placer des paris en d\u00e9placement. Bien qu'il y ait de nombreuses raisons pour lesquelles l'ensemble de l'industrie du jeu s'est tourn\u00e9e vers les paris mobiles, c'est principalement parce que les appareils mobiles ont [...]<\/p>","protected":false},"author":1,"featured_media":0,"parent":0,"menu_order":0,"comment_status":"closed","ping_status":"closed","template":"","meta":{"_acf_changed":false,"footnotes":""},"class_list":["post-12491","page","type-page","status-publish","hentry"],"acf":[],"yoast_head":"<!-- This site is optimized with the Yoast SEO plugin v26.1.1 - https:\/\/yoast.com\/wordpress\/plugins\/seo\/ -->\n<title>Best Canadian Sports Betting Apps<\/title>\n<meta name=\"robots\" content=\"index, follow, max-snippet:-1, max-image-preview:large, max-video-preview:-1\" \/>\n<link rel=\"canonical\" href=\"https:\/\/casinolion.ca\/fr\/best-canadian-sports-betting-apps\/\" \/>\n<meta property=\"og:locale\" content=\"fr_CA\" \/>\n<meta property=\"og:type\" content=\"article\" \/>\n<meta property=\"og:title\" content=\"Best Canadian Sports Betting Apps\" \/>\n<meta property=\"og:description\" content=\"Best Canadian Sports Betting Apps The online sports betting industry is flourishing, and mobile betting apps are among the main contributors, with millions of bettors using their mobile devices to place wagers on the go. While there are many reasons for the entire gambling industry\u2019s shift towards mobile betting, primarily, it\u2019s because mobile devices have [&hellip;]\" \/>\n<meta property=\"og:url\" content=\"https:\/\/casinolion.ca\/fr\/best-canadian-sports-betting-apps\/\" \/>\n<meta property=\"article:modified_time\" content=\"2020-11-20T04:28:40+00:00\" \/>\n<meta property=\"og:image\" content=\"https:\/\/www.casinolion.ca\/wp-content\/uploads\/2020\/11\/iphone-x-bet365.png\" \/>\n<meta name=\"twitter:card\" content=\"summary_large_image\" \/>\n<meta name=\"twitter:label1\" content=\"Estimation du temps de lecture\" \/>\n\t<meta name=\"twitter:data1\" content=\"6 minutes\" \/>\n<script type=\"application\/ld+json\" class=\"yoast-schema-graph\">{\"@context\":\"https:\/\/schema.org\",\"@graph\":[{\"@type\":\"WebPage\",\"@id\":\"https:\/\/casinolion.ca\/best-canadian-sports-betting-apps\/\",\"url\":\"https:\/\/casinolion.ca\/best-canadian-sports-betting-apps\/\",\"name\":\"Best Canadian Sports Betting Apps\",\"isPartOf\":{\"@id\":\"https:\/\/casinolion.ca\/fr\/#website\"},\"primaryImageOfPage\":{\"@id\":\"https:\/\/casinolion.ca\/best-canadian-sports-betting-apps\/#primaryimage\"},\"image\":{\"@id\":\"https:\/\/casinolion.ca\/best-canadian-sports-betting-apps\/#primaryimage\"},\"thumbnailUrl\":\"https:\/\/www.casinolion.ca\/wp-content\/uploads\/2020\/11\/iphone-x-bet365.png\",\"datePublished\":\"2020-11-20T04:03:24+00:00\",\"dateModified\":\"2020-11-20T04:28:40+00:00\",\"breadcrumb\":{\"@id\":\"https:\/\/casinolion.ca\/best-canadian-sports-betting-apps\/#breadcrumb\"},\"inLanguage\":\"fr-CA\",\"potentialAction\":[{\"@type\":\"ReadAction\",\"target\":[\"https:\/\/casinolion.ca\/best-canadian-sports-betting-apps\/\"]}]},{\"@type\":\"ImageObject\",\"inLanguage\":\"fr-CA\",\"@id\":\"https:\/\/casinolion.ca\/best-canadian-sports-betting-apps\/#primaryimage\",\"url\":\"https:\/\/www.casinolion.ca\/wp-content\/uploads\/2020\/11\/iphone-x-bet365.png\",\"contentUrl\":\"https:\/\/www.casinolion.ca\/wp-content\/uploads\/2020\/11\/iphone-x-bet365.png\"},{\"@type\":\"BreadcrumbList\",\"@id\":\"https:\/\/casinolion.ca\/best-canadian-sports-betting-apps\/#breadcrumb\",\"itemListElement\":[{\"@type\":\"ListItem\",\"position\":1,\"name\":\"Home\",\"item\":\"https:\/\/casinolion.ca\/\"},{\"@type\":\"ListItem\",\"position\":2,\"name\":\"Best Canadian Sports Betting Apps\"}]},{\"@type\":\"WebSite\",\"@id\":\"https:\/\/casinolion.ca\/fr\/#website\",\"url\":\"https:\/\/casinolion.ca\/fr\/\",\"name\":\"\",\"description\":\"\",\"potentialAction\":[{\"@type\":\"SearchAction\",\"target\":{\"@type\":\"EntryPoint\",\"urlTemplate\":\"https:\/\/casinolion.ca\/fr\/?s={search_term_string}\"},\"query-input\":{\"@type\":\"PropertyValueSpecification\",\"valueRequired\":true,\"valueName\":\"search_term_string\"}}],\"inLanguage\":\"fr-CA\"}]}<\/script>\n<!-- \/ Yoast SEO plugin. -->","yoast_head_json":{"title":"Meilleures applications de paris sportifs au Canada","robots":{"index":"index","follow":"follow","max-snippet":"max-snippet:-1","max-image-preview":"max-image-preview:large","max-video-preview":"max-video-preview:-1"},"canonical":"https:\/\/casinolion.ca\/fr\/best-canadian-sports-betting-apps\/","og_locale":"fr_CA","og_type":"article","og_title":"Best Canadian Sports Betting Apps","og_description":"Best Canadian Sports Betting Apps The online sports betting industry is flourishing, and mobile betting apps are among the main contributors, with millions of bettors using their mobile devices to place wagers on the go. While there are many reasons for the entire gambling industry\u2019s shift towards mobile betting, primarily, it\u2019s because mobile devices have [&hellip;]","og_url":"https:\/\/casinolion.ca\/fr\/best-canadian-sports-betting-apps\/","article_modified_time":"2020-11-20T04:28:40+00:00","og_image":[{"url":"https:\/\/www.casinolion.ca\/wp-content\/uploads\/2020\/11\/iphone-x-bet365.png","type":"","width":"","height":""}],"twitter_card":"summary_large_image","twitter_misc":{"Estimation du temps de lecture":"6 minutes"},"schema":{"@context":"https:\/\/schema.org","@graph":[{"@type":"WebPage","@id":"https:\/\/casinolion.ca\/best-canadian-sports-betting-apps\/","url":"https:\/\/casinolion.ca\/best-canadian-sports-betting-apps\/","name":"Meilleures applications de paris sportifs au Canada","isPartOf":{"@id":"https:\/\/casinolion.ca\/fr\/#website"},"primaryImageOfPage":{"@id":"https:\/\/casinolion.ca\/best-canadian-sports-betting-apps\/#primaryimage"},"image":{"@id":"https:\/\/casinolion.ca\/best-canadian-sports-betting-apps\/#primaryimage"},"thumbnailUrl":"https:\/\/www.casinolion.ca\/wp-content\/uploads\/2020\/11\/iphone-x-bet365.png","datePublished":"2020-11-20T04:03:24+00:00","dateModified":"2020-11-20T04:28:40+00:00","breadcrumb":{"@id":"https:\/\/casinolion.ca\/best-canadian-sports-betting-apps\/#breadcrumb"},"inLanguage":"fr-CA","potentialAction":[{"@type":"ReadAction","target":["https:\/\/casinolion.ca\/best-canadian-sports-betting-apps\/"]}]},{"@type":"ImageObject","inLanguage":"fr-CA","@id":"https:\/\/casinolion.ca\/best-canadian-sports-betting-apps\/#primaryimage","url":"https:\/\/www.casinolion.ca\/wp-content\/uploads\/2020\/11\/iphone-x-bet365.png","contentUrl":"https:\/\/www.casinolion.ca\/wp-content\/uploads\/2020\/11\/iphone-x-bet365.png"},{"@type":"BreadcrumbList","@id":"https:\/\/casinolion.ca\/best-canadian-sports-betting-apps\/#breadcrumb","itemListElement":[{"@type":"ListItem","position":1,"name":"Home","item":"https:\/\/casinolion.ca\/"},{"@type":"ListItem","position":2,"name":"Best Canadian Sports Betting Apps"}]},{"@type":"WebSite","@id":"https:\/\/casinolion.ca\/fr\/#website","url":"https:\/\/casinolion.ca\/fr\/","name":"","description":"","potentialAction":[{"@type":"SearchAction","target":{"@type":"EntryPoint","urlTemplate":"https:\/\/casinolion.ca\/fr\/?s={search_term_string}"},"query-input":{"@type":"PropertyValueSpecification","valueRequired":true,"valueName":"search_term_string"}}],"inLanguage":"fr-CA"}]}},"_links":{"self":[{"href":"https:\/\/casinolion.ca\/fr\/wp-json\/wp\/v2\/pages\/12491","targetHints":{"allow":["GET"]}}],"collection":[{"href":"https:\/\/casinolion.ca\/fr\/wp-json\/wp\/v2\/pages"}],"about":[{"href":"https:\/\/casinolion.ca\/fr\/wp-json\/wp\/v2\/types\/page"}],"author":[{"embeddable":true,"href":"https:\/\/casinolion.ca\/fr\/wp-json\/wp\/v2\/users\/1"}],"replies":[{"embeddable":true,"href":"https:\/\/casinolion.ca\/fr\/wp-json\/wp\/v2\/comments?post=12491"}],"version-history":[{"count":0,"href":"https:\/\/casinolion.ca\/fr\/wp-json\/wp\/v2\/pages\/12491\/revisions"}],"wp:attachment":[{"href":"https:\/\/casinolion.ca\/fr\/wp-json\/wp\/v2\/media?parent=12491"}],"curies":[{"name":"wp","href":"https:\/\/api.w.org\/{rel}","templated":true}]}}