
{"id":12613,"date":"2020-12-14T23:36:19","date_gmt":"2020-12-14T23:36:19","guid":{"rendered":"https:\/\/www.canadiancasinos.ca\/?page_id=12613"},"modified":"2020-12-14T23:46:58","modified_gmt":"2020-12-14T23:46:58","slug":"wagering-requirements-explained","status":"publish","type":"page","link":"https:\/\/casinolion.ca\/fr\/wagering-requirements-explained\/","title":{"rendered":"Exigences de mise expliqu\u00e9es"},"content":{"rendered":"<p><img decoding=\"async\" class=\"alignnone size-full wp-image-12614\" src=\"https:\/\/www.casinolion.ca\/wp-content\/uploads\/2020\/12\/Wagering-Requir.jpg\" alt=\"\" width=\"744\" height=\"300\" srcset=\"https:\/\/casinolion.ca\/wp-content\/uploads\/2020\/12\/Wagering-Requir.jpg 744w, https:\/\/casinolion.ca\/wp-content\/uploads\/2020\/12\/Wagering-Requir-280x113.jpg 280w, https:\/\/casinolion.ca\/wp-content\/uploads\/2020\/12\/Wagering-Requir-150x60.jpg 150w, https:\/\/casinolion.ca\/wp-content\/uploads\/2020\/12\/Wagering-Requir-89x36.jpg 89w, https:\/\/casinolion.ca\/wp-content\/uploads\/2020\/12\/Wagering-Requir-223x90.jpg 223w\" sizes=\"(max-width: 744px) 100vw, 744px\" \/><\/p>\n<p>Vous \u00eates un nouveau venu dans l'industrie des jeux d'argent en ligne et vous ne savez pas vraiment ce que sont les exigences de mise ? Ou avez-vous eu des difficult\u00e9s \u00e0 retirer vos gains \u00e0 cause de ces exigences ? Ne vous inqui\u00e9tez pas, cet article vous permettra d'en savoir plus.<\/p>\n<p>Puisque vous vous trouvez dans l'embarras, nous allons essayer de vous expliquer les exigences de mise afin que vous ayez une id\u00e9e claire de ce qu'elles sont et de comment elles fonctionnent. Poursuivez votre lecture !<\/p>\n<h2>Que sont les exigences de mise ?<\/h2>\n<p>Avant d'aller plus loin, nous devons expliquer ce que sont les paris. Un pari est une mise que vous pouvez faire sur un site de paris sportifs ou dans un casino en ligne. Dans un casino, vous pouvez placer des paris sur des jeux de table, des machines \u00e0 sous, des jeux avec croupier en direct, des jeux de bingo, etc.<\/p>\n<p>Mais qu'est-ce qu'une exigence de mise ? En termes simples, une exigence de mise repr\u00e9sente le nombre de fois qu'un joueur doit jouer avec l'argent du bonus avant de pouvoir demander un paiement. Les exigences de mise apparaissent g\u00e9n\u00e9ralement une fois que vous avez r\u00e9clam\u00e9 un bonus ou une offre promotionnelle d'un casino en ligne.<\/p>\n<p>Quelles sont donc ces exigences qui accompagnent les paris en ligne ? La majorit\u00e9 des bonus des casinos en ligne sont assortis de conditions de jeu sp\u00e9cifiques. Lorsque vous d\u00e9cidez de r\u00e9clamer un bonus, vous devez remplir les conditions de mise. Si vous ne les remplissez pas, vous ne pourrez pas retirer le bonus ou vos gains.<\/p>\n<p>Gardez \u00e0 l'esprit que tous les jeux de casino ne contribuent pas de la m\u00eame mani\u00e8re \u00e0 remplir les conditions de mise. Par exemple, les jeux tels que les machines \u00e0 sous contribuent g\u00e9n\u00e9ralement \u00e0 100%, tandis que d'autres jeux, comme le blackjack et la roulette, contribuent beaucoup moins - g\u00e9n\u00e9ralement entre 10 et 20%.<\/p>\n<h2>Calcul des exigences de mise<\/h2>\n<p>Pour savoir quelles exigences de mise sont r\u00e9alisables, vous devez savoir comment les calculer.<\/p>\n<p>Si un bonus de casino a retenu votre attention, vous devez d'abord consulter les conditions g\u00e9n\u00e9rales pour en savoir plus sur les exigences de mise. Supposons par exemple qu'un casino offre un bonus de $100 avec un d\u00e9p\u00f4t minimum de $20 et une exigence de mise de 30x. Dans ce cas, cela signifie que vous devrez miser au moins $3,000 au total pour r\u00e9clamer le bonus du casino ($100 d'argent bonus x 30 = $3,000).<\/p>\n<p>Cependant, vous devez garder \u00e0 l'esprit que, dans certains casinos, la somme du d\u00e9p\u00f4t est \u00e9galement incluse. Cela signifie que vous devrez miser $3,600 pour obtenir le bonus ($20 de d\u00e9p\u00f4t + $100 de bonus x 30 = $3,600).<\/p>\n<p>Dans certains casinos, les exigences de mise sont relativement faibles. Dans d'autres, elles sont alarmantes. C'est pourquoi il est essentiel de savoir comment les calculer, afin de pouvoir prendre une d\u00e9cision \u00e9clair\u00e9e avant de r\u00e9clamer des bonus.<\/p>\n<h2>Lire tous les d\u00e9tails concernant les exigences de mise<\/h2>\n<p>Gr\u00e2ce \u00e0 la mise \u00e0 jour des r\u00e9glementations et des lois sur les casinos, les op\u00e9rateurs de casinos en ligne sont oblig\u00e9s d'indiquer clairement les exigences de mise li\u00e9es \u00e0 un bonus particulier dans leurs conditions g\u00e9n\u00e9rales. C'est pourquoi vous devez toujours lire les petits caract\u00e8res.<\/p>\n<p>Si vous ne trouvez pas les informations concernant les exigences de mise, vous devez creuser un peu plus. Assurez-vous de contacter le service client\u00e8le ou d'explorer la page d'accueil du casino. <em>Conditions g\u00e9n\u00e9rales d'utilisation<\/em> tabulation.<\/p>\n<p>Il est essentiel d'\u00eatre pleinement inform\u00e9 des exigences de mise avant de prendre une d\u00e9cision finale.<\/p>\n<h2>Quel est l'int\u00e9r\u00eat des exigences de mise ?<\/h2>\n<p>Il existe une raison valable pour laquelle les exigences de mise sont n\u00e9cessaires pour b\u00e9n\u00e9ficier des bonus des casinos. En fait, les casinos les utilisent pour se conformer aux r\u00e9glementations relatives \u00e0 la lutte contre le blanchiment d'argent. Dans le cas contraire, les criminels auraient facilement acc\u00e8s au blanchiment d'argent ill\u00e9gal, puisqu'ils pourraient d\u00e9poser et retirer de l'argent sans aucune condition pr\u00e9alable.<\/p>\n<h2>Promotions des casinos sans mise<\/h2>\n<p>Si vous avez d\u00e9j\u00e0 rencontr\u00e9 des offres de bonus sans mise ou de bonus sans d\u00e9p\u00f4t, vous vous \u00eates probablement interrog\u00e9 sur leur l\u00e9gitimit\u00e9. Rassurez-vous, il n'y a aucune raison de s'inqui\u00e9ter si ces promotions sont propos\u00e9es par des op\u00e9rateurs de casino en ligne dignes de confiance.<\/p>\n<p>Vous n'avez pas \u00e0 vous m\u00e9fier, car ces promotions ne sont g\u00e9n\u00e9ralement pas assorties de conditions de mise, simplement parce qu'elles ne sont pas aussi lucratives que d'autres promotions r\u00e9guli\u00e8res. En fait, la plupart d'entre elles sont pr\u00e9sent\u00e9es comme des offres de tours gratuits.<\/p>\n<p>Par cons\u00e9quent, si vous n'avez pas peur de r\u00e9clamer un petit bonus ou des tours gratuits, les promotions sans mise repr\u00e9sentent une offre fantastique, car vous pouvez demander un paiement imm\u00e9diat.<\/p>\n<h2>Comment tirer le meilleur parti des exigences de mise<\/h2>\n<p>Vous pouvez certainement tirer le meilleur parti des exigences de mise en suivant quelques \u00e9tapes simples.<\/p>\n<h3>1.   Choisir un casino en ligne r\u00e9glement\u00e9<\/h3>\n<p>Tout d'abord, vous devez faire de votre mieux pour \u00e9viter les op\u00e9rateurs en ligne douteux. Le plus s\u00fbr est d'opter pour un casino en ligne r\u00e9glement\u00e9, titulaire d'une licence d\u00e9livr\u00e9e par les principales juridictions de jeu, telles que l'UKGC, la MGA, Gibraltar, Cura\u00e7ao, etc.<\/p>\n<h3>2.   S'en tenir aux casinos \u00e0 haut niveau de s\u00e9curit\u00e9<\/h3>\n<p>Outre le choix d'un casino en ligne r\u00e9glement\u00e9, il est \u00e9galement essentiel de v\u00e9rifier la s\u00e9curit\u00e9 du casino. Bien que la plupart des casinos en ligne agr\u00e9\u00e9s aient mis en place des mesures de s\u00e9curit\u00e9 de haut niveau, il est pr\u00e9f\u00e9rable de les v\u00e9rifier \u00e0 deux reprises. Ainsi, si vous voulez vous assurer que vos informations sensibles sont totalement s\u00e9curis\u00e9es, vous devriez toujours jouer dans les casinos qui utilisent la technologie de cryptage SSL, des pare-feu, des audits par des tiers et d'autres mesures de s\u00e9curit\u00e9 de haut niveau.<\/p>\n<h3>3.   Machines \u00e0 sous, machines \u00e0 sous, machines \u00e0 sous<\/h3>\n<p>Si vous voulez tirer le meilleur parti des exigences de mise, il est pr\u00e9f\u00e9rable de vous en tenir aux jeux de machines \u00e0 sous. Pourquoi ? Dans la plupart des casinos en ligne, les machines \u00e0 sous sont les seuls jeux qui contribuent \u00e0 hauteur de 100% au respect des exigences de mise. En comparaison, les autres jeux de casino, tels que les jeux de table, les jeux avec croupiers en direct, les cartes \u00e0 gratter et le bingo, contribuent g\u00e9n\u00e9ralement entre 0% et 50% au respect des exigences de mise.<\/p>\n<p>Heureusement, il existe des centaines de jeux de machines \u00e0 sous de haute qualit\u00e9 qui vous apporteront l'excitation dont vous avez tant besoin, tout en vous aidant \u00e0 remplir les conditions de mise en un temps record. Nous vous conseillons d'opter pour des machines \u00e0 sous \u00e0 volatilit\u00e9 faible ou moyenne. Vous conserverez ainsi vos fonds et pourrez jouer plus longtemps. Par la suite, vous pourrez remplir les exigences de mise plus rapidement.<\/p>\n<p>Cependant, nous devons mentionner que les machines \u00e0 sous \u00e0 RTP \u00e9lev\u00e9 ne sont parfois pas \u00e9ligibles pour remplir les conditions de mise. Par cons\u00e9quent, assurez-vous de v\u00e9rifier les machines \u00e0 sous sur lesquelles vous pouvez jouer avant de commencer \u00e0 miser.<\/p>\n<h3>4.   N'oubliez pas les petits caract\u00e8res<\/h3>\n<p>Tous les casinos en ligne de premier ordre vous informeront des d\u00e9tails concernant les exigences de mise. Dans la plupart des cas, ces informations se trouvent dans les conditions g\u00e9n\u00e9rales du bonus ou dans les conditions g\u00e9n\u00e9rales du casino.<\/p>\n<h2>Que peut-on attendre des exigences de mise \u00e0 l'avenir ?<\/h2>\n<p>Les op\u00e9rateurs de casinos en ligne suivent les tendances afin d'attirer de nouveaux utilisateurs, il ne fait donc aucun doute que nous verrons \u00e0 l'avenir une nouvelle approche passionnante des exigences de mise. Pour l'instant, gr\u00e2ce aux bonus de d\u00e9p\u00f4t, aux offres de tours gratuits et \u00e0 d'autres promotions attrayantes, il y a plus qu'assez pour vous tenir en haleine.<\/p>\n<p>Nous esp\u00e9rons que nous vous avons aid\u00e9 \u00e0 comprendre comment fonctionnent les exigences de mise, alors assurez-vous de profiter de chaque bonus qui se pr\u00e9sente.<\/p>\n<h2>FAQ<\/h2>\n<h3>Qu'est-ce que les exigences de mise ?<\/h3>\n<p>Les conditions de mise repr\u00e9sentent le nombre de fois qu'un joueur doit jouer un bonus avant de pouvoir retirer ses gains.<\/p>\n<h3>Comment calculer les exigences de mise ?<\/h3>\n<p>C'est tr\u00e8s simple ! Il vous suffit de multiplier le montant du bonus par la mise requise. Par exemple, $50 (bonus) x 20 (exigence de mise) = $1 000.<\/p>\n<h3>Puis-je \u00e9viter les exigences de mise ?<\/h3>\n<p>Pas tout \u00e0 fait. Si vous souhaitez b\u00e9n\u00e9ficier du bonus offert par le casino, il est impossible d'\u00e9viter les exigences de mise. N\u00e9anmoins, nous vous conseillons de profiter de toutes les promotions qui vous sont propos\u00e9es, car l'argent du bonus augmentera votre solde. Cela signifie que vous serez en mesure d'appr\u00e9cier encore plus de jouer dans votre casino pr\u00e9f\u00e9r\u00e9.<\/p>\n<h3>Quels sont les jeux qui contribuent le plus \u00e0 remplir les conditions de mise ?<\/h3>\n<p>Dans la majorit\u00e9 des casinos en ligne, les jeux de machines \u00e0 sous contribuent \u00e0 hauteur de 100% \u00e0 la satisfaction des exigences de mise. Cependant, pour plus de s\u00e9curit\u00e9, lisez les termes et conditions avant de commencer \u00e0 miser.<\/p>","protected":false},"excerpt":{"rendered":"<p>Vous \u00eates un nouveau venu dans l'industrie des jeux d'argent en ligne et vous ne savez pas vraiment ce que sont les exigences de mise ? Ou avez-vous eu des difficult\u00e9s \u00e0 retirer vos gains \u00e0 cause de ces exigences ? Ne vous inqui\u00e9tez pas : cet article vous permettra d'en savoir plus. Puisque vous \u00eates dans l'embarras, nous allons essayer de [...]<\/p>","protected":false},"author":1,"featured_media":0,"parent":0,"menu_order":0,"comment_status":"closed","ping_status":"closed","template":"","meta":{"_acf_changed":false,"footnotes":""},"class_list":["post-12613","page","type-page","status-publish","hentry"],"acf":[],"yoast_head":"<!-- This site is optimized with the Yoast SEO plugin v26.1.1 - https:\/\/yoast.com\/wordpress\/plugins\/seo\/ -->\n<title>Wagering Requirements Explained<\/title>\n<meta name=\"robots\" content=\"index, follow, max-snippet:-1, max-image-preview:large, max-video-preview:-1\" \/>\n<link rel=\"canonical\" href=\"https:\/\/casinolion.ca\/fr\/wagering-requirements-explained\/\" \/>\n<meta property=\"og:locale\" content=\"fr_CA\" \/>\n<meta property=\"og:type\" content=\"article\" \/>\n<meta property=\"og:title\" content=\"Wagering Requirements Explained\" \/>\n<meta property=\"og:description\" content=\"Are you a newcomer to the online gambling industry who isn\u2019t really sure what wagering requirements are? Or have you experienced some trouble withdrawing your winnings because of these requirements? Worry not \u2014 this article is a chance for you to learn more. Since you\u2019ve found yourself in a pickle, we will try to break [&hellip;]\" \/>\n<meta property=\"og:url\" content=\"https:\/\/casinolion.ca\/fr\/wagering-requirements-explained\/\" \/>\n<meta property=\"article:modified_time\" content=\"2020-12-14T23:46:58+00:00\" \/>\n<meta property=\"og:image\" content=\"https:\/\/www.casinolion.ca\/wp-content\/uploads\/2020\/12\/Wagering-Requir.jpg\" \/>\n<meta name=\"twitter:card\" content=\"summary_large_image\" \/>\n<meta name=\"twitter:label1\" content=\"Estimation du temps de lecture\" \/>\n\t<meta name=\"twitter:data1\" content=\"6 minutes\" \/>\n<script type=\"application\/ld+json\" class=\"yoast-schema-graph\">{\"@context\":\"https:\/\/schema.org\",\"@graph\":[{\"@type\":\"WebPage\",\"@id\":\"https:\/\/casinolion.ca\/wagering-requirements-explained\/\",\"url\":\"https:\/\/casinolion.ca\/wagering-requirements-explained\/\",\"name\":\"Wagering Requirements Explained\",\"isPartOf\":{\"@id\":\"https:\/\/casinolion.ca\/fr\/#website\"},\"primaryImageOfPage\":{\"@id\":\"https:\/\/casinolion.ca\/wagering-requirements-explained\/#primaryimage\"},\"image\":{\"@id\":\"https:\/\/casinolion.ca\/wagering-requirements-explained\/#primaryimage\"},\"thumbnailUrl\":\"https:\/\/www.casinolion.ca\/wp-content\/uploads\/2020\/12\/Wagering-Requir.jpg\",\"datePublished\":\"2020-12-14T23:36:19+00:00\",\"dateModified\":\"2020-12-14T23:46:58+00:00\",\"breadcrumb\":{\"@id\":\"https:\/\/casinolion.ca\/wagering-requirements-explained\/#breadcrumb\"},\"inLanguage\":\"fr-CA\",\"potentialAction\":[{\"@type\":\"ReadAction\",\"target\":[\"https:\/\/casinolion.ca\/wagering-requirements-explained\/\"]}]},{\"@type\":\"ImageObject\",\"inLanguage\":\"fr-CA\",\"@id\":\"https:\/\/casinolion.ca\/wagering-requirements-explained\/#primaryimage\",\"url\":\"https:\/\/www.casinolion.ca\/wp-content\/uploads\/2020\/12\/Wagering-Requir.jpg\",\"contentUrl\":\"https:\/\/www.casinolion.ca\/wp-content\/uploads\/2020\/12\/Wagering-Requir.jpg\"},{\"@type\":\"BreadcrumbList\",\"@id\":\"https:\/\/casinolion.ca\/wagering-requirements-explained\/#breadcrumb\",\"itemListElement\":[{\"@type\":\"ListItem\",\"position\":1,\"name\":\"Home\",\"item\":\"https:\/\/casinolion.ca\/\"},{\"@type\":\"ListItem\",\"position\":2,\"name\":\"Wagering Requirements Explained\"}]},{\"@type\":\"WebSite\",\"@id\":\"https:\/\/casinolion.ca\/fr\/#website\",\"url\":\"https:\/\/casinolion.ca\/fr\/\",\"name\":\"\",\"description\":\"\",\"potentialAction\":[{\"@type\":\"SearchAction\",\"target\":{\"@type\":\"EntryPoint\",\"urlTemplate\":\"https:\/\/casinolion.ca\/fr\/?s={search_term_string}\"},\"query-input\":{\"@type\":\"PropertyValueSpecification\",\"valueRequired\":true,\"valueName\":\"search_term_string\"}}],\"inLanguage\":\"fr-CA\"}]}<\/script>\n<!-- \/ Yoast SEO plugin. -->","yoast_head_json":{"title":"Exigences de mise expliqu\u00e9es","robots":{"index":"index","follow":"follow","max-snippet":"max-snippet:-1","max-image-preview":"max-image-preview:large","max-video-preview":"max-video-preview:-1"},"canonical":"https:\/\/casinolion.ca\/fr\/wagering-requirements-explained\/","og_locale":"fr_CA","og_type":"article","og_title":"Wagering Requirements Explained","og_description":"Are you a newcomer to the online gambling industry who isn\u2019t really sure what wagering requirements are? Or have you experienced some trouble withdrawing your winnings because of these requirements? Worry not \u2014 this article is a chance for you to learn more. Since you\u2019ve found yourself in a pickle, we will try to break [&hellip;]","og_url":"https:\/\/casinolion.ca\/fr\/wagering-requirements-explained\/","article_modified_time":"2020-12-14T23:46:58+00:00","og_image":[{"url":"https:\/\/www.casinolion.ca\/wp-content\/uploads\/2020\/12\/Wagering-Requir.jpg","type":"","width":"","height":""}],"twitter_card":"summary_large_image","twitter_misc":{"Estimation du temps de lecture":"6 minutes"},"schema":{"@context":"https:\/\/schema.org","@graph":[{"@type":"WebPage","@id":"https:\/\/casinolion.ca\/wagering-requirements-explained\/","url":"https:\/\/casinolion.ca\/wagering-requirements-explained\/","name":"Exigences de mise expliqu\u00e9es","isPartOf":{"@id":"https:\/\/casinolion.ca\/fr\/#website"},"primaryImageOfPage":{"@id":"https:\/\/casinolion.ca\/wagering-requirements-explained\/#primaryimage"},"image":{"@id":"https:\/\/casinolion.ca\/wagering-requirements-explained\/#primaryimage"},"thumbnailUrl":"https:\/\/www.casinolion.ca\/wp-content\/uploads\/2020\/12\/Wagering-Requir.jpg","datePublished":"2020-12-14T23:36:19+00:00","dateModified":"2020-12-14T23:46:58+00:00","breadcrumb":{"@id":"https:\/\/casinolion.ca\/wagering-requirements-explained\/#breadcrumb"},"inLanguage":"fr-CA","potentialAction":[{"@type":"ReadAction","target":["https:\/\/casinolion.ca\/wagering-requirements-explained\/"]}]},{"@type":"ImageObject","inLanguage":"fr-CA","@id":"https:\/\/casinolion.ca\/wagering-requirements-explained\/#primaryimage","url":"https:\/\/www.casinolion.ca\/wp-content\/uploads\/2020\/12\/Wagering-Requir.jpg","contentUrl":"https:\/\/www.casinolion.ca\/wp-content\/uploads\/2020\/12\/Wagering-Requir.jpg"},{"@type":"BreadcrumbList","@id":"https:\/\/casinolion.ca\/wagering-requirements-explained\/#breadcrumb","itemListElement":[{"@type":"ListItem","position":1,"name":"Home","item":"https:\/\/casinolion.ca\/"},{"@type":"ListItem","position":2,"name":"Wagering Requirements Explained"}]},{"@type":"WebSite","@id":"https:\/\/casinolion.ca\/fr\/#website","url":"https:\/\/casinolion.ca\/fr\/","name":"","description":"","potentialAction":[{"@type":"SearchAction","target":{"@type":"EntryPoint","urlTemplate":"https:\/\/casinolion.ca\/fr\/?s={search_term_string}"},"query-input":{"@type":"PropertyValueSpecification","valueRequired":true,"valueName":"search_term_string"}}],"inLanguage":"fr-CA"}]}},"_links":{"self":[{"href":"https:\/\/casinolion.ca\/fr\/wp-json\/wp\/v2\/pages\/12613","targetHints":{"allow":["GET"]}}],"collection":[{"href":"https:\/\/casinolion.ca\/fr\/wp-json\/wp\/v2\/pages"}],"about":[{"href":"https:\/\/casinolion.ca\/fr\/wp-json\/wp\/v2\/types\/page"}],"author":[{"embeddable":true,"href":"https:\/\/casinolion.ca\/fr\/wp-json\/wp\/v2\/users\/1"}],"replies":[{"embeddable":true,"href":"https:\/\/casinolion.ca\/fr\/wp-json\/wp\/v2\/comments?post=12613"}],"version-history":[{"count":0,"href":"https:\/\/casinolion.ca\/fr\/wp-json\/wp\/v2\/pages\/12613\/revisions"}],"wp:attachment":[{"href":"https:\/\/casinolion.ca\/fr\/wp-json\/wp\/v2\/media?parent=12613"}],"curies":[{"name":"wp","href":"https:\/\/api.w.org\/{rel}","templated":true}]}}