
{"id":12617,"date":"2020-12-15T00:14:23","date_gmt":"2020-12-15T00:14:23","guid":{"rendered":"https:\/\/www.canadiancasinos.ca\/?page_id=12617"},"modified":"2021-01-12T00:39:52","modified_gmt":"2021-01-12T00:39:52","slug":"how-to-bet-on-horse-racing-online","status":"publish","type":"page","link":"https:\/\/casinolion.ca\/fr\/how-to-bet-on-horse-racing-online\/","title":{"rendered":"Comment parier sur les courses de chevaux en ligne"},"content":{"rendered":"<h2>Guide des paris hippiques en ligne<\/h2>\n<p>Que vous ayez v\u00e9cu l'excitation d'une course hippique en direct ou que vous commenciez \u00e0 peine \u00e0 vous int\u00e9resser aux courses hippiques, vous avez probablement remarqu\u00e9 que les courses et les paris vont de pair. Le frisson d'une course hippique est d'autant plus grand avec un bulletin de pari en main. Ce guide vous pr\u00e9parera donc \u00e0 parier sur les courses hippiques comme un professionnel.<\/p>\n<p>Les nouveaux venus pourront apprendre toutes les astuces, tandis que les parieurs exp\u00e9riment\u00e9s trouveront certainement quelques conseils qui les aideront \u00e0 passer au niveau sup\u00e9rieur. Poursuivez votre lecture pour en savoir plus sur la l\u00e9galit\u00e9 des paris hippiques, les strat\u00e9gies et les types de paris, les courses les plus populaires, et bien plus encore.<\/p>\n<h2>L\u00e9galit\u00e9 des paris sur les courses de chevaux<\/h2>\n<p>Les courses de chevaux au Canada ne sont pas r\u00e9glement\u00e9es par le Code p\u00e9nal canadien mais par l'Agence canadienne du pari mutuel. Bien que les courses de chevaux existent au Canada depuis les ann\u00e9es 1920, elles n'ont \u00e9t\u00e9 l\u00e9galis\u00e9es qu'en 1969. Les paris hors hippodrome ont \u00e9t\u00e9 l\u00e9galis\u00e9s 20 ans plus tard, le 29 juin 1989, \u00e0 Ottawa. Depuis, les autres provinces et territoires canadiens ont accueilli \u00e0 bras ouverts les paris sur les courses de chevaux.<\/p>\n<p>N'oubliez pas que chaque province et territoire canadien a le droit d'adopter ses propres r\u00e8glements et lois concernant les paris. Actuellement, les courses de chevaux sont l\u00e9gales dans tout le pays.<\/p>\n<h2>Strat\u00e9gie de paris sur les courses de chevaux<\/h2>\n<p>Tous les parieurs veulent voir leurs chevaux franchir la ligne d'arriv\u00e9e en premier. Il existe donc forc\u00e9ment quelques strat\u00e9gies pour aider les joueurs \u00e0 choisir le bon cheval au lieu de se fier \u00e0 leur intuition. Si vous souhaitez faire des paris \u00e9clair\u00e9s, \u00e9tudiez les conseils ci-dessous.<\/p>\n<h3>Pas de paris s\u00fbrs<\/h3>\n<p>Avant de poursuivre, il convient de rappeler que rien n'est certain en mati\u00e8re de paris. En outre, \u00e9vitez de lire ou d'\u00e9couter des personnes qui se pr\u00e9tendent des experts en courses de chevaux. Dans la plupart des cas, vous serez d\u00e9\u00e7u par les r\u00e9sultats, car aucun pari n'est garanti. N'attachez donc pas d'importance aux conseils des autres, mais optez pour ce que vous pensez \u00eatre le mieux.<\/p>\n<h3>\u00c9tudier le jockey<\/h3>\n<p>De nombreux parieurs oublient que l'\u00e9tude du jockey est aussi importante que l'analyse du cheval. Examinez les ant\u00e9c\u00e9dents du jockey, son exp\u00e9rience ant\u00e9rieure avec le cheval s'il y en a une, et l'exp\u00e9rience du jockey sur la piste, car ils ne sont pas tous les m\u00eames. Une fois que vous aurez obtenu plus d'informations sur le jockey, vous serez en mesure de faire un pari \u00e9clair\u00e9.<\/p>\n<h3>Histoire du cheval<\/h3>\n<p>Il est essentiel de lire et de comprendre les ant\u00e9c\u00e9dents du cheval. Commencez par l'exp\u00e9rience et les ant\u00e9c\u00e9dents du cheval - exp\u00e9rience ant\u00e9rieure sur le m\u00eame hippodrome, victoires ant\u00e9rieures et performances lors des derni\u00e8res courses.<\/p>\n<p>Passez ensuite \u00e0 l'\u00e9tat du cheval, notamment \u00e0 sa sant\u00e9, \u00e0 ses blessures et \u00e0 son niveau de comp\u00e9titivit\u00e9 ces derniers temps. Enfin, examinez le style du cheval, c'est-\u00e0-dire s'il a un d\u00e9part tardif ou s'il sprinte sur la ligne, s'il est un pacer ou non. Tous ces \u00e9l\u00e9ments combin\u00e9s vous donneront certainement une bonne id\u00e9e de l'historique des courses du cheval.<\/p>\n<h3>Regarder le propri\u00e9taire<\/h3>\n<p>Les courses de chevaux nous ont appris que certains propri\u00e9taires savent comment \u00e9lever un cheval gagnant. C'est pourquoi il est essentiel de bien se renseigner sur les propri\u00e9taires. Nous ne voulons pas \u00e9carter les nouveaux propri\u00e9taires, mais il est pr\u00e9f\u00e9rable de s'en tenir \u00e0 des gagnants confirm\u00e9s si vous voulez maximiser vos chances.<\/p>\n<h3>\u00c9tat des pistes<\/h3>\n<p>Comme dans d'autres sports, l'\u00e9tat de la piste est un facteur essentiel pour d\u00e9terminer les performances d'un cheval. Tous les chevaux ne courent pas de la m\u00eame mani\u00e8re sur une piste boueuse que sur une piste s\u00e8che. Il convient \u00e9galement de pr\u00eater attention aux pr\u00e9visions m\u00e9t\u00e9orologiques, qui peuvent avoir un impact consid\u00e9rable sur la piste et les chevaux.<\/p>\n<h2>Paris populaires sur les courses de chevaux<\/h2>\n<p>Si vous \u00eates novice en mati\u00e8re de paris sur les courses hippiques, vous aurez besoin d'aide pour comprendre les diff\u00e9rents types de paris. Bien qu'il existe de nombreux types de paris, ce guide vous pr\u00e9sentera les plus populaires afin de limiter vos choix. Jetez un coup d'\u0153il.<\/p>\n<h3>Gagner, placer, montrer<\/h3>\n<p>Il s'agit sans doute du type de pari le plus simple disponible en mati\u00e8re de courses hippiques.<\/p>\n<p>Si vous choisissez un <em>gagner <\/em>vous devez s\u00e9lectionner un cheval dont vous pensez qu'il va gagner toute la course et placer votre pari sur lui. En optant pour un <em>lieu <\/em>signifie que vous gagnerez si votre cheval termine premier ou deuxi\u00e8me. Les <em>montrer <\/em>permet \u00e0 votre cheval de terminer \u00e0 l'une des trois premi\u00e8res places pour que vous gagniez.<\/p>\n<h3>Exotiques<\/h3>\n<p>Une fois que vous aurez ma\u00eetris\u00e9 le premier type de pari, vous pourrez passer aux paris exotiques. Ces types de paris sont un peu plus compliqu\u00e9s, alors soyez attentif. Gardez \u00e0 l'esprit que vous devez r\u00e9ussir tous les \u00e9l\u00e9ments du pari pour gagner. D\u00e9couvrez les diff\u00e9rents types de paris exotiques :<\/p>\n<ul>\n<li><a href=\"https:\/\/casinolion.ca\/fr\/how-to-bet-on-horse-racing-online\/what-is-a-quinella-bet\/\"><strong>Quinella <\/strong><\/a>- Parier sur deux chevaux dans la m\u00eame course pour qu'ils terminent premier et deuxi\u00e8me. Le choix du cheval qui termine \u00e0 la premi\u00e8re place n'a pas d'importance.<\/li>\n<li><strong><a href=\"https:\/\/casinolion.ca\/fr\/how-to-bet-on-horse-racing-online\/what-is-an-exacta-bet\/\">Exacta<\/a> <\/strong>- Ce pari est le m\u00eame que le pari quinella, mais vous devez cette fois deviner l'ordre exact.<\/li>\n<li><strong><a href=\"https:\/\/casinolion.ca\/fr\/how-to-bet-on-horse-racing-online\/what-is-a-trifecta-bet\/\">Trifecta<\/a> <\/strong>- Identique \u00e0 l'exacta mais cette fois pour les trois premi\u00e8res places.<\/li>\n<li><strong><a href=\"https:\/\/casinolion.ca\/fr\/how-to-bet-on-horse-racing-online\/what-is-a-superfecta-bet\/\">Superfecta<\/a> <\/strong>- Avec ce pari, vous choisissez les quatre premiers chevaux dans l'ordre exact o\u00f9 vous pensez qu'ils termineront.<\/li>\n<li><a href=\"https:\/\/casinolion.ca\/fr\/how-to-bet-on-horse-racing-online\/what-is-a-daily-double-bet\/\"><strong>Quotidiennement double<\/strong><\/a> - Choisissez les gagnants de deux courses cons\u00e9cutives.<\/li>\n<li><a href=\"https:\/\/casinolion.ca\/fr\/how-to-bet-on-horse-racing-online\/what-is-a-pick-3-bet\/\"><strong>Choisir trois <\/strong><\/a>- Identique au double quotidien mais pour trois courses cons\u00e9cutives.<\/li>\n<\/ul>\n<h2>Les courses de chevaux les plus c\u00e9l\u00e8bres<\/h2>\n<p>Chaque ann\u00e9e, des centaines de tournois et d'\u00e9v\u00e9nements li\u00e9s aux courses de chevaux ont lieu dans plus de 30 pays. Toutefois, certains \u00e9v\u00e9nements sont plus importants que d'autres. Par cons\u00e9quent, si vous souhaitez tirer le meilleur parti de vos paris sur les courses de chevaux, tentez votre chance lors de l'un des dix \u00e9v\u00e9nements hippiques les plus c\u00e9l\u00e8bres au monde.<\/p>\n<ol>\n<li><a href=\"https:\/\/www.kentuckyderby.com\/\">Derby du Kentucky<\/a><\/li>\n<li><a href=\"https:\/\/en.wikipedia.org\/wiki\/Dubai_World_Cup\">Coupe du monde de Duba\u00ef<\/a><\/li>\n<li><a href=\"https:\/\/en.wikipedia.org\/wiki\/Prix_de_l%27Arc_de_Triomphe\">Prix de l'Arc de Triomphe<\/a><\/li>\n<li><a href=\"https:\/\/en.wikipedia.org\/wiki\/Cheltenham_Festival\">Le festival de Cheltenham<\/a><\/li>\n<li><a href=\"https:\/\/www.pegasusworldcup.com\/\">Pegasus World Cup Invitational<\/a><\/li>\n<li><a href=\"https:\/\/japanracing.jp\/en\/horsemen\/jai\/japan_cup\/\">Coupe du Japon<\/a><\/li>\n<li><a href=\"https:\/\/en.wikipedia.org\/wiki\/Melbourne_Cup\">Melbourne Cup<\/a><\/li>\n<li><a href=\"https:\/\/en.wikipedia.org\/wiki\/Nakayama_Grand_Jump\">Le grand saut de Nakayama<\/a><\/li>\n<li><a href=\"https:\/\/www.theeverest.com.au\/\">L'Everest<\/a><\/li>\n<\/ol>\n<h2>Courses de chevaux en direct<\/h2>\n<p>Un nombre croissant de sites de paris sportifs ont introduit une option de diffusion en direct directement sur leur site web. Ainsi, les joueurs n'ont pas besoin de passer d'un onglet \u00e0 l'autre ou d'ouvrir une autre fen\u00eatre de navigateur pour regarder une course hippique sur laquelle ils ont pari\u00e9. C'est l'un des moyens les plus pratiques de suivre des tournois de courses hippiques passionnants et de regarder ses chevaux pr\u00e9f\u00e9r\u00e9s.<\/p>\n<p>Cette m\u00e9thode s'est av\u00e9r\u00e9e efficace pour attirer de nouveaux joueurs et fid\u00e9liser les habitu\u00e9s. Les Canadiens peuvent trouver de nombreux sites de paris sportifs avec streaming en direct et suivre de pr\u00e8s les courses hippiques de haut niveau tout au long de l'ann\u00e9e.<\/p>\n<h2>R\u00e9flexions finales<\/h2>\n<p>Bien que cela puisse sembler intimidant au d\u00e9but, les paris sur les courses de chevaux en ligne ne sont pas si difficiles \u00e0 ma\u00eetriser. Si vous avez lu attentivement ce guide, vous \u00eates pr\u00eat \u00e0 vous lancer dans cette exp\u00e9rience passionnante.<\/p>\n<p>N'oubliez pas de lire nos conseils strat\u00e9giques pour vous assurer que vous \u00eates sur la bonne voie. Faites vos recherches et commencez par les types de paris les plus simples sur les courses hippiques les plus r\u00e9put\u00e9es.<\/p>\n<p>Bonne chance !<\/p>\n<h2>FAQ<\/h2>\n<h3>Les paris sur les courses de chevaux sont-ils l\u00e9gaux au Canada ?<\/h3>\n<p>Oui, c'est vrai. Les paris sur les courses de chevaux sont l\u00e9gaux partout au Canada. Vous pouvez donc \u00eatre assur\u00e9 que vos paris en ligne sur les courses de chevaux n'auront aucune cons\u00e9quence juridique.<\/p>\n<h3>Comment choisir le cheval gagnant ?<\/h3>\n<p>Avant de faire votre pari, il est essentiel de passer en revue quelques conseils strat\u00e9giques simples pour maximiser vos gains. Lisez les strat\u00e9gies les plus utiles dans le guide ci-dessus.<\/p>\n<h3>Quel pari sur les courses de chevaux est le plus populaire ?<\/h3>\n<p>Si vous \u00eates d\u00e9butant, il est pr\u00e9f\u00e9rable de commencer par un pari gagnant, un pari plac\u00e9 ou un pari sur le spectacle, car ces paris sont assez simples. Une fois que vous \u00eates pr\u00eat \u00e0 placer des paris plus s\u00e9rieux, jetez un \u0153il aux types de paris exotiques.<\/p>\n<h3>Puis-je regarder les courses de chevaux en direct ?<\/h3>\n<p>Oui, c'est possible. De nombreux sites de paris sportifs en ligne proposent \u00e9galement une option de diffusion en direct. Ainsi, vous pourrez placer des paris et regarder la course de votre cheval simultan\u00e9ment.<\/p>","protected":false},"excerpt":{"rendered":"<p>Guide des paris hippiques en ligne Que vous ayez v\u00e9cu l'excitation d'une course hippique en direct ou que vous commenciez \u00e0 peine \u00e0 vous int\u00e9resser aux courses hippiques, vous avez probablement remarqu\u00e9 que les courses et les paris vont de pair. Le frisson d'une course hippique est d'autant plus grand avec un bulletin de pari \u00e0 la main, alors ce [...]<\/p>","protected":false},"author":1,"featured_media":0,"parent":0,"menu_order":0,"comment_status":"closed","ping_status":"closed","template":"","meta":{"_acf_changed":false,"footnotes":""},"class_list":["post-12617","page","type-page","status-publish","hentry"],"acf":[],"yoast_head":"<!-- This site is optimized with the Yoast SEO plugin v26.1.1 - https:\/\/yoast.com\/wordpress\/plugins\/seo\/ -->\n<title>How to Bet On Horse Racing Online<\/title>\n<meta name=\"robots\" content=\"index, follow, max-snippet:-1, max-image-preview:large, max-video-preview:-1\" \/>\n<link rel=\"canonical\" href=\"https:\/\/casinolion.ca\/fr\/how-to-bet-on-horse-racing-online\/\" \/>\n<meta property=\"og:locale\" content=\"fr_CA\" \/>\n<meta property=\"og:type\" content=\"article\" \/>\n<meta property=\"og:title\" content=\"How to Bet On Horse Racing Online\" \/>\n<meta property=\"og:description\" content=\"Guide to Horse Racing Betting Online Whether you\u2019ve experienced the excitement of a live horse race or you\u2019re just now getting interested in horse racing, you\u2019ve probably noticed that racing and betting go hand in hand. The thrill of a horse race is that much bigger with a bet slip in your hand, so this [&hellip;]\" \/>\n<meta property=\"og:url\" content=\"https:\/\/casinolion.ca\/fr\/how-to-bet-on-horse-racing-online\/\" \/>\n<meta property=\"article:modified_time\" content=\"2021-01-12T00:39:52+00:00\" \/>\n<meta name=\"twitter:card\" content=\"summary_large_image\" \/>\n<meta name=\"twitter:label1\" content=\"Estimation du temps de lecture\" \/>\n\t<meta name=\"twitter:data1\" content=\"7 minutes\" \/>\n<script type=\"application\/ld+json\" class=\"yoast-schema-graph\">{\"@context\":\"https:\/\/schema.org\",\"@graph\":[{\"@type\":\"WebPage\",\"@id\":\"https:\/\/casinolion.ca\/how-to-bet-on-horse-racing-online\/\",\"url\":\"https:\/\/casinolion.ca\/how-to-bet-on-horse-racing-online\/\",\"name\":\"How to Bet On Horse Racing Online\",\"isPartOf\":{\"@id\":\"https:\/\/casinolion.ca\/fr\/#website\"},\"datePublished\":\"2020-12-15T00:14:23+00:00\",\"dateModified\":\"2021-01-12T00:39:52+00:00\",\"breadcrumb\":{\"@id\":\"https:\/\/casinolion.ca\/how-to-bet-on-horse-racing-online\/#breadcrumb\"},\"inLanguage\":\"fr-CA\",\"potentialAction\":[{\"@type\":\"ReadAction\",\"target\":[\"https:\/\/casinolion.ca\/how-to-bet-on-horse-racing-online\/\"]}]},{\"@type\":\"BreadcrumbList\",\"@id\":\"https:\/\/casinolion.ca\/how-to-bet-on-horse-racing-online\/#breadcrumb\",\"itemListElement\":[{\"@type\":\"ListItem\",\"position\":1,\"name\":\"Home\",\"item\":\"https:\/\/casinolion.ca\/\"},{\"@type\":\"ListItem\",\"position\":2,\"name\":\"How to Bet On Horse Racing Online\"}]},{\"@type\":\"WebSite\",\"@id\":\"https:\/\/casinolion.ca\/fr\/#website\",\"url\":\"https:\/\/casinolion.ca\/fr\/\",\"name\":\"\",\"description\":\"\",\"potentialAction\":[{\"@type\":\"SearchAction\",\"target\":{\"@type\":\"EntryPoint\",\"urlTemplate\":\"https:\/\/casinolion.ca\/fr\/?s={search_term_string}\"},\"query-input\":{\"@type\":\"PropertyValueSpecification\",\"valueRequired\":true,\"valueName\":\"search_term_string\"}}],\"inLanguage\":\"fr-CA\"}]}<\/script>\n<!-- \/ Yoast SEO plugin. -->","yoast_head_json":{"title":"Comment parier sur les courses de chevaux en ligne","robots":{"index":"index","follow":"follow","max-snippet":"max-snippet:-1","max-image-preview":"max-image-preview:large","max-video-preview":"max-video-preview:-1"},"canonical":"https:\/\/casinolion.ca\/fr\/how-to-bet-on-horse-racing-online\/","og_locale":"fr_CA","og_type":"article","og_title":"How to Bet On Horse Racing Online","og_description":"Guide to Horse Racing Betting Online Whether you\u2019ve experienced the excitement of a live horse race or you\u2019re just now getting interested in horse racing, you\u2019ve probably noticed that racing and betting go hand in hand. The thrill of a horse race is that much bigger with a bet slip in your hand, so this [&hellip;]","og_url":"https:\/\/casinolion.ca\/fr\/how-to-bet-on-horse-racing-online\/","article_modified_time":"2021-01-12T00:39:52+00:00","twitter_card":"summary_large_image","twitter_misc":{"Estimation du temps de lecture":"7 minutes"},"schema":{"@context":"https:\/\/schema.org","@graph":[{"@type":"WebPage","@id":"https:\/\/casinolion.ca\/how-to-bet-on-horse-racing-online\/","url":"https:\/\/casinolion.ca\/how-to-bet-on-horse-racing-online\/","name":"Comment parier sur les courses de chevaux en ligne","isPartOf":{"@id":"https:\/\/casinolion.ca\/fr\/#website"},"datePublished":"2020-12-15T00:14:23+00:00","dateModified":"2021-01-12T00:39:52+00:00","breadcrumb":{"@id":"https:\/\/casinolion.ca\/how-to-bet-on-horse-racing-online\/#breadcrumb"},"inLanguage":"fr-CA","potentialAction":[{"@type":"ReadAction","target":["https:\/\/casinolion.ca\/how-to-bet-on-horse-racing-online\/"]}]},{"@type":"BreadcrumbList","@id":"https:\/\/casinolion.ca\/how-to-bet-on-horse-racing-online\/#breadcrumb","itemListElement":[{"@type":"ListItem","position":1,"name":"Home","item":"https:\/\/casinolion.ca\/"},{"@type":"ListItem","position":2,"name":"How to Bet On Horse Racing Online"}]},{"@type":"WebSite","@id":"https:\/\/casinolion.ca\/fr\/#website","url":"https:\/\/casinolion.ca\/fr\/","name":"","description":"","potentialAction":[{"@type":"SearchAction","target":{"@type":"EntryPoint","urlTemplate":"https:\/\/casinolion.ca\/fr\/?s={search_term_string}"},"query-input":{"@type":"PropertyValueSpecification","valueRequired":true,"valueName":"search_term_string"}}],"inLanguage":"fr-CA"}]}},"_links":{"self":[{"href":"https:\/\/casinolion.ca\/fr\/wp-json\/wp\/v2\/pages\/12617","targetHints":{"allow":["GET"]}}],"collection":[{"href":"https:\/\/casinolion.ca\/fr\/wp-json\/wp\/v2\/pages"}],"about":[{"href":"https:\/\/casinolion.ca\/fr\/wp-json\/wp\/v2\/types\/page"}],"author":[{"embeddable":true,"href":"https:\/\/casinolion.ca\/fr\/wp-json\/wp\/v2\/users\/1"}],"replies":[{"embeddable":true,"href":"https:\/\/casinolion.ca\/fr\/wp-json\/wp\/v2\/comments?post=12617"}],"version-history":[{"count":0,"href":"https:\/\/casinolion.ca\/fr\/wp-json\/wp\/v2\/pages\/12617\/revisions"}],"wp:attachment":[{"href":"https:\/\/casinolion.ca\/fr\/wp-json\/wp\/v2\/media?parent=12617"}],"curies":[{"name":"wp","href":"https:\/\/api.w.org\/{rel}","templated":true}]}}