
{"id":12620,"date":"2020-12-15T00:22:06","date_gmt":"2020-12-15T00:22:06","guid":{"rendered":"https:\/\/www.canadiancasinos.ca\/?page_id=12620"},"modified":"2020-12-15T00:22:06","modified_gmt":"2020-12-15T00:22:06","slug":"what-is-a-quinella-bet","status":"publish","type":"page","link":"https:\/\/casinolion.ca\/fr\/how-to-bet-on-horse-racing-online\/what-is-a-quinella-bet\/","title":{"rendered":"Qu'est-ce qu'un pari Quinella ?"},"content":{"rendered":"<p>Jouer aux poneys procure beaucoup d'excitation aux parieurs canadiens qui attendent avec impatience des \u00e9v\u00e9nements tels que le Queen's Plate pour tester leurs connaissances du turf et esp\u00e9rer gagner de l'argent. La plupart des joueurs sont familiaris\u00e9s avec les options de paris hippiques standard, telles que la victoire, le spectacle et autres, mais il existe de nombreux autres paris plus exotiques que vous devriez envisager et qui peuvent accro\u00eetre l'excitation, ainsi que les gains escompt\u00e9s.<\/p>\n<p>L'un de ces paris est le pari quinella, souvent consid\u00e9r\u00e9 comme le plus simple de tous les paris exotiques que vous pouvez jouer sur un hippodrome ou sur un site de paris hippiques en ligne. Voici une analyse de toutes les caract\u00e9ristiques et de tous les facteurs essentiels du pari quinella.<\/p>\n<h2>Comment fonctionne le pari Quinella ?<\/h2>\n<p>Le pari quinella est un pari sur les courses de chevaux qui consiste \u00e0 s\u00e9lectionner les coureurs qui termineront premier et deuxi\u00e8me d'une course, quel que soit leur ordre. Tant que les chevaux que vous avez choisis terminent premier et deuxi\u00e8me, votre pari quinella est gagnant. Illustrons cela par un exemple.<\/p>\n<p>Supposons que vous ayez plac\u00e9 un pari quinella $10 sur les chevaux #4 et #5 lors de la course Breeders\u2019 Stakes de la s\u00e9rie canadienne de la Triple Couronne. Vous obtiendrez un paiement, quel que soit le cheval qui termine premier ou deuxi\u00e8me. Si l'un des deux chevaux ne gagne pas ou ne se classe pas, vous perdez le pari.<\/p>\n<p>De nombreux joueurs confondent le pari quinella avec le pari exacta, mais il n'y a pas de raison de les bl\u00e2mer car ces deux paris sont tr\u00e8s similaires. En effet, le pari exacta consiste \u00e9galement \u00e0 parier sur deux chevaux qui termineront aux deux premi\u00e8res places d'une course, mais dans l'ordre exact, contrairement au pari quinella o\u00f9 l'ordre n'a pas d'importance.<\/p>\n<p>La valeur typique d'un pari quinella est fix\u00e9e \u00e0 un minimum de $2, mais tout d\u00e9pend du type de pari quinella que vous placez. En g\u00e9n\u00e9ral, le quinella est un pari moins cher que l'exacta, car vous devrez miser au moins $4 pour couvrir tous les r\u00e9sultats possibles du pari quinella dans son \u00e9quivalent exacta. Cependant, les gains d'un pari quinella correct ne seront pas aussi importants que ceux d'un pari exacta.<\/p>\n<h2>Types de Quinella<\/h2>\n<p>Que vous souhaitiez simplement flirter avec les chevaux ou que vous soyez un grand parieur, personne ne veut gaspiller son argent sur le turf, c'est pourquoi vous devez en savoir plus sur les diff\u00e9rents types de paris que vous pouvez placer et sur ce qu'ils impliquent. Il existe plusieurs types de paris sur la quinella, alors voyons ce qu'ils sont et apprenons \u00e0 les placer.<\/p>\n<h3>Quinella droite<\/h3>\n<p>La quinella droite est la forme de base de ce pari et consiste \u00e0 choisir n'importe lequel des deux chevaux de la course pour terminer premier et deuxi\u00e8me. Si vous avez pari\u00e9 sur les chevaux #6 et #8, vous gagnerez si les chevaux terminent la course premier et deuxi\u00e8me, quel que soit l'ordre.<\/p>\n<p>Les gains de la quinella straight d\u00e9pendent de deux facteurs : le montant que vous avez mis\u00e9 et le fait que vous ayez pari\u00e9 sur le favori. Si vous choisissez des chevaux appartenant \u00e0 un groupe d\u201c\u201doutsiders\" dans une course et qu'ils montent sur le podium, vous aurez droit \u00e0 un paiement important.<\/p>\n<h3>Bo\u00eete de Quinella<\/h3>\n<p>Un pari quinella box permet aux joueurs de parier sur plus de deux chevaux, et toute combinaison de chevaux s\u00e9lectionn\u00e9s qui se classent et gagnent se traduira par un paiement. En ajoutant plus de chevaux, vos chances de gagner augmentent, mais le co\u00fbt du pari augmente \u00e9galement, tandis que le montant du gain diminue proportionnellement. Le co\u00fbt de l'ajout d'un cheval au pari quinella est g\u00e9n\u00e9ralement de $2, plus la mise initiale. Voici comment fonctionne le calcul.<\/p>\n<p>Supposons que vous placez un pari quinella sur les chevaux #4, #7 et #8. Chaque combinaison gagnante et plac\u00e9e est consid\u00e9r\u00e9e comme un pari distinct de $2, ce qui signifie que le pari total sera de $6.<\/p>\n<h3>Roue de Quinella<\/h3>\n<p>Le pari quinella wheel ressemble au pari quinella box, mais les chevaux sont combin\u00e9s diff\u00e9remment. En effet, un seul cheval est choisi pour gagner ou se classer dans tous les paris et combinaisons, tandis que les autres chevaux peuvent \u00eatre associ\u00e9s diff\u00e9remment.<\/p>\n<p>Par exemple, si vous pensez que le cheval #6 est le favori et que les chevaux #3, #2 et #5 ont de bonnes chances de gagner, vous pouvez alors placer un pari $2 quinella roue #4 avec 3-2-5, de sorte que la mise totale sera au moins de $6 puisque le cheval num\u00e9ro #4 sera associ\u00e9 \u00e0 tous les autres chevaux.<\/p>\n<h2>Comment placer un pari Quinella<\/h2>\n<p>Il est extr\u00eamement facile de placer un pari quinella dans n'importe quel bookmaker en ligne. Une fois que vous avez trouv\u00e9 la course de chevaux sur laquelle vous voulez parier, vous devez cliquer sur le bouton \"Parier\". <em>Quinella <\/em>dans le cadre de l'option <em>Paris exotiques<\/em> onglet. S\u00e9lectionnez les coureurs que vous voulez dans votre quinella, ce qui d\u00e9terminera le type de quinella que vous souhaitez utiliser. Saisissez ensuite le montant que vous souhaitez parier, et votre bulletin de pari sera g\u00e9n\u00e9r\u00e9, contenant toutes les informations n\u00e9cessaires.<\/p>\n<h2>Comment calculer les paiements de Quinella<\/h2>\n<p>Les gains des paris quinella sont calcul\u00e9s sur la base du syst\u00e8me de pari mutuel, o\u00f9 tous les tickets gagnants se partagent une partie de la cagnotte commune. Plus les joueurs sont nombreux \u00e0 placer des paris quinella, plus la cagnotte est importante. N'oubliez pas que l'ajout de chevaux \u00e0 votre pari quinella peut augmenter les chances de gagner, mais qu'il r\u00e9duit \u00e9galement les gains.<\/p>","protected":false},"excerpt":{"rendered":"<p>Jouer aux poneys procure beaucoup d'excitation aux parieurs canadiens qui attendent avec impatience des \u00e9v\u00e9nements tels que le Queen's Plate pour tester leurs connaissances du turf et esp\u00e9rer gagner de l'argent. La plupart des joueurs sont familiers avec les options de paris hippiques standard, telles que gagner, montrer et autres, mais il existe de nombreuses [...]<\/p>","protected":false},"author":1,"featured_media":0,"parent":12617,"menu_order":0,"comment_status":"closed","ping_status":"closed","template":"","meta":{"_acf_changed":false,"footnotes":""},"class_list":["post-12620","page","type-page","status-publish","hentry"],"acf":[],"yoast_head":"<!-- This site is optimized with the Yoast SEO plugin v26.1.1 - https:\/\/yoast.com\/wordpress\/plugins\/seo\/ -->\n<title>What Is a Quinella Bet?<\/title>\n<meta name=\"robots\" content=\"index, follow, max-snippet:-1, max-image-preview:large, max-video-preview:-1\" \/>\n<link rel=\"canonical\" href=\"https:\/\/casinolion.ca\/fr\/how-to-bet-on-horse-racing-online\/what-is-a-quinella-bet\/\" \/>\n<meta property=\"og:locale\" content=\"fr_CA\" \/>\n<meta property=\"og:type\" content=\"article\" \/>\n<meta property=\"og:title\" content=\"What Is a Quinella Bet?\" \/>\n<meta property=\"og:description\" content=\"Playing the ponies brings a lot of excitement to Canadian bettors who can\u2019t wait for events such as The Queen\u2019s Plate to test their knowledge of the turf and hopefully win some money. Most players are familiar with the standard horse betting options, such as win, show, and the like, but there are plenty of [&hellip;]\" \/>\n<meta property=\"og:url\" content=\"https:\/\/casinolion.ca\/fr\/how-to-bet-on-horse-racing-online\/what-is-a-quinella-bet\/\" \/>\n<meta name=\"twitter:card\" content=\"summary_large_image\" \/>\n<meta name=\"twitter:label1\" content=\"Estimation du temps de lecture\" \/>\n\t<meta name=\"twitter:data1\" content=\"4 minutes\" \/>\n<script type=\"application\/ld+json\" class=\"yoast-schema-graph\">{\"@context\":\"https:\/\/schema.org\",\"@graph\":[{\"@type\":\"WebPage\",\"@id\":\"https:\/\/casinolion.ca\/how-to-bet-on-horse-racing-online\/what-is-a-quinella-bet\/\",\"url\":\"https:\/\/casinolion.ca\/how-to-bet-on-horse-racing-online\/what-is-a-quinella-bet\/\",\"name\":\"What Is a Quinella Bet?\",\"isPartOf\":{\"@id\":\"https:\/\/casinolion.ca\/fr\/#website\"},\"datePublished\":\"2020-12-15T00:22:06+00:00\",\"breadcrumb\":{\"@id\":\"https:\/\/casinolion.ca\/how-to-bet-on-horse-racing-online\/what-is-a-quinella-bet\/#breadcrumb\"},\"inLanguage\":\"fr-CA\",\"potentialAction\":[{\"@type\":\"ReadAction\",\"target\":[\"https:\/\/casinolion.ca\/how-to-bet-on-horse-racing-online\/what-is-a-quinella-bet\/\"]}]},{\"@type\":\"BreadcrumbList\",\"@id\":\"https:\/\/casinolion.ca\/how-to-bet-on-horse-racing-online\/what-is-a-quinella-bet\/#breadcrumb\",\"itemListElement\":[{\"@type\":\"ListItem\",\"position\":1,\"name\":\"Home\",\"item\":\"https:\/\/casinolion.ca\/\"},{\"@type\":\"ListItem\",\"position\":2,\"name\":\"How to Bet On Horse Racing Online\",\"item\":\"https:\/\/casinolion.ca\/how-to-bet-on-horse-racing-online\/\"},{\"@type\":\"ListItem\",\"position\":3,\"name\":\"What Is a Quinella Bet?\"}]},{\"@type\":\"WebSite\",\"@id\":\"https:\/\/casinolion.ca\/fr\/#website\",\"url\":\"https:\/\/casinolion.ca\/fr\/\",\"name\":\"\",\"description\":\"\",\"potentialAction\":[{\"@type\":\"SearchAction\",\"target\":{\"@type\":\"EntryPoint\",\"urlTemplate\":\"https:\/\/casinolion.ca\/fr\/?s={search_term_string}\"},\"query-input\":{\"@type\":\"PropertyValueSpecification\",\"valueRequired\":true,\"valueName\":\"search_term_string\"}}],\"inLanguage\":\"fr-CA\"}]}<\/script>\n<!-- \/ Yoast SEO plugin. -->","yoast_head_json":{"title":"Qu'est-ce qu'un pari Quinella ?","robots":{"index":"index","follow":"follow","max-snippet":"max-snippet:-1","max-image-preview":"max-image-preview:large","max-video-preview":"max-video-preview:-1"},"canonical":"https:\/\/casinolion.ca\/fr\/how-to-bet-on-horse-racing-online\/what-is-a-quinella-bet\/","og_locale":"fr_CA","og_type":"article","og_title":"What Is a Quinella Bet?","og_description":"Playing the ponies brings a lot of excitement to Canadian bettors who can\u2019t wait for events such as The Queen\u2019s Plate to test their knowledge of the turf and hopefully win some money. Most players are familiar with the standard horse betting options, such as win, show, and the like, but there are plenty of [&hellip;]","og_url":"https:\/\/casinolion.ca\/fr\/how-to-bet-on-horse-racing-online\/what-is-a-quinella-bet\/","twitter_card":"summary_large_image","twitter_misc":{"Estimation du temps de lecture":"4 minutes"},"schema":{"@context":"https:\/\/schema.org","@graph":[{"@type":"WebPage","@id":"https:\/\/casinolion.ca\/how-to-bet-on-horse-racing-online\/what-is-a-quinella-bet\/","url":"https:\/\/casinolion.ca\/how-to-bet-on-horse-racing-online\/what-is-a-quinella-bet\/","name":"Qu'est-ce qu'un pari Quinella ?","isPartOf":{"@id":"https:\/\/casinolion.ca\/fr\/#website"},"datePublished":"2020-12-15T00:22:06+00:00","breadcrumb":{"@id":"https:\/\/casinolion.ca\/how-to-bet-on-horse-racing-online\/what-is-a-quinella-bet\/#breadcrumb"},"inLanguage":"fr-CA","potentialAction":[{"@type":"ReadAction","target":["https:\/\/casinolion.ca\/how-to-bet-on-horse-racing-online\/what-is-a-quinella-bet\/"]}]},{"@type":"BreadcrumbList","@id":"https:\/\/casinolion.ca\/how-to-bet-on-horse-racing-online\/what-is-a-quinella-bet\/#breadcrumb","itemListElement":[{"@type":"ListItem","position":1,"name":"Home","item":"https:\/\/casinolion.ca\/"},{"@type":"ListItem","position":2,"name":"How to Bet On Horse Racing Online","item":"https:\/\/casinolion.ca\/how-to-bet-on-horse-racing-online\/"},{"@type":"ListItem","position":3,"name":"What Is a Quinella Bet?"}]},{"@type":"WebSite","@id":"https:\/\/casinolion.ca\/fr\/#website","url":"https:\/\/casinolion.ca\/fr\/","name":"","description":"","potentialAction":[{"@type":"SearchAction","target":{"@type":"EntryPoint","urlTemplate":"https:\/\/casinolion.ca\/fr\/?s={search_term_string}"},"query-input":{"@type":"PropertyValueSpecification","valueRequired":true,"valueName":"search_term_string"}}],"inLanguage":"fr-CA"}]}},"_links":{"self":[{"href":"https:\/\/casinolion.ca\/fr\/wp-json\/wp\/v2\/pages\/12620","targetHints":{"allow":["GET"]}}],"collection":[{"href":"https:\/\/casinolion.ca\/fr\/wp-json\/wp\/v2\/pages"}],"about":[{"href":"https:\/\/casinolion.ca\/fr\/wp-json\/wp\/v2\/types\/page"}],"author":[{"embeddable":true,"href":"https:\/\/casinolion.ca\/fr\/wp-json\/wp\/v2\/users\/1"}],"replies":[{"embeddable":true,"href":"https:\/\/casinolion.ca\/fr\/wp-json\/wp\/v2\/comments?post=12620"}],"version-history":[{"count":0,"href":"https:\/\/casinolion.ca\/fr\/wp-json\/wp\/v2\/pages\/12620\/revisions"}],"up":[{"embeddable":true,"href":"https:\/\/casinolion.ca\/fr\/wp-json\/wp\/v2\/pages\/12617"}],"wp:attachment":[{"href":"https:\/\/casinolion.ca\/fr\/wp-json\/wp\/v2\/media?parent=12620"}],"curies":[{"name":"wp","href":"https:\/\/api.w.org\/{rel}","templated":true}]}}