
{"id":12621,"date":"2020-12-15T00:23:29","date_gmt":"2020-12-15T00:23:29","guid":{"rendered":"https:\/\/www.canadiancasinos.ca\/?page_id=12621"},"modified":"2020-12-15T00:23:29","modified_gmt":"2020-12-15T00:23:29","slug":"what-is-an-exacta-bet","status":"publish","type":"page","link":"https:\/\/casinolion.ca\/fr\/how-to-bet-on-horse-racing-online\/what-is-an-exacta-bet\/","title":{"rendered":"Qu'est-ce qu'un pari Exacta ?"},"content":{"rendered":"<h2>Qu'est-ce qu'un pari Exacta ? - Comment placer un pari Exacta dans les courses de chevaux ?<\/h2>\n<p>Les paris sur les courses de chevaux procurent aux parieurs des sensations que peu d'autres sports peuvent \u00e9galer. Que vous souhaitiez flirter de temps en temps ou que vous soyez un parieur exp\u00e9riment\u00e9, les courses hippiques vous offriront l'option de pari qui vous convient, et l'un de ces paris est le pari exacta.<\/p>\n<p>Le pari Exacta est l'un des paris exotiques les plus simples dans le domaine des courses de chevaux. Il vous demande de pr\u00e9dire quels sont les deux chevaux qui occuperont les deux positions d'arriv\u00e9e \u00e0 la fin de la course et dans l'ordre correct.<\/p>\n<p>Les paris Exacta sont simples \u00e0 placer, mais ils peuvent \u00eatre tr\u00e8s lucratifs s'ils sont bien faits. Restez avec nous pour que nous d\u00e9crivions les types de paris Exacta, leurs gains et la fa\u00e7on de les placer.<\/p>\n<h2>Qu'est-ce qu'un pari Exacta ?<\/h2>\n<p>Un pari exacta sur les courses de chevaux est \u00e9galement appel\u00e9 pari exactor ou perfecta et constitue l'un des paris exotiques les plus simples que vous puissiez placer. Si vous en avez assez des paris standard, un pari exacta est exactement ce qu'il vous faut. Avec ce type de pari, vous pr\u00e9disez quels sont les deux chevaux qui termineront la course aux deux premi\u00e8res places. Contrairement au pari quinella, o\u00f9 l'ordre d'arriv\u00e9e n'est pas important, vous devez deviner l'ordre d'arriv\u00e9e correct des deux chevaux avec les paris exacta.<\/p>\n<p>Lorsque vous choisissez l'un de ces paris exotiques, il y a toujours plus d'un cheval en jeu. Le co\u00fbt typique d'un pari exacta est de $1 par s\u00e9lection, de sorte que la mise minimale sera de $2, mais cela d\u00e9pend du type de pari exacta.<\/p>\n<p>Le pari exacta peut rapporter des sommes consid\u00e9rables gr\u00e2ce au syst\u00e8me de pari mutuel qui s'applique aux courses de chevaux, et il n'est pas tr\u00e8s co\u00fbteux de placer un tel pari. Par exemple, tous les joueurs qui ont plac\u00e9 un pari exacta de $2 sur la course du Kentucky Derby de cette ann\u00e9e en septembre et qui ont devin\u00e9 correctement que l'Authentic gagnerait la course et que le grand favori Tiz the Law finirait deuxi\u00e8me ont re\u00e7u $41 en retour.<\/p>\n<h2>Types de paris Exacta<\/h2>\n<p>Tout comme son homologue, le pari quinella, le pari exacta se d\u00e9cline sous de nombreuses formes et tailles. Il existe trois principaux types de paris que vous pouvez faire en utilisant ce format de pari.<\/p>\n<h3>Exacta droit<\/h3>\n<p>Comme son nom l'indique, l'exacta straight est un pari que vous placez sur deux chevaux dont vous pensez qu'ils termineront aux deux premi\u00e8res places d'une course et sur l'ordre exact dans lequel vous pensez que les chevaux gagneront et se montreront. Vous ne pouvez gagner le pari que si vous avez raison sur les deux chevaux et leur ordre d'arriv\u00e9e. Par exemple, vous placez un exacta $2 5-6 sur les chevaux #5 et #6. Cela signifie que vous pensez que le cheval num\u00e9ro 5 sera le vainqueur de la course et que le cheval num\u00e9ro 6 arrivera en deuxi\u00e8me position. Ce n'est que dans ce cas que votre pari est r\u00e9ussi. Si un autre r\u00e9sultat de la course est enregistr\u00e9, vous ne gagnerez rien.<\/p>\n<h3>Bo\u00eete Exacta<\/h3>\n<p>Le pari exacta box apporte un peu de nouveaut\u00e9 aux paris exacta. Il vous permet de s\u00e9lectionner plus que les deux chevaux qui, selon vous, termineront premier et deuxi\u00e8me d'une course. Chaque combinaison suppl\u00e9mentaire de chevaux est assortie d'un co\u00fbt de $2. Illustrons ce pari par un exemple.<\/p>\n<p>Si vous souhaitez placer un pari exacta box avec trois chevaux, par exemple les chevaux #4, #5 et #7, vous devrez couvrir toutes les combinaisons possibles pour les positions gagnantes et gagnantes : 4-5, 5-4, 7-4, 4-7, 5-7 et 7-5. Chaque combinaison co\u00fbte $2, ce qui signifie que le montant total de votre mise sera de $12.<\/p>\n<p>Vous pouvez parier sur autant de chevaux que vous le souhaitez, ce qui augmente incontestablement vos chances de r\u00e9ussite. Cependant, plus il y a de chevaux, plus le prix de votre pari augmente de fa\u00e7on exponentielle, et il peut m\u00eame atteindre un point o\u00f9 les gains possibles ne valent tout simplement pas le risque. Cela dit, l'essentiel est de trouver le bon \u00e9quilibre.<\/p>\n<h3>Roue Exacta<\/h3>\n<p>Le pari exacta est un pari dans lequel vous choisissez un cheval dont vous pensez qu'il va certainement gagner la course, de sorte que vous utilisez ce cheval comme d\u00e9nominateur commun dans toutes les autres combinaisons. Supposons que vous pensiez que le cheval #8 est le favori de la course Queen's Plate et que vous souhaitiez ajouter les chevaux #4, #6 et #2 \u00e0 votre pari. Vous placerez alors un pari exacta $2 avec le cheval #8 sur les chevaux #4, #6, #2, ce qui signifie que le pari sera gagnant si le cheval #8 gagne et que l'un des chevaux #4, #6, #2 arrive deuxi\u00e8me. Le prix d'un tel pari n'est que de $8, et le potentiel de gain est important, gr\u00e2ce aux combinaisons multiples.<\/p>\n<h2>Paiements des paris Exacta<\/h2>\n<p>Les gains du pari exacta sont d\u00e9termin\u00e9s par le syst\u00e8me de pari mutuel, ce qui signifie que tous les paris exacta sont mis en commun et que chaque ticket gagnant re\u00e7oit une part de la cagnotte. Par exemple, vous avez plac\u00e9 un pari exacta $2 3-4, et il y avait un total de $10 sur ce pari particulier. Si la valeur totale de la cagnotte de l'exacta est de $1 000, la cote fix\u00e9e pour l'exacta 3-4 est de 100 contre 1, ce qui se traduit par un gain potentiel de $200. N'oubliez pas que les cotes changent au fur et \u00e0 mesure que d'autres personnes placent des paris sur l'exacta. Plus les paris sont nombreux, plus le gain potentiel est important.<\/p>","protected":false},"excerpt":{"rendered":"<p>Qu'est-ce qu'un pari Exacta ? - Comment placer un pari Exacta sur les courses de chevaux Les paris sur les courses de chevaux procurent aux parieurs des sensations que peu d'autres sports peuvent \u00e9galer. Que vous souhaitiez flirter de temps en temps ou que vous soyez un parieur exp\u00e9riment\u00e9, les courses hippiques vous offriront l'option de pari qui vous convient, [...]<\/p>","protected":false},"author":1,"featured_media":0,"parent":12617,"menu_order":0,"comment_status":"closed","ping_status":"closed","template":"","meta":{"_acf_changed":false,"footnotes":""},"class_list":["post-12621","page","type-page","status-publish","hentry"],"acf":[],"yoast_head":"<!-- This site is optimized with the Yoast SEO plugin v26.1.1 - https:\/\/yoast.com\/wordpress\/plugins\/seo\/ -->\n<title>What is an Exacta Bet?<\/title>\n<meta name=\"robots\" content=\"index, follow, max-snippet:-1, max-image-preview:large, max-video-preview:-1\" \/>\n<link rel=\"canonical\" href=\"https:\/\/casinolion.ca\/fr\/how-to-bet-on-horse-racing-online\/what-is-an-exacta-bet\/\" \/>\n<meta property=\"og:locale\" content=\"fr_CA\" \/>\n<meta property=\"og:type\" content=\"article\" \/>\n<meta property=\"og:title\" content=\"What is an Exacta Bet?\" \/>\n<meta property=\"og:description\" content=\"What Is an Exacta Bet? \u2014 How to Place an Exacta Wager in Horse Racing Betting on horse racing gives bettors a thrill that few other sports can match. No matter if you want to have an occasional flutter or you are an experienced punter, horse racing will have the right betting option for you, [&hellip;]\" \/>\n<meta property=\"og:url\" content=\"https:\/\/casinolion.ca\/fr\/how-to-bet-on-horse-racing-online\/what-is-an-exacta-bet\/\" \/>\n<meta name=\"twitter:card\" content=\"summary_large_image\" \/>\n<meta name=\"twitter:label1\" content=\"Estimation du temps de lecture\" \/>\n\t<meta name=\"twitter:data1\" content=\"4 minutes\" \/>\n<script type=\"application\/ld+json\" class=\"yoast-schema-graph\">{\"@context\":\"https:\/\/schema.org\",\"@graph\":[{\"@type\":\"WebPage\",\"@id\":\"https:\/\/casinolion.ca\/how-to-bet-on-horse-racing-online\/what-is-an-exacta-bet\/\",\"url\":\"https:\/\/casinolion.ca\/how-to-bet-on-horse-racing-online\/what-is-an-exacta-bet\/\",\"name\":\"What is an Exacta Bet?\",\"isPartOf\":{\"@id\":\"https:\/\/casinolion.ca\/fr\/#website\"},\"datePublished\":\"2020-12-15T00:23:29+00:00\",\"breadcrumb\":{\"@id\":\"https:\/\/casinolion.ca\/how-to-bet-on-horse-racing-online\/what-is-an-exacta-bet\/#breadcrumb\"},\"inLanguage\":\"fr-CA\",\"potentialAction\":[{\"@type\":\"ReadAction\",\"target\":[\"https:\/\/casinolion.ca\/how-to-bet-on-horse-racing-online\/what-is-an-exacta-bet\/\"]}]},{\"@type\":\"BreadcrumbList\",\"@id\":\"https:\/\/casinolion.ca\/how-to-bet-on-horse-racing-online\/what-is-an-exacta-bet\/#breadcrumb\",\"itemListElement\":[{\"@type\":\"ListItem\",\"position\":1,\"name\":\"Home\",\"item\":\"https:\/\/casinolion.ca\/\"},{\"@type\":\"ListItem\",\"position\":2,\"name\":\"How to Bet On Horse Racing Online\",\"item\":\"https:\/\/casinolion.ca\/how-to-bet-on-horse-racing-online\/\"},{\"@type\":\"ListItem\",\"position\":3,\"name\":\"What is an Exacta Bet?\"}]},{\"@type\":\"WebSite\",\"@id\":\"https:\/\/casinolion.ca\/fr\/#website\",\"url\":\"https:\/\/casinolion.ca\/fr\/\",\"name\":\"\",\"description\":\"\",\"potentialAction\":[{\"@type\":\"SearchAction\",\"target\":{\"@type\":\"EntryPoint\",\"urlTemplate\":\"https:\/\/casinolion.ca\/fr\/?s={search_term_string}\"},\"query-input\":{\"@type\":\"PropertyValueSpecification\",\"valueRequired\":true,\"valueName\":\"search_term_string\"}}],\"inLanguage\":\"fr-CA\"}]}<\/script>\n<!-- \/ Yoast SEO plugin. -->","yoast_head_json":{"title":"Qu'est-ce qu'un pari Exacta ?","robots":{"index":"index","follow":"follow","max-snippet":"max-snippet:-1","max-image-preview":"max-image-preview:large","max-video-preview":"max-video-preview:-1"},"canonical":"https:\/\/casinolion.ca\/fr\/how-to-bet-on-horse-racing-online\/what-is-an-exacta-bet\/","og_locale":"fr_CA","og_type":"article","og_title":"What is an Exacta Bet?","og_description":"What Is an Exacta Bet? \u2014 How to Place an Exacta Wager in Horse Racing Betting on horse racing gives bettors a thrill that few other sports can match. No matter if you want to have an occasional flutter or you are an experienced punter, horse racing will have the right betting option for you, [&hellip;]","og_url":"https:\/\/casinolion.ca\/fr\/how-to-bet-on-horse-racing-online\/what-is-an-exacta-bet\/","twitter_card":"summary_large_image","twitter_misc":{"Estimation du temps de lecture":"4 minutes"},"schema":{"@context":"https:\/\/schema.org","@graph":[{"@type":"WebPage","@id":"https:\/\/casinolion.ca\/how-to-bet-on-horse-racing-online\/what-is-an-exacta-bet\/","url":"https:\/\/casinolion.ca\/how-to-bet-on-horse-racing-online\/what-is-an-exacta-bet\/","name":"Qu'est-ce qu'un pari Exacta ?","isPartOf":{"@id":"https:\/\/casinolion.ca\/fr\/#website"},"datePublished":"2020-12-15T00:23:29+00:00","breadcrumb":{"@id":"https:\/\/casinolion.ca\/how-to-bet-on-horse-racing-online\/what-is-an-exacta-bet\/#breadcrumb"},"inLanguage":"fr-CA","potentialAction":[{"@type":"ReadAction","target":["https:\/\/casinolion.ca\/how-to-bet-on-horse-racing-online\/what-is-an-exacta-bet\/"]}]},{"@type":"BreadcrumbList","@id":"https:\/\/casinolion.ca\/how-to-bet-on-horse-racing-online\/what-is-an-exacta-bet\/#breadcrumb","itemListElement":[{"@type":"ListItem","position":1,"name":"Home","item":"https:\/\/casinolion.ca\/"},{"@type":"ListItem","position":2,"name":"How to Bet On Horse Racing Online","item":"https:\/\/casinolion.ca\/how-to-bet-on-horse-racing-online\/"},{"@type":"ListItem","position":3,"name":"What is an Exacta Bet?"}]},{"@type":"WebSite","@id":"https:\/\/casinolion.ca\/fr\/#website","url":"https:\/\/casinolion.ca\/fr\/","name":"","description":"","potentialAction":[{"@type":"SearchAction","target":{"@type":"EntryPoint","urlTemplate":"https:\/\/casinolion.ca\/fr\/?s={search_term_string}"},"query-input":{"@type":"PropertyValueSpecification","valueRequired":true,"valueName":"search_term_string"}}],"inLanguage":"fr-CA"}]}},"_links":{"self":[{"href":"https:\/\/casinolion.ca\/fr\/wp-json\/wp\/v2\/pages\/12621","targetHints":{"allow":["GET"]}}],"collection":[{"href":"https:\/\/casinolion.ca\/fr\/wp-json\/wp\/v2\/pages"}],"about":[{"href":"https:\/\/casinolion.ca\/fr\/wp-json\/wp\/v2\/types\/page"}],"author":[{"embeddable":true,"href":"https:\/\/casinolion.ca\/fr\/wp-json\/wp\/v2\/users\/1"}],"replies":[{"embeddable":true,"href":"https:\/\/casinolion.ca\/fr\/wp-json\/wp\/v2\/comments?post=12621"}],"version-history":[{"count":0,"href":"https:\/\/casinolion.ca\/fr\/wp-json\/wp\/v2\/pages\/12621\/revisions"}],"up":[{"embeddable":true,"href":"https:\/\/casinolion.ca\/fr\/wp-json\/wp\/v2\/pages\/12617"}],"wp:attachment":[{"href":"https:\/\/casinolion.ca\/fr\/wp-json\/wp\/v2\/media?parent=12621"}],"curies":[{"name":"wp","href":"https:\/\/api.w.org\/{rel}","templated":true}]}}