
{"id":12622,"date":"2020-12-15T00:25:05","date_gmt":"2020-12-15T00:25:05","guid":{"rendered":"https:\/\/www.canadiancasinos.ca\/?page_id=12622"},"modified":"2020-12-15T00:25:05","modified_gmt":"2020-12-15T00:25:05","slug":"what-is-a-superfecta-bet","status":"publish","type":"page","link":"https:\/\/casinolion.ca\/fr\/how-to-bet-on-horse-racing-online\/what-is-a-superfecta-bet\/","title":{"rendered":"Qu'est-ce qu'un pari Superfecta ?"},"content":{"rendered":"<h2>Pari Superfecta dans les courses de chevaux - Comment parier sur une Superfecta ?<\/h2>\n<p>La Superfecta est consid\u00e9r\u00e9e comme un pari \u00e0 haut risque et \u00e0 haut rendement sur les courses de chevaux. Elle a un potentiel de gain fantastique, mais elle est incroyablement difficile \u00e0 pr\u00e9dire.<\/p>\n<p>Dans un pari superfecta, vous devez pr\u00e9dire avec pr\u00e9cision les quatre premiers arrivants d'une course, dans l'ordre exact. En d'autres termes, vous devez choisir les quatre chevaux qui, selon vous, termineront la course aux quatre premi\u00e8res places, mais aussi l'ordre dans lequel ils termineront.<\/p>\n<p>Comme vous pouvez l'imaginer, il est extr\u00eamement difficile de d\u00e9terminer les quatre meilleurs chevaux, et toute pr\u00e9diction de ce type devrait \u00eatre bas\u00e9e presque enti\u00e8rement sur la chance. Le superfecta convient donc davantage aux joueurs amateurs qu'aux professionnels chevronn\u00e9s.<\/p>\n<p>Cet article vous aidera \u00e0 vous familiariser avec les paris superfecta sur les courses de chevaux. Nous vous pr\u00e9senterons les diff\u00e9rents types de paris superfecta et nous vous donnerons quelques exemples illustrant le concept des paris superfecta.<\/p>\n<h2>Qu'est-ce qu'un pari Superfecta ?<\/h2>\n<p>Avec les paris superfecta, vous devez deviner les positions exactes \u00e0 l'arriv\u00e9e des quatre premiers chevaux d'une course. En plus de pr\u00e9dire le vainqueur de la course, vous devez pr\u00e9dire le deuxi\u00e8me, le troisi\u00e8me et le quatri\u00e8me.<\/p>\n<p>Cela semble \u00eatre une t\u00e2che impossible, mais c'est possible. Il suffit de demander \u00e0 l'un des dizaines de parieurs qui ont r\u00e9ussi \u00e0 faire des pronostics de superfecta au fil des ans et qui ont engrang\u00e9 des millions de dollars pour cela.<\/p>\n<p>Par exemple, lors du Kentucky Derby 2005, un parieur superfecta extr\u00eamement chanceux a remport\u00e9 plus de $860 000. Le plus impressionnant ? Il n'a mis\u00e9 qu'un dollar.<\/p>\n<p>C'est pr\u00e9cis\u00e9ment la raison pour laquelle les gens envisagent de faire un tel pari. La mise minimale pour les paris superfecta est de $0,10-1 pour la plupart des hippodromes. Ces limites s'appliquent aussi bien aux paris sportifs en ligne qu'aux paris terrestres.<\/p>\n<p>Pour acheter un ticket superfecta en ligne, il vous suffit de s\u00e9lectionner ce type de pari et de choisir quatre chevaux qui, selon vous, termineront la course respectivement premier, deuxi\u00e8me, troisi\u00e8me et quatri\u00e8me.<\/p>\n<p>Supposons par exemple qu'il y ait dix chevaux participant \u00e0 la course. Si, par exemple, vous avez choisi les chevaux 2, 1, 7, 10 pour terminer la course dans cet ordre particulier, et qu'au lieu de cela ils terminent 2, 1, 10, 7, votre pari \u00e9choue. Mais si vous avez raison et qu'ils arrivent comme vous l'aviez pr\u00e9dit (2, 1, 7, 10), le gain sera \u00e9norme.<\/p>\n<p>Il convient de mentionner que le superfecta n'est pas disponible pour toutes les courses sur tous les hippodromes.<\/p>\n<h2>Bo\u00eete Superfecta<\/h2>\n<p>Supposons que vous souhaitiez augmenter vos chances de gagner avec les paris superfecta. Dans ce cas, vous pouvez <em>bo\u00eete <\/em>vos s\u00e9lections, ce qui couvrirait toutes les combinaisons possibles en ce qui concerne les positions d'arriv\u00e9e des quatre chevaux s\u00e9lectionn\u00e9s. En d'autres termes, vous n'avez pas \u00e0 pr\u00e9dire l'ordre dans lequel les chevaux s\u00e9lectionn\u00e9s termineront la course. Tant que les quatre chevaux choisis terminent \u00e0 l'une des quatre premi\u00e8res places, vous touchez votre salaire. Mais il y a un hic : une bo\u00eete superfecta vous co\u00fbtera plus cher qu'un pari superfecta simple.<\/p>\n<p>Une case superfecta est essentiellement une combinaison de plusieurs paris, et vous devez payer pour chacun d'entre eux. \u00c9tant donn\u00e9 qu'il existe 24 fa\u00e7ons diff\u00e9rentes pour vos chevaux de terminer dans les quatre premi\u00e8res places, une case superfecta $1 co\u00fbtera au parieur $24.<\/p>\n<p>Vous pouvez \u00e9galement ajouter d'autres chevaux au bulletin de paris, mais cela vous co\u00fbtera plus cher. \u00c0 titre indicatif, une bo\u00eete de sept s\u00e9lections couvre 840 combinaisons et co\u00fbte $840.<\/p>\n<h2>Roue Superfecta<\/h2>\n<p>La roue superfecta est utilis\u00e9e lorsque les parieurs sont s\u00fbrs du cheval qui gagnera la course mais ne sont pas s\u00fbrs de l'ordre exact des trois chevaux restants - les positions deux \u00e0 quatre.<\/p>\n<p>Ce pari est plus rentable que la case superfecta car vous n'aurez \u00e0 payer que pour les paris couvrant des combinaisons de trois chevaux.<\/p>\n<p>Supposons que vous ayez choisi le cheval #7 pour gagner la course. Vous pouvez placer le <em>superfecta \u00e0 roue pleine, <\/em>couvrant toutes les combinaisons possibles avec le cheval #7 qui gagne la course. Vous pouvez \u00e9galement placer un <em>roue partielle <\/em>et s\u00e9lectionner trois chevaux qui termineront dans les positions deux \u00e0 quatre (dans n'importe quel ordre) et combiner ces s\u00e9lections avec le cheval #7 qui gagne la course.<\/p>\n<p>Le calcul est simple : plus vous s\u00e9lectionnez de chevaux, plus vous devrez payer votre mise. Une roue \u00e0 quatre s\u00e9lections vous co\u00fbtera $6 puisqu'il y a six combinaisons possibles. En revanche, vous devrez payer $504 pour une roue \u00e0 dix s\u00e9lections.<\/p>\n<h2>Paiement de la Superfecta<\/h2>\n<p>Dans le cas de la superfecta, il n'y a pas de cote. Le gain est d\u00e9termin\u00e9 par le syst\u00e8me de pari mutuel. Le montant que vous pouvez gagner gr\u00e2ce \u00e0 un pari superfecta d\u00e9pend du nombre de tickets gagnants et de la taille de la cagnotte.<\/p>\n<p>Supposons que 10 000 personnes aient toutes plac\u00e9 un pari superfecta de $1 et que la commission du bookmaker soit de $100. Cela signifie que la cagnotte totale pour cette course est de $9 900 - cet argent est partag\u00e9 entre tous les tickets gagnants.<\/p>","protected":false},"excerpt":{"rendered":"<p>Superfecta Bet in Horse Racing \u2014 How to Bet a Superfecta Superfecta is regarded as a high risk, high reward horse racing wager. It has a fantastic payout potential, but it\u2019s incredibly tricky to predict. In a superfecta bet, you\u2019re required to accurately predict the first four finishers in a race, in exact sequence. In [&hellip;]<\/p>","protected":false},"author":1,"featured_media":0,"parent":12617,"menu_order":0,"comment_status":"closed","ping_status":"closed","template":"","meta":{"_acf_changed":false,"footnotes":""},"class_list":["post-12622","page","type-page","status-publish","hentry"],"acf":[],"yoast_head":"<!-- This site is optimized with the Yoast SEO plugin v26.1.1 - https:\/\/yoast.com\/wordpress\/plugins\/seo\/ -->\n<title>What is a Superfecta Bet?<\/title>\n<meta name=\"robots\" content=\"index, follow, max-snippet:-1, max-image-preview:large, max-video-preview:-1\" \/>\n<link rel=\"canonical\" href=\"https:\/\/casinolion.ca\/fr\/how-to-bet-on-horse-racing-online\/what-is-a-superfecta-bet\/\" \/>\n<meta property=\"og:locale\" content=\"fr_CA\" \/>\n<meta property=\"og:type\" content=\"article\" \/>\n<meta property=\"og:title\" content=\"What is a Superfecta Bet?\" \/>\n<meta property=\"og:description\" content=\"Superfecta Bet in Horse Racing \u2014 How to Bet a Superfecta Superfecta is regarded as a high risk, high reward horse racing wager. It has a fantastic payout potential, but it\u2019s incredibly tricky to predict. In a superfecta bet, you\u2019re required to accurately predict the first four finishers in a race, in exact sequence. In [&hellip;]\" \/>\n<meta property=\"og:url\" content=\"https:\/\/casinolion.ca\/fr\/how-to-bet-on-horse-racing-online\/what-is-a-superfecta-bet\/\" \/>\n<meta name=\"twitter:card\" content=\"summary_large_image\" \/>\n<meta name=\"twitter:label1\" content=\"Estimation du temps de lecture\" \/>\n\t<meta name=\"twitter:data1\" content=\"4 minutes\" \/>\n<script type=\"application\/ld+json\" class=\"yoast-schema-graph\">{\"@context\":\"https:\/\/schema.org\",\"@graph\":[{\"@type\":\"WebPage\",\"@id\":\"https:\/\/casinolion.ca\/how-to-bet-on-horse-racing-online\/what-is-a-superfecta-bet\/\",\"url\":\"https:\/\/casinolion.ca\/how-to-bet-on-horse-racing-online\/what-is-a-superfecta-bet\/\",\"name\":\"What is a Superfecta Bet?\",\"isPartOf\":{\"@id\":\"https:\/\/casinolion.ca\/fr\/#website\"},\"datePublished\":\"2020-12-15T00:25:05+00:00\",\"breadcrumb\":{\"@id\":\"https:\/\/casinolion.ca\/how-to-bet-on-horse-racing-online\/what-is-a-superfecta-bet\/#breadcrumb\"},\"inLanguage\":\"fr-CA\",\"potentialAction\":[{\"@type\":\"ReadAction\",\"target\":[\"https:\/\/casinolion.ca\/how-to-bet-on-horse-racing-online\/what-is-a-superfecta-bet\/\"]}]},{\"@type\":\"BreadcrumbList\",\"@id\":\"https:\/\/casinolion.ca\/how-to-bet-on-horse-racing-online\/what-is-a-superfecta-bet\/#breadcrumb\",\"itemListElement\":[{\"@type\":\"ListItem\",\"position\":1,\"name\":\"Home\",\"item\":\"https:\/\/casinolion.ca\/\"},{\"@type\":\"ListItem\",\"position\":2,\"name\":\"How to Bet On Horse Racing Online\",\"item\":\"https:\/\/casinolion.ca\/how-to-bet-on-horse-racing-online\/\"},{\"@type\":\"ListItem\",\"position\":3,\"name\":\"What is a Superfecta Bet?\"}]},{\"@type\":\"WebSite\",\"@id\":\"https:\/\/casinolion.ca\/fr\/#website\",\"url\":\"https:\/\/casinolion.ca\/fr\/\",\"name\":\"\",\"description\":\"\",\"potentialAction\":[{\"@type\":\"SearchAction\",\"target\":{\"@type\":\"EntryPoint\",\"urlTemplate\":\"https:\/\/casinolion.ca\/fr\/?s={search_term_string}\"},\"query-input\":{\"@type\":\"PropertyValueSpecification\",\"valueRequired\":true,\"valueName\":\"search_term_string\"}}],\"inLanguage\":\"fr-CA\"}]}<\/script>\n<!-- \/ Yoast SEO plugin. -->","yoast_head_json":{"title":"Qu'est-ce qu'un pari Superfecta ?","robots":{"index":"index","follow":"follow","max-snippet":"max-snippet:-1","max-image-preview":"max-image-preview:large","max-video-preview":"max-video-preview:-1"},"canonical":"https:\/\/casinolion.ca\/fr\/how-to-bet-on-horse-racing-online\/what-is-a-superfecta-bet\/","og_locale":"fr_CA","og_type":"article","og_title":"What is a Superfecta Bet?","og_description":"Superfecta Bet in Horse Racing \u2014 How to Bet a Superfecta Superfecta is regarded as a high risk, high reward horse racing wager. It has a fantastic payout potential, but it\u2019s incredibly tricky to predict. In a superfecta bet, you\u2019re required to accurately predict the first four finishers in a race, in exact sequence. In [&hellip;]","og_url":"https:\/\/casinolion.ca\/fr\/how-to-bet-on-horse-racing-online\/what-is-a-superfecta-bet\/","twitter_card":"summary_large_image","twitter_misc":{"Estimation du temps de lecture":"4 minutes"},"schema":{"@context":"https:\/\/schema.org","@graph":[{"@type":"WebPage","@id":"https:\/\/casinolion.ca\/how-to-bet-on-horse-racing-online\/what-is-a-superfecta-bet\/","url":"https:\/\/casinolion.ca\/how-to-bet-on-horse-racing-online\/what-is-a-superfecta-bet\/","name":"Qu'est-ce qu'un pari Superfecta ?","isPartOf":{"@id":"https:\/\/casinolion.ca\/fr\/#website"},"datePublished":"2020-12-15T00:25:05+00:00","breadcrumb":{"@id":"https:\/\/casinolion.ca\/how-to-bet-on-horse-racing-online\/what-is-a-superfecta-bet\/#breadcrumb"},"inLanguage":"fr-CA","potentialAction":[{"@type":"ReadAction","target":["https:\/\/casinolion.ca\/how-to-bet-on-horse-racing-online\/what-is-a-superfecta-bet\/"]}]},{"@type":"BreadcrumbList","@id":"https:\/\/casinolion.ca\/how-to-bet-on-horse-racing-online\/what-is-a-superfecta-bet\/#breadcrumb","itemListElement":[{"@type":"ListItem","position":1,"name":"Home","item":"https:\/\/casinolion.ca\/"},{"@type":"ListItem","position":2,"name":"How to Bet On Horse Racing Online","item":"https:\/\/casinolion.ca\/how-to-bet-on-horse-racing-online\/"},{"@type":"ListItem","position":3,"name":"What is a Superfecta Bet?"}]},{"@type":"WebSite","@id":"https:\/\/casinolion.ca\/fr\/#website","url":"https:\/\/casinolion.ca\/fr\/","name":"","description":"","potentialAction":[{"@type":"SearchAction","target":{"@type":"EntryPoint","urlTemplate":"https:\/\/casinolion.ca\/fr\/?s={search_term_string}"},"query-input":{"@type":"PropertyValueSpecification","valueRequired":true,"valueName":"search_term_string"}}],"inLanguage":"fr-CA"}]}},"_links":{"self":[{"href":"https:\/\/casinolion.ca\/fr\/wp-json\/wp\/v2\/pages\/12622","targetHints":{"allow":["GET"]}}],"collection":[{"href":"https:\/\/casinolion.ca\/fr\/wp-json\/wp\/v2\/pages"}],"about":[{"href":"https:\/\/casinolion.ca\/fr\/wp-json\/wp\/v2\/types\/page"}],"author":[{"embeddable":true,"href":"https:\/\/casinolion.ca\/fr\/wp-json\/wp\/v2\/users\/1"}],"replies":[{"embeddable":true,"href":"https:\/\/casinolion.ca\/fr\/wp-json\/wp\/v2\/comments?post=12622"}],"version-history":[{"count":0,"href":"https:\/\/casinolion.ca\/fr\/wp-json\/wp\/v2\/pages\/12622\/revisions"}],"up":[{"embeddable":true,"href":"https:\/\/casinolion.ca\/fr\/wp-json\/wp\/v2\/pages\/12617"}],"wp:attachment":[{"href":"https:\/\/casinolion.ca\/fr\/wp-json\/wp\/v2\/media?parent=12622"}],"curies":[{"name":"wp","href":"https:\/\/api.w.org\/{rel}","templated":true}]}}