
{"id":12623,"date":"2020-12-15T00:27:35","date_gmt":"2020-12-15T00:27:35","guid":{"rendered":"https:\/\/www.canadiancasinos.ca\/?page_id=12623"},"modified":"2020-12-15T00:27:35","modified_gmt":"2020-12-15T00:27:35","slug":"what-is-a-daily-double-bet","status":"publish","type":"page","link":"https:\/\/casinolion.ca\/fr\/how-to-bet-on-horse-racing-online\/what-is-a-daily-double-bet\/","title":{"rendered":"Qu'est-ce qu'un pari double quotidien ?"},"content":{"rendered":"<h2>Qu'est-ce qu'un pari double quotidien ?<\/h2>\n<p>Si le paiement d'un pari simple n'est pas trop excitant pour vous, vous pouvez essayer de passer \u00e0 la vitesse sup\u00e9rieure avec un pari double quotidien. Ce type de pari vous demande de choisir les gagnants de deux courses cons\u00e9cutives qui font partie du programme Daily Double. Les gains de ce type de pari sont beaucoup plus \u00e9lev\u00e9s que ceux des paris normaux sur la victoire, la place et le spectacle.<\/p>\n<p>Compar\u00e9 \u00e0 d'autres paris exotiques sur les courses de chevaux, le double quotidien est beaucoup plus facile \u00e0 comprendre. Toutefois, si vous \u00eates d\u00e9butant, vous aurez besoin de quelqu'un pour vous montrer comment il fonctionne.<\/p>\n<h2>Le double pari quotidien sur les courses de chevaux - les bases<\/h2>\n<p>Le concept d'un pari double quotidien est simple : il vous suffit de pronostiquer les gagnants de deux courses, qui ont g\u00e9n\u00e9ralement lieu cons\u00e9cutivement dans le cadre du programme double quotidien. Cela peut sembler facile en th\u00e9orie, mais il faut beaucoup de talent et de chance pour y parvenir.<\/p>\n<p>Il est d\u00e9j\u00e0 assez difficile de choisir un gagnant unique sans avoir \u00e0 pr\u00e9dire deux gagnants cons\u00e9cutifs. C'est pourquoi le daily double repr\u00e9sente un v\u00e9ritable d\u00e9fi, m\u00eame pour les parieurs les plus comp\u00e9tents.<\/p>\n<p>Cela se refl\u00e8te dans le gain potentiel, qui est beaucoup plus \u00e9lev\u00e9 que pour les paris simples, et c'est le principal attrait des paris doubles quotidiens pour les parieurs sur les courses de chevaux.<\/p>\n<p>Il est important de souligner qu'il n'y a g\u00e9n\u00e9ralement que quelques courses de double quotidiennes au cours de la journ\u00e9e. Pour cette raison, les paris sportifs essaieront d'inclure autant de courses de m\u00eame niveau que possible dans leur programme de doubles quotidiens, ce qui rendra encore plus difficile la pr\u00e9diction du vainqueur.<\/p>\n<p>En outre, les courses pr\u00e9vues pour le programme de double quotidien comportent g\u00e9n\u00e9ralement un nombre particuli\u00e8rement \u00e9lev\u00e9 de chevaux, ce qui, une fois encore, accro\u00eet consid\u00e9rablement la difficult\u00e9 de gagner le pari.<\/p>\n<p>Nous allons maintenant vous montrer comment fonctionne un pari double quotidien \u00e0 l'aide d'un exemple. Supposons que vous ayez choisi un pari double quotidien 4-6 pour un hippodrome sp\u00e9cifique. Pour gagner ce pari, il faut que les chevaux #4 et #6 gagnent respectivement la premi\u00e8re course et la suivante.<\/p>\n<h2>Diff\u00e9rents types de paris doubles quotidiens<\/h2>\n<p>Il existe plusieurs variantes du pari double quotidien. Les diff\u00e9rences entre elles se refl\u00e8tent dans l'ordre des courses, mais le principe de base reste le m\u00eame : vous devez pronostiquer correctement les gagnants de deux courses pour remporter le pari.<\/p>\n<ul>\n<li><strong>Double quotidien pr\u00e9coce : <\/strong>Il s'agit d'un pari sur les deux premi\u00e8res courses de la journ\u00e9e. Il faut que les deux pronostics soient justes pour obtenir un gain. Le co\u00fbt et le gain potentiel sont les m\u00eames que pour les autres types de paris doubles quotidiens.<\/li>\n<li><strong>Double en fin de journ\u00e9e : <\/strong>Avec le late daily double, vous pariez sur les gagnants des deux derni\u00e8res courses du programme daily double. Le co\u00fbt du billet de double quotidien est de $2.<\/li>\n<li><strong>Double sp\u00e9cial quotidien : <\/strong>En de rares occasions, les courses quotidiennes doubles peuvent appartenir \u00e0 deux programmes quotidiens doubles diff\u00e9rents. Et parfois, les courses quotidiennes doubles peuvent se d\u00e9rouler sur plusieurs jours.<\/li>\n<\/ul>\n<h2>Est-il possible de gagner un double quotidien avec une seule jambe correcte ?<\/h2>\n<p>Dans de rares cas, vous pouvez \u00eatre pay\u00e9 m\u00eame si vous ne pronostiquez correctement qu'une seule manche du pari double quotidien. Cela se produit lorsque personne ne parvient \u00e0 pronostiquer les deux manches de la course quotidienne double sur laquelle vous avez pari\u00e9. Comme il n'y a pas de cagnotte pour la combinaison gagnante, l'hippodrome doit payer quelque chose aux parieurs pour leur investissement.<\/p>\n<p>Par exemple, supposons que vous ayez choisi les chevaux #4 et #6 pour gagner la premi\u00e8re et la deuxi\u00e8me course. Le cheval #4 gagne la premi\u00e8re course, mais la deuxi\u00e8me course est remport\u00e9e par le cheval #7, qui \u00e9tait un grand outsider et sur lequel personne n'a pari\u00e9 pour gagner la deuxi\u00e8me course. Dans ce cas, l'hippodrome (ou le bookmaker en ligne) paiera ceux qui ont pr\u00e9dit que #4 gagnerait la premi\u00e8re course, quels que soient leurs choix pour la deuxi\u00e8me course.<\/p>\n<h2>Double paiement quotidien<\/h2>\n<p>La somme d'argent que vous pouvez gagner gr\u00e2ce \u00e0 un pari double quotidien est d\u00e9termin\u00e9e par le syst\u00e8me du pari mutuel, dans lequel les cotes de paiement d\u00e9pendent de la mani\u00e8re dont les parieurs ont plac\u00e9 leurs mises. En th\u00e9orie, parier sur deux favoris peut donc vous rapporter le m\u00eame b\u00e9n\u00e9fice que de parier sur deux outsiders.<\/p>\n<p>Les gains du pari mutuel sont calcul\u00e9s en fonction du nombre total de gagnants, du nombre total de billets vendus dans la cagnotte et du pourcentage que l'hippodrome (ou le paris sportif) pr\u00e9l\u00e8ve sur la cagnotte. Moins il y a de paris gagnants, plus les gains sont importants, et vice versa.<\/p>","protected":false},"excerpt":{"rendered":"<p>What Is a Daily Double Bet? If the payout for a single win bet is not too exciting for you, then you should try taking it up a notch with a daily double. This type of wager requires you to pick the winners of two consecutive races that are part of the Daily Double program. [&hellip;]<\/p>","protected":false},"author":1,"featured_media":0,"parent":12617,"menu_order":0,"comment_status":"closed","ping_status":"closed","template":"","meta":{"_acf_changed":false,"footnotes":""},"class_list":["post-12623","page","type-page","status-publish","hentry"],"acf":[],"yoast_head":"<!-- This site is optimized with the Yoast SEO plugin v26.1.1 - https:\/\/yoast.com\/wordpress\/plugins\/seo\/ -->\n<title>What Is a Daily Double Bet?<\/title>\n<meta name=\"robots\" content=\"index, follow, max-snippet:-1, max-image-preview:large, max-video-preview:-1\" \/>\n<link rel=\"canonical\" href=\"https:\/\/casinolion.ca\/fr\/how-to-bet-on-horse-racing-online\/what-is-a-daily-double-bet\/\" \/>\n<meta property=\"og:locale\" content=\"fr_CA\" \/>\n<meta property=\"og:type\" content=\"article\" \/>\n<meta property=\"og:title\" content=\"What Is a Daily Double Bet?\" \/>\n<meta property=\"og:description\" content=\"What Is a Daily Double Bet? If the payout for a single win bet is not too exciting for you, then you should try taking it up a notch with a daily double. This type of wager requires you to pick the winners of two consecutive races that are part of the Daily Double program. [&hellip;]\" \/>\n<meta property=\"og:url\" content=\"https:\/\/casinolion.ca\/fr\/how-to-bet-on-horse-racing-online\/what-is-a-daily-double-bet\/\" \/>\n<meta name=\"twitter:card\" content=\"summary_large_image\" \/>\n<meta name=\"twitter:label1\" content=\"Estimation du temps de lecture\" \/>\n\t<meta name=\"twitter:data1\" content=\"4 minutes\" \/>\n<script type=\"application\/ld+json\" class=\"yoast-schema-graph\">{\"@context\":\"https:\/\/schema.org\",\"@graph\":[{\"@type\":\"WebPage\",\"@id\":\"https:\/\/casinolion.ca\/how-to-bet-on-horse-racing-online\/what-is-a-daily-double-bet\/\",\"url\":\"https:\/\/casinolion.ca\/how-to-bet-on-horse-racing-online\/what-is-a-daily-double-bet\/\",\"name\":\"What Is a Daily Double Bet?\",\"isPartOf\":{\"@id\":\"https:\/\/casinolion.ca\/fr\/#website\"},\"datePublished\":\"2020-12-15T00:27:35+00:00\",\"breadcrumb\":{\"@id\":\"https:\/\/casinolion.ca\/how-to-bet-on-horse-racing-online\/what-is-a-daily-double-bet\/#breadcrumb\"},\"inLanguage\":\"fr-CA\",\"potentialAction\":[{\"@type\":\"ReadAction\",\"target\":[\"https:\/\/casinolion.ca\/how-to-bet-on-horse-racing-online\/what-is-a-daily-double-bet\/\"]}]},{\"@type\":\"BreadcrumbList\",\"@id\":\"https:\/\/casinolion.ca\/how-to-bet-on-horse-racing-online\/what-is-a-daily-double-bet\/#breadcrumb\",\"itemListElement\":[{\"@type\":\"ListItem\",\"position\":1,\"name\":\"Home\",\"item\":\"https:\/\/casinolion.ca\/\"},{\"@type\":\"ListItem\",\"position\":2,\"name\":\"How to Bet On Horse Racing Online\",\"item\":\"https:\/\/casinolion.ca\/how-to-bet-on-horse-racing-online\/\"},{\"@type\":\"ListItem\",\"position\":3,\"name\":\"What Is a Daily Double Bet?\"}]},{\"@type\":\"WebSite\",\"@id\":\"https:\/\/casinolion.ca\/fr\/#website\",\"url\":\"https:\/\/casinolion.ca\/fr\/\",\"name\":\"\",\"description\":\"\",\"potentialAction\":[{\"@type\":\"SearchAction\",\"target\":{\"@type\":\"EntryPoint\",\"urlTemplate\":\"https:\/\/casinolion.ca\/fr\/?s={search_term_string}\"},\"query-input\":{\"@type\":\"PropertyValueSpecification\",\"valueRequired\":true,\"valueName\":\"search_term_string\"}}],\"inLanguage\":\"fr-CA\"}]}<\/script>\n<!-- \/ Yoast SEO plugin. -->","yoast_head_json":{"title":"Qu'est-ce qu'un pari double quotidien ?","robots":{"index":"index","follow":"follow","max-snippet":"max-snippet:-1","max-image-preview":"max-image-preview:large","max-video-preview":"max-video-preview:-1"},"canonical":"https:\/\/casinolion.ca\/fr\/how-to-bet-on-horse-racing-online\/what-is-a-daily-double-bet\/","og_locale":"fr_CA","og_type":"article","og_title":"What Is a Daily Double Bet?","og_description":"What Is a Daily Double Bet? If the payout for a single win bet is not too exciting for you, then you should try taking it up a notch with a daily double. This type of wager requires you to pick the winners of two consecutive races that are part of the Daily Double program. [&hellip;]","og_url":"https:\/\/casinolion.ca\/fr\/how-to-bet-on-horse-racing-online\/what-is-a-daily-double-bet\/","twitter_card":"summary_large_image","twitter_misc":{"Estimation du temps de lecture":"4 minutes"},"schema":{"@context":"https:\/\/schema.org","@graph":[{"@type":"WebPage","@id":"https:\/\/casinolion.ca\/how-to-bet-on-horse-racing-online\/what-is-a-daily-double-bet\/","url":"https:\/\/casinolion.ca\/how-to-bet-on-horse-racing-online\/what-is-a-daily-double-bet\/","name":"Qu'est-ce qu'un pari double quotidien ?","isPartOf":{"@id":"https:\/\/casinolion.ca\/fr\/#website"},"datePublished":"2020-12-15T00:27:35+00:00","breadcrumb":{"@id":"https:\/\/casinolion.ca\/how-to-bet-on-horse-racing-online\/what-is-a-daily-double-bet\/#breadcrumb"},"inLanguage":"fr-CA","potentialAction":[{"@type":"ReadAction","target":["https:\/\/casinolion.ca\/how-to-bet-on-horse-racing-online\/what-is-a-daily-double-bet\/"]}]},{"@type":"BreadcrumbList","@id":"https:\/\/casinolion.ca\/how-to-bet-on-horse-racing-online\/what-is-a-daily-double-bet\/#breadcrumb","itemListElement":[{"@type":"ListItem","position":1,"name":"Home","item":"https:\/\/casinolion.ca\/"},{"@type":"ListItem","position":2,"name":"How to Bet On Horse Racing Online","item":"https:\/\/casinolion.ca\/how-to-bet-on-horse-racing-online\/"},{"@type":"ListItem","position":3,"name":"What Is a Daily Double Bet?"}]},{"@type":"WebSite","@id":"https:\/\/casinolion.ca\/fr\/#website","url":"https:\/\/casinolion.ca\/fr\/","name":"","description":"","potentialAction":[{"@type":"SearchAction","target":{"@type":"EntryPoint","urlTemplate":"https:\/\/casinolion.ca\/fr\/?s={search_term_string}"},"query-input":{"@type":"PropertyValueSpecification","valueRequired":true,"valueName":"search_term_string"}}],"inLanguage":"fr-CA"}]}},"_links":{"self":[{"href":"https:\/\/casinolion.ca\/fr\/wp-json\/wp\/v2\/pages\/12623","targetHints":{"allow":["GET"]}}],"collection":[{"href":"https:\/\/casinolion.ca\/fr\/wp-json\/wp\/v2\/pages"}],"about":[{"href":"https:\/\/casinolion.ca\/fr\/wp-json\/wp\/v2\/types\/page"}],"author":[{"embeddable":true,"href":"https:\/\/casinolion.ca\/fr\/wp-json\/wp\/v2\/users\/1"}],"replies":[{"embeddable":true,"href":"https:\/\/casinolion.ca\/fr\/wp-json\/wp\/v2\/comments?post=12623"}],"version-history":[{"count":0,"href":"https:\/\/casinolion.ca\/fr\/wp-json\/wp\/v2\/pages\/12623\/revisions"}],"up":[{"embeddable":true,"href":"https:\/\/casinolion.ca\/fr\/wp-json\/wp\/v2\/pages\/12617"}],"wp:attachment":[{"href":"https:\/\/casinolion.ca\/fr\/wp-json\/wp\/v2\/media?parent=12623"}],"curies":[{"name":"wp","href":"https:\/\/api.w.org\/{rel}","templated":true}]}}